{"id":4845,"date":"2018-08-24T12:03:27","date_gmt":"2018-08-24T08:03:27","guid":{"rendered":"http:\/\/www.editorialjuventud.es\/moby-dick\/"},"modified":"2024-02-01T13:26:16","modified_gmt":"2024-02-01T12:26:16","slug":"moby-dick-9788426105127","status":"publish","type":"product","link":"https:\/\/www.editorialjuventud.es\/ca\/moby-dick-9788426105127\/","title":{"rendered":"Moby Dick"},"content":{"rendered":"<p>Es la obra maestra de Herman Melville y una de las m\u00e1s representativas de la literatura americana. Se public\u00f3 en Nueva York en 1851, cuando el autor contaba treinta y dos a\u00f1os. Hoy se han impreso innumerables ediciones y traducciones.<br \/>\nEl capit\u00e1n Ahab, del ballenero Pequod, solo tiene como objetivo vengarse de Moby Dick. En su locura tiene el poder de arrastrar a los dem\u00e1s en su desesperada b\u00fasqueda de la ballena blanca como encarnaci\u00f3n monoman\u00edaca de todas las potencias mal\u00e9ficas.<br \/>\nMoby Dick (1851) es m\u00e1s que una novela de aventuras, que una enciclopedia de los cet\u00e1ceos y un compendio de las tradiciones y leyendas balleneras, es la historia de un viaje a regiones inexploradas del esp\u00edritu. Escrito con un maravilloso humor redentivo, es tambi\u00e9n una obra de alto valor moral y de profunda inspiraci\u00f3n religiosa, y una cr\u00edtica de la Am\u00e9rica del momento, una advertencia de los peligros del poder sin responsabilidad.<\/p>\n","protected":false},"excerpt":{"rendered":"Es la obra maestra de Herman Melville y una de las m\u00e1s representativas de la literatura americana. Se public\u00f3 en Nueva York en 1851, cuando el autor contaba treinta y dos a\u00f1os. Hoy se han impreso innumerables ediciones y traducciones. [&hellip;]","protected":false},"featured_media":6530,"template":"","meta":{"_acf_changed":false,"_exactmetrics_skip_tracking":false,"_exactmetrics_sitenote_active":false,"_exactmetrics_sitenote_note":"","_exactmetrics_sitenote_category":0},"product_brand":[],"product_cat":[905,892,1115,1118],"product_tag":[],"coleccion":[916,1007,938,1085],"class_list":{"0":"post-4845","1":"product","2":"type-product","3":"status-publish","4":"has-post-thumbnail","6":"product_cat-adulto","7":"product_cat-edades","8":"product_cat-generos","9":"product_cat-literatura-clasica","10":"coleccion-castellano","11":"coleccion-coleccion-z","12":"coleccion-libros-de-bolsillo","13":"coleccion-novela","15":"first","16":"instock","17":"taxable","18":"shipping-taxable","19":"purchasable","20":"product-type-simple"},"acf":{"autores-libros":[16501],"traductores-libros":[17658]},"yoast_head":"<!-- This site is optimized with the Yoast SEO plugin v27.3 - https:\/\/yoast.com\/product\/yoast-seo-wordpress\/ -->\n<title>Moby Dick - Editorial Juventud<\/title>\n<meta name=\"description\" content=\"Es la obra maestra de Herman Melville y una de las m\u00e1s representativas de la literatura americana. Se public\u00f3 en Nueva York en 1851, cuando el autor\" \/>\n<meta name=\"robots\" content=\"index, follow, max-snippet:-1, max-image-preview:large, max-video-preview:-1\" \/>\n<link rel=\"canonical\" href=\"https:\/\/www.editorialjuventud.es\/moby-dick-9788426105127\/\" \/>\n<meta property=\"og:locale\" content=\"ca_ES\" \/>\n<meta property=\"og:type\" content=\"article\" \/>\n<meta property=\"og:title\" content=\"Moby Dick - Editorial Juventud\" \/>\n<meta property=\"og:description\" content=\"Es la obra maestra de Herman Melville y una de las m\u00e1s representativas de la literatura americana. Se public\u00f3 en Nueva York en 1851, cuando el autor\" \/>\n<meta property=\"og:url\" content=\"https:\/\/www.editorialjuventud.es\/moby-dick-9788426105127\/\" \/>\n<meta property=\"og:site_name\" content=\"Editorial Juventud\" \/>\n<meta property=\"article:modified_time\" content=\"2024-02-01T12:26:16+00:00\" \/>\n<meta property=\"og:image\" content=\"https:\/\/www.editorialjuventud.es\/wp-content\/uploads\/0512.jpg\" \/>\n\t<meta property=\"og:image:width\" content=\"292\" \/>\n\t<meta property=\"og:image:height\" content=\"450\" \/>\n\t<meta property=\"og:image:type\" content=\"image\/jpeg\" \/>\n<meta name=\"twitter:card\" content=\"summary_large_image\" \/>\n<meta name=\"twitter:label1\" content=\"Temps estimat de lectura\" \/>\n\t<meta name=\"twitter:data1\" content=\"1 minut\" \/>\n<script type=\"application\/ld+json\" class=\"yoast-schema-graph\">{\"@context\":\"https:\\\/\\\/schema.org\",\"@graph\":[{\"@type\":\"WebPage\",\"@id\":\"https:\\\/\\\/www.editorialjuventud.es\\\/moby-dick-9788426105127\\\/\",\"url\":\"https:\\\/\\\/www.editorialjuventud.es\\\/moby-dick-9788426105127\\\/\",\"name\":\"Moby Dick - Editorial Juventud\",\"isPartOf\":{\"@id\":\"https:\\\/\\\/www.editorialjuventud.es\\\/#website\"},\"primaryImageOfPage\":{\"@id\":\"https:\\\/\\\/www.editorialjuventud.es\\\/moby-dick-9788426105127\\\/#primaryimage\"},\"image\":{\"@id\":\"https:\\\/\\\/www.editorialjuventud.es\\\/moby-dick-9788426105127\\\/#primaryimage\"},\"thumbnailUrl\":\"https:\\\/\\\/www.editorialjuventud.es\\\/wp-content\\\/uploads\\\/0512.jpg\",\"datePublished\":\"2018-08-24T08:03:27+00:00\",\"dateModified\":\"2024-02-01T12:26:16+00:00\",\"description\":\"Es la obra maestra de Herman Melville y una de las m\u00e1s representativas de la literatura americana. Se public\u00f3 en Nueva York en 1851, cuando el autor\",\"breadcrumb\":{\"@id\":\"https:\\\/\\\/www.editorialjuventud.es\\\/moby-dick-9788426105127\\\/#breadcrumb\"},\"inLanguage\":\"ca\",\"potentialAction\":[{\"@type\":\"ReadAction\",\"target\":[\"https:\\\/\\\/www.editorialjuventud.es\\\/moby-dick-9788426105127\\\/\"]}]},{\"@type\":\"ImageObject\",\"inLanguage\":\"ca\",\"@id\":\"https:\\\/\\\/www.editorialjuventud.es\\\/moby-dick-9788426105127\\\/#primaryimage\",\"url\":\"https:\\\/\\\/www.editorialjuventud.es\\\/wp-content\\\/uploads\\\/0512.jpg\",\"contentUrl\":\"https:\\\/\\\/www.editorialjuventud.es\\\/wp-content\\\/uploads\\\/0512.jpg\",\"width\":292,\"height\":450,\"caption\":\"0512.jpg\"},{\"@type\":\"BreadcrumbList\",\"@id\":\"https:\\\/\\\/www.editorialjuventud.es\\\/moby-dick-9788426105127\\\/#breadcrumb\",\"itemListElement\":[{\"@type\":\"ListItem\",\"position\":1,\"name\":\"Portada\",\"item\":\"https:\\\/\\\/www.editorialjuventud.es\\\/\"},{\"@type\":\"ListItem\",\"position\":2,\"name\":\"cat\u00e1logo\",\"item\":\"https:\\\/\\\/www.editorialjuventud.es\\\/coleccion\\\/catalogo\\\/\"},{\"@type\":\"ListItem\",\"position\":3,\"name\":\"castellano\",\"item\":\"https:\\\/\\\/www.editorialjuventud.es\\\/coleccion\\\/castellano\\\/\"},{\"@type\":\"ListItem\",\"position\":4,\"name\":\"Libros de Bolsillo\",\"item\":\"https:\\\/\\\/www.editorialjuventud.es\\\/coleccion\\\/libros-de-bolsillo\\\/\"},{\"@type\":\"ListItem\",\"position\":5,\"name\":\"Colecci\u00f3n Z\",\"item\":\"https:\\\/\\\/www.editorialjuventud.es\\\/coleccion\\\/coleccion-z\\\/\"},{\"@type\":\"ListItem\",\"position\":6,\"name\":\"Novela\",\"item\":\"https:\\\/\\\/www.editorialjuventud.es\\\/coleccion\\\/novela\\\/\"},{\"@type\":\"ListItem\",\"position\":7,\"name\":\"Moby Dick\"}]},{\"@type\":\"WebSite\",\"@id\":\"https:\\\/\\\/www.editorialjuventud.es\\\/#website\",\"url\":\"https:\\\/\\\/www.editorialjuventud.es\\\/\",\"name\":\"Editorial Juventud\",\"description\":\"\",\"potentialAction\":[{\"@type\":\"SearchAction\",\"target\":{\"@type\":\"EntryPoint\",\"urlTemplate\":\"https:\\\/\\\/www.editorialjuventud.es\\\/?s={search_term_string}\"},\"query-input\":{\"@type\":\"PropertyValueSpecification\",\"valueRequired\":true,\"valueName\":\"search_term_string\"}}],\"inLanguage\":\"ca\"}]}<\/script>\n<!-- \/ Yoast SEO plugin. -->","yoast_head_json":{"title":"Moby Dick - Editorial Juventud","description":"Es la obra maestra de Herman Melville y una de las m\u00e1s representativas de la literatura americana. Se public\u00f3 en Nueva York en 1851, cuando el autor","robots":{"index":"index","follow":"follow","max-snippet":"max-snippet:-1","max-image-preview":"max-image-preview:large","max-video-preview":"max-video-preview:-1"},"canonical":"https:\/\/www.editorialjuventud.es\/moby-dick-9788426105127\/","og_locale":"ca_ES","og_type":"article","og_title":"Moby Dick - Editorial Juventud","og_description":"Es la obra maestra de Herman Melville y una de las m\u00e1s representativas de la literatura americana. Se public\u00f3 en Nueva York en 1851, cuando el autor","og_url":"https:\/\/www.editorialjuventud.es\/moby-dick-9788426105127\/","og_site_name":"Editorial Juventud","article_modified_time":"2024-02-01T12:26:16+00:00","og_image":[{"width":292,"height":450,"url":"https:\/\/www.editorialjuventud.es\/wp-content\/uploads\/0512.jpg","type":"image\/jpeg"}],"twitter_card":"summary_large_image","twitter_misc":{"Temps estimat de lectura":"1 minut"},"schema":{"@context":"https:\/\/schema.org","@graph":[{"@type":"WebPage","@id":"https:\/\/www.editorialjuventud.es\/moby-dick-9788426105127\/","url":"https:\/\/www.editorialjuventud.es\/moby-dick-9788426105127\/","name":"Moby Dick - Editorial Juventud","isPartOf":{"@id":"https:\/\/www.editorialjuventud.es\/#website"},"primaryImageOfPage":{"@id":"https:\/\/www.editorialjuventud.es\/moby-dick-9788426105127\/#primaryimage"},"image":{"@id":"https:\/\/www.editorialjuventud.es\/moby-dick-9788426105127\/#primaryimage"},"thumbnailUrl":"https:\/\/www.editorialjuventud.es\/wp-content\/uploads\/0512.jpg","datePublished":"2018-08-24T08:03:27+00:00","dateModified":"2024-02-01T12:26:16+00:00","description":"Es la obra maestra de Herman Melville y una de las m\u00e1s representativas de la literatura americana. Se public\u00f3 en Nueva York en 1851, cuando el autor","breadcrumb":{"@id":"https:\/\/www.editorialjuventud.es\/moby-dick-9788426105127\/#breadcrumb"},"inLanguage":"ca","potentialAction":[{"@type":"ReadAction","target":["https:\/\/www.editorialjuventud.es\/moby-dick-9788426105127\/"]}]},{"@type":"ImageObject","inLanguage":"ca","@id":"https:\/\/www.editorialjuventud.es\/moby-dick-9788426105127\/#primaryimage","url":"https:\/\/www.editorialjuventud.es\/wp-content\/uploads\/0512.jpg","contentUrl":"https:\/\/www.editorialjuventud.es\/wp-content\/uploads\/0512.jpg","width":292,"height":450,"caption":"0512.jpg"},{"@type":"BreadcrumbList","@id":"https:\/\/www.editorialjuventud.es\/moby-dick-9788426105127\/#breadcrumb","itemListElement":[{"@type":"ListItem","position":1,"name":"Portada","item":"https:\/\/www.editorialjuventud.es\/"},{"@type":"ListItem","position":2,"name":"cat\u00e1logo","item":"https:\/\/www.editorialjuventud.es\/coleccion\/catalogo\/"},{"@type":"ListItem","position":3,"name":"castellano","item":"https:\/\/www.editorialjuventud.es\/coleccion\/castellano\/"},{"@type":"ListItem","position":4,"name":"Libros de Bolsillo","item":"https:\/\/www.editorialjuventud.es\/coleccion\/libros-de-bolsillo\/"},{"@type":"ListItem","position":5,"name":"Colecci\u00f3n Z","item":"https:\/\/www.editorialjuventud.es\/coleccion\/coleccion-z\/"},{"@type":"ListItem","position":6,"name":"Novela","item":"https:\/\/www.editorialjuventud.es\/coleccion\/novela\/"},{"@type":"ListItem","position":7,"name":"Moby Dick"}]},{"@type":"WebSite","@id":"https:\/\/www.editorialjuventud.es\/#website","url":"https:\/\/www.editorialjuventud.es\/","name":"Editorial Juventud","description":"","potentialAction":[{"@type":"SearchAction","target":{"@type":"EntryPoint","urlTemplate":"https:\/\/www.editorialjuventud.es\/?s={search_term_string}"},"query-input":{"@type":"PropertyValueSpecification","valueRequired":true,"valueName":"search_term_string"}}],"inLanguage":"ca"}]}},"_links":{"self":[{"href":"https:\/\/www.editorialjuventud.es\/ca\/wp-json\/wp\/v2\/product\/4845","targetHints":{"allow":["GET"]}}],"collection":[{"href":"https:\/\/www.editorialjuventud.es\/ca\/wp-json\/wp\/v2\/product"}],"about":[{"href":"https:\/\/www.editorialjuventud.es\/ca\/wp-json\/wp\/v2\/types\/product"}],"wp:featuredmedia":[{"embeddable":true,"href":"https:\/\/www.editorialjuventud.es\/ca\/wp-json\/wp\/v2\/media\/6530"}],"wp:attachment":[{"href":"https:\/\/www.editorialjuventud.es\/ca\/wp-json\/wp\/v2\/media?parent=4845"}],"wp:term":[{"taxonomy":"product_brand","embeddable":true,"href":"https:\/\/www.editorialjuventud.es\/ca\/wp-json\/wp\/v2\/product_brand?post=4845"},{"taxonomy":"product_cat","embeddable":true,"href":"https:\/\/www.editorialjuventud.es\/ca\/wp-json\/wp\/v2\/product_cat?post=4845"},{"taxonomy":"product_tag","embeddable":true,"href":"https:\/\/www.editorialjuventud.es\/ca\/wp-json\/wp\/v2\/product_tag?post=4845"},{"taxonomy":"coleccion","embeddable":true,"href":"https:\/\/www.editorialjuventud.es\/ca\/wp-json\/wp\/v2\/coleccion?post=4845"}],"curies":[{"name":"wp","href":"https:\/\/api.w.org\/{rel}","templated":true}]}}