{"id":4843,"date":"2018-08-24T12:03:19","date_gmt":"2018-08-24T08:03:19","guid":{"rendered":"http:\/\/www.editorialjuventud.es\/guerra-y-paz\/"},"modified":"2024-07-30T10:05:38","modified_gmt":"2024-07-30T08:05:38","slug":"guerra-y-paz-9788426105080","status":"publish","type":"product","link":"https:\/\/www.editorialjuventud.es\/ca\/guerra-y-paz-9788426105080\/","title":{"rendered":"Guerra y paz"},"content":{"rendered":"<p>Guerra y Paz es una obra maestra de la literatura que escribi\u00f3 Tolstoi en el curso de cinco a\u00f1os desde 1865 a 1869. Sobre el fondo de grandes acontecimientos hist\u00f3ricos desde el principio del siglo XIX, la campa\u00f1a de los rusos en Prusia con la famosa batalla de Austerlitz, la campa\u00f1a de los ej\u00e9rcitos franceses en Rusia con la batalla de Borod\u00edn y el incendio de Mosc\u00fa, se entrelazan las vicisitudes de dos familias nobles rusas, los Bolkonska y los Rostov, entre cuyos miembros se halla como c\u00edrculo de conexi\u00f3n la figura del conde Pedro Bezeschov, en torno al cual se estrechan los numerosos y complicados hilos que parten de las cr\u00f3nicas familiares. El personaje de Pedro refleja la presencia viva de Tolstoi en esta monumental novela. Es dif\u00edcil igualar la profundidad y grandeza de este relato que discurre en los salones de San Petersburgo y en las c\u00e1rceles de Mosc\u00fa, en majestuosos palacios y en los campos de batalla. Tiene la fuerza de un gran poema, pero tambi\u00e9n tiene el ritmo avasallador de la historia y la hondura de las m\u00e1s penetrantes meditaciones sobre el misterio del hombre y su destino.<\/p>\n","protected":false},"excerpt":{"rendered":"Guerra y Paz es una obra maestra de la literatura que escribi\u00f3 Tolstoi en el curso de cinco a\u00f1os desde 1865 a 1869. Sobre el fondo de grandes acontecimientos hist\u00f3ricos desde el principio del siglo XIX, la campa\u00f1a de los [&hellip;]","protected":false},"featured_media":15211,"template":"","meta":{"_acf_changed":false,"_exactmetrics_skip_tracking":false,"_exactmetrics_sitenote_active":false,"_exactmetrics_sitenote_note":"","_exactmetrics_sitenote_category":0},"product_brand":[],"product_cat":[905,892,1115,1118],"product_tag":[],"coleccion":[916,1007,938,1085],"class_list":{"0":"post-4843","1":"product","2":"type-product","3":"status-publish","4":"has-post-thumbnail","6":"product_cat-adulto","7":"product_cat-edades","8":"product_cat-generos","9":"product_cat-literatura-clasica","10":"coleccion-castellano","11":"coleccion-coleccion-z","12":"coleccion-libros-de-bolsillo","13":"coleccion-novela","15":"first","16":"instock","17":"taxable","18":"shipping-taxable","19":"purchasable","20":"product-type-simple"},"acf":{"autor":"Tolstoi, Leon","codart":"0508-4","ediciones":"6","encuadernacion":"Bolsillo","fecha_de_publicacion":"29\/09\/1989","novedad":"0","paginas":"512","subtitulo":"","texto_web_adicional":"","texto_web_novedad":"","orden":"999","portada":"0","texto_web_resaltado":"","indice":"","autores-libros":[16646],"ilustradores-libros":"","traductores-libros":[57952],"fecha_de_reimpresion":"","descripcion_corta":"","recomendamos":"","mas_vendido":"","idioma-libro":"","color":false,"formato":"","mas_informacion_del_producto":false,"premios":false,"deshabilitar_compra":["deshabilitar"],"texto_enlace_cubierta":"","enlace_cubierta":false,"texto_enlace_ficha_tecnica":"","enlace_ficha_tecnica":false,"ficheros":false,"titulo-fr":"","texto-fr":""},"yoast_head":"<!-- This site is optimized with the Yoast SEO plugin v27.5 - https:\/\/yoast.com\/product\/yoast-seo-wordpress\/ -->\n<title>Guerra y paz - Editorial Juventud<\/title>\n<meta name=\"description\" content=\"Guerra y Paz es una obra maestra de la literatura que escribi\u00f3 Tolstoi en el curso de cinco a\u00f1os desde 1865 a 1869. Sobre el fondo de grandes\" \/>\n<meta name=\"robots\" content=\"index, follow, max-snippet:-1, max-image-preview:large, max-video-preview:-1\" \/>\n<link rel=\"canonical\" href=\"https:\/\/www.editorialjuventud.es\/guerra-y-paz-9788426105080\/\" \/>\n<meta property=\"og:locale\" content=\"ca_ES\" \/>\n<meta property=\"og:type\" content=\"article\" \/>\n<meta property=\"og:title\" content=\"Guerra y paz - Editorial Juventud\" \/>\n<meta property=\"og:description\" content=\"Guerra y Paz es una obra maestra de la literatura que escribi\u00f3 Tolstoi en el curso de cinco a\u00f1os desde 1865 a 1869. Sobre el fondo de grandes\" \/>\n<meta property=\"og:url\" content=\"https:\/\/www.editorialjuventud.es\/guerra-y-paz-9788426105080\/\" \/>\n<meta property=\"og:site_name\" content=\"Editorial Juventud\" \/>\n<meta property=\"article:modified_time\" content=\"2024-07-30T08:05:38+00:00\" \/>\n<meta property=\"og:image\" content=\"https:\/\/www.editorialjuventud.es\/wp-content\/uploads\/9788426105080.gif\" \/>\n\t<meta property=\"og:image:width\" content=\"306\" \/>\n\t<meta property=\"og:image:height\" content=\"450\" \/>\n\t<meta property=\"og:image:type\" content=\"image\/gif\" \/>\n<meta name=\"twitter:card\" content=\"summary_large_image\" \/>\n<meta name=\"twitter:label1\" content=\"Temps estimat de lectura\" \/>\n\t<meta name=\"twitter:data1\" content=\"2 minuts\" \/>\n<script type=\"application\/ld+json\" class=\"yoast-schema-graph\">{\"@context\":\"https:\\\/\\\/schema.org\",\"@graph\":[{\"@type\":\"WebPage\",\"@id\":\"https:\\\/\\\/www.editorialjuventud.es\\\/guerra-y-paz-9788426105080\\\/\",\"url\":\"https:\\\/\\\/www.editorialjuventud.es\\\/guerra-y-paz-9788426105080\\\/\",\"name\":\"Guerra y paz - Editorial Juventud\",\"isPartOf\":{\"@id\":\"https:\\\/\\\/www.editorialjuventud.es\\\/#website\"},\"primaryImageOfPage\":{\"@id\":\"https:\\\/\\\/www.editorialjuventud.es\\\/guerra-y-paz-9788426105080\\\/#primaryimage\"},\"image\":{\"@id\":\"https:\\\/\\\/www.editorialjuventud.es\\\/guerra-y-paz-9788426105080\\\/#primaryimage\"},\"thumbnailUrl\":\"https:\\\/\\\/www.editorialjuventud.es\\\/wp-content\\\/uploads\\\/9788426105080.gif\",\"datePublished\":\"2018-08-24T08:03:19+00:00\",\"dateModified\":\"2024-07-30T08:05:38+00:00\",\"description\":\"Guerra y Paz es una obra maestra de la literatura que escribi\u00f3 Tolstoi en el curso de cinco a\u00f1os desde 1865 a 1869. Sobre el fondo de grandes\",\"breadcrumb\":{\"@id\":\"https:\\\/\\\/www.editorialjuventud.es\\\/guerra-y-paz-9788426105080\\\/#breadcrumb\"},\"inLanguage\":\"ca\",\"potentialAction\":[{\"@type\":\"ReadAction\",\"target\":[\"https:\\\/\\\/www.editorialjuventud.es\\\/guerra-y-paz-9788426105080\\\/\"]}]},{\"@type\":\"ImageObject\",\"inLanguage\":\"ca\",\"@id\":\"https:\\\/\\\/www.editorialjuventud.es\\\/guerra-y-paz-9788426105080\\\/#primaryimage\",\"url\":\"https:\\\/\\\/www.editorialjuventud.es\\\/wp-content\\\/uploads\\\/9788426105080.gif\",\"contentUrl\":\"https:\\\/\\\/www.editorialjuventud.es\\\/wp-content\\\/uploads\\\/9788426105080.gif\",\"width\":306,\"height\":450,\"caption\":\"9788426105080.gif\"},{\"@type\":\"BreadcrumbList\",\"@id\":\"https:\\\/\\\/www.editorialjuventud.es\\\/guerra-y-paz-9788426105080\\\/#breadcrumb\",\"itemListElement\":[{\"@type\":\"ListItem\",\"position\":1,\"name\":\"Portada\",\"item\":\"https:\\\/\\\/www.editorialjuventud.es\\\/\"},{\"@type\":\"ListItem\",\"position\":2,\"name\":\"cat\u00e1logo\",\"item\":\"https:\\\/\\\/www.editorialjuventud.es\\\/coleccion\\\/catalogo\\\/\"},{\"@type\":\"ListItem\",\"position\":3,\"name\":\"castellano\",\"item\":\"https:\\\/\\\/www.editorialjuventud.es\\\/coleccion\\\/castellano\\\/\"},{\"@type\":\"ListItem\",\"position\":4,\"name\":\"Libros de Bolsillo\",\"item\":\"https:\\\/\\\/www.editorialjuventud.es\\\/coleccion\\\/libros-de-bolsillo\\\/\"},{\"@type\":\"ListItem\",\"position\":5,\"name\":\"Colecci\u00f3n Z\",\"item\":\"https:\\\/\\\/www.editorialjuventud.es\\\/coleccion\\\/coleccion-z\\\/\"},{\"@type\":\"ListItem\",\"position\":6,\"name\":\"Novela\",\"item\":\"https:\\\/\\\/www.editorialjuventud.es\\\/coleccion\\\/novela\\\/\"},{\"@type\":\"ListItem\",\"position\":7,\"name\":\"Guerra y paz\"}]},{\"@type\":\"WebSite\",\"@id\":\"https:\\\/\\\/www.editorialjuventud.es\\\/#website\",\"url\":\"https:\\\/\\\/www.editorialjuventud.es\\\/\",\"name\":\"Editorial Juventud\",\"description\":\"\",\"potentialAction\":[{\"@type\":\"SearchAction\",\"target\":{\"@type\":\"EntryPoint\",\"urlTemplate\":\"https:\\\/\\\/www.editorialjuventud.es\\\/?s={search_term_string}\"},\"query-input\":{\"@type\":\"PropertyValueSpecification\",\"valueRequired\":true,\"valueName\":\"search_term_string\"}}],\"inLanguage\":\"ca\"}]}<\/script>\n<!-- \/ Yoast SEO plugin. -->","yoast_head_json":{"title":"Guerra y paz - Editorial Juventud","description":"Guerra y Paz es una obra maestra de la literatura que escribi\u00f3 Tolstoi en el curso de cinco a\u00f1os desde 1865 a 1869. Sobre el fondo de grandes","robots":{"index":"index","follow":"follow","max-snippet":"max-snippet:-1","max-image-preview":"max-image-preview:large","max-video-preview":"max-video-preview:-1"},"canonical":"https:\/\/www.editorialjuventud.es\/guerra-y-paz-9788426105080\/","og_locale":"ca_ES","og_type":"article","og_title":"Guerra y paz - Editorial Juventud","og_description":"Guerra y Paz es una obra maestra de la literatura que escribi\u00f3 Tolstoi en el curso de cinco a\u00f1os desde 1865 a 1869. Sobre el fondo de grandes","og_url":"https:\/\/www.editorialjuventud.es\/guerra-y-paz-9788426105080\/","og_site_name":"Editorial Juventud","article_modified_time":"2024-07-30T08:05:38+00:00","og_image":[{"width":306,"height":450,"url":"https:\/\/www.editorialjuventud.es\/wp-content\/uploads\/9788426105080.gif","type":"image\/gif"}],"twitter_card":"summary_large_image","twitter_misc":{"Temps estimat de lectura":"2 minuts"},"schema":{"@context":"https:\/\/schema.org","@graph":[{"@type":"WebPage","@id":"https:\/\/www.editorialjuventud.es\/guerra-y-paz-9788426105080\/","url":"https:\/\/www.editorialjuventud.es\/guerra-y-paz-9788426105080\/","name":"Guerra y paz - Editorial Juventud","isPartOf":{"@id":"https:\/\/www.editorialjuventud.es\/#website"},"primaryImageOfPage":{"@id":"https:\/\/www.editorialjuventud.es\/guerra-y-paz-9788426105080\/#primaryimage"},"image":{"@id":"https:\/\/www.editorialjuventud.es\/guerra-y-paz-9788426105080\/#primaryimage"},"thumbnailUrl":"https:\/\/www.editorialjuventud.es\/wp-content\/uploads\/9788426105080.gif","datePublished":"2018-08-24T08:03:19+00:00","dateModified":"2024-07-30T08:05:38+00:00","description":"Guerra y Paz es una obra maestra de la literatura que escribi\u00f3 Tolstoi en el curso de cinco a\u00f1os desde 1865 a 1869. Sobre el fondo de grandes","breadcrumb":{"@id":"https:\/\/www.editorialjuventud.es\/guerra-y-paz-9788426105080\/#breadcrumb"},"inLanguage":"ca","potentialAction":[{"@type":"ReadAction","target":["https:\/\/www.editorialjuventud.es\/guerra-y-paz-9788426105080\/"]}]},{"@type":"ImageObject","inLanguage":"ca","@id":"https:\/\/www.editorialjuventud.es\/guerra-y-paz-9788426105080\/#primaryimage","url":"https:\/\/www.editorialjuventud.es\/wp-content\/uploads\/9788426105080.gif","contentUrl":"https:\/\/www.editorialjuventud.es\/wp-content\/uploads\/9788426105080.gif","width":306,"height":450,"caption":"9788426105080.gif"},{"@type":"BreadcrumbList","@id":"https:\/\/www.editorialjuventud.es\/guerra-y-paz-9788426105080\/#breadcrumb","itemListElement":[{"@type":"ListItem","position":1,"name":"Portada","item":"https:\/\/www.editorialjuventud.es\/"},{"@type":"ListItem","position":2,"name":"cat\u00e1logo","item":"https:\/\/www.editorialjuventud.es\/coleccion\/catalogo\/"},{"@type":"ListItem","position":3,"name":"castellano","item":"https:\/\/www.editorialjuventud.es\/coleccion\/castellano\/"},{"@type":"ListItem","position":4,"name":"Libros de Bolsillo","item":"https:\/\/www.editorialjuventud.es\/coleccion\/libros-de-bolsillo\/"},{"@type":"ListItem","position":5,"name":"Colecci\u00f3n Z","item":"https:\/\/www.editorialjuventud.es\/coleccion\/coleccion-z\/"},{"@type":"ListItem","position":6,"name":"Novela","item":"https:\/\/www.editorialjuventud.es\/coleccion\/novela\/"},{"@type":"ListItem","position":7,"name":"Guerra y paz"}]},{"@type":"WebSite","@id":"https:\/\/www.editorialjuventud.es\/#website","url":"https:\/\/www.editorialjuventud.es\/","name":"Editorial Juventud","description":"","potentialAction":[{"@type":"SearchAction","target":{"@type":"EntryPoint","urlTemplate":"https:\/\/www.editorialjuventud.es\/?s={search_term_string}"},"query-input":{"@type":"PropertyValueSpecification","valueRequired":true,"valueName":"search_term_string"}}],"inLanguage":"ca"}]}},"_links":{"self":[{"href":"https:\/\/www.editorialjuventud.es\/ca\/wp-json\/wp\/v2\/product\/4843","targetHints":{"allow":["GET"]}}],"collection":[{"href":"https:\/\/www.editorialjuventud.es\/ca\/wp-json\/wp\/v2\/product"}],"about":[{"href":"https:\/\/www.editorialjuventud.es\/ca\/wp-json\/wp\/v2\/types\/product"}],"wp:featuredmedia":[{"embeddable":true,"href":"https:\/\/www.editorialjuventud.es\/ca\/wp-json\/wp\/v2\/media\/15211"}],"wp:attachment":[{"href":"https:\/\/www.editorialjuventud.es\/ca\/wp-json\/wp\/v2\/media?parent=4843"}],"wp:term":[{"taxonomy":"product_brand","embeddable":true,"href":"https:\/\/www.editorialjuventud.es\/ca\/wp-json\/wp\/v2\/product_brand?post=4843"},{"taxonomy":"product_cat","embeddable":true,"href":"https:\/\/www.editorialjuventud.es\/ca\/wp-json\/wp\/v2\/product_cat?post=4843"},{"taxonomy":"product_tag","embeddable":true,"href":"https:\/\/www.editorialjuventud.es\/ca\/wp-json\/wp\/v2\/product_tag?post=4843"},{"taxonomy":"coleccion","embeddable":true,"href":"https:\/\/www.editorialjuventud.es\/ca\/wp-json\/wp\/v2\/coleccion?post=4843"}],"curies":[{"name":"wp","href":"https:\/\/api.w.org\/{rel}","templated":true}]}}