{"id":4839,"date":"2018-08-24T10:03:02","date_gmt":"2018-08-24T08:03:02","guid":{"rendered":"http:\/\/www.editorialjuventud.es\/el-asunto-tornasol\/"},"modified":"2025-09-16T10:10:26","modified_gmt":"2025-09-16T08:10:26","slug":"el-asunto-tornasol-9788426103819","status":"publish","type":"product","link":"https:\/\/www.editorialjuventud.es\/ca\/el-asunto-tornasol-9788426103819\/","title":{"rendered":"El asunto Tornasol"},"content":{"rendered":"<p>Esta es una obra maestra del c\u00f3mic. Preferimos no explicar aqu\u00ed la trama de la historia, para que el que la lea por primera vez, pueda disfrutarla totalmente. Desde el principio, los sucesos se encadenan a un ritmo trepidante: se oye una explosi\u00f3n, estalla una tormenta, objetos que se rompen, se corta la luz y Seraf\u00edn Lat\u00f3n llega por primera vez a la serie. En toda la historia no habr\u00e1 pr\u00e1cticamente ning\u00fan tiempo muerto. Para la creaci\u00f3n de los decorados, Herg\u00e9 quiso ser lo m\u00e1s preciso posible. La historia, que transcurre en su mayor parte en Suiza refleja la guerra fr\u00eda que pasaba momentos muy tensos entre los dos bloques, representados en la rivalidad entre Borduria y Syldavia. El Asunto Tornasol fue publicado en 1956.<\/p>\n","protected":false},"excerpt":{"rendered":"Esta es una obra maestra del c\u00f3mic. Preferimos no explicar aqu\u00ed la trama de la historia, para que el que la lea por primera vez, pueda disfrutarla totalmente. Desde el principio, los sucesos se encadenan a un ritmo trepidante: se [&hellip;]","protected":false},"featured_media":15203,"template":"","meta":{"_acf_changed":false,"_exactmetrics_skip_tracking":false,"_exactmetrics_sitenote_active":false,"_exactmetrics_sitenote_note":"","_exactmetrics_sitenote_category":0},"product_brand":[],"product_cat":[902,1142,1127,892],"product_tag":[],"coleccion":[1008,939],"class_list":{"0":"post-4839","1":"product","2":"type-product","3":"status-publish","4":"has-post-thumbnail","6":"product_cat-a-partir-de-7-anos","7":"product_cat-aventura","8":"product_cat-comic","9":"product_cat-edades","10":"coleccion-las-aventuras-de-tintin","11":"coleccion-libros-de-tintin","13":"first","14":"instock","15":"taxable","16":"shipping-taxable","17":"purchasable","18":"product-type-simple"},"acf":{"autor":"HERGE-TINTIN CARTONE III","codart":"0381-2","ediciones":"29","encuadernacion":"Carton\u00e9","fecha_de_publicacion":"05\/10\/1989","novedad":"0","paginas":"64","subtitulo":"","texto_web_adicional":"","texto_web_novedad":"","orden":"999","portada":"0","texto_web_resaltado":"","indice":"","autores-libros":[16407],"ilustradores-libros":[16407],"traductores-libros":"","fecha_de_reimpresion":"01\/06\/2021","descripcion_corta":"","recomendamos":"","mas_vendido":"","idioma-libro":"","color":false,"formato":"","mas_informacion_del_producto":false,"premios":false,"deshabilitar_compra":[],"texto_enlace_cubierta":"","enlace_cubierta":false,"texto_enlace_ficha_tecnica":"","enlace_ficha_tecnica":false,"ficheros":false,"titulo-fr":"","texto-fr":""},"yoast_head":"<!-- This site is optimized with the Yoast SEO plugin v27.5 - https:\/\/yoast.com\/product\/yoast-seo-wordpress\/ -->\n<title>El asunto Tornasol - Editorial Juventud<\/title>\n<meta name=\"description\" content=\"Esta es una obra maestra del c\u00f3mic. Preferimos no explicar aqu\u00ed la trama de la historia, para que el que la lea por primera vez, pueda disfrutarla\" \/>\n<meta name=\"robots\" content=\"index, follow, max-snippet:-1, max-image-preview:large, max-video-preview:-1\" \/>\n<link rel=\"canonical\" href=\"https:\/\/www.editorialjuventud.es\/el-asunto-tornasol-9788426103819\/\" \/>\n<meta property=\"og:locale\" content=\"ca_ES\" \/>\n<meta property=\"og:type\" content=\"article\" \/>\n<meta property=\"og:title\" content=\"El asunto Tornasol - Editorial Juventud\" \/>\n<meta property=\"og:description\" content=\"Esta es una obra maestra del c\u00f3mic. Preferimos no explicar aqu\u00ed la trama de la historia, para que el que la lea por primera vez, pueda disfrutarla\" \/>\n<meta property=\"og:url\" content=\"https:\/\/www.editorialjuventud.es\/el-asunto-tornasol-9788426103819\/\" \/>\n<meta property=\"og:site_name\" content=\"Editorial Juventud\" \/>\n<meta property=\"article:modified_time\" content=\"2025-09-16T08:10:26+00:00\" \/>\n<meta property=\"og:image\" content=\"https:\/\/www.editorialjuventud.es\/wp-content\/uploads\/9788426103819.jpg\" \/>\n\t<meta property=\"og:image:width\" content=\"317\" \/>\n\t<meta property=\"og:image:height\" content=\"450\" \/>\n\t<meta property=\"og:image:type\" content=\"image\/jpeg\" \/>\n<meta name=\"twitter:card\" content=\"summary_large_image\" \/>\n<meta name=\"twitter:label1\" content=\"Temps estimat de lectura\" \/>\n\t<meta name=\"twitter:data1\" content=\"1 minut\" \/>\n<script type=\"application\/ld+json\" class=\"yoast-schema-graph\">{\"@context\":\"https:\\\/\\\/schema.org\",\"@graph\":[{\"@type\":\"WebPage\",\"@id\":\"https:\\\/\\\/www.editorialjuventud.es\\\/el-asunto-tornasol-9788426103819\\\/\",\"url\":\"https:\\\/\\\/www.editorialjuventud.es\\\/el-asunto-tornasol-9788426103819\\\/\",\"name\":\"El asunto Tornasol - Editorial Juventud\",\"isPartOf\":{\"@id\":\"https:\\\/\\\/www.editorialjuventud.es\\\/#website\"},\"primaryImageOfPage\":{\"@id\":\"https:\\\/\\\/www.editorialjuventud.es\\\/el-asunto-tornasol-9788426103819\\\/#primaryimage\"},\"image\":{\"@id\":\"https:\\\/\\\/www.editorialjuventud.es\\\/el-asunto-tornasol-9788426103819\\\/#primaryimage\"},\"thumbnailUrl\":\"https:\\\/\\\/www.editorialjuventud.es\\\/wp-content\\\/uploads\\\/9788426103819.jpg\",\"datePublished\":\"2018-08-24T08:03:02+00:00\",\"dateModified\":\"2025-09-16T08:10:26+00:00\",\"description\":\"Esta es una obra maestra del c\u00f3mic. Preferimos no explicar aqu\u00ed la trama de la historia, para que el que la lea por primera vez, pueda disfrutarla\",\"breadcrumb\":{\"@id\":\"https:\\\/\\\/www.editorialjuventud.es\\\/el-asunto-tornasol-9788426103819\\\/#breadcrumb\"},\"inLanguage\":\"ca\",\"potentialAction\":[{\"@type\":\"ReadAction\",\"target\":[\"https:\\\/\\\/www.editorialjuventud.es\\\/el-asunto-tornasol-9788426103819\\\/\"]}]},{\"@type\":\"ImageObject\",\"inLanguage\":\"ca\",\"@id\":\"https:\\\/\\\/www.editorialjuventud.es\\\/el-asunto-tornasol-9788426103819\\\/#primaryimage\",\"url\":\"https:\\\/\\\/www.editorialjuventud.es\\\/wp-content\\\/uploads\\\/9788426103819.jpg\",\"contentUrl\":\"https:\\\/\\\/www.editorialjuventud.es\\\/wp-content\\\/uploads\\\/9788426103819.jpg\",\"width\":317,\"height\":450,\"caption\":\"9788426103819.jpg\"},{\"@type\":\"BreadcrumbList\",\"@id\":\"https:\\\/\\\/www.editorialjuventud.es\\\/el-asunto-tornasol-9788426103819\\\/#breadcrumb\",\"itemListElement\":[{\"@type\":\"ListItem\",\"position\":1,\"name\":\"Portada\",\"item\":\"https:\\\/\\\/www.editorialjuventud.es\\\/\"},{\"@type\":\"ListItem\",\"position\":2,\"name\":\"cat\u00e1logo\",\"item\":\"https:\\\/\\\/www.editorialjuventud.es\\\/coleccion\\\/catalogo\\\/\"},{\"@type\":\"ListItem\",\"position\":3,\"name\":\"castellano\",\"item\":\"https:\\\/\\\/www.editorialjuventud.es\\\/coleccion\\\/castellano\\\/\"},{\"@type\":\"ListItem\",\"position\":4,\"name\":\"Libros de Tint\u00edn\",\"item\":\"https:\\\/\\\/www.editorialjuventud.es\\\/coleccion\\\/libros-de-tintin\\\/\"},{\"@type\":\"ListItem\",\"position\":5,\"name\":\"Las Aventuras de Tint\u00edn\",\"item\":\"https:\\\/\\\/www.editorialjuventud.es\\\/coleccion\\\/las-aventuras-de-tintin\\\/\"},{\"@type\":\"ListItem\",\"position\":6,\"name\":\"El asunto Tornasol\"}]},{\"@type\":\"WebSite\",\"@id\":\"https:\\\/\\\/www.editorialjuventud.es\\\/#website\",\"url\":\"https:\\\/\\\/www.editorialjuventud.es\\\/\",\"name\":\"Editorial Juventud\",\"description\":\"\",\"potentialAction\":[{\"@type\":\"SearchAction\",\"target\":{\"@type\":\"EntryPoint\",\"urlTemplate\":\"https:\\\/\\\/www.editorialjuventud.es\\\/?s={search_term_string}\"},\"query-input\":{\"@type\":\"PropertyValueSpecification\",\"valueRequired\":true,\"valueName\":\"search_term_string\"}}],\"inLanguage\":\"ca\"}]}<\/script>\n<!-- \/ Yoast SEO plugin. -->","yoast_head_json":{"title":"El asunto Tornasol - Editorial Juventud","description":"Esta es una obra maestra del c\u00f3mic. Preferimos no explicar aqu\u00ed la trama de la historia, para que el que la lea por primera vez, pueda disfrutarla","robots":{"index":"index","follow":"follow","max-snippet":"max-snippet:-1","max-image-preview":"max-image-preview:large","max-video-preview":"max-video-preview:-1"},"canonical":"https:\/\/www.editorialjuventud.es\/el-asunto-tornasol-9788426103819\/","og_locale":"ca_ES","og_type":"article","og_title":"El asunto Tornasol - Editorial Juventud","og_description":"Esta es una obra maestra del c\u00f3mic. Preferimos no explicar aqu\u00ed la trama de la historia, para que el que la lea por primera vez, pueda disfrutarla","og_url":"https:\/\/www.editorialjuventud.es\/el-asunto-tornasol-9788426103819\/","og_site_name":"Editorial Juventud","article_modified_time":"2025-09-16T08:10:26+00:00","og_image":[{"width":317,"height":450,"url":"https:\/\/www.editorialjuventud.es\/wp-content\/uploads\/9788426103819.jpg","type":"image\/jpeg"}],"twitter_card":"summary_large_image","twitter_misc":{"Temps estimat de lectura":"1 minut"},"schema":{"@context":"https:\/\/schema.org","@graph":[{"@type":"WebPage","@id":"https:\/\/www.editorialjuventud.es\/el-asunto-tornasol-9788426103819\/","url":"https:\/\/www.editorialjuventud.es\/el-asunto-tornasol-9788426103819\/","name":"El asunto Tornasol - Editorial Juventud","isPartOf":{"@id":"https:\/\/www.editorialjuventud.es\/#website"},"primaryImageOfPage":{"@id":"https:\/\/www.editorialjuventud.es\/el-asunto-tornasol-9788426103819\/#primaryimage"},"image":{"@id":"https:\/\/www.editorialjuventud.es\/el-asunto-tornasol-9788426103819\/#primaryimage"},"thumbnailUrl":"https:\/\/www.editorialjuventud.es\/wp-content\/uploads\/9788426103819.jpg","datePublished":"2018-08-24T08:03:02+00:00","dateModified":"2025-09-16T08:10:26+00:00","description":"Esta es una obra maestra del c\u00f3mic. Preferimos no explicar aqu\u00ed la trama de la historia, para que el que la lea por primera vez, pueda disfrutarla","breadcrumb":{"@id":"https:\/\/www.editorialjuventud.es\/el-asunto-tornasol-9788426103819\/#breadcrumb"},"inLanguage":"ca","potentialAction":[{"@type":"ReadAction","target":["https:\/\/www.editorialjuventud.es\/el-asunto-tornasol-9788426103819\/"]}]},{"@type":"ImageObject","inLanguage":"ca","@id":"https:\/\/www.editorialjuventud.es\/el-asunto-tornasol-9788426103819\/#primaryimage","url":"https:\/\/www.editorialjuventud.es\/wp-content\/uploads\/9788426103819.jpg","contentUrl":"https:\/\/www.editorialjuventud.es\/wp-content\/uploads\/9788426103819.jpg","width":317,"height":450,"caption":"9788426103819.jpg"},{"@type":"BreadcrumbList","@id":"https:\/\/www.editorialjuventud.es\/el-asunto-tornasol-9788426103819\/#breadcrumb","itemListElement":[{"@type":"ListItem","position":1,"name":"Portada","item":"https:\/\/www.editorialjuventud.es\/"},{"@type":"ListItem","position":2,"name":"cat\u00e1logo","item":"https:\/\/www.editorialjuventud.es\/coleccion\/catalogo\/"},{"@type":"ListItem","position":3,"name":"castellano","item":"https:\/\/www.editorialjuventud.es\/coleccion\/castellano\/"},{"@type":"ListItem","position":4,"name":"Libros de Tint\u00edn","item":"https:\/\/www.editorialjuventud.es\/coleccion\/libros-de-tintin\/"},{"@type":"ListItem","position":5,"name":"Las Aventuras de Tint\u00edn","item":"https:\/\/www.editorialjuventud.es\/coleccion\/las-aventuras-de-tintin\/"},{"@type":"ListItem","position":6,"name":"El asunto Tornasol"}]},{"@type":"WebSite","@id":"https:\/\/www.editorialjuventud.es\/#website","url":"https:\/\/www.editorialjuventud.es\/","name":"Editorial Juventud","description":"","potentialAction":[{"@type":"SearchAction","target":{"@type":"EntryPoint","urlTemplate":"https:\/\/www.editorialjuventud.es\/?s={search_term_string}"},"query-input":{"@type":"PropertyValueSpecification","valueRequired":true,"valueName":"search_term_string"}}],"inLanguage":"ca"}]}},"_links":{"self":[{"href":"https:\/\/www.editorialjuventud.es\/ca\/wp-json\/wp\/v2\/product\/4839","targetHints":{"allow":["GET"]}}],"collection":[{"href":"https:\/\/www.editorialjuventud.es\/ca\/wp-json\/wp\/v2\/product"}],"about":[{"href":"https:\/\/www.editorialjuventud.es\/ca\/wp-json\/wp\/v2\/types\/product"}],"wp:featuredmedia":[{"embeddable":true,"href":"https:\/\/www.editorialjuventud.es\/ca\/wp-json\/wp\/v2\/media\/15203"}],"wp:attachment":[{"href":"https:\/\/www.editorialjuventud.es\/ca\/wp-json\/wp\/v2\/media?parent=4839"}],"wp:term":[{"taxonomy":"product_brand","embeddable":true,"href":"https:\/\/www.editorialjuventud.es\/ca\/wp-json\/wp\/v2\/product_brand?post=4839"},{"taxonomy":"product_cat","embeddable":true,"href":"https:\/\/www.editorialjuventud.es\/ca\/wp-json\/wp\/v2\/product_cat?post=4839"},{"taxonomy":"product_tag","embeddable":true,"href":"https:\/\/www.editorialjuventud.es\/ca\/wp-json\/wp\/v2\/product_tag?post=4839"},{"taxonomy":"coleccion","embeddable":true,"href":"https:\/\/www.editorialjuventud.es\/ca\/wp-json\/wp\/v2\/coleccion?post=4839"}],"curies":[{"name":"wp","href":"https:\/\/api.w.org\/{rel}","templated":true}]}}