{"id":4831,"date":"2018-08-24T10:02:29","date_gmt":"2018-08-24T08:02:29","guid":{"rendered":"http:\/\/www.editorialjuventud.es\/figuras-y-leyendas-mitologicas\/"},"modified":"2026-01-08T12:04:59","modified_gmt":"2026-01-08T11:04:59","slug":"figuras-y-leyendas-mitologicas-9788426103413","status":"publish","type":"product","link":"https:\/\/www.editorialjuventud.es\/ca\/figuras-y-leyendas-mitologicas-9788426103413\/","title":{"rendered":"Figuras y leyendas mitol\u00f3gicas"},"content":{"rendered":"<p>Las leyendas mitol\u00f3gicas han sido interpretadas y difundidas por poetas y escritores desde los tiempos de Hes\u00edodo y Homero.  Las historias y leyendas de la antig\u00fcedad m\u00e1s remota poseen un atractivo maravilloso. Pintores, escultores, poetas, literatos y m\u00fasicos han hallado en ellas inspiraci\u00f3n en todos los tiempos y en todos los pa\u00edses. A ellas aluden con frecuencia, hasta el punto que la mayor parte de estas alusiones han acabado por pasar a la sabidur\u00eda popular, en la narraci\u00f3n corriente y hasta en la conversaci\u00f3n natural. Estas alusiones son perfectamente comprendidas y apreciadas, pero algunas veces se usan sin conocer su origen. La presentaci\u00f3n de nuestro libro Figuras y leyendas mitol\u00f3gicas no tiene otra finalidad que llenar esta laguna. Emilio Genest, a trav\u00e9s de una exposici\u00f3n documentada y brillante, nos presenta los episodios m\u00e1s caracter\u00edsticos y los personajes m\u00e1s conocidos de la mitolog\u00eda, en un libro singular y seductor.<\/p>\n","protected":false},"excerpt":{"rendered":"Las leyendas mitol\u00f3gicas han sido interpretadas y difundidas por poetas y escritores desde los tiempos de Hes\u00edodo y Homero. Las historias y leyendas de la antig\u00fcedad m\u00e1s remota poseen un atractivo maravilloso. Pintores, escultores, poetas, literatos y m\u00fasicos han hallado [&hellip;]","protected":false},"featured_media":6524,"template":"","meta":{"_acf_changed":false,"_exactmetrics_skip_tracking":false,"_exactmetrics_sitenote_active":false,"_exactmetrics_sitenote_note":"","_exactmetrics_sitenote_category":0},"product_brand":[],"product_cat":[905,892,1115,1117],"product_tag":[],"coleccion":[916,932],"class_list":{"0":"post-4831","1":"product","2":"type-product","3":"status-publish","4":"has-post-thumbnail","6":"product_cat-adulto","7":"product_cat-edades","8":"product_cat-generos","9":"product_cat-no-ficcion-adulto","10":"coleccion-castellano","11":"coleccion-diccionarios-y-libros-de-consulta","13":"first","14":"instock","15":"taxable","16":"shipping-taxable","17":"purchasable","18":"product-type-simple"},"acf":{"autor":"GENEST, EMILI","codart":"0341-3","ediciones":"1","encuadernacion":"R\u00fastica","fecha_de_publicacion":"01\/01\/1989","novedad":"0","paginas":"256","subtitulo":"","texto_web_adicional":"","texto_web_novedad":"","orden":"999","portada":"0","texto_web_resaltado":"","indice":"","autores-libros":[16366],"ilustradores-libros":[18004],"traductores-libros":"","descripcion_corta":"","recomendamos":"","mas_vendido":"","idioma-libro":"","fecha_de_reimpresion":"","color":false,"formato":"","mas_informacion_del_producto":false,"premios":false,"deshabilitar_compra":[],"texto_enlace_cubierta":"","enlace_cubierta":false,"texto_enlace_ficha_tecnica":"","enlace_ficha_tecnica":false,"ficheros":false,"titulo-fr":"","texto-fr":""},"yoast_head":"<!-- This site is optimized with the Yoast SEO plugin v27.5 - https:\/\/yoast.com\/product\/yoast-seo-wordpress\/ -->\n<title>Figuras y leyendas mitol\u00f3gicas - Editorial Juventud<\/title>\n<meta name=\"description\" content=\"Las leyendas mitol\u00f3gicas han sido interpretadas y difundidas por poetas y escritores desde los tiempos de Hes\u00edodo y Homero. Las historias y leyendas de la\" \/>\n<meta name=\"robots\" content=\"index, follow, max-snippet:-1, max-image-preview:large, max-video-preview:-1\" \/>\n<link rel=\"canonical\" href=\"https:\/\/www.editorialjuventud.es\/figuras-y-leyendas-mitologicas-9788426103413\/\" \/>\n<meta property=\"og:locale\" content=\"ca_ES\" \/>\n<meta property=\"og:type\" content=\"article\" \/>\n<meta property=\"og:title\" content=\"Figuras y leyendas mitol\u00f3gicas - Editorial Juventud\" \/>\n<meta property=\"og:description\" content=\"Las leyendas mitol\u00f3gicas han sido interpretadas y difundidas por poetas y escritores desde los tiempos de Hes\u00edodo y Homero. Las historias y leyendas de la\" \/>\n<meta property=\"og:url\" content=\"https:\/\/www.editorialjuventud.es\/figuras-y-leyendas-mitologicas-9788426103413\/\" \/>\n<meta property=\"og:site_name\" content=\"Editorial Juventud\" \/>\n<meta property=\"article:modified_time\" content=\"2026-01-08T11:04:59+00:00\" \/>\n<meta property=\"og:image\" content=\"https:\/\/www.editorialjuventud.es\/wp-content\/uploads\/0341.jpg\" \/>\n\t<meta property=\"og:image:width\" content=\"302\" \/>\n\t<meta property=\"og:image:height\" content=\"450\" \/>\n\t<meta property=\"og:image:type\" content=\"image\/jpeg\" \/>\n<meta name=\"twitter:card\" content=\"summary_large_image\" \/>\n<meta name=\"twitter:label1\" content=\"Temps estimat de lectura\" \/>\n\t<meta name=\"twitter:data1\" content=\"1 minut\" \/>\n<script type=\"application\/ld+json\" class=\"yoast-schema-graph\">{\"@context\":\"https:\\\/\\\/schema.org\",\"@graph\":[{\"@type\":\"WebPage\",\"@id\":\"https:\\\/\\\/www.editorialjuventud.es\\\/figuras-y-leyendas-mitologicas-9788426103413\\\/\",\"url\":\"https:\\\/\\\/www.editorialjuventud.es\\\/figuras-y-leyendas-mitologicas-9788426103413\\\/\",\"name\":\"Figuras y leyendas mitol\u00f3gicas - Editorial Juventud\",\"isPartOf\":{\"@id\":\"https:\\\/\\\/www.editorialjuventud.es\\\/#website\"},\"primaryImageOfPage\":{\"@id\":\"https:\\\/\\\/www.editorialjuventud.es\\\/figuras-y-leyendas-mitologicas-9788426103413\\\/#primaryimage\"},\"image\":{\"@id\":\"https:\\\/\\\/www.editorialjuventud.es\\\/figuras-y-leyendas-mitologicas-9788426103413\\\/#primaryimage\"},\"thumbnailUrl\":\"https:\\\/\\\/www.editorialjuventud.es\\\/wp-content\\\/uploads\\\/0341.jpg\",\"datePublished\":\"2018-08-24T08:02:29+00:00\",\"dateModified\":\"2026-01-08T11:04:59+00:00\",\"description\":\"Las leyendas mitol\u00f3gicas han sido interpretadas y difundidas por poetas y escritores desde los tiempos de Hes\u00edodo y Homero. Las historias y leyendas de la\",\"breadcrumb\":{\"@id\":\"https:\\\/\\\/www.editorialjuventud.es\\\/figuras-y-leyendas-mitologicas-9788426103413\\\/#breadcrumb\"},\"inLanguage\":\"ca\",\"potentialAction\":[{\"@type\":\"ReadAction\",\"target\":[\"https:\\\/\\\/www.editorialjuventud.es\\\/figuras-y-leyendas-mitologicas-9788426103413\\\/\"]}]},{\"@type\":\"ImageObject\",\"inLanguage\":\"ca\",\"@id\":\"https:\\\/\\\/www.editorialjuventud.es\\\/figuras-y-leyendas-mitologicas-9788426103413\\\/#primaryimage\",\"url\":\"https:\\\/\\\/www.editorialjuventud.es\\\/wp-content\\\/uploads\\\/0341.jpg\",\"contentUrl\":\"https:\\\/\\\/www.editorialjuventud.es\\\/wp-content\\\/uploads\\\/0341.jpg\",\"width\":302,\"height\":450,\"caption\":\"0341.jpg\"},{\"@type\":\"BreadcrumbList\",\"@id\":\"https:\\\/\\\/www.editorialjuventud.es\\\/figuras-y-leyendas-mitologicas-9788426103413\\\/#breadcrumb\",\"itemListElement\":[{\"@type\":\"ListItem\",\"position\":1,\"name\":\"Portada\",\"item\":\"https:\\\/\\\/www.editorialjuventud.es\\\/\"},{\"@type\":\"ListItem\",\"position\":2,\"name\":\"cat\u00e1logo\",\"item\":\"https:\\\/\\\/www.editorialjuventud.es\\\/coleccion\\\/catalogo\\\/\"},{\"@type\":\"ListItem\",\"position\":3,\"name\":\"castellano\",\"item\":\"https:\\\/\\\/www.editorialjuventud.es\\\/coleccion\\\/castellano\\\/\"},{\"@type\":\"ListItem\",\"position\":4,\"name\":\"Diccionarios y Libros de Consulta\",\"item\":\"https:\\\/\\\/www.editorialjuventud.es\\\/coleccion\\\/diccionarios-y-libros-de-consulta\\\/\"},{\"@type\":\"ListItem\",\"position\":5,\"name\":\"Figuras y leyendas mitol\u00f3gicas\"}]},{\"@type\":\"WebSite\",\"@id\":\"https:\\\/\\\/www.editorialjuventud.es\\\/#website\",\"url\":\"https:\\\/\\\/www.editorialjuventud.es\\\/\",\"name\":\"Editorial Juventud\",\"description\":\"\",\"potentialAction\":[{\"@type\":\"SearchAction\",\"target\":{\"@type\":\"EntryPoint\",\"urlTemplate\":\"https:\\\/\\\/www.editorialjuventud.es\\\/?s={search_term_string}\"},\"query-input\":{\"@type\":\"PropertyValueSpecification\",\"valueRequired\":true,\"valueName\":\"search_term_string\"}}],\"inLanguage\":\"ca\"}]}<\/script>\n<!-- \/ Yoast SEO plugin. -->","yoast_head_json":{"title":"Figuras y leyendas mitol\u00f3gicas - Editorial Juventud","description":"Las leyendas mitol\u00f3gicas han sido interpretadas y difundidas por poetas y escritores desde los tiempos de Hes\u00edodo y Homero. Las historias y leyendas de la","robots":{"index":"index","follow":"follow","max-snippet":"max-snippet:-1","max-image-preview":"max-image-preview:large","max-video-preview":"max-video-preview:-1"},"canonical":"https:\/\/www.editorialjuventud.es\/figuras-y-leyendas-mitologicas-9788426103413\/","og_locale":"ca_ES","og_type":"article","og_title":"Figuras y leyendas mitol\u00f3gicas - Editorial Juventud","og_description":"Las leyendas mitol\u00f3gicas han sido interpretadas y difundidas por poetas y escritores desde los tiempos de Hes\u00edodo y Homero. Las historias y leyendas de la","og_url":"https:\/\/www.editorialjuventud.es\/figuras-y-leyendas-mitologicas-9788426103413\/","og_site_name":"Editorial Juventud","article_modified_time":"2026-01-08T11:04:59+00:00","og_image":[{"width":302,"height":450,"url":"https:\/\/www.editorialjuventud.es\/wp-content\/uploads\/0341.jpg","type":"image\/jpeg"}],"twitter_card":"summary_large_image","twitter_misc":{"Temps estimat de lectura":"1 minut"},"schema":{"@context":"https:\/\/schema.org","@graph":[{"@type":"WebPage","@id":"https:\/\/www.editorialjuventud.es\/figuras-y-leyendas-mitologicas-9788426103413\/","url":"https:\/\/www.editorialjuventud.es\/figuras-y-leyendas-mitologicas-9788426103413\/","name":"Figuras y leyendas mitol\u00f3gicas - Editorial Juventud","isPartOf":{"@id":"https:\/\/www.editorialjuventud.es\/#website"},"primaryImageOfPage":{"@id":"https:\/\/www.editorialjuventud.es\/figuras-y-leyendas-mitologicas-9788426103413\/#primaryimage"},"image":{"@id":"https:\/\/www.editorialjuventud.es\/figuras-y-leyendas-mitologicas-9788426103413\/#primaryimage"},"thumbnailUrl":"https:\/\/www.editorialjuventud.es\/wp-content\/uploads\/0341.jpg","datePublished":"2018-08-24T08:02:29+00:00","dateModified":"2026-01-08T11:04:59+00:00","description":"Las leyendas mitol\u00f3gicas han sido interpretadas y difundidas por poetas y escritores desde los tiempos de Hes\u00edodo y Homero. Las historias y leyendas de la","breadcrumb":{"@id":"https:\/\/www.editorialjuventud.es\/figuras-y-leyendas-mitologicas-9788426103413\/#breadcrumb"},"inLanguage":"ca","potentialAction":[{"@type":"ReadAction","target":["https:\/\/www.editorialjuventud.es\/figuras-y-leyendas-mitologicas-9788426103413\/"]}]},{"@type":"ImageObject","inLanguage":"ca","@id":"https:\/\/www.editorialjuventud.es\/figuras-y-leyendas-mitologicas-9788426103413\/#primaryimage","url":"https:\/\/www.editorialjuventud.es\/wp-content\/uploads\/0341.jpg","contentUrl":"https:\/\/www.editorialjuventud.es\/wp-content\/uploads\/0341.jpg","width":302,"height":450,"caption":"0341.jpg"},{"@type":"BreadcrumbList","@id":"https:\/\/www.editorialjuventud.es\/figuras-y-leyendas-mitologicas-9788426103413\/#breadcrumb","itemListElement":[{"@type":"ListItem","position":1,"name":"Portada","item":"https:\/\/www.editorialjuventud.es\/"},{"@type":"ListItem","position":2,"name":"cat\u00e1logo","item":"https:\/\/www.editorialjuventud.es\/coleccion\/catalogo\/"},{"@type":"ListItem","position":3,"name":"castellano","item":"https:\/\/www.editorialjuventud.es\/coleccion\/castellano\/"},{"@type":"ListItem","position":4,"name":"Diccionarios y Libros de Consulta","item":"https:\/\/www.editorialjuventud.es\/coleccion\/diccionarios-y-libros-de-consulta\/"},{"@type":"ListItem","position":5,"name":"Figuras y leyendas mitol\u00f3gicas"}]},{"@type":"WebSite","@id":"https:\/\/www.editorialjuventud.es\/#website","url":"https:\/\/www.editorialjuventud.es\/","name":"Editorial Juventud","description":"","potentialAction":[{"@type":"SearchAction","target":{"@type":"EntryPoint","urlTemplate":"https:\/\/www.editorialjuventud.es\/?s={search_term_string}"},"query-input":{"@type":"PropertyValueSpecification","valueRequired":true,"valueName":"search_term_string"}}],"inLanguage":"ca"}]}},"_links":{"self":[{"href":"https:\/\/www.editorialjuventud.es\/ca\/wp-json\/wp\/v2\/product\/4831","targetHints":{"allow":["GET"]}}],"collection":[{"href":"https:\/\/www.editorialjuventud.es\/ca\/wp-json\/wp\/v2\/product"}],"about":[{"href":"https:\/\/www.editorialjuventud.es\/ca\/wp-json\/wp\/v2\/types\/product"}],"wp:featuredmedia":[{"embeddable":true,"href":"https:\/\/www.editorialjuventud.es\/ca\/wp-json\/wp\/v2\/media\/6524"}],"wp:attachment":[{"href":"https:\/\/www.editorialjuventud.es\/ca\/wp-json\/wp\/v2\/media?parent=4831"}],"wp:term":[{"taxonomy":"product_brand","embeddable":true,"href":"https:\/\/www.editorialjuventud.es\/ca\/wp-json\/wp\/v2\/product_brand?post=4831"},{"taxonomy":"product_cat","embeddable":true,"href":"https:\/\/www.editorialjuventud.es\/ca\/wp-json\/wp\/v2\/product_cat?post=4831"},{"taxonomy":"product_tag","embeddable":true,"href":"https:\/\/www.editorialjuventud.es\/ca\/wp-json\/wp\/v2\/product_tag?post=4831"},{"taxonomy":"coleccion","embeddable":true,"href":"https:\/\/www.editorialjuventud.es\/ca\/wp-json\/wp\/v2\/coleccion?post=4831"}],"curies":[{"name":"wp","href":"https:\/\/api.w.org\/{rel}","templated":true}]}}