{"id":4826,"date":"2018-08-24T10:02:07","date_gmt":"2018-08-24T08:02:07","guid":{"rendered":"http:\/\/www.editorialjuventud.es\/la-oreja-rota\/"},"modified":"2025-09-16T11:45:07","modified_gmt":"2025-09-16T09:45:07","slug":"la-oreja-rota-9788426102744","status":"publish","type":"product","link":"https:\/\/www.editorialjuventud.es\/ca\/la-oreja-rota-9788426102744\/","title":{"rendered":"La oreja rota"},"content":{"rendered":"<p>El robo de un fetiche arumbaya del museo etnogr\u00e1fico lleva a Tint\u00edn a la rep\u00fablica sudamericana de San Teodoro. All\u00ed se ve inmerso en la guerra de este pa\u00eds con su vecino Nuevo Rico, y se convierte en ayudante del general Alc\u00e1zar, controvertido personaje que volveremos a encontrar m\u00e1s adelante en otras aventuras.<br \/>\nTint\u00edn se adentra en la selva hasta encontrar a los Arumbayas y descubrir el misterio del fetiche robado.<\/p>\n<p>Esta aventura de Tint\u00edn empez\u00f3 a publicarse en Le Petit Vingti\u00e8me a finales de 1935 y sali\u00f3 en volumen en 1937. Fue puesta en color en 1943. Aqu\u00ed una vez m\u00e1s, Herg\u00e9 incluye alusiones de la actualidad mundial. El conflicto entre San Teodoro y Nuevo Rico por el petr\u00f3leo est\u00e1 basada en la sangrienta guerra del Gran Chaco, que enfrent\u00f3 al Paraguay y a Bolivia durante los a\u00f1os treinta y dur\u00f3 tres a\u00f1os causando m\u00e1s de 100.000 muertos. Herg\u00e9 es casi absolutamente fiel a la realidad. Convierte &#8216;el Gran Chaco&#8217; por &#8216;el Gran Chapo&#8217; y transforma los nombres de dos compa\u00f1\u00edas petrol\u00edferas, pero todo el resto es de una exactitud escrupulosa.<br \/>\nEn este \u00e1lbum Herg\u00e9 nos describe el primero de sus pa\u00edses imaginarios, de los que har\u00e1 posteriormente una de sus especialidades.<\/p>\n","protected":false},"excerpt":{"rendered":"El robo de un fetiche arumbaya del museo etnogr\u00e1fico lleva a Tint\u00edn a la rep\u00fablica sudamericana de San Teodoro. All\u00ed se ve inmerso en la guerra de este pa\u00eds con su vecino Nuevo Rico, y se convierte en ayudante del [&hellip;]","protected":false},"featured_media":65858,"template":"","meta":{"_acf_changed":false,"_exactmetrics_skip_tracking":false,"_exactmetrics_sitenote_active":false,"_exactmetrics_sitenote_note":"","_exactmetrics_sitenote_category":0},"product_brand":[],"product_cat":[902,1135,1142,1127,892],"product_tag":[],"coleccion":[1008],"class_list":{"0":"post-4826","1":"product","2":"type-product","3":"status-publish","4":"has-post-thumbnail","6":"product_cat-a-partir-de-7-anos","7":"product_cat-america-latina","8":"product_cat-aventura","9":"product_cat-comic","10":"product_cat-edades","11":"coleccion-las-aventuras-de-tintin","13":"first","14":"instock","15":"taxable","16":"shipping-taxable","17":"purchasable","18":"product-type-simple"},"acf":{"autor":"HERGE-TINTIN CARTONE I","codart":"0274-3","ediciones":"31","encuadernacion":"Carton\u00e9","fecha_de_publicacion":"12\/02\/2007","novedad":"0","paginas":"64","subtitulo":"","texto_web_adicional":"","texto_web_novedad":"","orden":"999","portada":"0","texto_web_resaltado":"","indice":"","autores-libros":[16407],"ilustradores-libros":[16407],"traductores-libros":[18388],"fecha_de_reimpresion":"01\/06\/2022","descripcion_corta":"","recomendamos":"","mas_vendido":"","idioma-libro":"","color":false,"formato":"","mas_informacion_del_producto":false,"premios":false,"deshabilitar_compra":[],"texto_enlace_cubierta":"","enlace_cubierta":false,"texto_enlace_ficha_tecnica":"","enlace_ficha_tecnica":false,"ficheros":false,"titulo-fr":"","texto-fr":""},"yoast_head":"<!-- This site is optimized with the Yoast SEO plugin v27.5 - https:\/\/yoast.com\/product\/yoast-seo-wordpress\/ -->\n<title>La oreja rota - Editorial Juventud<\/title>\n<meta name=\"description\" content=\"El robo de un fetiche arumbaya del museo etnogr\u00e1fico lleva a Tint\u00edn a la rep\u00fablica sudamericana de San Teodoro. All\u00ed se ve inmerso en la guerra de este\" \/>\n<meta name=\"robots\" content=\"index, follow, max-snippet:-1, max-image-preview:large, max-video-preview:-1\" \/>\n<link rel=\"canonical\" href=\"https:\/\/www.editorialjuventud.es\/la-oreja-rota-9788426102744\/\" \/>\n<meta property=\"og:locale\" content=\"ca_ES\" \/>\n<meta property=\"og:type\" content=\"article\" \/>\n<meta property=\"og:title\" content=\"La oreja rota - Editorial Juventud\" \/>\n<meta property=\"og:description\" content=\"El robo de un fetiche arumbaya del museo etnogr\u00e1fico lleva a Tint\u00edn a la rep\u00fablica sudamericana de San Teodoro. All\u00ed se ve inmerso en la guerra de este\" \/>\n<meta property=\"og:url\" content=\"https:\/\/www.editorialjuventud.es\/la-oreja-rota-9788426102744\/\" \/>\n<meta property=\"og:site_name\" content=\"Editorial Juventud\" \/>\n<meta property=\"article:modified_time\" content=\"2025-09-16T09:45:07+00:00\" \/>\n<meta property=\"og:image\" content=\"https:\/\/www.editorialjuventud.es\/wp-content\/uploads\/0274.jpg\" \/>\n\t<meta property=\"og:image:width\" content=\"317\" \/>\n\t<meta property=\"og:image:height\" content=\"450\" \/>\n\t<meta property=\"og:image:type\" content=\"image\/jpeg\" \/>\n<meta name=\"twitter:card\" content=\"summary_large_image\" \/>\n<meta name=\"twitter:label1\" content=\"Temps estimat de lectura\" \/>\n\t<meta name=\"twitter:data1\" content=\"2 minuts\" \/>\n<script type=\"application\/ld+json\" class=\"yoast-schema-graph\">{\"@context\":\"https:\\\/\\\/schema.org\",\"@graph\":[{\"@type\":\"WebPage\",\"@id\":\"https:\\\/\\\/www.editorialjuventud.es\\\/la-oreja-rota-9788426102744\\\/\",\"url\":\"https:\\\/\\\/www.editorialjuventud.es\\\/la-oreja-rota-9788426102744\\\/\",\"name\":\"La oreja rota - Editorial Juventud\",\"isPartOf\":{\"@id\":\"https:\\\/\\\/www.editorialjuventud.es\\\/#website\"},\"primaryImageOfPage\":{\"@id\":\"https:\\\/\\\/www.editorialjuventud.es\\\/la-oreja-rota-9788426102744\\\/#primaryimage\"},\"image\":{\"@id\":\"https:\\\/\\\/www.editorialjuventud.es\\\/la-oreja-rota-9788426102744\\\/#primaryimage\"},\"thumbnailUrl\":\"https:\\\/\\\/www.editorialjuventud.es\\\/wp-content\\\/uploads\\\/0274.jpg\",\"datePublished\":\"2018-08-24T08:02:07+00:00\",\"dateModified\":\"2025-09-16T09:45:07+00:00\",\"description\":\"El robo de un fetiche arumbaya del museo etnogr\u00e1fico lleva a Tint\u00edn a la rep\u00fablica sudamericana de San Teodoro. All\u00ed se ve inmerso en la guerra de este\",\"breadcrumb\":{\"@id\":\"https:\\\/\\\/www.editorialjuventud.es\\\/la-oreja-rota-9788426102744\\\/#breadcrumb\"},\"inLanguage\":\"ca\",\"potentialAction\":[{\"@type\":\"ReadAction\",\"target\":[\"https:\\\/\\\/www.editorialjuventud.es\\\/la-oreja-rota-9788426102744\\\/\"]}]},{\"@type\":\"ImageObject\",\"inLanguage\":\"ca\",\"@id\":\"https:\\\/\\\/www.editorialjuventud.es\\\/la-oreja-rota-9788426102744\\\/#primaryimage\",\"url\":\"https:\\\/\\\/www.editorialjuventud.es\\\/wp-content\\\/uploads\\\/0274.jpg\",\"contentUrl\":\"https:\\\/\\\/www.editorialjuventud.es\\\/wp-content\\\/uploads\\\/0274.jpg\",\"width\":317,\"height\":450,\"caption\":\"0274.jpg\"},{\"@type\":\"BreadcrumbList\",\"@id\":\"https:\\\/\\\/www.editorialjuventud.es\\\/la-oreja-rota-9788426102744\\\/#breadcrumb\",\"itemListElement\":[{\"@type\":\"ListItem\",\"position\":1,\"name\":\"Portada\",\"item\":\"https:\\\/\\\/www.editorialjuventud.es\\\/\"},{\"@type\":\"ListItem\",\"position\":2,\"name\":\"cat\u00e1logo\",\"item\":\"https:\\\/\\\/www.editorialjuventud.es\\\/coleccion\\\/catalogo\\\/\"},{\"@type\":\"ListItem\",\"position\":3,\"name\":\"castellano\",\"item\":\"https:\\\/\\\/www.editorialjuventud.es\\\/coleccion\\\/castellano\\\/\"},{\"@type\":\"ListItem\",\"position\":4,\"name\":\"Libros de Tint\u00edn\",\"item\":\"https:\\\/\\\/www.editorialjuventud.es\\\/coleccion\\\/libros-de-tintin\\\/\"},{\"@type\":\"ListItem\",\"position\":5,\"name\":\"Las Aventuras de Tint\u00edn\",\"item\":\"https:\\\/\\\/www.editorialjuventud.es\\\/coleccion\\\/las-aventuras-de-tintin\\\/\"},{\"@type\":\"ListItem\",\"position\":6,\"name\":\"La oreja rota\"}]},{\"@type\":\"WebSite\",\"@id\":\"https:\\\/\\\/www.editorialjuventud.es\\\/#website\",\"url\":\"https:\\\/\\\/www.editorialjuventud.es\\\/\",\"name\":\"Editorial Juventud\",\"description\":\"\",\"potentialAction\":[{\"@type\":\"SearchAction\",\"target\":{\"@type\":\"EntryPoint\",\"urlTemplate\":\"https:\\\/\\\/www.editorialjuventud.es\\\/?s={search_term_string}\"},\"query-input\":{\"@type\":\"PropertyValueSpecification\",\"valueRequired\":true,\"valueName\":\"search_term_string\"}}],\"inLanguage\":\"ca\"}]}<\/script>\n<!-- \/ Yoast SEO plugin. -->","yoast_head_json":{"title":"La oreja rota - Editorial Juventud","description":"El robo de un fetiche arumbaya del museo etnogr\u00e1fico lleva a Tint\u00edn a la rep\u00fablica sudamericana de San Teodoro. All\u00ed se ve inmerso en la guerra de este","robots":{"index":"index","follow":"follow","max-snippet":"max-snippet:-1","max-image-preview":"max-image-preview:large","max-video-preview":"max-video-preview:-1"},"canonical":"https:\/\/www.editorialjuventud.es\/la-oreja-rota-9788426102744\/","og_locale":"ca_ES","og_type":"article","og_title":"La oreja rota - Editorial Juventud","og_description":"El robo de un fetiche arumbaya del museo etnogr\u00e1fico lleva a Tint\u00edn a la rep\u00fablica sudamericana de San Teodoro. All\u00ed se ve inmerso en la guerra de este","og_url":"https:\/\/www.editorialjuventud.es\/la-oreja-rota-9788426102744\/","og_site_name":"Editorial Juventud","article_modified_time":"2025-09-16T09:45:07+00:00","og_image":[{"width":317,"height":450,"url":"https:\/\/www.editorialjuventud.es\/wp-content\/uploads\/0274.jpg","type":"image\/jpeg"}],"twitter_card":"summary_large_image","twitter_misc":{"Temps estimat de lectura":"2 minuts"},"schema":{"@context":"https:\/\/schema.org","@graph":[{"@type":"WebPage","@id":"https:\/\/www.editorialjuventud.es\/la-oreja-rota-9788426102744\/","url":"https:\/\/www.editorialjuventud.es\/la-oreja-rota-9788426102744\/","name":"La oreja rota - Editorial Juventud","isPartOf":{"@id":"https:\/\/www.editorialjuventud.es\/#website"},"primaryImageOfPage":{"@id":"https:\/\/www.editorialjuventud.es\/la-oreja-rota-9788426102744\/#primaryimage"},"image":{"@id":"https:\/\/www.editorialjuventud.es\/la-oreja-rota-9788426102744\/#primaryimage"},"thumbnailUrl":"https:\/\/www.editorialjuventud.es\/wp-content\/uploads\/0274.jpg","datePublished":"2018-08-24T08:02:07+00:00","dateModified":"2025-09-16T09:45:07+00:00","description":"El robo de un fetiche arumbaya del museo etnogr\u00e1fico lleva a Tint\u00edn a la rep\u00fablica sudamericana de San Teodoro. All\u00ed se ve inmerso en la guerra de este","breadcrumb":{"@id":"https:\/\/www.editorialjuventud.es\/la-oreja-rota-9788426102744\/#breadcrumb"},"inLanguage":"ca","potentialAction":[{"@type":"ReadAction","target":["https:\/\/www.editorialjuventud.es\/la-oreja-rota-9788426102744\/"]}]},{"@type":"ImageObject","inLanguage":"ca","@id":"https:\/\/www.editorialjuventud.es\/la-oreja-rota-9788426102744\/#primaryimage","url":"https:\/\/www.editorialjuventud.es\/wp-content\/uploads\/0274.jpg","contentUrl":"https:\/\/www.editorialjuventud.es\/wp-content\/uploads\/0274.jpg","width":317,"height":450,"caption":"0274.jpg"},{"@type":"BreadcrumbList","@id":"https:\/\/www.editorialjuventud.es\/la-oreja-rota-9788426102744\/#breadcrumb","itemListElement":[{"@type":"ListItem","position":1,"name":"Portada","item":"https:\/\/www.editorialjuventud.es\/"},{"@type":"ListItem","position":2,"name":"cat\u00e1logo","item":"https:\/\/www.editorialjuventud.es\/coleccion\/catalogo\/"},{"@type":"ListItem","position":3,"name":"castellano","item":"https:\/\/www.editorialjuventud.es\/coleccion\/castellano\/"},{"@type":"ListItem","position":4,"name":"Libros de Tint\u00edn","item":"https:\/\/www.editorialjuventud.es\/coleccion\/libros-de-tintin\/"},{"@type":"ListItem","position":5,"name":"Las Aventuras de Tint\u00edn","item":"https:\/\/www.editorialjuventud.es\/coleccion\/las-aventuras-de-tintin\/"},{"@type":"ListItem","position":6,"name":"La oreja rota"}]},{"@type":"WebSite","@id":"https:\/\/www.editorialjuventud.es\/#website","url":"https:\/\/www.editorialjuventud.es\/","name":"Editorial Juventud","description":"","potentialAction":[{"@type":"SearchAction","target":{"@type":"EntryPoint","urlTemplate":"https:\/\/www.editorialjuventud.es\/?s={search_term_string}"},"query-input":{"@type":"PropertyValueSpecification","valueRequired":true,"valueName":"search_term_string"}}],"inLanguage":"ca"}]}},"_links":{"self":[{"href":"https:\/\/www.editorialjuventud.es\/ca\/wp-json\/wp\/v2\/product\/4826","targetHints":{"allow":["GET"]}}],"collection":[{"href":"https:\/\/www.editorialjuventud.es\/ca\/wp-json\/wp\/v2\/product"}],"about":[{"href":"https:\/\/www.editorialjuventud.es\/ca\/wp-json\/wp\/v2\/types\/product"}],"wp:featuredmedia":[{"embeddable":true,"href":"https:\/\/www.editorialjuventud.es\/ca\/wp-json\/wp\/v2\/media\/65858"}],"wp:attachment":[{"href":"https:\/\/www.editorialjuventud.es\/ca\/wp-json\/wp\/v2\/media?parent=4826"}],"wp:term":[{"taxonomy":"product_brand","embeddable":true,"href":"https:\/\/www.editorialjuventud.es\/ca\/wp-json\/wp\/v2\/product_brand?post=4826"},{"taxonomy":"product_cat","embeddable":true,"href":"https:\/\/www.editorialjuventud.es\/ca\/wp-json\/wp\/v2\/product_cat?post=4826"},{"taxonomy":"product_tag","embeddable":true,"href":"https:\/\/www.editorialjuventud.es\/ca\/wp-json\/wp\/v2\/product_tag?post=4826"},{"taxonomy":"coleccion","embeddable":true,"href":"https:\/\/www.editorialjuventud.es\/ca\/wp-json\/wp\/v2\/coleccion?post=4826"}],"curies":[{"name":"wp","href":"https:\/\/api.w.org\/{rel}","templated":true}]}}