{"id":4825,"date":"2018-08-24T10:02:03","date_gmt":"2018-08-24T08:02:03","guid":{"rendered":"http:\/\/www.editorialjuventud.es\/alicia-en-el-pais-de-las-maravillas\/"},"modified":"2024-12-09T12:36:13","modified_gmt":"2024-12-09T11:36:13","slug":"alicia-en-el-pais-de-las-maravillas-9788426102676","status":"publish","type":"product","link":"https:\/\/www.editorialjuventud.es\/ca\/alicia-en-el-pais-de-las-maravillas-9788426102676\/","title":{"rendered":"Alicia en el Pa\u00eds de las Maravillas"},"content":{"rendered":"<p>Un matem\u00e1tico, Charles Dogson (1832-1898), gran aficionado a la fotograf\u00eda y poeta, navegaba en una barquita por el r\u00edo T\u00e1mesis, acompa\u00f1ado de las tres hijas de un amigo suyo. Le pidieron que les explicara un cuento, y el poeta empez\u00f3 a contar: jugaba con las palabras, con las canciones populares inglesas, con las frases hechas, con las im\u00e1genes y los sonidos, hasta llegar al m\u00e1ximo de comicidad y absurdo. As\u00ed naci\u00f3 Alicia, bautizada con el nombre de una de las ni\u00f1as. Tanto diverti\u00f3 el cuento a las tres ni\u00f1as, que no paraban de pedir que lo volviera a contar una y otra vez. Por fin acab\u00f3 escribi\u00e9ndolo, pero no se atrevi\u00f3 a firmarlo con su nombre, y utiliz\u00f3 el seud\u00f3nimo de &#8220;Lewis Carroll&#8221;. Y&#8230; el libro tuvo tant\u00edsimo \u00e9xito que se tradujo a muchos idiomas y se convirti\u00f3 en un cl\u00e1sico de la literatura infantil. Las ilustraciones de Lola Anglada son de una gran belleza y originalidad. Trasladan al personaje de Alicia al paisaje mediterr\u00e1neo, y las cartas inglesas se convierten en sus dibujos en la baraja espa\u00f1ola, cosa que demuestra hasta qu\u00e9 punto Alicia es un personaje universal. Editorial Juventud tiene el privilegio de haber publicado la primera traducci\u00f3n al castellano el a\u00f1o 1927. Un cl\u00e1sico para todas las edades que nos adentra en el maravilloso mundo de lo absurdo, lo on\u00edrico y los dobles sentidos de la mano de Alicia y de los m\u00e1s variopintos personajes.<\/p>\n","protected":false},"excerpt":{"rendered":"Un matem\u00e1tico, Charles Dogson (1832-1898), gran aficionado a la fotograf\u00eda y poeta, navegaba en una barquita por el r\u00edo T\u00e1mesis, acompa\u00f1ado de las tres hijas de un amigo suyo. Le pidieron que les explicara un cuento, y el poeta empez\u00f3 [&hellip;]","protected":false},"featured_media":6478,"template":"","meta":{"_acf_changed":false,"_exactmetrics_skip_tracking":false,"_exactmetrics_sitenote_active":false,"_exactmetrics_sitenote_note":"","_exactmetrics_sitenote_category":0},"product_brand":[],"product_cat":[896,1142,892,1115,1184,1289,1118,1119,1128,908],"product_tag":[],"coleccion":[916,931],"class_list":{"0":"post-4825","1":"product","2":"type-product","3":"status-publish","4":"has-post-thumbnail","6":"product_cat-a-partir-de-12-anos","7":"product_cat-aventura","8":"product_cat-edades","9":"product_cat-generos","10":"product_cat-humor","11":"product_cat-leyendas-cuentos-tradicionales","12":"product_cat-literatura-clasica","13":"product_cat-narrativa-juvenil","14":"product_cat-tematica","15":"product_cat-todas-las-edades","16":"coleccion-castellano","17":"coleccion-cuentos-universales","19":"first","20":"instock","21":"taxable","22":"shipping-taxable","23":"purchasable","24":"product-type-simple"},"acf":{"autor":"CARROLL","codart":"0267-0","ediciones":"0","encuadernacion":"Geltex","fecha_de_publicacion":"30\/06\/1992","novedad":"0","paginas":"152","subtitulo":"","texto_web_adicional":"","texto_web_novedad":"","orden":"999","portada":"0","texto_web_resaltado":"","indice":"","autores-libros":[16269],"ilustradores-libros":[17350],"traductores-libros":[26931],"fecha_de_reimpresion":"","descripcion_corta":"","recomendamos":"","mas_vendido":"","idioma-libro":"","color":false,"formato":"","mas_informacion_del_producto":false,"premios":false,"deshabilitar_compra":["deshabilitar"],"texto_enlace_cubierta":"","enlace_cubierta":false,"texto_enlace_ficha_tecnica":"","enlace_ficha_tecnica":false,"ficheros":false,"titulo-fr":"","texto-fr":""},"yoast_head":"<!-- This site is optimized with the Yoast SEO plugin v27.5 - https:\/\/yoast.com\/product\/yoast-seo-wordpress\/ -->\n<title>Alicia en el Pa\u00eds de las Maravillas - Editorial Juventud<\/title>\n<meta name=\"description\" content=\"Un matem\u00e1tico, Charles Dogson (1832-1898), gran aficionado a la fotograf\u00eda y poeta, navegaba en una barquita por el r\u00edo T\u00e1mesis, acompa\u00f1ado de las tres\" \/>\n<meta name=\"robots\" content=\"index, follow, max-snippet:-1, max-image-preview:large, max-video-preview:-1\" \/>\n<link rel=\"canonical\" href=\"https:\/\/www.editorialjuventud.es\/alicia-en-el-pais-de-las-maravillas-9788426102676\/\" \/>\n<meta property=\"og:locale\" content=\"ca_ES\" \/>\n<meta property=\"og:type\" content=\"article\" \/>\n<meta property=\"og:title\" content=\"Alicia en el Pa\u00eds de las Maravillas - Editorial Juventud\" \/>\n<meta property=\"og:description\" content=\"Un matem\u00e1tico, Charles Dogson (1832-1898), gran aficionado a la fotograf\u00eda y poeta, navegaba en una barquita por el r\u00edo T\u00e1mesis, acompa\u00f1ado de las tres\" \/>\n<meta property=\"og:url\" content=\"https:\/\/www.editorialjuventud.es\/alicia-en-el-pais-de-las-maravillas-9788426102676\/\" \/>\n<meta property=\"og:site_name\" content=\"Editorial Juventud\" \/>\n<meta property=\"article:modified_time\" content=\"2024-12-09T11:36:13+00:00\" \/>\n<meta property=\"og:image\" content=\"https:\/\/www.editorialjuventud.es\/wp-content\/uploads\/0267.jpg\" \/>\n\t<meta property=\"og:image:width\" content=\"324\" \/>\n\t<meta property=\"og:image:height\" content=\"450\" \/>\n\t<meta property=\"og:image:type\" content=\"image\/jpeg\" \/>\n<meta name=\"twitter:card\" content=\"summary_large_image\" \/>\n<meta name=\"twitter:label1\" content=\"Temps estimat de lectura\" \/>\n\t<meta name=\"twitter:data1\" content=\"2 minuts\" \/>\n<script type=\"application\/ld+json\" class=\"yoast-schema-graph\">{\"@context\":\"https:\\\/\\\/schema.org\",\"@graph\":[{\"@type\":\"WebPage\",\"@id\":\"https:\\\/\\\/www.editorialjuventud.es\\\/alicia-en-el-pais-de-las-maravillas-9788426102676\\\/\",\"url\":\"https:\\\/\\\/www.editorialjuventud.es\\\/alicia-en-el-pais-de-las-maravillas-9788426102676\\\/\",\"name\":\"Alicia en el Pa\u00eds de las Maravillas - Editorial Juventud\",\"isPartOf\":{\"@id\":\"https:\\\/\\\/www.editorialjuventud.es\\\/#website\"},\"primaryImageOfPage\":{\"@id\":\"https:\\\/\\\/www.editorialjuventud.es\\\/alicia-en-el-pais-de-las-maravillas-9788426102676\\\/#primaryimage\"},\"image\":{\"@id\":\"https:\\\/\\\/www.editorialjuventud.es\\\/alicia-en-el-pais-de-las-maravillas-9788426102676\\\/#primaryimage\"},\"thumbnailUrl\":\"https:\\\/\\\/www.editorialjuventud.es\\\/wp-content\\\/uploads\\\/0267.jpg\",\"datePublished\":\"2018-08-24T08:02:03+00:00\",\"dateModified\":\"2024-12-09T11:36:13+00:00\",\"description\":\"Un matem\u00e1tico, Charles Dogson (1832-1898), gran aficionado a la fotograf\u00eda y poeta, navegaba en una barquita por el r\u00edo T\u00e1mesis, acompa\u00f1ado de las tres\",\"breadcrumb\":{\"@id\":\"https:\\\/\\\/www.editorialjuventud.es\\\/alicia-en-el-pais-de-las-maravillas-9788426102676\\\/#breadcrumb\"},\"inLanguage\":\"ca\",\"potentialAction\":[{\"@type\":\"ReadAction\",\"target\":[\"https:\\\/\\\/www.editorialjuventud.es\\\/alicia-en-el-pais-de-las-maravillas-9788426102676\\\/\"]}]},{\"@type\":\"ImageObject\",\"inLanguage\":\"ca\",\"@id\":\"https:\\\/\\\/www.editorialjuventud.es\\\/alicia-en-el-pais-de-las-maravillas-9788426102676\\\/#primaryimage\",\"url\":\"https:\\\/\\\/www.editorialjuventud.es\\\/wp-content\\\/uploads\\\/0267.jpg\",\"contentUrl\":\"https:\\\/\\\/www.editorialjuventud.es\\\/wp-content\\\/uploads\\\/0267.jpg\",\"width\":324,\"height\":450,\"caption\":\"0267.jpg\"},{\"@type\":\"BreadcrumbList\",\"@id\":\"https:\\\/\\\/www.editorialjuventud.es\\\/alicia-en-el-pais-de-las-maravillas-9788426102676\\\/#breadcrumb\",\"itemListElement\":[{\"@type\":\"ListItem\",\"position\":1,\"name\":\"Portada\",\"item\":\"https:\\\/\\\/www.editorialjuventud.es\\\/\"},{\"@type\":\"ListItem\",\"position\":2,\"name\":\"cat\u00e1logo\",\"item\":\"https:\\\/\\\/www.editorialjuventud.es\\\/coleccion\\\/catalogo\\\/\"},{\"@type\":\"ListItem\",\"position\":3,\"name\":\"castellano\",\"item\":\"https:\\\/\\\/www.editorialjuventud.es\\\/coleccion\\\/castellano\\\/\"},{\"@type\":\"ListItem\",\"position\":4,\"name\":\"Cuentos Universales\",\"item\":\"https:\\\/\\\/www.editorialjuventud.es\\\/coleccion\\\/cuentos-universales\\\/\"},{\"@type\":\"ListItem\",\"position\":5,\"name\":\"Alicia en el Pa\u00eds de las Maravillas\"}]},{\"@type\":\"WebSite\",\"@id\":\"https:\\\/\\\/www.editorialjuventud.es\\\/#website\",\"url\":\"https:\\\/\\\/www.editorialjuventud.es\\\/\",\"name\":\"Editorial Juventud\",\"description\":\"\",\"potentialAction\":[{\"@type\":\"SearchAction\",\"target\":{\"@type\":\"EntryPoint\",\"urlTemplate\":\"https:\\\/\\\/www.editorialjuventud.es\\\/?s={search_term_string}\"},\"query-input\":{\"@type\":\"PropertyValueSpecification\",\"valueRequired\":true,\"valueName\":\"search_term_string\"}}],\"inLanguage\":\"ca\"}]}<\/script>\n<!-- \/ Yoast SEO plugin. -->","yoast_head_json":{"title":"Alicia en el Pa\u00eds de las Maravillas - Editorial Juventud","description":"Un matem\u00e1tico, Charles Dogson (1832-1898), gran aficionado a la fotograf\u00eda y poeta, navegaba en una barquita por el r\u00edo T\u00e1mesis, acompa\u00f1ado de las tres","robots":{"index":"index","follow":"follow","max-snippet":"max-snippet:-1","max-image-preview":"max-image-preview:large","max-video-preview":"max-video-preview:-1"},"canonical":"https:\/\/www.editorialjuventud.es\/alicia-en-el-pais-de-las-maravillas-9788426102676\/","og_locale":"ca_ES","og_type":"article","og_title":"Alicia en el Pa\u00eds de las Maravillas - Editorial Juventud","og_description":"Un matem\u00e1tico, Charles Dogson (1832-1898), gran aficionado a la fotograf\u00eda y poeta, navegaba en una barquita por el r\u00edo T\u00e1mesis, acompa\u00f1ado de las tres","og_url":"https:\/\/www.editorialjuventud.es\/alicia-en-el-pais-de-las-maravillas-9788426102676\/","og_site_name":"Editorial Juventud","article_modified_time":"2024-12-09T11:36:13+00:00","og_image":[{"width":324,"height":450,"url":"https:\/\/www.editorialjuventud.es\/wp-content\/uploads\/0267.jpg","type":"image\/jpeg"}],"twitter_card":"summary_large_image","twitter_misc":{"Temps estimat de lectura":"2 minuts"},"schema":{"@context":"https:\/\/schema.org","@graph":[{"@type":"WebPage","@id":"https:\/\/www.editorialjuventud.es\/alicia-en-el-pais-de-las-maravillas-9788426102676\/","url":"https:\/\/www.editorialjuventud.es\/alicia-en-el-pais-de-las-maravillas-9788426102676\/","name":"Alicia en el Pa\u00eds de las Maravillas - Editorial Juventud","isPartOf":{"@id":"https:\/\/www.editorialjuventud.es\/#website"},"primaryImageOfPage":{"@id":"https:\/\/www.editorialjuventud.es\/alicia-en-el-pais-de-las-maravillas-9788426102676\/#primaryimage"},"image":{"@id":"https:\/\/www.editorialjuventud.es\/alicia-en-el-pais-de-las-maravillas-9788426102676\/#primaryimage"},"thumbnailUrl":"https:\/\/www.editorialjuventud.es\/wp-content\/uploads\/0267.jpg","datePublished":"2018-08-24T08:02:03+00:00","dateModified":"2024-12-09T11:36:13+00:00","description":"Un matem\u00e1tico, Charles Dogson (1832-1898), gran aficionado a la fotograf\u00eda y poeta, navegaba en una barquita por el r\u00edo T\u00e1mesis, acompa\u00f1ado de las tres","breadcrumb":{"@id":"https:\/\/www.editorialjuventud.es\/alicia-en-el-pais-de-las-maravillas-9788426102676\/#breadcrumb"},"inLanguage":"ca","potentialAction":[{"@type":"ReadAction","target":["https:\/\/www.editorialjuventud.es\/alicia-en-el-pais-de-las-maravillas-9788426102676\/"]}]},{"@type":"ImageObject","inLanguage":"ca","@id":"https:\/\/www.editorialjuventud.es\/alicia-en-el-pais-de-las-maravillas-9788426102676\/#primaryimage","url":"https:\/\/www.editorialjuventud.es\/wp-content\/uploads\/0267.jpg","contentUrl":"https:\/\/www.editorialjuventud.es\/wp-content\/uploads\/0267.jpg","width":324,"height":450,"caption":"0267.jpg"},{"@type":"BreadcrumbList","@id":"https:\/\/www.editorialjuventud.es\/alicia-en-el-pais-de-las-maravillas-9788426102676\/#breadcrumb","itemListElement":[{"@type":"ListItem","position":1,"name":"Portada","item":"https:\/\/www.editorialjuventud.es\/"},{"@type":"ListItem","position":2,"name":"cat\u00e1logo","item":"https:\/\/www.editorialjuventud.es\/coleccion\/catalogo\/"},{"@type":"ListItem","position":3,"name":"castellano","item":"https:\/\/www.editorialjuventud.es\/coleccion\/castellano\/"},{"@type":"ListItem","position":4,"name":"Cuentos Universales","item":"https:\/\/www.editorialjuventud.es\/coleccion\/cuentos-universales\/"},{"@type":"ListItem","position":5,"name":"Alicia en el Pa\u00eds de las Maravillas"}]},{"@type":"WebSite","@id":"https:\/\/www.editorialjuventud.es\/#website","url":"https:\/\/www.editorialjuventud.es\/","name":"Editorial Juventud","description":"","potentialAction":[{"@type":"SearchAction","target":{"@type":"EntryPoint","urlTemplate":"https:\/\/www.editorialjuventud.es\/?s={search_term_string}"},"query-input":{"@type":"PropertyValueSpecification","valueRequired":true,"valueName":"search_term_string"}}],"inLanguage":"ca"}]}},"_links":{"self":[{"href":"https:\/\/www.editorialjuventud.es\/ca\/wp-json\/wp\/v2\/product\/4825","targetHints":{"allow":["GET"]}}],"collection":[{"href":"https:\/\/www.editorialjuventud.es\/ca\/wp-json\/wp\/v2\/product"}],"about":[{"href":"https:\/\/www.editorialjuventud.es\/ca\/wp-json\/wp\/v2\/types\/product"}],"wp:featuredmedia":[{"embeddable":true,"href":"https:\/\/www.editorialjuventud.es\/ca\/wp-json\/wp\/v2\/media\/6478"}],"wp:attachment":[{"href":"https:\/\/www.editorialjuventud.es\/ca\/wp-json\/wp\/v2\/media?parent=4825"}],"wp:term":[{"taxonomy":"product_brand","embeddable":true,"href":"https:\/\/www.editorialjuventud.es\/ca\/wp-json\/wp\/v2\/product_brand?post=4825"},{"taxonomy":"product_cat","embeddable":true,"href":"https:\/\/www.editorialjuventud.es\/ca\/wp-json\/wp\/v2\/product_cat?post=4825"},{"taxonomy":"product_tag","embeddable":true,"href":"https:\/\/www.editorialjuventud.es\/ca\/wp-json\/wp\/v2\/product_tag?post=4825"},{"taxonomy":"coleccion","embeddable":true,"href":"https:\/\/www.editorialjuventud.es\/ca\/wp-json\/wp\/v2\/coleccion?post=4825"}],"curies":[{"name":"wp","href":"https:\/\/api.w.org\/{rel}","templated":true}]}}