{"id":4824,"date":"2018-08-24T12:01:57","date_gmt":"2018-08-24T08:01:57","guid":{"rendered":"http:\/\/www.editorialjuventud.es\/la-guerra-naval-en-el-mediterraneo\/"},"modified":"2025-07-23T09:26:01","modified_gmt":"2025-07-23T07:26:01","slug":"la-guerra-naval-en-el-mediterraneo-9788426102645","status":"publish","type":"product","link":"https:\/\/www.editorialjuventud.es\/ca\/la-guerra-naval-en-el-mediterraneo-9788426102645\/","title":{"rendered":"La guerra naval en el Mediterr\u00e1neo"},"content":{"rendered":"<p>\u0093En este mar, -como describe el autor-, maravilloso y cargado de historia, verdadera s\u00edstole y di\u00e1stole del mundo antiguo\u0094 se desarroll\u00f3 d\u00eda tras d\u00eda, una tremenda lucha por la supremac\u00eda mediterr\u00e1nea, entre dos principales contendientes: la Marina de Guerra italiana y la Mediterranean Fleet brit\u00e1nica. Luis de la Sierra, uno de los primeros expertos e historiadores de las luchas navales en la Gran guerra y en la Segunda Guerra mundial, nos recuerda la \u00e9poca posterior a 1918, cuando la carrera de construcci\u00f3n de barcos de guerra entre Francia y Alemania se hab\u00eda disparado. El propio Mussolini fij\u00f3 algunas directrices de dicho rearme. Pero al llegar la contienda en 1939, la flota italiana ten\u00eda el nivel tecnol\u00f3gico inferior y se encontraba con un flanco decisivo sin cubrir: la falta de portaaviones. A pesar de ello y en condiciones de inferioridad, la Escuadra italiana, libr\u00f3 dif\u00edciles y victoriosas batallas con gran m\u00e9rito y arrojo de sus mandos y de los sencillos marineros.<br \/>\nLa guerra naval en el Mediterr\u00e1neo constituye una apasionante secuela de episodios, sorprendentes y varios, en los que aparecen toda clase de nav\u00edos de superficie y donde, a menudo, la intervenci\u00f3n definitiva, corresponde a la aviaci\u00f3n o a las flotillas de submarinos.<br \/>\nLuis de la Sierra, a trav\u00e9s de las incidencias navales, nos presenta en realidad una visi\u00f3n de la Segunda Guerra Mundial con las estratagemas y fracasos de los dos bandos, campos de minas, golpes por sorpresa, desembarcos rel\u00e1mpago, operaciones de rescate, paso arriesgado de convoyes, combates apocal\u00edpticos\u0085<\/p>\n","protected":false},"excerpt":{"rendered":"\u0093En este mar, -como describe el autor-, maravilloso y cargado de historia, verdadera s\u00edstole y di\u00e1stole del mundo antiguo\u0094 se desarroll\u00f3 d\u00eda tras d\u00eda, una tremenda lucha por la supremac\u00eda mediterr\u00e1nea, entre dos principales contendientes: la Marina de Guerra italiana [&hellip;]","protected":false},"featured_media":15181,"template":"","meta":{"_acf_changed":false,"_exactmetrics_skip_tracking":false,"_exactmetrics_sitenote_active":false,"_exactmetrics_sitenote_note":"","_exactmetrics_sitenote_category":0},"product_brand":[],"product_cat":[905,1180,1183,1120,1117,1128],"product_tag":[],"coleccion":[916,936,1364,1363],"class_list":{"0":"post-4824","1":"product","2":"type-product","3":"status-publish","4":"has-post-thumbnail","6":"product_cat-adulto","7":"product_cat-guerra","8":"product_cat-historia","9":"product_cat-nautica","10":"product_cat-no-ficcion-adulto","11":"product_cat-tematica","12":"coleccion-castellano","13":"coleccion-lecturas-en-torno-al-mar","14":"coleccion-luis-de-la-sierra","15":"coleccion-viajes-aventuras-y-expediciones-lecturas-en-torno-al-mar","17":"first","18":"instock","19":"taxable","20":"shipping-taxable","21":"purchasable","22":"product-type-simple"},"acf":{"autor":"Luis de la Sierra","codart":"0264-6","ediciones":"3","encuadernacion":"R\u00fastica","fecha_de_publicacion":"11\/11\/1911","novedad":"0","paginas":"472","subtitulo":"","texto_web_adicional":"","texto_web_novedad":"","orden":"999","portada":"0","texto_web_resaltado":"","autores-libros":[16315]},"yoast_head":"<!-- This site is optimized with the Yoast SEO plugin v27.5 - https:\/\/yoast.com\/product\/yoast-seo-wordpress\/ -->\n<title>La guerra naval en el Mediterr\u00e1neo - Editorial Juventud<\/title>\n<meta name=\"description\" content=\"\u0093En este mar, -como describe el autor-, maravilloso y cargado de historia, verdadera s\u00edstole y di\u00e1stole del mundo antiguo\u0094 se desarroll\u00f3 d\u00eda tras d\u00eda, una\" \/>\n<meta name=\"robots\" content=\"index, follow, max-snippet:-1, max-image-preview:large, max-video-preview:-1\" \/>\n<link rel=\"canonical\" href=\"https:\/\/www.editorialjuventud.es\/la-guerra-naval-en-el-mediterraneo-9788426102645\/\" \/>\n<meta property=\"og:locale\" content=\"ca_ES\" \/>\n<meta property=\"og:type\" content=\"article\" \/>\n<meta property=\"og:title\" content=\"La guerra naval en el Mediterr\u00e1neo - Editorial Juventud\" \/>\n<meta property=\"og:description\" content=\"\u0093En este mar, -como describe el autor-, maravilloso y cargado de historia, verdadera s\u00edstole y di\u00e1stole del mundo antiguo\u0094 se desarroll\u00f3 d\u00eda tras d\u00eda, una\" \/>\n<meta property=\"og:url\" content=\"https:\/\/www.editorialjuventud.es\/la-guerra-naval-en-el-mediterraneo-9788426102645\/\" \/>\n<meta property=\"og:site_name\" content=\"Editorial Juventud\" \/>\n<meta property=\"article:modified_time\" content=\"2025-07-23T07:26:01+00:00\" \/>\n<meta property=\"og:image\" content=\"https:\/\/www.editorialjuventud.es\/wp-content\/uploads\/9788426102645.jpg\" \/>\n\t<meta property=\"og:image:width\" content=\"295\" \/>\n\t<meta property=\"og:image:height\" content=\"450\" \/>\n\t<meta property=\"og:image:type\" content=\"image\/jpeg\" \/>\n<meta name=\"twitter:card\" content=\"summary_large_image\" \/>\n<meta name=\"twitter:label1\" content=\"Temps estimat de lectura\" \/>\n\t<meta name=\"twitter:data1\" content=\"1 minut\" \/>\n<script type=\"application\/ld+json\" class=\"yoast-schema-graph\">{\"@context\":\"https:\\\/\\\/schema.org\",\"@graph\":[{\"@type\":\"WebPage\",\"@id\":\"https:\\\/\\\/www.editorialjuventud.es\\\/la-guerra-naval-en-el-mediterraneo-9788426102645\\\/\",\"url\":\"https:\\\/\\\/www.editorialjuventud.es\\\/la-guerra-naval-en-el-mediterraneo-9788426102645\\\/\",\"name\":\"La guerra naval en el Mediterr\u00e1neo - Editorial Juventud\",\"isPartOf\":{\"@id\":\"https:\\\/\\\/www.editorialjuventud.es\\\/#website\"},\"primaryImageOfPage\":{\"@id\":\"https:\\\/\\\/www.editorialjuventud.es\\\/la-guerra-naval-en-el-mediterraneo-9788426102645\\\/#primaryimage\"},\"image\":{\"@id\":\"https:\\\/\\\/www.editorialjuventud.es\\\/la-guerra-naval-en-el-mediterraneo-9788426102645\\\/#primaryimage\"},\"thumbnailUrl\":\"https:\\\/\\\/www.editorialjuventud.es\\\/wp-content\\\/uploads\\\/9788426102645.jpg\",\"datePublished\":\"2018-08-24T08:01:57+00:00\",\"dateModified\":\"2025-07-23T07:26:01+00:00\",\"description\":\"\u0093En este mar, -como describe el autor-, maravilloso y cargado de historia, verdadera s\u00edstole y di\u00e1stole del mundo antiguo\u0094 se desarroll\u00f3 d\u00eda tras d\u00eda, una\",\"breadcrumb\":{\"@id\":\"https:\\\/\\\/www.editorialjuventud.es\\\/la-guerra-naval-en-el-mediterraneo-9788426102645\\\/#breadcrumb\"},\"inLanguage\":\"ca\",\"potentialAction\":[{\"@type\":\"ReadAction\",\"target\":[\"https:\\\/\\\/www.editorialjuventud.es\\\/la-guerra-naval-en-el-mediterraneo-9788426102645\\\/\"]}]},{\"@type\":\"ImageObject\",\"inLanguage\":\"ca\",\"@id\":\"https:\\\/\\\/www.editorialjuventud.es\\\/la-guerra-naval-en-el-mediterraneo-9788426102645\\\/#primaryimage\",\"url\":\"https:\\\/\\\/www.editorialjuventud.es\\\/wp-content\\\/uploads\\\/9788426102645.jpg\",\"contentUrl\":\"https:\\\/\\\/www.editorialjuventud.es\\\/wp-content\\\/uploads\\\/9788426102645.jpg\",\"width\":295,\"height\":450,\"caption\":\"9788426102645.jpg\"},{\"@type\":\"BreadcrumbList\",\"@id\":\"https:\\\/\\\/www.editorialjuventud.es\\\/la-guerra-naval-en-el-mediterraneo-9788426102645\\\/#breadcrumb\",\"itemListElement\":[{\"@type\":\"ListItem\",\"position\":1,\"name\":\"Portada\",\"item\":\"https:\\\/\\\/www.editorialjuventud.es\\\/\"},{\"@type\":\"ListItem\",\"position\":2,\"name\":\"cat\u00e1logo\",\"item\":\"https:\\\/\\\/www.editorialjuventud.es\\\/coleccion\\\/catalogo\\\/\"},{\"@type\":\"ListItem\",\"position\":3,\"name\":\"castellano\",\"item\":\"https:\\\/\\\/www.editorialjuventud.es\\\/coleccion\\\/castellano\\\/\"},{\"@type\":\"ListItem\",\"position\":4,\"name\":\"Lecturas En torno al Mar\",\"item\":\"https:\\\/\\\/www.editorialjuventud.es\\\/coleccion\\\/lecturas-en-torno-al-mar\\\/\"},{\"@type\":\"ListItem\",\"position\":5,\"name\":\"Viajes, Aventuras y Expediciones\",\"item\":\"https:\\\/\\\/www.editorialjuventud.es\\\/coleccion\\\/viajes-aventuras-y-expediciones-lecturas-en-torno-al-mar\\\/\"},{\"@type\":\"ListItem\",\"position\":6,\"name\":\"Luis de la Sierra\",\"item\":\"https:\\\/\\\/www.editorialjuventud.es\\\/coleccion\\\/luis-de-la-sierra\\\/\"},{\"@type\":\"ListItem\",\"position\":7,\"name\":\"La guerra naval en el Mediterr\u00e1neo\"}]},{\"@type\":\"WebSite\",\"@id\":\"https:\\\/\\\/www.editorialjuventud.es\\\/#website\",\"url\":\"https:\\\/\\\/www.editorialjuventud.es\\\/\",\"name\":\"Editorial Juventud\",\"description\":\"\",\"potentialAction\":[{\"@type\":\"SearchAction\",\"target\":{\"@type\":\"EntryPoint\",\"urlTemplate\":\"https:\\\/\\\/www.editorialjuventud.es\\\/?s={search_term_string}\"},\"query-input\":{\"@type\":\"PropertyValueSpecification\",\"valueRequired\":true,\"valueName\":\"search_term_string\"}}],\"inLanguage\":\"ca\"}]}<\/script>\n<!-- \/ Yoast SEO plugin. -->","yoast_head_json":{"title":"La guerra naval en el Mediterr\u00e1neo - Editorial Juventud","description":"\u0093En este mar, -como describe el autor-, maravilloso y cargado de historia, verdadera s\u00edstole y di\u00e1stole del mundo antiguo\u0094 se desarroll\u00f3 d\u00eda tras d\u00eda, una","robots":{"index":"index","follow":"follow","max-snippet":"max-snippet:-1","max-image-preview":"max-image-preview:large","max-video-preview":"max-video-preview:-1"},"canonical":"https:\/\/www.editorialjuventud.es\/la-guerra-naval-en-el-mediterraneo-9788426102645\/","og_locale":"ca_ES","og_type":"article","og_title":"La guerra naval en el Mediterr\u00e1neo - Editorial Juventud","og_description":"\u0093En este mar, -como describe el autor-, maravilloso y cargado de historia, verdadera s\u00edstole y di\u00e1stole del mundo antiguo\u0094 se desarroll\u00f3 d\u00eda tras d\u00eda, una","og_url":"https:\/\/www.editorialjuventud.es\/la-guerra-naval-en-el-mediterraneo-9788426102645\/","og_site_name":"Editorial Juventud","article_modified_time":"2025-07-23T07:26:01+00:00","og_image":[{"width":295,"height":450,"url":"https:\/\/www.editorialjuventud.es\/wp-content\/uploads\/9788426102645.jpg","type":"image\/jpeg"}],"twitter_card":"summary_large_image","twitter_misc":{"Temps estimat de lectura":"1 minut"},"schema":{"@context":"https:\/\/schema.org","@graph":[{"@type":"WebPage","@id":"https:\/\/www.editorialjuventud.es\/la-guerra-naval-en-el-mediterraneo-9788426102645\/","url":"https:\/\/www.editorialjuventud.es\/la-guerra-naval-en-el-mediterraneo-9788426102645\/","name":"La guerra naval en el Mediterr\u00e1neo - Editorial Juventud","isPartOf":{"@id":"https:\/\/www.editorialjuventud.es\/#website"},"primaryImageOfPage":{"@id":"https:\/\/www.editorialjuventud.es\/la-guerra-naval-en-el-mediterraneo-9788426102645\/#primaryimage"},"image":{"@id":"https:\/\/www.editorialjuventud.es\/la-guerra-naval-en-el-mediterraneo-9788426102645\/#primaryimage"},"thumbnailUrl":"https:\/\/www.editorialjuventud.es\/wp-content\/uploads\/9788426102645.jpg","datePublished":"2018-08-24T08:01:57+00:00","dateModified":"2025-07-23T07:26:01+00:00","description":"\u0093En este mar, -como describe el autor-, maravilloso y cargado de historia, verdadera s\u00edstole y di\u00e1stole del mundo antiguo\u0094 se desarroll\u00f3 d\u00eda tras d\u00eda, una","breadcrumb":{"@id":"https:\/\/www.editorialjuventud.es\/la-guerra-naval-en-el-mediterraneo-9788426102645\/#breadcrumb"},"inLanguage":"ca","potentialAction":[{"@type":"ReadAction","target":["https:\/\/www.editorialjuventud.es\/la-guerra-naval-en-el-mediterraneo-9788426102645\/"]}]},{"@type":"ImageObject","inLanguage":"ca","@id":"https:\/\/www.editorialjuventud.es\/la-guerra-naval-en-el-mediterraneo-9788426102645\/#primaryimage","url":"https:\/\/www.editorialjuventud.es\/wp-content\/uploads\/9788426102645.jpg","contentUrl":"https:\/\/www.editorialjuventud.es\/wp-content\/uploads\/9788426102645.jpg","width":295,"height":450,"caption":"9788426102645.jpg"},{"@type":"BreadcrumbList","@id":"https:\/\/www.editorialjuventud.es\/la-guerra-naval-en-el-mediterraneo-9788426102645\/#breadcrumb","itemListElement":[{"@type":"ListItem","position":1,"name":"Portada","item":"https:\/\/www.editorialjuventud.es\/"},{"@type":"ListItem","position":2,"name":"cat\u00e1logo","item":"https:\/\/www.editorialjuventud.es\/coleccion\/catalogo\/"},{"@type":"ListItem","position":3,"name":"castellano","item":"https:\/\/www.editorialjuventud.es\/coleccion\/castellano\/"},{"@type":"ListItem","position":4,"name":"Lecturas En torno al Mar","item":"https:\/\/www.editorialjuventud.es\/coleccion\/lecturas-en-torno-al-mar\/"},{"@type":"ListItem","position":5,"name":"Viajes, Aventuras y Expediciones","item":"https:\/\/www.editorialjuventud.es\/coleccion\/viajes-aventuras-y-expediciones-lecturas-en-torno-al-mar\/"},{"@type":"ListItem","position":6,"name":"Luis de la Sierra","item":"https:\/\/www.editorialjuventud.es\/coleccion\/luis-de-la-sierra\/"},{"@type":"ListItem","position":7,"name":"La guerra naval en el Mediterr\u00e1neo"}]},{"@type":"WebSite","@id":"https:\/\/www.editorialjuventud.es\/#website","url":"https:\/\/www.editorialjuventud.es\/","name":"Editorial Juventud","description":"","potentialAction":[{"@type":"SearchAction","target":{"@type":"EntryPoint","urlTemplate":"https:\/\/www.editorialjuventud.es\/?s={search_term_string}"},"query-input":{"@type":"PropertyValueSpecification","valueRequired":true,"valueName":"search_term_string"}}],"inLanguage":"ca"}]}},"_links":{"self":[{"href":"https:\/\/www.editorialjuventud.es\/ca\/wp-json\/wp\/v2\/product\/4824","targetHints":{"allow":["GET"]}}],"collection":[{"href":"https:\/\/www.editorialjuventud.es\/ca\/wp-json\/wp\/v2\/product"}],"about":[{"href":"https:\/\/www.editorialjuventud.es\/ca\/wp-json\/wp\/v2\/types\/product"}],"wp:featuredmedia":[{"embeddable":true,"href":"https:\/\/www.editorialjuventud.es\/ca\/wp-json\/wp\/v2\/media\/15181"}],"wp:attachment":[{"href":"https:\/\/www.editorialjuventud.es\/ca\/wp-json\/wp\/v2\/media?parent=4824"}],"wp:term":[{"taxonomy":"product_brand","embeddable":true,"href":"https:\/\/www.editorialjuventud.es\/ca\/wp-json\/wp\/v2\/product_brand?post=4824"},{"taxonomy":"product_cat","embeddable":true,"href":"https:\/\/www.editorialjuventud.es\/ca\/wp-json\/wp\/v2\/product_cat?post=4824"},{"taxonomy":"product_tag","embeddable":true,"href":"https:\/\/www.editorialjuventud.es\/ca\/wp-json\/wp\/v2\/product_tag?post=4824"},{"taxonomy":"coleccion","embeddable":true,"href":"https:\/\/www.editorialjuventud.es\/ca\/wp-json\/wp\/v2\/coleccion?post=4824"}],"curies":[{"name":"wp","href":"https:\/\/api.w.org\/{rel}","templated":true}]}}