{"id":4823,"date":"2018-08-24T12:01:53","date_gmt":"2018-08-24T08:01:53","guid":{"rendered":"http:\/\/www.editorialjuventud.es\/jane-eyre\/"},"modified":"2024-02-01T13:37:27","modified_gmt":"2024-02-01T12:37:27","slug":"jane-eyre-9788426102065","status":"publish","type":"product","link":"https:\/\/www.editorialjuventud.es\/ca\/jane-eyre-9788426102065\/","title":{"rendered":"Jane Eyre"},"content":{"rendered":"<p>Jane Eyre es una joven hu\u00e9rfana que ha conocido todo tipo de privaciones e injusticias, pero con su gran fuerza de car\u00e1cter consigue sobreponerse a todas las dificultades y tomar las riendas de su destino. Con dieciocho a\u00f1os, es contratada como institutriz en la mansi\u00f3n de Thornfield, pero una presencia misteriosa ronda en este lugar perdido entre brumas y brezos, amenazando su felicidad.<\/p>\n<p>En plena \u00e9poca victoriana, Charlotte Bront\u00eb (1816 &#8211; 1855), encarna el audaz combate de las mujeres decididas a luchar por su libertad y su independencia. Jane Eyre (1847), es una novela precursora del feminismo, con tintes g\u00f3ticos, que nos habla de pasi\u00f3n, rebeld\u00eda, integridad, fe, y por supuesto de amor. Una de las historias de amor m\u00e1s populares de todos los tiempos y una obra maestra de la literatura universal.<\/p>\n","protected":false},"excerpt":{"rendered":"Jane Eyre es una joven hu\u00e9rfana que ha conocido todo tipo de privaciones e injusticias, pero con su gran fuerza de car\u00e1cter consigue sobreponerse a todas las dificultades y tomar las riendas de su destino. Con dieciocho a\u00f1os, es contratada [&hellip;]","protected":false},"featured_media":6476,"template":"","meta":{"_acf_changed":false,"_exactmetrics_skip_tracking":false,"_exactmetrics_sitenote_active":false,"_exactmetrics_sitenote_note":"","_exactmetrics_sitenote_category":0},"product_brand":[],"product_cat":[905,892,1115,1118],"product_tag":[],"coleccion":[916,1007,938,1085],"class_list":{"0":"post-4823","1":"product","2":"type-product","3":"status-publish","4":"has-post-thumbnail","6":"product_cat-adulto","7":"product_cat-edades","8":"product_cat-generos","9":"product_cat-literatura-clasica","10":"coleccion-castellano","11":"coleccion-coleccion-z","12":"coleccion-libros-de-bolsillo","13":"coleccion-novela","15":"first","16":"instock","17":"taxable","18":"shipping-taxable","19":"purchasable","20":"product-type-simple"},"acf":{"autores-libros":[16247],"traductores-libros":[17658]},"yoast_head":"<!-- This site is optimized with the Yoast SEO plugin v27.3 - https:\/\/yoast.com\/product\/yoast-seo-wordpress\/ -->\n<title>Jane Eyre - Editorial Juventud<\/title>\n<meta name=\"description\" content=\"Jane Eyre es una joven hu\u00e9rfana que ha conocido todo tipo de privaciones e injusticias, pero con su gran fuerza de car\u00e1cter consigue sobreponerse a todas\" \/>\n<meta name=\"robots\" content=\"index, follow, max-snippet:-1, max-image-preview:large, max-video-preview:-1\" \/>\n<link rel=\"canonical\" href=\"https:\/\/www.editorialjuventud.es\/jane-eyre-9788426102065\/\" \/>\n<meta property=\"og:locale\" content=\"ca_ES\" \/>\n<meta property=\"og:type\" content=\"article\" \/>\n<meta property=\"og:title\" content=\"Jane Eyre - Editorial Juventud\" \/>\n<meta property=\"og:description\" content=\"Jane Eyre es una joven hu\u00e9rfana que ha conocido todo tipo de privaciones e injusticias, pero con su gran fuerza de car\u00e1cter consigue sobreponerse a todas\" \/>\n<meta property=\"og:url\" content=\"https:\/\/www.editorialjuventud.es\/jane-eyre-9788426102065\/\" \/>\n<meta property=\"og:site_name\" content=\"Editorial Juventud\" \/>\n<meta property=\"article:modified_time\" content=\"2024-02-01T12:37:27+00:00\" \/>\n<meta property=\"og:image\" content=\"https:\/\/www.editorialjuventud.es\/wp-content\/uploads\/0206.jpg\" \/>\n\t<meta property=\"og:image:width\" content=\"295\" \/>\n\t<meta property=\"og:image:height\" content=\"450\" \/>\n\t<meta property=\"og:image:type\" content=\"image\/jpeg\" \/>\n<meta name=\"twitter:card\" content=\"summary_large_image\" \/>\n<meta name=\"twitter:label1\" content=\"Temps estimat de lectura\" \/>\n\t<meta name=\"twitter:data1\" content=\"1 minut\" \/>\n<script type=\"application\/ld+json\" class=\"yoast-schema-graph\">{\"@context\":\"https:\\\/\\\/schema.org\",\"@graph\":[{\"@type\":\"WebPage\",\"@id\":\"https:\\\/\\\/www.editorialjuventud.es\\\/jane-eyre-9788426102065\\\/\",\"url\":\"https:\\\/\\\/www.editorialjuventud.es\\\/jane-eyre-9788426102065\\\/\",\"name\":\"Jane Eyre - Editorial Juventud\",\"isPartOf\":{\"@id\":\"https:\\\/\\\/www.editorialjuventud.es\\\/#website\"},\"primaryImageOfPage\":{\"@id\":\"https:\\\/\\\/www.editorialjuventud.es\\\/jane-eyre-9788426102065\\\/#primaryimage\"},\"image\":{\"@id\":\"https:\\\/\\\/www.editorialjuventud.es\\\/jane-eyre-9788426102065\\\/#primaryimage\"},\"thumbnailUrl\":\"https:\\\/\\\/www.editorialjuventud.es\\\/wp-content\\\/uploads\\\/0206.jpg\",\"datePublished\":\"2018-08-24T08:01:53+00:00\",\"dateModified\":\"2024-02-01T12:37:27+00:00\",\"description\":\"Jane Eyre es una joven hu\u00e9rfana que ha conocido todo tipo de privaciones e injusticias, pero con su gran fuerza de car\u00e1cter consigue sobreponerse a todas\",\"breadcrumb\":{\"@id\":\"https:\\\/\\\/www.editorialjuventud.es\\\/jane-eyre-9788426102065\\\/#breadcrumb\"},\"inLanguage\":\"ca\",\"potentialAction\":[{\"@type\":\"ReadAction\",\"target\":[\"https:\\\/\\\/www.editorialjuventud.es\\\/jane-eyre-9788426102065\\\/\"]}]},{\"@type\":\"ImageObject\",\"inLanguage\":\"ca\",\"@id\":\"https:\\\/\\\/www.editorialjuventud.es\\\/jane-eyre-9788426102065\\\/#primaryimage\",\"url\":\"https:\\\/\\\/www.editorialjuventud.es\\\/wp-content\\\/uploads\\\/0206.jpg\",\"contentUrl\":\"https:\\\/\\\/www.editorialjuventud.es\\\/wp-content\\\/uploads\\\/0206.jpg\",\"width\":295,\"height\":450,\"caption\":\"0206.jpg\"},{\"@type\":\"BreadcrumbList\",\"@id\":\"https:\\\/\\\/www.editorialjuventud.es\\\/jane-eyre-9788426102065\\\/#breadcrumb\",\"itemListElement\":[{\"@type\":\"ListItem\",\"position\":1,\"name\":\"Portada\",\"item\":\"https:\\\/\\\/www.editorialjuventud.es\\\/\"},{\"@type\":\"ListItem\",\"position\":2,\"name\":\"cat\u00e1logo\",\"item\":\"https:\\\/\\\/www.editorialjuventud.es\\\/coleccion\\\/catalogo\\\/\"},{\"@type\":\"ListItem\",\"position\":3,\"name\":\"castellano\",\"item\":\"https:\\\/\\\/www.editorialjuventud.es\\\/coleccion\\\/castellano\\\/\"},{\"@type\":\"ListItem\",\"position\":4,\"name\":\"Libros de Bolsillo\",\"item\":\"https:\\\/\\\/www.editorialjuventud.es\\\/coleccion\\\/libros-de-bolsillo\\\/\"},{\"@type\":\"ListItem\",\"position\":5,\"name\":\"Colecci\u00f3n Z\",\"item\":\"https:\\\/\\\/www.editorialjuventud.es\\\/coleccion\\\/coleccion-z\\\/\"},{\"@type\":\"ListItem\",\"position\":6,\"name\":\"Novela\",\"item\":\"https:\\\/\\\/www.editorialjuventud.es\\\/coleccion\\\/novela\\\/\"},{\"@type\":\"ListItem\",\"position\":7,\"name\":\"Jane Eyre\"}]},{\"@type\":\"WebSite\",\"@id\":\"https:\\\/\\\/www.editorialjuventud.es\\\/#website\",\"url\":\"https:\\\/\\\/www.editorialjuventud.es\\\/\",\"name\":\"Editorial Juventud\",\"description\":\"\",\"potentialAction\":[{\"@type\":\"SearchAction\",\"target\":{\"@type\":\"EntryPoint\",\"urlTemplate\":\"https:\\\/\\\/www.editorialjuventud.es\\\/?s={search_term_string}\"},\"query-input\":{\"@type\":\"PropertyValueSpecification\",\"valueRequired\":true,\"valueName\":\"search_term_string\"}}],\"inLanguage\":\"ca\"}]}<\/script>\n<!-- \/ Yoast SEO plugin. -->","yoast_head_json":{"title":"Jane Eyre - Editorial Juventud","description":"Jane Eyre es una joven hu\u00e9rfana que ha conocido todo tipo de privaciones e injusticias, pero con su gran fuerza de car\u00e1cter consigue sobreponerse a todas","robots":{"index":"index","follow":"follow","max-snippet":"max-snippet:-1","max-image-preview":"max-image-preview:large","max-video-preview":"max-video-preview:-1"},"canonical":"https:\/\/www.editorialjuventud.es\/jane-eyre-9788426102065\/","og_locale":"ca_ES","og_type":"article","og_title":"Jane Eyre - Editorial Juventud","og_description":"Jane Eyre es una joven hu\u00e9rfana que ha conocido todo tipo de privaciones e injusticias, pero con su gran fuerza de car\u00e1cter consigue sobreponerse a todas","og_url":"https:\/\/www.editorialjuventud.es\/jane-eyre-9788426102065\/","og_site_name":"Editorial Juventud","article_modified_time":"2024-02-01T12:37:27+00:00","og_image":[{"width":295,"height":450,"url":"https:\/\/www.editorialjuventud.es\/wp-content\/uploads\/0206.jpg","type":"image\/jpeg"}],"twitter_card":"summary_large_image","twitter_misc":{"Temps estimat de lectura":"1 minut"},"schema":{"@context":"https:\/\/schema.org","@graph":[{"@type":"WebPage","@id":"https:\/\/www.editorialjuventud.es\/jane-eyre-9788426102065\/","url":"https:\/\/www.editorialjuventud.es\/jane-eyre-9788426102065\/","name":"Jane Eyre - Editorial Juventud","isPartOf":{"@id":"https:\/\/www.editorialjuventud.es\/#website"},"primaryImageOfPage":{"@id":"https:\/\/www.editorialjuventud.es\/jane-eyre-9788426102065\/#primaryimage"},"image":{"@id":"https:\/\/www.editorialjuventud.es\/jane-eyre-9788426102065\/#primaryimage"},"thumbnailUrl":"https:\/\/www.editorialjuventud.es\/wp-content\/uploads\/0206.jpg","datePublished":"2018-08-24T08:01:53+00:00","dateModified":"2024-02-01T12:37:27+00:00","description":"Jane Eyre es una joven hu\u00e9rfana que ha conocido todo tipo de privaciones e injusticias, pero con su gran fuerza de car\u00e1cter consigue sobreponerse a todas","breadcrumb":{"@id":"https:\/\/www.editorialjuventud.es\/jane-eyre-9788426102065\/#breadcrumb"},"inLanguage":"ca","potentialAction":[{"@type":"ReadAction","target":["https:\/\/www.editorialjuventud.es\/jane-eyre-9788426102065\/"]}]},{"@type":"ImageObject","inLanguage":"ca","@id":"https:\/\/www.editorialjuventud.es\/jane-eyre-9788426102065\/#primaryimage","url":"https:\/\/www.editorialjuventud.es\/wp-content\/uploads\/0206.jpg","contentUrl":"https:\/\/www.editorialjuventud.es\/wp-content\/uploads\/0206.jpg","width":295,"height":450,"caption":"0206.jpg"},{"@type":"BreadcrumbList","@id":"https:\/\/www.editorialjuventud.es\/jane-eyre-9788426102065\/#breadcrumb","itemListElement":[{"@type":"ListItem","position":1,"name":"Portada","item":"https:\/\/www.editorialjuventud.es\/"},{"@type":"ListItem","position":2,"name":"cat\u00e1logo","item":"https:\/\/www.editorialjuventud.es\/coleccion\/catalogo\/"},{"@type":"ListItem","position":3,"name":"castellano","item":"https:\/\/www.editorialjuventud.es\/coleccion\/castellano\/"},{"@type":"ListItem","position":4,"name":"Libros de Bolsillo","item":"https:\/\/www.editorialjuventud.es\/coleccion\/libros-de-bolsillo\/"},{"@type":"ListItem","position":5,"name":"Colecci\u00f3n Z","item":"https:\/\/www.editorialjuventud.es\/coleccion\/coleccion-z\/"},{"@type":"ListItem","position":6,"name":"Novela","item":"https:\/\/www.editorialjuventud.es\/coleccion\/novela\/"},{"@type":"ListItem","position":7,"name":"Jane Eyre"}]},{"@type":"WebSite","@id":"https:\/\/www.editorialjuventud.es\/#website","url":"https:\/\/www.editorialjuventud.es\/","name":"Editorial Juventud","description":"","potentialAction":[{"@type":"SearchAction","target":{"@type":"EntryPoint","urlTemplate":"https:\/\/www.editorialjuventud.es\/?s={search_term_string}"},"query-input":{"@type":"PropertyValueSpecification","valueRequired":true,"valueName":"search_term_string"}}],"inLanguage":"ca"}]}},"_links":{"self":[{"href":"https:\/\/www.editorialjuventud.es\/ca\/wp-json\/wp\/v2\/product\/4823","targetHints":{"allow":["GET"]}}],"collection":[{"href":"https:\/\/www.editorialjuventud.es\/ca\/wp-json\/wp\/v2\/product"}],"about":[{"href":"https:\/\/www.editorialjuventud.es\/ca\/wp-json\/wp\/v2\/types\/product"}],"wp:featuredmedia":[{"embeddable":true,"href":"https:\/\/www.editorialjuventud.es\/ca\/wp-json\/wp\/v2\/media\/6476"}],"wp:attachment":[{"href":"https:\/\/www.editorialjuventud.es\/ca\/wp-json\/wp\/v2\/media?parent=4823"}],"wp:term":[{"taxonomy":"product_brand","embeddable":true,"href":"https:\/\/www.editorialjuventud.es\/ca\/wp-json\/wp\/v2\/product_brand?post=4823"},{"taxonomy":"product_cat","embeddable":true,"href":"https:\/\/www.editorialjuventud.es\/ca\/wp-json\/wp\/v2\/product_cat?post=4823"},{"taxonomy":"product_tag","embeddable":true,"href":"https:\/\/www.editorialjuventud.es\/ca\/wp-json\/wp\/v2\/product_tag?post=4823"},{"taxonomy":"coleccion","embeddable":true,"href":"https:\/\/www.editorialjuventud.es\/ca\/wp-json\/wp\/v2\/coleccion?post=4823"}],"curies":[{"name":"wp","href":"https:\/\/api.w.org\/{rel}","templated":true}]}}