{"id":4816,"date":"2018-08-24T10:01:18","date_gmt":"2018-08-24T08:01:18","guid":{"rendered":"http:\/\/www.editorialjuventud.es\/tintin-i-els-picaros\/"},"modified":"2025-10-31T13:45:34","modified_gmt":"2025-10-31T12:45:34","slug":"tintin-i-els-picaros-9788426101518","status":"publish","type":"product","link":"https:\/\/www.editorialjuventud.es\/ca\/tintin-i-els-picaros-9788426101518\/","title":{"rendered":"Tint\u00edn i &#8216;els P\u00edcaros&#8217;"},"content":{"rendered":"<p>Als aficionats a les aventures d\u2019en Tint\u00edn els calgu\u00e9 esperar vuit anys despr\u00e9s de llegir Vol 714 a Sidney , per poder seguir llegint-les a Tint\u00edn i els &#8216;P\u00edcaros&#8217;, que comen\u00e7\u00e0 a apar\u00e8ixer l\u2019any 1976. Herg\u00e9 ara nom\u00e9s treballava per gust i no tenia cap pressa de fer-ho. La idea per al llibre va tardar a prendre forma. Ell tenia clar l\u2019entorn: Am\u00e8rica del Sud. Per a la hist\u00f2ria va inspirar-se una mica en l\u2019assumpte de Regis Debr\u00e9 i els Tupamaros. Per\u00f2 aquests fets nom\u00e9s s\u00f3n el marc de l\u2019aventura. Tornem a anar a la imagin\u00e0ria rep\u00fablica de Sant Teodoro (vegeu L\u2019orella escap\u00e7ada) en la qual dos generals aspirants a dictadors es fan una guerra cont\u00ednua per aconseguir el poder. Retrobem l\u2019inefable general Alc\u00e1zar (vegeu L\u2019orella escap\u00e7ada, Les set boles de cristall). Tamb\u00e9 al coronel Sp\u00f6nz (L\u2019afer Tornasol), ara sota el nom d\u2019Esponja i que ha estat enviat per Bord\u00faria per tal de donar suport al general Tapioca i a l\u2019explorador Ridgewell (vegeu L\u2019orella escap\u00e7ada). En Seraf\u00ed Llaut\u00f3, tamb\u00e9 volta per aqu\u00ed amb la seva aclaparadora personalitat, president el grup dels Reis de la Saragata, hi trobarem tamb\u00e9 &#8216;l\u2019encisadora&#8217; esposa d\u2019en Tapioca: la terrible Peggy.<br \/>\nEn aquest \u00e0lbum hi crida l&#8217;atenci\u00f3 el fet que en Tint\u00edn porta texans, condueix una moto amb una ins\u00edgnia al casc a favor de la pau i fa ioga!<\/p>\n","protected":false},"excerpt":{"rendered":"Als aficionats a les aventures d\u2019en Tint\u00edn els calgu\u00e9 esperar vuit anys despr\u00e9s de llegir Vol 714 a Sidney , per poder seguir llegint-les a Tint\u00edn i els &#8216;P\u00edcaros&#8217;, que comen\u00e7\u00e0 a apar\u00e8ixer l\u2019any 1976. Herg\u00e9 ara nom\u00e9s treballava per [&hellip;]","protected":false},"featured_media":15167,"template":"","meta":{"_acf_changed":false,"_exactmetrics_skip_tracking":false,"_exactmetrics_sitenote_active":false,"_exactmetrics_sitenote_note":"","_exactmetrics_sitenote_category":0},"product_brand":[],"product_cat":[902,1142,1127,892,1128],"product_tag":[],"coleccion":[1087],"class_list":{"0":"post-4816","1":"product","2":"type-product","3":"status-publish","4":"has-post-thumbnail","6":"product_cat-a-partir-de-7-anos","7":"product_cat-aventura","8":"product_cat-comic","9":"product_cat-edades","10":"product_cat-tematica","11":"coleccion-les-aventures-de-tintin-llibres-de-tintin","13":"first","14":"instock","15":"taxable","16":"shipping-taxable","17":"purchasable","18":"product-type-simple"},"acf":{"autor":"HERGE-TINTIN CATALAN","codart":"0151-8","ediciones":"21","encuadernacion":"Carton\u00e9","fecha_de_publicacion":"11\/10\/1989","novedad":"0","paginas":"64","subtitulo":"","texto_web_adicional":"","texto_web_novedad":"","orden":"999","portada":"0","texto_web_resaltado":"","indice":"","autores-libros":[16407],"ilustradores-libros":[16407],"traductores-libros":[18322],"fecha_de_reimpresion":"","descripcion_corta":"","recomendamos":"","mas_vendido":"","idioma-libro":"","color":false,"formato":"","mas_informacion_del_producto":false,"premios":false,"deshabilitar_compra":[],"texto_enlace_cubierta":"","enlace_cubierta":false,"texto_enlace_ficha_tecnica":"","enlace_ficha_tecnica":false,"ficheros":false,"titulo-fr":"","texto-fr":""},"yoast_head":"<!-- This site is optimized with the Yoast SEO plugin v27.5 - https:\/\/yoast.com\/product\/yoast-seo-wordpress\/ -->\n<title>Tint\u00edn i &#039;els P\u00edcaros&#039; - Editorial Juventud<\/title>\n<meta name=\"description\" content=\"Als aficionats a les aventures d\u2019en Tint\u00edn els calgu\u00e9 esperar vuit anys despr\u00e9s de llegir Vol 714 a Sidney , per poder seguir llegint-les a Tint\u00edn i els\" \/>\n<meta name=\"robots\" content=\"index, follow, max-snippet:-1, max-image-preview:large, max-video-preview:-1\" \/>\n<link rel=\"canonical\" href=\"https:\/\/www.editorialjuventud.es\/tintin-i-els-picaros-9788426101518\/\" \/>\n<meta property=\"og:locale\" content=\"ca_ES\" \/>\n<meta property=\"og:type\" content=\"article\" \/>\n<meta property=\"og:title\" content=\"Tint\u00edn i &#039;els P\u00edcaros&#039; - Editorial Juventud\" \/>\n<meta property=\"og:description\" content=\"Als aficionats a les aventures d\u2019en Tint\u00edn els calgu\u00e9 esperar vuit anys despr\u00e9s de llegir Vol 714 a Sidney , per poder seguir llegint-les a Tint\u00edn i els\" \/>\n<meta property=\"og:url\" content=\"https:\/\/www.editorialjuventud.es\/tintin-i-els-picaros-9788426101518\/\" \/>\n<meta property=\"og:site_name\" content=\"Editorial Juventud\" \/>\n<meta property=\"article:modified_time\" content=\"2025-10-31T12:45:34+00:00\" \/>\n<meta property=\"og:image\" content=\"https:\/\/www.editorialjuventud.es\/wp-content\/uploads\/9788426101518.jpg\" \/>\n\t<meta property=\"og:image:width\" content=\"328\" \/>\n\t<meta property=\"og:image:height\" content=\"450\" \/>\n\t<meta property=\"og:image:type\" content=\"image\/jpeg\" \/>\n<meta name=\"twitter:card\" content=\"summary_large_image\" \/>\n<meta name=\"twitter:label1\" content=\"Temps estimat de lectura\" \/>\n\t<meta name=\"twitter:data1\" content=\"2 minuts\" \/>\n<script type=\"application\/ld+json\" class=\"yoast-schema-graph\">{\"@context\":\"https:\\\/\\\/schema.org\",\"@graph\":[{\"@type\":\"WebPage\",\"@id\":\"https:\\\/\\\/www.editorialjuventud.es\\\/tintin-i-els-picaros-9788426101518\\\/\",\"url\":\"https:\\\/\\\/www.editorialjuventud.es\\\/tintin-i-els-picaros-9788426101518\\\/\",\"name\":\"Tint\u00edn i 'els P\u00edcaros' - Editorial Juventud\",\"isPartOf\":{\"@id\":\"https:\\\/\\\/www.editorialjuventud.es\\\/#website\"},\"primaryImageOfPage\":{\"@id\":\"https:\\\/\\\/www.editorialjuventud.es\\\/tintin-i-els-picaros-9788426101518\\\/#primaryimage\"},\"image\":{\"@id\":\"https:\\\/\\\/www.editorialjuventud.es\\\/tintin-i-els-picaros-9788426101518\\\/#primaryimage\"},\"thumbnailUrl\":\"https:\\\/\\\/www.editorialjuventud.es\\\/wp-content\\\/uploads\\\/9788426101518.jpg\",\"datePublished\":\"2018-08-24T08:01:18+00:00\",\"dateModified\":\"2025-10-31T12:45:34+00:00\",\"description\":\"Als aficionats a les aventures d\u2019en Tint\u00edn els calgu\u00e9 esperar vuit anys despr\u00e9s de llegir Vol 714 a Sidney , per poder seguir llegint-les a Tint\u00edn i els\",\"breadcrumb\":{\"@id\":\"https:\\\/\\\/www.editorialjuventud.es\\\/tintin-i-els-picaros-9788426101518\\\/#breadcrumb\"},\"inLanguage\":\"ca\",\"potentialAction\":[{\"@type\":\"ReadAction\",\"target\":[\"https:\\\/\\\/www.editorialjuventud.es\\\/tintin-i-els-picaros-9788426101518\\\/\"]}]},{\"@type\":\"ImageObject\",\"inLanguage\":\"ca\",\"@id\":\"https:\\\/\\\/www.editorialjuventud.es\\\/tintin-i-els-picaros-9788426101518\\\/#primaryimage\",\"url\":\"https:\\\/\\\/www.editorialjuventud.es\\\/wp-content\\\/uploads\\\/9788426101518.jpg\",\"contentUrl\":\"https:\\\/\\\/www.editorialjuventud.es\\\/wp-content\\\/uploads\\\/9788426101518.jpg\",\"width\":328,\"height\":450,\"caption\":\"9788426101518.jpg\"},{\"@type\":\"BreadcrumbList\",\"@id\":\"https:\\\/\\\/www.editorialjuventud.es\\\/tintin-i-els-picaros-9788426101518\\\/#breadcrumb\",\"itemListElement\":[{\"@type\":\"ListItem\",\"position\":1,\"name\":\"Portada\",\"item\":\"https:\\\/\\\/www.editorialjuventud.es\\\/\"},{\"@type\":\"ListItem\",\"position\":2,\"name\":\"cat\u00e1logo\",\"item\":\"https:\\\/\\\/www.editorialjuventud.es\\\/coleccion\\\/catalogo\\\/\"},{\"@type\":\"ListItem\",\"position\":3,\"name\":\"catal\u00e0\",\"item\":\"https:\\\/\\\/www.editorialjuventud.es\\\/coleccion\\\/catala\\\/\"},{\"@type\":\"ListItem\",\"position\":4,\"name\":\"Llibres de Tint\u00edn\",\"item\":\"https:\\\/\\\/www.editorialjuventud.es\\\/ca\\\/coleccion\\\/llibres-de-tintin\\\/\"},{\"@type\":\"ListItem\",\"position\":5,\"name\":\"Les Aventures de Tint\u00edn\",\"item\":\"https:\\\/\\\/www.editorialjuventud.es\\\/ca\\\/coleccion\\\/les-aventures-de-tintin-llibres-de-tintin\\\/\"},{\"@type\":\"ListItem\",\"position\":6,\"name\":\"Tint\u00edn i 'els P\u00edcaros'\"}]},{\"@type\":\"WebSite\",\"@id\":\"https:\\\/\\\/www.editorialjuventud.es\\\/#website\",\"url\":\"https:\\\/\\\/www.editorialjuventud.es\\\/\",\"name\":\"Editorial Juventud\",\"description\":\"\",\"potentialAction\":[{\"@type\":\"SearchAction\",\"target\":{\"@type\":\"EntryPoint\",\"urlTemplate\":\"https:\\\/\\\/www.editorialjuventud.es\\\/?s={search_term_string}\"},\"query-input\":{\"@type\":\"PropertyValueSpecification\",\"valueRequired\":true,\"valueName\":\"search_term_string\"}}],\"inLanguage\":\"ca\"}]}<\/script>\n<!-- \/ Yoast SEO plugin. -->","yoast_head_json":{"title":"Tint\u00edn i 'els P\u00edcaros' - Editorial Juventud","description":"Als aficionats a les aventures d\u2019en Tint\u00edn els calgu\u00e9 esperar vuit anys despr\u00e9s de llegir Vol 714 a Sidney , per poder seguir llegint-les a Tint\u00edn i els","robots":{"index":"index","follow":"follow","max-snippet":"max-snippet:-1","max-image-preview":"max-image-preview:large","max-video-preview":"max-video-preview:-1"},"canonical":"https:\/\/www.editorialjuventud.es\/tintin-i-els-picaros-9788426101518\/","og_locale":"ca_ES","og_type":"article","og_title":"Tint\u00edn i 'els P\u00edcaros' - Editorial Juventud","og_description":"Als aficionats a les aventures d\u2019en Tint\u00edn els calgu\u00e9 esperar vuit anys despr\u00e9s de llegir Vol 714 a Sidney , per poder seguir llegint-les a Tint\u00edn i els","og_url":"https:\/\/www.editorialjuventud.es\/tintin-i-els-picaros-9788426101518\/","og_site_name":"Editorial Juventud","article_modified_time":"2025-10-31T12:45:34+00:00","og_image":[{"width":328,"height":450,"url":"https:\/\/www.editorialjuventud.es\/wp-content\/uploads\/9788426101518.jpg","type":"image\/jpeg"}],"twitter_card":"summary_large_image","twitter_misc":{"Temps estimat de lectura":"2 minuts"},"schema":{"@context":"https:\/\/schema.org","@graph":[{"@type":"WebPage","@id":"https:\/\/www.editorialjuventud.es\/tintin-i-els-picaros-9788426101518\/","url":"https:\/\/www.editorialjuventud.es\/tintin-i-els-picaros-9788426101518\/","name":"Tint\u00edn i 'els P\u00edcaros' - Editorial Juventud","isPartOf":{"@id":"https:\/\/www.editorialjuventud.es\/#website"},"primaryImageOfPage":{"@id":"https:\/\/www.editorialjuventud.es\/tintin-i-els-picaros-9788426101518\/#primaryimage"},"image":{"@id":"https:\/\/www.editorialjuventud.es\/tintin-i-els-picaros-9788426101518\/#primaryimage"},"thumbnailUrl":"https:\/\/www.editorialjuventud.es\/wp-content\/uploads\/9788426101518.jpg","datePublished":"2018-08-24T08:01:18+00:00","dateModified":"2025-10-31T12:45:34+00:00","description":"Als aficionats a les aventures d\u2019en Tint\u00edn els calgu\u00e9 esperar vuit anys despr\u00e9s de llegir Vol 714 a Sidney , per poder seguir llegint-les a Tint\u00edn i els","breadcrumb":{"@id":"https:\/\/www.editorialjuventud.es\/tintin-i-els-picaros-9788426101518\/#breadcrumb"},"inLanguage":"ca","potentialAction":[{"@type":"ReadAction","target":["https:\/\/www.editorialjuventud.es\/tintin-i-els-picaros-9788426101518\/"]}]},{"@type":"ImageObject","inLanguage":"ca","@id":"https:\/\/www.editorialjuventud.es\/tintin-i-els-picaros-9788426101518\/#primaryimage","url":"https:\/\/www.editorialjuventud.es\/wp-content\/uploads\/9788426101518.jpg","contentUrl":"https:\/\/www.editorialjuventud.es\/wp-content\/uploads\/9788426101518.jpg","width":328,"height":450,"caption":"9788426101518.jpg"},{"@type":"BreadcrumbList","@id":"https:\/\/www.editorialjuventud.es\/tintin-i-els-picaros-9788426101518\/#breadcrumb","itemListElement":[{"@type":"ListItem","position":1,"name":"Portada","item":"https:\/\/www.editorialjuventud.es\/"},{"@type":"ListItem","position":2,"name":"cat\u00e1logo","item":"https:\/\/www.editorialjuventud.es\/coleccion\/catalogo\/"},{"@type":"ListItem","position":3,"name":"catal\u00e0","item":"https:\/\/www.editorialjuventud.es\/coleccion\/catala\/"},{"@type":"ListItem","position":4,"name":"Llibres de Tint\u00edn","item":"https:\/\/www.editorialjuventud.es\/ca\/coleccion\/llibres-de-tintin\/"},{"@type":"ListItem","position":5,"name":"Les Aventures de Tint\u00edn","item":"https:\/\/www.editorialjuventud.es\/ca\/coleccion\/les-aventures-de-tintin-llibres-de-tintin\/"},{"@type":"ListItem","position":6,"name":"Tint\u00edn i 'els P\u00edcaros'"}]},{"@type":"WebSite","@id":"https:\/\/www.editorialjuventud.es\/#website","url":"https:\/\/www.editorialjuventud.es\/","name":"Editorial Juventud","description":"","potentialAction":[{"@type":"SearchAction","target":{"@type":"EntryPoint","urlTemplate":"https:\/\/www.editorialjuventud.es\/?s={search_term_string}"},"query-input":{"@type":"PropertyValueSpecification","valueRequired":true,"valueName":"search_term_string"}}],"inLanguage":"ca"}]}},"_links":{"self":[{"href":"https:\/\/www.editorialjuventud.es\/ca\/wp-json\/wp\/v2\/product\/4816","targetHints":{"allow":["GET"]}}],"collection":[{"href":"https:\/\/www.editorialjuventud.es\/ca\/wp-json\/wp\/v2\/product"}],"about":[{"href":"https:\/\/www.editorialjuventud.es\/ca\/wp-json\/wp\/v2\/types\/product"}],"wp:featuredmedia":[{"embeddable":true,"href":"https:\/\/www.editorialjuventud.es\/ca\/wp-json\/wp\/v2\/media\/15167"}],"wp:attachment":[{"href":"https:\/\/www.editorialjuventud.es\/ca\/wp-json\/wp\/v2\/media?parent=4816"}],"wp:term":[{"taxonomy":"product_brand","embeddable":true,"href":"https:\/\/www.editorialjuventud.es\/ca\/wp-json\/wp\/v2\/product_brand?post=4816"},{"taxonomy":"product_cat","embeddable":true,"href":"https:\/\/www.editorialjuventud.es\/ca\/wp-json\/wp\/v2\/product_cat?post=4816"},{"taxonomy":"product_tag","embeddable":true,"href":"https:\/\/www.editorialjuventud.es\/ca\/wp-json\/wp\/v2\/product_tag?post=4816"},{"taxonomy":"coleccion","embeddable":true,"href":"https:\/\/www.editorialjuventud.es\/ca\/wp-json\/wp\/v2\/coleccion?post=4816"}],"curies":[{"name":"wp","href":"https:\/\/api.w.org\/{rel}","templated":true}]}}