{"id":4815,"date":"2018-08-24T10:01:13","date_gmt":"2018-08-24T08:01:13","guid":{"rendered":"http:\/\/www.editorialjuventud.es\/las-moradas\/"},"modified":"2019-10-09T13:32:24","modified_gmt":"2019-10-09T11:32:24","slug":"las-moradas-9788426101402","status":"publish","type":"product","link":"https:\/\/www.editorialjuventud.es\/ca\/las-moradas-9788426101402\/","title":{"rendered":"Las moradas"},"content":{"rendered":"<p>Las moradas, escrita por Santa Teresa de Jes\u00fas en 1577, est\u00e1 considerada como la obra m\u00e1s perfecta de la m\u00edstica espa\u00f1ola, verdadera s\u00edntesis de la experiencia espiritual de la autora. Sin preocupaciones literarias, con un estilo sobrio y sencillo, un lenguaje popular sumamente expresivo, Teresa de Jes\u00fas supo expresar en su obra todo el contenido de la teolog\u00eda m\u00edstica. Pr\u00f3logo y notas del profesor Juan Alcina Franch.<\/p>\n","protected":false},"excerpt":{"rendered":"Las moradas, escrita por Santa Teresa de Jes\u00fas en 1577, est\u00e1 considerada como la obra m\u00e1s perfecta de la m\u00edstica espa\u00f1ola, verdadera s\u00edntesis de la experiencia espiritual de la autora. Sin preocupaciones literarias, con un estilo sobrio y sencillo, un [&hellip;]","protected":false},"featured_media":6474,"template":"","meta":{"_acf_changed":false,"_exactmetrics_skip_tracking":false,"_exactmetrics_sitenote_active":false,"_exactmetrics_sitenote_note":"","_exactmetrics_sitenote_category":0},"product_brand":[],"product_cat":[905,892,1115,1118],"product_tag":[],"coleccion":[916,1083,1007,938],"class_list":{"0":"post-4815","1":"product","2":"type-product","3":"status-publish","4":"has-post-thumbnail","6":"product_cat-adulto","7":"product_cat-edades","8":"product_cat-generos","9":"product_cat-literatura-clasica","10":"coleccion-castellano","11":"coleccion-clasicos","12":"coleccion-coleccion-z","13":"coleccion-libros-de-bolsillo","15":"first","16":"instock","17":"taxable","18":"shipping-taxable","19":"purchasable","20":"product-type-simple"},"acf":{"autores-libros":[16601],"traductores-libros":[18388]},"yoast_head":"<!-- This site is optimized with the Yoast SEO plugin v27.5 - https:\/\/yoast.com\/product\/yoast-seo-wordpress\/ -->\n<title>Las moradas - Editorial Juventud<\/title>\n<meta name=\"description\" content=\"Las moradas, escrita por Santa Teresa de Jes\u00fas en 1577, est\u00e1 considerada como la obra m\u00e1s perfecta de la m\u00edstica espa\u00f1ola, verdadera s\u00edntesis de la\" \/>\n<meta name=\"robots\" content=\"index, follow, max-snippet:-1, max-image-preview:large, max-video-preview:-1\" \/>\n<link rel=\"canonical\" href=\"https:\/\/www.editorialjuventud.es\/las-moradas-9788426101402\/\" \/>\n<meta property=\"og:locale\" content=\"ca_ES\" \/>\n<meta property=\"og:type\" content=\"article\" \/>\n<meta property=\"og:title\" content=\"Las moradas - Editorial Juventud\" \/>\n<meta property=\"og:description\" content=\"Las moradas, escrita por Santa Teresa de Jes\u00fas en 1577, est\u00e1 considerada como la obra m\u00e1s perfecta de la m\u00edstica espa\u00f1ola, verdadera s\u00edntesis de la\" \/>\n<meta property=\"og:url\" content=\"https:\/\/www.editorialjuventud.es\/las-moradas-9788426101402\/\" \/>\n<meta property=\"og:site_name\" content=\"Editorial Juventud\" \/>\n<meta property=\"article:modified_time\" content=\"2019-10-09T11:32:24+00:00\" \/>\n<meta property=\"og:image\" content=\"https:\/\/www.editorialjuventud.es\/wp-content\/uploads\/0140.jpg\" \/>\n\t<meta property=\"og:image:width\" content=\"292\" \/>\n\t<meta property=\"og:image:height\" content=\"450\" \/>\n\t<meta property=\"og:image:type\" content=\"image\/jpeg\" \/>\n<meta name=\"twitter:card\" content=\"summary_large_image\" \/>\n<script type=\"application\/ld+json\" class=\"yoast-schema-graph\">{\"@context\":\"https:\\\/\\\/schema.org\",\"@graph\":[{\"@type\":\"WebPage\",\"@id\":\"https:\\\/\\\/www.editorialjuventud.es\\\/las-moradas-9788426101402\\\/\",\"url\":\"https:\\\/\\\/www.editorialjuventud.es\\\/las-moradas-9788426101402\\\/\",\"name\":\"Las moradas - Editorial Juventud\",\"isPartOf\":{\"@id\":\"https:\\\/\\\/www.editorialjuventud.es\\\/#website\"},\"primaryImageOfPage\":{\"@id\":\"https:\\\/\\\/www.editorialjuventud.es\\\/las-moradas-9788426101402\\\/#primaryimage\"},\"image\":{\"@id\":\"https:\\\/\\\/www.editorialjuventud.es\\\/las-moradas-9788426101402\\\/#primaryimage\"},\"thumbnailUrl\":\"https:\\\/\\\/www.editorialjuventud.es\\\/wp-content\\\/uploads\\\/0140.jpg\",\"datePublished\":\"2018-08-24T08:01:13+00:00\",\"dateModified\":\"2019-10-09T11:32:24+00:00\",\"description\":\"Las moradas, escrita por Santa Teresa de Jes\u00fas en 1577, est\u00e1 considerada como la obra m\u00e1s perfecta de la m\u00edstica espa\u00f1ola, verdadera s\u00edntesis de la\",\"breadcrumb\":{\"@id\":\"https:\\\/\\\/www.editorialjuventud.es\\\/las-moradas-9788426101402\\\/#breadcrumb\"},\"inLanguage\":\"ca\",\"potentialAction\":[{\"@type\":\"ReadAction\",\"target\":[\"https:\\\/\\\/www.editorialjuventud.es\\\/las-moradas-9788426101402\\\/\"]}]},{\"@type\":\"ImageObject\",\"inLanguage\":\"ca\",\"@id\":\"https:\\\/\\\/www.editorialjuventud.es\\\/las-moradas-9788426101402\\\/#primaryimage\",\"url\":\"https:\\\/\\\/www.editorialjuventud.es\\\/wp-content\\\/uploads\\\/0140.jpg\",\"contentUrl\":\"https:\\\/\\\/www.editorialjuventud.es\\\/wp-content\\\/uploads\\\/0140.jpg\",\"width\":292,\"height\":450},{\"@type\":\"BreadcrumbList\",\"@id\":\"https:\\\/\\\/www.editorialjuventud.es\\\/las-moradas-9788426101402\\\/#breadcrumb\",\"itemListElement\":[{\"@type\":\"ListItem\",\"position\":1,\"name\":\"Portada\",\"item\":\"https:\\\/\\\/www.editorialjuventud.es\\\/\"},{\"@type\":\"ListItem\",\"position\":2,\"name\":\"cat\u00e1logo\",\"item\":\"https:\\\/\\\/www.editorialjuventud.es\\\/coleccion\\\/catalogo\\\/\"},{\"@type\":\"ListItem\",\"position\":3,\"name\":\"castellano\",\"item\":\"https:\\\/\\\/www.editorialjuventud.es\\\/coleccion\\\/castellano\\\/\"},{\"@type\":\"ListItem\",\"position\":4,\"name\":\"Libros de Bolsillo\",\"item\":\"https:\\\/\\\/www.editorialjuventud.es\\\/coleccion\\\/libros-de-bolsillo\\\/\"},{\"@type\":\"ListItem\",\"position\":5,\"name\":\"Colecci\u00f3n Z\",\"item\":\"https:\\\/\\\/www.editorialjuventud.es\\\/coleccion\\\/coleccion-z\\\/\"},{\"@type\":\"ListItem\",\"position\":6,\"name\":\"Cl\u00e1sicos\",\"item\":\"https:\\\/\\\/www.editorialjuventud.es\\\/ca\\\/coleccion\\\/clasicos\\\/\"},{\"@type\":\"ListItem\",\"position\":7,\"name\":\"Las moradas\"}]},{\"@type\":\"WebSite\",\"@id\":\"https:\\\/\\\/www.editorialjuventud.es\\\/#website\",\"url\":\"https:\\\/\\\/www.editorialjuventud.es\\\/\",\"name\":\"Editorial Juventud\",\"description\":\"\",\"potentialAction\":[{\"@type\":\"SearchAction\",\"target\":{\"@type\":\"EntryPoint\",\"urlTemplate\":\"https:\\\/\\\/www.editorialjuventud.es\\\/?s={search_term_string}\"},\"query-input\":{\"@type\":\"PropertyValueSpecification\",\"valueRequired\":true,\"valueName\":\"search_term_string\"}}],\"inLanguage\":\"ca\"}]}<\/script>\n<!-- \/ Yoast SEO plugin. -->","yoast_head_json":{"title":"Las moradas - Editorial Juventud","description":"Las moradas, escrita por Santa Teresa de Jes\u00fas en 1577, est\u00e1 considerada como la obra m\u00e1s perfecta de la m\u00edstica espa\u00f1ola, verdadera s\u00edntesis de la","robots":{"index":"index","follow":"follow","max-snippet":"max-snippet:-1","max-image-preview":"max-image-preview:large","max-video-preview":"max-video-preview:-1"},"canonical":"https:\/\/www.editorialjuventud.es\/las-moradas-9788426101402\/","og_locale":"ca_ES","og_type":"article","og_title":"Las moradas - Editorial Juventud","og_description":"Las moradas, escrita por Santa Teresa de Jes\u00fas en 1577, est\u00e1 considerada como la obra m\u00e1s perfecta de la m\u00edstica espa\u00f1ola, verdadera s\u00edntesis de la","og_url":"https:\/\/www.editorialjuventud.es\/las-moradas-9788426101402\/","og_site_name":"Editorial Juventud","article_modified_time":"2019-10-09T11:32:24+00:00","og_image":[{"width":292,"height":450,"url":"https:\/\/www.editorialjuventud.es\/wp-content\/uploads\/0140.jpg","type":"image\/jpeg"}],"twitter_card":"summary_large_image","schema":{"@context":"https:\/\/schema.org","@graph":[{"@type":"WebPage","@id":"https:\/\/www.editorialjuventud.es\/las-moradas-9788426101402\/","url":"https:\/\/www.editorialjuventud.es\/las-moradas-9788426101402\/","name":"Las moradas - Editorial Juventud","isPartOf":{"@id":"https:\/\/www.editorialjuventud.es\/#website"},"primaryImageOfPage":{"@id":"https:\/\/www.editorialjuventud.es\/las-moradas-9788426101402\/#primaryimage"},"image":{"@id":"https:\/\/www.editorialjuventud.es\/las-moradas-9788426101402\/#primaryimage"},"thumbnailUrl":"https:\/\/www.editorialjuventud.es\/wp-content\/uploads\/0140.jpg","datePublished":"2018-08-24T08:01:13+00:00","dateModified":"2019-10-09T11:32:24+00:00","description":"Las moradas, escrita por Santa Teresa de Jes\u00fas en 1577, est\u00e1 considerada como la obra m\u00e1s perfecta de la m\u00edstica espa\u00f1ola, verdadera s\u00edntesis de la","breadcrumb":{"@id":"https:\/\/www.editorialjuventud.es\/las-moradas-9788426101402\/#breadcrumb"},"inLanguage":"ca","potentialAction":[{"@type":"ReadAction","target":["https:\/\/www.editorialjuventud.es\/las-moradas-9788426101402\/"]}]},{"@type":"ImageObject","inLanguage":"ca","@id":"https:\/\/www.editorialjuventud.es\/las-moradas-9788426101402\/#primaryimage","url":"https:\/\/www.editorialjuventud.es\/wp-content\/uploads\/0140.jpg","contentUrl":"https:\/\/www.editorialjuventud.es\/wp-content\/uploads\/0140.jpg","width":292,"height":450},{"@type":"BreadcrumbList","@id":"https:\/\/www.editorialjuventud.es\/las-moradas-9788426101402\/#breadcrumb","itemListElement":[{"@type":"ListItem","position":1,"name":"Portada","item":"https:\/\/www.editorialjuventud.es\/"},{"@type":"ListItem","position":2,"name":"cat\u00e1logo","item":"https:\/\/www.editorialjuventud.es\/coleccion\/catalogo\/"},{"@type":"ListItem","position":3,"name":"castellano","item":"https:\/\/www.editorialjuventud.es\/coleccion\/castellano\/"},{"@type":"ListItem","position":4,"name":"Libros de Bolsillo","item":"https:\/\/www.editorialjuventud.es\/coleccion\/libros-de-bolsillo\/"},{"@type":"ListItem","position":5,"name":"Colecci\u00f3n Z","item":"https:\/\/www.editorialjuventud.es\/coleccion\/coleccion-z\/"},{"@type":"ListItem","position":6,"name":"Cl\u00e1sicos","item":"https:\/\/www.editorialjuventud.es\/ca\/coleccion\/clasicos\/"},{"@type":"ListItem","position":7,"name":"Las moradas"}]},{"@type":"WebSite","@id":"https:\/\/www.editorialjuventud.es\/#website","url":"https:\/\/www.editorialjuventud.es\/","name":"Editorial Juventud","description":"","potentialAction":[{"@type":"SearchAction","target":{"@type":"EntryPoint","urlTemplate":"https:\/\/www.editorialjuventud.es\/?s={search_term_string}"},"query-input":{"@type":"PropertyValueSpecification","valueRequired":true,"valueName":"search_term_string"}}],"inLanguage":"ca"}]}},"_links":{"self":[{"href":"https:\/\/www.editorialjuventud.es\/ca\/wp-json\/wp\/v2\/product\/4815","targetHints":{"allow":["GET"]}}],"collection":[{"href":"https:\/\/www.editorialjuventud.es\/ca\/wp-json\/wp\/v2\/product"}],"about":[{"href":"https:\/\/www.editorialjuventud.es\/ca\/wp-json\/wp\/v2\/types\/product"}],"wp:featuredmedia":[{"embeddable":true,"href":"https:\/\/www.editorialjuventud.es\/ca\/wp-json\/wp\/v2\/media\/6474"}],"wp:attachment":[{"href":"https:\/\/www.editorialjuventud.es\/ca\/wp-json\/wp\/v2\/media?parent=4815"}],"wp:term":[{"taxonomy":"product_brand","embeddable":true,"href":"https:\/\/www.editorialjuventud.es\/ca\/wp-json\/wp\/v2\/product_brand?post=4815"},{"taxonomy":"product_cat","embeddable":true,"href":"https:\/\/www.editorialjuventud.es\/ca\/wp-json\/wp\/v2\/product_cat?post=4815"},{"taxonomy":"product_tag","embeddable":true,"href":"https:\/\/www.editorialjuventud.es\/ca\/wp-json\/wp\/v2\/product_tag?post=4815"},{"taxonomy":"coleccion","embeddable":true,"href":"https:\/\/www.editorialjuventud.es\/ca\/wp-json\/wp\/v2\/coleccion?post=4815"}],"curies":[{"name":"wp","href":"https:\/\/api.w.org\/{rel}","templated":true}]}}