{"id":46389,"date":"2020-11-03T06:20:09","date_gmt":"2020-11-03T05:20:09","guid":{"rendered":"https:\/\/www.editorialjuventud.es\/diccionario-de-autores-obras-literatira-griega-9788426133090\/"},"modified":"2021-03-08T14:05:11","modified_gmt":"2021-03-08T13:05:11","slug":"diccionario-de-autores-obras-literatira-griega-9788426133090","status":"publish","type":"product","link":"https:\/\/www.editorialjuventud.es\/ca\/diccionario-de-autores-obras-literatira-griega-9788426133090\/","title":{"rendered":"Diccionario de autores, obras literatira griega"},"content":{"rendered":"<p>El profesor L\u00f3pez Soto, en este \u00fatil y vasto diccionario, ha resumido y ordenado todo el saber de la antig\u00fcedad griega. La obra, dividida en tres apartados (autores, obras y personajes), nos habla de fil\u00f3sofos, oradores, poetas, historiadores, matem\u00e1ticos, de personajes y mitos que posteriormente y en toda \u00e9poca han servido para numerosas piezas literarias, y tambi\u00e9n nos da acceso a un importante caudal de obras, muchas de ellas poco conocidas. El diccionario de L\u00f3pez Soto contiene la informaci\u00f3n esencial sobre una de las grandes corrientes que contribuyeron a la creaci\u00f3n de cultura europea. \u00c9ste es un libro de consulta no solo para estudiantes sino tambi\u00e9n para todo admirador de la cultura griega, cuyos imperecederos valores perduran a trav\u00e9s de los siglos.<\/p>\n","protected":false},"excerpt":{"rendered":"El profesor L\u00f3pez Soto, en este \u00fatil y vasto diccionario, ha resumido y ordenado todo el saber de la antig\u00fcedad griega. La obra, dividida en tres apartados (autores, obras y personajes), nos habla de fil\u00f3sofos, oradores, poetas, historiadores, matem\u00e1ticos, de [&hellip;]","protected":false},"featured_media":46390,"template":"","meta":{"_acf_changed":false,"_exactmetrics_skip_tracking":false,"_exactmetrics_sitenote_active":false,"_exactmetrics_sitenote_note":"","_exactmetrics_sitenote_category":0},"product_brand":[],"product_cat":[905,1114,892,1115,1128],"product_tag":[],"coleccion":[916,932],"class_list":{"0":"post-46389","1":"product","2":"type-product","3":"status-publish","4":"has-post-thumbnail","6":"product_cat-adulto","7":"product_cat-diccionarios","8":"product_cat-edades","9":"product_cat-generos","10":"product_cat-tematica","11":"coleccion-castellano","12":"coleccion-diccionarios-y-libros-de-consulta","14":"first","15":"instock","16":"taxable","17":"shipping-taxable","18":"purchasable","19":"product-type-simple"},"acf":{"portada":"0","orden":"999","novedad":"0","codart":"3309-6","recomendamos":null,"mas_vendido":null,"subtitulo":"","indice":"","autor":"LOPEZ SOTO, VICENTE","autores-libros":"","ilustradores-libros":"","traductores-libros":"","idioma-libro":null,"fecha_de_publicacion":"20100101","fecha_de_reimpresion":"","color":null,"paginas":"320","encuadernacion":"R\u00fastica","ediciones":"0","formato":null,"mas_informacion_del_producto":null,"premios":null,"texto_web_resaltado":"","texto_web_novedad":"","texto_web_adicional":"","deshabilitar_compra":null,"texto_enlace_cubierta":null,"enlace_cubierta":null,"texto_enlace_ficha_tecnica":null,"enlace_ficha_tecnica":null,"ficheros":null,"titulo-fr":null,"texto-fr":null,"descripcion_corta":null},"yoast_head":"<!-- This site is optimized with the Yoast SEO plugin v27.5 - https:\/\/yoast.com\/product\/yoast-seo-wordpress\/ -->\n<title>Diccionario de autores, obras literatira griega - Editorial Juventud<\/title>\n<meta name=\"description\" content=\"El profesor L\u00f3pez Soto, en este \u00fatil y vasto diccionario, ha resumido y ordenado todo el saber de la antig\u00fcedad griega. La obra, dividida en tres\" \/>\n<meta name=\"robots\" content=\"index, follow, max-snippet:-1, max-image-preview:large, max-video-preview:-1\" \/>\n<link rel=\"canonical\" href=\"https:\/\/www.editorialjuventud.es\/diccionario-de-autores-obras-literatira-griega-9788426133090\/\" \/>\n<meta property=\"og:locale\" content=\"ca_ES\" \/>\n<meta property=\"og:type\" content=\"article\" \/>\n<meta property=\"og:title\" content=\"Diccionario de autores, obras literatira griega - Editorial Juventud\" \/>\n<meta property=\"og:description\" content=\"El profesor L\u00f3pez Soto, en este \u00fatil y vasto diccionario, ha resumido y ordenado todo el saber de la antig\u00fcedad griega. La obra, dividida en tres\" \/>\n<meta property=\"og:url\" content=\"https:\/\/www.editorialjuventud.es\/diccionario-de-autores-obras-literatira-griega-9788426133090\/\" \/>\n<meta property=\"og:site_name\" content=\"Editorial Juventud\" \/>\n<meta property=\"article:modified_time\" content=\"2021-03-08T13:05:11+00:00\" \/>\n<meta property=\"og:image\" content=\"https:\/\/www.editorialjuventud.es\/wp-content\/uploads\/3309.jpg\" \/>\n\t<meta property=\"og:image:width\" content=\"236\" \/>\n\t<meta property=\"og:image:height\" content=\"378\" \/>\n\t<meta property=\"og:image:type\" content=\"image\/jpeg\" \/>\n<meta name=\"twitter:card\" content=\"summary_large_image\" \/>\n<meta name=\"twitter:label1\" content=\"Temps estimat de lectura\" \/>\n\t<meta name=\"twitter:data1\" content=\"1 minut\" \/>\n<script type=\"application\/ld+json\" class=\"yoast-schema-graph\">{\"@context\":\"https:\\\/\\\/schema.org\",\"@graph\":[{\"@type\":\"WebPage\",\"@id\":\"https:\\\/\\\/www.editorialjuventud.es\\\/diccionario-de-autores-obras-literatira-griega-9788426133090\\\/\",\"url\":\"https:\\\/\\\/www.editorialjuventud.es\\\/diccionario-de-autores-obras-literatira-griega-9788426133090\\\/\",\"name\":\"Diccionario de autores, obras literatira griega - Editorial Juventud\",\"isPartOf\":{\"@id\":\"https:\\\/\\\/www.editorialjuventud.es\\\/#website\"},\"primaryImageOfPage\":{\"@id\":\"https:\\\/\\\/www.editorialjuventud.es\\\/diccionario-de-autores-obras-literatira-griega-9788426133090\\\/#primaryimage\"},\"image\":{\"@id\":\"https:\\\/\\\/www.editorialjuventud.es\\\/diccionario-de-autores-obras-literatira-griega-9788426133090\\\/#primaryimage\"},\"thumbnailUrl\":\"https:\\\/\\\/www.editorialjuventud.es\\\/wp-content\\\/uploads\\\/3309.jpg\",\"datePublished\":\"2020-11-03T05:20:09+00:00\",\"dateModified\":\"2021-03-08T13:05:11+00:00\",\"description\":\"El profesor L\u00f3pez Soto, en este \u00fatil y vasto diccionario, ha resumido y ordenado todo el saber de la antig\u00fcedad griega. La obra, dividida en tres\",\"breadcrumb\":{\"@id\":\"https:\\\/\\\/www.editorialjuventud.es\\\/diccionario-de-autores-obras-literatira-griega-9788426133090\\\/#breadcrumb\"},\"inLanguage\":\"ca\",\"potentialAction\":[{\"@type\":\"ReadAction\",\"target\":[\"https:\\\/\\\/www.editorialjuventud.es\\\/diccionario-de-autores-obras-literatira-griega-9788426133090\\\/\"]}]},{\"@type\":\"ImageObject\",\"inLanguage\":\"ca\",\"@id\":\"https:\\\/\\\/www.editorialjuventud.es\\\/diccionario-de-autores-obras-literatira-griega-9788426133090\\\/#primaryimage\",\"url\":\"https:\\\/\\\/www.editorialjuventud.es\\\/wp-content\\\/uploads\\\/3309.jpg\",\"contentUrl\":\"https:\\\/\\\/www.editorialjuventud.es\\\/wp-content\\\/uploads\\\/3309.jpg\",\"width\":236,\"height\":378,\"caption\":\"3309.jpg\"},{\"@type\":\"BreadcrumbList\",\"@id\":\"https:\\\/\\\/www.editorialjuventud.es\\\/diccionario-de-autores-obras-literatira-griega-9788426133090\\\/#breadcrumb\",\"itemListElement\":[{\"@type\":\"ListItem\",\"position\":1,\"name\":\"Portada\",\"item\":\"https:\\\/\\\/www.editorialjuventud.es\\\/\"},{\"@type\":\"ListItem\",\"position\":2,\"name\":\"cat\u00e1logo\",\"item\":\"https:\\\/\\\/www.editorialjuventud.es\\\/coleccion\\\/catalogo\\\/\"},{\"@type\":\"ListItem\",\"position\":3,\"name\":\"castellano\",\"item\":\"https:\\\/\\\/www.editorialjuventud.es\\\/coleccion\\\/castellano\\\/\"},{\"@type\":\"ListItem\",\"position\":4,\"name\":\"Diccionarios y Libros de Consulta\",\"item\":\"https:\\\/\\\/www.editorialjuventud.es\\\/coleccion\\\/diccionarios-y-libros-de-consulta\\\/\"},{\"@type\":\"ListItem\",\"position\":5,\"name\":\"Diccionario de autores, obras literatira griega\"}]},{\"@type\":\"WebSite\",\"@id\":\"https:\\\/\\\/www.editorialjuventud.es\\\/#website\",\"url\":\"https:\\\/\\\/www.editorialjuventud.es\\\/\",\"name\":\"Editorial Juventud\",\"description\":\"\",\"potentialAction\":[{\"@type\":\"SearchAction\",\"target\":{\"@type\":\"EntryPoint\",\"urlTemplate\":\"https:\\\/\\\/www.editorialjuventud.es\\\/?s={search_term_string}\"},\"query-input\":{\"@type\":\"PropertyValueSpecification\",\"valueRequired\":true,\"valueName\":\"search_term_string\"}}],\"inLanguage\":\"ca\"}]}<\/script>\n<!-- \/ Yoast SEO plugin. -->","yoast_head_json":{"title":"Diccionario de autores, obras literatira griega - Editorial Juventud","description":"El profesor L\u00f3pez Soto, en este \u00fatil y vasto diccionario, ha resumido y ordenado todo el saber de la antig\u00fcedad griega. La obra, dividida en tres","robots":{"index":"index","follow":"follow","max-snippet":"max-snippet:-1","max-image-preview":"max-image-preview:large","max-video-preview":"max-video-preview:-1"},"canonical":"https:\/\/www.editorialjuventud.es\/diccionario-de-autores-obras-literatira-griega-9788426133090\/","og_locale":"ca_ES","og_type":"article","og_title":"Diccionario de autores, obras literatira griega - Editorial Juventud","og_description":"El profesor L\u00f3pez Soto, en este \u00fatil y vasto diccionario, ha resumido y ordenado todo el saber de la antig\u00fcedad griega. La obra, dividida en tres","og_url":"https:\/\/www.editorialjuventud.es\/diccionario-de-autores-obras-literatira-griega-9788426133090\/","og_site_name":"Editorial Juventud","article_modified_time":"2021-03-08T13:05:11+00:00","og_image":[{"width":236,"height":378,"url":"https:\/\/www.editorialjuventud.es\/wp-content\/uploads\/3309.jpg","type":"image\/jpeg"}],"twitter_card":"summary_large_image","twitter_misc":{"Temps estimat de lectura":"1 minut"},"schema":{"@context":"https:\/\/schema.org","@graph":[{"@type":"WebPage","@id":"https:\/\/www.editorialjuventud.es\/diccionario-de-autores-obras-literatira-griega-9788426133090\/","url":"https:\/\/www.editorialjuventud.es\/diccionario-de-autores-obras-literatira-griega-9788426133090\/","name":"Diccionario de autores, obras literatira griega - Editorial Juventud","isPartOf":{"@id":"https:\/\/www.editorialjuventud.es\/#website"},"primaryImageOfPage":{"@id":"https:\/\/www.editorialjuventud.es\/diccionario-de-autores-obras-literatira-griega-9788426133090\/#primaryimage"},"image":{"@id":"https:\/\/www.editorialjuventud.es\/diccionario-de-autores-obras-literatira-griega-9788426133090\/#primaryimage"},"thumbnailUrl":"https:\/\/www.editorialjuventud.es\/wp-content\/uploads\/3309.jpg","datePublished":"2020-11-03T05:20:09+00:00","dateModified":"2021-03-08T13:05:11+00:00","description":"El profesor L\u00f3pez Soto, en este \u00fatil y vasto diccionario, ha resumido y ordenado todo el saber de la antig\u00fcedad griega. La obra, dividida en tres","breadcrumb":{"@id":"https:\/\/www.editorialjuventud.es\/diccionario-de-autores-obras-literatira-griega-9788426133090\/#breadcrumb"},"inLanguage":"ca","potentialAction":[{"@type":"ReadAction","target":["https:\/\/www.editorialjuventud.es\/diccionario-de-autores-obras-literatira-griega-9788426133090\/"]}]},{"@type":"ImageObject","inLanguage":"ca","@id":"https:\/\/www.editorialjuventud.es\/diccionario-de-autores-obras-literatira-griega-9788426133090\/#primaryimage","url":"https:\/\/www.editorialjuventud.es\/wp-content\/uploads\/3309.jpg","contentUrl":"https:\/\/www.editorialjuventud.es\/wp-content\/uploads\/3309.jpg","width":236,"height":378,"caption":"3309.jpg"},{"@type":"BreadcrumbList","@id":"https:\/\/www.editorialjuventud.es\/diccionario-de-autores-obras-literatira-griega-9788426133090\/#breadcrumb","itemListElement":[{"@type":"ListItem","position":1,"name":"Portada","item":"https:\/\/www.editorialjuventud.es\/"},{"@type":"ListItem","position":2,"name":"cat\u00e1logo","item":"https:\/\/www.editorialjuventud.es\/coleccion\/catalogo\/"},{"@type":"ListItem","position":3,"name":"castellano","item":"https:\/\/www.editorialjuventud.es\/coleccion\/castellano\/"},{"@type":"ListItem","position":4,"name":"Diccionarios y Libros de Consulta","item":"https:\/\/www.editorialjuventud.es\/coleccion\/diccionarios-y-libros-de-consulta\/"},{"@type":"ListItem","position":5,"name":"Diccionario de autores, obras literatira griega"}]},{"@type":"WebSite","@id":"https:\/\/www.editorialjuventud.es\/#website","url":"https:\/\/www.editorialjuventud.es\/","name":"Editorial Juventud","description":"","potentialAction":[{"@type":"SearchAction","target":{"@type":"EntryPoint","urlTemplate":"https:\/\/www.editorialjuventud.es\/?s={search_term_string}"},"query-input":{"@type":"PropertyValueSpecification","valueRequired":true,"valueName":"search_term_string"}}],"inLanguage":"ca"}]}},"_links":{"self":[{"href":"https:\/\/www.editorialjuventud.es\/ca\/wp-json\/wp\/v2\/product\/46389","targetHints":{"allow":["GET"]}}],"collection":[{"href":"https:\/\/www.editorialjuventud.es\/ca\/wp-json\/wp\/v2\/product"}],"about":[{"href":"https:\/\/www.editorialjuventud.es\/ca\/wp-json\/wp\/v2\/types\/product"}],"wp:featuredmedia":[{"embeddable":true,"href":"https:\/\/www.editorialjuventud.es\/ca\/wp-json\/wp\/v2\/media\/46390"}],"wp:attachment":[{"href":"https:\/\/www.editorialjuventud.es\/ca\/wp-json\/wp\/v2\/media?parent=46389"}],"wp:term":[{"taxonomy":"product_brand","embeddable":true,"href":"https:\/\/www.editorialjuventud.es\/ca\/wp-json\/wp\/v2\/product_brand?post=46389"},{"taxonomy":"product_cat","embeddable":true,"href":"https:\/\/www.editorialjuventud.es\/ca\/wp-json\/wp\/v2\/product_cat?post=46389"},{"taxonomy":"product_tag","embeddable":true,"href":"https:\/\/www.editorialjuventud.es\/ca\/wp-json\/wp\/v2\/product_tag?post=46389"},{"taxonomy":"coleccion","embeddable":true,"href":"https:\/\/www.editorialjuventud.es\/ca\/wp-json\/wp\/v2\/coleccion?post=46389"}],"curies":[{"name":"wp","href":"https:\/\/api.w.org\/{rel}","templated":true}]}}