{"id":46350,"date":"2020-11-02T18:05:43","date_gmt":"2020-11-02T16:05:43","guid":{"rendered":"https:\/\/www.editorialjuventud.es\/los-cinco-al-rescate-9788426146359\/"},"modified":"2026-03-25T12:15:20","modified_gmt":"2026-03-25T11:15:20","slug":"los-cinco-al-rescate-9788426146359","status":"publish","type":"product","link":"https:\/\/www.editorialjuventud.es\/ca\/los-cinco-al-rescate-9788426146359\/","title":{"rendered":"\u00a1Los Cinco al rescate!"},"content":{"rendered":"<p>Los Cinco est\u00e1n de p\u00edcnic cuando descubren a un cordero en apuros. Sin nadie m\u00e1s en las cercan\u00edas para ayudar, los Cinco inician una operaci\u00f3n de rescate. \u00bfLlegar\u00e1n a tiempo?<\/p>\n<p>Juli\u00e1n, Dick, Jorge, Ana y Tim deleitan a sus lectores desde hace 70 a\u00f1os. Descubre estos relatos in\u00e9ditos de Enid Blyton con ilustraciones a todo color. \u00a1Har\u00e1n las delicias de los m\u00e1s peque\u00f1os y de los fans intemporales de Los Cinco!<\/p>\n<p>&nbsp;<\/p>\n<p><img loading=\"lazy\" decoding=\"async\" class=\"alignnone wp-image-59411\" src=\"https:\/\/www.editorialjuventud.es\/wp-content\/uploads\/ESP-Apoyo-Generalitat.jpg\" alt=\"\" width=\"225\" height=\"67\" srcset=\"https:\/\/www.editorialjuventud.es\/wp-content\/uploads\/ESP-Apoyo-Generalitat.jpg 760w, https:\/\/www.editorialjuventud.es\/wp-content\/uploads\/ESP-Apoyo-Generalitat-350x104.jpg 350w\" sizes=\"auto, (max-width: 225px) 100vw, 225px\" \/><\/p>\n","protected":false},"excerpt":{"rendered":"Los Cinco est\u00e1n de p\u00edcnic cuando descubren a un cordero en apuros. Sin nadie m\u00e1s en las cercan\u00edas para ayudar, los Cinco inician una operaci\u00f3n de rescate. \u00bfLlegar\u00e1n a tiempo? Juli\u00e1n, Dick, Jorge, Ana y Tim deleitan a sus lectores [&hellip;]","protected":false},"featured_media":46351,"template":"","meta":{"_acf_changed":false,"_exactmetrics_skip_tracking":false,"_exactmetrics_sitenote_active":false,"_exactmetrics_sitenote_note":"","_exactmetrics_sitenote_category":0},"product_brand":[],"product_cat":[902,1136,1142,1182,1119],"product_tag":[],"coleccion":[1026],"class_list":{"0":"post-46350","1":"product","2":"type-product","3":"status-publish","4":"has-post-thumbnail","6":"product_cat-a-partir-de-7-anos","7":"product_cat-amistad","8":"product_cat-aventura","9":"product_cat-hermanos","10":"product_cat-narrativa-juvenil","11":"coleccion-historias-cortas-de-los-cinco","13":"first","14":"instock","15":"taxable","16":"shipping-taxable","17":"purchasable","18":"product-type-simple"},"acf":{"indice":"","autor":"Blyton, Enid","codart":"4635","ediciones":"3","encuadernacion":"R\u00fastica","fecha_de_publicacion":"01\/11\/2020","fecha_de_reimpresion":"01\/03\/2022","novedad":"0","paginas":"80","subtitulo":"","texto_web_adicional":"","autores-libros":[16237],"ilustradores-libros":[46349],"texto_web_novedad":"","orden":"999","portada":"0","texto_web_resaltado":"","traductores-libros":[18265],"descripcion_corta":"","recomendamos":"","mas_vendido":"","idioma-libro":"","color":false,"formato":"","mas_informacion_del_producto":false,"premios":false,"deshabilitar_compra":[],"texto_enlace_cubierta":"","enlace_cubierta":{"ID":46602,"id":46602,"title":"los cinco al rescate_cover","filename":"los-cinco-al-rescate_cover.jpg","filesize":355583,"url":"https:\/\/www.editorialjuventud.es\/wp-content\/uploads\/los-cinco-al-rescate_cover.jpg","link":"https:\/\/www.editorialjuventud.es\/ca\/?attachment_id=46602","alt":"","author":"49","description":"","caption":"","name":"los-cinco-al-rescate_cover","status":"inherit","uploaded_to":46350,"date":"2020-11-05 13:04:17","modified":"2020-11-05 13:04:17","menu_order":0,"mime_type":"image\/jpeg","type":"image","subtype":"jpeg","icon":"https:\/\/www.editorialjuventud.es\/wp-includes\/images\/media\/default.png","width":1524,"height":2340,"sizes":{"thumbnail":"https:\/\/www.editorialjuventud.es\/wp-content\/uploads\/los-cinco-al-rescate_cover-200x200.jpg","thumbnail-width":200,"thumbnail-height":200,"medium":"https:\/\/www.editorialjuventud.es\/wp-content\/uploads\/los-cinco-al-rescate_cover.jpg","medium-width":1524,"medium-height":2340,"medium_large":"https:\/\/www.editorialjuventud.es\/wp-content\/uploads\/los-cinco-al-rescate_cover-768x1179.jpg","medium_large-width":768,"medium_large-height":1179,"large":"https:\/\/www.editorialjuventud.es\/wp-content\/uploads\/los-cinco-al-rescate_cover.jpg","large-width":1524,"large-height":2340,"1536x1536":"https:\/\/www.editorialjuventud.es\/wp-content\/uploads\/los-cinco-al-rescate_cover.jpg","1536x1536-width":1000,"1536x1536-height":1536,"2048x2048":"https:\/\/www.editorialjuventud.es\/wp-content\/uploads\/los-cinco-al-rescate_cover.jpg","2048x2048-width":1334,"2048x2048-height":2048,"woocommerce_thumbnail":"https:\/\/www.editorialjuventud.es\/wp-content\/uploads\/los-cinco-al-rescate_cover-350x537.jpg","woocommerce_thumbnail-width":350,"woocommerce_thumbnail-height":537,"woocommerce_single":"https:\/\/www.editorialjuventud.es\/wp-content\/uploads\/los-cinco-al-rescate_cover-900x1382.jpg","woocommerce_single-width":900,"woocommerce_single-height":1382,"woocommerce_gallery_thumbnail":"https:\/\/www.editorialjuventud.es\/wp-content\/uploads\/los-cinco-al-rescate_cover-100x100.jpg","woocommerce_gallery_thumbnail-width":100,"woocommerce_gallery_thumbnail-height":100,"ppec_logo_image_size":"https:\/\/www.editorialjuventud.es\/wp-content\/uploads\/los-cinco-al-rescate_cover.jpg","ppec_logo_image_size-width":39,"ppec_logo_image_size-height":60,"ppec_header_image_size":"https:\/\/www.editorialjuventud.es\/wp-content\/uploads\/los-cinco-al-rescate_cover.jpg","ppec_header_image_size-width":59,"ppec_header_image_size-height":90}},"texto_enlace_ficha_tecnica":"","enlace_ficha_tecnica":{"ID":46658,"id":46658,"title":"Ficha_Los_cinco_al_rescate","filename":"Ficha_Los_cinco_al_rescate.pdf","filesize":344509,"url":"https:\/\/www.editorialjuventud.es\/wp-content\/uploads\/Ficha_Los_cinco_al_rescate.pdf","link":"https:\/\/www.editorialjuventud.es\/ca\/?attachment_id=46658","alt":"","author":"49","description":"","caption":"","name":"ficha_los_cinco_al_rescate","status":"inherit","uploaded_to":46350,"date":"2020-11-06 08:48:18","modified":"2020-11-06 08:48:18","menu_order":0,"mime_type":"application\/pdf","type":"application","subtype":"pdf","icon":"https:\/\/www.editorialjuventud.es\/wp-includes\/images\/media\/document.png"},"ficheros":false,"titulo-fr":"","texto-fr":""},"yoast_head":"<!-- This site is optimized with the Yoast SEO plugin v27.3 - https:\/\/yoast.com\/product\/yoast-seo-wordpress\/ -->\n<title>\u00a1Los Cinco al rescate! - Editorial Juventud<\/title>\n<meta name=\"description\" content=\"Los Cinco est\u00e1n de p\u00edcnic cuando descubren a un cordero en apuros. Sin nadie m\u00e1s en las cercan\u00edas para ayudar, los Cinco inician una operaci\u00f3n de rescate.\" \/>\n<meta name=\"robots\" content=\"index, follow, max-snippet:-1, max-image-preview:large, max-video-preview:-1\" \/>\n<link rel=\"canonical\" href=\"https:\/\/www.editorialjuventud.es\/los-cinco-al-rescate-9788426146359\/\" \/>\n<meta property=\"og:locale\" content=\"ca_ES\" \/>\n<meta property=\"og:type\" content=\"article\" \/>\n<meta property=\"og:title\" content=\"\u00a1Los Cinco al rescate! - Editorial Juventud\" \/>\n<meta property=\"og:description\" content=\"Los Cinco est\u00e1n de p\u00edcnic cuando descubren a un cordero en apuros. Sin nadie m\u00e1s en las cercan\u00edas para ayudar, los Cinco inician una operaci\u00f3n de rescate.\" \/>\n<meta property=\"og:url\" content=\"https:\/\/www.editorialjuventud.es\/los-cinco-al-rescate-9788426146359\/\" \/>\n<meta property=\"og:site_name\" content=\"Editorial Juventud\" \/>\n<meta property=\"article:modified_time\" content=\"2026-03-25T11:15:20+00:00\" \/>\n<meta property=\"og:image\" content=\"https:\/\/www.editorialjuventud.es\/wp-content\/uploads\/9788426146359.jpg\" \/>\n\t<meta property=\"og:image:width\" content=\"782\" \/>\n\t<meta property=\"og:image:height\" content=\"1200\" \/>\n\t<meta property=\"og:image:type\" content=\"image\/jpeg\" \/>\n<meta name=\"twitter:card\" content=\"summary_large_image\" \/>\n<meta name=\"twitter:label1\" content=\"Temps estimat de lectura\" \/>\n\t<meta name=\"twitter:data1\" content=\"1 minut\" \/>\n<script type=\"application\/ld+json\" class=\"yoast-schema-graph\">{\"@context\":\"https:\\\/\\\/schema.org\",\"@graph\":[{\"@type\":\"WebPage\",\"@id\":\"https:\\\/\\\/www.editorialjuventud.es\\\/los-cinco-al-rescate-9788426146359\\\/\",\"url\":\"https:\\\/\\\/www.editorialjuventud.es\\\/los-cinco-al-rescate-9788426146359\\\/\",\"name\":\"\u00a1Los Cinco al rescate! - Editorial Juventud\",\"isPartOf\":{\"@id\":\"https:\\\/\\\/www.editorialjuventud.es\\\/#website\"},\"primaryImageOfPage\":{\"@id\":\"https:\\\/\\\/www.editorialjuventud.es\\\/los-cinco-al-rescate-9788426146359\\\/#primaryimage\"},\"image\":{\"@id\":\"https:\\\/\\\/www.editorialjuventud.es\\\/los-cinco-al-rescate-9788426146359\\\/#primaryimage\"},\"thumbnailUrl\":\"https:\\\/\\\/www.editorialjuventud.es\\\/wp-content\\\/uploads\\\/9788426146359.jpg\",\"datePublished\":\"2020-11-02T16:05:43+00:00\",\"dateModified\":\"2026-03-25T11:15:20+00:00\",\"description\":\"Los Cinco est\u00e1n de p\u00edcnic cuando descubren a un cordero en apuros. Sin nadie m\u00e1s en las cercan\u00edas para ayudar, los Cinco inician una operaci\u00f3n de rescate.\",\"breadcrumb\":{\"@id\":\"https:\\\/\\\/www.editorialjuventud.es\\\/los-cinco-al-rescate-9788426146359\\\/#breadcrumb\"},\"inLanguage\":\"ca\",\"potentialAction\":[{\"@type\":\"ReadAction\",\"target\":[\"https:\\\/\\\/www.editorialjuventud.es\\\/los-cinco-al-rescate-9788426146359\\\/\"]}]},{\"@type\":\"ImageObject\",\"inLanguage\":\"ca\",\"@id\":\"https:\\\/\\\/www.editorialjuventud.es\\\/los-cinco-al-rescate-9788426146359\\\/#primaryimage\",\"url\":\"https:\\\/\\\/www.editorialjuventud.es\\\/wp-content\\\/uploads\\\/9788426146359.jpg\",\"contentUrl\":\"https:\\\/\\\/www.editorialjuventud.es\\\/wp-content\\\/uploads\\\/9788426146359.jpg\",\"width\":782,\"height\":1200,\"caption\":\"9788426146359.jpg\"},{\"@type\":\"BreadcrumbList\",\"@id\":\"https:\\\/\\\/www.editorialjuventud.es\\\/los-cinco-al-rescate-9788426146359\\\/#breadcrumb\",\"itemListElement\":[{\"@type\":\"ListItem\",\"position\":1,\"name\":\"Portada\",\"item\":\"https:\\\/\\\/www.editorialjuventud.es\\\/\"},{\"@type\":\"ListItem\",\"position\":2,\"name\":\"cat\u00e1logo\",\"item\":\"https:\\\/\\\/www.editorialjuventud.es\\\/coleccion\\\/catalogo\\\/\"},{\"@type\":\"ListItem\",\"position\":3,\"name\":\"castellano\",\"item\":\"https:\\\/\\\/www.editorialjuventud.es\\\/coleccion\\\/castellano\\\/\"},{\"@type\":\"ListItem\",\"position\":4,\"name\":\"Narrativa Juvenil\",\"item\":\"https:\\\/\\\/www.editorialjuventud.es\\\/coleccion\\\/narrativa-juvenil-castellano\\\/\"},{\"@type\":\"ListItem\",\"position\":5,\"name\":\"Historias Cortas de los Cinco\",\"item\":\"https:\\\/\\\/www.editorialjuventud.es\\\/coleccion\\\/historias-cortas-de-los-cinco\\\/\"},{\"@type\":\"ListItem\",\"position\":6,\"name\":\"\u00a1Los Cinco al rescate!\"}]},{\"@type\":\"WebSite\",\"@id\":\"https:\\\/\\\/www.editorialjuventud.es\\\/#website\",\"url\":\"https:\\\/\\\/www.editorialjuventud.es\\\/\",\"name\":\"Editorial Juventud\",\"description\":\"\",\"potentialAction\":[{\"@type\":\"SearchAction\",\"target\":{\"@type\":\"EntryPoint\",\"urlTemplate\":\"https:\\\/\\\/www.editorialjuventud.es\\\/?s={search_term_string}\"},\"query-input\":{\"@type\":\"PropertyValueSpecification\",\"valueRequired\":true,\"valueName\":\"search_term_string\"}}],\"inLanguage\":\"ca\"}]}<\/script>\n<!-- \/ Yoast SEO plugin. -->","yoast_head_json":{"title":"\u00a1Los Cinco al rescate! - Editorial Juventud","description":"Los Cinco est\u00e1n de p\u00edcnic cuando descubren a un cordero en apuros. Sin nadie m\u00e1s en las cercan\u00edas para ayudar, los Cinco inician una operaci\u00f3n de rescate.","robots":{"index":"index","follow":"follow","max-snippet":"max-snippet:-1","max-image-preview":"max-image-preview:large","max-video-preview":"max-video-preview:-1"},"canonical":"https:\/\/www.editorialjuventud.es\/los-cinco-al-rescate-9788426146359\/","og_locale":"ca_ES","og_type":"article","og_title":"\u00a1Los Cinco al rescate! - Editorial Juventud","og_description":"Los Cinco est\u00e1n de p\u00edcnic cuando descubren a un cordero en apuros. Sin nadie m\u00e1s en las cercan\u00edas para ayudar, los Cinco inician una operaci\u00f3n de rescate.","og_url":"https:\/\/www.editorialjuventud.es\/los-cinco-al-rescate-9788426146359\/","og_site_name":"Editorial Juventud","article_modified_time":"2026-03-25T11:15:20+00:00","og_image":[{"width":782,"height":1200,"url":"https:\/\/www.editorialjuventud.es\/wp-content\/uploads\/9788426146359.jpg","type":"image\/jpeg"}],"twitter_card":"summary_large_image","twitter_misc":{"Temps estimat de lectura":"1 minut"},"schema":{"@context":"https:\/\/schema.org","@graph":[{"@type":"WebPage","@id":"https:\/\/www.editorialjuventud.es\/los-cinco-al-rescate-9788426146359\/","url":"https:\/\/www.editorialjuventud.es\/los-cinco-al-rescate-9788426146359\/","name":"\u00a1Los Cinco al rescate! - Editorial Juventud","isPartOf":{"@id":"https:\/\/www.editorialjuventud.es\/#website"},"primaryImageOfPage":{"@id":"https:\/\/www.editorialjuventud.es\/los-cinco-al-rescate-9788426146359\/#primaryimage"},"image":{"@id":"https:\/\/www.editorialjuventud.es\/los-cinco-al-rescate-9788426146359\/#primaryimage"},"thumbnailUrl":"https:\/\/www.editorialjuventud.es\/wp-content\/uploads\/9788426146359.jpg","datePublished":"2020-11-02T16:05:43+00:00","dateModified":"2026-03-25T11:15:20+00:00","description":"Los Cinco est\u00e1n de p\u00edcnic cuando descubren a un cordero en apuros. Sin nadie m\u00e1s en las cercan\u00edas para ayudar, los Cinco inician una operaci\u00f3n de rescate.","breadcrumb":{"@id":"https:\/\/www.editorialjuventud.es\/los-cinco-al-rescate-9788426146359\/#breadcrumb"},"inLanguage":"ca","potentialAction":[{"@type":"ReadAction","target":["https:\/\/www.editorialjuventud.es\/los-cinco-al-rescate-9788426146359\/"]}]},{"@type":"ImageObject","inLanguage":"ca","@id":"https:\/\/www.editorialjuventud.es\/los-cinco-al-rescate-9788426146359\/#primaryimage","url":"https:\/\/www.editorialjuventud.es\/wp-content\/uploads\/9788426146359.jpg","contentUrl":"https:\/\/www.editorialjuventud.es\/wp-content\/uploads\/9788426146359.jpg","width":782,"height":1200,"caption":"9788426146359.jpg"},{"@type":"BreadcrumbList","@id":"https:\/\/www.editorialjuventud.es\/los-cinco-al-rescate-9788426146359\/#breadcrumb","itemListElement":[{"@type":"ListItem","position":1,"name":"Portada","item":"https:\/\/www.editorialjuventud.es\/"},{"@type":"ListItem","position":2,"name":"cat\u00e1logo","item":"https:\/\/www.editorialjuventud.es\/coleccion\/catalogo\/"},{"@type":"ListItem","position":3,"name":"castellano","item":"https:\/\/www.editorialjuventud.es\/coleccion\/castellano\/"},{"@type":"ListItem","position":4,"name":"Narrativa Juvenil","item":"https:\/\/www.editorialjuventud.es\/coleccion\/narrativa-juvenil-castellano\/"},{"@type":"ListItem","position":5,"name":"Historias Cortas de los Cinco","item":"https:\/\/www.editorialjuventud.es\/coleccion\/historias-cortas-de-los-cinco\/"},{"@type":"ListItem","position":6,"name":"\u00a1Los Cinco al rescate!"}]},{"@type":"WebSite","@id":"https:\/\/www.editorialjuventud.es\/#website","url":"https:\/\/www.editorialjuventud.es\/","name":"Editorial Juventud","description":"","potentialAction":[{"@type":"SearchAction","target":{"@type":"EntryPoint","urlTemplate":"https:\/\/www.editorialjuventud.es\/?s={search_term_string}"},"query-input":{"@type":"PropertyValueSpecification","valueRequired":true,"valueName":"search_term_string"}}],"inLanguage":"ca"}]}},"_links":{"self":[{"href":"https:\/\/www.editorialjuventud.es\/ca\/wp-json\/wp\/v2\/product\/46350","targetHints":{"allow":["GET"]}}],"collection":[{"href":"https:\/\/www.editorialjuventud.es\/ca\/wp-json\/wp\/v2\/product"}],"about":[{"href":"https:\/\/www.editorialjuventud.es\/ca\/wp-json\/wp\/v2\/types\/product"}],"wp:featuredmedia":[{"embeddable":true,"href":"https:\/\/www.editorialjuventud.es\/ca\/wp-json\/wp\/v2\/media\/46351"}],"wp:attachment":[{"href":"https:\/\/www.editorialjuventud.es\/ca\/wp-json\/wp\/v2\/media?parent=46350"}],"wp:term":[{"taxonomy":"product_brand","embeddable":true,"href":"https:\/\/www.editorialjuventud.es\/ca\/wp-json\/wp\/v2\/product_brand?post=46350"},{"taxonomy":"product_cat","embeddable":true,"href":"https:\/\/www.editorialjuventud.es\/ca\/wp-json\/wp\/v2\/product_cat?post=46350"},{"taxonomy":"product_tag","embeddable":true,"href":"https:\/\/www.editorialjuventud.es\/ca\/wp-json\/wp\/v2\/product_tag?post=46350"},{"taxonomy":"coleccion","embeddable":true,"href":"https:\/\/www.editorialjuventud.es\/ca\/wp-json\/wp\/v2\/coleccion?post=46350"}],"curies":[{"name":"wp","href":"https:\/\/api.w.org\/{rel}","templated":true}]}}