{"id":46346,"date":"2020-11-02T16:59:45","date_gmt":"2020-11-02T15:59:45","guid":{"rendered":"https:\/\/www.editorialjuventud.es\/los-libros-de-la-senora-jella-9788426147035\/"},"modified":"2025-01-22T12:47:07","modified_gmt":"2025-01-22T11:47:07","slug":"los-libros-de-la-senora-jella-9788426147035","status":"publish","type":"product","link":"https:\/\/www.editorialjuventud.es\/ca\/los-libros-de-la-senora-jella-9788426147035\/","title":{"rendered":"Los libros de la se\u00f1ora Jella"},"content":{"rendered":"<p>La guerra hab\u00eda cambiado para siempre las vidas de Anneliese y de su hermanito Peter. Un d\u00eda, mientras deambulaban por las calles en ruinas, se toparon con una exposici\u00f3n. \u00a1Una sala enorme repleta de libros! En aquel lugar, Anneliese y Peter conocieron a una mujer que influy\u00f3 en sus vidas m\u00e1s de lo que nunca hubieran imaginado\u2026<br \/>Este cuento lleno de esperanza se basa en la historia real de Jella Lepman, que viaj\u00f3 por toda Alemania en 1946 con una exposici\u00f3n internacional de libros infantiles. Jella cre\u00eda que esos libros pod\u00edan ayudar a los ni\u00f1os y las ni\u00f1as a sentirse conectados entre ellos, y que representaban la mejor forma de evitar una nueva guerra.<br \/>Los libros de la se\u00f1ora Jella es un maravilloso tributo a la esperanza, la empat\u00eda y el poder de los cuentos.<\/p>\n<p>Jella Lepman naci\u00f3 en Alemania en 1891 en una familia de origen jud\u00edo. A lo largo de su vida trabaj\u00f3 como periodista, editora y escritora de libros para ni\u00f1os, y tambi\u00e9n se implic\u00f3 en pol\u00edtica junto al Partido Dem\u00f3crata Alem\u00e1n. Pero en 1936, ella y sus dos hijos decidieron huir del pa\u00eds debido al auge del nazismo. Con el fin de la Segunda Guerra Mundial el ej\u00e9rcito americano invit\u00f3 a Jella Lepman a regresar a su pa\u00eds en calidad de asesora para temas relacionados con la educaci\u00f3n y la cultura de los ni\u00f1os. Convencida de que los libros infantiles de todo el mundo podr\u00edan &#8216;construir puentes de entendimiento&#8217; entre las personas, Jella decidi\u00f3 crear una exposici\u00f3n internacional de libros. Consigui\u00f3 que 20 pa\u00edses le mandaran colecciones de libros para montar la exposici\u00f3n (incluso pa\u00edses que hab\u00edan sido invadidos por Alemania durante la guerra). Este incre\u00edble proyecto culmin\u00f3 en 1949 con la creaci\u00f3n de la primera Biblioteca Internacional de la Juventud de M\u00fanich (con m\u00e1s de 600.000 t\u00edtulos de todo el mundo) y en la fundaci\u00f3n de la actual Organizaci\u00f3n Internacional del Libro Juvenil (IBBY) junto con Astrid Lindgren, tambi\u00e9n socia fundadora.<\/p>\n","protected":false},"excerpt":{"rendered":"La guerra hab\u00eda cambiado para siempre las vidas de Anneliese y de su hermanito Peter. Un d\u00eda, mientras deambulaban por las calles en ruinas, se toparon con una exposici\u00f3n. \u00a1Una sala enorme repleta de libros! En aquel lugar, Anneliese y [&hellip;]","protected":false},"featured_media":46347,"template":"","meta":{"_acf_changed":false,"_exactmetrics_skip_tracking":false,"_exactmetrics_sitenote_active":false,"_exactmetrics_sitenote_note":"","_exactmetrics_sitenote_category":0},"product_brand":[],"product_cat":[902,1121,1144,1155,1220,1156,1180,1183,1207,1217],"product_tag":[],"coleccion":[1233],"class_list":{"0":"post-46346","1":"product","2":"type-product","3":"status-publish","4":"has-post-thumbnail","6":"product_cat-a-partir-de-7-anos","7":"product_cat-albumes-ilustrados","8":"product_cat-bibliotecas-libros-sobre-libros","9":"product_cat-conflictos","10":"product_cat-convivencia-relaciones-interculturales","11":"product_cat-cooperacion","12":"product_cat-guerra","13":"product_cat-historia","14":"product_cat-personajes-reales","15":"product_cat-racismo-xenofobia","16":"coleccion-libros-y-bibliotecas-albumes-ilustrados","18":"first","19":"instock","20":"taxable","21":"shipping-taxable","22":"purchasable","23":"product-type-simple"},"acf":{"indice":"","autor":"Stinson, Kathy","codart":"4703","ediciones":"1","encuadernacion":"Carton\u00e9","fecha_de_publicacion":"01\/11\/2020","fecha_de_reimpresion":"","novedad":"0","paginas":"32","subtitulo":"","texto_web_adicional":"","autores-libros":[46341],"ilustradores-libros":[46342],"texto_web_novedad":"","orden":"999","portada":"0","texto_web_resaltado":"","traductores-libros":[18265],"descripcion_corta":"Una historia inspirada en la obra de Jella Lepman","recomendamos":"","mas_vendido":"","idioma-libro":"","color":false,"formato":"","mas_informacion_del_producto":false,"premios":[{"premio":"Outstanding International Books List, USBBY, Winner","anyo_del_premio":"2021","pais_del_premio":"B\u00e9lgica"},{"premio":"Elizabeth Mrazik-Cleaver Canadian Picture Book Award, IBBY Canada, Short-listed","anyo_del_premio":"2021","pais_del_premio":"Canad\u00e1"},{"premio":"Books of the Year list, A Might Girl, Winner","anyo_del_premio":"2020","pais_del_premio":"Reino Unido"}],"deshabilitar_compra":[],"texto_enlace_cubierta":"","enlace_cubierta":{"ID":46446,"id":46446,"title":"Lady With The Books exterior v5.indd","filename":"los-libros-de-la-senora-jella_cover.jpg","filesize":1391479,"url":"https:\/\/www.editorialjuventud.es\/wp-content\/uploads\/los-libros-de-la-senora-jella_cover.jpg","link":"https:\/\/www.editorialjuventud.es\/ca\/?attachment_id=46446","alt":"","author":"49","description":"","caption":"","name":"lady-with-the-books-exterior-v5-indd","status":"inherit","uploaded_to":46346,"date":"2020-11-03 18:18:21","modified":"2020-11-03 18:18:21","menu_order":0,"mime_type":"image\/jpeg","type":"image","subtype":"jpeg","icon":"https:\/\/www.editorialjuventud.es\/wp-includes\/images\/media\/default.png","width":3075,"height":2781,"sizes":{"thumbnail":"https:\/\/www.editorialjuventud.es\/wp-content\/uploads\/los-libros-de-la-senora-jella_cover-200x200.jpg","thumbnail-width":200,"thumbnail-height":200,"medium":"https:\/\/www.editorialjuventud.es\/wp-content\/uploads\/los-libros-de-la-senora-jella_cover.jpg","medium-width":3075,"medium-height":2781,"medium_large":"https:\/\/www.editorialjuventud.es\/wp-content\/uploads\/los-libros-de-la-senora-jella_cover-768x695.jpg","medium_large-width":768,"medium_large-height":695,"large":"https:\/\/www.editorialjuventud.es\/wp-content\/uploads\/los-libros-de-la-senora-jella_cover.jpg","large-width":3075,"large-height":2781,"1536x1536":"https:\/\/www.editorialjuventud.es\/wp-content\/uploads\/los-libros-de-la-senora-jella_cover.jpg","1536x1536-width":1536,"1536x1536-height":1389,"2048x2048":"https:\/\/www.editorialjuventud.es\/wp-content\/uploads\/los-libros-de-la-senora-jella_cover.jpg","2048x2048-width":2048,"2048x2048-height":1852,"woocommerce_thumbnail":"https:\/\/www.editorialjuventud.es\/wp-content\/uploads\/los-libros-de-la-senora-jella_cover-350x317.jpg","woocommerce_thumbnail-width":350,"woocommerce_thumbnail-height":317,"woocommerce_single":"https:\/\/www.editorialjuventud.es\/wp-content\/uploads\/los-libros-de-la-senora-jella_cover-900x814.jpg","woocommerce_single-width":900,"woocommerce_single-height":814,"woocommerce_gallery_thumbnail":"https:\/\/www.editorialjuventud.es\/wp-content\/uploads\/los-libros-de-la-senora-jella_cover-100x100.jpg","woocommerce_gallery_thumbnail-width":100,"woocommerce_gallery_thumbnail-height":100,"ppec_logo_image_size":"https:\/\/www.editorialjuventud.es\/wp-content\/uploads\/los-libros-de-la-senora-jella_cover.jpg","ppec_logo_image_size-width":66,"ppec_logo_image_size-height":60,"ppec_header_image_size":"https:\/\/www.editorialjuventud.es\/wp-content\/uploads\/los-libros-de-la-senora-jella_cover.jpg","ppec_header_image_size-width":100,"ppec_header_image_size-height":90}},"texto_enlace_ficha_tecnica":"","enlace_ficha_tecnica":{"ID":46604,"id":46604,"title":"Ficha_Los_libros_de_la_senora_Jella","filename":"Ficha_Los_libros_de_la_senora_Jella.pdf","filesize":345565,"url":"https:\/\/www.editorialjuventud.es\/wp-content\/uploads\/Ficha_Los_libros_de_la_senora_Jella.pdf","link":"https:\/\/www.editorialjuventud.es\/ca\/?attachment_id=46604","alt":"","author":"49","description":"","caption":"","name":"ficha_los_libros_de_la_senora_jella","status":"inherit","uploaded_to":46346,"date":"2020-11-05 13:06:07","modified":"2020-11-05 13:06:07","menu_order":0,"mime_type":"application\/pdf","type":"application","subtype":"pdf","icon":"https:\/\/www.editorialjuventud.es\/wp-includes\/images\/media\/document.png"},"ficheros":false,"titulo-fr":"","texto-fr":""},"yoast_head":"<!-- This site is optimized with the Yoast SEO plugin v27.5 - https:\/\/yoast.com\/product\/yoast-seo-wordpress\/ -->\n<title>Los libros de la se\u00f1ora Jella - Editorial Juventud<\/title>\n<meta name=\"description\" content=\"La guerra hab\u00eda cambiado para siempre las vidas de Anneliese y de su hermanito Peter. Un d\u00eda, mientras deambulaban por las calles en ruinas, se toparon\" \/>\n<meta name=\"robots\" content=\"index, follow, max-snippet:-1, max-image-preview:large, max-video-preview:-1\" \/>\n<link rel=\"canonical\" href=\"https:\/\/www.editorialjuventud.es\/los-libros-de-la-senora-jella-9788426147035\/\" \/>\n<meta property=\"og:locale\" content=\"ca_ES\" \/>\n<meta property=\"og:type\" content=\"article\" \/>\n<meta property=\"og:title\" content=\"Los libros de la se\u00f1ora Jella - Editorial Juventud\" \/>\n<meta property=\"og:description\" content=\"La guerra hab\u00eda cambiado para siempre las vidas de Anneliese y de su hermanito Peter. Un d\u00eda, mientras deambulaban por las calles en ruinas, se toparon\" \/>\n<meta property=\"og:url\" content=\"https:\/\/www.editorialjuventud.es\/los-libros-de-la-senora-jella-9788426147035\/\" \/>\n<meta property=\"og:site_name\" content=\"Editorial Juventud\" \/>\n<meta property=\"article:modified_time\" content=\"2025-01-22T11:47:07+00:00\" \/>\n<meta property=\"og:image\" content=\"https:\/\/www.editorialjuventud.es\/wp-content\/uploads\/9788426147035.jpg\" \/>\n\t<meta property=\"og:image:width\" content=\"1200\" \/>\n\t<meta property=\"og:image:height\" content=\"1085\" \/>\n\t<meta property=\"og:image:type\" content=\"image\/jpeg\" \/>\n<meta name=\"twitter:card\" content=\"summary_large_image\" \/>\n<meta name=\"twitter:label1\" content=\"Temps estimat de lectura\" \/>\n\t<meta name=\"twitter:data1\" content=\"2 minuts\" \/>\n<script type=\"application\/ld+json\" class=\"yoast-schema-graph\">{\"@context\":\"https:\\\/\\\/schema.org\",\"@graph\":[{\"@type\":\"WebPage\",\"@id\":\"https:\\\/\\\/www.editorialjuventud.es\\\/los-libros-de-la-senora-jella-9788426147035\\\/\",\"url\":\"https:\\\/\\\/www.editorialjuventud.es\\\/los-libros-de-la-senora-jella-9788426147035\\\/\",\"name\":\"Los libros de la se\u00f1ora Jella - Editorial Juventud\",\"isPartOf\":{\"@id\":\"https:\\\/\\\/www.editorialjuventud.es\\\/#website\"},\"primaryImageOfPage\":{\"@id\":\"https:\\\/\\\/www.editorialjuventud.es\\\/los-libros-de-la-senora-jella-9788426147035\\\/#primaryimage\"},\"image\":{\"@id\":\"https:\\\/\\\/www.editorialjuventud.es\\\/los-libros-de-la-senora-jella-9788426147035\\\/#primaryimage\"},\"thumbnailUrl\":\"https:\\\/\\\/www.editorialjuventud.es\\\/wp-content\\\/uploads\\\/9788426147035.jpg\",\"datePublished\":\"2020-11-02T15:59:45+00:00\",\"dateModified\":\"2025-01-22T11:47:07+00:00\",\"description\":\"La guerra hab\u00eda cambiado para siempre las vidas de Anneliese y de su hermanito Peter. Un d\u00eda, mientras deambulaban por las calles en ruinas, se toparon\",\"breadcrumb\":{\"@id\":\"https:\\\/\\\/www.editorialjuventud.es\\\/los-libros-de-la-senora-jella-9788426147035\\\/#breadcrumb\"},\"inLanguage\":\"ca\",\"potentialAction\":[{\"@type\":\"ReadAction\",\"target\":[\"https:\\\/\\\/www.editorialjuventud.es\\\/los-libros-de-la-senora-jella-9788426147035\\\/\"]}]},{\"@type\":\"ImageObject\",\"inLanguage\":\"ca\",\"@id\":\"https:\\\/\\\/www.editorialjuventud.es\\\/los-libros-de-la-senora-jella-9788426147035\\\/#primaryimage\",\"url\":\"https:\\\/\\\/www.editorialjuventud.es\\\/wp-content\\\/uploads\\\/9788426147035.jpg\",\"contentUrl\":\"https:\\\/\\\/www.editorialjuventud.es\\\/wp-content\\\/uploads\\\/9788426147035.jpg\",\"width\":1200,\"height\":1085,\"caption\":\"9788426147035.jpg\"},{\"@type\":\"BreadcrumbList\",\"@id\":\"https:\\\/\\\/www.editorialjuventud.es\\\/los-libros-de-la-senora-jella-9788426147035\\\/#breadcrumb\",\"itemListElement\":[{\"@type\":\"ListItem\",\"position\":1,\"name\":\"Portada\",\"item\":\"https:\\\/\\\/www.editorialjuventud.es\\\/\"},{\"@type\":\"ListItem\",\"position\":2,\"name\":\"cat\u00e1logo\",\"item\":\"https:\\\/\\\/www.editorialjuventud.es\\\/coleccion\\\/catalogo\\\/\"},{\"@type\":\"ListItem\",\"position\":3,\"name\":\"castellano\",\"item\":\"https:\\\/\\\/www.editorialjuventud.es\\\/coleccion\\\/castellano\\\/\"},{\"@type\":\"ListItem\",\"position\":4,\"name\":\"\u00c1lbumes Ilustrados\",\"item\":\"https:\\\/\\\/www.editorialjuventud.es\\\/coleccion\\\/albumes-ilustrados\\\/\"},{\"@type\":\"ListItem\",\"position\":5,\"name\":\"Libros y Bibliotecas\",\"item\":\"https:\\\/\\\/www.editorialjuventud.es\\\/coleccion\\\/libros-y-bibliotecas-albumes-ilustrados\\\/\"},{\"@type\":\"ListItem\",\"position\":6,\"name\":\"Los libros de la se\u00f1ora Jella\"}]},{\"@type\":\"WebSite\",\"@id\":\"https:\\\/\\\/www.editorialjuventud.es\\\/#website\",\"url\":\"https:\\\/\\\/www.editorialjuventud.es\\\/\",\"name\":\"Editorial Juventud\",\"description\":\"\",\"potentialAction\":[{\"@type\":\"SearchAction\",\"target\":{\"@type\":\"EntryPoint\",\"urlTemplate\":\"https:\\\/\\\/www.editorialjuventud.es\\\/?s={search_term_string}\"},\"query-input\":{\"@type\":\"PropertyValueSpecification\",\"valueRequired\":true,\"valueName\":\"search_term_string\"}}],\"inLanguage\":\"ca\"}]}<\/script>\n<!-- \/ Yoast SEO plugin. -->","yoast_head_json":{"title":"Los libros de la se\u00f1ora Jella - Editorial Juventud","description":"La guerra hab\u00eda cambiado para siempre las vidas de Anneliese y de su hermanito Peter. Un d\u00eda, mientras deambulaban por las calles en ruinas, se toparon","robots":{"index":"index","follow":"follow","max-snippet":"max-snippet:-1","max-image-preview":"max-image-preview:large","max-video-preview":"max-video-preview:-1"},"canonical":"https:\/\/www.editorialjuventud.es\/los-libros-de-la-senora-jella-9788426147035\/","og_locale":"ca_ES","og_type":"article","og_title":"Los libros de la se\u00f1ora Jella - Editorial Juventud","og_description":"La guerra hab\u00eda cambiado para siempre las vidas de Anneliese y de su hermanito Peter. Un d\u00eda, mientras deambulaban por las calles en ruinas, se toparon","og_url":"https:\/\/www.editorialjuventud.es\/los-libros-de-la-senora-jella-9788426147035\/","og_site_name":"Editorial Juventud","article_modified_time":"2025-01-22T11:47:07+00:00","og_image":[{"width":1200,"height":1085,"url":"https:\/\/www.editorialjuventud.es\/wp-content\/uploads\/9788426147035.jpg","type":"image\/jpeg"}],"twitter_card":"summary_large_image","twitter_misc":{"Temps estimat de lectura":"2 minuts"},"schema":{"@context":"https:\/\/schema.org","@graph":[{"@type":"WebPage","@id":"https:\/\/www.editorialjuventud.es\/los-libros-de-la-senora-jella-9788426147035\/","url":"https:\/\/www.editorialjuventud.es\/los-libros-de-la-senora-jella-9788426147035\/","name":"Los libros de la se\u00f1ora Jella - Editorial Juventud","isPartOf":{"@id":"https:\/\/www.editorialjuventud.es\/#website"},"primaryImageOfPage":{"@id":"https:\/\/www.editorialjuventud.es\/los-libros-de-la-senora-jella-9788426147035\/#primaryimage"},"image":{"@id":"https:\/\/www.editorialjuventud.es\/los-libros-de-la-senora-jella-9788426147035\/#primaryimage"},"thumbnailUrl":"https:\/\/www.editorialjuventud.es\/wp-content\/uploads\/9788426147035.jpg","datePublished":"2020-11-02T15:59:45+00:00","dateModified":"2025-01-22T11:47:07+00:00","description":"La guerra hab\u00eda cambiado para siempre las vidas de Anneliese y de su hermanito Peter. Un d\u00eda, mientras deambulaban por las calles en ruinas, se toparon","breadcrumb":{"@id":"https:\/\/www.editorialjuventud.es\/los-libros-de-la-senora-jella-9788426147035\/#breadcrumb"},"inLanguage":"ca","potentialAction":[{"@type":"ReadAction","target":["https:\/\/www.editorialjuventud.es\/los-libros-de-la-senora-jella-9788426147035\/"]}]},{"@type":"ImageObject","inLanguage":"ca","@id":"https:\/\/www.editorialjuventud.es\/los-libros-de-la-senora-jella-9788426147035\/#primaryimage","url":"https:\/\/www.editorialjuventud.es\/wp-content\/uploads\/9788426147035.jpg","contentUrl":"https:\/\/www.editorialjuventud.es\/wp-content\/uploads\/9788426147035.jpg","width":1200,"height":1085,"caption":"9788426147035.jpg"},{"@type":"BreadcrumbList","@id":"https:\/\/www.editorialjuventud.es\/los-libros-de-la-senora-jella-9788426147035\/#breadcrumb","itemListElement":[{"@type":"ListItem","position":1,"name":"Portada","item":"https:\/\/www.editorialjuventud.es\/"},{"@type":"ListItem","position":2,"name":"cat\u00e1logo","item":"https:\/\/www.editorialjuventud.es\/coleccion\/catalogo\/"},{"@type":"ListItem","position":3,"name":"castellano","item":"https:\/\/www.editorialjuventud.es\/coleccion\/castellano\/"},{"@type":"ListItem","position":4,"name":"\u00c1lbumes Ilustrados","item":"https:\/\/www.editorialjuventud.es\/coleccion\/albumes-ilustrados\/"},{"@type":"ListItem","position":5,"name":"Libros y Bibliotecas","item":"https:\/\/www.editorialjuventud.es\/coleccion\/libros-y-bibliotecas-albumes-ilustrados\/"},{"@type":"ListItem","position":6,"name":"Los libros de la se\u00f1ora Jella"}]},{"@type":"WebSite","@id":"https:\/\/www.editorialjuventud.es\/#website","url":"https:\/\/www.editorialjuventud.es\/","name":"Editorial Juventud","description":"","potentialAction":[{"@type":"SearchAction","target":{"@type":"EntryPoint","urlTemplate":"https:\/\/www.editorialjuventud.es\/?s={search_term_string}"},"query-input":{"@type":"PropertyValueSpecification","valueRequired":true,"valueName":"search_term_string"}}],"inLanguage":"ca"}]}},"_links":{"self":[{"href":"https:\/\/www.editorialjuventud.es\/ca\/wp-json\/wp\/v2\/product\/46346","targetHints":{"allow":["GET"]}}],"collection":[{"href":"https:\/\/www.editorialjuventud.es\/ca\/wp-json\/wp\/v2\/product"}],"about":[{"href":"https:\/\/www.editorialjuventud.es\/ca\/wp-json\/wp\/v2\/types\/product"}],"wp:featuredmedia":[{"embeddable":true,"href":"https:\/\/www.editorialjuventud.es\/ca\/wp-json\/wp\/v2\/media\/46347"}],"wp:attachment":[{"href":"https:\/\/www.editorialjuventud.es\/ca\/wp-json\/wp\/v2\/media?parent=46346"}],"wp:term":[{"taxonomy":"product_brand","embeddable":true,"href":"https:\/\/www.editorialjuventud.es\/ca\/wp-json\/wp\/v2\/product_brand?post=46346"},{"taxonomy":"product_cat","embeddable":true,"href":"https:\/\/www.editorialjuventud.es\/ca\/wp-json\/wp\/v2\/product_cat?post=46346"},{"taxonomy":"product_tag","embeddable":true,"href":"https:\/\/www.editorialjuventud.es\/ca\/wp-json\/wp\/v2\/product_tag?post=46346"},{"taxonomy":"coleccion","embeddable":true,"href":"https:\/\/www.editorialjuventud.es\/ca\/wp-json\/wp\/v2\/coleccion?post=46346"}],"curies":[{"name":"wp","href":"https:\/\/api.w.org\/{rel}","templated":true}]}}