{"id":46343,"date":"2020-11-02T16:55:14","date_gmt":"2020-11-02T15:55:14","guid":{"rendered":"https:\/\/www.editorialjuventud.es\/bon-nardal-9788426146908\/"},"modified":"2025-01-31T10:56:24","modified_gmt":"2025-01-31T09:56:24","slug":"bon-nardal-9788426146908","status":"publish","type":"product","link":"https:\/\/www.editorialjuventud.es\/ca\/bon-nardal-9788426146908\/","title":{"rendered":"Bon Nardal!"},"content":{"rendered":"<p>\u00c9s l&#8217;\u00e8poca preferida d&#8217;en Narval i est\u00e0 ansi\u00f3s per divertir-se amb els seus amics i gaudir d&#8217;un bon past\u00eds de gofres. Per\u00f2, sobretot, per l&#8217;arribada d&#8217;un personatge narval\u00e0stic!<\/p>\n<p>En el cinqu\u00e8 volum de la s\u00e8rie de Llibres de Narval i Medu, Narval i els seus amics estan ansiosos per l&#8217;arribada de les vacances: gaudir de les aig\u00fces hivernals, cantar nadales i l&#8217;arribada de la Feli\u00e7 Sirenicorn! Un \u00e9sser meitat sirena, meitat unicorn i totalment es-peix-al. B\u00e9, no tots es creuen aquesta meravellosa llegenda; com sempre, l&#8217;assenyada Medu t\u00e9 les seves reserves&#8230;<\/p>\n<p>L&#8217;\u00faltim volum d&#8217;aquesta s\u00e8rie no t\u00e9 res a envejar als seus predecessors. Sis historietes plenes d&#8217;alegria, tendresa i molt humor, que transcorren en un entorn nadalenc al m\u00e9s pur estil de Narval. Com sempre, tamb\u00e9 trobarem dades reals sobre els animals marins, aquest cop de aig\u00fces m\u00e9s fresques. El regal perfecte per a aquest Nardal per a tots els fans de Narval i Medu!   <\/p>\n","protected":false},"excerpt":{"rendered":"\u00c9s l&#8217;\u00e8poca preferida d&#8217;en Narval i est\u00e0 ansi\u00f3s per divertir-se amb els seus amics i gaudir d&#8217;un bon past\u00eds de gofres. Per\u00f2, sobretot, per l&#8217;arribada d&#8217;un personatge narval\u00e0stic! En el cinqu\u00e8 volum de la s\u00e8rie de Llibres de Narval i [&hellip;]","protected":false},"featured_media":46344,"template":"","meta":{"_acf_changed":false,"_exactmetrics_skip_tracking":false,"_exactmetrics_sitenote_active":false,"_exactmetrics_sitenote_note":"","_exactmetrics_sitenote_category":0},"product_brand":[],"product_cat":[902,1138,1142,1127,1184,1193,1202],"product_tag":[],"coleccion":[922,977],"class_list":{"0":"post-46343","1":"product","2":"type-product","3":"status-publish","4":"has-post-thumbnail","6":"product_cat-a-partir-de-7-anos","7":"product_cat-animales","8":"product_cat-aventura","9":"product_cat-comic","10":"product_cat-humor","11":"product_cat-mar-oceano","12":"product_cat-navidad","13":"coleccion-joventut-comic","14":"coleccion-llibres-de-narval-i-medu","16":"first","17":"instock","18":"taxable","19":"shipping-taxable","20":"purchasable","21":"product-type-simple"},"acf":{"indice":"","autor":"Clanton, Ben","codart":"4690","ediciones":"3","encuadernacion":"Carton\u00e9","fecha_de_publicacion":"01\/11\/2020","fecha_de_reimpresion":"01\/11\/2022","novedad":"0","paginas":"70","subtitulo":"","texto_web_adicional":"","autores-libros":[16284],"ilustradores-libros":[16284],"texto_web_novedad":"","orden":"999","portada":"0","texto_web_resaltado":"","traductores-libros":[17378],"descripcion_corta":"Sis historietes plenes d'alegria, tendresa i molt humor, que transcorren en un entorn nadalenc al m\u00e9s pur estil de Narval.","recomendamos":"","mas_vendido":"","idioma-libro":"","color":false,"formato":"","mas_informacion_del_producto":false,"premios":[{"premio":"New York Times Best Sellers","anyo_del_premio":"2020","pais_del_premio":"EE.UU."},{"premio":"","anyo_del_premio":"","pais_del_premio":""}],"deshabilitar_compra":[],"texto_enlace_cubierta":"","enlace_cubierta":{"ID":46466,"id":46466,"title":"cover FELIZ NARVALIDAD (2 idiomas).indd","filename":"bon-nardal_cover.jpg","filesize":751671,"url":"https:\/\/www.editorialjuventud.es\/wp-content\/uploads\/bon-nardal_cover.jpg","link":"https:\/\/www.editorialjuventud.es\/ca\/?attachment_id=46466","alt":"","author":"49","description":"","caption":"","name":"cover-feliz-narvalidad-2-idiomas-indd-2","status":"inherit","uploaded_to":46343,"date":"2020-11-03 18:27:21","modified":"2020-11-03 18:27:21","menu_order":0,"mime_type":"image\/jpeg","type":"image","subtype":"jpeg","icon":"https:\/\/www.editorialjuventud.es\/wp-includes\/images\/media\/default.png","width":1867,"height":2548,"sizes":{"thumbnail":"https:\/\/www.editorialjuventud.es\/wp-content\/uploads\/bon-nardal_cover-200x200.jpg","thumbnail-width":200,"thumbnail-height":200,"medium":"https:\/\/www.editorialjuventud.es\/wp-content\/uploads\/bon-nardal_cover.jpg","medium-width":1867,"medium-height":2548,"medium_large":"https:\/\/www.editorialjuventud.es\/wp-content\/uploads\/bon-nardal_cover-768x1048.jpg","medium_large-width":768,"medium_large-height":1048,"large":"https:\/\/www.editorialjuventud.es\/wp-content\/uploads\/bon-nardal_cover.jpg","large-width":1867,"large-height":2548,"1536x1536":"https:\/\/www.editorialjuventud.es\/wp-content\/uploads\/bon-nardal_cover.jpg","1536x1536-width":1125,"1536x1536-height":1536,"2048x2048":"https:\/\/www.editorialjuventud.es\/wp-content\/uploads\/bon-nardal_cover.jpg","2048x2048-width":1501,"2048x2048-height":2048,"woocommerce_thumbnail":"https:\/\/www.editorialjuventud.es\/wp-content\/uploads\/bon-nardal_cover-350x478.jpg","woocommerce_thumbnail-width":350,"woocommerce_thumbnail-height":478,"woocommerce_single":"https:\/\/www.editorialjuventud.es\/wp-content\/uploads\/bon-nardal_cover-900x1228.jpg","woocommerce_single-width":900,"woocommerce_single-height":1228,"woocommerce_gallery_thumbnail":"https:\/\/www.editorialjuventud.es\/wp-content\/uploads\/bon-nardal_cover-100x100.jpg","woocommerce_gallery_thumbnail-width":100,"woocommerce_gallery_thumbnail-height":100,"ppec_logo_image_size":"https:\/\/www.editorialjuventud.es\/wp-content\/uploads\/bon-nardal_cover.jpg","ppec_logo_image_size-width":44,"ppec_logo_image_size-height":60,"ppec_header_image_size":"https:\/\/www.editorialjuventud.es\/wp-content\/uploads\/bon-nardal_cover.jpg","ppec_header_image_size-width":66,"ppec_header_image_size-height":90}},"texto_enlace_ficha_tecnica":"","enlace_ficha_tecnica":{"ID":46614,"id":46614,"title":"Fitxa_Bon-Nardal","filename":"Fitxa_Bon-Nardal.pdf","filesize":689054,"url":"https:\/\/www.editorialjuventud.es\/wp-content\/uploads\/Fitxa_Bon-Nardal.pdf","link":"https:\/\/www.editorialjuventud.es\/ca\/?attachment_id=46614","alt":"","author":"49","description":"","caption":"","name":"fitxa_bon-nardal","status":"inherit","uploaded_to":46343,"date":"2020-11-05 13:12:27","modified":"2020-11-05 13:12:27","menu_order":0,"mime_type":"application\/pdf","type":"application","subtype":"pdf","icon":"https:\/\/www.editorialjuventud.es\/wp-includes\/images\/media\/document.png"},"ficheros":false,"titulo-fr":"","texto-fr":""},"yoast_head":"<!-- This site is optimized with the Yoast SEO plugin v27.3 - https:\/\/yoast.com\/product\/yoast-seo-wordpress\/ -->\n<title>Bon Nardal! - Editorial Juventud<\/title>\n<meta name=\"description\" content=\"\u00c9s l&#039;\u00e8poca preferida d&#039;en Narval i est\u00e0 ansi\u00f3s per divertir-se amb els seus amics i gaudir d&#039;un bon past\u00eds de gofres. Per\u00f2, sobretot, per l&#039;arribada d&#039;un\" \/>\n<meta name=\"robots\" content=\"index, follow, max-snippet:-1, max-image-preview:large, max-video-preview:-1\" \/>\n<link rel=\"canonical\" href=\"https:\/\/www.editorialjuventud.es\/bon-nardal-9788426146908\/\" \/>\n<meta property=\"og:locale\" content=\"ca_ES\" \/>\n<meta property=\"og:type\" content=\"article\" \/>\n<meta property=\"og:title\" content=\"Bon Nardal! - Editorial Juventud\" \/>\n<meta property=\"og:description\" content=\"\u00c9s l&#039;\u00e8poca preferida d&#039;en Narval i est\u00e0 ansi\u00f3s per divertir-se amb els seus amics i gaudir d&#039;un bon past\u00eds de gofres. Per\u00f2, sobretot, per l&#039;arribada d&#039;un\" \/>\n<meta property=\"og:url\" content=\"https:\/\/www.editorialjuventud.es\/bon-nardal-9788426146908\/\" \/>\n<meta property=\"og:site_name\" content=\"Editorial Juventud\" \/>\n<meta property=\"article:modified_time\" content=\"2025-01-31T09:56:24+00:00\" \/>\n<meta property=\"og:image\" content=\"https:\/\/www.editorialjuventud.es\/wp-content\/uploads\/9788426146908.jpg\" \/>\n\t<meta property=\"og:image:width\" content=\"879\" \/>\n\t<meta property=\"og:image:height\" content=\"1200\" \/>\n\t<meta property=\"og:image:type\" content=\"image\/jpeg\" \/>\n<meta name=\"twitter:card\" content=\"summary_large_image\" \/>\n<meta name=\"twitter:label1\" content=\"Temps estimat de lectura\" \/>\n\t<meta name=\"twitter:data1\" content=\"1 minut\" \/>\n<script type=\"application\/ld+json\" class=\"yoast-schema-graph\">{\"@context\":\"https:\\\/\\\/schema.org\",\"@graph\":[{\"@type\":\"WebPage\",\"@id\":\"https:\\\/\\\/www.editorialjuventud.es\\\/bon-nardal-9788426146908\\\/\",\"url\":\"https:\\\/\\\/www.editorialjuventud.es\\\/bon-nardal-9788426146908\\\/\",\"name\":\"Bon Nardal! - Editorial Juventud\",\"isPartOf\":{\"@id\":\"https:\\\/\\\/www.editorialjuventud.es\\\/#website\"},\"primaryImageOfPage\":{\"@id\":\"https:\\\/\\\/www.editorialjuventud.es\\\/bon-nardal-9788426146908\\\/#primaryimage\"},\"image\":{\"@id\":\"https:\\\/\\\/www.editorialjuventud.es\\\/bon-nardal-9788426146908\\\/#primaryimage\"},\"thumbnailUrl\":\"https:\\\/\\\/www.editorialjuventud.es\\\/wp-content\\\/uploads\\\/9788426146908.jpg\",\"datePublished\":\"2020-11-02T15:55:14+00:00\",\"dateModified\":\"2025-01-31T09:56:24+00:00\",\"description\":\"\u00c9s l'\u00e8poca preferida d'en Narval i est\u00e0 ansi\u00f3s per divertir-se amb els seus amics i gaudir d'un bon past\u00eds de gofres. Per\u00f2, sobretot, per l'arribada d'un\",\"breadcrumb\":{\"@id\":\"https:\\\/\\\/www.editorialjuventud.es\\\/bon-nardal-9788426146908\\\/#breadcrumb\"},\"inLanguage\":\"ca\",\"potentialAction\":[{\"@type\":\"ReadAction\",\"target\":[\"https:\\\/\\\/www.editorialjuventud.es\\\/bon-nardal-9788426146908\\\/\"]}]},{\"@type\":\"ImageObject\",\"inLanguage\":\"ca\",\"@id\":\"https:\\\/\\\/www.editorialjuventud.es\\\/bon-nardal-9788426146908\\\/#primaryimage\",\"url\":\"https:\\\/\\\/www.editorialjuventud.es\\\/wp-content\\\/uploads\\\/9788426146908.jpg\",\"contentUrl\":\"https:\\\/\\\/www.editorialjuventud.es\\\/wp-content\\\/uploads\\\/9788426146908.jpg\",\"width\":879,\"height\":1200,\"caption\":\"9788426146908.jpg\"},{\"@type\":\"BreadcrumbList\",\"@id\":\"https:\\\/\\\/www.editorialjuventud.es\\\/bon-nardal-9788426146908\\\/#breadcrumb\",\"itemListElement\":[{\"@type\":\"ListItem\",\"position\":1,\"name\":\"Portada\",\"item\":\"https:\\\/\\\/www.editorialjuventud.es\\\/\"},{\"@type\":\"ListItem\",\"position\":2,\"name\":\"cat\u00e1logo\",\"item\":\"https:\\\/\\\/www.editorialjuventud.es\\\/coleccion\\\/catalogo\\\/\"},{\"@type\":\"ListItem\",\"position\":3,\"name\":\"catal\u00e0\",\"item\":\"https:\\\/\\\/www.editorialjuventud.es\\\/coleccion\\\/catala\\\/\"},{\"@type\":\"ListItem\",\"position\":4,\"name\":\"Joventut C\u00f2mic\",\"item\":\"https:\\\/\\\/www.editorialjuventud.es\\\/ca\\\/coleccion\\\/joventut-comic\\\/\"},{\"@type\":\"ListItem\",\"position\":5,\"name\":\"Llibres de Narval i Medu\",\"item\":\"https:\\\/\\\/www.editorialjuventud.es\\\/ca\\\/coleccion\\\/llibres-de-narval-i-medu\\\/\"},{\"@type\":\"ListItem\",\"position\":6,\"name\":\"Bon Nardal!\"}]},{\"@type\":\"WebSite\",\"@id\":\"https:\\\/\\\/www.editorialjuventud.es\\\/#website\",\"url\":\"https:\\\/\\\/www.editorialjuventud.es\\\/\",\"name\":\"Editorial Juventud\",\"description\":\"\",\"potentialAction\":[{\"@type\":\"SearchAction\",\"target\":{\"@type\":\"EntryPoint\",\"urlTemplate\":\"https:\\\/\\\/www.editorialjuventud.es\\\/?s={search_term_string}\"},\"query-input\":{\"@type\":\"PropertyValueSpecification\",\"valueRequired\":true,\"valueName\":\"search_term_string\"}}],\"inLanguage\":\"ca\"}]}<\/script>\n<!-- \/ Yoast SEO plugin. -->","yoast_head_json":{"title":"Bon Nardal! - Editorial Juventud","description":"\u00c9s l'\u00e8poca preferida d'en Narval i est\u00e0 ansi\u00f3s per divertir-se amb els seus amics i gaudir d'un bon past\u00eds de gofres. Per\u00f2, sobretot, per l'arribada d'un","robots":{"index":"index","follow":"follow","max-snippet":"max-snippet:-1","max-image-preview":"max-image-preview:large","max-video-preview":"max-video-preview:-1"},"canonical":"https:\/\/www.editorialjuventud.es\/bon-nardal-9788426146908\/","og_locale":"ca_ES","og_type":"article","og_title":"Bon Nardal! - Editorial Juventud","og_description":"\u00c9s l'\u00e8poca preferida d'en Narval i est\u00e0 ansi\u00f3s per divertir-se amb els seus amics i gaudir d'un bon past\u00eds de gofres. Per\u00f2, sobretot, per l'arribada d'un","og_url":"https:\/\/www.editorialjuventud.es\/bon-nardal-9788426146908\/","og_site_name":"Editorial Juventud","article_modified_time":"2025-01-31T09:56:24+00:00","og_image":[{"width":879,"height":1200,"url":"https:\/\/www.editorialjuventud.es\/wp-content\/uploads\/9788426146908.jpg","type":"image\/jpeg"}],"twitter_card":"summary_large_image","twitter_misc":{"Temps estimat de lectura":"1 minut"},"schema":{"@context":"https:\/\/schema.org","@graph":[{"@type":"WebPage","@id":"https:\/\/www.editorialjuventud.es\/bon-nardal-9788426146908\/","url":"https:\/\/www.editorialjuventud.es\/bon-nardal-9788426146908\/","name":"Bon Nardal! - Editorial Juventud","isPartOf":{"@id":"https:\/\/www.editorialjuventud.es\/#website"},"primaryImageOfPage":{"@id":"https:\/\/www.editorialjuventud.es\/bon-nardal-9788426146908\/#primaryimage"},"image":{"@id":"https:\/\/www.editorialjuventud.es\/bon-nardal-9788426146908\/#primaryimage"},"thumbnailUrl":"https:\/\/www.editorialjuventud.es\/wp-content\/uploads\/9788426146908.jpg","datePublished":"2020-11-02T15:55:14+00:00","dateModified":"2025-01-31T09:56:24+00:00","description":"\u00c9s l'\u00e8poca preferida d'en Narval i est\u00e0 ansi\u00f3s per divertir-se amb els seus amics i gaudir d'un bon past\u00eds de gofres. Per\u00f2, sobretot, per l'arribada d'un","breadcrumb":{"@id":"https:\/\/www.editorialjuventud.es\/bon-nardal-9788426146908\/#breadcrumb"},"inLanguage":"ca","potentialAction":[{"@type":"ReadAction","target":["https:\/\/www.editorialjuventud.es\/bon-nardal-9788426146908\/"]}]},{"@type":"ImageObject","inLanguage":"ca","@id":"https:\/\/www.editorialjuventud.es\/bon-nardal-9788426146908\/#primaryimage","url":"https:\/\/www.editorialjuventud.es\/wp-content\/uploads\/9788426146908.jpg","contentUrl":"https:\/\/www.editorialjuventud.es\/wp-content\/uploads\/9788426146908.jpg","width":879,"height":1200,"caption":"9788426146908.jpg"},{"@type":"BreadcrumbList","@id":"https:\/\/www.editorialjuventud.es\/bon-nardal-9788426146908\/#breadcrumb","itemListElement":[{"@type":"ListItem","position":1,"name":"Portada","item":"https:\/\/www.editorialjuventud.es\/"},{"@type":"ListItem","position":2,"name":"cat\u00e1logo","item":"https:\/\/www.editorialjuventud.es\/coleccion\/catalogo\/"},{"@type":"ListItem","position":3,"name":"catal\u00e0","item":"https:\/\/www.editorialjuventud.es\/coleccion\/catala\/"},{"@type":"ListItem","position":4,"name":"Joventut C\u00f2mic","item":"https:\/\/www.editorialjuventud.es\/ca\/coleccion\/joventut-comic\/"},{"@type":"ListItem","position":5,"name":"Llibres de Narval i Medu","item":"https:\/\/www.editorialjuventud.es\/ca\/coleccion\/llibres-de-narval-i-medu\/"},{"@type":"ListItem","position":6,"name":"Bon Nardal!"}]},{"@type":"WebSite","@id":"https:\/\/www.editorialjuventud.es\/#website","url":"https:\/\/www.editorialjuventud.es\/","name":"Editorial Juventud","description":"","potentialAction":[{"@type":"SearchAction","target":{"@type":"EntryPoint","urlTemplate":"https:\/\/www.editorialjuventud.es\/?s={search_term_string}"},"query-input":{"@type":"PropertyValueSpecification","valueRequired":true,"valueName":"search_term_string"}}],"inLanguage":"ca"}]}},"_links":{"self":[{"href":"https:\/\/www.editorialjuventud.es\/ca\/wp-json\/wp\/v2\/product\/46343","targetHints":{"allow":["GET"]}}],"collection":[{"href":"https:\/\/www.editorialjuventud.es\/ca\/wp-json\/wp\/v2\/product"}],"about":[{"href":"https:\/\/www.editorialjuventud.es\/ca\/wp-json\/wp\/v2\/types\/product"}],"wp:featuredmedia":[{"embeddable":true,"href":"https:\/\/www.editorialjuventud.es\/ca\/wp-json\/wp\/v2\/media\/46344"}],"wp:attachment":[{"href":"https:\/\/www.editorialjuventud.es\/ca\/wp-json\/wp\/v2\/media?parent=46343"}],"wp:term":[{"taxonomy":"product_brand","embeddable":true,"href":"https:\/\/www.editorialjuventud.es\/ca\/wp-json\/wp\/v2\/product_brand?post=46343"},{"taxonomy":"product_cat","embeddable":true,"href":"https:\/\/www.editorialjuventud.es\/ca\/wp-json\/wp\/v2\/product_cat?post=46343"},{"taxonomy":"product_tag","embeddable":true,"href":"https:\/\/www.editorialjuventud.es\/ca\/wp-json\/wp\/v2\/product_tag?post=46343"},{"taxonomy":"coleccion","embeddable":true,"href":"https:\/\/www.editorialjuventud.es\/ca\/wp-json\/wp\/v2\/coleccion?post=46343"}],"curies":[{"name":"wp","href":"https:\/\/api.w.org\/{rel}","templated":true}]}}