{"id":46338,"date":"2020-11-02T16:49:26","date_gmt":"2020-11-02T15:49:26","guid":{"rendered":"https:\/\/www.editorialjuventud.es\/feliz-narvidad-9788426146892\/"},"modified":"2025-01-31T10:56:14","modified_gmt":"2025-01-31T09:56:14","slug":"feliz-narvidad-9788426146892","status":"publish","type":"product","link":"https:\/\/www.editorialjuventud.es\/ca\/feliz-narvidad-9788426146892\/","title":{"rendered":"\u00a1Feliz Narvidad!"},"content":{"rendered":"<p>Es la \u00e9poca favorita de Narval y est\u00e1 ansioso por divertirse con sus amigos y disfrutar de un buen pastel de gofres. \u00a1Pero, sobre todo, por la llegada de un personaje mar-avilloso!  <\/p>\n<p>En la quinta entrega de la serie de Libros de Narval y Medu, Narval y sus amigos est\u00e1n ansiosos por la llegada de las vacaciones: disfrutar de las aguas invernales, cantar coralcicos y \u00a1la llegada del Sirenicornio Feliz! Un ser mitad sirena, mitad unicornio y totalmente mar-avilloso. Bueno, no todos se creen esta mar-avillosa leyenda; como siempre, la juiciosa Medu tiene sus reservas&#8230;<\/p>\n<p>El \u00faltimo volumen de esta serie no tiene nada que envidiar a sus predecesores. Seis historietas repletas de alegr\u00eda, ternura y mucho humor, que se desarrollan en un entorno navide\u00f1o al m\u00e1s puro estilo de Narval. Como siempre, tambi\u00e9n encontraremos datos reales sobre los animales marinos, esta vez de las m\u00e1s g\u00e9lidas aguas. \u00a1El regalo perfecto para estas Narvidades para todos los fans de Narval y Medu!<\/p>\n","protected":false},"excerpt":{"rendered":"Es la \u00e9poca favorita de Narval y est\u00e1 ansioso por divertirse con sus amigos y disfrutar de un buen pastel de gofres. \u00a1Pero, sobre todo, por la llegada de un personaje mar-avilloso! En la quinta entrega de la serie de [&hellip;]","protected":false},"featured_media":46339,"template":"","meta":{"_acf_changed":false,"_exactmetrics_skip_tracking":false,"_exactmetrics_sitenote_active":false,"_exactmetrics_sitenote_note":"","_exactmetrics_sitenote_category":0},"product_brand":[],"product_cat":[902,1138,1142,1127,1184,1193,1202],"product_tag":[],"coleccion":[935,1005],"class_list":{"0":"post-46338","1":"product","2":"type-product","3":"status-publish","4":"has-post-thumbnail","6":"product_cat-a-partir-de-7-anos","7":"product_cat-animales","8":"product_cat-aventura","9":"product_cat-comic","10":"product_cat-humor","11":"product_cat-mar-oceano","12":"product_cat-navidad","13":"coleccion-juventud-comic","14":"coleccion-libros-de-narval-y-medu","16":"first","17":"instock","18":"taxable","19":"shipping-taxable","20":"purchasable","21":"product-type-simple"},"acf":{"indice":"","autor":"Clanton, Ben","codart":"4689","ediciones":"3","encuadernacion":"Carton\u00e9","fecha_de_publicacion":"01\/11\/2020","fecha_de_reimpresion":"01\/11\/2022","novedad":"0","paginas":"70","subtitulo":"","texto_web_adicional":"","autores-libros":[16284],"ilustradores-libros":[16284],"texto_web_novedad":"","orden":"999","portada":"0","texto_web_resaltado":"","traductores-libros":[37490],"descripcion_corta":"","recomendamos":"","mas_vendido":"","idioma-libro":"","color":false,"formato":"","mas_informacion_del_producto":false,"premios":[{"premio":"New York Times Best Sellers","anyo_del_premio":"2020","pais_del_premio":"EE.UU"},{"premio":"","anyo_del_premio":"","pais_del_premio":""}],"deshabilitar_compra":[],"texto_enlace_cubierta":"","enlace_cubierta":{"ID":46413,"id":46413,"title":"cover FELIZ NARVALIDAD (2 idiomas).indd","filename":"feliz-narvidad_cover.jpg","filesize":754986,"url":"https:\/\/www.editorialjuventud.es\/wp-content\/uploads\/feliz-narvidad_cover.jpg","link":"https:\/\/www.editorialjuventud.es\/ca\/?attachment_id=46413","alt":"","author":"49","description":"","caption":"","name":"cover-feliz-narvalidad-2-idiomas-indd","status":"inherit","uploaded_to":46338,"date":"2020-11-03 15:47:52","modified":"2020-11-03 15:47:52","menu_order":0,"mime_type":"image\/jpeg","type":"image","subtype":"jpeg","icon":"https:\/\/www.editorialjuventud.es\/wp-includes\/images\/media\/default.png","width":1871,"height":2545,"sizes":{"thumbnail":"https:\/\/www.editorialjuventud.es\/wp-content\/uploads\/feliz-narvidad_cover-200x200.jpg","thumbnail-width":200,"thumbnail-height":200,"medium":"https:\/\/www.editorialjuventud.es\/wp-content\/uploads\/feliz-narvidad_cover.jpg","medium-width":1871,"medium-height":2545,"medium_large":"https:\/\/www.editorialjuventud.es\/wp-content\/uploads\/feliz-narvidad_cover-768x1045.jpg","medium_large-width":768,"medium_large-height":1045,"large":"https:\/\/www.editorialjuventud.es\/wp-content\/uploads\/feliz-narvidad_cover.jpg","large-width":1871,"large-height":2545,"1536x1536":"https:\/\/www.editorialjuventud.es\/wp-content\/uploads\/feliz-narvidad_cover.jpg","1536x1536-width":1129,"1536x1536-height":1536,"2048x2048":"https:\/\/www.editorialjuventud.es\/wp-content\/uploads\/feliz-narvidad_cover.jpg","2048x2048-width":1506,"2048x2048-height":2048,"woocommerce_thumbnail":"https:\/\/www.editorialjuventud.es\/wp-content\/uploads\/feliz-narvidad_cover-350x476.jpg","woocommerce_thumbnail-width":350,"woocommerce_thumbnail-height":476,"woocommerce_single":"https:\/\/www.editorialjuventud.es\/wp-content\/uploads\/feliz-narvidad_cover-900x1224.jpg","woocommerce_single-width":900,"woocommerce_single-height":1224,"woocommerce_gallery_thumbnail":"https:\/\/www.editorialjuventud.es\/wp-content\/uploads\/feliz-narvidad_cover-100x100.jpg","woocommerce_gallery_thumbnail-width":100,"woocommerce_gallery_thumbnail-height":100,"ppec_logo_image_size":"https:\/\/www.editorialjuventud.es\/wp-content\/uploads\/feliz-narvidad_cover.jpg","ppec_logo_image_size-width":44,"ppec_logo_image_size-height":60,"ppec_header_image_size":"https:\/\/www.editorialjuventud.es\/wp-content\/uploads\/feliz-narvidad_cover.jpg","ppec_header_image_size-width":66,"ppec_header_image_size-height":90}},"texto_enlace_ficha_tecnica":"","enlace_ficha_tecnica":{"ID":46606,"id":46606,"title":"Ficha_Feliz_Narvidad","filename":"Ficha_Feliz_Narvidad.pdf","filesize":648968,"url":"https:\/\/www.editorialjuventud.es\/wp-content\/uploads\/Ficha_Feliz_Narvidad.pdf","link":"https:\/\/www.editorialjuventud.es\/ca\/?attachment_id=46606","alt":"","author":"49","description":"","caption":"","name":"ficha_feliz_narvidad","status":"inherit","uploaded_to":46338,"date":"2020-11-05 13:07:38","modified":"2020-11-05 13:07:38","menu_order":0,"mime_type":"application\/pdf","type":"application","subtype":"pdf","icon":"https:\/\/www.editorialjuventud.es\/wp-includes\/images\/media\/document.png"},"ficheros":false,"titulo-fr":"","texto-fr":""},"yoast_head":"<!-- This site is optimized with the Yoast SEO plugin v27.5 - https:\/\/yoast.com\/product\/yoast-seo-wordpress\/ -->\n<title>\u00a1Feliz Narvidad! - Editorial Juventud<\/title>\n<meta name=\"description\" content=\"Es la \u00e9poca favorita de Narval y est\u00e1 ansioso por divertirse con sus amigos y disfrutar de un buen pastel de gofres. \u00a1Pero, sobre todo, por la llegada de\" \/>\n<meta name=\"robots\" content=\"index, follow, max-snippet:-1, max-image-preview:large, max-video-preview:-1\" \/>\n<link rel=\"canonical\" href=\"https:\/\/www.editorialjuventud.es\/feliz-narvidad-9788426146892\/\" \/>\n<meta property=\"og:locale\" content=\"ca_ES\" \/>\n<meta property=\"og:type\" content=\"article\" \/>\n<meta property=\"og:title\" content=\"\u00a1Feliz Narvidad! - Editorial Juventud\" \/>\n<meta property=\"og:description\" content=\"Es la \u00e9poca favorita de Narval y est\u00e1 ansioso por divertirse con sus amigos y disfrutar de un buen pastel de gofres. \u00a1Pero, sobre todo, por la llegada de\" \/>\n<meta property=\"og:url\" content=\"https:\/\/www.editorialjuventud.es\/feliz-narvidad-9788426146892\/\" \/>\n<meta property=\"og:site_name\" content=\"Editorial Juventud\" \/>\n<meta property=\"article:modified_time\" content=\"2025-01-31T09:56:14+00:00\" \/>\n<meta property=\"og:image\" content=\"https:\/\/www.editorialjuventud.es\/wp-content\/uploads\/9788426146892.jpg\" \/>\n\t<meta property=\"og:image:width\" content=\"882\" \/>\n\t<meta property=\"og:image:height\" content=\"1200\" \/>\n\t<meta property=\"og:image:type\" content=\"image\/jpeg\" \/>\n<meta name=\"twitter:card\" content=\"summary_large_image\" \/>\n<meta name=\"twitter:label1\" content=\"Temps estimat de lectura\" \/>\n\t<meta name=\"twitter:data1\" content=\"1 minut\" \/>\n<script type=\"application\/ld+json\" class=\"yoast-schema-graph\">{\"@context\":\"https:\\\/\\\/schema.org\",\"@graph\":[{\"@type\":\"WebPage\",\"@id\":\"https:\\\/\\\/www.editorialjuventud.es\\\/feliz-narvidad-9788426146892\\\/\",\"url\":\"https:\\\/\\\/www.editorialjuventud.es\\\/feliz-narvidad-9788426146892\\\/\",\"name\":\"\u00a1Feliz Narvidad! - Editorial Juventud\",\"isPartOf\":{\"@id\":\"https:\\\/\\\/www.editorialjuventud.es\\\/#website\"},\"primaryImageOfPage\":{\"@id\":\"https:\\\/\\\/www.editorialjuventud.es\\\/feliz-narvidad-9788426146892\\\/#primaryimage\"},\"image\":{\"@id\":\"https:\\\/\\\/www.editorialjuventud.es\\\/feliz-narvidad-9788426146892\\\/#primaryimage\"},\"thumbnailUrl\":\"https:\\\/\\\/www.editorialjuventud.es\\\/wp-content\\\/uploads\\\/9788426146892.jpg\",\"datePublished\":\"2020-11-02T15:49:26+00:00\",\"dateModified\":\"2025-01-31T09:56:14+00:00\",\"description\":\"Es la \u00e9poca favorita de Narval y est\u00e1 ansioso por divertirse con sus amigos y disfrutar de un buen pastel de gofres. \u00a1Pero, sobre todo, por la llegada de\",\"breadcrumb\":{\"@id\":\"https:\\\/\\\/www.editorialjuventud.es\\\/feliz-narvidad-9788426146892\\\/#breadcrumb\"},\"inLanguage\":\"ca\",\"potentialAction\":[{\"@type\":\"ReadAction\",\"target\":[\"https:\\\/\\\/www.editorialjuventud.es\\\/feliz-narvidad-9788426146892\\\/\"]}]},{\"@type\":\"ImageObject\",\"inLanguage\":\"ca\",\"@id\":\"https:\\\/\\\/www.editorialjuventud.es\\\/feliz-narvidad-9788426146892\\\/#primaryimage\",\"url\":\"https:\\\/\\\/www.editorialjuventud.es\\\/wp-content\\\/uploads\\\/9788426146892.jpg\",\"contentUrl\":\"https:\\\/\\\/www.editorialjuventud.es\\\/wp-content\\\/uploads\\\/9788426146892.jpg\",\"width\":882,\"height\":1200,\"caption\":\"9788426146892.jpg\"},{\"@type\":\"BreadcrumbList\",\"@id\":\"https:\\\/\\\/www.editorialjuventud.es\\\/feliz-narvidad-9788426146892\\\/#breadcrumb\",\"itemListElement\":[{\"@type\":\"ListItem\",\"position\":1,\"name\":\"Portada\",\"item\":\"https:\\\/\\\/www.editorialjuventud.es\\\/\"},{\"@type\":\"ListItem\",\"position\":2,\"name\":\"cat\u00e1logo\",\"item\":\"https:\\\/\\\/www.editorialjuventud.es\\\/coleccion\\\/catalogo\\\/\"},{\"@type\":\"ListItem\",\"position\":3,\"name\":\"castellano\",\"item\":\"https:\\\/\\\/www.editorialjuventud.es\\\/coleccion\\\/castellano\\\/\"},{\"@type\":\"ListItem\",\"position\":4,\"name\":\"Juventud C\u00f3mic\",\"item\":\"https:\\\/\\\/www.editorialjuventud.es\\\/coleccion\\\/juventud-comic\\\/\"},{\"@type\":\"ListItem\",\"position\":5,\"name\":\"Libros de Narval y Medu\",\"item\":\"https:\\\/\\\/www.editorialjuventud.es\\\/coleccion\\\/libros-de-narval-y-medu\\\/\"},{\"@type\":\"ListItem\",\"position\":6,\"name\":\"\u00a1Feliz Narvidad!\"}]},{\"@type\":\"WebSite\",\"@id\":\"https:\\\/\\\/www.editorialjuventud.es\\\/#website\",\"url\":\"https:\\\/\\\/www.editorialjuventud.es\\\/\",\"name\":\"Editorial Juventud\",\"description\":\"\",\"potentialAction\":[{\"@type\":\"SearchAction\",\"target\":{\"@type\":\"EntryPoint\",\"urlTemplate\":\"https:\\\/\\\/www.editorialjuventud.es\\\/?s={search_term_string}\"},\"query-input\":{\"@type\":\"PropertyValueSpecification\",\"valueRequired\":true,\"valueName\":\"search_term_string\"}}],\"inLanguage\":\"ca\"}]}<\/script>\n<!-- \/ Yoast SEO plugin. -->","yoast_head_json":{"title":"\u00a1Feliz Narvidad! - Editorial Juventud","description":"Es la \u00e9poca favorita de Narval y est\u00e1 ansioso por divertirse con sus amigos y disfrutar de un buen pastel de gofres. \u00a1Pero, sobre todo, por la llegada de","robots":{"index":"index","follow":"follow","max-snippet":"max-snippet:-1","max-image-preview":"max-image-preview:large","max-video-preview":"max-video-preview:-1"},"canonical":"https:\/\/www.editorialjuventud.es\/feliz-narvidad-9788426146892\/","og_locale":"ca_ES","og_type":"article","og_title":"\u00a1Feliz Narvidad! - Editorial Juventud","og_description":"Es la \u00e9poca favorita de Narval y est\u00e1 ansioso por divertirse con sus amigos y disfrutar de un buen pastel de gofres. \u00a1Pero, sobre todo, por la llegada de","og_url":"https:\/\/www.editorialjuventud.es\/feliz-narvidad-9788426146892\/","og_site_name":"Editorial Juventud","article_modified_time":"2025-01-31T09:56:14+00:00","og_image":[{"width":882,"height":1200,"url":"https:\/\/www.editorialjuventud.es\/wp-content\/uploads\/9788426146892.jpg","type":"image\/jpeg"}],"twitter_card":"summary_large_image","twitter_misc":{"Temps estimat de lectura":"1 minut"},"schema":{"@context":"https:\/\/schema.org","@graph":[{"@type":"WebPage","@id":"https:\/\/www.editorialjuventud.es\/feliz-narvidad-9788426146892\/","url":"https:\/\/www.editorialjuventud.es\/feliz-narvidad-9788426146892\/","name":"\u00a1Feliz Narvidad! - Editorial Juventud","isPartOf":{"@id":"https:\/\/www.editorialjuventud.es\/#website"},"primaryImageOfPage":{"@id":"https:\/\/www.editorialjuventud.es\/feliz-narvidad-9788426146892\/#primaryimage"},"image":{"@id":"https:\/\/www.editorialjuventud.es\/feliz-narvidad-9788426146892\/#primaryimage"},"thumbnailUrl":"https:\/\/www.editorialjuventud.es\/wp-content\/uploads\/9788426146892.jpg","datePublished":"2020-11-02T15:49:26+00:00","dateModified":"2025-01-31T09:56:14+00:00","description":"Es la \u00e9poca favorita de Narval y est\u00e1 ansioso por divertirse con sus amigos y disfrutar de un buen pastel de gofres. \u00a1Pero, sobre todo, por la llegada de","breadcrumb":{"@id":"https:\/\/www.editorialjuventud.es\/feliz-narvidad-9788426146892\/#breadcrumb"},"inLanguage":"ca","potentialAction":[{"@type":"ReadAction","target":["https:\/\/www.editorialjuventud.es\/feliz-narvidad-9788426146892\/"]}]},{"@type":"ImageObject","inLanguage":"ca","@id":"https:\/\/www.editorialjuventud.es\/feliz-narvidad-9788426146892\/#primaryimage","url":"https:\/\/www.editorialjuventud.es\/wp-content\/uploads\/9788426146892.jpg","contentUrl":"https:\/\/www.editorialjuventud.es\/wp-content\/uploads\/9788426146892.jpg","width":882,"height":1200,"caption":"9788426146892.jpg"},{"@type":"BreadcrumbList","@id":"https:\/\/www.editorialjuventud.es\/feliz-narvidad-9788426146892\/#breadcrumb","itemListElement":[{"@type":"ListItem","position":1,"name":"Portada","item":"https:\/\/www.editorialjuventud.es\/"},{"@type":"ListItem","position":2,"name":"cat\u00e1logo","item":"https:\/\/www.editorialjuventud.es\/coleccion\/catalogo\/"},{"@type":"ListItem","position":3,"name":"castellano","item":"https:\/\/www.editorialjuventud.es\/coleccion\/castellano\/"},{"@type":"ListItem","position":4,"name":"Juventud C\u00f3mic","item":"https:\/\/www.editorialjuventud.es\/coleccion\/juventud-comic\/"},{"@type":"ListItem","position":5,"name":"Libros de Narval y Medu","item":"https:\/\/www.editorialjuventud.es\/coleccion\/libros-de-narval-y-medu\/"},{"@type":"ListItem","position":6,"name":"\u00a1Feliz Narvidad!"}]},{"@type":"WebSite","@id":"https:\/\/www.editorialjuventud.es\/#website","url":"https:\/\/www.editorialjuventud.es\/","name":"Editorial Juventud","description":"","potentialAction":[{"@type":"SearchAction","target":{"@type":"EntryPoint","urlTemplate":"https:\/\/www.editorialjuventud.es\/?s={search_term_string}"},"query-input":{"@type":"PropertyValueSpecification","valueRequired":true,"valueName":"search_term_string"}}],"inLanguage":"ca"}]}},"_links":{"self":[{"href":"https:\/\/www.editorialjuventud.es\/ca\/wp-json\/wp\/v2\/product\/46338","targetHints":{"allow":["GET"]}}],"collection":[{"href":"https:\/\/www.editorialjuventud.es\/ca\/wp-json\/wp\/v2\/product"}],"about":[{"href":"https:\/\/www.editorialjuventud.es\/ca\/wp-json\/wp\/v2\/types\/product"}],"wp:featuredmedia":[{"embeddable":true,"href":"https:\/\/www.editorialjuventud.es\/ca\/wp-json\/wp\/v2\/media\/46339"}],"wp:attachment":[{"href":"https:\/\/www.editorialjuventud.es\/ca\/wp-json\/wp\/v2\/media?parent=46338"}],"wp:term":[{"taxonomy":"product_brand","embeddable":true,"href":"https:\/\/www.editorialjuventud.es\/ca\/wp-json\/wp\/v2\/product_brand?post=46338"},{"taxonomy":"product_cat","embeddable":true,"href":"https:\/\/www.editorialjuventud.es\/ca\/wp-json\/wp\/v2\/product_cat?post=46338"},{"taxonomy":"product_tag","embeddable":true,"href":"https:\/\/www.editorialjuventud.es\/ca\/wp-json\/wp\/v2\/product_tag?post=46338"},{"taxonomy":"coleccion","embeddable":true,"href":"https:\/\/www.editorialjuventud.es\/ca\/wp-json\/wp\/v2\/coleccion?post=46338"}],"curies":[{"name":"wp","href":"https:\/\/api.w.org\/{rel}","templated":true}]}}