{"id":46335,"date":"2020-11-02T16:44:20","date_gmt":"2020-11-02T15:44:20","guid":{"rendered":"https:\/\/www.editorialjuventud.es\/baika-a-la-fi-del-mon-9788426146847\/"},"modified":"2025-01-22T12:48:28","modified_gmt":"2025-01-22T11:48:28","slug":"baika-a-la-fi-del-mon-9788426146847","status":"publish","type":"product","link":"https:\/\/www.editorialjuventud.es\/ca\/baika-a-la-fi-del-mon-9788426146847\/","title":{"rendered":"Baika a la fi del m\u00f3n"},"content":{"rendered":"<p>La Baika i la Vict\u00f2ria recorren paratges desolats, ciutats en ru\u00efnes, cr\u00e0ters fumejants&#8230; fugint de tot tipus de perills en un m\u00f3n inh\u00f2spit. Des de la gran explosi\u00f3 en qu\u00e8 la Vict\u00f2ria es va veure separada dels seus pares, ella i la Baika els busquen guiades nom\u00e9s per una misteriosa llum en el cel, encara que no estan del tot segures que sigui una bona pista&#8230;<\/p>\n<p>Hom podria pensar que un c\u00f2mic sobre la destrucci\u00f3 del m\u00f3n i el viatge solitari d&#8217;una nena no \u00e9s el llibre m\u00e9s indicat per al p\u00fablic infantil perqu\u00e8 els nens podrien tenir por davant d&#8217;aquesta hist\u00f2ria. Per\u00f2 el seu autor, Marcin Podolec, era molt conscient que estava creant un c\u00f2mic per a nens, per la qual cosa no va introduir ni vilans ni escenes violentes que poguessin posar al l\u00edmit la sensibilitat dels m\u00e9s petits. Baika a la fi del m\u00f3n \u00e9s, contr\u00e0riament al que pugui semblar, un c\u00f2mic molt adequat per a nens, la for\u00e7a impulsora del qual no \u00e9s la por a un cataclisme, sin\u00f3 l&#8217;amistat i l&#8217;anhel per la fam\u00edlia. Aquest llibre recull les dues primeres aventures de la Baika i la Vict\u00f2ria en aquest entorn postapocal\u00edptic. La m\u00e0gia que hi ha entre elles ser\u00e0 la clau per a superar totes les adversitats amb molta tendresa i humor.<\/p>\n","protected":false},"excerpt":{"rendered":"La Baika i la Vict\u00f2ria recorren paratges desolats, ciutats en ru\u00efnes, cr\u00e0ters fumejants&#8230; fugint de tot tipus de perills en un m\u00f3n inh\u00f2spit. Des de la gran explosi\u00f3 en qu\u00e8 la Vict\u00f2ria es va veure separada dels seus pares, ella [&hellip;]","protected":false},"featured_media":46336,"template":"","meta":{"_acf_changed":false,"_exactmetrics_skip_tracking":false,"_exactmetrics_sitenote_active":false,"_exactmetrics_sitenote_note":"","_exactmetrics_sitenote_category":0},"product_brand":[],"product_cat":[904,1136,1142,1150,1127,1184,1194],"product_tag":[],"coleccion":[922],"class_list":{"0":"post-46335","1":"product","2":"type-product","3":"status-publish","4":"has-post-thumbnail","6":"product_cat-a-partir-de-9-anos","7":"product_cat-amistad","8":"product_cat-aventura","9":"product_cat-ciencia-ficcion","10":"product_cat-comic","11":"product_cat-humor","12":"product_cat-mascotas","13":"coleccion-joventut-comic","15":"first","16":"instock","17":"taxable","18":"shipping-taxable","19":"purchasable","20":"product-type-simple"},"acf":{"indice":"","autor":"Podolec, Marcin","codart":"4684","ediciones":"1","encuadernacion":"R\u00fastica","fecha_de_publicacion":"01\/11\/2020","fecha_de_reimpresion":"","novedad":"0","paginas":"120","subtitulo":"","texto_web_adicional":"","autores-libros":[46311],"ilustradores-libros":[46311],"texto_web_novedad":"","orden":"999","portada":"0","texto_web_resaltado":"","traductores-libros":[46316],"descripcion_corta":"","recomendamos":"","mas_vendido":"","idioma-libro":"","color":false,"formato":"","mas_informacion_del_producto":false,"premios":[{"premio":"Nominat per Best Polish Album","anyo_del_premio":"2017","pais_del_premio":"Pol\u00f2nia"}],"deshabilitar_compra":[],"texto_enlace_cubierta":"","enlace_cubierta":{"ID":46476,"id":46476,"title":"baika a la fi del mon_cover","filename":"baika-a-la-fi-del-mon_cover.jpg","filesize":568370,"url":"https:\/\/www.editorialjuventud.es\/wp-content\/uploads\/baika-a-la-fi-del-mon_cover.jpg","link":"https:\/\/www.editorialjuventud.es\/ca\/?attachment_id=46476","alt":"","author":"49","description":"","caption":"","name":"baika-a-la-fi-del-mon_cover","status":"inherit","uploaded_to":46335,"date":"2020-11-03 18:32:31","modified":"2020-11-03 18:32:31","menu_order":0,"mime_type":"image\/jpeg","type":"image","subtype":"jpeg","icon":"https:\/\/www.editorialjuventud.es\/wp-includes\/images\/media\/default.png","width":2130,"height":2846,"sizes":{"thumbnail":"https:\/\/www.editorialjuventud.es\/wp-content\/uploads\/baika-a-la-fi-del-mon_cover-200x200.jpg","thumbnail-width":200,"thumbnail-height":200,"medium":"https:\/\/www.editorialjuventud.es\/wp-content\/uploads\/baika-a-la-fi-del-mon_cover.jpg","medium-width":2130,"medium-height":2846,"medium_large":"https:\/\/www.editorialjuventud.es\/wp-content\/uploads\/baika-a-la-fi-del-mon_cover-768x1026.jpg","medium_large-width":768,"medium_large-height":1026,"large":"https:\/\/www.editorialjuventud.es\/wp-content\/uploads\/baika-a-la-fi-del-mon_cover.jpg","large-width":2130,"large-height":2846,"1536x1536":"https:\/\/www.editorialjuventud.es\/wp-content\/uploads\/baika-a-la-fi-del-mon_cover.jpg","1536x1536-width":1150,"1536x1536-height":1536,"2048x2048":"https:\/\/www.editorialjuventud.es\/wp-content\/uploads\/baika-a-la-fi-del-mon_cover.jpg","2048x2048-width":1533,"2048x2048-height":2048,"woocommerce_thumbnail":"https:\/\/www.editorialjuventud.es\/wp-content\/uploads\/baika-a-la-fi-del-mon_cover-350x468.jpg","woocommerce_thumbnail-width":350,"woocommerce_thumbnail-height":468,"woocommerce_single":"https:\/\/www.editorialjuventud.es\/wp-content\/uploads\/baika-a-la-fi-del-mon_cover-900x1203.jpg","woocommerce_single-width":900,"woocommerce_single-height":1203,"woocommerce_gallery_thumbnail":"https:\/\/www.editorialjuventud.es\/wp-content\/uploads\/baika-a-la-fi-del-mon_cover-100x100.jpg","woocommerce_gallery_thumbnail-width":100,"woocommerce_gallery_thumbnail-height":100,"ppec_logo_image_size":"https:\/\/www.editorialjuventud.es\/wp-content\/uploads\/baika-a-la-fi-del-mon_cover.jpg","ppec_logo_image_size-width":45,"ppec_logo_image_size-height":60,"ppec_header_image_size":"https:\/\/www.editorialjuventud.es\/wp-content\/uploads\/baika-a-la-fi-del-mon_cover.jpg","ppec_header_image_size-width":67,"ppec_header_image_size-height":90}},"texto_enlace_ficha_tecnica":"","enlace_ficha_tecnica":{"ID":46616,"id":46616,"title":"Fitxa_Baika-a-la-fi-del-mon","filename":"Fitxa_Baika-a-la-fi-del-mon.pdf","filesize":348309,"url":"https:\/\/www.editorialjuventud.es\/wp-content\/uploads\/Fitxa_Baika-a-la-fi-del-mon.pdf","link":"https:\/\/www.editorialjuventud.es\/ca\/?attachment_id=46616","alt":"","author":"49","description":"","caption":"","name":"fitxa_baika-a-la-fi-del-mon","status":"inherit","uploaded_to":46335,"date":"2020-11-05 13:13:23","modified":"2020-11-05 13:13:23","menu_order":0,"mime_type":"application\/pdf","type":"application","subtype":"pdf","icon":"https:\/\/www.editorialjuventud.es\/wp-includes\/images\/media\/document.png"},"ficheros":false,"titulo-fr":"","texto-fr":""},"yoast_head":"<!-- This site is optimized with the Yoast SEO plugin v27.3 - https:\/\/yoast.com\/product\/yoast-seo-wordpress\/ -->\n<title>Baika a la fi del m\u00f3n - Editorial Juventud<\/title>\n<meta name=\"description\" content=\"La Baika i la Vict\u00f2ria recorren paratges desolats, ciutats en ru\u00efnes, cr\u00e0ters fumejants... fugint de tot tipus de perills en un m\u00f3n inh\u00f2spit. Des de la\" \/>\n<meta name=\"robots\" content=\"index, follow, max-snippet:-1, max-image-preview:large, max-video-preview:-1\" \/>\n<link rel=\"canonical\" href=\"https:\/\/www.editorialjuventud.es\/baika-a-la-fi-del-mon-9788426146847\/\" \/>\n<meta property=\"og:locale\" content=\"ca_ES\" \/>\n<meta property=\"og:type\" content=\"article\" \/>\n<meta property=\"og:title\" content=\"Baika a la fi del m\u00f3n - Editorial Juventud\" \/>\n<meta property=\"og:description\" content=\"La Baika i la Vict\u00f2ria recorren paratges desolats, ciutats en ru\u00efnes, cr\u00e0ters fumejants... fugint de tot tipus de perills en un m\u00f3n inh\u00f2spit. Des de la\" \/>\n<meta property=\"og:url\" content=\"https:\/\/www.editorialjuventud.es\/baika-a-la-fi-del-mon-9788426146847\/\" \/>\n<meta property=\"og:site_name\" content=\"Editorial Juventud\" \/>\n<meta property=\"article:modified_time\" content=\"2025-01-22T11:48:28+00:00\" \/>\n<meta property=\"og:image\" content=\"https:\/\/www.editorialjuventud.es\/wp-content\/uploads\/9788426146847.jpg\" \/>\n\t<meta property=\"og:image:width\" content=\"898\" \/>\n\t<meta property=\"og:image:height\" content=\"1200\" \/>\n\t<meta property=\"og:image:type\" content=\"image\/jpeg\" \/>\n<meta name=\"twitter:card\" content=\"summary_large_image\" \/>\n<meta name=\"twitter:label1\" content=\"Temps estimat de lectura\" \/>\n\t<meta name=\"twitter:data1\" content=\"1 minut\" \/>\n<script type=\"application\/ld+json\" class=\"yoast-schema-graph\">{\"@context\":\"https:\\\/\\\/schema.org\",\"@graph\":[{\"@type\":\"WebPage\",\"@id\":\"https:\\\/\\\/www.editorialjuventud.es\\\/baika-a-la-fi-del-mon-9788426146847\\\/\",\"url\":\"https:\\\/\\\/www.editorialjuventud.es\\\/baika-a-la-fi-del-mon-9788426146847\\\/\",\"name\":\"Baika a la fi del m\u00f3n - Editorial Juventud\",\"isPartOf\":{\"@id\":\"https:\\\/\\\/www.editorialjuventud.es\\\/#website\"},\"primaryImageOfPage\":{\"@id\":\"https:\\\/\\\/www.editorialjuventud.es\\\/baika-a-la-fi-del-mon-9788426146847\\\/#primaryimage\"},\"image\":{\"@id\":\"https:\\\/\\\/www.editorialjuventud.es\\\/baika-a-la-fi-del-mon-9788426146847\\\/#primaryimage\"},\"thumbnailUrl\":\"https:\\\/\\\/www.editorialjuventud.es\\\/wp-content\\\/uploads\\\/9788426146847.jpg\",\"datePublished\":\"2020-11-02T15:44:20+00:00\",\"dateModified\":\"2025-01-22T11:48:28+00:00\",\"description\":\"La Baika i la Vict\u00f2ria recorren paratges desolats, ciutats en ru\u00efnes, cr\u00e0ters fumejants... fugint de tot tipus de perills en un m\u00f3n inh\u00f2spit. Des de la\",\"breadcrumb\":{\"@id\":\"https:\\\/\\\/www.editorialjuventud.es\\\/baika-a-la-fi-del-mon-9788426146847\\\/#breadcrumb\"},\"inLanguage\":\"ca\",\"potentialAction\":[{\"@type\":\"ReadAction\",\"target\":[\"https:\\\/\\\/www.editorialjuventud.es\\\/baika-a-la-fi-del-mon-9788426146847\\\/\"]}]},{\"@type\":\"ImageObject\",\"inLanguage\":\"ca\",\"@id\":\"https:\\\/\\\/www.editorialjuventud.es\\\/baika-a-la-fi-del-mon-9788426146847\\\/#primaryimage\",\"url\":\"https:\\\/\\\/www.editorialjuventud.es\\\/wp-content\\\/uploads\\\/9788426146847.jpg\",\"contentUrl\":\"https:\\\/\\\/www.editorialjuventud.es\\\/wp-content\\\/uploads\\\/9788426146847.jpg\",\"width\":898,\"height\":1200,\"caption\":\"9788426146847.jpg\"},{\"@type\":\"BreadcrumbList\",\"@id\":\"https:\\\/\\\/www.editorialjuventud.es\\\/baika-a-la-fi-del-mon-9788426146847\\\/#breadcrumb\",\"itemListElement\":[{\"@type\":\"ListItem\",\"position\":1,\"name\":\"Portada\",\"item\":\"https:\\\/\\\/www.editorialjuventud.es\\\/\"},{\"@type\":\"ListItem\",\"position\":2,\"name\":\"cat\u00e1logo\",\"item\":\"https:\\\/\\\/www.editorialjuventud.es\\\/coleccion\\\/catalogo\\\/\"},{\"@type\":\"ListItem\",\"position\":3,\"name\":\"catal\u00e0\",\"item\":\"https:\\\/\\\/www.editorialjuventud.es\\\/coleccion\\\/catala\\\/\"},{\"@type\":\"ListItem\",\"position\":4,\"name\":\"Joventut C\u00f2mic\",\"item\":\"https:\\\/\\\/www.editorialjuventud.es\\\/ca\\\/coleccion\\\/joventut-comic\\\/\"},{\"@type\":\"ListItem\",\"position\":5,\"name\":\"Baika a la fi del m\u00f3n\"}]},{\"@type\":\"WebSite\",\"@id\":\"https:\\\/\\\/www.editorialjuventud.es\\\/#website\",\"url\":\"https:\\\/\\\/www.editorialjuventud.es\\\/\",\"name\":\"Editorial Juventud\",\"description\":\"\",\"potentialAction\":[{\"@type\":\"SearchAction\",\"target\":{\"@type\":\"EntryPoint\",\"urlTemplate\":\"https:\\\/\\\/www.editorialjuventud.es\\\/?s={search_term_string}\"},\"query-input\":{\"@type\":\"PropertyValueSpecification\",\"valueRequired\":true,\"valueName\":\"search_term_string\"}}],\"inLanguage\":\"ca\"}]}<\/script>\n<!-- \/ Yoast SEO plugin. -->","yoast_head_json":{"title":"Baika a la fi del m\u00f3n - Editorial Juventud","description":"La Baika i la Vict\u00f2ria recorren paratges desolats, ciutats en ru\u00efnes, cr\u00e0ters fumejants... fugint de tot tipus de perills en un m\u00f3n inh\u00f2spit. Des de la","robots":{"index":"index","follow":"follow","max-snippet":"max-snippet:-1","max-image-preview":"max-image-preview:large","max-video-preview":"max-video-preview:-1"},"canonical":"https:\/\/www.editorialjuventud.es\/baika-a-la-fi-del-mon-9788426146847\/","og_locale":"ca_ES","og_type":"article","og_title":"Baika a la fi del m\u00f3n - Editorial Juventud","og_description":"La Baika i la Vict\u00f2ria recorren paratges desolats, ciutats en ru\u00efnes, cr\u00e0ters fumejants... fugint de tot tipus de perills en un m\u00f3n inh\u00f2spit. Des de la","og_url":"https:\/\/www.editorialjuventud.es\/baika-a-la-fi-del-mon-9788426146847\/","og_site_name":"Editorial Juventud","article_modified_time":"2025-01-22T11:48:28+00:00","og_image":[{"width":898,"height":1200,"url":"https:\/\/www.editorialjuventud.es\/wp-content\/uploads\/9788426146847.jpg","type":"image\/jpeg"}],"twitter_card":"summary_large_image","twitter_misc":{"Temps estimat de lectura":"1 minut"},"schema":{"@context":"https:\/\/schema.org","@graph":[{"@type":"WebPage","@id":"https:\/\/www.editorialjuventud.es\/baika-a-la-fi-del-mon-9788426146847\/","url":"https:\/\/www.editorialjuventud.es\/baika-a-la-fi-del-mon-9788426146847\/","name":"Baika a la fi del m\u00f3n - Editorial Juventud","isPartOf":{"@id":"https:\/\/www.editorialjuventud.es\/#website"},"primaryImageOfPage":{"@id":"https:\/\/www.editorialjuventud.es\/baika-a-la-fi-del-mon-9788426146847\/#primaryimage"},"image":{"@id":"https:\/\/www.editorialjuventud.es\/baika-a-la-fi-del-mon-9788426146847\/#primaryimage"},"thumbnailUrl":"https:\/\/www.editorialjuventud.es\/wp-content\/uploads\/9788426146847.jpg","datePublished":"2020-11-02T15:44:20+00:00","dateModified":"2025-01-22T11:48:28+00:00","description":"La Baika i la Vict\u00f2ria recorren paratges desolats, ciutats en ru\u00efnes, cr\u00e0ters fumejants... fugint de tot tipus de perills en un m\u00f3n inh\u00f2spit. Des de la","breadcrumb":{"@id":"https:\/\/www.editorialjuventud.es\/baika-a-la-fi-del-mon-9788426146847\/#breadcrumb"},"inLanguage":"ca","potentialAction":[{"@type":"ReadAction","target":["https:\/\/www.editorialjuventud.es\/baika-a-la-fi-del-mon-9788426146847\/"]}]},{"@type":"ImageObject","inLanguage":"ca","@id":"https:\/\/www.editorialjuventud.es\/baika-a-la-fi-del-mon-9788426146847\/#primaryimage","url":"https:\/\/www.editorialjuventud.es\/wp-content\/uploads\/9788426146847.jpg","contentUrl":"https:\/\/www.editorialjuventud.es\/wp-content\/uploads\/9788426146847.jpg","width":898,"height":1200,"caption":"9788426146847.jpg"},{"@type":"BreadcrumbList","@id":"https:\/\/www.editorialjuventud.es\/baika-a-la-fi-del-mon-9788426146847\/#breadcrumb","itemListElement":[{"@type":"ListItem","position":1,"name":"Portada","item":"https:\/\/www.editorialjuventud.es\/"},{"@type":"ListItem","position":2,"name":"cat\u00e1logo","item":"https:\/\/www.editorialjuventud.es\/coleccion\/catalogo\/"},{"@type":"ListItem","position":3,"name":"catal\u00e0","item":"https:\/\/www.editorialjuventud.es\/coleccion\/catala\/"},{"@type":"ListItem","position":4,"name":"Joventut C\u00f2mic","item":"https:\/\/www.editorialjuventud.es\/ca\/coleccion\/joventut-comic\/"},{"@type":"ListItem","position":5,"name":"Baika a la fi del m\u00f3n"}]},{"@type":"WebSite","@id":"https:\/\/www.editorialjuventud.es\/#website","url":"https:\/\/www.editorialjuventud.es\/","name":"Editorial Juventud","description":"","potentialAction":[{"@type":"SearchAction","target":{"@type":"EntryPoint","urlTemplate":"https:\/\/www.editorialjuventud.es\/?s={search_term_string}"},"query-input":{"@type":"PropertyValueSpecification","valueRequired":true,"valueName":"search_term_string"}}],"inLanguage":"ca"}]}},"_links":{"self":[{"href":"https:\/\/www.editorialjuventud.es\/ca\/wp-json\/wp\/v2\/product\/46335","targetHints":{"allow":["GET"]}}],"collection":[{"href":"https:\/\/www.editorialjuventud.es\/ca\/wp-json\/wp\/v2\/product"}],"about":[{"href":"https:\/\/www.editorialjuventud.es\/ca\/wp-json\/wp\/v2\/types\/product"}],"wp:featuredmedia":[{"embeddable":true,"href":"https:\/\/www.editorialjuventud.es\/ca\/wp-json\/wp\/v2\/media\/46336"}],"wp:attachment":[{"href":"https:\/\/www.editorialjuventud.es\/ca\/wp-json\/wp\/v2\/media?parent=46335"}],"wp:term":[{"taxonomy":"product_brand","embeddable":true,"href":"https:\/\/www.editorialjuventud.es\/ca\/wp-json\/wp\/v2\/product_brand?post=46335"},{"taxonomy":"product_cat","embeddable":true,"href":"https:\/\/www.editorialjuventud.es\/ca\/wp-json\/wp\/v2\/product_cat?post=46335"},{"taxonomy":"product_tag","embeddable":true,"href":"https:\/\/www.editorialjuventud.es\/ca\/wp-json\/wp\/v2\/product_tag?post=46335"},{"taxonomy":"coleccion","embeddable":true,"href":"https:\/\/www.editorialjuventud.es\/ca\/wp-json\/wp\/v2\/coleccion?post=46335"}],"curies":[{"name":"wp","href":"https:\/\/api.w.org\/{rel}","templated":true}]}}