{"id":46331,"date":"2020-11-02T16:39:23","date_gmt":"2020-11-02T15:39:23","guid":{"rendered":"https:\/\/www.editorialjuventud.es\/binky-agent-espacial-9788426146748\/"},"modified":"2025-01-22T12:50:05","modified_gmt":"2025-01-22T11:50:05","slug":"binky-agent-espacial-9788426146748","status":"publish","type":"product","link":"https:\/\/www.editorialjuventud.es\/ca\/binky-agent-espacial-9788426146748\/","title":{"rendered":"Binky agent espacial"},"content":{"rendered":"<p>\u00c9S VALENT. \u00c9S AGOSARAT. ARRIBAR\u00c0 ON MAI NO HA ARRIBAT CAP ALTRE GAT!<\/p>\n<p>El Binky \u00e9s un agent espacial, o aix\u00f2 \u00e9s el que ell es pensa. En realitat \u00e9s un gat casol\u00e0 que no ha sortit mai de &#8216;l&#8217;estaci\u00f3 espacial&#8217; familiar. La seva missi\u00f3 \u00e9s sortir a l&#8217;espai exterior (fora de casa), explorar llocs desconeguts (el jard\u00ed) i lluitar contra els extraterrestres (els insectes). Mentre protegeix els humans dels invasors extraterrestres, el Binky comen\u00e7a a construir un coet i a preparar-se per a la seva aventura gal\u00e0ctica. Per\u00f2 la preparaci\u00f3 per a un viatge espacial no \u00e9s f\u00e0cil, sovint produeix boles de p\u00e8l. I just quan \u00e9s a punt d&#8217;enlairar-se amb el seu copilot Ted (ratol\u00ed de peluix), el Binky se n&#8217;adona que deixa al seu darrere una cosa molt important&#8230; i no \u00e9s la sorra de gat de gravetat zero.<\/p>\n<p>Acompanya el Binky en les seves aventures per a convertir-se en Agent Espacial! Una nova s\u00e8rie, escrita en maj\u00fascules, que enlluernar\u00e0 als fans de Narval.<\/p>\n","protected":false},"excerpt":{"rendered":"\u00c9S VALENT. \u00c9S AGOSARAT. ARRIBAR\u00c0 ON MAI NO HA ARRIBAT CAP ALTRE GAT! El Binky \u00e9s un agent espacial, o aix\u00f2 \u00e9s el que ell es pensa. En realitat \u00e9s un gat casol\u00e0 que no ha sortit mai de &#8216;l&#8217;estaci\u00f3 [&hellip;]","protected":false},"featured_media":46332,"template":"","meta":{"_acf_changed":false,"_exactmetrics_skip_tracking":false,"_exactmetrics_sitenote_active":false,"_exactmetrics_sitenote_note":"","_exactmetrics_sitenote_category":0},"product_brand":[],"product_cat":[902,1142,1127,1184,1194],"product_tag":[],"coleccion":[],"class_list":{"0":"post-46331","1":"product","2":"type-product","3":"status-publish","4":"has-post-thumbnail","6":"product_cat-a-partir-de-7-anos","7":"product_cat-aventura","8":"product_cat-comic","9":"product_cat-humor","10":"product_cat-mascotas","12":"first","13":"instock","14":"taxable","15":"shipping-taxable","16":"purchasable","17":"product-type-simple"},"acf":{"indice":"","autor":"Spires, Ashley","codart":"4674","ediciones":"1","encuadernacion":"Carton\u00e9","fecha_de_publicacion":"01\/11\/2020","fecha_de_reimpresion":"","novedad":"0","paginas":"64","subtitulo":"","texto_web_adicional":"","autores-libros":[46317],"ilustradores-libros":[46317],"texto_web_novedad":"","orden":"999","portada":"0","texto_web_resaltado":"","traductores-libros":[58416],"descripcion_corta":"\u00c9S VALENT. \u00c9S AGOSARAT. ARRIBAR\u00c0 ON MAI NO HA ARRIBAT CAP ALTRE GAT!","recomendamos":"","mas_vendido":"","idioma-libro":"","color":false,"formato":"","mas_informacion_del_producto":false,"premios":[{"premio":"Silver Birch Express, Ontario Library Association","anyo_del_premio":"2011","pais_del_premio":"EE.UU."},{"premio":"Hackmatatack Award","anyo_del_premio":"2010","pais_del_premio":""},{"premio":"Sel\u00b7leccionat com un dels millors llibres per a nens pel Canadian Children\u2019s Book Centre","anyo_del_premio":"2011","pais_del_premio":"Canad\u00e0"}],"deshabilitar_compra":["deshabilitar"],"texto_enlace_cubierta":"","enlace_cubierta":{"ID":46486,"id":46486,"title":"binky agent espacial_cover","filename":"binky-agent-espacial_cover.jpg","filesize":740471,"url":"https:\/\/www.editorialjuventud.es\/wp-content\/uploads\/binky-agent-espacial_cover.jpg","link":"https:\/\/www.editorialjuventud.es\/ca\/?attachment_id=46486","alt":"","author":"49","description":"","caption":"","name":"binky-agent-espacial_cover","status":"inherit","uploaded_to":46331,"date":"2020-11-03 18:36:20","modified":"2020-11-03 18:36:20","menu_order":0,"mime_type":"image\/jpeg","type":"image","subtype":"jpeg","icon":"https:\/\/www.editorialjuventud.es\/wp-includes\/images\/media\/default.png","width":2027,"height":2624,"sizes":{"thumbnail":"https:\/\/www.editorialjuventud.es\/wp-content\/uploads\/binky-agent-espacial_cover-200x200.jpg","thumbnail-width":200,"thumbnail-height":200,"medium":"https:\/\/www.editorialjuventud.es\/wp-content\/uploads\/binky-agent-espacial_cover.jpg","medium-width":2027,"medium-height":2624,"medium_large":"https:\/\/www.editorialjuventud.es\/wp-content\/uploads\/binky-agent-espacial_cover-768x994.jpg","medium_large-width":768,"medium_large-height":994,"large":"https:\/\/www.editorialjuventud.es\/wp-content\/uploads\/binky-agent-espacial_cover.jpg","large-width":2027,"large-height":2624,"1536x1536":"https:\/\/www.editorialjuventud.es\/wp-content\/uploads\/binky-agent-espacial_cover.jpg","1536x1536-width":1187,"1536x1536-height":1536,"2048x2048":"https:\/\/www.editorialjuventud.es\/wp-content\/uploads\/binky-agent-espacial_cover.jpg","2048x2048-width":1582,"2048x2048-height":2048,"woocommerce_thumbnail":"https:\/\/www.editorialjuventud.es\/wp-content\/uploads\/binky-agent-espacial_cover-350x453.jpg","woocommerce_thumbnail-width":350,"woocommerce_thumbnail-height":453,"woocommerce_single":"https:\/\/www.editorialjuventud.es\/wp-content\/uploads\/binky-agent-espacial_cover-900x1165.jpg","woocommerce_single-width":900,"woocommerce_single-height":1165,"woocommerce_gallery_thumbnail":"https:\/\/www.editorialjuventud.es\/wp-content\/uploads\/binky-agent-espacial_cover-100x100.jpg","woocommerce_gallery_thumbnail-width":100,"woocommerce_gallery_thumbnail-height":100,"ppec_logo_image_size":"https:\/\/www.editorialjuventud.es\/wp-content\/uploads\/binky-agent-espacial_cover.jpg","ppec_logo_image_size-width":46,"ppec_logo_image_size-height":60,"ppec_header_image_size":"https:\/\/www.editorialjuventud.es\/wp-content\/uploads\/binky-agent-espacial_cover.jpg","ppec_header_image_size-width":70,"ppec_header_image_size-height":90}},"texto_enlace_ficha_tecnica":"","enlace_ficha_tecnica":{"ID":46620,"id":46620,"title":"Fitxa_Binky_agent_espacial_cat","filename":"Fitxa_Binky_agent_espacial_cat.pdf","filesize":325606,"url":"https:\/\/www.editorialjuventud.es\/wp-content\/uploads\/Fitxa_Binky_agent_espacial_cat.pdf","link":"https:\/\/www.editorialjuventud.es\/ca\/?attachment_id=46620","alt":"","author":"49","description":"","caption":"","name":"fitxa_binky_agent_espacial_cat","status":"inherit","uploaded_to":46331,"date":"2020-11-05 13:14:27","modified":"2020-11-05 13:14:27","menu_order":0,"mime_type":"application\/pdf","type":"application","subtype":"pdf","icon":"https:\/\/www.editorialjuventud.es\/wp-includes\/images\/media\/document.png"},"ficheros":false,"titulo-fr":"","texto-fr":""},"yoast_head":"<!-- This site is optimized with the Yoast SEO plugin v27.3 - https:\/\/yoast.com\/product\/yoast-seo-wordpress\/ -->\n<title>Binky agent espacial - Editorial Juventud<\/title>\n<meta name=\"description\" content=\"\u00c9S VALENT. \u00c9S AGOSARAT. ARRIBAR\u00c0 ON MAI NO HA ARRIBAT CAP ALTRE GAT!El Binky \u00e9s un agent espacial, o aix\u00f2 \u00e9s el que ell es pensa. En realitat \u00e9s un gat\" \/>\n<meta name=\"robots\" content=\"index, follow, max-snippet:-1, max-image-preview:large, max-video-preview:-1\" \/>\n<link rel=\"canonical\" href=\"https:\/\/www.editorialjuventud.es\/binky-agent-espacial-9788426146748\/\" \/>\n<meta property=\"og:locale\" content=\"ca_ES\" \/>\n<meta property=\"og:type\" content=\"article\" \/>\n<meta property=\"og:title\" content=\"Binky agent espacial - Editorial Juventud\" \/>\n<meta property=\"og:description\" content=\"\u00c9S VALENT. \u00c9S AGOSARAT. ARRIBAR\u00c0 ON MAI NO HA ARRIBAT CAP ALTRE GAT!El Binky \u00e9s un agent espacial, o aix\u00f2 \u00e9s el que ell es pensa. En realitat \u00e9s un gat\" \/>\n<meta property=\"og:url\" content=\"https:\/\/www.editorialjuventud.es\/binky-agent-espacial-9788426146748\/\" \/>\n<meta property=\"og:site_name\" content=\"Editorial Juventud\" \/>\n<meta property=\"article:modified_time\" content=\"2025-01-22T11:50:05+00:00\" \/>\n<meta property=\"og:image\" content=\"https:\/\/www.editorialjuventud.es\/wp-content\/uploads\/9788426146748.jpg\" \/>\n\t<meta property=\"og:image:width\" content=\"927\" \/>\n\t<meta property=\"og:image:height\" content=\"1200\" \/>\n\t<meta property=\"og:image:type\" content=\"image\/jpeg\" \/>\n<meta name=\"twitter:card\" content=\"summary_large_image\" \/>\n<meta name=\"twitter:label1\" content=\"Temps estimat de lectura\" \/>\n\t<meta name=\"twitter:data1\" content=\"1 minut\" \/>\n<script type=\"application\/ld+json\" class=\"yoast-schema-graph\">{\"@context\":\"https:\\\/\\\/schema.org\",\"@graph\":[{\"@type\":\"WebPage\",\"@id\":\"https:\\\/\\\/www.editorialjuventud.es\\\/binky-agent-espacial-9788426146748\\\/\",\"url\":\"https:\\\/\\\/www.editorialjuventud.es\\\/binky-agent-espacial-9788426146748\\\/\",\"name\":\"Binky agent espacial - Editorial Juventud\",\"isPartOf\":{\"@id\":\"https:\\\/\\\/www.editorialjuventud.es\\\/#website\"},\"primaryImageOfPage\":{\"@id\":\"https:\\\/\\\/www.editorialjuventud.es\\\/binky-agent-espacial-9788426146748\\\/#primaryimage\"},\"image\":{\"@id\":\"https:\\\/\\\/www.editorialjuventud.es\\\/binky-agent-espacial-9788426146748\\\/#primaryimage\"},\"thumbnailUrl\":\"https:\\\/\\\/www.editorialjuventud.es\\\/wp-content\\\/uploads\\\/9788426146748.jpg\",\"datePublished\":\"2020-11-02T15:39:23+00:00\",\"dateModified\":\"2025-01-22T11:50:05+00:00\",\"description\":\"\u00c9S VALENT. \u00c9S AGOSARAT. ARRIBAR\u00c0 ON MAI NO HA ARRIBAT CAP ALTRE GAT!El Binky \u00e9s un agent espacial, o aix\u00f2 \u00e9s el que ell es pensa. En realitat \u00e9s un gat\",\"breadcrumb\":{\"@id\":\"https:\\\/\\\/www.editorialjuventud.es\\\/binky-agent-espacial-9788426146748\\\/#breadcrumb\"},\"inLanguage\":\"ca\",\"potentialAction\":[{\"@type\":\"ReadAction\",\"target\":[\"https:\\\/\\\/www.editorialjuventud.es\\\/binky-agent-espacial-9788426146748\\\/\"]}]},{\"@type\":\"ImageObject\",\"inLanguage\":\"ca\",\"@id\":\"https:\\\/\\\/www.editorialjuventud.es\\\/binky-agent-espacial-9788426146748\\\/#primaryimage\",\"url\":\"https:\\\/\\\/www.editorialjuventud.es\\\/wp-content\\\/uploads\\\/9788426146748.jpg\",\"contentUrl\":\"https:\\\/\\\/www.editorialjuventud.es\\\/wp-content\\\/uploads\\\/9788426146748.jpg\",\"width\":927,\"height\":1200,\"caption\":\"9788426146748.jpg\"},{\"@type\":\"BreadcrumbList\",\"@id\":\"https:\\\/\\\/www.editorialjuventud.es\\\/binky-agent-espacial-9788426146748\\\/#breadcrumb\",\"itemListElement\":[{\"@type\":\"ListItem\",\"position\":1,\"name\":\"Portada\",\"item\":\"https:\\\/\\\/www.editorialjuventud.es\\\/\"},{\"@type\":\"ListItem\",\"position\":2,\"name\":\"cat\u00e1logo\",\"item\":\"https:\\\/\\\/www.editorialjuventud.es\\\/coleccion\\\/catalogo\\\/\"},{\"@type\":\"ListItem\",\"position\":3,\"name\":\"catal\u00e0\",\"item\":\"https:\\\/\\\/www.editorialjuventud.es\\\/coleccion\\\/catala\\\/\"},{\"@type\":\"ListItem\",\"position\":4,\"name\":\"Binky agent espacial\"}]},{\"@type\":\"WebSite\",\"@id\":\"https:\\\/\\\/www.editorialjuventud.es\\\/#website\",\"url\":\"https:\\\/\\\/www.editorialjuventud.es\\\/\",\"name\":\"Editorial Juventud\",\"description\":\"\",\"potentialAction\":[{\"@type\":\"SearchAction\",\"target\":{\"@type\":\"EntryPoint\",\"urlTemplate\":\"https:\\\/\\\/www.editorialjuventud.es\\\/?s={search_term_string}\"},\"query-input\":{\"@type\":\"PropertyValueSpecification\",\"valueRequired\":true,\"valueName\":\"search_term_string\"}}],\"inLanguage\":\"ca\"}]}<\/script>\n<!-- \/ Yoast SEO plugin. -->","yoast_head_json":{"title":"Binky agent espacial - Editorial Juventud","description":"\u00c9S VALENT. \u00c9S AGOSARAT. ARRIBAR\u00c0 ON MAI NO HA ARRIBAT CAP ALTRE GAT!El Binky \u00e9s un agent espacial, o aix\u00f2 \u00e9s el que ell es pensa. En realitat \u00e9s un gat","robots":{"index":"index","follow":"follow","max-snippet":"max-snippet:-1","max-image-preview":"max-image-preview:large","max-video-preview":"max-video-preview:-1"},"canonical":"https:\/\/www.editorialjuventud.es\/binky-agent-espacial-9788426146748\/","og_locale":"ca_ES","og_type":"article","og_title":"Binky agent espacial - Editorial Juventud","og_description":"\u00c9S VALENT. \u00c9S AGOSARAT. ARRIBAR\u00c0 ON MAI NO HA ARRIBAT CAP ALTRE GAT!El Binky \u00e9s un agent espacial, o aix\u00f2 \u00e9s el que ell es pensa. En realitat \u00e9s un gat","og_url":"https:\/\/www.editorialjuventud.es\/binky-agent-espacial-9788426146748\/","og_site_name":"Editorial Juventud","article_modified_time":"2025-01-22T11:50:05+00:00","og_image":[{"width":927,"height":1200,"url":"https:\/\/www.editorialjuventud.es\/wp-content\/uploads\/9788426146748.jpg","type":"image\/jpeg"}],"twitter_card":"summary_large_image","twitter_misc":{"Temps estimat de lectura":"1 minut"},"schema":{"@context":"https:\/\/schema.org","@graph":[{"@type":"WebPage","@id":"https:\/\/www.editorialjuventud.es\/binky-agent-espacial-9788426146748\/","url":"https:\/\/www.editorialjuventud.es\/binky-agent-espacial-9788426146748\/","name":"Binky agent espacial - Editorial Juventud","isPartOf":{"@id":"https:\/\/www.editorialjuventud.es\/#website"},"primaryImageOfPage":{"@id":"https:\/\/www.editorialjuventud.es\/binky-agent-espacial-9788426146748\/#primaryimage"},"image":{"@id":"https:\/\/www.editorialjuventud.es\/binky-agent-espacial-9788426146748\/#primaryimage"},"thumbnailUrl":"https:\/\/www.editorialjuventud.es\/wp-content\/uploads\/9788426146748.jpg","datePublished":"2020-11-02T15:39:23+00:00","dateModified":"2025-01-22T11:50:05+00:00","description":"\u00c9S VALENT. \u00c9S AGOSARAT. ARRIBAR\u00c0 ON MAI NO HA ARRIBAT CAP ALTRE GAT!El Binky \u00e9s un agent espacial, o aix\u00f2 \u00e9s el que ell es pensa. En realitat \u00e9s un gat","breadcrumb":{"@id":"https:\/\/www.editorialjuventud.es\/binky-agent-espacial-9788426146748\/#breadcrumb"},"inLanguage":"ca","potentialAction":[{"@type":"ReadAction","target":["https:\/\/www.editorialjuventud.es\/binky-agent-espacial-9788426146748\/"]}]},{"@type":"ImageObject","inLanguage":"ca","@id":"https:\/\/www.editorialjuventud.es\/binky-agent-espacial-9788426146748\/#primaryimage","url":"https:\/\/www.editorialjuventud.es\/wp-content\/uploads\/9788426146748.jpg","contentUrl":"https:\/\/www.editorialjuventud.es\/wp-content\/uploads\/9788426146748.jpg","width":927,"height":1200,"caption":"9788426146748.jpg"},{"@type":"BreadcrumbList","@id":"https:\/\/www.editorialjuventud.es\/binky-agent-espacial-9788426146748\/#breadcrumb","itemListElement":[{"@type":"ListItem","position":1,"name":"Portada","item":"https:\/\/www.editorialjuventud.es\/"},{"@type":"ListItem","position":2,"name":"cat\u00e1logo","item":"https:\/\/www.editorialjuventud.es\/coleccion\/catalogo\/"},{"@type":"ListItem","position":3,"name":"catal\u00e0","item":"https:\/\/www.editorialjuventud.es\/coleccion\/catala\/"},{"@type":"ListItem","position":4,"name":"Binky agent espacial"}]},{"@type":"WebSite","@id":"https:\/\/www.editorialjuventud.es\/#website","url":"https:\/\/www.editorialjuventud.es\/","name":"Editorial Juventud","description":"","potentialAction":[{"@type":"SearchAction","target":{"@type":"EntryPoint","urlTemplate":"https:\/\/www.editorialjuventud.es\/?s={search_term_string}"},"query-input":{"@type":"PropertyValueSpecification","valueRequired":true,"valueName":"search_term_string"}}],"inLanguage":"ca"}]}},"_links":{"self":[{"href":"https:\/\/www.editorialjuventud.es\/ca\/wp-json\/wp\/v2\/product\/46331","targetHints":{"allow":["GET"]}}],"collection":[{"href":"https:\/\/www.editorialjuventud.es\/ca\/wp-json\/wp\/v2\/product"}],"about":[{"href":"https:\/\/www.editorialjuventud.es\/ca\/wp-json\/wp\/v2\/types\/product"}],"wp:featuredmedia":[{"embeddable":true,"href":"https:\/\/www.editorialjuventud.es\/ca\/wp-json\/wp\/v2\/media\/46332"}],"wp:attachment":[{"href":"https:\/\/www.editorialjuventud.es\/ca\/wp-json\/wp\/v2\/media?parent=46331"}],"wp:term":[{"taxonomy":"product_brand","embeddable":true,"href":"https:\/\/www.editorialjuventud.es\/ca\/wp-json\/wp\/v2\/product_brand?post=46331"},{"taxonomy":"product_cat","embeddable":true,"href":"https:\/\/www.editorialjuventud.es\/ca\/wp-json\/wp\/v2\/product_cat?post=46331"},{"taxonomy":"product_tag","embeddable":true,"href":"https:\/\/www.editorialjuventud.es\/ca\/wp-json\/wp\/v2\/product_tag?post=46331"},{"taxonomy":"coleccion","embeddable":true,"href":"https:\/\/www.editorialjuventud.es\/ca\/wp-json\/wp\/v2\/coleccion?post=46331"}],"curies":[{"name":"wp","href":"https:\/\/api.w.org\/{rel}","templated":true}]}}