{"id":46326,"date":"2020-11-02T16:29:55","date_gmt":"2020-11-02T15:29:55","guid":{"rendered":"https:\/\/www.editorialjuventud.es\/el-princep-felic-i-altres-contes-9788426146199-2\/"},"modified":"2025-01-22T12:52:41","modified_gmt":"2025-01-22T11:52:41","slug":"el-princep-felic-i-altres-contes-9788426146199","status":"publish","type":"product","link":"https:\/\/www.editorialjuventud.es\/ca\/el-princep-felic-i-altres-contes-9788426146199\/","title":{"rendered":"El Pr\u00edncep Feli\u00e7 i altres contes"},"content":{"rendered":"<p>Recull aquesta antologia, bellament il\u00b7lustrada, tres dels contes m\u00e9s destacats i coneguts d&#8217;Oscar Wilde: El Pr\u00edncep Feli\u00e7, El rossinyol i la rosa i El gegant egoista.<\/p>\n<p>En aquests contes es poden trobar alguns dels temes que m\u00e9s preocupaven l&#8217;autor: l&#8217;egoisme, la desigualtat i el sofriment, i com corregir-los amb l&#8217;amor, la compassi\u00f3 i la generositat. Tres commovedors relats, bellament il\u00b7lustrats per l&#8217;Albert Asensio, tal vegada tristos i inquietants per\u00f2 plens de m\u00e0gia i poesia. Encara que algunes de les obres de Wilde puguin semblar en l&#8217;actualitat poc encertades; situades en el context on va viure, eren proves de la genialitat d&#8217;un autor que, tot i ser molt admirat i conegut en alguns sectors, no acabava d&#8217;encaixar en la seva societat. Molts dels seus contes, amb caire moralista, s\u00f3n la resposta enfront dels par\u00e0metres preestablerts d&#8217;una societat encara molt conservadora.<\/p>\n","protected":false},"excerpt":{"rendered":"Recull aquesta antologia, bellament il\u00b7lustrada, tres dels contes m\u00e9s destacats i coneguts d&#8217;Oscar Wilde: El Pr\u00edncep Feli\u00e7, El rossinyol i la rosa i El gegant egoista. En aquests contes es poden trobar alguns dels temes que m\u00e9s preocupaven l&#8217;autor: l&#8217;egoisme, [&hellip;]","protected":false},"featured_media":46329,"template":"","meta":{"_acf_changed":false,"_exactmetrics_skip_tracking":false,"_exactmetrics_sitenote_active":false,"_exactmetrics_sitenote_note":"","_exactmetrics_sitenote_category":0},"product_brand":[],"product_cat":[904,1137,1289,1119,1214],"product_tag":[],"coleccion":[918],"class_list":{"0":"post-46326","1":"product","2":"type-product","3":"status-publish","4":"has-post-thumbnail","6":"product_cat-a-partir-de-9-anos","7":"product_cat-amor","8":"product_cat-leyendas-cuentos-tradicionales","9":"product_cat-narrativa-juvenil","10":"product_cat-principes-princesas","11":"coleccion-contes-universals","13":"first","14":"instock","15":"taxable","16":"shipping-taxable","17":"purchasable","18":"product-type-simple"},"acf":{"indice":"","autor":"Wilde, Oscar","codart":"4619","ediciones":"1","encuadernacion":"Carton\u00e9","fecha_de_publicacion":"01\/11\/2020","fecha_de_reimpresion":"","novedad":"0","paginas":"104","subtitulo":"","texto_web_adicional":"","autores-libros":[16683],"ilustradores-libros":[16198],"texto_web_novedad":"","orden":"999","portada":"0","texto_web_resaltado":"","traductores-libros":[46324],"descripcion_corta":"Tres dels contes m\u00e9s destacats i coneguts d'Oscar Wilde","recomendamos":"","mas_vendido":"","idioma-libro":"","color":false,"formato":"","mas_informacion_del_producto":false,"premios":false,"deshabilitar_compra":[],"texto_enlace_cubierta":"","enlace_cubierta":{"ID":46496,"id":46496,"title":"cover PRINCIPE (definitiva).indd","filename":"el-princep-felic_cover.jpg","filesize":987069,"url":"https:\/\/www.editorialjuventud.es\/wp-content\/uploads\/el-princep-felic_cover.jpg","link":"https:\/\/www.editorialjuventud.es\/ca\/?attachment_id=46496","alt":"","author":"49","description":"","caption":"","name":"cover-principe-definitiva-indd","status":"inherit","uploaded_to":46326,"date":"2020-11-03 18:39:45","modified":"2020-11-03 18:39:45","menu_order":0,"mime_type":"image\/jpeg","type":"image","subtype":"jpeg","icon":"https:\/\/www.editorialjuventud.es\/wp-includes\/images\/media\/default.png","width":2066,"height":2775,"sizes":{"thumbnail":"https:\/\/www.editorialjuventud.es\/wp-content\/uploads\/el-princep-felic_cover-200x200.jpg","thumbnail-width":200,"thumbnail-height":200,"medium":"https:\/\/www.editorialjuventud.es\/wp-content\/uploads\/el-princep-felic_cover.jpg","medium-width":2066,"medium-height":2775,"medium_large":"https:\/\/www.editorialjuventud.es\/wp-content\/uploads\/el-princep-felic_cover-768x1032.jpg","medium_large-width":768,"medium_large-height":1032,"large":"https:\/\/www.editorialjuventud.es\/wp-content\/uploads\/el-princep-felic_cover.jpg","large-width":2066,"large-height":2775,"1536x1536":"https:\/\/www.editorialjuventud.es\/wp-content\/uploads\/el-princep-felic_cover.jpg","1536x1536-width":1144,"1536x1536-height":1536,"2048x2048":"https:\/\/www.editorialjuventud.es\/wp-content\/uploads\/el-princep-felic_cover.jpg","2048x2048-width":1525,"2048x2048-height":2048,"woocommerce_thumbnail":"https:\/\/www.editorialjuventud.es\/wp-content\/uploads\/el-princep-felic_cover-350x470.jpg","woocommerce_thumbnail-width":350,"woocommerce_thumbnail-height":470,"woocommerce_single":"https:\/\/www.editorialjuventud.es\/wp-content\/uploads\/el-princep-felic_cover-900x1209.jpg","woocommerce_single-width":900,"woocommerce_single-height":1209,"woocommerce_gallery_thumbnail":"https:\/\/www.editorialjuventud.es\/wp-content\/uploads\/el-princep-felic_cover-100x100.jpg","woocommerce_gallery_thumbnail-width":100,"woocommerce_gallery_thumbnail-height":100,"ppec_logo_image_size":"https:\/\/www.editorialjuventud.es\/wp-content\/uploads\/el-princep-felic_cover.jpg","ppec_logo_image_size-width":45,"ppec_logo_image_size-height":60,"ppec_header_image_size":"https:\/\/www.editorialjuventud.es\/wp-content\/uploads\/el-princep-felic_cover.jpg","ppec_header_image_size-width":67,"ppec_header_image_size-height":90}},"texto_enlace_ficha_tecnica":"","enlace_ficha_tecnica":{"ID":46618,"id":46618,"title":"Fitxa_El_princep_felic","filename":"Fitxa_El_princep_felic.pdf","filesize":300099,"url":"https:\/\/www.editorialjuventud.es\/wp-content\/uploads\/Fitxa_El_princep_felic.pdf","link":"https:\/\/www.editorialjuventud.es\/ca\/?attachment_id=46618","alt":"","author":"49","description":"","caption":"","name":"fitxa_el_princep_felic","status":"inherit","uploaded_to":46326,"date":"2020-11-05 13:13:52","modified":"2020-11-05 13:13:52","menu_order":0,"mime_type":"application\/pdf","type":"application","subtype":"pdf","icon":"https:\/\/www.editorialjuventud.es\/wp-includes\/images\/media\/document.png"},"ficheros":false,"titulo-fr":"","texto-fr":""},"yoast_head":"<!-- This site is optimized with the Yoast SEO plugin v27.3 - https:\/\/yoast.com\/product\/yoast-seo-wordpress\/ -->\n<title>El Pr\u00edncep Feli\u00e7 i altres contes - Editorial Juventud<\/title>\n<meta name=\"description\" content=\"Recull aquesta antologia, bellament il\u00b7lustrada, tres dels contes m\u00e9s destacats i coneguts d&#039;Oscar Wilde: El Pr\u00edncep Feli\u00e7, El rossinyol i la rosa i El\" \/>\n<meta name=\"robots\" content=\"index, follow, max-snippet:-1, max-image-preview:large, max-video-preview:-1\" \/>\n<link rel=\"canonical\" href=\"https:\/\/www.editorialjuventud.es\/el-princep-felic-i-altres-contes-9788426146199\/\" \/>\n<meta property=\"og:locale\" content=\"ca_ES\" \/>\n<meta property=\"og:type\" content=\"article\" \/>\n<meta property=\"og:title\" content=\"El Pr\u00edncep Feli\u00e7 i altres contes - Editorial Juventud\" \/>\n<meta property=\"og:description\" content=\"Recull aquesta antologia, bellament il\u00b7lustrada, tres dels contes m\u00e9s destacats i coneguts d&#039;Oscar Wilde: El Pr\u00edncep Feli\u00e7, El rossinyol i la rosa i El\" \/>\n<meta property=\"og:url\" content=\"https:\/\/www.editorialjuventud.es\/el-princep-felic-i-altres-contes-9788426146199\/\" \/>\n<meta property=\"og:site_name\" content=\"Editorial Juventud\" \/>\n<meta property=\"article:modified_time\" content=\"2025-01-22T11:52:41+00:00\" \/>\n<meta property=\"og:image\" content=\"https:\/\/www.editorialjuventud.es\/wp-content\/uploads\/9788426146199-1.jpg\" \/>\n\t<meta property=\"og:image:width\" content=\"893\" \/>\n\t<meta property=\"og:image:height\" content=\"1200\" \/>\n\t<meta property=\"og:image:type\" content=\"image\/jpeg\" \/>\n<meta name=\"twitter:card\" content=\"summary_large_image\" \/>\n<meta name=\"twitter:label1\" content=\"Temps estimat de lectura\" \/>\n\t<meta name=\"twitter:data1\" content=\"1 minut\" \/>\n<script type=\"application\/ld+json\" class=\"yoast-schema-graph\">{\"@context\":\"https:\\\/\\\/schema.org\",\"@graph\":[{\"@type\":\"WebPage\",\"@id\":\"https:\\\/\\\/www.editorialjuventud.es\\\/el-princep-felic-i-altres-contes-9788426146199\\\/\",\"url\":\"https:\\\/\\\/www.editorialjuventud.es\\\/el-princep-felic-i-altres-contes-9788426146199\\\/\",\"name\":\"El Pr\u00edncep Feli\u00e7 i altres contes - Editorial Juventud\",\"isPartOf\":{\"@id\":\"https:\\\/\\\/www.editorialjuventud.es\\\/#website\"},\"primaryImageOfPage\":{\"@id\":\"https:\\\/\\\/www.editorialjuventud.es\\\/el-princep-felic-i-altres-contes-9788426146199\\\/#primaryimage\"},\"image\":{\"@id\":\"https:\\\/\\\/www.editorialjuventud.es\\\/el-princep-felic-i-altres-contes-9788426146199\\\/#primaryimage\"},\"thumbnailUrl\":\"https:\\\/\\\/www.editorialjuventud.es\\\/wp-content\\\/uploads\\\/9788426146199-1.jpg\",\"datePublished\":\"2020-11-02T15:29:55+00:00\",\"dateModified\":\"2025-01-22T11:52:41+00:00\",\"description\":\"Recull aquesta antologia, bellament il\u00b7lustrada, tres dels contes m\u00e9s destacats i coneguts d'Oscar Wilde: El Pr\u00edncep Feli\u00e7, El rossinyol i la rosa i El\",\"breadcrumb\":{\"@id\":\"https:\\\/\\\/www.editorialjuventud.es\\\/el-princep-felic-i-altres-contes-9788426146199\\\/#breadcrumb\"},\"inLanguage\":\"ca\",\"potentialAction\":[{\"@type\":\"ReadAction\",\"target\":[\"https:\\\/\\\/www.editorialjuventud.es\\\/el-princep-felic-i-altres-contes-9788426146199\\\/\"]}]},{\"@type\":\"ImageObject\",\"inLanguage\":\"ca\",\"@id\":\"https:\\\/\\\/www.editorialjuventud.es\\\/el-princep-felic-i-altres-contes-9788426146199\\\/#primaryimage\",\"url\":\"https:\\\/\\\/www.editorialjuventud.es\\\/wp-content\\\/uploads\\\/9788426146199-1.jpg\",\"contentUrl\":\"https:\\\/\\\/www.editorialjuventud.es\\\/wp-content\\\/uploads\\\/9788426146199-1.jpg\",\"width\":893,\"height\":1200,\"caption\":\"9788426146199.jpg\"},{\"@type\":\"BreadcrumbList\",\"@id\":\"https:\\\/\\\/www.editorialjuventud.es\\\/el-princep-felic-i-altres-contes-9788426146199\\\/#breadcrumb\",\"itemListElement\":[{\"@type\":\"ListItem\",\"position\":1,\"name\":\"Portada\",\"item\":\"https:\\\/\\\/www.editorialjuventud.es\\\/\"},{\"@type\":\"ListItem\",\"position\":2,\"name\":\"cat\u00e1logo\",\"item\":\"https:\\\/\\\/www.editorialjuventud.es\\\/coleccion\\\/catalogo\\\/\"},{\"@type\":\"ListItem\",\"position\":3,\"name\":\"catal\u00e0\",\"item\":\"https:\\\/\\\/www.editorialjuventud.es\\\/coleccion\\\/catala\\\/\"},{\"@type\":\"ListItem\",\"position\":4,\"name\":\"Recull de Contes\",\"item\":\"https:\\\/\\\/www.editorialjuventud.es\\\/coleccion\\\/recull-de-contes-2\\\/\"},{\"@type\":\"ListItem\",\"position\":5,\"name\":\"El Pr\u00edncep Feli\u00e7 i altres contes\"}]},{\"@type\":\"WebSite\",\"@id\":\"https:\\\/\\\/www.editorialjuventud.es\\\/#website\",\"url\":\"https:\\\/\\\/www.editorialjuventud.es\\\/\",\"name\":\"Editorial Juventud\",\"description\":\"\",\"potentialAction\":[{\"@type\":\"SearchAction\",\"target\":{\"@type\":\"EntryPoint\",\"urlTemplate\":\"https:\\\/\\\/www.editorialjuventud.es\\\/?s={search_term_string}\"},\"query-input\":{\"@type\":\"PropertyValueSpecification\",\"valueRequired\":true,\"valueName\":\"search_term_string\"}}],\"inLanguage\":\"ca\"}]}<\/script>\n<!-- \/ Yoast SEO plugin. -->","yoast_head_json":{"title":"El Pr\u00edncep Feli\u00e7 i altres contes - Editorial Juventud","description":"Recull aquesta antologia, bellament il\u00b7lustrada, tres dels contes m\u00e9s destacats i coneguts d'Oscar Wilde: El Pr\u00edncep Feli\u00e7, El rossinyol i la rosa i El","robots":{"index":"index","follow":"follow","max-snippet":"max-snippet:-1","max-image-preview":"max-image-preview:large","max-video-preview":"max-video-preview:-1"},"canonical":"https:\/\/www.editorialjuventud.es\/el-princep-felic-i-altres-contes-9788426146199\/","og_locale":"ca_ES","og_type":"article","og_title":"El Pr\u00edncep Feli\u00e7 i altres contes - Editorial Juventud","og_description":"Recull aquesta antologia, bellament il\u00b7lustrada, tres dels contes m\u00e9s destacats i coneguts d'Oscar Wilde: El Pr\u00edncep Feli\u00e7, El rossinyol i la rosa i El","og_url":"https:\/\/www.editorialjuventud.es\/el-princep-felic-i-altres-contes-9788426146199\/","og_site_name":"Editorial Juventud","article_modified_time":"2025-01-22T11:52:41+00:00","og_image":[{"width":893,"height":1200,"url":"https:\/\/www.editorialjuventud.es\/wp-content\/uploads\/9788426146199-1.jpg","type":"image\/jpeg"}],"twitter_card":"summary_large_image","twitter_misc":{"Temps estimat de lectura":"1 minut"},"schema":{"@context":"https:\/\/schema.org","@graph":[{"@type":"WebPage","@id":"https:\/\/www.editorialjuventud.es\/el-princep-felic-i-altres-contes-9788426146199\/","url":"https:\/\/www.editorialjuventud.es\/el-princep-felic-i-altres-contes-9788426146199\/","name":"El Pr\u00edncep Feli\u00e7 i altres contes - Editorial Juventud","isPartOf":{"@id":"https:\/\/www.editorialjuventud.es\/#website"},"primaryImageOfPage":{"@id":"https:\/\/www.editorialjuventud.es\/el-princep-felic-i-altres-contes-9788426146199\/#primaryimage"},"image":{"@id":"https:\/\/www.editorialjuventud.es\/el-princep-felic-i-altres-contes-9788426146199\/#primaryimage"},"thumbnailUrl":"https:\/\/www.editorialjuventud.es\/wp-content\/uploads\/9788426146199-1.jpg","datePublished":"2020-11-02T15:29:55+00:00","dateModified":"2025-01-22T11:52:41+00:00","description":"Recull aquesta antologia, bellament il\u00b7lustrada, tres dels contes m\u00e9s destacats i coneguts d'Oscar Wilde: El Pr\u00edncep Feli\u00e7, El rossinyol i la rosa i El","breadcrumb":{"@id":"https:\/\/www.editorialjuventud.es\/el-princep-felic-i-altres-contes-9788426146199\/#breadcrumb"},"inLanguage":"ca","potentialAction":[{"@type":"ReadAction","target":["https:\/\/www.editorialjuventud.es\/el-princep-felic-i-altres-contes-9788426146199\/"]}]},{"@type":"ImageObject","inLanguage":"ca","@id":"https:\/\/www.editorialjuventud.es\/el-princep-felic-i-altres-contes-9788426146199\/#primaryimage","url":"https:\/\/www.editorialjuventud.es\/wp-content\/uploads\/9788426146199-1.jpg","contentUrl":"https:\/\/www.editorialjuventud.es\/wp-content\/uploads\/9788426146199-1.jpg","width":893,"height":1200,"caption":"9788426146199.jpg"},{"@type":"BreadcrumbList","@id":"https:\/\/www.editorialjuventud.es\/el-princep-felic-i-altres-contes-9788426146199\/#breadcrumb","itemListElement":[{"@type":"ListItem","position":1,"name":"Portada","item":"https:\/\/www.editorialjuventud.es\/"},{"@type":"ListItem","position":2,"name":"cat\u00e1logo","item":"https:\/\/www.editorialjuventud.es\/coleccion\/catalogo\/"},{"@type":"ListItem","position":3,"name":"catal\u00e0","item":"https:\/\/www.editorialjuventud.es\/coleccion\/catala\/"},{"@type":"ListItem","position":4,"name":"Recull de Contes","item":"https:\/\/www.editorialjuventud.es\/coleccion\/recull-de-contes-2\/"},{"@type":"ListItem","position":5,"name":"El Pr\u00edncep Feli\u00e7 i altres contes"}]},{"@type":"WebSite","@id":"https:\/\/www.editorialjuventud.es\/#website","url":"https:\/\/www.editorialjuventud.es\/","name":"Editorial Juventud","description":"","potentialAction":[{"@type":"SearchAction","target":{"@type":"EntryPoint","urlTemplate":"https:\/\/www.editorialjuventud.es\/?s={search_term_string}"},"query-input":{"@type":"PropertyValueSpecification","valueRequired":true,"valueName":"search_term_string"}}],"inLanguage":"ca"}]}},"_links":{"self":[{"href":"https:\/\/www.editorialjuventud.es\/ca\/wp-json\/wp\/v2\/product\/46326","targetHints":{"allow":["GET"]}}],"collection":[{"href":"https:\/\/www.editorialjuventud.es\/ca\/wp-json\/wp\/v2\/product"}],"about":[{"href":"https:\/\/www.editorialjuventud.es\/ca\/wp-json\/wp\/v2\/types\/product"}],"wp:featuredmedia":[{"embeddable":true,"href":"https:\/\/www.editorialjuventud.es\/ca\/wp-json\/wp\/v2\/media\/46329"}],"wp:attachment":[{"href":"https:\/\/www.editorialjuventud.es\/ca\/wp-json\/wp\/v2\/media?parent=46326"}],"wp:term":[{"taxonomy":"product_brand","embeddable":true,"href":"https:\/\/www.editorialjuventud.es\/ca\/wp-json\/wp\/v2\/product_brand?post=46326"},{"taxonomy":"product_cat","embeddable":true,"href":"https:\/\/www.editorialjuventud.es\/ca\/wp-json\/wp\/v2\/product_cat?post=46326"},{"taxonomy":"product_tag","embeddable":true,"href":"https:\/\/www.editorialjuventud.es\/ca\/wp-json\/wp\/v2\/product_tag?post=46326"},{"taxonomy":"coleccion","embeddable":true,"href":"https:\/\/www.editorialjuventud.es\/ca\/wp-json\/wp\/v2\/coleccion?post=46326"}],"curies":[{"name":"wp","href":"https:\/\/api.w.org\/{rel}","templated":true}]}}