{"id":46321,"date":"2020-11-02T16:23:36","date_gmt":"2020-11-02T15:23:36","guid":{"rendered":"https:\/\/www.editorialjuventud.es\/el-principe-feliz-y-otros-cuentos-9788426146182\/"},"modified":"2025-04-30T12:08:53","modified_gmt":"2025-04-30T10:08:53","slug":"el-principe-feliz-y-otros-cuentos-9788426146182","status":"publish","type":"product","link":"https:\/\/www.editorialjuventud.es\/ca\/el-principe-feliz-y-otros-cuentos-9788426146182\/","title":{"rendered":"El Pr\u00edncipe Feliz y otros cuentos"},"content":{"rendered":"<p>Re\u00fane esta antolog\u00eda, bellamente ilustrada, tres de los cuentos m\u00e1s destacados y conocidos de Oscar Wilde: El Pr\u00edncipe Feliz, El ruise\u00f1or y la rosa y El gigante ego\u00edsta.<\/p>\n<p>En estos cuentos se pueden hallar algunos de los temas que m\u00e1s preocupaban al autor: el ego\u00edsmo, la desigualdad y el sufrimiento, y c\u00f3mo corregirlos con el amor, la compasi\u00f3n y la generosidad. Tres conmovedores relatos, bellamente ilustrados por Albert Asensio, tal vez tristes e inquietantes pero llenos de magia y poes\u00eda. Aunque algunas de las obras de Wilde puedan parecer en la actualidad poco acertadas, situadas en el contexto donde vivi\u00f3 eran pruebas de la genialidad de un autor que, pese ser muy admirado y conocido en algunos sectores, no acababa de encajar en el seno de la sociedad. Muchos de sus cuentos, con tinte moralista, son la respuesta ante los par\u00e1metros prestablecidos de una sociedad todav\u00eda muy conservadora.<\/p>\n","protected":false},"excerpt":{"rendered":"Re\u00fane esta antolog\u00eda, bellamente ilustrada, tres de los cuentos m\u00e1s destacados y conocidos de Oscar Wilde: El Pr\u00edncipe Feliz, El ruise\u00f1or y la rosa y El gigante ego\u00edsta. En estos cuentos se pueden hallar algunos de los temas que m\u00e1s [&hellip;]","protected":false},"featured_media":46322,"template":"","meta":{"_acf_changed":false,"_exactmetrics_skip_tracking":false,"_exactmetrics_sitenote_active":false,"_exactmetrics_sitenote_note":"","_exactmetrics_sitenote_category":0},"product_brand":[],"product_cat":[904,1137,1289,1119,1214],"product_tag":[],"coleccion":[931],"class_list":{"0":"post-46321","1":"product","2":"type-product","3":"status-publish","4":"has-post-thumbnail","6":"product_cat-a-partir-de-9-anos","7":"product_cat-amor","8":"product_cat-leyendas-cuentos-tradicionales","9":"product_cat-narrativa-juvenil","10":"product_cat-principes-princesas","11":"coleccion-cuentos-universales","13":"first","14":"instock","15":"taxable","16":"shipping-taxable","17":"purchasable","18":"product-type-simple"},"acf":{"indice":"","autor":"Wilde, Oscar","codart":"4618","ediciones":"1","encuadernacion":"Carton\u00e9","fecha_de_publicacion":"01\/11\/2020","fecha_de_reimpresion":"","novedad":"0","paginas":"104","subtitulo":"","texto_web_adicional":"","autores-libros":[16683],"ilustradores-libros":[16198],"texto_web_novedad":"","orden":"999","portada":"0","texto_web_resaltado":"","traductores-libros":[17933],"descripcion_corta":"","recomendamos":"","mas_vendido":"","idioma-libro":"","color":false,"formato":"","mas_informacion_del_producto":false,"premios":false,"deshabilitar_compra":[],"texto_enlace_cubierta":"","enlace_cubierta":{"ID":46426,"id":46426,"title":"uvi EL PRINCIPE FELIZ Y OTROS CUENTOS_ES.indd","filename":"el-principe-feliz_cover.jpg","filesize":951578,"url":"https:\/\/www.editorialjuventud.es\/wp-content\/uploads\/el-principe-feliz_cover.jpg","link":"https:\/\/www.editorialjuventud.es\/ca\/?attachment_id=46426","alt":"","author":"49","description":"","caption":"","name":"uvi-el-principe-feliz-y-otros-cuentos_es-indd","status":"inherit","uploaded_to":46321,"date":"2020-11-03 18:08:38","modified":"2020-11-03 18:08:38","menu_order":0,"mime_type":"image\/jpeg","type":"image","subtype":"jpeg","icon":"https:\/\/www.editorialjuventud.es\/wp-includes\/images\/media\/default.png","width":1979,"height":2771,"sizes":{"thumbnail":"https:\/\/www.editorialjuventud.es\/wp-content\/uploads\/el-principe-feliz_cover-200x200.jpg","thumbnail-width":200,"thumbnail-height":200,"medium":"https:\/\/www.editorialjuventud.es\/wp-content\/uploads\/el-principe-feliz_cover.jpg","medium-width":1979,"medium-height":2771,"medium_large":"https:\/\/www.editorialjuventud.es\/wp-content\/uploads\/el-principe-feliz_cover-768x1075.jpg","medium_large-width":768,"medium_large-height":1075,"large":"https:\/\/www.editorialjuventud.es\/wp-content\/uploads\/el-principe-feliz_cover.jpg","large-width":1979,"large-height":2771,"1536x1536":"https:\/\/www.editorialjuventud.es\/wp-content\/uploads\/el-principe-feliz_cover.jpg","1536x1536-width":1097,"1536x1536-height":1536,"2048x2048":"https:\/\/www.editorialjuventud.es\/wp-content\/uploads\/el-principe-feliz_cover.jpg","2048x2048-width":1463,"2048x2048-height":2048,"woocommerce_thumbnail":"https:\/\/www.editorialjuventud.es\/wp-content\/uploads\/el-principe-feliz_cover-350x490.jpg","woocommerce_thumbnail-width":350,"woocommerce_thumbnail-height":490,"woocommerce_single":"https:\/\/www.editorialjuventud.es\/wp-content\/uploads\/el-principe-feliz_cover-900x1260.jpg","woocommerce_single-width":900,"woocommerce_single-height":1260,"woocommerce_gallery_thumbnail":"https:\/\/www.editorialjuventud.es\/wp-content\/uploads\/el-principe-feliz_cover-100x100.jpg","woocommerce_gallery_thumbnail-width":100,"woocommerce_gallery_thumbnail-height":100,"ppec_logo_image_size":"https:\/\/www.editorialjuventud.es\/wp-content\/uploads\/el-principe-feliz_cover.jpg","ppec_logo_image_size-width":43,"ppec_logo_image_size-height":60,"ppec_header_image_size":"https:\/\/www.editorialjuventud.es\/wp-content\/uploads\/el-principe-feliz_cover.jpg","ppec_header_image_size-width":64,"ppec_header_image_size-height":90}},"texto_enlace_ficha_tecnica":"","enlace_ficha_tecnica":{"ID":46608,"id":46608,"title":"Ficha_El_principe_feliz","filename":"Ficha_El_principe_feliz.pdf","filesize":300008,"url":"https:\/\/www.editorialjuventud.es\/wp-content\/uploads\/Ficha_El_principe_feliz.pdf","link":"https:\/\/www.editorialjuventud.es\/ca\/?attachment_id=46608","alt":"","author":"49","description":"","caption":"","name":"ficha_el_principe_feliz","status":"inherit","uploaded_to":46321,"date":"2020-11-05 13:08:05","modified":"2020-11-05 13:08:05","menu_order":0,"mime_type":"application\/pdf","type":"application","subtype":"pdf","icon":"https:\/\/www.editorialjuventud.es\/wp-includes\/images\/media\/document.png"},"ficheros":false,"titulo-fr":"The Happy Prince and Other Tales","texto-fr":"<p>This beautifully illustrated anthology brings together three of the most outstanding and well-known tales of Oscar Wilde: <em>The Happy Prince, The Nightingale<\/em> and <em>the Rose and The Selfish Giant<\/em>.<\/p>\n<p>In these tales, you can find some of the topics Wilde was more interested in, such as selfishness, inequality and suffering, and how to correct them with love, compassion and generosity. The tree moving tales illustrated by Albert Asensio, are perhaps sad and disturbing but full of magic and poetry.<\/p>\n<p>Maybe some of Wilde\u2019s works may seem unsuited for the present days, however located in the context where he lived, they proved of the geniality of an author that, although been very admired and famous in some sectors, did not fit in society. Many of his tales, with a moralist tone, are the answer to the established parameters of a still very conservative society.<\/p>\n<p><span style=\"color: #008080;\"><em>\u203a Rights sold: Russian and Ukrainian<\/em><\/span><\/p>\n<p>Download\u00a0<a href=\"http:\/\/www.editorialjuventud.es\/wp-content\/uploads\/FactSheet_Happy_Prince.pdf\">FactSheet_Happy_Prince<\/a><\/p>\n"},"yoast_head":"<!-- This site is optimized with the Yoast SEO plugin v27.3 - https:\/\/yoast.com\/product\/yoast-seo-wordpress\/ -->\n<title>El Pr\u00edncipe Feliz y otros cuentos - Editorial Juventud<\/title>\n<meta name=\"description\" content=\"Re\u00fane esta antolog\u00eda, bellamente ilustrada, tres de los cuentos m\u00e1s destacados y conocidos de Oscar Wilde: El Pr\u00edncipe Feliz, El ruise\u00f1or y la rosa y El\" \/>\n<meta name=\"robots\" content=\"index, follow, max-snippet:-1, max-image-preview:large, max-video-preview:-1\" \/>\n<link rel=\"canonical\" href=\"https:\/\/www.editorialjuventud.es\/el-principe-feliz-y-otros-cuentos-9788426146182\/\" \/>\n<meta property=\"og:locale\" content=\"ca_ES\" \/>\n<meta property=\"og:type\" content=\"article\" \/>\n<meta property=\"og:title\" content=\"El Pr\u00edncipe Feliz y otros cuentos - Editorial Juventud\" \/>\n<meta property=\"og:description\" content=\"Re\u00fane esta antolog\u00eda, bellamente ilustrada, tres de los cuentos m\u00e1s destacados y conocidos de Oscar Wilde: El Pr\u00edncipe Feliz, El ruise\u00f1or y la rosa y El\" \/>\n<meta property=\"og:url\" content=\"https:\/\/www.editorialjuventud.es\/el-principe-feliz-y-otros-cuentos-9788426146182\/\" \/>\n<meta property=\"og:site_name\" content=\"Editorial Juventud\" \/>\n<meta property=\"article:modified_time\" content=\"2025-04-30T10:08:53+00:00\" \/>\n<meta property=\"og:image\" content=\"https:\/\/www.editorialjuventud.es\/wp-content\/uploads\/9788426146182.jpg\" \/>\n\t<meta property=\"og:image:width\" content=\"857\" \/>\n\t<meta property=\"og:image:height\" content=\"1200\" \/>\n\t<meta property=\"og:image:type\" content=\"image\/jpeg\" \/>\n<meta name=\"twitter:card\" content=\"summary_large_image\" \/>\n<meta name=\"twitter:label1\" content=\"Temps estimat de lectura\" \/>\n\t<meta name=\"twitter:data1\" content=\"1 minut\" \/>\n<script type=\"application\/ld+json\" class=\"yoast-schema-graph\">{\"@context\":\"https:\\\/\\\/schema.org\",\"@graph\":[{\"@type\":\"WebPage\",\"@id\":\"https:\\\/\\\/www.editorialjuventud.es\\\/el-principe-feliz-y-otros-cuentos-9788426146182\\\/\",\"url\":\"https:\\\/\\\/www.editorialjuventud.es\\\/el-principe-feliz-y-otros-cuentos-9788426146182\\\/\",\"name\":\"El Pr\u00edncipe Feliz y otros cuentos - Editorial Juventud\",\"isPartOf\":{\"@id\":\"https:\\\/\\\/www.editorialjuventud.es\\\/#website\"},\"primaryImageOfPage\":{\"@id\":\"https:\\\/\\\/www.editorialjuventud.es\\\/el-principe-feliz-y-otros-cuentos-9788426146182\\\/#primaryimage\"},\"image\":{\"@id\":\"https:\\\/\\\/www.editorialjuventud.es\\\/el-principe-feliz-y-otros-cuentos-9788426146182\\\/#primaryimage\"},\"thumbnailUrl\":\"https:\\\/\\\/www.editorialjuventud.es\\\/wp-content\\\/uploads\\\/9788426146182.jpg\",\"datePublished\":\"2020-11-02T15:23:36+00:00\",\"dateModified\":\"2025-04-30T10:08:53+00:00\",\"description\":\"Re\u00fane esta antolog\u00eda, bellamente ilustrada, tres de los cuentos m\u00e1s destacados y conocidos de Oscar Wilde: El Pr\u00edncipe Feliz, El ruise\u00f1or y la rosa y El\",\"breadcrumb\":{\"@id\":\"https:\\\/\\\/www.editorialjuventud.es\\\/el-principe-feliz-y-otros-cuentos-9788426146182\\\/#breadcrumb\"},\"inLanguage\":\"ca\",\"potentialAction\":[{\"@type\":\"ReadAction\",\"target\":[\"https:\\\/\\\/www.editorialjuventud.es\\\/el-principe-feliz-y-otros-cuentos-9788426146182\\\/\"]}]},{\"@type\":\"ImageObject\",\"inLanguage\":\"ca\",\"@id\":\"https:\\\/\\\/www.editorialjuventud.es\\\/el-principe-feliz-y-otros-cuentos-9788426146182\\\/#primaryimage\",\"url\":\"https:\\\/\\\/www.editorialjuventud.es\\\/wp-content\\\/uploads\\\/9788426146182.jpg\",\"contentUrl\":\"https:\\\/\\\/www.editorialjuventud.es\\\/wp-content\\\/uploads\\\/9788426146182.jpg\",\"width\":857,\"height\":1200,\"caption\":\"9788426146182.jpg\"},{\"@type\":\"BreadcrumbList\",\"@id\":\"https:\\\/\\\/www.editorialjuventud.es\\\/el-principe-feliz-y-otros-cuentos-9788426146182\\\/#breadcrumb\",\"itemListElement\":[{\"@type\":\"ListItem\",\"position\":1,\"name\":\"Portada\",\"item\":\"https:\\\/\\\/www.editorialjuventud.es\\\/\"},{\"@type\":\"ListItem\",\"position\":2,\"name\":\"cat\u00e1logo\",\"item\":\"https:\\\/\\\/www.editorialjuventud.es\\\/coleccion\\\/catalogo\\\/\"},{\"@type\":\"ListItem\",\"position\":3,\"name\":\"castellano\",\"item\":\"https:\\\/\\\/www.editorialjuventud.es\\\/coleccion\\\/castellano\\\/\"},{\"@type\":\"ListItem\",\"position\":4,\"name\":\"Cuentos Universales\",\"item\":\"https:\\\/\\\/www.editorialjuventud.es\\\/coleccion\\\/cuentos-universales\\\/\"},{\"@type\":\"ListItem\",\"position\":5,\"name\":\"El Pr\u00edncipe Feliz y otros cuentos\"}]},{\"@type\":\"WebSite\",\"@id\":\"https:\\\/\\\/www.editorialjuventud.es\\\/#website\",\"url\":\"https:\\\/\\\/www.editorialjuventud.es\\\/\",\"name\":\"Editorial Juventud\",\"description\":\"\",\"potentialAction\":[{\"@type\":\"SearchAction\",\"target\":{\"@type\":\"EntryPoint\",\"urlTemplate\":\"https:\\\/\\\/www.editorialjuventud.es\\\/?s={search_term_string}\"},\"query-input\":{\"@type\":\"PropertyValueSpecification\",\"valueRequired\":true,\"valueName\":\"search_term_string\"}}],\"inLanguage\":\"ca\"}]}<\/script>\n<!-- \/ Yoast SEO plugin. -->","yoast_head_json":{"title":"El Pr\u00edncipe Feliz y otros cuentos - Editorial Juventud","description":"Re\u00fane esta antolog\u00eda, bellamente ilustrada, tres de los cuentos m\u00e1s destacados y conocidos de Oscar Wilde: El Pr\u00edncipe Feliz, El ruise\u00f1or y la rosa y El","robots":{"index":"index","follow":"follow","max-snippet":"max-snippet:-1","max-image-preview":"max-image-preview:large","max-video-preview":"max-video-preview:-1"},"canonical":"https:\/\/www.editorialjuventud.es\/el-principe-feliz-y-otros-cuentos-9788426146182\/","og_locale":"ca_ES","og_type":"article","og_title":"El Pr\u00edncipe Feliz y otros cuentos - Editorial Juventud","og_description":"Re\u00fane esta antolog\u00eda, bellamente ilustrada, tres de los cuentos m\u00e1s destacados y conocidos de Oscar Wilde: El Pr\u00edncipe Feliz, El ruise\u00f1or y la rosa y El","og_url":"https:\/\/www.editorialjuventud.es\/el-principe-feliz-y-otros-cuentos-9788426146182\/","og_site_name":"Editorial Juventud","article_modified_time":"2025-04-30T10:08:53+00:00","og_image":[{"width":857,"height":1200,"url":"https:\/\/www.editorialjuventud.es\/wp-content\/uploads\/9788426146182.jpg","type":"image\/jpeg"}],"twitter_card":"summary_large_image","twitter_misc":{"Temps estimat de lectura":"1 minut"},"schema":{"@context":"https:\/\/schema.org","@graph":[{"@type":"WebPage","@id":"https:\/\/www.editorialjuventud.es\/el-principe-feliz-y-otros-cuentos-9788426146182\/","url":"https:\/\/www.editorialjuventud.es\/el-principe-feliz-y-otros-cuentos-9788426146182\/","name":"El Pr\u00edncipe Feliz y otros cuentos - Editorial Juventud","isPartOf":{"@id":"https:\/\/www.editorialjuventud.es\/#website"},"primaryImageOfPage":{"@id":"https:\/\/www.editorialjuventud.es\/el-principe-feliz-y-otros-cuentos-9788426146182\/#primaryimage"},"image":{"@id":"https:\/\/www.editorialjuventud.es\/el-principe-feliz-y-otros-cuentos-9788426146182\/#primaryimage"},"thumbnailUrl":"https:\/\/www.editorialjuventud.es\/wp-content\/uploads\/9788426146182.jpg","datePublished":"2020-11-02T15:23:36+00:00","dateModified":"2025-04-30T10:08:53+00:00","description":"Re\u00fane esta antolog\u00eda, bellamente ilustrada, tres de los cuentos m\u00e1s destacados y conocidos de Oscar Wilde: El Pr\u00edncipe Feliz, El ruise\u00f1or y la rosa y El","breadcrumb":{"@id":"https:\/\/www.editorialjuventud.es\/el-principe-feliz-y-otros-cuentos-9788426146182\/#breadcrumb"},"inLanguage":"ca","potentialAction":[{"@type":"ReadAction","target":["https:\/\/www.editorialjuventud.es\/el-principe-feliz-y-otros-cuentos-9788426146182\/"]}]},{"@type":"ImageObject","inLanguage":"ca","@id":"https:\/\/www.editorialjuventud.es\/el-principe-feliz-y-otros-cuentos-9788426146182\/#primaryimage","url":"https:\/\/www.editorialjuventud.es\/wp-content\/uploads\/9788426146182.jpg","contentUrl":"https:\/\/www.editorialjuventud.es\/wp-content\/uploads\/9788426146182.jpg","width":857,"height":1200,"caption":"9788426146182.jpg"},{"@type":"BreadcrumbList","@id":"https:\/\/www.editorialjuventud.es\/el-principe-feliz-y-otros-cuentos-9788426146182\/#breadcrumb","itemListElement":[{"@type":"ListItem","position":1,"name":"Portada","item":"https:\/\/www.editorialjuventud.es\/"},{"@type":"ListItem","position":2,"name":"cat\u00e1logo","item":"https:\/\/www.editorialjuventud.es\/coleccion\/catalogo\/"},{"@type":"ListItem","position":3,"name":"castellano","item":"https:\/\/www.editorialjuventud.es\/coleccion\/castellano\/"},{"@type":"ListItem","position":4,"name":"Cuentos Universales","item":"https:\/\/www.editorialjuventud.es\/coleccion\/cuentos-universales\/"},{"@type":"ListItem","position":5,"name":"El Pr\u00edncipe Feliz y otros cuentos"}]},{"@type":"WebSite","@id":"https:\/\/www.editorialjuventud.es\/#website","url":"https:\/\/www.editorialjuventud.es\/","name":"Editorial Juventud","description":"","potentialAction":[{"@type":"SearchAction","target":{"@type":"EntryPoint","urlTemplate":"https:\/\/www.editorialjuventud.es\/?s={search_term_string}"},"query-input":{"@type":"PropertyValueSpecification","valueRequired":true,"valueName":"search_term_string"}}],"inLanguage":"ca"}]}},"_links":{"self":[{"href":"https:\/\/www.editorialjuventud.es\/ca\/wp-json\/wp\/v2\/product\/46321","targetHints":{"allow":["GET"]}}],"collection":[{"href":"https:\/\/www.editorialjuventud.es\/ca\/wp-json\/wp\/v2\/product"}],"about":[{"href":"https:\/\/www.editorialjuventud.es\/ca\/wp-json\/wp\/v2\/types\/product"}],"wp:featuredmedia":[{"embeddable":true,"href":"https:\/\/www.editorialjuventud.es\/ca\/wp-json\/wp\/v2\/media\/46322"}],"wp:attachment":[{"href":"https:\/\/www.editorialjuventud.es\/ca\/wp-json\/wp\/v2\/media?parent=46321"}],"wp:term":[{"taxonomy":"product_brand","embeddable":true,"href":"https:\/\/www.editorialjuventud.es\/ca\/wp-json\/wp\/v2\/product_brand?post=46321"},{"taxonomy":"product_cat","embeddable":true,"href":"https:\/\/www.editorialjuventud.es\/ca\/wp-json\/wp\/v2\/product_cat?post=46321"},{"taxonomy":"product_tag","embeddable":true,"href":"https:\/\/www.editorialjuventud.es\/ca\/wp-json\/wp\/v2\/product_tag?post=46321"},{"taxonomy":"coleccion","embeddable":true,"href":"https:\/\/www.editorialjuventud.es\/ca\/wp-json\/wp\/v2\/coleccion?post=46321"}],"curies":[{"name":"wp","href":"https:\/\/api.w.org\/{rel}","templated":true}]}}