{"id":46318,"date":"2020-11-02T16:18:30","date_gmt":"2020-11-02T15:18:30","guid":{"rendered":"https:\/\/www.editorialjuventud.es\/binky-agente-espacial-9788426146731\/"},"modified":"2025-01-22T12:49:58","modified_gmt":"2025-01-22T11:49:58","slug":"binky-agente-espacial-9788426146731","status":"publish","type":"product","link":"https:\/\/www.editorialjuventud.es\/ca\/binky-agente-espacial-9788426146731\/","title":{"rendered":"Binky  agente espacial"},"content":{"rendered":"<p>ES VALIENTE. ES ATREVIDO. \u00a1EST\u00c1 A PUNTO DE IR A DONDE NING\u00daN OTRO GATO HA IDO NUNCA!<\/p>\n<p>Binky es un Agente Espacial, o eso es lo que \u00e9l cree. En realidad, es un gato dom\u00e9stico que nunca ha salido de la &#8216;estaci\u00f3n espacial&#8217; familiar. Su misi\u00f3n ser\u00e1 salir al espacio exterior (fuera de casa), explorar lugares desconocidos (el jard\u00edn) y luchar contra los extraterrestres (bichos). Mientras protege a sus humanos de los invasores extraterrestres, Binky empieza a construir un cohete y se prepara para su aventura gal\u00e1ctica. Pero el entrenamiento para el viaje espacial no es f\u00e1cil&#8230; y suele producir bolas de pelo. Justo cuando est\u00e1 a punto de despegar con su copiloto Ted (rat\u00f3n de peluche), Binky se da cuenta de que se deja algo muy importante&#8230; y no es el arenero para gravedad cero.<\/p>\n<p>\u00a1Acompa\u00f1a a Binky en sus aventuras para convertirse en Agente Espacial! Una nueva serie, escrita en may\u00fasculas, que encandilar\u00e1 a los fans de Narval.<\/p>\n","protected":false},"excerpt":{"rendered":"ES VALIENTE. ES ATREVIDO. \u00a1EST\u00c1 A PUNTO DE IR A DONDE NING\u00daN OTRO GATO HA IDO NUNCA! Binky es un Agente Espacial, o eso es lo que \u00e9l cree. En realidad, es un gato dom\u00e9stico que nunca ha salido de [&hellip;]","protected":false},"featured_media":46319,"template":"","meta":{"_acf_changed":false,"_exactmetrics_skip_tracking":false,"_exactmetrics_sitenote_active":false,"_exactmetrics_sitenote_note":"","_exactmetrics_sitenote_category":0},"product_brand":[],"product_cat":[902,1142,1127,1184,1194],"product_tag":[],"coleccion":[935,1342],"class_list":{"0":"post-46318","1":"product","2":"type-product","3":"status-publish","4":"has-post-thumbnail","6":"product_cat-a-partir-de-7-anos","7":"product_cat-aventura","8":"product_cat-comic","9":"product_cat-humor","10":"product_cat-mascotas","11":"coleccion-juventud-comic","12":"coleccion-las-aventuras-de-binky","14":"first","15":"instock","16":"taxable","17":"shipping-taxable","18":"purchasable","19":"product-type-simple"},"acf":{"indice":"","autor":"Spires, Ashley","codart":"4673","ediciones":"1","encuadernacion":"Carton\u00e9","fecha_de_publicacion":"01\/11\/2020","fecha_de_reimpresion":"","novedad":"0","paginas":"64","subtitulo":"","texto_web_adicional":"","autores-libros":[46317],"ilustradores-libros":[46317],"texto_web_novedad":"","orden":"999","portada":"0","texto_web_resaltado":"","traductores-libros":[37490],"descripcion_corta":"","recomendamos":"","mas_vendido":"","idioma-libro":"","color":false,"formato":"","mas_informacion_del_producto":false,"premios":[{"premio":"Silver Birch Express, Ontario Library Association","anyo_del_premio":"2011","pais_del_premio":"EE.UU."},{"premio":"Hackmatatack Award","anyo_del_premio":"2010","pais_del_premio":""},{"premio":"Seleccionado como uno de los mejores libros para ni\u00f1os por el Canadian Children\u2019s Book Centre","anyo_del_premio":"2011","pais_del_premio":"Canad\u00e1"}],"deshabilitar_compra":[],"texto_enlace_cubierta":"","enlace_cubierta":{"ID":46410,"id":46410,"title":"binky agente espacial_cover","filename":"binky-agente-espacial_cover.jpg","filesize":749203,"url":"https:\/\/www.editorialjuventud.es\/wp-content\/uploads\/binky-agente-espacial_cover.jpg","link":"https:\/\/www.editorialjuventud.es\/ca\/?attachment_id=46410","alt":"","author":"49","description":"","caption":"","name":"binky-agente-espacial_cover","status":"inherit","uploaded_to":46318,"date":"2020-11-03 15:45:05","modified":"2020-11-03 15:45:05","menu_order":0,"mime_type":"image\/jpeg","type":"image","subtype":"jpeg","icon":"https:\/\/www.editorialjuventud.es\/wp-includes\/images\/media\/default.png","width":2028,"height":2624,"sizes":{"thumbnail":"https:\/\/www.editorialjuventud.es\/wp-content\/uploads\/binky-agente-espacial_cover-200x200.jpg","thumbnail-width":200,"thumbnail-height":200,"medium":"https:\/\/www.editorialjuventud.es\/wp-content\/uploads\/binky-agente-espacial_cover.jpg","medium-width":2028,"medium-height":2624,"medium_large":"https:\/\/www.editorialjuventud.es\/wp-content\/uploads\/binky-agente-espacial_cover-768x994.jpg","medium_large-width":768,"medium_large-height":994,"large":"https:\/\/www.editorialjuventud.es\/wp-content\/uploads\/binky-agente-espacial_cover.jpg","large-width":2028,"large-height":2624,"1536x1536":"https:\/\/www.editorialjuventud.es\/wp-content\/uploads\/binky-agente-espacial_cover.jpg","1536x1536-width":1187,"1536x1536-height":1536,"2048x2048":"https:\/\/www.editorialjuventud.es\/wp-content\/uploads\/binky-agente-espacial_cover.jpg","2048x2048-width":1583,"2048x2048-height":2048,"woocommerce_thumbnail":"https:\/\/www.editorialjuventud.es\/wp-content\/uploads\/binky-agente-espacial_cover-350x453.jpg","woocommerce_thumbnail-width":350,"woocommerce_thumbnail-height":453,"woocommerce_single":"https:\/\/www.editorialjuventud.es\/wp-content\/uploads\/binky-agente-espacial_cover-900x1164.jpg","woocommerce_single-width":900,"woocommerce_single-height":1164,"woocommerce_gallery_thumbnail":"https:\/\/www.editorialjuventud.es\/wp-content\/uploads\/binky-agente-espacial_cover-100x100.jpg","woocommerce_gallery_thumbnail-width":100,"woocommerce_gallery_thumbnail-height":100,"ppec_logo_image_size":"https:\/\/www.editorialjuventud.es\/wp-content\/uploads\/binky-agente-espacial_cover.jpg","ppec_logo_image_size-width":46,"ppec_logo_image_size-height":60,"ppec_header_image_size":"https:\/\/www.editorialjuventud.es\/wp-content\/uploads\/binky-agente-espacial_cover.jpg","ppec_header_image_size-width":70,"ppec_header_image_size-height":90}},"texto_enlace_ficha_tecnica":"","enlace_ficha_tecnica":{"ID":46610,"id":46610,"title":"Ficha_Binky_agente_espacial","filename":"Ficha_Binky_agente_espacial.pdf","filesize":326424,"url":"https:\/\/www.editorialjuventud.es\/wp-content\/uploads\/Ficha_Binky_agente_espacial.pdf","link":"https:\/\/www.editorialjuventud.es\/ca\/?attachment_id=46610","alt":"","author":"49","description":"","caption":"","name":"ficha_binky_agente_espacial","status":"inherit","uploaded_to":46318,"date":"2020-11-05 13:08:39","modified":"2020-11-05 13:08:39","menu_order":0,"mime_type":"application\/pdf","type":"application","subtype":"pdf","icon":"https:\/\/www.editorialjuventud.es\/wp-includes\/images\/media\/document.png"},"ficheros":false,"titulo-fr":"","texto-fr":""},"yoast_head":"<!-- This site is optimized with the Yoast SEO plugin v27.5 - https:\/\/yoast.com\/product\/yoast-seo-wordpress\/ -->\n<title>Binky agente espacial - Editorial Juventud<\/title>\n<meta name=\"description\" content=\"ES VALIENTE. ES ATREVIDO. \u00a1EST\u00c1 A PUNTO DE IR A DONDE NING\u00daN OTRO GATO HA IDO NUNCA!Binky es un Agente Espacial, o eso es lo que \u00e9l cree. En realidad, es\" \/>\n<meta name=\"robots\" content=\"index, follow, max-snippet:-1, max-image-preview:large, max-video-preview:-1\" \/>\n<link rel=\"canonical\" href=\"https:\/\/www.editorialjuventud.es\/binky-agente-espacial-9788426146731\/\" \/>\n<meta property=\"og:locale\" content=\"ca_ES\" \/>\n<meta property=\"og:type\" content=\"article\" \/>\n<meta property=\"og:title\" content=\"Binky agente espacial - Editorial Juventud\" \/>\n<meta property=\"og:description\" content=\"ES VALIENTE. ES ATREVIDO. \u00a1EST\u00c1 A PUNTO DE IR A DONDE NING\u00daN OTRO GATO HA IDO NUNCA!Binky es un Agente Espacial, o eso es lo que \u00e9l cree. En realidad, es\" \/>\n<meta property=\"og:url\" content=\"https:\/\/www.editorialjuventud.es\/binky-agente-espacial-9788426146731\/\" \/>\n<meta property=\"og:site_name\" content=\"Editorial Juventud\" \/>\n<meta property=\"article:modified_time\" content=\"2025-01-22T11:49:58+00:00\" \/>\n<meta property=\"og:image\" content=\"https:\/\/www.editorialjuventud.es\/wp-content\/uploads\/9788426146731.jpg\" \/>\n\t<meta property=\"og:image:width\" content=\"927\" \/>\n\t<meta property=\"og:image:height\" content=\"1200\" \/>\n\t<meta property=\"og:image:type\" content=\"image\/jpeg\" \/>\n<meta name=\"twitter:card\" content=\"summary_large_image\" \/>\n<meta name=\"twitter:label1\" content=\"Temps estimat de lectura\" \/>\n\t<meta name=\"twitter:data1\" content=\"1 minut\" \/>\n<script type=\"application\/ld+json\" class=\"yoast-schema-graph\">{\"@context\":\"https:\\\/\\\/schema.org\",\"@graph\":[{\"@type\":\"WebPage\",\"@id\":\"https:\\\/\\\/www.editorialjuventud.es\\\/binky-agente-espacial-9788426146731\\\/\",\"url\":\"https:\\\/\\\/www.editorialjuventud.es\\\/binky-agente-espacial-9788426146731\\\/\",\"name\":\"Binky agente espacial - Editorial Juventud\",\"isPartOf\":{\"@id\":\"https:\\\/\\\/www.editorialjuventud.es\\\/#website\"},\"primaryImageOfPage\":{\"@id\":\"https:\\\/\\\/www.editorialjuventud.es\\\/binky-agente-espacial-9788426146731\\\/#primaryimage\"},\"image\":{\"@id\":\"https:\\\/\\\/www.editorialjuventud.es\\\/binky-agente-espacial-9788426146731\\\/#primaryimage\"},\"thumbnailUrl\":\"https:\\\/\\\/www.editorialjuventud.es\\\/wp-content\\\/uploads\\\/9788426146731.jpg\",\"datePublished\":\"2020-11-02T15:18:30+00:00\",\"dateModified\":\"2025-01-22T11:49:58+00:00\",\"description\":\"ES VALIENTE. ES ATREVIDO. \u00a1EST\u00c1 A PUNTO DE IR A DONDE NING\u00daN OTRO GATO HA IDO NUNCA!Binky es un Agente Espacial, o eso es lo que \u00e9l cree. En realidad, es\",\"breadcrumb\":{\"@id\":\"https:\\\/\\\/www.editorialjuventud.es\\\/binky-agente-espacial-9788426146731\\\/#breadcrumb\"},\"inLanguage\":\"ca\",\"potentialAction\":[{\"@type\":\"ReadAction\",\"target\":[\"https:\\\/\\\/www.editorialjuventud.es\\\/binky-agente-espacial-9788426146731\\\/\"]}]},{\"@type\":\"ImageObject\",\"inLanguage\":\"ca\",\"@id\":\"https:\\\/\\\/www.editorialjuventud.es\\\/binky-agente-espacial-9788426146731\\\/#primaryimage\",\"url\":\"https:\\\/\\\/www.editorialjuventud.es\\\/wp-content\\\/uploads\\\/9788426146731.jpg\",\"contentUrl\":\"https:\\\/\\\/www.editorialjuventud.es\\\/wp-content\\\/uploads\\\/9788426146731.jpg\",\"width\":927,\"height\":1200,\"caption\":\"9788426146731.jpg\"},{\"@type\":\"BreadcrumbList\",\"@id\":\"https:\\\/\\\/www.editorialjuventud.es\\\/binky-agente-espacial-9788426146731\\\/#breadcrumb\",\"itemListElement\":[{\"@type\":\"ListItem\",\"position\":1,\"name\":\"Portada\",\"item\":\"https:\\\/\\\/www.editorialjuventud.es\\\/\"},{\"@type\":\"ListItem\",\"position\":2,\"name\":\"cat\u00e1logo\",\"item\":\"https:\\\/\\\/www.editorialjuventud.es\\\/coleccion\\\/catalogo\\\/\"},{\"@type\":\"ListItem\",\"position\":3,\"name\":\"castellano\",\"item\":\"https:\\\/\\\/www.editorialjuventud.es\\\/coleccion\\\/castellano\\\/\"},{\"@type\":\"ListItem\",\"position\":4,\"name\":\"Juventud C\u00f3mic\",\"item\":\"https:\\\/\\\/www.editorialjuventud.es\\\/coleccion\\\/juventud-comic\\\/\"},{\"@type\":\"ListItem\",\"position\":5,\"name\":\"Las aventuras de Binky\",\"item\":\"https:\\\/\\\/www.editorialjuventud.es\\\/coleccion\\\/las-aventuras-de-binky\\\/\"},{\"@type\":\"ListItem\",\"position\":6,\"name\":\"Binky agente espacial\"}]},{\"@type\":\"WebSite\",\"@id\":\"https:\\\/\\\/www.editorialjuventud.es\\\/#website\",\"url\":\"https:\\\/\\\/www.editorialjuventud.es\\\/\",\"name\":\"Editorial Juventud\",\"description\":\"\",\"potentialAction\":[{\"@type\":\"SearchAction\",\"target\":{\"@type\":\"EntryPoint\",\"urlTemplate\":\"https:\\\/\\\/www.editorialjuventud.es\\\/?s={search_term_string}\"},\"query-input\":{\"@type\":\"PropertyValueSpecification\",\"valueRequired\":true,\"valueName\":\"search_term_string\"}}],\"inLanguage\":\"ca\"}]}<\/script>\n<!-- \/ Yoast SEO plugin. -->","yoast_head_json":{"title":"Binky agente espacial - Editorial Juventud","description":"ES VALIENTE. ES ATREVIDO. \u00a1EST\u00c1 A PUNTO DE IR A DONDE NING\u00daN OTRO GATO HA IDO NUNCA!Binky es un Agente Espacial, o eso es lo que \u00e9l cree. En realidad, es","robots":{"index":"index","follow":"follow","max-snippet":"max-snippet:-1","max-image-preview":"max-image-preview:large","max-video-preview":"max-video-preview:-1"},"canonical":"https:\/\/www.editorialjuventud.es\/binky-agente-espacial-9788426146731\/","og_locale":"ca_ES","og_type":"article","og_title":"Binky agente espacial - Editorial Juventud","og_description":"ES VALIENTE. ES ATREVIDO. \u00a1EST\u00c1 A PUNTO DE IR A DONDE NING\u00daN OTRO GATO HA IDO NUNCA!Binky es un Agente Espacial, o eso es lo que \u00e9l cree. En realidad, es","og_url":"https:\/\/www.editorialjuventud.es\/binky-agente-espacial-9788426146731\/","og_site_name":"Editorial Juventud","article_modified_time":"2025-01-22T11:49:58+00:00","og_image":[{"width":927,"height":1200,"url":"https:\/\/www.editorialjuventud.es\/wp-content\/uploads\/9788426146731.jpg","type":"image\/jpeg"}],"twitter_card":"summary_large_image","twitter_misc":{"Temps estimat de lectura":"1 minut"},"schema":{"@context":"https:\/\/schema.org","@graph":[{"@type":"WebPage","@id":"https:\/\/www.editorialjuventud.es\/binky-agente-espacial-9788426146731\/","url":"https:\/\/www.editorialjuventud.es\/binky-agente-espacial-9788426146731\/","name":"Binky agente espacial - Editorial Juventud","isPartOf":{"@id":"https:\/\/www.editorialjuventud.es\/#website"},"primaryImageOfPage":{"@id":"https:\/\/www.editorialjuventud.es\/binky-agente-espacial-9788426146731\/#primaryimage"},"image":{"@id":"https:\/\/www.editorialjuventud.es\/binky-agente-espacial-9788426146731\/#primaryimage"},"thumbnailUrl":"https:\/\/www.editorialjuventud.es\/wp-content\/uploads\/9788426146731.jpg","datePublished":"2020-11-02T15:18:30+00:00","dateModified":"2025-01-22T11:49:58+00:00","description":"ES VALIENTE. ES ATREVIDO. \u00a1EST\u00c1 A PUNTO DE IR A DONDE NING\u00daN OTRO GATO HA IDO NUNCA!Binky es un Agente Espacial, o eso es lo que \u00e9l cree. En realidad, es","breadcrumb":{"@id":"https:\/\/www.editorialjuventud.es\/binky-agente-espacial-9788426146731\/#breadcrumb"},"inLanguage":"ca","potentialAction":[{"@type":"ReadAction","target":["https:\/\/www.editorialjuventud.es\/binky-agente-espacial-9788426146731\/"]}]},{"@type":"ImageObject","inLanguage":"ca","@id":"https:\/\/www.editorialjuventud.es\/binky-agente-espacial-9788426146731\/#primaryimage","url":"https:\/\/www.editorialjuventud.es\/wp-content\/uploads\/9788426146731.jpg","contentUrl":"https:\/\/www.editorialjuventud.es\/wp-content\/uploads\/9788426146731.jpg","width":927,"height":1200,"caption":"9788426146731.jpg"},{"@type":"BreadcrumbList","@id":"https:\/\/www.editorialjuventud.es\/binky-agente-espacial-9788426146731\/#breadcrumb","itemListElement":[{"@type":"ListItem","position":1,"name":"Portada","item":"https:\/\/www.editorialjuventud.es\/"},{"@type":"ListItem","position":2,"name":"cat\u00e1logo","item":"https:\/\/www.editorialjuventud.es\/coleccion\/catalogo\/"},{"@type":"ListItem","position":3,"name":"castellano","item":"https:\/\/www.editorialjuventud.es\/coleccion\/castellano\/"},{"@type":"ListItem","position":4,"name":"Juventud C\u00f3mic","item":"https:\/\/www.editorialjuventud.es\/coleccion\/juventud-comic\/"},{"@type":"ListItem","position":5,"name":"Las aventuras de Binky","item":"https:\/\/www.editorialjuventud.es\/coleccion\/las-aventuras-de-binky\/"},{"@type":"ListItem","position":6,"name":"Binky agente espacial"}]},{"@type":"WebSite","@id":"https:\/\/www.editorialjuventud.es\/#website","url":"https:\/\/www.editorialjuventud.es\/","name":"Editorial Juventud","description":"","potentialAction":[{"@type":"SearchAction","target":{"@type":"EntryPoint","urlTemplate":"https:\/\/www.editorialjuventud.es\/?s={search_term_string}"},"query-input":{"@type":"PropertyValueSpecification","valueRequired":true,"valueName":"search_term_string"}}],"inLanguage":"ca"}]}},"_links":{"self":[{"href":"https:\/\/www.editorialjuventud.es\/ca\/wp-json\/wp\/v2\/product\/46318","targetHints":{"allow":["GET"]}}],"collection":[{"href":"https:\/\/www.editorialjuventud.es\/ca\/wp-json\/wp\/v2\/product"}],"about":[{"href":"https:\/\/www.editorialjuventud.es\/ca\/wp-json\/wp\/v2\/types\/product"}],"wp:featuredmedia":[{"embeddable":true,"href":"https:\/\/www.editorialjuventud.es\/ca\/wp-json\/wp\/v2\/media\/46319"}],"wp:attachment":[{"href":"https:\/\/www.editorialjuventud.es\/ca\/wp-json\/wp\/v2\/media?parent=46318"}],"wp:term":[{"taxonomy":"product_brand","embeddable":true,"href":"https:\/\/www.editorialjuventud.es\/ca\/wp-json\/wp\/v2\/product_brand?post=46318"},{"taxonomy":"product_cat","embeddable":true,"href":"https:\/\/www.editorialjuventud.es\/ca\/wp-json\/wp\/v2\/product_cat?post=46318"},{"taxonomy":"product_tag","embeddable":true,"href":"https:\/\/www.editorialjuventud.es\/ca\/wp-json\/wp\/v2\/product_tag?post=46318"},{"taxonomy":"coleccion","embeddable":true,"href":"https:\/\/www.editorialjuventud.es\/ca\/wp-json\/wp\/v2\/coleccion?post=46318"}],"curies":[{"name":"wp","href":"https:\/\/api.w.org\/{rel}","templated":true}]}}