{"id":46313,"date":"2020-11-02T16:00:16","date_gmt":"2020-11-02T15:00:16","guid":{"rendered":"https:\/\/www.editorialjuventud.es\/baika-en-el-fin-del-mundo-9788426146830\/"},"modified":"2025-01-22T12:48:22","modified_gmt":"2025-01-22T11:48:22","slug":"baika-en-el-fin-del-mundo-9788426146830","status":"publish","type":"product","link":"https:\/\/www.editorialjuventud.es\/ca\/baika-en-el-fin-del-mundo-9788426146830\/","title":{"rendered":"Baika en el fin del mundo"},"content":{"rendered":"<p>Baika y Victoria recorren parajes desolados, ciudades en ruinas, cr\u00e1teres humeantes&#8230; sorteando todo tipo de peligros en un mundo inh\u00f3spito. Desde la gran explosi\u00f3n en que Victoria se vio separada de sus padres, van ella y Baika en su busca guiadas por una misteriosa luz en el cielo, aunque no est\u00e1n del todo seguras de que sea una buena pista&#8230;<\/p>\n<p>Podr\u00eda pensarse que un c\u00f3mic sobre la destrucci\u00f3n del mundo y el viaje solitario de una ni\u00f1a no es el libro m\u00e1s indicado para el p\u00fablico infantil porque los ni\u00f1os podr\u00edan tener miedo ante esta historia. Pero su autor, Marcin Podolec era muy consciente de que estaba creando un c\u00f3mic para ni\u00f1os, por lo que no introdujo ni villanos ni escenas dr\u00e1sticas que pudieran poner al l\u00edmite la sensibilidad de los m\u00e1s peque\u00f1os. Baika en el fin del mundo es, contrariamente a las apariencias, un c\u00f3mic muy adecuado para ni\u00f1os, cuya fuerza impulsora no es el miedo a un cataclismo, sino la amistad y el anhelo por la familia. Este libro recoge las dos primeras aventuras de Baika y Victoria en este entorno postapocal\u00edptico. La magia que hay entre ellas ser\u00e1 la clave para superar todas las adversidades con mucha ternura y humor.<\/p>\n","protected":false},"excerpt":{"rendered":"Baika y Victoria recorren parajes desolados, ciudades en ruinas, cr\u00e1teres humeantes&#8230; sorteando todo tipo de peligros en un mundo inh\u00f3spito. Desde la gran explosi\u00f3n en que Victoria se vio separada de sus padres, van ella y Baika en su busca [&hellip;]","protected":false},"featured_media":46314,"template":"","meta":{"_acf_changed":false,"_exactmetrics_skip_tracking":false,"_exactmetrics_sitenote_active":false,"_exactmetrics_sitenote_note":"","_exactmetrics_sitenote_category":0},"product_brand":[],"product_cat":[904,1136,1142,1150,1127,1184,1194],"product_tag":[],"coleccion":[935],"class_list":{"0":"post-46313","1":"product","2":"type-product","3":"status-publish","4":"has-post-thumbnail","6":"product_cat-a-partir-de-9-anos","7":"product_cat-amistad","8":"product_cat-aventura","9":"product_cat-ciencia-ficcion","10":"product_cat-comic","11":"product_cat-humor","12":"product_cat-mascotas","13":"coleccion-juventud-comic","15":"first","16":"instock","17":"taxable","18":"shipping-taxable","19":"purchasable","20":"product-type-simple"},"acf":{"indice":"","autor":"Podolec, Marcin","codart":"4683","ediciones":"1","encuadernacion":"R\u00fastica","fecha_de_publicacion":"01\/11\/2020","fecha_de_reimpresion":"","novedad":"0","paginas":"120","subtitulo":"","texto_web_adicional":"","autores-libros":[46311],"ilustradores-libros":[46311],"texto_web_novedad":"","orden":"999","portada":"0","texto_web_resaltado":"","traductores-libros":[46312],"descripcion_corta":"","recomendamos":"","mas_vendido":"","idioma-libro":"","color":false,"formato":"","mas_informacion_del_producto":false,"premios":[{"premio":"Nominado por Best Polish Album","anyo_del_premio":"2017","pais_del_premio":"Polonia"}],"deshabilitar_compra":[],"texto_enlace_cubierta":"","enlace_cubierta":{"ID":46436,"id":46436,"title":"baika en el fin del mundo_cover","filename":"baika-en-el-fin-del-mundo_cover.jpg","filesize":583169,"url":"https:\/\/www.editorialjuventud.es\/wp-content\/uploads\/baika-en-el-fin-del-mundo_cover.jpg","link":"https:\/\/www.editorialjuventud.es\/ca\/?attachment_id=46436","alt":"","author":"49","description":"","caption":"","name":"baika-en-el-fin-del-mundo_cover","status":"inherit","uploaded_to":46313,"date":"2020-11-03 18:12:41","modified":"2020-11-03 18:12:41","menu_order":0,"mime_type":"image\/jpeg","type":"image","subtype":"jpeg","icon":"https:\/\/www.editorialjuventud.es\/wp-includes\/images\/media\/default.png","width":2139,"height":2846,"sizes":{"thumbnail":"https:\/\/www.editorialjuventud.es\/wp-content\/uploads\/baika-en-el-fin-del-mundo_cover-200x200.jpg","thumbnail-width":200,"thumbnail-height":200,"medium":"https:\/\/www.editorialjuventud.es\/wp-content\/uploads\/baika-en-el-fin-del-mundo_cover.jpg","medium-width":2139,"medium-height":2846,"medium_large":"https:\/\/www.editorialjuventud.es\/wp-content\/uploads\/baika-en-el-fin-del-mundo_cover-768x1022.jpg","medium_large-width":768,"medium_large-height":1022,"large":"https:\/\/www.editorialjuventud.es\/wp-content\/uploads\/baika-en-el-fin-del-mundo_cover.jpg","large-width":2139,"large-height":2846,"1536x1536":"https:\/\/www.editorialjuventud.es\/wp-content\/uploads\/baika-en-el-fin-del-mundo_cover.jpg","1536x1536-width":1154,"1536x1536-height":1536,"2048x2048":"https:\/\/www.editorialjuventud.es\/wp-content\/uploads\/baika-en-el-fin-del-mundo_cover.jpg","2048x2048-width":1539,"2048x2048-height":2048,"woocommerce_thumbnail":"https:\/\/www.editorialjuventud.es\/wp-content\/uploads\/baika-en-el-fin-del-mundo_cover-350x466.jpg","woocommerce_thumbnail-width":350,"woocommerce_thumbnail-height":466,"woocommerce_single":"https:\/\/www.editorialjuventud.es\/wp-content\/uploads\/baika-en-el-fin-del-mundo_cover-900x1197.jpg","woocommerce_single-width":900,"woocommerce_single-height":1197,"woocommerce_gallery_thumbnail":"https:\/\/www.editorialjuventud.es\/wp-content\/uploads\/baika-en-el-fin-del-mundo_cover-100x100.jpg","woocommerce_gallery_thumbnail-width":100,"woocommerce_gallery_thumbnail-height":100,"ppec_logo_image_size":"https:\/\/www.editorialjuventud.es\/wp-content\/uploads\/baika-en-el-fin-del-mundo_cover.jpg","ppec_logo_image_size-width":45,"ppec_logo_image_size-height":60,"ppec_header_image_size":"https:\/\/www.editorialjuventud.es\/wp-content\/uploads\/baika-en-el-fin-del-mundo_cover.jpg","ppec_header_image_size-width":68,"ppec_header_image_size-height":90}},"texto_enlace_ficha_tecnica":"","enlace_ficha_tecnica":{"ID":46612,"id":46612,"title":"Ficha_Baika_en_el_fin_del_mundo","filename":"Ficha_Baika_en_el_fin_del_mundo.pdf","filesize":349134,"url":"https:\/\/www.editorialjuventud.es\/wp-content\/uploads\/Ficha_Baika_en_el_fin_del_mundo.pdf","link":"https:\/\/www.editorialjuventud.es\/ca\/?attachment_id=46612","alt":"","author":"49","description":"","caption":"","name":"ficha_baika_en_el_fin_del_mundo","status":"inherit","uploaded_to":46313,"date":"2020-11-05 13:11:03","modified":"2020-11-05 13:11:03","menu_order":0,"mime_type":"application\/pdf","type":"application","subtype":"pdf","icon":"https:\/\/www.editorialjuventud.es\/wp-includes\/images\/media\/document.png"},"ficheros":false,"titulo-fr":"","texto-fr":""},"yoast_head":"<!-- This site is optimized with the Yoast SEO plugin v27.5 - https:\/\/yoast.com\/product\/yoast-seo-wordpress\/ -->\n<title>Baika en el fin del mundo - Editorial Juventud<\/title>\n<meta name=\"description\" content=\"Baika y Victoria recorren parajes desolados, ciudades en ruinas, cr\u00e1teres humeantes... sorteando todo tipo de peligros en un mundo inh\u00f3spito. Desde la\" \/>\n<meta name=\"robots\" content=\"index, follow, max-snippet:-1, max-image-preview:large, max-video-preview:-1\" \/>\n<link rel=\"canonical\" href=\"https:\/\/www.editorialjuventud.es\/baika-en-el-fin-del-mundo-9788426146830\/\" \/>\n<meta property=\"og:locale\" content=\"ca_ES\" \/>\n<meta property=\"og:type\" content=\"article\" \/>\n<meta property=\"og:title\" content=\"Baika en el fin del mundo - Editorial Juventud\" \/>\n<meta property=\"og:description\" content=\"Baika y Victoria recorren parajes desolados, ciudades en ruinas, cr\u00e1teres humeantes... sorteando todo tipo de peligros en un mundo inh\u00f3spito. Desde la\" \/>\n<meta property=\"og:url\" content=\"https:\/\/www.editorialjuventud.es\/baika-en-el-fin-del-mundo-9788426146830\/\" \/>\n<meta property=\"og:site_name\" content=\"Editorial Juventud\" \/>\n<meta property=\"article:modified_time\" content=\"2025-01-22T11:48:22+00:00\" \/>\n<meta property=\"og:image\" content=\"https:\/\/www.editorialjuventud.es\/wp-content\/uploads\/9788426146830.jpg\" \/>\n\t<meta property=\"og:image:width\" content=\"902\" \/>\n\t<meta property=\"og:image:height\" content=\"1200\" \/>\n\t<meta property=\"og:image:type\" content=\"image\/jpeg\" \/>\n<meta name=\"twitter:card\" content=\"summary_large_image\" \/>\n<meta name=\"twitter:label1\" content=\"Temps estimat de lectura\" \/>\n\t<meta name=\"twitter:data1\" content=\"1 minut\" \/>\n<script type=\"application\/ld+json\" class=\"yoast-schema-graph\">{\"@context\":\"https:\\\/\\\/schema.org\",\"@graph\":[{\"@type\":\"WebPage\",\"@id\":\"https:\\\/\\\/www.editorialjuventud.es\\\/baika-en-el-fin-del-mundo-9788426146830\\\/\",\"url\":\"https:\\\/\\\/www.editorialjuventud.es\\\/baika-en-el-fin-del-mundo-9788426146830\\\/\",\"name\":\"Baika en el fin del mundo - Editorial Juventud\",\"isPartOf\":{\"@id\":\"https:\\\/\\\/www.editorialjuventud.es\\\/#website\"},\"primaryImageOfPage\":{\"@id\":\"https:\\\/\\\/www.editorialjuventud.es\\\/baika-en-el-fin-del-mundo-9788426146830\\\/#primaryimage\"},\"image\":{\"@id\":\"https:\\\/\\\/www.editorialjuventud.es\\\/baika-en-el-fin-del-mundo-9788426146830\\\/#primaryimage\"},\"thumbnailUrl\":\"https:\\\/\\\/www.editorialjuventud.es\\\/wp-content\\\/uploads\\\/9788426146830.jpg\",\"datePublished\":\"2020-11-02T15:00:16+00:00\",\"dateModified\":\"2025-01-22T11:48:22+00:00\",\"description\":\"Baika y Victoria recorren parajes desolados, ciudades en ruinas, cr\u00e1teres humeantes... sorteando todo tipo de peligros en un mundo inh\u00f3spito. Desde la\",\"breadcrumb\":{\"@id\":\"https:\\\/\\\/www.editorialjuventud.es\\\/baika-en-el-fin-del-mundo-9788426146830\\\/#breadcrumb\"},\"inLanguage\":\"ca\",\"potentialAction\":[{\"@type\":\"ReadAction\",\"target\":[\"https:\\\/\\\/www.editorialjuventud.es\\\/baika-en-el-fin-del-mundo-9788426146830\\\/\"]}]},{\"@type\":\"ImageObject\",\"inLanguage\":\"ca\",\"@id\":\"https:\\\/\\\/www.editorialjuventud.es\\\/baika-en-el-fin-del-mundo-9788426146830\\\/#primaryimage\",\"url\":\"https:\\\/\\\/www.editorialjuventud.es\\\/wp-content\\\/uploads\\\/9788426146830.jpg\",\"contentUrl\":\"https:\\\/\\\/www.editorialjuventud.es\\\/wp-content\\\/uploads\\\/9788426146830.jpg\",\"width\":902,\"height\":1200,\"caption\":\"9788426146830.jpg\"},{\"@type\":\"BreadcrumbList\",\"@id\":\"https:\\\/\\\/www.editorialjuventud.es\\\/baika-en-el-fin-del-mundo-9788426146830\\\/#breadcrumb\",\"itemListElement\":[{\"@type\":\"ListItem\",\"position\":1,\"name\":\"Portada\",\"item\":\"https:\\\/\\\/www.editorialjuventud.es\\\/\"},{\"@type\":\"ListItem\",\"position\":2,\"name\":\"cat\u00e1logo\",\"item\":\"https:\\\/\\\/www.editorialjuventud.es\\\/coleccion\\\/catalogo\\\/\"},{\"@type\":\"ListItem\",\"position\":3,\"name\":\"castellano\",\"item\":\"https:\\\/\\\/www.editorialjuventud.es\\\/coleccion\\\/castellano\\\/\"},{\"@type\":\"ListItem\",\"position\":4,\"name\":\"Juventud C\u00f3mic\",\"item\":\"https:\\\/\\\/www.editorialjuventud.es\\\/coleccion\\\/juventud-comic\\\/\"},{\"@type\":\"ListItem\",\"position\":5,\"name\":\"Baika en el fin del mundo\"}]},{\"@type\":\"WebSite\",\"@id\":\"https:\\\/\\\/www.editorialjuventud.es\\\/#website\",\"url\":\"https:\\\/\\\/www.editorialjuventud.es\\\/\",\"name\":\"Editorial Juventud\",\"description\":\"\",\"potentialAction\":[{\"@type\":\"SearchAction\",\"target\":{\"@type\":\"EntryPoint\",\"urlTemplate\":\"https:\\\/\\\/www.editorialjuventud.es\\\/?s={search_term_string}\"},\"query-input\":{\"@type\":\"PropertyValueSpecification\",\"valueRequired\":true,\"valueName\":\"search_term_string\"}}],\"inLanguage\":\"ca\"}]}<\/script>\n<!-- \/ Yoast SEO plugin. -->","yoast_head_json":{"title":"Baika en el fin del mundo - Editorial Juventud","description":"Baika y Victoria recorren parajes desolados, ciudades en ruinas, cr\u00e1teres humeantes... sorteando todo tipo de peligros en un mundo inh\u00f3spito. Desde la","robots":{"index":"index","follow":"follow","max-snippet":"max-snippet:-1","max-image-preview":"max-image-preview:large","max-video-preview":"max-video-preview:-1"},"canonical":"https:\/\/www.editorialjuventud.es\/baika-en-el-fin-del-mundo-9788426146830\/","og_locale":"ca_ES","og_type":"article","og_title":"Baika en el fin del mundo - Editorial Juventud","og_description":"Baika y Victoria recorren parajes desolados, ciudades en ruinas, cr\u00e1teres humeantes... sorteando todo tipo de peligros en un mundo inh\u00f3spito. Desde la","og_url":"https:\/\/www.editorialjuventud.es\/baika-en-el-fin-del-mundo-9788426146830\/","og_site_name":"Editorial Juventud","article_modified_time":"2025-01-22T11:48:22+00:00","og_image":[{"width":902,"height":1200,"url":"https:\/\/www.editorialjuventud.es\/wp-content\/uploads\/9788426146830.jpg","type":"image\/jpeg"}],"twitter_card":"summary_large_image","twitter_misc":{"Temps estimat de lectura":"1 minut"},"schema":{"@context":"https:\/\/schema.org","@graph":[{"@type":"WebPage","@id":"https:\/\/www.editorialjuventud.es\/baika-en-el-fin-del-mundo-9788426146830\/","url":"https:\/\/www.editorialjuventud.es\/baika-en-el-fin-del-mundo-9788426146830\/","name":"Baika en el fin del mundo - Editorial Juventud","isPartOf":{"@id":"https:\/\/www.editorialjuventud.es\/#website"},"primaryImageOfPage":{"@id":"https:\/\/www.editorialjuventud.es\/baika-en-el-fin-del-mundo-9788426146830\/#primaryimage"},"image":{"@id":"https:\/\/www.editorialjuventud.es\/baika-en-el-fin-del-mundo-9788426146830\/#primaryimage"},"thumbnailUrl":"https:\/\/www.editorialjuventud.es\/wp-content\/uploads\/9788426146830.jpg","datePublished":"2020-11-02T15:00:16+00:00","dateModified":"2025-01-22T11:48:22+00:00","description":"Baika y Victoria recorren parajes desolados, ciudades en ruinas, cr\u00e1teres humeantes... sorteando todo tipo de peligros en un mundo inh\u00f3spito. Desde la","breadcrumb":{"@id":"https:\/\/www.editorialjuventud.es\/baika-en-el-fin-del-mundo-9788426146830\/#breadcrumb"},"inLanguage":"ca","potentialAction":[{"@type":"ReadAction","target":["https:\/\/www.editorialjuventud.es\/baika-en-el-fin-del-mundo-9788426146830\/"]}]},{"@type":"ImageObject","inLanguage":"ca","@id":"https:\/\/www.editorialjuventud.es\/baika-en-el-fin-del-mundo-9788426146830\/#primaryimage","url":"https:\/\/www.editorialjuventud.es\/wp-content\/uploads\/9788426146830.jpg","contentUrl":"https:\/\/www.editorialjuventud.es\/wp-content\/uploads\/9788426146830.jpg","width":902,"height":1200,"caption":"9788426146830.jpg"},{"@type":"BreadcrumbList","@id":"https:\/\/www.editorialjuventud.es\/baika-en-el-fin-del-mundo-9788426146830\/#breadcrumb","itemListElement":[{"@type":"ListItem","position":1,"name":"Portada","item":"https:\/\/www.editorialjuventud.es\/"},{"@type":"ListItem","position":2,"name":"cat\u00e1logo","item":"https:\/\/www.editorialjuventud.es\/coleccion\/catalogo\/"},{"@type":"ListItem","position":3,"name":"castellano","item":"https:\/\/www.editorialjuventud.es\/coleccion\/castellano\/"},{"@type":"ListItem","position":4,"name":"Juventud C\u00f3mic","item":"https:\/\/www.editorialjuventud.es\/coleccion\/juventud-comic\/"},{"@type":"ListItem","position":5,"name":"Baika en el fin del mundo"}]},{"@type":"WebSite","@id":"https:\/\/www.editorialjuventud.es\/#website","url":"https:\/\/www.editorialjuventud.es\/","name":"Editorial Juventud","description":"","potentialAction":[{"@type":"SearchAction","target":{"@type":"EntryPoint","urlTemplate":"https:\/\/www.editorialjuventud.es\/?s={search_term_string}"},"query-input":{"@type":"PropertyValueSpecification","valueRequired":true,"valueName":"search_term_string"}}],"inLanguage":"ca"}]}},"_links":{"self":[{"href":"https:\/\/www.editorialjuventud.es\/ca\/wp-json\/wp\/v2\/product\/46313","targetHints":{"allow":["GET"]}}],"collection":[{"href":"https:\/\/www.editorialjuventud.es\/ca\/wp-json\/wp\/v2\/product"}],"about":[{"href":"https:\/\/www.editorialjuventud.es\/ca\/wp-json\/wp\/v2\/types\/product"}],"wp:featuredmedia":[{"embeddable":true,"href":"https:\/\/www.editorialjuventud.es\/ca\/wp-json\/wp\/v2\/media\/46314"}],"wp:attachment":[{"href":"https:\/\/www.editorialjuventud.es\/ca\/wp-json\/wp\/v2\/media?parent=46313"}],"wp:term":[{"taxonomy":"product_brand","embeddable":true,"href":"https:\/\/www.editorialjuventud.es\/ca\/wp-json\/wp\/v2\/product_brand?post=46313"},{"taxonomy":"product_cat","embeddable":true,"href":"https:\/\/www.editorialjuventud.es\/ca\/wp-json\/wp\/v2\/product_cat?post=46313"},{"taxonomy":"product_tag","embeddable":true,"href":"https:\/\/www.editorialjuventud.es\/ca\/wp-json\/wp\/v2\/product_tag?post=46313"},{"taxonomy":"coleccion","embeddable":true,"href":"https:\/\/www.editorialjuventud.es\/ca\/wp-json\/wp\/v2\/coleccion?post=46313"}],"curies":[{"name":"wp","href":"https:\/\/api.w.org\/{rel}","templated":true}]}}