{"id":45745,"date":"2020-10-19T11:24:10","date_gmt":"2020-10-19T09:24:10","guid":{"rendered":"https:\/\/www.editorialjuventud.es\/mi-primer-libro-del-cosmos-9788426146618\/"},"modified":"2025-12-17T11:48:32","modified_gmt":"2025-12-17T10:48:32","slug":"mi-primer-libro-del-cosmos-9788426146618","status":"publish","type":"product","link":"https:\/\/www.editorialjuventud.es\/ca\/mi-primer-libro-del-cosmos-9788426146618\/","title":{"rendered":"Mi primer libro del Cosmos"},"content":{"rendered":"<p>Ven y descubre con la ayuda del Dr. Albert y Alice qu\u00e9 es el BIG BANG, que son los agujeros negros y la materia oscura, c\u00f3mo viajar en el tiempo &#8230; \u00a1y muchas cosas m\u00e1s!<\/p>\n<p>Est\u00e1s a punto de emprender un fascinante recorrido por la vida del Cosmos, desde su nacimiento hasta su posible fin. En este libro te desvelaremos algunos de sus misterios: c\u00f3mo viven y mueren las estrellas, qu\u00e9 es un exoplaneta, cu\u00e1ntas galaxias hay, qu\u00e9 es la materia oscura, por qu\u00e9 se expande el Universo, c\u00f3mo podemos viajar a trav\u00e9s de un agujero de gusano&#8230;, y much\u00edsimas cosas m\u00e1s. Los autores de Mi primer libro de F\u00edsica Cu\u00e1ntica y Mi primer libro de Relatividad vuelven a dejarnos boquiabiertos con este impresionante libro informativo ilustrado sobre el universo.<\/p>\n<p>Dr. Albert es una colecci\u00f3n de libros perfectos para explicar cuestiones aparentemente complejas a los ni\u00f1os a partir de 9 a\u00f1os, de la forma m\u00e1s f\u00e1cil y divertida posible, centr\u00e1ndose en la ense\u00f1anza de la ciencia.<\/p>\n","protected":false},"excerpt":{"rendered":"Ven y descubre con la ayuda del Dr. Albert y Alice qu\u00e9 es el BIG BANG, que son los agujeros negros y la materia oscura, c\u00f3mo viajar en el tiempo &#8230; \u00a1y muchas cosas m\u00e1s! Est\u00e1s a punto de emprender [&hellip;]","protected":false},"featured_media":45746,"template":"","meta":{"_acf_changed":false,"_exactmetrics_skip_tracking":false,"_exactmetrics_sitenote_active":false,"_exactmetrics_sitenote_note":"","_exactmetrics_sitenote_category":0},"product_brand":[],"product_cat":[904,1123,1227,1228],"product_tag":[],"coleccion":[1319],"class_list":{"0":"post-45745","1":"product","2":"type-product","3":"status-publish","4":"has-post-thumbnail","6":"product_cat-a-partir-de-9-anos","7":"product_cat-libros-informativos-infantil","8":"product_cat-transportes","9":"product_cat-universo-espacio","10":"coleccion-dr-albert-presenta-conocer-y-comprender","12":"first","13":"instock","14":"taxable","15":"shipping-taxable","16":"purchasable","17":"product-type-simple"},"acf":{"indice":"","autor":"Kaid-Salah Ferr\u00f3n, Sheddad","codart":"4661","ediciones":"3","encuadernacion":"Carton\u00e9","fecha_de_publicacion":"01\/10\/2020","fecha_de_reimpresion":"01\/03\/2022","novedad":"0","paginas":"56","subtitulo":"","texto_web_adicional":"","autores-libros":[16442],"ilustradores-libros":[17344],"texto_web_novedad":"","orden":"999","portada":"0","texto_web_resaltado":"","traductores-libros":"","descripcion_corta":"","recomendamos":"","mas_vendido":"","idioma-libro":"","color":false,"formato":"","mas_informacion_del_producto":false,"premios":false,"deshabilitar_compra":[],"texto_enlace_cubierta":"","enlace_cubierta":{"ID":45774,"id":45774,"title":"cover+UV COSMOS (mercedes).indd","filename":"MI-PRIMER-LIBRO-DEL-COSMOS_cover.jpg","filesize":768572,"url":"https:\/\/www.editorialjuventud.es\/wp-content\/uploads\/MI-PRIMER-LIBRO-DEL-COSMOS_cover.jpg","link":"https:\/\/www.editorialjuventud.es\/ca\/?attachment_id=45774","alt":"","author":"49","description":"","caption":"","name":"coveruv-cosmos-mercedes-indd","status":"inherit","uploaded_to":45745,"date":"2020-10-19 11:05:44","modified":"2020-10-19 11:05:44","menu_order":0,"mime_type":"image\/jpeg","type":"image","subtype":"jpeg","icon":"https:\/\/www.editorialjuventud.es\/wp-includes\/images\/media\/default.png","width":3426,"height":3420,"sizes":{"thumbnail":"https:\/\/www.editorialjuventud.es\/wp-content\/uploads\/MI-PRIMER-LIBRO-DEL-COSMOS_cover-200x200.jpg","thumbnail-width":200,"thumbnail-height":200,"medium":"https:\/\/www.editorialjuventud.es\/wp-content\/uploads\/MI-PRIMER-LIBRO-DEL-COSMOS_cover.jpg","medium-width":3426,"medium-height":3420,"medium_large":"https:\/\/www.editorialjuventud.es\/wp-content\/uploads\/MI-PRIMER-LIBRO-DEL-COSMOS_cover-768x767.jpg","medium_large-width":768,"medium_large-height":767,"large":"https:\/\/www.editorialjuventud.es\/wp-content\/uploads\/MI-PRIMER-LIBRO-DEL-COSMOS_cover.jpg","large-width":3426,"large-height":3420,"1536x1536":"https:\/\/www.editorialjuventud.es\/wp-content\/uploads\/MI-PRIMER-LIBRO-DEL-COSMOS_cover.jpg","1536x1536-width":1536,"1536x1536-height":1533,"2048x2048":"https:\/\/www.editorialjuventud.es\/wp-content\/uploads\/MI-PRIMER-LIBRO-DEL-COSMOS_cover.jpg","2048x2048-width":2048,"2048x2048-height":2044,"woocommerce_thumbnail":"https:\/\/www.editorialjuventud.es\/wp-content\/uploads\/MI-PRIMER-LIBRO-DEL-COSMOS_cover-350x349.jpg","woocommerce_thumbnail-width":350,"woocommerce_thumbnail-height":349,"woocommerce_single":"https:\/\/www.editorialjuventud.es\/wp-content\/uploads\/MI-PRIMER-LIBRO-DEL-COSMOS_cover-900x898.jpg","woocommerce_single-width":900,"woocommerce_single-height":898,"woocommerce_gallery_thumbnail":"https:\/\/www.editorialjuventud.es\/wp-content\/uploads\/MI-PRIMER-LIBRO-DEL-COSMOS_cover-100x100.jpg","woocommerce_gallery_thumbnail-width":100,"woocommerce_gallery_thumbnail-height":100,"ppec_logo_image_size":"https:\/\/www.editorialjuventud.es\/wp-content\/uploads\/MI-PRIMER-LIBRO-DEL-COSMOS_cover.jpg","ppec_logo_image_size-width":60,"ppec_logo_image_size-height":60,"ppec_header_image_size":"https:\/\/www.editorialjuventud.es\/wp-content\/uploads\/MI-PRIMER-LIBRO-DEL-COSMOS_cover.jpg","ppec_header_image_size-width":90,"ppec_header_image_size-height":90}},"texto_enlace_ficha_tecnica":"","enlace_ficha_tecnica":{"ID":45776,"id":45776,"title":"Ficha_Mi_primer_libro_del_Cosmos","filename":"Ficha_Mi_primer_libro_del_Cosmos.pdf","filesize":1160120,"url":"https:\/\/www.editorialjuventud.es\/wp-content\/uploads\/Ficha_Mi_primer_libro_del_Cosmos.pdf","link":"https:\/\/www.editorialjuventud.es\/ca\/?attachment_id=45776","alt":"","author":"49","description":"","caption":"","name":"ficha_mi_primer_libro_del_cosmos","status":"inherit","uploaded_to":45745,"date":"2020-10-19 11:06:11","modified":"2020-10-19 11:06:11","menu_order":0,"mime_type":"application\/pdf","type":"application","subtype":"pdf","icon":"https:\/\/www.editorialjuventud.es\/wp-includes\/images\/media\/document.png"},"ficheros":false,"titulo-fr":"My First Book of Cosmos","texto-fr":"<p>All the galaxies, all the black holes, all the stars, all the planets, asteroids, comets, rocks, dust, animals, plants, people, atoms, particles, light, absolutely everything we know, and even more, is contained in what we call the UNIVERSE or COSMOS.<\/p>\n<p>Come and discover with Dr. Albert and Alice\u2019s help all about the BIG BANG, about black holes and dark matter, how to travel through time\u2026 and many other things!<\/p>\n<p><span style=\"color: #008080;\"><em>\u203a Rights sold: English, German, Korean, Italian, Chinese (complex), Russian and Arabic.<\/em><\/span><\/p>\n"},"yoast_head":"<!-- This site is optimized with the Yoast SEO plugin v27.3 - https:\/\/yoast.com\/product\/yoast-seo-wordpress\/ -->\n<title>Mi primer libro del Cosmos - Editorial Juventud<\/title>\n<meta name=\"description\" content=\"Ven y descubre con la ayuda del Dr. Albert y Alice qu\u00e9 es el BIG BANG, que son los agujeros negros y la materia oscura, c\u00f3mo viajar en el tiempo ... \u00a1y\" \/>\n<meta name=\"robots\" content=\"index, follow, max-snippet:-1, max-image-preview:large, max-video-preview:-1\" \/>\n<link rel=\"canonical\" href=\"https:\/\/www.editorialjuventud.es\/mi-primer-libro-del-cosmos-9788426146618\/\" \/>\n<meta property=\"og:locale\" content=\"ca_ES\" \/>\n<meta property=\"og:type\" content=\"article\" \/>\n<meta property=\"og:title\" content=\"Mi primer libro del Cosmos - Editorial Juventud\" \/>\n<meta property=\"og:description\" content=\"Ven y descubre con la ayuda del Dr. Albert y Alice qu\u00e9 es el BIG BANG, que son los agujeros negros y la materia oscura, c\u00f3mo viajar en el tiempo ... \u00a1y\" \/>\n<meta property=\"og:url\" content=\"https:\/\/www.editorialjuventud.es\/mi-primer-libro-del-cosmos-9788426146618\/\" \/>\n<meta property=\"og:site_name\" content=\"Editorial Juventud\" \/>\n<meta property=\"article:modified_time\" content=\"2025-12-17T10:48:32+00:00\" \/>\n<meta property=\"og:image\" content=\"https:\/\/www.editorialjuventud.es\/wp-content\/uploads\/9788426146618.jpg\" \/>\n\t<meta property=\"og:image:width\" content=\"1200\" \/>\n\t<meta property=\"og:image:height\" content=\"1198\" \/>\n\t<meta property=\"og:image:type\" content=\"image\/jpeg\" \/>\n<meta name=\"twitter:card\" content=\"summary_large_image\" \/>\n<meta name=\"twitter:label1\" content=\"Temps estimat de lectura\" \/>\n\t<meta name=\"twitter:data1\" content=\"1 minut\" \/>\n<script type=\"application\/ld+json\" class=\"yoast-schema-graph\">{\"@context\":\"https:\\\/\\\/schema.org\",\"@graph\":[{\"@type\":\"WebPage\",\"@id\":\"https:\\\/\\\/www.editorialjuventud.es\\\/mi-primer-libro-del-cosmos-9788426146618\\\/\",\"url\":\"https:\\\/\\\/www.editorialjuventud.es\\\/mi-primer-libro-del-cosmos-9788426146618\\\/\",\"name\":\"Mi primer libro del Cosmos - Editorial Juventud\",\"isPartOf\":{\"@id\":\"https:\\\/\\\/www.editorialjuventud.es\\\/#website\"},\"primaryImageOfPage\":{\"@id\":\"https:\\\/\\\/www.editorialjuventud.es\\\/mi-primer-libro-del-cosmos-9788426146618\\\/#primaryimage\"},\"image\":{\"@id\":\"https:\\\/\\\/www.editorialjuventud.es\\\/mi-primer-libro-del-cosmos-9788426146618\\\/#primaryimage\"},\"thumbnailUrl\":\"https:\\\/\\\/www.editorialjuventud.es\\\/wp-content\\\/uploads\\\/9788426146618.jpg\",\"datePublished\":\"2020-10-19T09:24:10+00:00\",\"dateModified\":\"2025-12-17T10:48:32+00:00\",\"description\":\"Ven y descubre con la ayuda del Dr. Albert y Alice qu\u00e9 es el BIG BANG, que son los agujeros negros y la materia oscura, c\u00f3mo viajar en el tiempo ... \u00a1y\",\"breadcrumb\":{\"@id\":\"https:\\\/\\\/www.editorialjuventud.es\\\/mi-primer-libro-del-cosmos-9788426146618\\\/#breadcrumb\"},\"inLanguage\":\"ca\",\"potentialAction\":[{\"@type\":\"ReadAction\",\"target\":[\"https:\\\/\\\/www.editorialjuventud.es\\\/mi-primer-libro-del-cosmos-9788426146618\\\/\"]}]},{\"@type\":\"ImageObject\",\"inLanguage\":\"ca\",\"@id\":\"https:\\\/\\\/www.editorialjuventud.es\\\/mi-primer-libro-del-cosmos-9788426146618\\\/#primaryimage\",\"url\":\"https:\\\/\\\/www.editorialjuventud.es\\\/wp-content\\\/uploads\\\/9788426146618.jpg\",\"contentUrl\":\"https:\\\/\\\/www.editorialjuventud.es\\\/wp-content\\\/uploads\\\/9788426146618.jpg\",\"width\":1200,\"height\":1198,\"caption\":\"9788426146618.jpg\"},{\"@type\":\"BreadcrumbList\",\"@id\":\"https:\\\/\\\/www.editorialjuventud.es\\\/mi-primer-libro-del-cosmos-9788426146618\\\/#breadcrumb\",\"itemListElement\":[{\"@type\":\"ListItem\",\"position\":1,\"name\":\"Portada\",\"item\":\"https:\\\/\\\/www.editorialjuventud.es\\\/\"},{\"@type\":\"ListItem\",\"position\":2,\"name\":\"cat\u00e1logo\",\"item\":\"https:\\\/\\\/www.editorialjuventud.es\\\/coleccion\\\/catalogo\\\/\"},{\"@type\":\"ListItem\",\"position\":3,\"name\":\"castellano\",\"item\":\"https:\\\/\\\/www.editorialjuventud.es\\\/coleccion\\\/castellano\\\/\"},{\"@type\":\"ListItem\",\"position\":4,\"name\":\"\u00c1lbumes Ilustrados\",\"item\":\"https:\\\/\\\/www.editorialjuventud.es\\\/coleccion\\\/albumes-ilustrados\\\/\"},{\"@type\":\"ListItem\",\"position\":5,\"name\":\"Conocer y Comprender\",\"item\":\"https:\\\/\\\/www.editorialjuventud.es\\\/coleccion\\\/conocer-y-comprender\\\/\"},{\"@type\":\"ListItem\",\"position\":6,\"name\":\"Dr. Albert presenta\",\"item\":\"https:\\\/\\\/www.editorialjuventud.es\\\/coleccion\\\/dr-albert-presenta-conocer-y-comprender\\\/\"},{\"@type\":\"ListItem\",\"position\":7,\"name\":\"Mi primer libro del Cosmos\"}]},{\"@type\":\"WebSite\",\"@id\":\"https:\\\/\\\/www.editorialjuventud.es\\\/#website\",\"url\":\"https:\\\/\\\/www.editorialjuventud.es\\\/\",\"name\":\"Editorial Juventud\",\"description\":\"\",\"potentialAction\":[{\"@type\":\"SearchAction\",\"target\":{\"@type\":\"EntryPoint\",\"urlTemplate\":\"https:\\\/\\\/www.editorialjuventud.es\\\/?s={search_term_string}\"},\"query-input\":{\"@type\":\"PropertyValueSpecification\",\"valueRequired\":true,\"valueName\":\"search_term_string\"}}],\"inLanguage\":\"ca\"}]}<\/script>\n<!-- \/ Yoast SEO plugin. -->","yoast_head_json":{"title":"Mi primer libro del Cosmos - Editorial Juventud","description":"Ven y descubre con la ayuda del Dr. Albert y Alice qu\u00e9 es el BIG BANG, que son los agujeros negros y la materia oscura, c\u00f3mo viajar en el tiempo ... \u00a1y","robots":{"index":"index","follow":"follow","max-snippet":"max-snippet:-1","max-image-preview":"max-image-preview:large","max-video-preview":"max-video-preview:-1"},"canonical":"https:\/\/www.editorialjuventud.es\/mi-primer-libro-del-cosmos-9788426146618\/","og_locale":"ca_ES","og_type":"article","og_title":"Mi primer libro del Cosmos - Editorial Juventud","og_description":"Ven y descubre con la ayuda del Dr. Albert y Alice qu\u00e9 es el BIG BANG, que son los agujeros negros y la materia oscura, c\u00f3mo viajar en el tiempo ... \u00a1y","og_url":"https:\/\/www.editorialjuventud.es\/mi-primer-libro-del-cosmos-9788426146618\/","og_site_name":"Editorial Juventud","article_modified_time":"2025-12-17T10:48:32+00:00","og_image":[{"width":1200,"height":1198,"url":"https:\/\/www.editorialjuventud.es\/wp-content\/uploads\/9788426146618.jpg","type":"image\/jpeg"}],"twitter_card":"summary_large_image","twitter_misc":{"Temps estimat de lectura":"1 minut"},"schema":{"@context":"https:\/\/schema.org","@graph":[{"@type":"WebPage","@id":"https:\/\/www.editorialjuventud.es\/mi-primer-libro-del-cosmos-9788426146618\/","url":"https:\/\/www.editorialjuventud.es\/mi-primer-libro-del-cosmos-9788426146618\/","name":"Mi primer libro del Cosmos - Editorial Juventud","isPartOf":{"@id":"https:\/\/www.editorialjuventud.es\/#website"},"primaryImageOfPage":{"@id":"https:\/\/www.editorialjuventud.es\/mi-primer-libro-del-cosmos-9788426146618\/#primaryimage"},"image":{"@id":"https:\/\/www.editorialjuventud.es\/mi-primer-libro-del-cosmos-9788426146618\/#primaryimage"},"thumbnailUrl":"https:\/\/www.editorialjuventud.es\/wp-content\/uploads\/9788426146618.jpg","datePublished":"2020-10-19T09:24:10+00:00","dateModified":"2025-12-17T10:48:32+00:00","description":"Ven y descubre con la ayuda del Dr. Albert y Alice qu\u00e9 es el BIG BANG, que son los agujeros negros y la materia oscura, c\u00f3mo viajar en el tiempo ... \u00a1y","breadcrumb":{"@id":"https:\/\/www.editorialjuventud.es\/mi-primer-libro-del-cosmos-9788426146618\/#breadcrumb"},"inLanguage":"ca","potentialAction":[{"@type":"ReadAction","target":["https:\/\/www.editorialjuventud.es\/mi-primer-libro-del-cosmos-9788426146618\/"]}]},{"@type":"ImageObject","inLanguage":"ca","@id":"https:\/\/www.editorialjuventud.es\/mi-primer-libro-del-cosmos-9788426146618\/#primaryimage","url":"https:\/\/www.editorialjuventud.es\/wp-content\/uploads\/9788426146618.jpg","contentUrl":"https:\/\/www.editorialjuventud.es\/wp-content\/uploads\/9788426146618.jpg","width":1200,"height":1198,"caption":"9788426146618.jpg"},{"@type":"BreadcrumbList","@id":"https:\/\/www.editorialjuventud.es\/mi-primer-libro-del-cosmos-9788426146618\/#breadcrumb","itemListElement":[{"@type":"ListItem","position":1,"name":"Portada","item":"https:\/\/www.editorialjuventud.es\/"},{"@type":"ListItem","position":2,"name":"cat\u00e1logo","item":"https:\/\/www.editorialjuventud.es\/coleccion\/catalogo\/"},{"@type":"ListItem","position":3,"name":"castellano","item":"https:\/\/www.editorialjuventud.es\/coleccion\/castellano\/"},{"@type":"ListItem","position":4,"name":"\u00c1lbumes Ilustrados","item":"https:\/\/www.editorialjuventud.es\/coleccion\/albumes-ilustrados\/"},{"@type":"ListItem","position":5,"name":"Conocer y Comprender","item":"https:\/\/www.editorialjuventud.es\/coleccion\/conocer-y-comprender\/"},{"@type":"ListItem","position":6,"name":"Dr. Albert presenta","item":"https:\/\/www.editorialjuventud.es\/coleccion\/dr-albert-presenta-conocer-y-comprender\/"},{"@type":"ListItem","position":7,"name":"Mi primer libro del Cosmos"}]},{"@type":"WebSite","@id":"https:\/\/www.editorialjuventud.es\/#website","url":"https:\/\/www.editorialjuventud.es\/","name":"Editorial Juventud","description":"","potentialAction":[{"@type":"SearchAction","target":{"@type":"EntryPoint","urlTemplate":"https:\/\/www.editorialjuventud.es\/?s={search_term_string}"},"query-input":{"@type":"PropertyValueSpecification","valueRequired":true,"valueName":"search_term_string"}}],"inLanguage":"ca"}]}},"_links":{"self":[{"href":"https:\/\/www.editorialjuventud.es\/ca\/wp-json\/wp\/v2\/product\/45745","targetHints":{"allow":["GET"]}}],"collection":[{"href":"https:\/\/www.editorialjuventud.es\/ca\/wp-json\/wp\/v2\/product"}],"about":[{"href":"https:\/\/www.editorialjuventud.es\/ca\/wp-json\/wp\/v2\/types\/product"}],"wp:featuredmedia":[{"embeddable":true,"href":"https:\/\/www.editorialjuventud.es\/ca\/wp-json\/wp\/v2\/media\/45746"}],"wp:attachment":[{"href":"https:\/\/www.editorialjuventud.es\/ca\/wp-json\/wp\/v2\/media?parent=45745"}],"wp:term":[{"taxonomy":"product_brand","embeddable":true,"href":"https:\/\/www.editorialjuventud.es\/ca\/wp-json\/wp\/v2\/product_brand?post=45745"},{"taxonomy":"product_cat","embeddable":true,"href":"https:\/\/www.editorialjuventud.es\/ca\/wp-json\/wp\/v2\/product_cat?post=45745"},{"taxonomy":"product_tag","embeddable":true,"href":"https:\/\/www.editorialjuventud.es\/ca\/wp-json\/wp\/v2\/product_tag?post=45745"},{"taxonomy":"coleccion","embeddable":true,"href":"https:\/\/www.editorialjuventud.es\/ca\/wp-json\/wp\/v2\/coleccion?post=45745"}],"curies":[{"name":"wp","href":"https:\/\/api.w.org\/{rel}","templated":true}]}}