{"id":45739,"date":"2020-10-19T11:04:33","date_gmt":"2020-10-19T09:04:33","guid":{"rendered":"https:\/\/www.editorialjuventud.es\/deprisa-deprisa-9788426146816\/"},"modified":"2025-01-22T12:49:22","modified_gmt":"2025-01-22T11:49:22","slug":"deprisa-deprisa-9788426146816","status":"publish","type":"product","link":"https:\/\/www.editorialjuventud.es\/ca\/deprisa-deprisa-9788426146816\/","title":{"rendered":"\u00a1Deprisa, deprisa!"},"content":{"rendered":"<p>\u00a1Vamos all\u00e1! \u00a1Saltar de la cama, vestirse en un periquete, salir corriendo de casa y, a la carrera, atrapar primero el autob\u00fas, luego la lancha y no perder el avi\u00f3n ultras\u00f3nico!<br \/>Pero es tan agradable tomarse el d\u00eda con calma, mirar c\u00f3mo caen las hojas, escuchar el chapoteo del agua o saborear tranquilamente una buena tostada&#8230; <br \/>Un libro para leer deprisa, deprisa la primera mitad&#8230; y muy poquito a poco la segunda.<\/p>\n<p>Esta es la historia de un ni\u00f1o que empieza el d\u00eda con una carrera fren\u00e9tica con sus amigos para intentar coger un avi\u00f3n ultras\u00f3nico, embarc\u00e1ndose antes en una lancha, subiendo al autob\u00fas, sin tener ni un instante para perder el tiempo. Finalmente, todos consiguen llegar al avi\u00f3n antes de que despegue excepto \u00e9l. Pero gracias a eso puede detenerse y disfrutar de todas las peque\u00f1as cosas que no hab\u00eda podido ver en su carrera fren\u00e9tica.<\/p>\n<p>Este libro nos relata en su primera parte la estresante carrera del ni\u00f1o y en la segunda c\u00f3mo vuelve a recobrar la calma y a disfrutar de todo lo que encuentra en el camino. El formato apaisado del libro permite que la historia se desarrolle como una secuencia donde el texto baila a la perfecci\u00f3n con las ilustraciones. En una sociedad donde todos corremos todo el tiempo, la autora nos descubre el placer de la contemplaci\u00f3n y de tomarnos el tiempo para disfrutar de las peque\u00f1as cosas.<\/p>\n","protected":false},"excerpt":{"rendered":"\u00a1Vamos all\u00e1! \u00a1Saltar de la cama, vestirse en un periquete, salir corriendo de casa y, a la carrera, atrapar primero el autob\u00fas, luego la lancha y no perder el avi\u00f3n ultras\u00f3nico!Pero es tan agradable tomarse el d\u00eda con calma, mirar [&hellip;]","protected":false},"featured_media":45740,"template":"","meta":{"_acf_changed":false,"_exactmetrics_skip_tracking":false,"_exactmetrics_sitenote_active":false,"_exactmetrics_sitenote_note":"","_exactmetrics_sitenote_category":0},"product_brand":[],"product_cat":[900,1121,1158,1172,1204,1226,910],"product_tag":[],"coleccion":[989],"class_list":{"0":"post-45739","1":"product","2":"type-product","3":"status-publish","4":"has-post-thumbnail","6":"product_cat-a-partir-de-5-anos","7":"product_cat-albumes-ilustrados","8":"product_cat-critica-social","9":"product_cat-emociones","10":"product_cat-paciencia","11":"product_cat-tiempo","12":"product_cat-ultimas-novedades","13":"coleccion-crecer-en-valores","15":"first","16":"instock","17":"taxable","18":"shipping-taxable","19":"purchasable","20":"product-type-simple"},"acf":{"indice":"","autor":"Perrin, Clotilde","codart":"4681","ediciones":"1","encuadernacion":"Carton\u00e9","fecha_de_publicacion":"01\/10\/2020","fecha_de_reimpresion":"","novedad":"0","paginas":"32","subtitulo":"","texto_web_adicional":"","autores-libros":[45738],"ilustradores-libros":[45738],"texto_web_novedad":"","orden":"999","portada":"0","texto_web_resaltado":"","traductores-libros":[17773],"descripcion_corta":"Un libro para leer deprisa, deprisa la primera mitad\u2026 y muy poquito a poco la segunda.","recomendamos":"","mas_vendido":"","idioma-libro":"","color":false,"formato":"","mas_informacion_del_producto":false,"premios":[{"premio":"Seleccionado por Prix Landerneau Album Jeunesse","anyo_del_premio":"2020","pais_del_premio":"Francia"},{"premio":"","anyo_del_premio":"","pais_del_premio":""}],"deshabilitar_compra":[],"texto_enlace_cubierta":"","enlace_cubierta":{"ID":45792,"id":45792,"title":"cover DEPRISA DEPRISA dos idiomas).indd","filename":"DEPRISA-DEPRISA_cover.jpg","filesize":783669,"url":"https:\/\/www.editorialjuventud.es\/wp-content\/uploads\/DEPRISA-DEPRISA_cover.jpg","link":"https:\/\/www.editorialjuventud.es\/ca\/?attachment_id=45792","alt":"","author":"49","description":"","caption":"","name":"cover-deprisa-deprisa-dos-idiomas-indd-2","status":"inherit","uploaded_to":45739,"date":"2020-10-19 11:19:30","modified":"2020-10-19 11:19:30","menu_order":0,"mime_type":"image\/jpeg","type":"image","subtype":"jpeg","icon":"https:\/\/www.editorialjuventud.es\/wp-includes\/images\/media\/default.png","width":3855,"height":1498,"sizes":{"thumbnail":"https:\/\/www.editorialjuventud.es\/wp-content\/uploads\/DEPRISA-DEPRISA_cover-200x200.jpg","thumbnail-width":200,"thumbnail-height":200,"medium":"https:\/\/www.editorialjuventud.es\/wp-content\/uploads\/DEPRISA-DEPRISA_cover.jpg","medium-width":3855,"medium-height":1498,"medium_large":"https:\/\/www.editorialjuventud.es\/wp-content\/uploads\/DEPRISA-DEPRISA_cover-768x298.jpg","medium_large-width":768,"medium_large-height":298,"large":"https:\/\/www.editorialjuventud.es\/wp-content\/uploads\/DEPRISA-DEPRISA_cover.jpg","large-width":3855,"large-height":1498,"1536x1536":"https:\/\/www.editorialjuventud.es\/wp-content\/uploads\/DEPRISA-DEPRISA_cover.jpg","1536x1536-width":1536,"1536x1536-height":597,"2048x2048":"https:\/\/www.editorialjuventud.es\/wp-content\/uploads\/DEPRISA-DEPRISA_cover.jpg","2048x2048-width":2048,"2048x2048-height":796,"woocommerce_thumbnail":"https:\/\/www.editorialjuventud.es\/wp-content\/uploads\/DEPRISA-DEPRISA_cover-350x136.jpg","woocommerce_thumbnail-width":350,"woocommerce_thumbnail-height":136,"woocommerce_single":"https:\/\/www.editorialjuventud.es\/wp-content\/uploads\/DEPRISA-DEPRISA_cover-900x350.jpg","woocommerce_single-width":900,"woocommerce_single-height":350,"woocommerce_gallery_thumbnail":"https:\/\/www.editorialjuventud.es\/wp-content\/uploads\/DEPRISA-DEPRISA_cover-100x100.jpg","woocommerce_gallery_thumbnail-width":100,"woocommerce_gallery_thumbnail-height":100,"ppec_logo_image_size":"https:\/\/www.editorialjuventud.es\/wp-content\/uploads\/DEPRISA-DEPRISA_cover.jpg","ppec_logo_image_size-width":154,"ppec_logo_image_size-height":60,"ppec_header_image_size":"https:\/\/www.editorialjuventud.es\/wp-content\/uploads\/DEPRISA-DEPRISA_cover.jpg","ppec_header_image_size-width":232,"ppec_header_image_size-height":90}},"texto_enlace_ficha_tecnica":"","enlace_ficha_tecnica":{"ID":46766,"id":46766,"title":"Ficha_Deprisa_deprisa","filename":"Ficha_Deprisa_deprisa.pdf","filesize":941144,"url":"https:\/\/www.editorialjuventud.es\/wp-content\/uploads\/Ficha_Deprisa_deprisa.pdf","link":"https:\/\/www.editorialjuventud.es\/ca\/?attachment_id=46766","alt":"","author":"49","description":"","caption":"","name":"ficha_deprisa_deprisa","status":"inherit","uploaded_to":45739,"date":"2020-11-09 08:54:59","modified":"2020-11-09 08:54:59","menu_order":0,"mime_type":"application\/pdf","type":"application","subtype":"pdf","icon":"https:\/\/www.editorialjuventud.es\/wp-includes\/images\/media\/document.png"},"ficheros":false,"titulo-fr":"","texto-fr":""},"yoast_head":"<!-- This site is optimized with the Yoast SEO plugin v27.5 - https:\/\/yoast.com\/product\/yoast-seo-wordpress\/ -->\n<title>\u00a1Deprisa, deprisa! - Editorial Juventud<\/title>\n<meta name=\"description\" content=\"\u00a1Vamos all\u00e1! \u00a1Saltar de la cama, vestirse en un periquete, salir corriendo de casa y, a la carrera, atrapar primero el autob\u00fas, luego la lancha y no\" \/>\n<meta name=\"robots\" content=\"index, follow, max-snippet:-1, max-image-preview:large, max-video-preview:-1\" \/>\n<link rel=\"canonical\" href=\"https:\/\/www.editorialjuventud.es\/deprisa-deprisa-9788426146816\/\" \/>\n<meta property=\"og:locale\" content=\"ca_ES\" \/>\n<meta property=\"og:type\" content=\"article\" \/>\n<meta property=\"og:title\" content=\"\u00a1Deprisa, deprisa! - Editorial Juventud\" \/>\n<meta property=\"og:description\" content=\"\u00a1Vamos all\u00e1! \u00a1Saltar de la cama, vestirse en un periquete, salir corriendo de casa y, a la carrera, atrapar primero el autob\u00fas, luego la lancha y no\" \/>\n<meta property=\"og:url\" content=\"https:\/\/www.editorialjuventud.es\/deprisa-deprisa-9788426146816\/\" \/>\n<meta property=\"og:site_name\" content=\"Editorial Juventud\" \/>\n<meta property=\"article:modified_time\" content=\"2025-01-22T11:49:22+00:00\" \/>\n<meta property=\"og:image\" content=\"https:\/\/www.editorialjuventud.es\/wp-content\/uploads\/9788426146816.jpg\" \/>\n\t<meta property=\"og:image:width\" content=\"1200\" \/>\n\t<meta property=\"og:image:height\" content=\"466\" \/>\n\t<meta property=\"og:image:type\" content=\"image\/jpeg\" \/>\n<meta name=\"twitter:card\" content=\"summary_large_image\" \/>\n<meta name=\"twitter:label1\" content=\"Temps estimat de lectura\" \/>\n\t<meta name=\"twitter:data1\" content=\"1 minut\" \/>\n<script type=\"application\/ld+json\" class=\"yoast-schema-graph\">{\"@context\":\"https:\\\/\\\/schema.org\",\"@graph\":[{\"@type\":\"WebPage\",\"@id\":\"https:\\\/\\\/www.editorialjuventud.es\\\/deprisa-deprisa-9788426146816\\\/\",\"url\":\"https:\\\/\\\/www.editorialjuventud.es\\\/deprisa-deprisa-9788426146816\\\/\",\"name\":\"\u00a1Deprisa, deprisa! - Editorial Juventud\",\"isPartOf\":{\"@id\":\"https:\\\/\\\/www.editorialjuventud.es\\\/#website\"},\"primaryImageOfPage\":{\"@id\":\"https:\\\/\\\/www.editorialjuventud.es\\\/deprisa-deprisa-9788426146816\\\/#primaryimage\"},\"image\":{\"@id\":\"https:\\\/\\\/www.editorialjuventud.es\\\/deprisa-deprisa-9788426146816\\\/#primaryimage\"},\"thumbnailUrl\":\"https:\\\/\\\/www.editorialjuventud.es\\\/wp-content\\\/uploads\\\/9788426146816.jpg\",\"datePublished\":\"2020-10-19T09:04:33+00:00\",\"dateModified\":\"2025-01-22T11:49:22+00:00\",\"description\":\"\u00a1Vamos all\u00e1! \u00a1Saltar de la cama, vestirse en un periquete, salir corriendo de casa y, a la carrera, atrapar primero el autob\u00fas, luego la lancha y no\",\"breadcrumb\":{\"@id\":\"https:\\\/\\\/www.editorialjuventud.es\\\/deprisa-deprisa-9788426146816\\\/#breadcrumb\"},\"inLanguage\":\"ca\",\"potentialAction\":[{\"@type\":\"ReadAction\",\"target\":[\"https:\\\/\\\/www.editorialjuventud.es\\\/deprisa-deprisa-9788426146816\\\/\"]}]},{\"@type\":\"ImageObject\",\"inLanguage\":\"ca\",\"@id\":\"https:\\\/\\\/www.editorialjuventud.es\\\/deprisa-deprisa-9788426146816\\\/#primaryimage\",\"url\":\"https:\\\/\\\/www.editorialjuventud.es\\\/wp-content\\\/uploads\\\/9788426146816.jpg\",\"contentUrl\":\"https:\\\/\\\/www.editorialjuventud.es\\\/wp-content\\\/uploads\\\/9788426146816.jpg\",\"width\":1200,\"height\":466,\"caption\":\"9788426146816.jpg\"},{\"@type\":\"BreadcrumbList\",\"@id\":\"https:\\\/\\\/www.editorialjuventud.es\\\/deprisa-deprisa-9788426146816\\\/#breadcrumb\",\"itemListElement\":[{\"@type\":\"ListItem\",\"position\":1,\"name\":\"Portada\",\"item\":\"https:\\\/\\\/www.editorialjuventud.es\\\/\"},{\"@type\":\"ListItem\",\"position\":2,\"name\":\"cat\u00e1logo\",\"item\":\"https:\\\/\\\/www.editorialjuventud.es\\\/coleccion\\\/catalogo\\\/\"},{\"@type\":\"ListItem\",\"position\":3,\"name\":\"castellano\",\"item\":\"https:\\\/\\\/www.editorialjuventud.es\\\/coleccion\\\/castellano\\\/\"},{\"@type\":\"ListItem\",\"position\":4,\"name\":\"\u00c1lbumes Ilustrados\",\"item\":\"https:\\\/\\\/www.editorialjuventud.es\\\/coleccion\\\/albumes-ilustrados\\\/\"},{\"@type\":\"ListItem\",\"position\":5,\"name\":\"Crecer en Valores\",\"item\":\"https:\\\/\\\/www.editorialjuventud.es\\\/coleccion\\\/crecer-en-valores\\\/\"},{\"@type\":\"ListItem\",\"position\":6,\"name\":\"\u00a1Deprisa, deprisa!\"}]},{\"@type\":\"WebSite\",\"@id\":\"https:\\\/\\\/www.editorialjuventud.es\\\/#website\",\"url\":\"https:\\\/\\\/www.editorialjuventud.es\\\/\",\"name\":\"Editorial Juventud\",\"description\":\"\",\"potentialAction\":[{\"@type\":\"SearchAction\",\"target\":{\"@type\":\"EntryPoint\",\"urlTemplate\":\"https:\\\/\\\/www.editorialjuventud.es\\\/?s={search_term_string}\"},\"query-input\":{\"@type\":\"PropertyValueSpecification\",\"valueRequired\":true,\"valueName\":\"search_term_string\"}}],\"inLanguage\":\"ca\"}]}<\/script>\n<!-- \/ Yoast SEO plugin. -->","yoast_head_json":{"title":"\u00a1Deprisa, deprisa! - Editorial Juventud","description":"\u00a1Vamos all\u00e1! \u00a1Saltar de la cama, vestirse en un periquete, salir corriendo de casa y, a la carrera, atrapar primero el autob\u00fas, luego la lancha y no","robots":{"index":"index","follow":"follow","max-snippet":"max-snippet:-1","max-image-preview":"max-image-preview:large","max-video-preview":"max-video-preview:-1"},"canonical":"https:\/\/www.editorialjuventud.es\/deprisa-deprisa-9788426146816\/","og_locale":"ca_ES","og_type":"article","og_title":"\u00a1Deprisa, deprisa! - Editorial Juventud","og_description":"\u00a1Vamos all\u00e1! \u00a1Saltar de la cama, vestirse en un periquete, salir corriendo de casa y, a la carrera, atrapar primero el autob\u00fas, luego la lancha y no","og_url":"https:\/\/www.editorialjuventud.es\/deprisa-deprisa-9788426146816\/","og_site_name":"Editorial Juventud","article_modified_time":"2025-01-22T11:49:22+00:00","og_image":[{"width":1200,"height":466,"url":"https:\/\/www.editorialjuventud.es\/wp-content\/uploads\/9788426146816.jpg","type":"image\/jpeg"}],"twitter_card":"summary_large_image","twitter_misc":{"Temps estimat de lectura":"1 minut"},"schema":{"@context":"https:\/\/schema.org","@graph":[{"@type":"WebPage","@id":"https:\/\/www.editorialjuventud.es\/deprisa-deprisa-9788426146816\/","url":"https:\/\/www.editorialjuventud.es\/deprisa-deprisa-9788426146816\/","name":"\u00a1Deprisa, deprisa! - Editorial Juventud","isPartOf":{"@id":"https:\/\/www.editorialjuventud.es\/#website"},"primaryImageOfPage":{"@id":"https:\/\/www.editorialjuventud.es\/deprisa-deprisa-9788426146816\/#primaryimage"},"image":{"@id":"https:\/\/www.editorialjuventud.es\/deprisa-deprisa-9788426146816\/#primaryimage"},"thumbnailUrl":"https:\/\/www.editorialjuventud.es\/wp-content\/uploads\/9788426146816.jpg","datePublished":"2020-10-19T09:04:33+00:00","dateModified":"2025-01-22T11:49:22+00:00","description":"\u00a1Vamos all\u00e1! \u00a1Saltar de la cama, vestirse en un periquete, salir corriendo de casa y, a la carrera, atrapar primero el autob\u00fas, luego la lancha y no","breadcrumb":{"@id":"https:\/\/www.editorialjuventud.es\/deprisa-deprisa-9788426146816\/#breadcrumb"},"inLanguage":"ca","potentialAction":[{"@type":"ReadAction","target":["https:\/\/www.editorialjuventud.es\/deprisa-deprisa-9788426146816\/"]}]},{"@type":"ImageObject","inLanguage":"ca","@id":"https:\/\/www.editorialjuventud.es\/deprisa-deprisa-9788426146816\/#primaryimage","url":"https:\/\/www.editorialjuventud.es\/wp-content\/uploads\/9788426146816.jpg","contentUrl":"https:\/\/www.editorialjuventud.es\/wp-content\/uploads\/9788426146816.jpg","width":1200,"height":466,"caption":"9788426146816.jpg"},{"@type":"BreadcrumbList","@id":"https:\/\/www.editorialjuventud.es\/deprisa-deprisa-9788426146816\/#breadcrumb","itemListElement":[{"@type":"ListItem","position":1,"name":"Portada","item":"https:\/\/www.editorialjuventud.es\/"},{"@type":"ListItem","position":2,"name":"cat\u00e1logo","item":"https:\/\/www.editorialjuventud.es\/coleccion\/catalogo\/"},{"@type":"ListItem","position":3,"name":"castellano","item":"https:\/\/www.editorialjuventud.es\/coleccion\/castellano\/"},{"@type":"ListItem","position":4,"name":"\u00c1lbumes Ilustrados","item":"https:\/\/www.editorialjuventud.es\/coleccion\/albumes-ilustrados\/"},{"@type":"ListItem","position":5,"name":"Crecer en Valores","item":"https:\/\/www.editorialjuventud.es\/coleccion\/crecer-en-valores\/"},{"@type":"ListItem","position":6,"name":"\u00a1Deprisa, deprisa!"}]},{"@type":"WebSite","@id":"https:\/\/www.editorialjuventud.es\/#website","url":"https:\/\/www.editorialjuventud.es\/","name":"Editorial Juventud","description":"","potentialAction":[{"@type":"SearchAction","target":{"@type":"EntryPoint","urlTemplate":"https:\/\/www.editorialjuventud.es\/?s={search_term_string}"},"query-input":{"@type":"PropertyValueSpecification","valueRequired":true,"valueName":"search_term_string"}}],"inLanguage":"ca"}]}},"_links":{"self":[{"href":"https:\/\/www.editorialjuventud.es\/ca\/wp-json\/wp\/v2\/product\/45739","targetHints":{"allow":["GET"]}}],"collection":[{"href":"https:\/\/www.editorialjuventud.es\/ca\/wp-json\/wp\/v2\/product"}],"about":[{"href":"https:\/\/www.editorialjuventud.es\/ca\/wp-json\/wp\/v2\/types\/product"}],"wp:featuredmedia":[{"embeddable":true,"href":"https:\/\/www.editorialjuventud.es\/ca\/wp-json\/wp\/v2\/media\/45740"}],"wp:attachment":[{"href":"https:\/\/www.editorialjuventud.es\/ca\/wp-json\/wp\/v2\/media?parent=45739"}],"wp:term":[{"taxonomy":"product_brand","embeddable":true,"href":"https:\/\/www.editorialjuventud.es\/ca\/wp-json\/wp\/v2\/product_brand?post=45739"},{"taxonomy":"product_cat","embeddable":true,"href":"https:\/\/www.editorialjuventud.es\/ca\/wp-json\/wp\/v2\/product_cat?post=45739"},{"taxonomy":"product_tag","embeddable":true,"href":"https:\/\/www.editorialjuventud.es\/ca\/wp-json\/wp\/v2\/product_tag?post=45739"},{"taxonomy":"coleccion","embeddable":true,"href":"https:\/\/www.editorialjuventud.es\/ca\/wp-json\/wp\/v2\/coleccion?post=45739"}],"curies":[{"name":"wp","href":"https:\/\/api.w.org\/{rel}","templated":true}]}}