{"id":44276,"date":"2020-09-03T11:25:47","date_gmt":"2020-09-03T09:25:47","guid":{"rendered":"https:\/\/www.editorialjuventud.es\/aixo-es-ciencia-9788426146236\/"},"modified":"2025-01-22T12:52:14","modified_gmt":"2025-01-22T11:52:14","slug":"aixo-es-ciencia-9788426146236","status":"publish","type":"product","link":"https:\/\/www.editorialjuventud.es\/ca\/aixo-es-ciencia-9788426146236\/","title":{"rendered":"Aix\u00f2 \u00e9s ci\u00e8ncia!"},"content":{"rendered":"<p>La ci\u00e8ncia a l&#8217;abast dels m\u00e9s menuts! Observa al teu voltant els fen\u00f2mens cient\u00edfics i fes 50 experiments senzills, segurs i divertits per comprendre el m\u00f3n que t&#8217;envolta.<br \/>L&#8217;aire pesa? Per qu\u00e8 existeixen el dia i la nit? Per qu\u00e8 s&#8217;enc\u00e9n la bombeta? A on va l&#8217;aigua quan plou?&#8230; La curiositat dels nens arriba a ser insaciable i no tot \u00e9s tan senzill d&#8217;explicar i fer entendre. Per aix\u00f2, aquest llibre amb 38 preguntes ordenades en 6 grans apartats (L&#8217;aire, L&#8217;aigua, La Terra i El Cel, Construir, L&#8217;electricitat i la for\u00e7a dels imants, Els sons i Les imatges) \u00e9s de gran utilitat. Cada pregunta es respon en una doble p\u00e0gina, amb un text clar i il\u00b7lustracions perqu\u00e8, fins i tot els m\u00e9s petits, puguin seguir els passos per a realitzar experiments i comprovar per ells mateixos la veracitat de les respostes a les seves preguntes. Un acolorit llibre, ple de preguntes, respostes i experiments sorprenents, que captivar\u00e0 l&#8217;atenci\u00f3 dels m\u00e9s petits i tamb\u00e9 dels m\u00e9s grans!<\/p>\n","protected":false},"excerpt":{"rendered":"La ci\u00e8ncia a l&#8217;abast dels m\u00e9s menuts! Observa al teu voltant els fen\u00f2mens cient\u00edfics i fes 50 experiments senzills, segurs i divertits per comprendre el m\u00f3n que t&#8217;envolta.L&#8217;aire pesa? Per qu\u00e8 existeixen el dia i la nit? Per qu\u00e8 s&#8217;enc\u00e9n [&hellip;]","protected":false},"featured_media":44277,"template":"","meta":{"_acf_changed":false,"_exactmetrics_skip_tracking":false,"_exactmetrics_sitenote_active":false,"_exactmetrics_sitenote_note":"","_exactmetrics_sitenote_category":0},"product_brand":[],"product_cat":[900,1149,1177,1123],"product_tag":[],"coleccion":[1249],"class_list":{"0":"post-44276","1":"product","2":"type-product","3":"status-publish","4":"has-post-thumbnail","6":"product_cat-a-partir-de-5-anos","7":"product_cat-ciencia","8":"product_cat-funcionamiento-de-las-cosas","9":"product_cat-libros-informativos-infantil","10":"coleccion-petits-curiosos","12":"first","13":"instock","14":"taxable","15":"shipping-taxable","16":"purchasable","17":"product-type-simple"},"acf":{"indice":"","autor":"Jugla, C\u00e9cile","codart":"4623","ediciones":"2","encuadernacion":"Carton\u00e9","fecha_de_publicacion":"01\/09\/2020","fecha_de_reimpresion":"01\/09\/2022","novedad":"0","paginas":"94","subtitulo":"","texto_web_adicional":"","autores-libros":[16438,44272],"ilustradores-libros":[16660],"texto_web_novedad":"","orden":"999","portada":"0","texto_web_resaltado":"","traductores-libros":[58414],"descripcion_corta":"","recomendamos":"","mas_vendido":"","idioma-libro":"","color":false,"formato":"","mas_informacion_del_producto":false,"premios":false,"deshabilitar_compra":[],"texto_enlace_cubierta":"","enlace_cubierta":{"ID":46772,"id":46772,"title":"cover ESTO ES CIENCIA(2 idiomas).indd","filename":"AIXO-ES-CIENCIA.jpg","filesize":486625,"url":"https:\/\/www.editorialjuventud.es\/wp-content\/uploads\/AIXO-ES-CIENCIA.jpg","link":"https:\/\/www.editorialjuventud.es\/ca\/?attachment_id=46772","alt":"","author":"49","description":"","caption":"","name":"cover-esto-es-ciencia2-idiomas-indd","status":"inherit","uploaded_to":44276,"date":"2020-11-09 09:21:09","modified":"2020-11-09 09:21:09","menu_order":0,"mime_type":"image\/jpeg","type":"image","subtype":"jpeg","icon":"https:\/\/www.editorialjuventud.es\/wp-includes\/images\/media\/default.png","width":2565,"height":2785,"sizes":{"thumbnail":"https:\/\/www.editorialjuventud.es\/wp-content\/uploads\/AIXO-ES-CIENCIA-200x200.jpg","thumbnail-width":200,"thumbnail-height":200,"medium":"https:\/\/www.editorialjuventud.es\/wp-content\/uploads\/AIXO-ES-CIENCIA.jpg","medium-width":2565,"medium-height":2785,"medium_large":"https:\/\/www.editorialjuventud.es\/wp-content\/uploads\/AIXO-ES-CIENCIA-768x834.jpg","medium_large-width":768,"medium_large-height":834,"large":"https:\/\/www.editorialjuventud.es\/wp-content\/uploads\/AIXO-ES-CIENCIA.jpg","large-width":2565,"large-height":2785,"1536x1536":"https:\/\/www.editorialjuventud.es\/wp-content\/uploads\/AIXO-ES-CIENCIA.jpg","1536x1536-width":1415,"1536x1536-height":1536,"2048x2048":"https:\/\/www.editorialjuventud.es\/wp-content\/uploads\/AIXO-ES-CIENCIA.jpg","2048x2048-width":1886,"2048x2048-height":2048,"woocommerce_thumbnail":"https:\/\/www.editorialjuventud.es\/wp-content\/uploads\/AIXO-ES-CIENCIA-350x380.jpg","woocommerce_thumbnail-width":350,"woocommerce_thumbnail-height":380,"woocommerce_single":"https:\/\/www.editorialjuventud.es\/wp-content\/uploads\/AIXO-ES-CIENCIA-900x977.jpg","woocommerce_single-width":900,"woocommerce_single-height":977,"woocommerce_gallery_thumbnail":"https:\/\/www.editorialjuventud.es\/wp-content\/uploads\/AIXO-ES-CIENCIA-100x100.jpg","woocommerce_gallery_thumbnail-width":100,"woocommerce_gallery_thumbnail-height":100,"ppec_logo_image_size":"https:\/\/www.editorialjuventud.es\/wp-content\/uploads\/AIXO-ES-CIENCIA.jpg","ppec_logo_image_size-width":55,"ppec_logo_image_size-height":60,"ppec_header_image_size":"https:\/\/www.editorialjuventud.es\/wp-content\/uploads\/AIXO-ES-CIENCIA.jpg","ppec_header_image_size-width":83,"ppec_header_image_size-height":90}},"texto_enlace_ficha_tecnica":"","enlace_ficha_tecnica":{"ID":46774,"id":46774,"title":"Fitxa_aixo_es_ciencia","filename":"Fitxa_aixo_es_ciencia.pdf","filesize":388219,"url":"https:\/\/www.editorialjuventud.es\/wp-content\/uploads\/Fitxa_aixo_es_ciencia.pdf","link":"https:\/\/www.editorialjuventud.es\/ca\/?attachment_id=46774","alt":"","author":"49","description":"","caption":"","name":"fitxa_aixo_es_ciencia","status":"inherit","uploaded_to":44276,"date":"2020-11-09 09:21:26","modified":"2020-11-09 09:21:26","menu_order":0,"mime_type":"application\/pdf","type":"application","subtype":"pdf","icon":"https:\/\/www.editorialjuventud.es\/wp-includes\/images\/media\/document.png"},"ficheros":false,"titulo-fr":"","texto-fr":""},"yoast_head":"<!-- This site is optimized with the Yoast SEO plugin v27.5 - https:\/\/yoast.com\/product\/yoast-seo-wordpress\/ -->\n<title>Aix\u00f2 \u00e9s ci\u00e8ncia! - Editorial Juventud<\/title>\n<meta name=\"description\" content=\"La ci\u00e8ncia a l&#039;abast dels m\u00e9s menuts! Observa al teu voltant els fen\u00f2mens cient\u00edfics i fes 50 experiments senzills, segurs i divertits per comprendre el\" \/>\n<meta name=\"robots\" content=\"index, follow, max-snippet:-1, max-image-preview:large, max-video-preview:-1\" \/>\n<link rel=\"canonical\" href=\"https:\/\/www.editorialjuventud.es\/aixo-es-ciencia-9788426146236\/\" \/>\n<meta property=\"og:locale\" content=\"ca_ES\" \/>\n<meta property=\"og:type\" content=\"article\" \/>\n<meta property=\"og:title\" content=\"Aix\u00f2 \u00e9s ci\u00e8ncia! - Editorial Juventud\" \/>\n<meta property=\"og:description\" content=\"La ci\u00e8ncia a l&#039;abast dels m\u00e9s menuts! Observa al teu voltant els fen\u00f2mens cient\u00edfics i fes 50 experiments senzills, segurs i divertits per comprendre el\" \/>\n<meta property=\"og:url\" content=\"https:\/\/www.editorialjuventud.es\/aixo-es-ciencia-9788426146236\/\" \/>\n<meta property=\"og:site_name\" content=\"Editorial Juventud\" \/>\n<meta property=\"article:modified_time\" content=\"2025-01-22T11:52:14+00:00\" \/>\n<meta property=\"og:image\" content=\"https:\/\/www.editorialjuventud.es\/wp-content\/uploads\/9788426146236.jpg\" \/>\n\t<meta property=\"og:image:width\" content=\"1105\" \/>\n\t<meta property=\"og:image:height\" content=\"1200\" \/>\n\t<meta property=\"og:image:type\" content=\"image\/jpeg\" \/>\n<meta name=\"twitter:card\" content=\"summary_large_image\" \/>\n<meta name=\"twitter:label1\" content=\"Temps estimat de lectura\" \/>\n\t<meta name=\"twitter:data1\" content=\"1 minut\" \/>\n<script type=\"application\/ld+json\" class=\"yoast-schema-graph\">{\"@context\":\"https:\\\/\\\/schema.org\",\"@graph\":[{\"@type\":\"WebPage\",\"@id\":\"https:\\\/\\\/www.editorialjuventud.es\\\/aixo-es-ciencia-9788426146236\\\/\",\"url\":\"https:\\\/\\\/www.editorialjuventud.es\\\/aixo-es-ciencia-9788426146236\\\/\",\"name\":\"Aix\u00f2 \u00e9s ci\u00e8ncia! - Editorial Juventud\",\"isPartOf\":{\"@id\":\"https:\\\/\\\/www.editorialjuventud.es\\\/#website\"},\"primaryImageOfPage\":{\"@id\":\"https:\\\/\\\/www.editorialjuventud.es\\\/aixo-es-ciencia-9788426146236\\\/#primaryimage\"},\"image\":{\"@id\":\"https:\\\/\\\/www.editorialjuventud.es\\\/aixo-es-ciencia-9788426146236\\\/#primaryimage\"},\"thumbnailUrl\":\"https:\\\/\\\/www.editorialjuventud.es\\\/wp-content\\\/uploads\\\/9788426146236.jpg\",\"datePublished\":\"2020-09-03T09:25:47+00:00\",\"dateModified\":\"2025-01-22T11:52:14+00:00\",\"description\":\"La ci\u00e8ncia a l'abast dels m\u00e9s menuts! Observa al teu voltant els fen\u00f2mens cient\u00edfics i fes 50 experiments senzills, segurs i divertits per comprendre el\",\"breadcrumb\":{\"@id\":\"https:\\\/\\\/www.editorialjuventud.es\\\/aixo-es-ciencia-9788426146236\\\/#breadcrumb\"},\"inLanguage\":\"ca\",\"potentialAction\":[{\"@type\":\"ReadAction\",\"target\":[\"https:\\\/\\\/www.editorialjuventud.es\\\/aixo-es-ciencia-9788426146236\\\/\"]}]},{\"@type\":\"ImageObject\",\"inLanguage\":\"ca\",\"@id\":\"https:\\\/\\\/www.editorialjuventud.es\\\/aixo-es-ciencia-9788426146236\\\/#primaryimage\",\"url\":\"https:\\\/\\\/www.editorialjuventud.es\\\/wp-content\\\/uploads\\\/9788426146236.jpg\",\"contentUrl\":\"https:\\\/\\\/www.editorialjuventud.es\\\/wp-content\\\/uploads\\\/9788426146236.jpg\",\"width\":1105,\"height\":1200,\"caption\":\"9788426146236.jpg\"},{\"@type\":\"BreadcrumbList\",\"@id\":\"https:\\\/\\\/www.editorialjuventud.es\\\/aixo-es-ciencia-9788426146236\\\/#breadcrumb\",\"itemListElement\":[{\"@type\":\"ListItem\",\"position\":1,\"name\":\"Portada\",\"item\":\"https:\\\/\\\/www.editorialjuventud.es\\\/\"},{\"@type\":\"ListItem\",\"position\":2,\"name\":\"cat\u00e1logo\",\"item\":\"https:\\\/\\\/www.editorialjuventud.es\\\/coleccion\\\/catalogo\\\/\"},{\"@type\":\"ListItem\",\"position\":3,\"name\":\"catal\u00e0\",\"item\":\"https:\\\/\\\/www.editorialjuventud.es\\\/coleccion\\\/catala\\\/\"},{\"@type\":\"ListItem\",\"position\":4,\"name\":\"\u00c0lbums Il\u00b7lustrats\",\"item\":\"https:\\\/\\\/www.editorialjuventud.es\\\/coleccion\\\/albums-il%c2%b7lustrats\\\/\"},{\"@type\":\"ListItem\",\"position\":5,\"name\":\"Com i Per qu\u00e8\",\"item\":\"https:\\\/\\\/www.editorialjuventud.es\\\/coleccion\\\/com-i-per-que\\\/\"},{\"@type\":\"ListItem\",\"position\":6,\"name\":\"Petits Curiosos\",\"item\":\"https:\\\/\\\/www.editorialjuventud.es\\\/coleccion\\\/petits-curiosos\\\/\"},{\"@type\":\"ListItem\",\"position\":7,\"name\":\"Aix\u00f2 \u00e9s ci\u00e8ncia!\"}]},{\"@type\":\"WebSite\",\"@id\":\"https:\\\/\\\/www.editorialjuventud.es\\\/#website\",\"url\":\"https:\\\/\\\/www.editorialjuventud.es\\\/\",\"name\":\"Editorial Juventud\",\"description\":\"\",\"potentialAction\":[{\"@type\":\"SearchAction\",\"target\":{\"@type\":\"EntryPoint\",\"urlTemplate\":\"https:\\\/\\\/www.editorialjuventud.es\\\/?s={search_term_string}\"},\"query-input\":{\"@type\":\"PropertyValueSpecification\",\"valueRequired\":true,\"valueName\":\"search_term_string\"}}],\"inLanguage\":\"ca\"}]}<\/script>\n<!-- \/ Yoast SEO plugin. -->","yoast_head_json":{"title":"Aix\u00f2 \u00e9s ci\u00e8ncia! - Editorial Juventud","description":"La ci\u00e8ncia a l'abast dels m\u00e9s menuts! Observa al teu voltant els fen\u00f2mens cient\u00edfics i fes 50 experiments senzills, segurs i divertits per comprendre el","robots":{"index":"index","follow":"follow","max-snippet":"max-snippet:-1","max-image-preview":"max-image-preview:large","max-video-preview":"max-video-preview:-1"},"canonical":"https:\/\/www.editorialjuventud.es\/aixo-es-ciencia-9788426146236\/","og_locale":"ca_ES","og_type":"article","og_title":"Aix\u00f2 \u00e9s ci\u00e8ncia! - Editorial Juventud","og_description":"La ci\u00e8ncia a l'abast dels m\u00e9s menuts! Observa al teu voltant els fen\u00f2mens cient\u00edfics i fes 50 experiments senzills, segurs i divertits per comprendre el","og_url":"https:\/\/www.editorialjuventud.es\/aixo-es-ciencia-9788426146236\/","og_site_name":"Editorial Juventud","article_modified_time":"2025-01-22T11:52:14+00:00","og_image":[{"width":1105,"height":1200,"url":"https:\/\/www.editorialjuventud.es\/wp-content\/uploads\/9788426146236.jpg","type":"image\/jpeg"}],"twitter_card":"summary_large_image","twitter_misc":{"Temps estimat de lectura":"1 minut"},"schema":{"@context":"https:\/\/schema.org","@graph":[{"@type":"WebPage","@id":"https:\/\/www.editorialjuventud.es\/aixo-es-ciencia-9788426146236\/","url":"https:\/\/www.editorialjuventud.es\/aixo-es-ciencia-9788426146236\/","name":"Aix\u00f2 \u00e9s ci\u00e8ncia! - Editorial Juventud","isPartOf":{"@id":"https:\/\/www.editorialjuventud.es\/#website"},"primaryImageOfPage":{"@id":"https:\/\/www.editorialjuventud.es\/aixo-es-ciencia-9788426146236\/#primaryimage"},"image":{"@id":"https:\/\/www.editorialjuventud.es\/aixo-es-ciencia-9788426146236\/#primaryimage"},"thumbnailUrl":"https:\/\/www.editorialjuventud.es\/wp-content\/uploads\/9788426146236.jpg","datePublished":"2020-09-03T09:25:47+00:00","dateModified":"2025-01-22T11:52:14+00:00","description":"La ci\u00e8ncia a l'abast dels m\u00e9s menuts! Observa al teu voltant els fen\u00f2mens cient\u00edfics i fes 50 experiments senzills, segurs i divertits per comprendre el","breadcrumb":{"@id":"https:\/\/www.editorialjuventud.es\/aixo-es-ciencia-9788426146236\/#breadcrumb"},"inLanguage":"ca","potentialAction":[{"@type":"ReadAction","target":["https:\/\/www.editorialjuventud.es\/aixo-es-ciencia-9788426146236\/"]}]},{"@type":"ImageObject","inLanguage":"ca","@id":"https:\/\/www.editorialjuventud.es\/aixo-es-ciencia-9788426146236\/#primaryimage","url":"https:\/\/www.editorialjuventud.es\/wp-content\/uploads\/9788426146236.jpg","contentUrl":"https:\/\/www.editorialjuventud.es\/wp-content\/uploads\/9788426146236.jpg","width":1105,"height":1200,"caption":"9788426146236.jpg"},{"@type":"BreadcrumbList","@id":"https:\/\/www.editorialjuventud.es\/aixo-es-ciencia-9788426146236\/#breadcrumb","itemListElement":[{"@type":"ListItem","position":1,"name":"Portada","item":"https:\/\/www.editorialjuventud.es\/"},{"@type":"ListItem","position":2,"name":"cat\u00e1logo","item":"https:\/\/www.editorialjuventud.es\/coleccion\/catalogo\/"},{"@type":"ListItem","position":3,"name":"catal\u00e0","item":"https:\/\/www.editorialjuventud.es\/coleccion\/catala\/"},{"@type":"ListItem","position":4,"name":"\u00c0lbums Il\u00b7lustrats","item":"https:\/\/www.editorialjuventud.es\/coleccion\/albums-il%c2%b7lustrats\/"},{"@type":"ListItem","position":5,"name":"Com i Per qu\u00e8","item":"https:\/\/www.editorialjuventud.es\/coleccion\/com-i-per-que\/"},{"@type":"ListItem","position":6,"name":"Petits Curiosos","item":"https:\/\/www.editorialjuventud.es\/coleccion\/petits-curiosos\/"},{"@type":"ListItem","position":7,"name":"Aix\u00f2 \u00e9s ci\u00e8ncia!"}]},{"@type":"WebSite","@id":"https:\/\/www.editorialjuventud.es\/#website","url":"https:\/\/www.editorialjuventud.es\/","name":"Editorial Juventud","description":"","potentialAction":[{"@type":"SearchAction","target":{"@type":"EntryPoint","urlTemplate":"https:\/\/www.editorialjuventud.es\/?s={search_term_string}"},"query-input":{"@type":"PropertyValueSpecification","valueRequired":true,"valueName":"search_term_string"}}],"inLanguage":"ca"}]}},"_links":{"self":[{"href":"https:\/\/www.editorialjuventud.es\/ca\/wp-json\/wp\/v2\/product\/44276","targetHints":{"allow":["GET"]}}],"collection":[{"href":"https:\/\/www.editorialjuventud.es\/ca\/wp-json\/wp\/v2\/product"}],"about":[{"href":"https:\/\/www.editorialjuventud.es\/ca\/wp-json\/wp\/v2\/types\/product"}],"wp:featuredmedia":[{"embeddable":true,"href":"https:\/\/www.editorialjuventud.es\/ca\/wp-json\/wp\/v2\/media\/44277"}],"wp:attachment":[{"href":"https:\/\/www.editorialjuventud.es\/ca\/wp-json\/wp\/v2\/media?parent=44276"}],"wp:term":[{"taxonomy":"product_brand","embeddable":true,"href":"https:\/\/www.editorialjuventud.es\/ca\/wp-json\/wp\/v2\/product_brand?post=44276"},{"taxonomy":"product_cat","embeddable":true,"href":"https:\/\/www.editorialjuventud.es\/ca\/wp-json\/wp\/v2\/product_cat?post=44276"},{"taxonomy":"product_tag","embeddable":true,"href":"https:\/\/www.editorialjuventud.es\/ca\/wp-json\/wp\/v2\/product_tag?post=44276"},{"taxonomy":"coleccion","embeddable":true,"href":"https:\/\/www.editorialjuventud.es\/ca\/wp-json\/wp\/v2\/coleccion?post=44276"}],"curies":[{"name":"wp","href":"https:\/\/api.w.org\/{rel}","templated":true}]}}