{"id":44265,"date":"2020-09-03T11:04:24","date_gmt":"2020-09-03T09:04:24","guid":{"rendered":"https:\/\/www.editorialjuventud.es\/ubu-9788426146755\/"},"modified":"2025-01-22T12:50:11","modified_gmt":"2025-01-22T11:50:11","slug":"ubu-9788426146755","status":"publish","type":"product","link":"https:\/\/www.editorialjuventud.es\/ca\/ubu-9788426146755\/","title":{"rendered":"Ub\u00fa"},"content":{"rendered":"<p>Cuando se convierte en rey, Ub\u00fa, con su hambre de poder, devora a todos los habitantes del reino. Cuando ya no queda nadie, Ub\u00fa explota y todo vuelve a la normalidad. Todo el mundo se olvida del rey glot\u00f3n, menos el cuentacuentos, quien desde entonces les recuerda la historia de Ub\u00fa, y el peligro de callar y mirar a otro lado mientras quien tiene el poder abusa de \u00e9l perjudicando a los dem\u00e1s.<\/p>\n<p>J\u00e9r\u00f4me Ruillier vuelve con la misma sencillez y genialidad que nos encandil\u00f3 en Por cuatro esquinitas de nada. Pero esta vez tiene un nuevo reto: adaptar la obra de Alfred Jarry, Ub\u00fa rey, para los m\u00e1s peque\u00f1os. El resultado es sorprendente y exitoso. Como en sus anteriores \u00e1lbumes, Ruillier consigue abstraer la esencia de este cl\u00e1sico con unas ilustraciones y un texto aparentemente sencillos, que expresan a la perfecci\u00f3n la moraleja que encarna la magn\u00edfica obra de Jarry. Un \u00e1lbum sorprendente que nos permite hablar con los m\u00e1s peque\u00f1os sobre el poder, el individualismo y la importancia de la memoria hist\u00f3rica.<\/p>\n","protected":false},"excerpt":{"rendered":"Cuando se convierte en rey, Ub\u00fa, con su hambre de poder, devora a todos los habitantes del reino. Cuando ya no queda nadie, Ub\u00fa explota y todo vuelve a la normalidad. Todo el mundo se olvida del rey glot\u00f3n, menos [&hellip;]","protected":false},"featured_media":44266,"template":"","meta":{"_acf_changed":false,"_exactmetrics_skip_tracking":false,"_exactmetrics_sitenote_active":false,"_exactmetrics_sitenote_note":"","_exactmetrics_sitenote_category":0},"product_brand":[],"product_cat":[900,1121,1220,1156,1158],"product_tag":[],"coleccion":[],"class_list":{"0":"post-44265","1":"product","2":"type-product","3":"status-publish","4":"has-post-thumbnail","6":"product_cat-a-partir-de-5-anos","7":"product_cat-albumes-ilustrados","8":"product_cat-convivencia-relaciones-interculturales","9":"product_cat-cooperacion","10":"product_cat-critica-social","12":"first","13":"instock","14":"taxable","15":"shipping-taxable","16":"purchasable","17":"product-type-simple"},"acf":{"indice":"","autor":"Ruillier, J\u00e9r\u00f4me","codart":"4675","ediciones":"1","encuadernacion":"Carton\u00e9","fecha_de_publicacion":"01\/09\/2020","fecha_de_reimpresion":"","novedad":"0","paginas":"32","subtitulo":"","texto_web_adicional":"","autores-libros":[16591],"ilustradores-libros":[16591],"texto_web_novedad":"","orden":"999","portada":"0","texto_web_resaltado":"","traductores-libros":[17430],"descripcion_corta":"","recomendamos":"","mas_vendido":"","idioma-libro":"","color":false,"formato":"","mas_informacion_del_producto":false,"premios":[{"premio":"Mejores \u00e1lbumes ilustrados infantiles (Donde Viven los Monstruos)","anyo_del_premio":"2020","pais_del_premio":"Espa\u00f1a"}],"deshabilitar_compra":[],"texto_enlace_cubierta":"","enlace_cubierta":{"ID":46785,"id":46785,"title":"covers_Ubu (2 idiomas).indd","filename":"UBU-ESP.jpg","filesize":365795,"url":"https:\/\/www.editorialjuventud.es\/wp-content\/uploads\/UBU-ESP.jpg","link":"https:\/\/www.editorialjuventud.es\/ca\/?attachment_id=46785","alt":"","author":"49","description":"","caption":"","name":"covers_ubu-2-idiomas-indd-2","status":"inherit","uploaded_to":44265,"date":"2020-11-09 09:27:35","modified":"2020-11-09 09:27:35","menu_order":0,"mime_type":"image\/jpeg","type":"image","subtype":"jpeg","icon":"https:\/\/www.editorialjuventud.es\/wp-includes\/images\/media\/default.png","width":2535,"height":2556,"sizes":{"thumbnail":"https:\/\/www.editorialjuventud.es\/wp-content\/uploads\/UBU-ESP-200x200.jpg","thumbnail-width":200,"thumbnail-height":200,"medium":"https:\/\/www.editorialjuventud.es\/wp-content\/uploads\/UBU-ESP.jpg","medium-width":2535,"medium-height":2556,"medium_large":"https:\/\/www.editorialjuventud.es\/wp-content\/uploads\/UBU-ESP-768x774.jpg","medium_large-width":768,"medium_large-height":774,"large":"https:\/\/www.editorialjuventud.es\/wp-content\/uploads\/UBU-ESP.jpg","large-width":2535,"large-height":2556,"1536x1536":"https:\/\/www.editorialjuventud.es\/wp-content\/uploads\/UBU-ESP.jpg","1536x1536-width":1523,"1536x1536-height":1536,"2048x2048":"https:\/\/www.editorialjuventud.es\/wp-content\/uploads\/UBU-ESP.jpg","2048x2048-width":2031,"2048x2048-height":2048,"woocommerce_thumbnail":"https:\/\/www.editorialjuventud.es\/wp-content\/uploads\/UBU-ESP-350x353.jpg","woocommerce_thumbnail-width":350,"woocommerce_thumbnail-height":353,"woocommerce_single":"https:\/\/www.editorialjuventud.es\/wp-content\/uploads\/UBU-ESP-900x907.jpg","woocommerce_single-width":900,"woocommerce_single-height":907,"woocommerce_gallery_thumbnail":"https:\/\/www.editorialjuventud.es\/wp-content\/uploads\/UBU-ESP-100x100.jpg","woocommerce_gallery_thumbnail-width":100,"woocommerce_gallery_thumbnail-height":100,"ppec_logo_image_size":"https:\/\/www.editorialjuventud.es\/wp-content\/uploads\/UBU-ESP.jpg","ppec_logo_image_size-width":60,"ppec_logo_image_size-height":60,"ppec_header_image_size":"https:\/\/www.editorialjuventud.es\/wp-content\/uploads\/UBU-ESP.jpg","ppec_header_image_size-width":89,"ppec_header_image_size-height":90}},"texto_enlace_ficha_tecnica":"","enlace_ficha_tecnica":{"ID":46787,"id":46787,"title":"Ficha_Ub\u00fa_esp","filename":"Ficha_Ub\u00fa_esp.pdf","filesize":433374,"url":"https:\/\/www.editorialjuventud.es\/wp-content\/uploads\/Ficha_Ub\u00fa_esp.pdf","link":"https:\/\/www.editorialjuventud.es\/ca\/?attachment_id=46787","alt":"","author":"49","description":"","caption":"","name":"ficha_ubu_esp","status":"inherit","uploaded_to":44265,"date":"2020-11-09 09:28:13","modified":"2020-11-09 09:28:13","menu_order":0,"mime_type":"application\/pdf","type":"application","subtype":"pdf","icon":"https:\/\/www.editorialjuventud.es\/wp-includes\/images\/media\/document.png"},"ficheros":false,"titulo-fr":"","texto-fr":""},"yoast_head":"<!-- This site is optimized with the Yoast SEO plugin v27.5 - https:\/\/yoast.com\/product\/yoast-seo-wordpress\/ -->\n<title>Ub\u00fa - Editorial Juventud<\/title>\n<meta name=\"description\" content=\"Cuando se convierte en rey, Ub\u00fa, con su hambre de poder, devora a todos los habitantes del reino. Cuando ya no queda nadie, Ub\u00fa explota y todo vuelve a la\" \/>\n<meta name=\"robots\" content=\"index, follow, max-snippet:-1, max-image-preview:large, max-video-preview:-1\" \/>\n<link rel=\"canonical\" href=\"https:\/\/www.editorialjuventud.es\/ubu-9788426146755\/\" \/>\n<meta property=\"og:locale\" content=\"ca_ES\" \/>\n<meta property=\"og:type\" content=\"article\" \/>\n<meta property=\"og:title\" content=\"Ub\u00fa - Editorial Juventud\" \/>\n<meta property=\"og:description\" content=\"Cuando se convierte en rey, Ub\u00fa, con su hambre de poder, devora a todos los habitantes del reino. Cuando ya no queda nadie, Ub\u00fa explota y todo vuelve a la\" \/>\n<meta property=\"og:url\" content=\"https:\/\/www.editorialjuventud.es\/ubu-9788426146755\/\" \/>\n<meta property=\"og:site_name\" content=\"Editorial Juventud\" \/>\n<meta property=\"article:modified_time\" content=\"2025-01-22T11:50:11+00:00\" \/>\n<meta property=\"og:image\" content=\"https:\/\/www.editorialjuventud.es\/wp-content\/uploads\/9788426146755.jpg\" \/>\n\t<meta property=\"og:image:width\" content=\"1190\" \/>\n\t<meta property=\"og:image:height\" content=\"1200\" \/>\n\t<meta property=\"og:image:type\" content=\"image\/jpeg\" \/>\n<meta name=\"twitter:card\" content=\"summary_large_image\" \/>\n<meta name=\"twitter:label1\" content=\"Temps estimat de lectura\" \/>\n\t<meta name=\"twitter:data1\" content=\"1 minut\" \/>\n<script type=\"application\/ld+json\" class=\"yoast-schema-graph\">{\"@context\":\"https:\\\/\\\/schema.org\",\"@graph\":[{\"@type\":\"WebPage\",\"@id\":\"https:\\\/\\\/www.editorialjuventud.es\\\/ubu-9788426146755\\\/\",\"url\":\"https:\\\/\\\/www.editorialjuventud.es\\\/ubu-9788426146755\\\/\",\"name\":\"Ub\u00fa - Editorial Juventud\",\"isPartOf\":{\"@id\":\"https:\\\/\\\/www.editorialjuventud.es\\\/#website\"},\"primaryImageOfPage\":{\"@id\":\"https:\\\/\\\/www.editorialjuventud.es\\\/ubu-9788426146755\\\/#primaryimage\"},\"image\":{\"@id\":\"https:\\\/\\\/www.editorialjuventud.es\\\/ubu-9788426146755\\\/#primaryimage\"},\"thumbnailUrl\":\"https:\\\/\\\/www.editorialjuventud.es\\\/wp-content\\\/uploads\\\/9788426146755.jpg\",\"datePublished\":\"2020-09-03T09:04:24+00:00\",\"dateModified\":\"2025-01-22T11:50:11+00:00\",\"description\":\"Cuando se convierte en rey, Ub\u00fa, con su hambre de poder, devora a todos los habitantes del reino. Cuando ya no queda nadie, Ub\u00fa explota y todo vuelve a la\",\"breadcrumb\":{\"@id\":\"https:\\\/\\\/www.editorialjuventud.es\\\/ubu-9788426146755\\\/#breadcrumb\"},\"inLanguage\":\"ca\",\"potentialAction\":[{\"@type\":\"ReadAction\",\"target\":[\"https:\\\/\\\/www.editorialjuventud.es\\\/ubu-9788426146755\\\/\"]}]},{\"@type\":\"ImageObject\",\"inLanguage\":\"ca\",\"@id\":\"https:\\\/\\\/www.editorialjuventud.es\\\/ubu-9788426146755\\\/#primaryimage\",\"url\":\"https:\\\/\\\/www.editorialjuventud.es\\\/wp-content\\\/uploads\\\/9788426146755.jpg\",\"contentUrl\":\"https:\\\/\\\/www.editorialjuventud.es\\\/wp-content\\\/uploads\\\/9788426146755.jpg\",\"width\":1190,\"height\":1200,\"caption\":\"9788426146755.jpg\"},{\"@type\":\"BreadcrumbList\",\"@id\":\"https:\\\/\\\/www.editorialjuventud.es\\\/ubu-9788426146755\\\/#breadcrumb\",\"itemListElement\":[{\"@type\":\"ListItem\",\"position\":1,\"name\":\"Portada\",\"item\":\"https:\\\/\\\/www.editorialjuventud.es\\\/\"},{\"@type\":\"ListItem\",\"position\":2,\"name\":\"cat\u00e1logo\",\"item\":\"https:\\\/\\\/www.editorialjuventud.es\\\/coleccion\\\/catalogo\\\/\"},{\"@type\":\"ListItem\",\"position\":3,\"name\":\"castellano\",\"item\":\"https:\\\/\\\/www.editorialjuventud.es\\\/coleccion\\\/castellano\\\/\"},{\"@type\":\"ListItem\",\"position\":4,\"name\":\"\u00c1lbumes Ilustrados\",\"item\":\"https:\\\/\\\/www.editorialjuventud.es\\\/coleccion\\\/albumes-ilustrados\\\/\"},{\"@type\":\"ListItem\",\"position\":5,\"name\":\"Convivencia y Multiculturalidad\",\"item\":\"https:\\\/\\\/www.editorialjuventud.es\\\/coleccion\\\/convivencia-y-multiculturalidad\\\/\"},{\"@type\":\"ListItem\",\"position\":6,\"name\":\"Un Mundo de Diferencias\",\"item\":\"https:\\\/\\\/www.editorialjuventud.es\\\/coleccion\\\/un-mundo-de-diferencias\\\/\"},{\"@type\":\"ListItem\",\"position\":7,\"name\":\"Ub\u00fa\"}]},{\"@type\":\"WebSite\",\"@id\":\"https:\\\/\\\/www.editorialjuventud.es\\\/#website\",\"url\":\"https:\\\/\\\/www.editorialjuventud.es\\\/\",\"name\":\"Editorial Juventud\",\"description\":\"\",\"potentialAction\":[{\"@type\":\"SearchAction\",\"target\":{\"@type\":\"EntryPoint\",\"urlTemplate\":\"https:\\\/\\\/www.editorialjuventud.es\\\/?s={search_term_string}\"},\"query-input\":{\"@type\":\"PropertyValueSpecification\",\"valueRequired\":true,\"valueName\":\"search_term_string\"}}],\"inLanguage\":\"ca\"}]}<\/script>\n<!-- \/ Yoast SEO plugin. -->","yoast_head_json":{"title":"Ub\u00fa - Editorial Juventud","description":"Cuando se convierte en rey, Ub\u00fa, con su hambre de poder, devora a todos los habitantes del reino. Cuando ya no queda nadie, Ub\u00fa explota y todo vuelve a la","robots":{"index":"index","follow":"follow","max-snippet":"max-snippet:-1","max-image-preview":"max-image-preview:large","max-video-preview":"max-video-preview:-1"},"canonical":"https:\/\/www.editorialjuventud.es\/ubu-9788426146755\/","og_locale":"ca_ES","og_type":"article","og_title":"Ub\u00fa - Editorial Juventud","og_description":"Cuando se convierte en rey, Ub\u00fa, con su hambre de poder, devora a todos los habitantes del reino. Cuando ya no queda nadie, Ub\u00fa explota y todo vuelve a la","og_url":"https:\/\/www.editorialjuventud.es\/ubu-9788426146755\/","og_site_name":"Editorial Juventud","article_modified_time":"2025-01-22T11:50:11+00:00","og_image":[{"width":1190,"height":1200,"url":"https:\/\/www.editorialjuventud.es\/wp-content\/uploads\/9788426146755.jpg","type":"image\/jpeg"}],"twitter_card":"summary_large_image","twitter_misc":{"Temps estimat de lectura":"1 minut"},"schema":{"@context":"https:\/\/schema.org","@graph":[{"@type":"WebPage","@id":"https:\/\/www.editorialjuventud.es\/ubu-9788426146755\/","url":"https:\/\/www.editorialjuventud.es\/ubu-9788426146755\/","name":"Ub\u00fa - Editorial Juventud","isPartOf":{"@id":"https:\/\/www.editorialjuventud.es\/#website"},"primaryImageOfPage":{"@id":"https:\/\/www.editorialjuventud.es\/ubu-9788426146755\/#primaryimage"},"image":{"@id":"https:\/\/www.editorialjuventud.es\/ubu-9788426146755\/#primaryimage"},"thumbnailUrl":"https:\/\/www.editorialjuventud.es\/wp-content\/uploads\/9788426146755.jpg","datePublished":"2020-09-03T09:04:24+00:00","dateModified":"2025-01-22T11:50:11+00:00","description":"Cuando se convierte en rey, Ub\u00fa, con su hambre de poder, devora a todos los habitantes del reino. Cuando ya no queda nadie, Ub\u00fa explota y todo vuelve a la","breadcrumb":{"@id":"https:\/\/www.editorialjuventud.es\/ubu-9788426146755\/#breadcrumb"},"inLanguage":"ca","potentialAction":[{"@type":"ReadAction","target":["https:\/\/www.editorialjuventud.es\/ubu-9788426146755\/"]}]},{"@type":"ImageObject","inLanguage":"ca","@id":"https:\/\/www.editorialjuventud.es\/ubu-9788426146755\/#primaryimage","url":"https:\/\/www.editorialjuventud.es\/wp-content\/uploads\/9788426146755.jpg","contentUrl":"https:\/\/www.editorialjuventud.es\/wp-content\/uploads\/9788426146755.jpg","width":1190,"height":1200,"caption":"9788426146755.jpg"},{"@type":"BreadcrumbList","@id":"https:\/\/www.editorialjuventud.es\/ubu-9788426146755\/#breadcrumb","itemListElement":[{"@type":"ListItem","position":1,"name":"Portada","item":"https:\/\/www.editorialjuventud.es\/"},{"@type":"ListItem","position":2,"name":"cat\u00e1logo","item":"https:\/\/www.editorialjuventud.es\/coleccion\/catalogo\/"},{"@type":"ListItem","position":3,"name":"castellano","item":"https:\/\/www.editorialjuventud.es\/coleccion\/castellano\/"},{"@type":"ListItem","position":4,"name":"\u00c1lbumes Ilustrados","item":"https:\/\/www.editorialjuventud.es\/coleccion\/albumes-ilustrados\/"},{"@type":"ListItem","position":5,"name":"Convivencia y Multiculturalidad","item":"https:\/\/www.editorialjuventud.es\/coleccion\/convivencia-y-multiculturalidad\/"},{"@type":"ListItem","position":6,"name":"Un Mundo de Diferencias","item":"https:\/\/www.editorialjuventud.es\/coleccion\/un-mundo-de-diferencias\/"},{"@type":"ListItem","position":7,"name":"Ub\u00fa"}]},{"@type":"WebSite","@id":"https:\/\/www.editorialjuventud.es\/#website","url":"https:\/\/www.editorialjuventud.es\/","name":"Editorial Juventud","description":"","potentialAction":[{"@type":"SearchAction","target":{"@type":"EntryPoint","urlTemplate":"https:\/\/www.editorialjuventud.es\/?s={search_term_string}"},"query-input":{"@type":"PropertyValueSpecification","valueRequired":true,"valueName":"search_term_string"}}],"inLanguage":"ca"}]}},"_links":{"self":[{"href":"https:\/\/www.editorialjuventud.es\/ca\/wp-json\/wp\/v2\/product\/44265","targetHints":{"allow":["GET"]}}],"collection":[{"href":"https:\/\/www.editorialjuventud.es\/ca\/wp-json\/wp\/v2\/product"}],"about":[{"href":"https:\/\/www.editorialjuventud.es\/ca\/wp-json\/wp\/v2\/types\/product"}],"wp:featuredmedia":[{"embeddable":true,"href":"https:\/\/www.editorialjuventud.es\/ca\/wp-json\/wp\/v2\/media\/44266"}],"wp:attachment":[{"href":"https:\/\/www.editorialjuventud.es\/ca\/wp-json\/wp\/v2\/media?parent=44265"}],"wp:term":[{"taxonomy":"product_brand","embeddable":true,"href":"https:\/\/www.editorialjuventud.es\/ca\/wp-json\/wp\/v2\/product_brand?post=44265"},{"taxonomy":"product_cat","embeddable":true,"href":"https:\/\/www.editorialjuventud.es\/ca\/wp-json\/wp\/v2\/product_cat?post=44265"},{"taxonomy":"product_tag","embeddable":true,"href":"https:\/\/www.editorialjuventud.es\/ca\/wp-json\/wp\/v2\/product_tag?post=44265"},{"taxonomy":"coleccion","embeddable":true,"href":"https:\/\/www.editorialjuventud.es\/ca\/wp-json\/wp\/v2\/coleccion?post=44265"}],"curies":[{"name":"wp","href":"https:\/\/api.w.org\/{rel}","templated":true}]}}