{"id":42270,"date":"2020-06-29T10:29:15","date_gmt":"2020-06-29T08:29:15","guid":{"rendered":"https:\/\/www.editorialjuventud.es\/crema-de-cacauet-i-medu-9788426146786\/"},"modified":"2025-01-22T12:49:46","modified_gmt":"2025-01-22T11:49:46","slug":"crema-de-cacauet-i-medu-9788426146786","status":"publish","type":"product","link":"https:\/\/www.editorialjuventud.es\/ca\/crema-de-cacauet-i-medu-9788426146786\/","title":{"rendered":"Crema de cacauet i Medu"},"content":{"rendered":"<p>Narval i Medu estan de tornada! I Narval t\u00e9 una nova obsessi\u00f3&#8230; La crema de cacauet! Est\u00e0 tan obsessionat que fins i tot vol canviar-se de nom&#8230; Aix\u00ed \u00e9s&#8230; Crema de cacauet! La sempre assenyada Medu no est\u00e0 tan segura que sigui la millor idea, per\u00f2 tot sigui perqu\u00e8 Narval provi coses noves, perqu\u00e8 no pot menjar gofres tot el temps per molt deliciosos que siguin&#8230;<\/p>\n","protected":false},"excerpt":{"rendered":"Narval i Medu estan de tornada! I Narval t\u00e9 una nova obsessi\u00f3&#8230; La crema de cacauet! Est\u00e0 tan obsessionat que fins i tot vol canviar-se de nom&#8230; Aix\u00ed \u00e9s&#8230; Crema de cacauet! La sempre assenyada Medu no est\u00e0 tan segura [&hellip;]","protected":false},"featured_media":42271,"template":"","meta":{"_acf_changed":false,"_exactmetrics_skip_tracking":false,"_exactmetrics_sitenote_active":false,"_exactmetrics_sitenote_note":"","_exactmetrics_sitenote_category":0},"product_brand":[],"product_cat":[902,1136,1138,1127,1184,1193],"product_tag":[],"coleccion":[977],"class_list":{"0":"post-42270","1":"product","2":"type-product","3":"status-publish","4":"has-post-thumbnail","6":"product_cat-a-partir-de-7-anos","7":"product_cat-amistad","8":"product_cat-animales","9":"product_cat-comic","10":"product_cat-humor","11":"product_cat-mar-oceano","12":"coleccion-llibres-de-narval-i-medu","14":"first","15":"instock","16":"taxable","17":"shipping-taxable","18":"purchasable","19":"product-type-simple"},"acf":{"indice":"","autor":"Clanton, Ben","codart":"4678","ediciones":"4","encuadernacion":"Carton\u00e9","fecha_de_publicacion":"01\/07\/2020","fecha_de_reimpresion":"01\/01\/2022","novedad":"0","paginas":"64","subtitulo":"","texto_web_adicional":"","autores-libros":[16284],"ilustradores-libros":[16284],"texto_web_novedad":"","orden":"999","portada":"0","texto_web_resaltado":"","traductores-libros":[58416],"descripcion_corta":"En la quarta entrega d'aquesta magn\u00edfica s\u00e8rie de c\u00f2mics per a primers lectors trobem tres divertides hist\u00f2ries sobre la import\u00e0ncia de provar coses noves, sobre menjars preferits i sobre acceptar qui som.","recomendamos":"","mas_vendido":"","idioma-libro":"","color":false,"formato":"","mas_informacion_del_producto":false,"premios":false,"deshabilitar_compra":[],"texto_enlace_cubierta":"","enlace_cubierta":{"ID":42311,"id":42311,"title":"cover Narval y crema de cacahuete.indd","filename":"cover_Narval-i-crema-de-cacauet_CA_alta.jpg","filesize":500845,"url":"https:\/\/www.editorialjuventud.es\/wp-content\/uploads\/cover_Narval-i-crema-de-cacauet_CA_alta.jpg","link":"https:\/\/www.editorialjuventud.es\/ca\/?attachment_id=42311","alt":"","author":"49","description":"","caption":"","name":"cover-narval-y-crema-de-cacahuete-indd-3","status":"inherit","uploaded_to":42270,"date":"2020-06-30 07:21:38","modified":"2020-06-30 07:21:38","menu_order":0,"mime_type":"image\/jpeg","type":"image","subtype":"jpeg","icon":"https:\/\/www.editorialjuventud.es\/wp-includes\/images\/media\/default.png","width":1875,"height":2473,"sizes":{"thumbnail":"https:\/\/www.editorialjuventud.es\/wp-content\/uploads\/cover_Narval-i-crema-de-cacauet_CA_alta-200x200.jpg","thumbnail-width":200,"thumbnail-height":200,"medium":"https:\/\/www.editorialjuventud.es\/wp-content\/uploads\/cover_Narval-i-crema-de-cacauet_CA_alta.jpg","medium-width":1875,"medium-height":2473,"medium_large":"https:\/\/www.editorialjuventud.es\/wp-content\/uploads\/cover_Narval-i-crema-de-cacauet_CA_alta-768x1013.jpg","medium_large-width":768,"medium_large-height":1013,"large":"https:\/\/www.editorialjuventud.es\/wp-content\/uploads\/cover_Narval-i-crema-de-cacauet_CA_alta.jpg","large-width":1875,"large-height":2473,"1536x1536":"https:\/\/www.editorialjuventud.es\/wp-content\/uploads\/cover_Narval-i-crema-de-cacauet_CA_alta.jpg","1536x1536-width":1165,"1536x1536-height":1536,"2048x2048":"https:\/\/www.editorialjuventud.es\/wp-content\/uploads\/cover_Narval-i-crema-de-cacauet_CA_alta.jpg","2048x2048-width":1553,"2048x2048-height":2048,"woocommerce_thumbnail":"https:\/\/www.editorialjuventud.es\/wp-content\/uploads\/cover_Narval-i-crema-de-cacauet_CA_alta-350x462.jpg","woocommerce_thumbnail-width":350,"woocommerce_thumbnail-height":462,"woocommerce_single":"https:\/\/www.editorialjuventud.es\/wp-content\/uploads\/cover_Narval-i-crema-de-cacauet_CA_alta-900x1187.jpg","woocommerce_single-width":900,"woocommerce_single-height":1187,"woocommerce_gallery_thumbnail":"https:\/\/www.editorialjuventud.es\/wp-content\/uploads\/cover_Narval-i-crema-de-cacauet_CA_alta-100x100.jpg","woocommerce_gallery_thumbnail-width":100,"woocommerce_gallery_thumbnail-height":100,"ppec_logo_image_size":"https:\/\/www.editorialjuventud.es\/wp-content\/uploads\/cover_Narval-i-crema-de-cacauet_CA_alta.jpg","ppec_logo_image_size-width":45,"ppec_logo_image_size-height":60,"ppec_header_image_size":"https:\/\/www.editorialjuventud.es\/wp-content\/uploads\/cover_Narval-i-crema-de-cacauet_CA_alta.jpg","ppec_header_image_size-width":68,"ppec_header_image_size-height":90}},"texto_enlace_ficha_tecnica":"","enlace_ficha_tecnica":{"ID":42413,"id":42413,"title":"Fitxa_Crema de cacauet i Medu_CAT","filename":"Fitxa_Crema-de-cacauet-i-Medu_CAT.pdf","filesize":903694,"url":"https:\/\/www.editorialjuventud.es\/wp-content\/uploads\/Fitxa_Crema-de-cacauet-i-Medu_CAT.pdf","link":"https:\/\/www.editorialjuventud.es\/ca\/?attachment_id=42413","alt":"","author":"49","description":"","caption":"","name":"fitxa_crema-de-cacauet-i-medu_cat","status":"inherit","uploaded_to":42270,"date":"2020-07-02 09:36:08","modified":"2020-07-02 09:36:08","menu_order":0,"mime_type":"application\/pdf","type":"application","subtype":"pdf","icon":"https:\/\/www.editorialjuventud.es\/wp-includes\/images\/media\/document.png"},"ficheros":false,"titulo-fr":"","texto-fr":""},"yoast_head":"<!-- This site is optimized with the Yoast SEO plugin v27.3 - https:\/\/yoast.com\/product\/yoast-seo-wordpress\/ -->\n<title>Crema de cacauet i Medu - Editorial Juventud<\/title>\n<meta name=\"description\" content=\"Narval i Medu estan de tornada! I Narval t\u00e9 una nova obsessi\u00f3... La crema de cacauet! Est\u00e0 tan obsessionat que fins i tot vol canviar-se de nom... Aix\u00ed\" \/>\n<meta name=\"robots\" content=\"index, follow, max-snippet:-1, max-image-preview:large, max-video-preview:-1\" \/>\n<link rel=\"canonical\" href=\"https:\/\/www.editorialjuventud.es\/crema-de-cacauet-i-medu-9788426146786\/\" \/>\n<meta property=\"og:locale\" content=\"ca_ES\" \/>\n<meta property=\"og:type\" content=\"article\" \/>\n<meta property=\"og:title\" content=\"Crema de cacauet i Medu - Editorial Juventud\" \/>\n<meta property=\"og:description\" content=\"Narval i Medu estan de tornada! I Narval t\u00e9 una nova obsessi\u00f3... La crema de cacauet! Est\u00e0 tan obsessionat que fins i tot vol canviar-se de nom... Aix\u00ed\" \/>\n<meta property=\"og:url\" content=\"https:\/\/www.editorialjuventud.es\/crema-de-cacauet-i-medu-9788426146786\/\" \/>\n<meta property=\"og:site_name\" content=\"Editorial Juventud\" \/>\n<meta property=\"article:modified_time\" content=\"2025-01-22T11:49:46+00:00\" \/>\n<meta property=\"og:image\" content=\"https:\/\/www.editorialjuventud.es\/wp-content\/uploads\/9788426146786.jpg\" \/>\n\t<meta property=\"og:image:width\" content=\"910\" \/>\n\t<meta property=\"og:image:height\" content=\"1200\" \/>\n\t<meta property=\"og:image:type\" content=\"image\/jpeg\" \/>\n<meta name=\"twitter:card\" content=\"summary_large_image\" \/>\n<meta name=\"twitter:label1\" content=\"Temps estimat de lectura\" \/>\n\t<meta name=\"twitter:data1\" content=\"1 minut\" \/>\n<script type=\"application\/ld+json\" class=\"yoast-schema-graph\">{\"@context\":\"https:\\\/\\\/schema.org\",\"@graph\":[{\"@type\":\"WebPage\",\"@id\":\"https:\\\/\\\/www.editorialjuventud.es\\\/crema-de-cacauet-i-medu-9788426146786\\\/\",\"url\":\"https:\\\/\\\/www.editorialjuventud.es\\\/crema-de-cacauet-i-medu-9788426146786\\\/\",\"name\":\"Crema de cacauet i Medu - Editorial Juventud\",\"isPartOf\":{\"@id\":\"https:\\\/\\\/www.editorialjuventud.es\\\/#website\"},\"primaryImageOfPage\":{\"@id\":\"https:\\\/\\\/www.editorialjuventud.es\\\/crema-de-cacauet-i-medu-9788426146786\\\/#primaryimage\"},\"image\":{\"@id\":\"https:\\\/\\\/www.editorialjuventud.es\\\/crema-de-cacauet-i-medu-9788426146786\\\/#primaryimage\"},\"thumbnailUrl\":\"https:\\\/\\\/www.editorialjuventud.es\\\/wp-content\\\/uploads\\\/9788426146786.jpg\",\"datePublished\":\"2020-06-29T08:29:15+00:00\",\"dateModified\":\"2025-01-22T11:49:46+00:00\",\"description\":\"Narval i Medu estan de tornada! I Narval t\u00e9 una nova obsessi\u00f3... La crema de cacauet! Est\u00e0 tan obsessionat que fins i tot vol canviar-se de nom... Aix\u00ed\",\"breadcrumb\":{\"@id\":\"https:\\\/\\\/www.editorialjuventud.es\\\/crema-de-cacauet-i-medu-9788426146786\\\/#breadcrumb\"},\"inLanguage\":\"ca\",\"potentialAction\":[{\"@type\":\"ReadAction\",\"target\":[\"https:\\\/\\\/www.editorialjuventud.es\\\/crema-de-cacauet-i-medu-9788426146786\\\/\"]}]},{\"@type\":\"ImageObject\",\"inLanguage\":\"ca\",\"@id\":\"https:\\\/\\\/www.editorialjuventud.es\\\/crema-de-cacauet-i-medu-9788426146786\\\/#primaryimage\",\"url\":\"https:\\\/\\\/www.editorialjuventud.es\\\/wp-content\\\/uploads\\\/9788426146786.jpg\",\"contentUrl\":\"https:\\\/\\\/www.editorialjuventud.es\\\/wp-content\\\/uploads\\\/9788426146786.jpg\",\"width\":910,\"height\":1200,\"caption\":\"9788426146786.jpg\"},{\"@type\":\"BreadcrumbList\",\"@id\":\"https:\\\/\\\/www.editorialjuventud.es\\\/crema-de-cacauet-i-medu-9788426146786\\\/#breadcrumb\",\"itemListElement\":[{\"@type\":\"ListItem\",\"position\":1,\"name\":\"Portada\",\"item\":\"https:\\\/\\\/www.editorialjuventud.es\\\/\"},{\"@type\":\"ListItem\",\"position\":2,\"name\":\"cat\u00e1logo\",\"item\":\"https:\\\/\\\/www.editorialjuventud.es\\\/coleccion\\\/catalogo\\\/\"},{\"@type\":\"ListItem\",\"position\":3,\"name\":\"catal\u00e0\",\"item\":\"https:\\\/\\\/www.editorialjuventud.es\\\/coleccion\\\/catala\\\/\"},{\"@type\":\"ListItem\",\"position\":4,\"name\":\"Joventut C\u00f2mic\",\"item\":\"https:\\\/\\\/www.editorialjuventud.es\\\/ca\\\/coleccion\\\/joventut-comic\\\/\"},{\"@type\":\"ListItem\",\"position\":5,\"name\":\"Llibres de Narval i Medu\",\"item\":\"https:\\\/\\\/www.editorialjuventud.es\\\/ca\\\/coleccion\\\/llibres-de-narval-i-medu\\\/\"},{\"@type\":\"ListItem\",\"position\":6,\"name\":\"Crema de cacauet i Medu\"}]},{\"@type\":\"WebSite\",\"@id\":\"https:\\\/\\\/www.editorialjuventud.es\\\/#website\",\"url\":\"https:\\\/\\\/www.editorialjuventud.es\\\/\",\"name\":\"Editorial Juventud\",\"description\":\"\",\"potentialAction\":[{\"@type\":\"SearchAction\",\"target\":{\"@type\":\"EntryPoint\",\"urlTemplate\":\"https:\\\/\\\/www.editorialjuventud.es\\\/?s={search_term_string}\"},\"query-input\":{\"@type\":\"PropertyValueSpecification\",\"valueRequired\":true,\"valueName\":\"search_term_string\"}}],\"inLanguage\":\"ca\"}]}<\/script>\n<!-- \/ Yoast SEO plugin. -->","yoast_head_json":{"title":"Crema de cacauet i Medu - Editorial Juventud","description":"Narval i Medu estan de tornada! I Narval t\u00e9 una nova obsessi\u00f3... La crema de cacauet! Est\u00e0 tan obsessionat que fins i tot vol canviar-se de nom... Aix\u00ed","robots":{"index":"index","follow":"follow","max-snippet":"max-snippet:-1","max-image-preview":"max-image-preview:large","max-video-preview":"max-video-preview:-1"},"canonical":"https:\/\/www.editorialjuventud.es\/crema-de-cacauet-i-medu-9788426146786\/","og_locale":"ca_ES","og_type":"article","og_title":"Crema de cacauet i Medu - Editorial Juventud","og_description":"Narval i Medu estan de tornada! I Narval t\u00e9 una nova obsessi\u00f3... La crema de cacauet! Est\u00e0 tan obsessionat que fins i tot vol canviar-se de nom... Aix\u00ed","og_url":"https:\/\/www.editorialjuventud.es\/crema-de-cacauet-i-medu-9788426146786\/","og_site_name":"Editorial Juventud","article_modified_time":"2025-01-22T11:49:46+00:00","og_image":[{"width":910,"height":1200,"url":"https:\/\/www.editorialjuventud.es\/wp-content\/uploads\/9788426146786.jpg","type":"image\/jpeg"}],"twitter_card":"summary_large_image","twitter_misc":{"Temps estimat de lectura":"1 minut"},"schema":{"@context":"https:\/\/schema.org","@graph":[{"@type":"WebPage","@id":"https:\/\/www.editorialjuventud.es\/crema-de-cacauet-i-medu-9788426146786\/","url":"https:\/\/www.editorialjuventud.es\/crema-de-cacauet-i-medu-9788426146786\/","name":"Crema de cacauet i Medu - Editorial Juventud","isPartOf":{"@id":"https:\/\/www.editorialjuventud.es\/#website"},"primaryImageOfPage":{"@id":"https:\/\/www.editorialjuventud.es\/crema-de-cacauet-i-medu-9788426146786\/#primaryimage"},"image":{"@id":"https:\/\/www.editorialjuventud.es\/crema-de-cacauet-i-medu-9788426146786\/#primaryimage"},"thumbnailUrl":"https:\/\/www.editorialjuventud.es\/wp-content\/uploads\/9788426146786.jpg","datePublished":"2020-06-29T08:29:15+00:00","dateModified":"2025-01-22T11:49:46+00:00","description":"Narval i Medu estan de tornada! I Narval t\u00e9 una nova obsessi\u00f3... La crema de cacauet! Est\u00e0 tan obsessionat que fins i tot vol canviar-se de nom... Aix\u00ed","breadcrumb":{"@id":"https:\/\/www.editorialjuventud.es\/crema-de-cacauet-i-medu-9788426146786\/#breadcrumb"},"inLanguage":"ca","potentialAction":[{"@type":"ReadAction","target":["https:\/\/www.editorialjuventud.es\/crema-de-cacauet-i-medu-9788426146786\/"]}]},{"@type":"ImageObject","inLanguage":"ca","@id":"https:\/\/www.editorialjuventud.es\/crema-de-cacauet-i-medu-9788426146786\/#primaryimage","url":"https:\/\/www.editorialjuventud.es\/wp-content\/uploads\/9788426146786.jpg","contentUrl":"https:\/\/www.editorialjuventud.es\/wp-content\/uploads\/9788426146786.jpg","width":910,"height":1200,"caption":"9788426146786.jpg"},{"@type":"BreadcrumbList","@id":"https:\/\/www.editorialjuventud.es\/crema-de-cacauet-i-medu-9788426146786\/#breadcrumb","itemListElement":[{"@type":"ListItem","position":1,"name":"Portada","item":"https:\/\/www.editorialjuventud.es\/"},{"@type":"ListItem","position":2,"name":"cat\u00e1logo","item":"https:\/\/www.editorialjuventud.es\/coleccion\/catalogo\/"},{"@type":"ListItem","position":3,"name":"catal\u00e0","item":"https:\/\/www.editorialjuventud.es\/coleccion\/catala\/"},{"@type":"ListItem","position":4,"name":"Joventut C\u00f2mic","item":"https:\/\/www.editorialjuventud.es\/ca\/coleccion\/joventut-comic\/"},{"@type":"ListItem","position":5,"name":"Llibres de Narval i Medu","item":"https:\/\/www.editorialjuventud.es\/ca\/coleccion\/llibres-de-narval-i-medu\/"},{"@type":"ListItem","position":6,"name":"Crema de cacauet i Medu"}]},{"@type":"WebSite","@id":"https:\/\/www.editorialjuventud.es\/#website","url":"https:\/\/www.editorialjuventud.es\/","name":"Editorial Juventud","description":"","potentialAction":[{"@type":"SearchAction","target":{"@type":"EntryPoint","urlTemplate":"https:\/\/www.editorialjuventud.es\/?s={search_term_string}"},"query-input":{"@type":"PropertyValueSpecification","valueRequired":true,"valueName":"search_term_string"}}],"inLanguage":"ca"}]}},"_links":{"self":[{"href":"https:\/\/www.editorialjuventud.es\/ca\/wp-json\/wp\/v2\/product\/42270","targetHints":{"allow":["GET"]}}],"collection":[{"href":"https:\/\/www.editorialjuventud.es\/ca\/wp-json\/wp\/v2\/product"}],"about":[{"href":"https:\/\/www.editorialjuventud.es\/ca\/wp-json\/wp\/v2\/types\/product"}],"wp:featuredmedia":[{"embeddable":true,"href":"https:\/\/www.editorialjuventud.es\/ca\/wp-json\/wp\/v2\/media\/42271"}],"wp:attachment":[{"href":"https:\/\/www.editorialjuventud.es\/ca\/wp-json\/wp\/v2\/media?parent=42270"}],"wp:term":[{"taxonomy":"product_brand","embeddable":true,"href":"https:\/\/www.editorialjuventud.es\/ca\/wp-json\/wp\/v2\/product_brand?post=42270"},{"taxonomy":"product_cat","embeddable":true,"href":"https:\/\/www.editorialjuventud.es\/ca\/wp-json\/wp\/v2\/product_cat?post=42270"},{"taxonomy":"product_tag","embeddable":true,"href":"https:\/\/www.editorialjuventud.es\/ca\/wp-json\/wp\/v2\/product_tag?post=42270"},{"taxonomy":"coleccion","embeddable":true,"href":"https:\/\/www.editorialjuventud.es\/ca\/wp-json\/wp\/v2\/coleccion?post=42270"}],"curies":[{"name":"wp","href":"https:\/\/api.w.org\/{rel}","templated":true}]}}