{"id":42267,"date":"2020-06-29T10:28:38","date_gmt":"2020-06-29T08:28:38","guid":{"rendered":"https:\/\/www.editorialjuventud.es\/crema-de-cacahuete-y-medu-9788426146779\/"},"modified":"2025-01-31T10:55:08","modified_gmt":"2025-01-31T09:55:08","slug":"crema-de-cacahuete-y-medu-9788426146779","status":"publish","type":"product","link":"https:\/\/www.editorialjuventud.es\/ca\/crema-de-cacahuete-y-medu-9788426146779\/","title":{"rendered":"Crema de cacahuete y Medu"},"content":{"rendered":"<p>\u00a1Narval y Medu est\u00e1n de vuelta! y Narval tiene una nueva obsesi\u00f3n&#8230; \u00a1La crema de cacahuete! Est\u00e1 tan obsesionado que incluso quiere cambiarse de nombre&#8230; As\u00ed es&#8230; \u00a1Crema de cacahuete! La siempre sensata Medu no est\u00e1 tan segura de que sea la mejor idea, pero todo sea para que Narval pruebe cosas nuevas, porque no puede comer gofres todo el tiempo por muy deliciosos que sean&#8230;<br \/>En la cuarta entrega de esta magn\u00edfica serie de c\u00f3mics para primeros lectores encontramos tres divertidas historias sobre la importancia de probar cosas nuevas, sobre comidas favoritas y sobre aceptar qui\u00e9nes somos. Como en el resto de libros de la serie, tambi\u00e9n encontramos un cap\u00edtulo sobre curiosidades de los animales marinos y una nueva entrega de las aventuras de los alter ego de Narval y Medu, \u00a1Supergofre y Wonderfresa!<br \/>Un libro ideal para que los peque\u00f1os empiecen a ser lectores aut\u00f3nomos (escrito en may\u00fasculas), con unos personajes entra\u00f1ables que reivindican el poder de la imaginaci\u00f3n, el positivismo, la amistad y el trabajo en equipo.<\/p>\n","protected":false},"excerpt":{"rendered":"\u00a1Narval y Medu est\u00e1n de vuelta! y Narval tiene una nueva obsesi\u00f3n&#8230; \u00a1La crema de cacahuete! Est\u00e1 tan obsesionado que incluso quiere cambiarse de nombre&#8230; As\u00ed es&#8230; \u00a1Crema de cacahuete! La siempre sensata Medu no est\u00e1 tan segura de que [&hellip;]","protected":false},"featured_media":42268,"template":"","meta":{"_acf_changed":false,"_exactmetrics_skip_tracking":false,"_exactmetrics_sitenote_active":false,"_exactmetrics_sitenote_note":"","_exactmetrics_sitenote_category":0},"product_brand":[],"product_cat":[902,1136,1138,1127,1184,1193],"product_tag":[],"coleccion":[1005],"class_list":{"0":"post-42267","1":"product","2":"type-product","3":"status-publish","4":"has-post-thumbnail","6":"product_cat-a-partir-de-7-anos","7":"product_cat-amistad","8":"product_cat-animales","9":"product_cat-comic","10":"product_cat-humor","11":"product_cat-mar-oceano","12":"coleccion-libros-de-narval-y-medu","14":"first","15":"instock","16":"taxable","17":"shipping-taxable","18":"purchasable","19":"product-type-simple"},"acf":{"indice":"","autor":"Clanton, Ben","codart":"4677","ediciones":"4","encuadernacion":"Carton\u00e9","fecha_de_publicacion":"01\/07\/2020","fecha_de_reimpresion":"01\/01\/2022","novedad":"0","paginas":"64","subtitulo":"","texto_web_adicional":"","autores-libros":[16284],"ilustradores-libros":[16284],"texto_web_novedad":"","orden":"999","portada":"0","texto_web_resaltado":"","traductores-libros":[37490],"descripcion_corta":"En la cuarta entrega de esta magn\u00edfica serie de c\u00f3mics para primeros lectores encontramos tres divertidas historias sobre la importancia de probar cosas nuevas, sobre comidas favoritas y sobre aceptar qui\u00e9nes somos.","recomendamos":"","mas_vendido":"","idioma-libro":"","color":false,"formato":"","mas_informacion_del_producto":false,"premios":false,"deshabilitar_compra":[],"texto_enlace_cubierta":"","enlace_cubierta":{"ID":42313,"id":42313,"title":"cover Narval y crema de cacahuete.indd","filename":"cover_Narval-y-crema-de-cacahuete_ES_alta.jpg","filesize":431593,"url":"https:\/\/www.editorialjuventud.es\/wp-content\/uploads\/cover_Narval-y-crema-de-cacahuete_ES_alta.jpg","link":"https:\/\/www.editorialjuventud.es\/ca\/?attachment_id=42313","alt":"","author":"49","description":"","caption":"","name":"cover-narval-y-crema-de-cacahuete-indd-4","status":"inherit","uploaded_to":42267,"date":"2020-06-30 07:25:49","modified":"2020-06-30 07:25:49","menu_order":0,"mime_type":"image\/jpeg","type":"image","subtype":"jpeg","icon":"https:\/\/www.editorialjuventud.es\/wp-includes\/images\/media\/default.png","width":1873,"height":2470,"sizes":{"thumbnail":"https:\/\/www.editorialjuventud.es\/wp-content\/uploads\/cover_Narval-y-crema-de-cacahuete_ES_alta-200x200.jpg","thumbnail-width":200,"thumbnail-height":200,"medium":"https:\/\/www.editorialjuventud.es\/wp-content\/uploads\/cover_Narval-y-crema-de-cacahuete_ES_alta.jpg","medium-width":1873,"medium-height":2470,"medium_large":"https:\/\/www.editorialjuventud.es\/wp-content\/uploads\/cover_Narval-y-crema-de-cacahuete_ES_alta-768x1013.jpg","medium_large-width":768,"medium_large-height":1013,"large":"https:\/\/www.editorialjuventud.es\/wp-content\/uploads\/cover_Narval-y-crema-de-cacahuete_ES_alta.jpg","large-width":1873,"large-height":2470,"1536x1536":"https:\/\/www.editorialjuventud.es\/wp-content\/uploads\/cover_Narval-y-crema-de-cacahuete_ES_alta.jpg","1536x1536-width":1165,"1536x1536-height":1536,"2048x2048":"https:\/\/www.editorialjuventud.es\/wp-content\/uploads\/cover_Narval-y-crema-de-cacahuete_ES_alta.jpg","2048x2048-width":1553,"2048x2048-height":2048,"woocommerce_thumbnail":"https:\/\/www.editorialjuventud.es\/wp-content\/uploads\/cover_Narval-y-crema-de-cacahuete_ES_alta-350x462.jpg","woocommerce_thumbnail-width":350,"woocommerce_thumbnail-height":462,"woocommerce_single":"https:\/\/www.editorialjuventud.es\/wp-content\/uploads\/cover_Narval-y-crema-de-cacahuete_ES_alta-900x1187.jpg","woocommerce_single-width":900,"woocommerce_single-height":1187,"woocommerce_gallery_thumbnail":"https:\/\/www.editorialjuventud.es\/wp-content\/uploads\/cover_Narval-y-crema-de-cacahuete_ES_alta-100x100.jpg","woocommerce_gallery_thumbnail-width":100,"woocommerce_gallery_thumbnail-height":100,"ppec_logo_image_size":"https:\/\/www.editorialjuventud.es\/wp-content\/uploads\/cover_Narval-y-crema-de-cacahuete_ES_alta.jpg","ppec_logo_image_size-width":45,"ppec_logo_image_size-height":60,"ppec_header_image_size":"https:\/\/www.editorialjuventud.es\/wp-content\/uploads\/cover_Narval-y-crema-de-cacahuete_ES_alta.jpg","ppec_header_image_size-width":68,"ppec_header_image_size-height":90}},"texto_enlace_ficha_tecnica":"","enlace_ficha_tecnica":{"ID":42415,"id":42415,"title":"Ficha_Crema de cacahuete y Medu_ESP","filename":"Ficha_Crema-de-cacahuete-y-Medu_ESP.pdf","filesize":906179,"url":"https:\/\/www.editorialjuventud.es\/wp-content\/uploads\/Ficha_Crema-de-cacahuete-y-Medu_ESP.pdf","link":"https:\/\/www.editorialjuventud.es\/ca\/?attachment_id=42415","alt":"","author":"49","description":"","caption":"","name":"ficha_crema-de-cacahuete-y-medu_esp","status":"inherit","uploaded_to":42267,"date":"2020-07-02 09:41:25","modified":"2020-07-02 09:41:25","menu_order":0,"mime_type":"application\/pdf","type":"application","subtype":"pdf","icon":"https:\/\/www.editorialjuventud.es\/wp-includes\/images\/media\/document.png"},"ficheros":false,"titulo-fr":"","texto-fr":""},"yoast_head":"<!-- This site is optimized with the Yoast SEO plugin v27.5 - https:\/\/yoast.com\/product\/yoast-seo-wordpress\/ -->\n<title>Crema de cacahuete y Medu - Editorial Juventud<\/title>\n<meta name=\"description\" content=\"\u00a1Narval y Medu est\u00e1n de vuelta! y Narval tiene una nueva obsesi\u00f3n... \u00a1La crema de cacahuete! Est\u00e1 tan obsesionado que incluso quiere cambiarse de\" \/>\n<meta name=\"robots\" content=\"index, follow, max-snippet:-1, max-image-preview:large, max-video-preview:-1\" \/>\n<link rel=\"canonical\" href=\"https:\/\/www.editorialjuventud.es\/crema-de-cacahuete-y-medu-9788426146779\/\" \/>\n<meta property=\"og:locale\" content=\"ca_ES\" \/>\n<meta property=\"og:type\" content=\"article\" \/>\n<meta property=\"og:title\" content=\"Crema de cacahuete y Medu - Editorial Juventud\" \/>\n<meta property=\"og:description\" content=\"\u00a1Narval y Medu est\u00e1n de vuelta! y Narval tiene una nueva obsesi\u00f3n... \u00a1La crema de cacahuete! Est\u00e1 tan obsesionado que incluso quiere cambiarse de\" \/>\n<meta property=\"og:url\" content=\"https:\/\/www.editorialjuventud.es\/crema-de-cacahuete-y-medu-9788426146779\/\" \/>\n<meta property=\"og:site_name\" content=\"Editorial Juventud\" \/>\n<meta property=\"article:modified_time\" content=\"2025-01-31T09:55:08+00:00\" \/>\n<meta property=\"og:image\" content=\"https:\/\/www.editorialjuventud.es\/wp-content\/uploads\/9788426146779.jpg\" \/>\n\t<meta property=\"og:image:width\" content=\"910\" \/>\n\t<meta property=\"og:image:height\" content=\"1200\" \/>\n\t<meta property=\"og:image:type\" content=\"image\/jpeg\" \/>\n<meta name=\"twitter:card\" content=\"summary_large_image\" \/>\n<meta name=\"twitter:label1\" content=\"Temps estimat de lectura\" \/>\n\t<meta name=\"twitter:data1\" content=\"2 minuts\" \/>\n<script type=\"application\/ld+json\" class=\"yoast-schema-graph\">{\"@context\":\"https:\\\/\\\/schema.org\",\"@graph\":[{\"@type\":\"WebPage\",\"@id\":\"https:\\\/\\\/www.editorialjuventud.es\\\/crema-de-cacahuete-y-medu-9788426146779\\\/\",\"url\":\"https:\\\/\\\/www.editorialjuventud.es\\\/crema-de-cacahuete-y-medu-9788426146779\\\/\",\"name\":\"Crema de cacahuete y Medu - Editorial Juventud\",\"isPartOf\":{\"@id\":\"https:\\\/\\\/www.editorialjuventud.es\\\/#website\"},\"primaryImageOfPage\":{\"@id\":\"https:\\\/\\\/www.editorialjuventud.es\\\/crema-de-cacahuete-y-medu-9788426146779\\\/#primaryimage\"},\"image\":{\"@id\":\"https:\\\/\\\/www.editorialjuventud.es\\\/crema-de-cacahuete-y-medu-9788426146779\\\/#primaryimage\"},\"thumbnailUrl\":\"https:\\\/\\\/www.editorialjuventud.es\\\/wp-content\\\/uploads\\\/9788426146779.jpg\",\"datePublished\":\"2020-06-29T08:28:38+00:00\",\"dateModified\":\"2025-01-31T09:55:08+00:00\",\"description\":\"\u00a1Narval y Medu est\u00e1n de vuelta! y Narval tiene una nueva obsesi\u00f3n... \u00a1La crema de cacahuete! Est\u00e1 tan obsesionado que incluso quiere cambiarse de\",\"breadcrumb\":{\"@id\":\"https:\\\/\\\/www.editorialjuventud.es\\\/crema-de-cacahuete-y-medu-9788426146779\\\/#breadcrumb\"},\"inLanguage\":\"ca\",\"potentialAction\":[{\"@type\":\"ReadAction\",\"target\":[\"https:\\\/\\\/www.editorialjuventud.es\\\/crema-de-cacahuete-y-medu-9788426146779\\\/\"]}]},{\"@type\":\"ImageObject\",\"inLanguage\":\"ca\",\"@id\":\"https:\\\/\\\/www.editorialjuventud.es\\\/crema-de-cacahuete-y-medu-9788426146779\\\/#primaryimage\",\"url\":\"https:\\\/\\\/www.editorialjuventud.es\\\/wp-content\\\/uploads\\\/9788426146779.jpg\",\"contentUrl\":\"https:\\\/\\\/www.editorialjuventud.es\\\/wp-content\\\/uploads\\\/9788426146779.jpg\",\"width\":910,\"height\":1200,\"caption\":\"9788426146779.jpg\"},{\"@type\":\"BreadcrumbList\",\"@id\":\"https:\\\/\\\/www.editorialjuventud.es\\\/crema-de-cacahuete-y-medu-9788426146779\\\/#breadcrumb\",\"itemListElement\":[{\"@type\":\"ListItem\",\"position\":1,\"name\":\"Portada\",\"item\":\"https:\\\/\\\/www.editorialjuventud.es\\\/\"},{\"@type\":\"ListItem\",\"position\":2,\"name\":\"cat\u00e1logo\",\"item\":\"https:\\\/\\\/www.editorialjuventud.es\\\/coleccion\\\/catalogo\\\/\"},{\"@type\":\"ListItem\",\"position\":3,\"name\":\"castellano\",\"item\":\"https:\\\/\\\/www.editorialjuventud.es\\\/coleccion\\\/castellano\\\/\"},{\"@type\":\"ListItem\",\"position\":4,\"name\":\"Juventud C\u00f3mic\",\"item\":\"https:\\\/\\\/www.editorialjuventud.es\\\/coleccion\\\/juventud-comic\\\/\"},{\"@type\":\"ListItem\",\"position\":5,\"name\":\"Libros de Narval y Medu\",\"item\":\"https:\\\/\\\/www.editorialjuventud.es\\\/coleccion\\\/libros-de-narval-y-medu\\\/\"},{\"@type\":\"ListItem\",\"position\":6,\"name\":\"Crema de cacahuete y Medu\"}]},{\"@type\":\"WebSite\",\"@id\":\"https:\\\/\\\/www.editorialjuventud.es\\\/#website\",\"url\":\"https:\\\/\\\/www.editorialjuventud.es\\\/\",\"name\":\"Editorial Juventud\",\"description\":\"\",\"potentialAction\":[{\"@type\":\"SearchAction\",\"target\":{\"@type\":\"EntryPoint\",\"urlTemplate\":\"https:\\\/\\\/www.editorialjuventud.es\\\/?s={search_term_string}\"},\"query-input\":{\"@type\":\"PropertyValueSpecification\",\"valueRequired\":true,\"valueName\":\"search_term_string\"}}],\"inLanguage\":\"ca\"}]}<\/script>\n<!-- \/ Yoast SEO plugin. -->","yoast_head_json":{"title":"Crema de cacahuete y Medu - Editorial Juventud","description":"\u00a1Narval y Medu est\u00e1n de vuelta! y Narval tiene una nueva obsesi\u00f3n... \u00a1La crema de cacahuete! Est\u00e1 tan obsesionado que incluso quiere cambiarse de","robots":{"index":"index","follow":"follow","max-snippet":"max-snippet:-1","max-image-preview":"max-image-preview:large","max-video-preview":"max-video-preview:-1"},"canonical":"https:\/\/www.editorialjuventud.es\/crema-de-cacahuete-y-medu-9788426146779\/","og_locale":"ca_ES","og_type":"article","og_title":"Crema de cacahuete y Medu - Editorial Juventud","og_description":"\u00a1Narval y Medu est\u00e1n de vuelta! y Narval tiene una nueva obsesi\u00f3n... \u00a1La crema de cacahuete! Est\u00e1 tan obsesionado que incluso quiere cambiarse de","og_url":"https:\/\/www.editorialjuventud.es\/crema-de-cacahuete-y-medu-9788426146779\/","og_site_name":"Editorial Juventud","article_modified_time":"2025-01-31T09:55:08+00:00","og_image":[{"width":910,"height":1200,"url":"https:\/\/www.editorialjuventud.es\/wp-content\/uploads\/9788426146779.jpg","type":"image\/jpeg"}],"twitter_card":"summary_large_image","twitter_misc":{"Temps estimat de lectura":"2 minuts"},"schema":{"@context":"https:\/\/schema.org","@graph":[{"@type":"WebPage","@id":"https:\/\/www.editorialjuventud.es\/crema-de-cacahuete-y-medu-9788426146779\/","url":"https:\/\/www.editorialjuventud.es\/crema-de-cacahuete-y-medu-9788426146779\/","name":"Crema de cacahuete y Medu - Editorial Juventud","isPartOf":{"@id":"https:\/\/www.editorialjuventud.es\/#website"},"primaryImageOfPage":{"@id":"https:\/\/www.editorialjuventud.es\/crema-de-cacahuete-y-medu-9788426146779\/#primaryimage"},"image":{"@id":"https:\/\/www.editorialjuventud.es\/crema-de-cacahuete-y-medu-9788426146779\/#primaryimage"},"thumbnailUrl":"https:\/\/www.editorialjuventud.es\/wp-content\/uploads\/9788426146779.jpg","datePublished":"2020-06-29T08:28:38+00:00","dateModified":"2025-01-31T09:55:08+00:00","description":"\u00a1Narval y Medu est\u00e1n de vuelta! y Narval tiene una nueva obsesi\u00f3n... \u00a1La crema de cacahuete! Est\u00e1 tan obsesionado que incluso quiere cambiarse de","breadcrumb":{"@id":"https:\/\/www.editorialjuventud.es\/crema-de-cacahuete-y-medu-9788426146779\/#breadcrumb"},"inLanguage":"ca","potentialAction":[{"@type":"ReadAction","target":["https:\/\/www.editorialjuventud.es\/crema-de-cacahuete-y-medu-9788426146779\/"]}]},{"@type":"ImageObject","inLanguage":"ca","@id":"https:\/\/www.editorialjuventud.es\/crema-de-cacahuete-y-medu-9788426146779\/#primaryimage","url":"https:\/\/www.editorialjuventud.es\/wp-content\/uploads\/9788426146779.jpg","contentUrl":"https:\/\/www.editorialjuventud.es\/wp-content\/uploads\/9788426146779.jpg","width":910,"height":1200,"caption":"9788426146779.jpg"},{"@type":"BreadcrumbList","@id":"https:\/\/www.editorialjuventud.es\/crema-de-cacahuete-y-medu-9788426146779\/#breadcrumb","itemListElement":[{"@type":"ListItem","position":1,"name":"Portada","item":"https:\/\/www.editorialjuventud.es\/"},{"@type":"ListItem","position":2,"name":"cat\u00e1logo","item":"https:\/\/www.editorialjuventud.es\/coleccion\/catalogo\/"},{"@type":"ListItem","position":3,"name":"castellano","item":"https:\/\/www.editorialjuventud.es\/coleccion\/castellano\/"},{"@type":"ListItem","position":4,"name":"Juventud C\u00f3mic","item":"https:\/\/www.editorialjuventud.es\/coleccion\/juventud-comic\/"},{"@type":"ListItem","position":5,"name":"Libros de Narval y Medu","item":"https:\/\/www.editorialjuventud.es\/coleccion\/libros-de-narval-y-medu\/"},{"@type":"ListItem","position":6,"name":"Crema de cacahuete y Medu"}]},{"@type":"WebSite","@id":"https:\/\/www.editorialjuventud.es\/#website","url":"https:\/\/www.editorialjuventud.es\/","name":"Editorial Juventud","description":"","potentialAction":[{"@type":"SearchAction","target":{"@type":"EntryPoint","urlTemplate":"https:\/\/www.editorialjuventud.es\/?s={search_term_string}"},"query-input":{"@type":"PropertyValueSpecification","valueRequired":true,"valueName":"search_term_string"}}],"inLanguage":"ca"}]}},"_links":{"self":[{"href":"https:\/\/www.editorialjuventud.es\/ca\/wp-json\/wp\/v2\/product\/42267","targetHints":{"allow":["GET"]}}],"collection":[{"href":"https:\/\/www.editorialjuventud.es\/ca\/wp-json\/wp\/v2\/product"}],"about":[{"href":"https:\/\/www.editorialjuventud.es\/ca\/wp-json\/wp\/v2\/types\/product"}],"wp:featuredmedia":[{"embeddable":true,"href":"https:\/\/www.editorialjuventud.es\/ca\/wp-json\/wp\/v2\/media\/42268"}],"wp:attachment":[{"href":"https:\/\/www.editorialjuventud.es\/ca\/wp-json\/wp\/v2\/media?parent=42267"}],"wp:term":[{"taxonomy":"product_brand","embeddable":true,"href":"https:\/\/www.editorialjuventud.es\/ca\/wp-json\/wp\/v2\/product_brand?post=42267"},{"taxonomy":"product_cat","embeddable":true,"href":"https:\/\/www.editorialjuventud.es\/ca\/wp-json\/wp\/v2\/product_cat?post=42267"},{"taxonomy":"product_tag","embeddable":true,"href":"https:\/\/www.editorialjuventud.es\/ca\/wp-json\/wp\/v2\/product_tag?post=42267"},{"taxonomy":"coleccion","embeddable":true,"href":"https:\/\/www.editorialjuventud.es\/ca\/wp-json\/wp\/v2\/coleccion?post=42267"}],"curies":[{"name":"wp","href":"https:\/\/api.w.org\/{rel}","templated":true}]}}