{"id":42261,"date":"2020-06-29T10:27:21","date_gmt":"2020-06-29T08:27:21","guid":{"rendered":"https:\/\/www.editorialjuventud.es\/sara-tula-y-el-mar-9788426146717\/"},"modified":"2025-01-22T12:50:35","modified_gmt":"2025-01-22T11:50:35","slug":"sara-tula-y-el-mar-9788426146717","status":"publish","type":"product","link":"https:\/\/www.editorialjuventud.es\/ca\/sara-tula-y-el-mar-9788426146717\/","title":{"rendered":"Sara, Tula y el mar"},"content":{"rendered":"<p>A Sara no le gusta nada la playa. Hay un jaleo tremendo; los dem\u00e1s ni\u00f1os no paran de gritar y chillar mientras chapotean en el agua. En cambio, a Tula, su perrita, le encanta la playa: se pasa el rato jugueteando con las olas y revolc\u00e1ndose por la arena. Cuando Mam\u00e1 la convence para ba\u00f1arse, ocurre algo horrible: \u00a1una medusa pica a la pobre Sara! Suerte que Tula sabe c\u00f3mo conseguir que Sara vuelva a meterse en el agua&#8230;<\/p>\n<p>A menudo a los ni\u00f1os (y a los no tan ni\u00f1os) nos da respeto nadar en el mar. Este libro, con unas evocadoras y tiernas ilustraciones, nos traslada directamente a la playa y, gracias a la infatigable curiosidad y ganas de aventuras de la perrita Tula (y a unas gafas de buceo) nos descubre las maravillas de las que podemos disfrutar en el fondo submarino si nos atrevemos a dejar nuestros miedos en la orilla.<\/p>\n","protected":false},"excerpt":{"rendered":"A Sara no le gusta nada la playa. Hay un jaleo tremendo; los dem\u00e1s ni\u00f1os no paran de gritar y chillar mientras chapotean en el agua. En cambio, a Tula, su perrita, le encanta la playa: se pasa el rato [&hellip;]","protected":false},"featured_media":42262,"template":"","meta":{"_acf_changed":false,"_exactmetrics_skip_tracking":false,"_exactmetrics_sitenote_active":false,"_exactmetrics_sitenote_note":"","_exactmetrics_sitenote_category":0},"product_brand":[],"product_cat":[900,1121,1193,1194,1196,1229],"product_tag":[],"coleccion":[996],"class_list":{"0":"post-42261","1":"product","2":"type-product","3":"status-publish","4":"has-post-thumbnail","6":"product_cat-a-partir-de-5-anos","7":"product_cat-albumes-ilustrados","8":"product_cat-mar-oceano","9":"product_cat-mascotas","10":"product_cat-miedo-valentia","11":"product_cat-vacaciones-viajes","12":"coleccion-mar-de-fantasia-albumes-ilustrados","14":"first","15":"instock","16":"taxable","17":"shipping-taxable","18":"purchasable","19":"product-type-simple"},"acf":{"indice":"","autor":"Hansson, Julia","codart":"4671","ediciones":"1","encuadernacion":"Carton\u00e9","fecha_de_publicacion":"01\/07\/2020","fecha_de_reimpresion":"","novedad":"0","paginas":"32","subtitulo":"","texto_web_adicional":"","autores-libros":[42251],"ilustradores-libros":[42251],"texto_web_novedad":"","orden":"999","portada":"0","texto_web_resaltado":"","traductores-libros":[17909],"descripcion_corta":"Este libro nos traslada directamente a la playa y nos descubre las maravillas ocultas en el fondo submarino","recomendamos":"","mas_vendido":"","idioma-libro":"","color":false,"formato":"","mas_informacion_del_producto":false,"premios":[{"premio":"Finalista August Prize","anyo_del_premio":"2020","pais_del_premio":"Suecia"},{"premio":"","anyo_del_premio":"","pais_del_premio":""}],"deshabilitar_compra":[],"texto_enlace_cubierta":"","enlace_cubierta":{"ID":42329,"id":42329,"title":"cover SARA TULA Y EL MAR.indd","filename":"cover_ES-SARA-TULA-Y-EL-MAR_alta.jpg","filesize":703205,"url":"https:\/\/www.editorialjuventud.es\/wp-content\/uploads\/cover_ES-SARA-TULA-Y-EL-MAR_alta.jpg","link":"https:\/\/www.editorialjuventud.es\/ca\/?attachment_id=42329","alt":"","author":"49","description":"","caption":"","name":"cover-sara-tula-y-el-mar-indd-4","status":"inherit","uploaded_to":42261,"date":"2020-06-30 07:38:28","modified":"2020-06-30 07:38:28","menu_order":0,"mime_type":"image\/jpeg","type":"image","subtype":"jpeg","icon":"https:\/\/www.editorialjuventud.es\/wp-includes\/images\/media\/default.png","width":2807,"height":3190,"sizes":{"thumbnail":"https:\/\/www.editorialjuventud.es\/wp-content\/uploads\/cover_ES-SARA-TULA-Y-EL-MAR_alta-200x200.jpg","thumbnail-width":200,"thumbnail-height":200,"medium":"https:\/\/www.editorialjuventud.es\/wp-content\/uploads\/cover_ES-SARA-TULA-Y-EL-MAR_alta.jpg","medium-width":2807,"medium-height":3190,"medium_large":"https:\/\/www.editorialjuventud.es\/wp-content\/uploads\/cover_ES-SARA-TULA-Y-EL-MAR_alta-768x873.jpg","medium_large-width":768,"medium_large-height":873,"large":"https:\/\/www.editorialjuventud.es\/wp-content\/uploads\/cover_ES-SARA-TULA-Y-EL-MAR_alta.jpg","large-width":2807,"large-height":3190,"1536x1536":"https:\/\/www.editorialjuventud.es\/wp-content\/uploads\/cover_ES-SARA-TULA-Y-EL-MAR_alta.jpg","1536x1536-width":1352,"1536x1536-height":1536,"2048x2048":"https:\/\/www.editorialjuventud.es\/wp-content\/uploads\/cover_ES-SARA-TULA-Y-EL-MAR_alta.jpg","2048x2048-width":1802,"2048x2048-height":2048,"woocommerce_thumbnail":"https:\/\/www.editorialjuventud.es\/wp-content\/uploads\/cover_ES-SARA-TULA-Y-EL-MAR_alta-350x398.jpg","woocommerce_thumbnail-width":350,"woocommerce_thumbnail-height":398,"woocommerce_single":"https:\/\/www.editorialjuventud.es\/wp-content\/uploads\/cover_ES-SARA-TULA-Y-EL-MAR_alta-900x1023.jpg","woocommerce_single-width":900,"woocommerce_single-height":1023,"woocommerce_gallery_thumbnail":"https:\/\/www.editorialjuventud.es\/wp-content\/uploads\/cover_ES-SARA-TULA-Y-EL-MAR_alta-100x100.jpg","woocommerce_gallery_thumbnail-width":100,"woocommerce_gallery_thumbnail-height":100,"ppec_logo_image_size":"https:\/\/www.editorialjuventud.es\/wp-content\/uploads\/cover_ES-SARA-TULA-Y-EL-MAR_alta.jpg","ppec_logo_image_size-width":53,"ppec_logo_image_size-height":60,"ppec_header_image_size":"https:\/\/www.editorialjuventud.es\/wp-content\/uploads\/cover_ES-SARA-TULA-Y-EL-MAR_alta.jpg","ppec_header_image_size-width":79,"ppec_header_image_size-height":90}},"texto_enlace_ficha_tecnica":"","enlace_ficha_tecnica":{"ID":42420,"id":42420,"title":"Ficha_Sara, Tula y el mar_ESP","filename":"Ficha_Sara-Tula-y-el-mar_ESP.pdf","filesize":503264,"url":"https:\/\/www.editorialjuventud.es\/wp-content\/uploads\/Ficha_Sara-Tula-y-el-mar_ESP.pdf","link":"https:\/\/www.editorialjuventud.es\/ca\/?attachment_id=42420","alt":"","author":"49","description":"","caption":"","name":"ficha_sara-tula-y-el-mar_esp","status":"inherit","uploaded_to":42261,"date":"2020-07-02 09:49:46","modified":"2020-07-02 09:49:46","menu_order":0,"mime_type":"application\/pdf","type":"application","subtype":"pdf","icon":"https:\/\/www.editorialjuventud.es\/wp-includes\/images\/media\/document.png"},"ficheros":false,"titulo-fr":"","texto-fr":""},"yoast_head":"<!-- This site is optimized with the Yoast SEO plugin v27.5 - https:\/\/yoast.com\/product\/yoast-seo-wordpress\/ -->\n<title>Sara, Tula y el mar - Editorial Juventud<\/title>\n<meta name=\"description\" content=\"A Sara no le gusta nada la playa. Hay un jaleo tremendo; los dem\u00e1s ni\u00f1os no paran de gritar y chillar mientras chapotean en el agua. En cambio, a Tula, su\" \/>\n<meta name=\"robots\" content=\"index, follow, max-snippet:-1, max-image-preview:large, max-video-preview:-1\" \/>\n<link rel=\"canonical\" href=\"https:\/\/www.editorialjuventud.es\/sara-tula-y-el-mar-9788426146717\/\" \/>\n<meta property=\"og:locale\" content=\"ca_ES\" \/>\n<meta property=\"og:type\" content=\"article\" \/>\n<meta property=\"og:title\" content=\"Sara, Tula y el mar - Editorial Juventud\" \/>\n<meta property=\"og:description\" content=\"A Sara no le gusta nada la playa. Hay un jaleo tremendo; los dem\u00e1s ni\u00f1os no paran de gritar y chillar mientras chapotean en el agua. En cambio, a Tula, su\" \/>\n<meta property=\"og:url\" content=\"https:\/\/www.editorialjuventud.es\/sara-tula-y-el-mar-9788426146717\/\" \/>\n<meta property=\"og:site_name\" content=\"Editorial Juventud\" \/>\n<meta property=\"article:modified_time\" content=\"2025-01-22T11:50:35+00:00\" \/>\n<meta property=\"og:image\" content=\"https:\/\/www.editorialjuventud.es\/wp-content\/uploads\/9788426146717.jpg\" \/>\n\t<meta property=\"og:image:width\" content=\"1056\" \/>\n\t<meta property=\"og:image:height\" content=\"1200\" \/>\n\t<meta property=\"og:image:type\" content=\"image\/jpeg\" \/>\n<meta name=\"twitter:card\" content=\"summary_large_image\" \/>\n<meta name=\"twitter:label1\" content=\"Temps estimat de lectura\" \/>\n\t<meta name=\"twitter:data1\" content=\"2 minuts\" \/>\n<script type=\"application\/ld+json\" class=\"yoast-schema-graph\">{\"@context\":\"https:\\\/\\\/schema.org\",\"@graph\":[{\"@type\":\"WebPage\",\"@id\":\"https:\\\/\\\/www.editorialjuventud.es\\\/sara-tula-y-el-mar-9788426146717\\\/\",\"url\":\"https:\\\/\\\/www.editorialjuventud.es\\\/sara-tula-y-el-mar-9788426146717\\\/\",\"name\":\"Sara, Tula y el mar - Editorial Juventud\",\"isPartOf\":{\"@id\":\"https:\\\/\\\/www.editorialjuventud.es\\\/#website\"},\"primaryImageOfPage\":{\"@id\":\"https:\\\/\\\/www.editorialjuventud.es\\\/sara-tula-y-el-mar-9788426146717\\\/#primaryimage\"},\"image\":{\"@id\":\"https:\\\/\\\/www.editorialjuventud.es\\\/sara-tula-y-el-mar-9788426146717\\\/#primaryimage\"},\"thumbnailUrl\":\"https:\\\/\\\/www.editorialjuventud.es\\\/wp-content\\\/uploads\\\/9788426146717.jpg\",\"datePublished\":\"2020-06-29T08:27:21+00:00\",\"dateModified\":\"2025-01-22T11:50:35+00:00\",\"description\":\"A Sara no le gusta nada la playa. Hay un jaleo tremendo; los dem\u00e1s ni\u00f1os no paran de gritar y chillar mientras chapotean en el agua. En cambio, a Tula, su\",\"breadcrumb\":{\"@id\":\"https:\\\/\\\/www.editorialjuventud.es\\\/sara-tula-y-el-mar-9788426146717\\\/#breadcrumb\"},\"inLanguage\":\"ca\",\"potentialAction\":[{\"@type\":\"ReadAction\",\"target\":[\"https:\\\/\\\/www.editorialjuventud.es\\\/sara-tula-y-el-mar-9788426146717\\\/\"]}]},{\"@type\":\"ImageObject\",\"inLanguage\":\"ca\",\"@id\":\"https:\\\/\\\/www.editorialjuventud.es\\\/sara-tula-y-el-mar-9788426146717\\\/#primaryimage\",\"url\":\"https:\\\/\\\/www.editorialjuventud.es\\\/wp-content\\\/uploads\\\/9788426146717.jpg\",\"contentUrl\":\"https:\\\/\\\/www.editorialjuventud.es\\\/wp-content\\\/uploads\\\/9788426146717.jpg\",\"width\":1056,\"height\":1200,\"caption\":\"9788426146717.jpg\"},{\"@type\":\"BreadcrumbList\",\"@id\":\"https:\\\/\\\/www.editorialjuventud.es\\\/sara-tula-y-el-mar-9788426146717\\\/#breadcrumb\",\"itemListElement\":[{\"@type\":\"ListItem\",\"position\":1,\"name\":\"Portada\",\"item\":\"https:\\\/\\\/www.editorialjuventud.es\\\/\"},{\"@type\":\"ListItem\",\"position\":2,\"name\":\"cat\u00e1logo\",\"item\":\"https:\\\/\\\/www.editorialjuventud.es\\\/coleccion\\\/catalogo\\\/\"},{\"@type\":\"ListItem\",\"position\":3,\"name\":\"castellano\",\"item\":\"https:\\\/\\\/www.editorialjuventud.es\\\/coleccion\\\/castellano\\\/\"},{\"@type\":\"ListItem\",\"position\":4,\"name\":\"\u00c1lbumes Ilustrados\",\"item\":\"https:\\\/\\\/www.editorialjuventud.es\\\/coleccion\\\/albumes-ilustrados\\\/\"},{\"@type\":\"ListItem\",\"position\":5,\"name\":\"Mar de Fantas\u00eda\",\"item\":\"https:\\\/\\\/www.editorialjuventud.es\\\/coleccion\\\/mar-de-fantasia-albumes-ilustrados\\\/\"},{\"@type\":\"ListItem\",\"position\":6,\"name\":\"Sara, Tula y el mar\"}]},{\"@type\":\"WebSite\",\"@id\":\"https:\\\/\\\/www.editorialjuventud.es\\\/#website\",\"url\":\"https:\\\/\\\/www.editorialjuventud.es\\\/\",\"name\":\"Editorial Juventud\",\"description\":\"\",\"potentialAction\":[{\"@type\":\"SearchAction\",\"target\":{\"@type\":\"EntryPoint\",\"urlTemplate\":\"https:\\\/\\\/www.editorialjuventud.es\\\/?s={search_term_string}\"},\"query-input\":{\"@type\":\"PropertyValueSpecification\",\"valueRequired\":true,\"valueName\":\"search_term_string\"}}],\"inLanguage\":\"ca\"}]}<\/script>\n<!-- \/ Yoast SEO plugin. -->","yoast_head_json":{"title":"Sara, Tula y el mar - Editorial Juventud","description":"A Sara no le gusta nada la playa. Hay un jaleo tremendo; los dem\u00e1s ni\u00f1os no paran de gritar y chillar mientras chapotean en el agua. En cambio, a Tula, su","robots":{"index":"index","follow":"follow","max-snippet":"max-snippet:-1","max-image-preview":"max-image-preview:large","max-video-preview":"max-video-preview:-1"},"canonical":"https:\/\/www.editorialjuventud.es\/sara-tula-y-el-mar-9788426146717\/","og_locale":"ca_ES","og_type":"article","og_title":"Sara, Tula y el mar - Editorial Juventud","og_description":"A Sara no le gusta nada la playa. Hay un jaleo tremendo; los dem\u00e1s ni\u00f1os no paran de gritar y chillar mientras chapotean en el agua. En cambio, a Tula, su","og_url":"https:\/\/www.editorialjuventud.es\/sara-tula-y-el-mar-9788426146717\/","og_site_name":"Editorial Juventud","article_modified_time":"2025-01-22T11:50:35+00:00","og_image":[{"width":1056,"height":1200,"url":"https:\/\/www.editorialjuventud.es\/wp-content\/uploads\/9788426146717.jpg","type":"image\/jpeg"}],"twitter_card":"summary_large_image","twitter_misc":{"Temps estimat de lectura":"2 minuts"},"schema":{"@context":"https:\/\/schema.org","@graph":[{"@type":"WebPage","@id":"https:\/\/www.editorialjuventud.es\/sara-tula-y-el-mar-9788426146717\/","url":"https:\/\/www.editorialjuventud.es\/sara-tula-y-el-mar-9788426146717\/","name":"Sara, Tula y el mar - Editorial Juventud","isPartOf":{"@id":"https:\/\/www.editorialjuventud.es\/#website"},"primaryImageOfPage":{"@id":"https:\/\/www.editorialjuventud.es\/sara-tula-y-el-mar-9788426146717\/#primaryimage"},"image":{"@id":"https:\/\/www.editorialjuventud.es\/sara-tula-y-el-mar-9788426146717\/#primaryimage"},"thumbnailUrl":"https:\/\/www.editorialjuventud.es\/wp-content\/uploads\/9788426146717.jpg","datePublished":"2020-06-29T08:27:21+00:00","dateModified":"2025-01-22T11:50:35+00:00","description":"A Sara no le gusta nada la playa. Hay un jaleo tremendo; los dem\u00e1s ni\u00f1os no paran de gritar y chillar mientras chapotean en el agua. En cambio, a Tula, su","breadcrumb":{"@id":"https:\/\/www.editorialjuventud.es\/sara-tula-y-el-mar-9788426146717\/#breadcrumb"},"inLanguage":"ca","potentialAction":[{"@type":"ReadAction","target":["https:\/\/www.editorialjuventud.es\/sara-tula-y-el-mar-9788426146717\/"]}]},{"@type":"ImageObject","inLanguage":"ca","@id":"https:\/\/www.editorialjuventud.es\/sara-tula-y-el-mar-9788426146717\/#primaryimage","url":"https:\/\/www.editorialjuventud.es\/wp-content\/uploads\/9788426146717.jpg","contentUrl":"https:\/\/www.editorialjuventud.es\/wp-content\/uploads\/9788426146717.jpg","width":1056,"height":1200,"caption":"9788426146717.jpg"},{"@type":"BreadcrumbList","@id":"https:\/\/www.editorialjuventud.es\/sara-tula-y-el-mar-9788426146717\/#breadcrumb","itemListElement":[{"@type":"ListItem","position":1,"name":"Portada","item":"https:\/\/www.editorialjuventud.es\/"},{"@type":"ListItem","position":2,"name":"cat\u00e1logo","item":"https:\/\/www.editorialjuventud.es\/coleccion\/catalogo\/"},{"@type":"ListItem","position":3,"name":"castellano","item":"https:\/\/www.editorialjuventud.es\/coleccion\/castellano\/"},{"@type":"ListItem","position":4,"name":"\u00c1lbumes Ilustrados","item":"https:\/\/www.editorialjuventud.es\/coleccion\/albumes-ilustrados\/"},{"@type":"ListItem","position":5,"name":"Mar de Fantas\u00eda","item":"https:\/\/www.editorialjuventud.es\/coleccion\/mar-de-fantasia-albumes-ilustrados\/"},{"@type":"ListItem","position":6,"name":"Sara, Tula y el mar"}]},{"@type":"WebSite","@id":"https:\/\/www.editorialjuventud.es\/#website","url":"https:\/\/www.editorialjuventud.es\/","name":"Editorial Juventud","description":"","potentialAction":[{"@type":"SearchAction","target":{"@type":"EntryPoint","urlTemplate":"https:\/\/www.editorialjuventud.es\/?s={search_term_string}"},"query-input":{"@type":"PropertyValueSpecification","valueRequired":true,"valueName":"search_term_string"}}],"inLanguage":"ca"}]}},"_links":{"self":[{"href":"https:\/\/www.editorialjuventud.es\/ca\/wp-json\/wp\/v2\/product\/42261","targetHints":{"allow":["GET"]}}],"collection":[{"href":"https:\/\/www.editorialjuventud.es\/ca\/wp-json\/wp\/v2\/product"}],"about":[{"href":"https:\/\/www.editorialjuventud.es\/ca\/wp-json\/wp\/v2\/types\/product"}],"wp:featuredmedia":[{"embeddable":true,"href":"https:\/\/www.editorialjuventud.es\/ca\/wp-json\/wp\/v2\/media\/42262"}],"wp:attachment":[{"href":"https:\/\/www.editorialjuventud.es\/ca\/wp-json\/wp\/v2\/media?parent=42261"}],"wp:term":[{"taxonomy":"product_brand","embeddable":true,"href":"https:\/\/www.editorialjuventud.es\/ca\/wp-json\/wp\/v2\/product_brand?post=42261"},{"taxonomy":"product_cat","embeddable":true,"href":"https:\/\/www.editorialjuventud.es\/ca\/wp-json\/wp\/v2\/product_cat?post=42261"},{"taxonomy":"product_tag","embeddable":true,"href":"https:\/\/www.editorialjuventud.es\/ca\/wp-json\/wp\/v2\/product_tag?post=42261"},{"taxonomy":"coleccion","embeddable":true,"href":"https:\/\/www.editorialjuventud.es\/ca\/wp-json\/wp\/v2\/coleccion?post=42261"}],"curies":[{"name":"wp","href":"https:\/\/api.w.org\/{rel}","templated":true}]}}