{"id":42258,"date":"2020-06-29T10:25:51","date_gmt":"2020-06-29T08:25:51","guid":{"rendered":"https:\/\/www.editorialjuventud.es\/contes-per-telefon-edicio-especial-9788426146649\/"},"modified":"2025-07-14T09:15:37","modified_gmt":"2025-07-14T07:15:37","slug":"ee-contes-per-telefon-9788426146649","status":"publish","type":"product","link":"https:\/\/www.editorialjuventud.es\/ca\/ee-contes-per-telefon-9788426146649\/","title":{"rendered":"(E.E.) Contes per tel\u00e8fon"},"content":{"rendered":"<p>La filla del senyor Bianchi de Varese no pot adormir-se sense un conte. Aix\u00ed doncs, el seu pare, representant de comer\u00e7, onsevulga que fos, truca a la seva filla cada nit i li explica un conte per tel\u00e8fon. Diuen que quan el senyor Bianchi demanava Varese, les senyoretes de la centraleta interrompien totes les telefonades per escoltar les seves hist\u00f2ries. Oh! I tant! N&#8217;hi ha algunes de tan boniques&#8230;<\/p>\n<p>Contes per tel\u00e8fon (1962), \u00e9s un dels llibres m\u00e9s significatius del nostre cat\u00e0leg, ja que continua publicant-se i llegint-se a les escoles amb el mateix \u00e8xit des de fa m\u00e9s de mig segle. Per aix\u00f2, en el centenari del naixement de Rodari, hem volgut homenatjar-lo amb aquesta edici\u00f3 especial, amb nova maqueta i il\u00b7lustracions a color. Setanta contes que neixen d&#8217;una visi\u00f3 cr\u00edtica del m\u00f3n, plena de realitat i optimisme, que conviden a pensar amb amplitud de mires i sense prejudicis, sempre pel cam\u00ed de la toler\u00e0ncia i l&#8217;amistat.<\/p>\n","protected":false},"excerpt":{"rendered":"La filla del senyor Bianchi de Varese no pot adormir-se sense un conte. Aix\u00ed doncs, el seu pare, representant de comer\u00e7, onsevulga que fos, truca a la seva filla cada nit i li explica un conte per tel\u00e8fon. Diuen que [&hellip;]","protected":false},"featured_media":42259,"template":"","meta":{"_acf_changed":false,"_exactmetrics_skip_tracking":false,"_exactmetrics_sitenote_active":false,"_exactmetrics_sitenote_note":"","_exactmetrics_sitenote_category":0},"product_brand":[],"product_cat":[902,1158,1184,1190,1118,1119,1205],"product_tag":[],"coleccion":[915,918],"class_list":{"0":"post-42258","1":"product","2":"type-product","3":"status-publish","4":"has-post-thumbnail","6":"product_cat-a-partir-de-7-anos","7":"product_cat-critica-social","8":"product_cat-humor","9":"product_cat-libertad","10":"product_cat-literatura-clasica","11":"product_cat-narrativa-juvenil","12":"product_cat-padres","13":"coleccion-catala","14":"coleccion-contes-universals","16":"first","17":"instock","18":"taxable","19":"shipping-taxable","20":"purchasable","21":"product-type-simple"},"acf":{"indice":"","autor":"Rodari, Gianni","codart":"4664","ediciones":"2","encuadernacion":"Carton\u00e9","fecha_de_publicacion":"01\/07\/2020","fecha_de_reimpresion":"01\/11\/2023","novedad":"0","paginas":"240","subtitulo":"Edici\u00f3 Especial pel Centenari de Rodari","texto_web_adicional":"","autores-libros":[16585],"ilustradores-libros":[18292],"texto_web_novedad":"","orden":"999","portada":"0","texto_web_resaltado":"","traductores-libros":[17515],"descripcion_corta":"En el centenari del naixement de Rodari, hem volgut homenatjar-lo amb aquesta edici\u00f3 especial, amb nou format i il\u00b7lustracions en color.","recomendamos":"","mas_vendido":"","idioma-libro":"","color":false,"formato":"","mas_informacion_del_producto":false,"premios":false,"deshabilitar_compra":["deshabilitar"],"texto_enlace_cubierta":"","enlace_cubierta":{"ID":42337,"id":42337,"title":"cover CONTES PER TELEFON (lomo 26mm).indd","filename":"cover-CONTES-PER-TELEFON_alta.jpg","filesize":231986,"url":"https:\/\/www.editorialjuventud.es\/wp-content\/uploads\/cover-CONTES-PER-TELEFON_alta.jpg","link":"https:\/\/www.editorialjuventud.es\/ca\/?attachment_id=42337","alt":"","author":"49","description":"","caption":"","name":"cover-contes-per-telefon-lomo-26mm-indd-2","status":"inherit","uploaded_to":42258,"date":"2020-06-30 07:45:23","modified":"2020-06-30 07:45:23","menu_order":0,"mime_type":"image\/jpeg","type":"image","subtype":"jpeg","icon":"https:\/\/www.editorialjuventud.es\/wp-includes\/images\/media\/default.png","width":2066,"height":2773,"sizes":{"thumbnail":"https:\/\/www.editorialjuventud.es\/wp-content\/uploads\/cover-CONTES-PER-TELEFON_alta-200x200.jpg","thumbnail-width":200,"thumbnail-height":200,"medium":"https:\/\/www.editorialjuventud.es\/wp-content\/uploads\/cover-CONTES-PER-TELEFON_alta.jpg","medium-width":2066,"medium-height":2773,"medium_large":"https:\/\/www.editorialjuventud.es\/wp-content\/uploads\/cover-CONTES-PER-TELEFON_alta-768x1031.jpg","medium_large-width":768,"medium_large-height":1031,"large":"https:\/\/www.editorialjuventud.es\/wp-content\/uploads\/cover-CONTES-PER-TELEFON_alta.jpg","large-width":2066,"large-height":2773,"1536x1536":"https:\/\/www.editorialjuventud.es\/wp-content\/uploads\/cover-CONTES-PER-TELEFON_alta.jpg","1536x1536-width":1144,"1536x1536-height":1536,"2048x2048":"https:\/\/www.editorialjuventud.es\/wp-content\/uploads\/cover-CONTES-PER-TELEFON_alta.jpg","2048x2048-width":1526,"2048x2048-height":2048,"woocommerce_thumbnail":"https:\/\/www.editorialjuventud.es\/wp-content\/uploads\/cover-CONTES-PER-TELEFON_alta-350x470.jpg","woocommerce_thumbnail-width":350,"woocommerce_thumbnail-height":470,"woocommerce_single":"https:\/\/www.editorialjuventud.es\/wp-content\/uploads\/cover-CONTES-PER-TELEFON_alta-900x1208.jpg","woocommerce_single-width":900,"woocommerce_single-height":1208,"woocommerce_gallery_thumbnail":"https:\/\/www.editorialjuventud.es\/wp-content\/uploads\/cover-CONTES-PER-TELEFON_alta-100x100.jpg","woocommerce_gallery_thumbnail-width":100,"woocommerce_gallery_thumbnail-height":100,"ppec_logo_image_size":"https:\/\/www.editorialjuventud.es\/wp-content\/uploads\/cover-CONTES-PER-TELEFON_alta.jpg","ppec_logo_image_size-width":45,"ppec_logo_image_size-height":60,"ppec_header_image_size":"https:\/\/www.editorialjuventud.es\/wp-content\/uploads\/cover-CONTES-PER-TELEFON_alta.jpg","ppec_header_image_size-width":67,"ppec_header_image_size-height":90}},"texto_enlace_ficha_tecnica":"","enlace_ficha_tecnica":{"ID":42422,"id":42422,"title":"Fitxa_Contes per tel\u00e8fon EE_CAT","filename":"Fitxa_Contes-per-tel\u00e8fon-EE_CAT.pdf","filesize":326061,"url":"https:\/\/www.editorialjuventud.es\/wp-content\/uploads\/Fitxa_Contes-per-tel\u00e8fon-EE_CAT.pdf","link":"https:\/\/www.editorialjuventud.es\/ca\/?attachment_id=42422","alt":"","author":"49","description":"","caption":"","name":"fitxa_contes-per-telefon-ee_cat","status":"inherit","uploaded_to":42258,"date":"2020-07-02 09:52:16","modified":"2020-07-02 09:52:16","menu_order":0,"mime_type":"application\/pdf","type":"application","subtype":"pdf","icon":"https:\/\/www.editorialjuventud.es\/wp-includes\/images\/media\/document.png"},"ficheros":false,"titulo-fr":"","texto-fr":""},"yoast_head":"<!-- This site is optimized with the Yoast SEO plugin v27.5 - https:\/\/yoast.com\/product\/yoast-seo-wordpress\/ -->\n<title>(E.E.) Contes per tel\u00e8fon - Editorial Juventud<\/title>\n<meta name=\"description\" content=\"La filla del senyor Bianchi de Varese no pot adormir-se sense un conte. Aix\u00ed doncs, el seu pare, representant de comer\u00e7, onsevulga que fos, truca a la En el centenari del naixement de Rodari, hem volgut homenatjar-lo amb aquesta edici\u00f3 especial, amb nou format i il\u00b7lustracions en color. Setanta contes que neixen d\u2019una visi\u00f3 cr\u00edtica del m\u00f3n, plena de realitat i optimisme % %\" \/>\n<meta name=\"robots\" content=\"index, follow, max-snippet:-1, max-image-preview:large, max-video-preview:-1\" \/>\n<link rel=\"canonical\" href=\"https:\/\/www.editorialjuventud.es\/ee-contes-per-telefon-9788426146649\/\" \/>\n<meta property=\"og:locale\" content=\"ca_ES\" \/>\n<meta property=\"og:type\" content=\"article\" \/>\n<meta property=\"og:title\" content=\"(E.E.) Contes per tel\u00e8fon - Editorial Juventud\" \/>\n<meta property=\"og:description\" content=\"La filla del senyor Bianchi de Varese no pot adormir-se sense un conte. Aix\u00ed doncs, el seu pare, representant de comer\u00e7, onsevulga que fos, truca a la En el centenari del naixement de Rodari, hem volgut homenatjar-lo amb aquesta edici\u00f3 especial, amb nou format i il\u00b7lustracions en color. Setanta contes que neixen d\u2019una visi\u00f3 cr\u00edtica del m\u00f3n, plena de realitat i optimisme % %\" \/>\n<meta property=\"og:url\" content=\"https:\/\/www.editorialjuventud.es\/ee-contes-per-telefon-9788426146649\/\" \/>\n<meta property=\"og:site_name\" content=\"Editorial Juventud\" \/>\n<meta property=\"article:modified_time\" content=\"2025-07-14T07:15:37+00:00\" \/>\n<meta property=\"og:image\" content=\"https:\/\/www.editorialjuventud.es\/wp-content\/uploads\/9788426146649.jpg\" \/>\n\t<meta property=\"og:image:width\" content=\"894\" \/>\n\t<meta property=\"og:image:height\" content=\"1200\" \/>\n\t<meta property=\"og:image:type\" content=\"image\/jpeg\" \/>\n<meta name=\"twitter:card\" content=\"summary_large_image\" \/>\n<meta name=\"twitter:label1\" content=\"Temps estimat de lectura\" \/>\n\t<meta name=\"twitter:data1\" content=\"1 minut\" \/>\n<script type=\"application\/ld+json\" class=\"yoast-schema-graph\">{\"@context\":\"https:\\\/\\\/schema.org\",\"@graph\":[{\"@type\":\"WebPage\",\"@id\":\"https:\\\/\\\/www.editorialjuventud.es\\\/ee-contes-per-telefon-9788426146649\\\/\",\"url\":\"https:\\\/\\\/www.editorialjuventud.es\\\/ee-contes-per-telefon-9788426146649\\\/\",\"name\":\"(E.E.) Contes per tel\u00e8fon - Editorial Juventud\",\"isPartOf\":{\"@id\":\"https:\\\/\\\/www.editorialjuventud.es\\\/#website\"},\"primaryImageOfPage\":{\"@id\":\"https:\\\/\\\/www.editorialjuventud.es\\\/ee-contes-per-telefon-9788426146649\\\/#primaryimage\"},\"image\":{\"@id\":\"https:\\\/\\\/www.editorialjuventud.es\\\/ee-contes-per-telefon-9788426146649\\\/#primaryimage\"},\"thumbnailUrl\":\"https:\\\/\\\/www.editorialjuventud.es\\\/wp-content\\\/uploads\\\/9788426146649.jpg\",\"datePublished\":\"2020-06-29T08:25:51+00:00\",\"dateModified\":\"2025-07-14T07:15:37+00:00\",\"description\":\"La filla del senyor Bianchi de Varese no pot adormir-se sense un conte. Aix\u00ed doncs, el seu pare, representant de comer\u00e7, onsevulga que fos, truca a la En el centenari del naixement de Rodari, hem volgut homenatjar-lo amb aquesta edici\u00f3 especial, amb nou format i il\u00b7lustracions en color. Setanta contes que neixen d\u2019una visi\u00f3 cr\u00edtica del m\u00f3n, plena de realitat i optimisme % %\",\"breadcrumb\":{\"@id\":\"https:\\\/\\\/www.editorialjuventud.es\\\/ee-contes-per-telefon-9788426146649\\\/#breadcrumb\"},\"inLanguage\":\"ca\",\"potentialAction\":[{\"@type\":\"ReadAction\",\"target\":[\"https:\\\/\\\/www.editorialjuventud.es\\\/ee-contes-per-telefon-9788426146649\\\/\"]}]},{\"@type\":\"ImageObject\",\"inLanguage\":\"ca\",\"@id\":\"https:\\\/\\\/www.editorialjuventud.es\\\/ee-contes-per-telefon-9788426146649\\\/#primaryimage\",\"url\":\"https:\\\/\\\/www.editorialjuventud.es\\\/wp-content\\\/uploads\\\/9788426146649.jpg\",\"contentUrl\":\"https:\\\/\\\/www.editorialjuventud.es\\\/wp-content\\\/uploads\\\/9788426146649.jpg\",\"width\":894,\"height\":1200,\"caption\":\"9788426146649.jpg\"},{\"@type\":\"BreadcrumbList\",\"@id\":\"https:\\\/\\\/www.editorialjuventud.es\\\/ee-contes-per-telefon-9788426146649\\\/#breadcrumb\",\"itemListElement\":[{\"@type\":\"ListItem\",\"position\":1,\"name\":\"Portada\",\"item\":\"https:\\\/\\\/www.editorialjuventud.es\\\/\"},{\"@type\":\"ListItem\",\"position\":2,\"name\":\"cat\u00e1logo\",\"item\":\"https:\\\/\\\/www.editorialjuventud.es\\\/coleccion\\\/catalogo\\\/\"},{\"@type\":\"ListItem\",\"position\":3,\"name\":\"catal\u00e0\",\"item\":\"https:\\\/\\\/www.editorialjuventud.es\\\/coleccion\\\/catala\\\/\"},{\"@type\":\"ListItem\",\"position\":4,\"name\":\"Contes Universals\",\"item\":\"https:\\\/\\\/www.editorialjuventud.es\\\/coleccion\\\/contes-universals\\\/\"},{\"@type\":\"ListItem\",\"position\":5,\"name\":\"(E.E.) Contes per tel\u00e8fon\"}]},{\"@type\":\"WebSite\",\"@id\":\"https:\\\/\\\/www.editorialjuventud.es\\\/#website\",\"url\":\"https:\\\/\\\/www.editorialjuventud.es\\\/\",\"name\":\"Editorial Juventud\",\"description\":\"\",\"potentialAction\":[{\"@type\":\"SearchAction\",\"target\":{\"@type\":\"EntryPoint\",\"urlTemplate\":\"https:\\\/\\\/www.editorialjuventud.es\\\/?s={search_term_string}\"},\"query-input\":{\"@type\":\"PropertyValueSpecification\",\"valueRequired\":true,\"valueName\":\"search_term_string\"}}],\"inLanguage\":\"ca\"}]}<\/script>\n<!-- \/ Yoast SEO plugin. -->","yoast_head_json":{"title":"(E.E.) Contes per tel\u00e8fon - Editorial Juventud","description":"La filla del senyor Bianchi de Varese no pot adormir-se sense un conte. Aix\u00ed doncs, el seu pare, representant de comer\u00e7, onsevulga que fos, truca a la En el centenari del naixement de Rodari, hem volgut homenatjar-lo amb aquesta edici\u00f3 especial, amb nou format i il\u00b7lustracions en color. Setanta contes que neixen d\u2019una visi\u00f3 cr\u00edtica del m\u00f3n, plena de realitat i optimisme % %","robots":{"index":"index","follow":"follow","max-snippet":"max-snippet:-1","max-image-preview":"max-image-preview:large","max-video-preview":"max-video-preview:-1"},"canonical":"https:\/\/www.editorialjuventud.es\/ee-contes-per-telefon-9788426146649\/","og_locale":"ca_ES","og_type":"article","og_title":"(E.E.) Contes per tel\u00e8fon - Editorial Juventud","og_description":"La filla del senyor Bianchi de Varese no pot adormir-se sense un conte. Aix\u00ed doncs, el seu pare, representant de comer\u00e7, onsevulga que fos, truca a la En el centenari del naixement de Rodari, hem volgut homenatjar-lo amb aquesta edici\u00f3 especial, amb nou format i il\u00b7lustracions en color. Setanta contes que neixen d\u2019una visi\u00f3 cr\u00edtica del m\u00f3n, plena de realitat i optimisme % %","og_url":"https:\/\/www.editorialjuventud.es\/ee-contes-per-telefon-9788426146649\/","og_site_name":"Editorial Juventud","article_modified_time":"2025-07-14T07:15:37+00:00","og_image":[{"width":894,"height":1200,"url":"https:\/\/www.editorialjuventud.es\/wp-content\/uploads\/9788426146649.jpg","type":"image\/jpeg"}],"twitter_card":"summary_large_image","twitter_misc":{"Temps estimat de lectura":"1 minut"},"schema":{"@context":"https:\/\/schema.org","@graph":[{"@type":"WebPage","@id":"https:\/\/www.editorialjuventud.es\/ee-contes-per-telefon-9788426146649\/","url":"https:\/\/www.editorialjuventud.es\/ee-contes-per-telefon-9788426146649\/","name":"(E.E.) Contes per tel\u00e8fon - Editorial Juventud","isPartOf":{"@id":"https:\/\/www.editorialjuventud.es\/#website"},"primaryImageOfPage":{"@id":"https:\/\/www.editorialjuventud.es\/ee-contes-per-telefon-9788426146649\/#primaryimage"},"image":{"@id":"https:\/\/www.editorialjuventud.es\/ee-contes-per-telefon-9788426146649\/#primaryimage"},"thumbnailUrl":"https:\/\/www.editorialjuventud.es\/wp-content\/uploads\/9788426146649.jpg","datePublished":"2020-06-29T08:25:51+00:00","dateModified":"2025-07-14T07:15:37+00:00","description":"La filla del senyor Bianchi de Varese no pot adormir-se sense un conte. Aix\u00ed doncs, el seu pare, representant de comer\u00e7, onsevulga que fos, truca a la En el centenari del naixement de Rodari, hem volgut homenatjar-lo amb aquesta edici\u00f3 especial, amb nou format i il\u00b7lustracions en color. Setanta contes que neixen d\u2019una visi\u00f3 cr\u00edtica del m\u00f3n, plena de realitat i optimisme % %","breadcrumb":{"@id":"https:\/\/www.editorialjuventud.es\/ee-contes-per-telefon-9788426146649\/#breadcrumb"},"inLanguage":"ca","potentialAction":[{"@type":"ReadAction","target":["https:\/\/www.editorialjuventud.es\/ee-contes-per-telefon-9788426146649\/"]}]},{"@type":"ImageObject","inLanguage":"ca","@id":"https:\/\/www.editorialjuventud.es\/ee-contes-per-telefon-9788426146649\/#primaryimage","url":"https:\/\/www.editorialjuventud.es\/wp-content\/uploads\/9788426146649.jpg","contentUrl":"https:\/\/www.editorialjuventud.es\/wp-content\/uploads\/9788426146649.jpg","width":894,"height":1200,"caption":"9788426146649.jpg"},{"@type":"BreadcrumbList","@id":"https:\/\/www.editorialjuventud.es\/ee-contes-per-telefon-9788426146649\/#breadcrumb","itemListElement":[{"@type":"ListItem","position":1,"name":"Portada","item":"https:\/\/www.editorialjuventud.es\/"},{"@type":"ListItem","position":2,"name":"cat\u00e1logo","item":"https:\/\/www.editorialjuventud.es\/coleccion\/catalogo\/"},{"@type":"ListItem","position":3,"name":"catal\u00e0","item":"https:\/\/www.editorialjuventud.es\/coleccion\/catala\/"},{"@type":"ListItem","position":4,"name":"Contes Universals","item":"https:\/\/www.editorialjuventud.es\/coleccion\/contes-universals\/"},{"@type":"ListItem","position":5,"name":"(E.E.) Contes per tel\u00e8fon"}]},{"@type":"WebSite","@id":"https:\/\/www.editorialjuventud.es\/#website","url":"https:\/\/www.editorialjuventud.es\/","name":"Editorial Juventud","description":"","potentialAction":[{"@type":"SearchAction","target":{"@type":"EntryPoint","urlTemplate":"https:\/\/www.editorialjuventud.es\/?s={search_term_string}"},"query-input":{"@type":"PropertyValueSpecification","valueRequired":true,"valueName":"search_term_string"}}],"inLanguage":"ca"}]}},"_links":{"self":[{"href":"https:\/\/www.editorialjuventud.es\/ca\/wp-json\/wp\/v2\/product\/42258","targetHints":{"allow":["GET"]}}],"collection":[{"href":"https:\/\/www.editorialjuventud.es\/ca\/wp-json\/wp\/v2\/product"}],"about":[{"href":"https:\/\/www.editorialjuventud.es\/ca\/wp-json\/wp\/v2\/types\/product"}],"wp:featuredmedia":[{"embeddable":true,"href":"https:\/\/www.editorialjuventud.es\/ca\/wp-json\/wp\/v2\/media\/42259"}],"wp:attachment":[{"href":"https:\/\/www.editorialjuventud.es\/ca\/wp-json\/wp\/v2\/media?parent=42258"}],"wp:term":[{"taxonomy":"product_brand","embeddable":true,"href":"https:\/\/www.editorialjuventud.es\/ca\/wp-json\/wp\/v2\/product_brand?post=42258"},{"taxonomy":"product_cat","embeddable":true,"href":"https:\/\/www.editorialjuventud.es\/ca\/wp-json\/wp\/v2\/product_cat?post=42258"},{"taxonomy":"product_tag","embeddable":true,"href":"https:\/\/www.editorialjuventud.es\/ca\/wp-json\/wp\/v2\/product_tag?post=42258"},{"taxonomy":"coleccion","embeddable":true,"href":"https:\/\/www.editorialjuventud.es\/ca\/wp-json\/wp\/v2\/coleccion?post=42258"}],"curies":[{"name":"wp","href":"https:\/\/api.w.org\/{rel}","templated":true}]}}