{"id":42255,"date":"2020-06-29T10:25:09","date_gmt":"2020-06-29T08:25:09","guid":{"rendered":"https:\/\/www.editorialjuventud.es\/cuentos-por-telefono-edicion-especial-9788426146632\/"},"modified":"2026-03-24T10:24:07","modified_gmt":"2026-03-24T09:24:07","slug":"ee-cuentos-por-telefono-9788426146632","status":"publish","type":"product","link":"https:\/\/www.editorialjuventud.es\/ca\/ee-cuentos-por-telefono-9788426146632\/","title":{"rendered":"(E.E.) Cuentos por tel\u00e9fono"},"content":{"rendered":"<p>La hija del se\u00f1or Bianchi no puede dormirse sin que le cuenten un cuento. As\u00ed que su padre, viajante de comercio, cada noche, estuviera donde estuviese, la telefoneaba a las nueve en punto y le contaba un cuento. Dicen que cuando el se\u00f1or Bianchi telefoneaba a Varese, las se\u00f1oritas de la telef\u00f3nica suspend\u00edan todas las llamadas para escuchar sus cuentos. \u00a1Claro! Algunos son tan bonitos&#8230;<br \/>\nCuentos por tel\u00e9fono (1962), es uno de los libros m\u00e1s significativos de nuestro cat\u00e1logo, ya que sigue public\u00e1ndose y ley\u00e9ndose en las escuelas con el mismo \u00e9xito desde hace m\u00e1s de medio siglo. Por ello, en el centenario del nacimiento de Rodari, hemos querido homenajearlo que esta edici\u00f3n especial, con nueva maqueta e ilustraciones a color. Setenta cuentos que nacen de una visi\u00f3n cr\u00edtica del mundo, llena de realidad y optimismo, que invitan a pensar con amplitud de miras y sin prejuicios, siempre por el camino de la tolerancia y la amistad.<\/p>\n","protected":false},"excerpt":{"rendered":"La hija del se\u00f1or Bianchi no puede dormirse sin que le cuenten un cuento. As\u00ed que su padre, viajante de comercio, cada noche, estuviera donde estuviese, la telefoneaba a las nueve en punto y le contaba un cuento. Dicen que [&hellip;]","protected":false},"featured_media":42256,"template":"","meta":{"_acf_changed":false,"_exactmetrics_skip_tracking":false,"_exactmetrics_sitenote_active":false,"_exactmetrics_sitenote_note":"","_exactmetrics_sitenote_category":0},"product_brand":[],"product_cat":[902,1158,1184,1190,1119,1205],"product_tag":[],"coleccion":[916,931],"class_list":{"0":"post-42255","1":"product","2":"type-product","3":"status-publish","4":"has-post-thumbnail","6":"product_cat-a-partir-de-7-anos","7":"product_cat-critica-social","8":"product_cat-humor","9":"product_cat-libertad","10":"product_cat-narrativa-juvenil","11":"product_cat-padres","12":"coleccion-castellano","13":"coleccion-cuentos-universales","15":"first","16":"instock","17":"taxable","18":"shipping-taxable","19":"purchasable","20":"product-type-simple"},"acf":{"indice":"","autor":"Rodari, Gianni","codart":"4663","ediciones":"2","encuadernacion":"Carton\u00e9","fecha_de_publicacion":"01\/07\/2020","fecha_de_reimpresion":"01\/11\/2023","novedad":"0","paginas":"240","subtitulo":"Edici\u00f3n Especial por el Centenario de Rodari","texto_web_adicional":"","autores-libros":[16585],"ilustradores-libros":[18292],"texto_web_novedad":"","orden":"999","portada":"0","texto_web_resaltado":"","traductores-libros":[36437],"descripcion_corta":"En el centenario del nacimiento de Rodari, hemos querido homenajearlo con esta edici\u00f3n especial, con nuevo formato e ilustraciones a color.","recomendamos":"","mas_vendido":"","idioma-libro":"","color":false,"formato":"","mas_informacion_del_producto":false,"premios":false,"deshabilitar_compra":["deshabilitar"],"texto_enlace_cubierta":"","enlace_cubierta":{"ID":42353,"id":42353,"title":"cover CUENTOS POR TELEFONO (lomo 26mm).indd","filename":"cover-CUENTOS-POR-TELEFONO_alta.jpg","filesize":236994,"url":"https:\/\/www.editorialjuventud.es\/wp-content\/uploads\/cover-CUENTOS-POR-TELEFONO_alta.jpg","link":"https:\/\/www.editorialjuventud.es\/ca\/?attachment_id=42353","alt":"","author":"49","description":"","caption":"","name":"cover-cuentos-por-telefono-lomo-26mm-indd-2","status":"inherit","uploaded_to":42255,"date":"2020-06-30 07:52:32","modified":"2020-06-30 07:52:32","menu_order":0,"mime_type":"image\/jpeg","type":"image","subtype":"jpeg","icon":"https:\/\/www.editorialjuventud.es\/wp-includes\/images\/media\/default.png","width":2066,"height":2773,"sizes":{"thumbnail":"https:\/\/www.editorialjuventud.es\/wp-content\/uploads\/cover-CUENTOS-POR-TELEFONO_alta-200x200.jpg","thumbnail-width":200,"thumbnail-height":200,"medium":"https:\/\/www.editorialjuventud.es\/wp-content\/uploads\/cover-CUENTOS-POR-TELEFONO_alta.jpg","medium-width":2066,"medium-height":2773,"medium_large":"https:\/\/www.editorialjuventud.es\/wp-content\/uploads\/cover-CUENTOS-POR-TELEFONO_alta-768x1031.jpg","medium_large-width":768,"medium_large-height":1031,"large":"https:\/\/www.editorialjuventud.es\/wp-content\/uploads\/cover-CUENTOS-POR-TELEFONO_alta.jpg","large-width":2066,"large-height":2773,"1536x1536":"https:\/\/www.editorialjuventud.es\/wp-content\/uploads\/cover-CUENTOS-POR-TELEFONO_alta.jpg","1536x1536-width":1144,"1536x1536-height":1536,"2048x2048":"https:\/\/www.editorialjuventud.es\/wp-content\/uploads\/cover-CUENTOS-POR-TELEFONO_alta.jpg","2048x2048-width":1526,"2048x2048-height":2048,"woocommerce_thumbnail":"https:\/\/www.editorialjuventud.es\/wp-content\/uploads\/cover-CUENTOS-POR-TELEFONO_alta-350x470.jpg","woocommerce_thumbnail-width":350,"woocommerce_thumbnail-height":470,"woocommerce_single":"https:\/\/www.editorialjuventud.es\/wp-content\/uploads\/cover-CUENTOS-POR-TELEFONO_alta-900x1208.jpg","woocommerce_single-width":900,"woocommerce_single-height":1208,"woocommerce_gallery_thumbnail":"https:\/\/www.editorialjuventud.es\/wp-content\/uploads\/cover-CUENTOS-POR-TELEFONO_alta-100x100.jpg","woocommerce_gallery_thumbnail-width":100,"woocommerce_gallery_thumbnail-height":100,"ppec_logo_image_size":"https:\/\/www.editorialjuventud.es\/wp-content\/uploads\/cover-CUENTOS-POR-TELEFONO_alta.jpg","ppec_logo_image_size-width":45,"ppec_logo_image_size-height":60,"ppec_header_image_size":"https:\/\/www.editorialjuventud.es\/wp-content\/uploads\/cover-CUENTOS-POR-TELEFONO_alta.jpg","ppec_header_image_size-width":67,"ppec_header_image_size-height":90}},"texto_enlace_ficha_tecnica":"","enlace_ficha_tecnica":{"ID":42424,"id":42424,"title":"Ficha_Cuentos por tel\u00e9fono EE_ESP","filename":"Ficha_Cuentos-por-tel\u00e9fono-EE_ESP.pdf","filesize":327367,"url":"https:\/\/www.editorialjuventud.es\/wp-content\/uploads\/Ficha_Cuentos-por-tel\u00e9fono-EE_ESP.pdf","link":"https:\/\/www.editorialjuventud.es\/ca\/?attachment_id=42424","alt":"","author":"49","description":"","caption":"","name":"ficha_cuentos-por-telefono-ee_esp","status":"inherit","uploaded_to":42255,"date":"2020-07-02 10:00:51","modified":"2020-07-02 10:00:51","menu_order":0,"mime_type":"application\/pdf","type":"application","subtype":"pdf","icon":"https:\/\/www.editorialjuventud.es\/wp-includes\/images\/media\/document.png"},"ficheros":false,"titulo-fr":"","texto-fr":""},"yoast_head":"<!-- This site is optimized with the Yoast SEO plugin v27.5 - https:\/\/yoast.com\/product\/yoast-seo-wordpress\/ -->\n<title>(E.E.) Cuentos por tel\u00e9fono - Editorial Juventud<\/title>\n<meta name=\"description\" content=\"La hija del se\u00f1or Bianchi no puede dormirse sin que le cuenten un cuento. As\u00ed que su padre, viajante de comercio, cada noche, estuviera donde estuviese, Cuentos por tel\u00e9fono (1962) es uno de los libros m\u00e1s significativos de nuestro cat\u00e1logo, ya que sigue public\u00e1ndose y ley\u00e9ndose en las escuelas con el mismo \u00e9xito desde hace m\u00e1s de medio siglo. Por ello, en el centenario del nacimiento de Rodari, hemos querido homenajearlo con esta edici\u00f3n especial, con nuevo formato e ilustraciones a color. Setenta cuentos que nacen de una visi\u00f3n cr\u00edtica del mundo, llena de realidad y optimismo, que invitan a pensar con amplitud de miras y sin prejuicios, siempre por el camino de la tolerancia y la amistad.\" \/>\n<meta name=\"robots\" content=\"index, follow, max-snippet:-1, max-image-preview:large, max-video-preview:-1\" \/>\n<link rel=\"canonical\" href=\"https:\/\/www.editorialjuventud.es\/ee-cuentos-por-telefono-9788426146632\/\" \/>\n<meta property=\"og:locale\" content=\"ca_ES\" \/>\n<meta property=\"og:type\" content=\"article\" \/>\n<meta property=\"og:title\" content=\"(E.E.) Cuentos por tel\u00e9fono - Editorial Juventud\" \/>\n<meta property=\"og:description\" content=\"La hija del se\u00f1or Bianchi no puede dormirse sin que le cuenten un cuento. As\u00ed que su padre, viajante de comercio, cada noche, estuviera donde estuviese, Cuentos por tel\u00e9fono (1962) es uno de los libros m\u00e1s significativos de nuestro cat\u00e1logo, ya que sigue public\u00e1ndose y ley\u00e9ndose en las escuelas con el mismo \u00e9xito desde hace m\u00e1s de medio siglo. Por ello, en el centenario del nacimiento de Rodari, hemos querido homenajearlo con esta edici\u00f3n especial, con nuevo formato e ilustraciones a color. Setenta cuentos que nacen de una visi\u00f3n cr\u00edtica del mundo, llena de realidad y optimismo, que invitan a pensar con amplitud de miras y sin prejuicios, siempre por el camino de la tolerancia y la amistad.\" \/>\n<meta property=\"og:url\" content=\"https:\/\/www.editorialjuventud.es\/ee-cuentos-por-telefono-9788426146632\/\" \/>\n<meta property=\"og:site_name\" content=\"Editorial Juventud\" \/>\n<meta property=\"article:modified_time\" content=\"2026-03-24T09:24:07+00:00\" \/>\n<meta property=\"og:image\" content=\"https:\/\/www.editorialjuventud.es\/wp-content\/uploads\/9788426146632.jpg\" \/>\n\t<meta property=\"og:image:width\" content=\"894\" \/>\n\t<meta property=\"og:image:height\" content=\"1200\" \/>\n\t<meta property=\"og:image:type\" content=\"image\/jpeg\" \/>\n<meta name=\"twitter:card\" content=\"summary_large_image\" \/>\n<meta name=\"twitter:label1\" content=\"Temps estimat de lectura\" \/>\n\t<meta name=\"twitter:data1\" content=\"1 minut\" \/>\n<script type=\"application\/ld+json\" class=\"yoast-schema-graph\">{\"@context\":\"https:\\\/\\\/schema.org\",\"@graph\":[{\"@type\":\"WebPage\",\"@id\":\"https:\\\/\\\/www.editorialjuventud.es\\\/ee-cuentos-por-telefono-9788426146632\\\/\",\"url\":\"https:\\\/\\\/www.editorialjuventud.es\\\/ee-cuentos-por-telefono-9788426146632\\\/\",\"name\":\"(E.E.) Cuentos por tel\u00e9fono - Editorial Juventud\",\"isPartOf\":{\"@id\":\"https:\\\/\\\/www.editorialjuventud.es\\\/#website\"},\"primaryImageOfPage\":{\"@id\":\"https:\\\/\\\/www.editorialjuventud.es\\\/ee-cuentos-por-telefono-9788426146632\\\/#primaryimage\"},\"image\":{\"@id\":\"https:\\\/\\\/www.editorialjuventud.es\\\/ee-cuentos-por-telefono-9788426146632\\\/#primaryimage\"},\"thumbnailUrl\":\"https:\\\/\\\/www.editorialjuventud.es\\\/wp-content\\\/uploads\\\/9788426146632.jpg\",\"datePublished\":\"2020-06-29T08:25:09+00:00\",\"dateModified\":\"2026-03-24T09:24:07+00:00\",\"description\":\"La hija del se\u00f1or Bianchi no puede dormirse sin que le cuenten un cuento. As\u00ed que su padre, viajante de comercio, cada noche, estuviera donde estuviese, Cuentos por tel\u00e9fono (1962) es uno de los libros m\u00e1s significativos de nuestro cat\u00e1logo, ya que sigue public\u00e1ndose y ley\u00e9ndose en las escuelas con el mismo \u00e9xito desde hace m\u00e1s de medio siglo. Por ello, en el centenario del nacimiento de Rodari, hemos querido homenajearlo con esta edici\u00f3n especial, con nuevo formato e ilustraciones a color. Setenta cuentos que nacen de una visi\u00f3n cr\u00edtica del mundo, llena de realidad y optimismo, que invitan a pensar con amplitud de miras y sin prejuicios, siempre por el camino de la tolerancia y la amistad.\",\"breadcrumb\":{\"@id\":\"https:\\\/\\\/www.editorialjuventud.es\\\/ee-cuentos-por-telefono-9788426146632\\\/#breadcrumb\"},\"inLanguage\":\"ca\",\"potentialAction\":[{\"@type\":\"ReadAction\",\"target\":[\"https:\\\/\\\/www.editorialjuventud.es\\\/ee-cuentos-por-telefono-9788426146632\\\/\"]}]},{\"@type\":\"ImageObject\",\"inLanguage\":\"ca\",\"@id\":\"https:\\\/\\\/www.editorialjuventud.es\\\/ee-cuentos-por-telefono-9788426146632\\\/#primaryimage\",\"url\":\"https:\\\/\\\/www.editorialjuventud.es\\\/wp-content\\\/uploads\\\/9788426146632.jpg\",\"contentUrl\":\"https:\\\/\\\/www.editorialjuventud.es\\\/wp-content\\\/uploads\\\/9788426146632.jpg\",\"width\":894,\"height\":1200,\"caption\":\"9788426146632.jpg\"},{\"@type\":\"BreadcrumbList\",\"@id\":\"https:\\\/\\\/www.editorialjuventud.es\\\/ee-cuentos-por-telefono-9788426146632\\\/#breadcrumb\",\"itemListElement\":[{\"@type\":\"ListItem\",\"position\":1,\"name\":\"Portada\",\"item\":\"https:\\\/\\\/www.editorialjuventud.es\\\/\"},{\"@type\":\"ListItem\",\"position\":2,\"name\":\"cat\u00e1logo\",\"item\":\"https:\\\/\\\/www.editorialjuventud.es\\\/coleccion\\\/catalogo\\\/\"},{\"@type\":\"ListItem\",\"position\":3,\"name\":\"castellano\",\"item\":\"https:\\\/\\\/www.editorialjuventud.es\\\/coleccion\\\/castellano\\\/\"},{\"@type\":\"ListItem\",\"position\":4,\"name\":\"Cuentos Universales\",\"item\":\"https:\\\/\\\/www.editorialjuventud.es\\\/coleccion\\\/cuentos-universales\\\/\"},{\"@type\":\"ListItem\",\"position\":5,\"name\":\"(E.E.) Cuentos por tel\u00e9fono\"}]},{\"@type\":\"WebSite\",\"@id\":\"https:\\\/\\\/www.editorialjuventud.es\\\/#website\",\"url\":\"https:\\\/\\\/www.editorialjuventud.es\\\/\",\"name\":\"Editorial Juventud\",\"description\":\"\",\"potentialAction\":[{\"@type\":\"SearchAction\",\"target\":{\"@type\":\"EntryPoint\",\"urlTemplate\":\"https:\\\/\\\/www.editorialjuventud.es\\\/?s={search_term_string}\"},\"query-input\":{\"@type\":\"PropertyValueSpecification\",\"valueRequired\":true,\"valueName\":\"search_term_string\"}}],\"inLanguage\":\"ca\"}]}<\/script>\n<!-- \/ Yoast SEO plugin. -->","yoast_head_json":{"title":"(E.E.) Cuentos por tel\u00e9fono - Editorial Juventud","description":"La hija del se\u00f1or Bianchi no puede dormirse sin que le cuenten un cuento. As\u00ed que su padre, viajante de comercio, cada noche, estuviera donde estuviese, Cuentos por tel\u00e9fono (1962) es uno de los libros m\u00e1s significativos de nuestro cat\u00e1logo, ya que sigue public\u00e1ndose y ley\u00e9ndose en las escuelas con el mismo \u00e9xito desde hace m\u00e1s de medio siglo. Por ello, en el centenario del nacimiento de Rodari, hemos querido homenajearlo con esta edici\u00f3n especial, con nuevo formato e ilustraciones a color. Setenta cuentos que nacen de una visi\u00f3n cr\u00edtica del mundo, llena de realidad y optimismo, que invitan a pensar con amplitud de miras y sin prejuicios, siempre por el camino de la tolerancia y la amistad.","robots":{"index":"index","follow":"follow","max-snippet":"max-snippet:-1","max-image-preview":"max-image-preview:large","max-video-preview":"max-video-preview:-1"},"canonical":"https:\/\/www.editorialjuventud.es\/ee-cuentos-por-telefono-9788426146632\/","og_locale":"ca_ES","og_type":"article","og_title":"(E.E.) Cuentos por tel\u00e9fono - Editorial Juventud","og_description":"La hija del se\u00f1or Bianchi no puede dormirse sin que le cuenten un cuento. As\u00ed que su padre, viajante de comercio, cada noche, estuviera donde estuviese, Cuentos por tel\u00e9fono (1962) es uno de los libros m\u00e1s significativos de nuestro cat\u00e1logo, ya que sigue public\u00e1ndose y ley\u00e9ndose en las escuelas con el mismo \u00e9xito desde hace m\u00e1s de medio siglo. Por ello, en el centenario del nacimiento de Rodari, hemos querido homenajearlo con esta edici\u00f3n especial, con nuevo formato e ilustraciones a color. Setenta cuentos que nacen de una visi\u00f3n cr\u00edtica del mundo, llena de realidad y optimismo, que invitan a pensar con amplitud de miras y sin prejuicios, siempre por el camino de la tolerancia y la amistad.","og_url":"https:\/\/www.editorialjuventud.es\/ee-cuentos-por-telefono-9788426146632\/","og_site_name":"Editorial Juventud","article_modified_time":"2026-03-24T09:24:07+00:00","og_image":[{"width":894,"height":1200,"url":"https:\/\/www.editorialjuventud.es\/wp-content\/uploads\/9788426146632.jpg","type":"image\/jpeg"}],"twitter_card":"summary_large_image","twitter_misc":{"Temps estimat de lectura":"1 minut"},"schema":{"@context":"https:\/\/schema.org","@graph":[{"@type":"WebPage","@id":"https:\/\/www.editorialjuventud.es\/ee-cuentos-por-telefono-9788426146632\/","url":"https:\/\/www.editorialjuventud.es\/ee-cuentos-por-telefono-9788426146632\/","name":"(E.E.) Cuentos por tel\u00e9fono - Editorial Juventud","isPartOf":{"@id":"https:\/\/www.editorialjuventud.es\/#website"},"primaryImageOfPage":{"@id":"https:\/\/www.editorialjuventud.es\/ee-cuentos-por-telefono-9788426146632\/#primaryimage"},"image":{"@id":"https:\/\/www.editorialjuventud.es\/ee-cuentos-por-telefono-9788426146632\/#primaryimage"},"thumbnailUrl":"https:\/\/www.editorialjuventud.es\/wp-content\/uploads\/9788426146632.jpg","datePublished":"2020-06-29T08:25:09+00:00","dateModified":"2026-03-24T09:24:07+00:00","description":"La hija del se\u00f1or Bianchi no puede dormirse sin que le cuenten un cuento. As\u00ed que su padre, viajante de comercio, cada noche, estuviera donde estuviese, Cuentos por tel\u00e9fono (1962) es uno de los libros m\u00e1s significativos de nuestro cat\u00e1logo, ya que sigue public\u00e1ndose y ley\u00e9ndose en las escuelas con el mismo \u00e9xito desde hace m\u00e1s de medio siglo. Por ello, en el centenario del nacimiento de Rodari, hemos querido homenajearlo con esta edici\u00f3n especial, con nuevo formato e ilustraciones a color. Setenta cuentos que nacen de una visi\u00f3n cr\u00edtica del mundo, llena de realidad y optimismo, que invitan a pensar con amplitud de miras y sin prejuicios, siempre por el camino de la tolerancia y la amistad.","breadcrumb":{"@id":"https:\/\/www.editorialjuventud.es\/ee-cuentos-por-telefono-9788426146632\/#breadcrumb"},"inLanguage":"ca","potentialAction":[{"@type":"ReadAction","target":["https:\/\/www.editorialjuventud.es\/ee-cuentos-por-telefono-9788426146632\/"]}]},{"@type":"ImageObject","inLanguage":"ca","@id":"https:\/\/www.editorialjuventud.es\/ee-cuentos-por-telefono-9788426146632\/#primaryimage","url":"https:\/\/www.editorialjuventud.es\/wp-content\/uploads\/9788426146632.jpg","contentUrl":"https:\/\/www.editorialjuventud.es\/wp-content\/uploads\/9788426146632.jpg","width":894,"height":1200,"caption":"9788426146632.jpg"},{"@type":"BreadcrumbList","@id":"https:\/\/www.editorialjuventud.es\/ee-cuentos-por-telefono-9788426146632\/#breadcrumb","itemListElement":[{"@type":"ListItem","position":1,"name":"Portada","item":"https:\/\/www.editorialjuventud.es\/"},{"@type":"ListItem","position":2,"name":"cat\u00e1logo","item":"https:\/\/www.editorialjuventud.es\/coleccion\/catalogo\/"},{"@type":"ListItem","position":3,"name":"castellano","item":"https:\/\/www.editorialjuventud.es\/coleccion\/castellano\/"},{"@type":"ListItem","position":4,"name":"Cuentos Universales","item":"https:\/\/www.editorialjuventud.es\/coleccion\/cuentos-universales\/"},{"@type":"ListItem","position":5,"name":"(E.E.) Cuentos por tel\u00e9fono"}]},{"@type":"WebSite","@id":"https:\/\/www.editorialjuventud.es\/#website","url":"https:\/\/www.editorialjuventud.es\/","name":"Editorial Juventud","description":"","potentialAction":[{"@type":"SearchAction","target":{"@type":"EntryPoint","urlTemplate":"https:\/\/www.editorialjuventud.es\/?s={search_term_string}"},"query-input":{"@type":"PropertyValueSpecification","valueRequired":true,"valueName":"search_term_string"}}],"inLanguage":"ca"}]}},"_links":{"self":[{"href":"https:\/\/www.editorialjuventud.es\/ca\/wp-json\/wp\/v2\/product\/42255","targetHints":{"allow":["GET"]}}],"collection":[{"href":"https:\/\/www.editorialjuventud.es\/ca\/wp-json\/wp\/v2\/product"}],"about":[{"href":"https:\/\/www.editorialjuventud.es\/ca\/wp-json\/wp\/v2\/types\/product"}],"wp:featuredmedia":[{"embeddable":true,"href":"https:\/\/www.editorialjuventud.es\/ca\/wp-json\/wp\/v2\/media\/42256"}],"wp:attachment":[{"href":"https:\/\/www.editorialjuventud.es\/ca\/wp-json\/wp\/v2\/media?parent=42255"}],"wp:term":[{"taxonomy":"product_brand","embeddable":true,"href":"https:\/\/www.editorialjuventud.es\/ca\/wp-json\/wp\/v2\/product_brand?post=42255"},{"taxonomy":"product_cat","embeddable":true,"href":"https:\/\/www.editorialjuventud.es\/ca\/wp-json\/wp\/v2\/product_cat?post=42255"},{"taxonomy":"product_tag","embeddable":true,"href":"https:\/\/www.editorialjuventud.es\/ca\/wp-json\/wp\/v2\/product_tag?post=42255"},{"taxonomy":"coleccion","embeddable":true,"href":"https:\/\/www.editorialjuventud.es\/ca\/wp-json\/wp\/v2\/coleccion?post=42255"}],"curies":[{"name":"wp","href":"https:\/\/api.w.org\/{rel}","templated":true}]}}