{"id":40134,"date":"2020-04-27T18:37:23","date_gmt":"2020-04-27T16:37:23","guid":{"rendered":"https:\/\/www.editorialjuventud.es\/la-mia-i-en-bru-creixen-sans-9788426146571\/"},"modified":"2026-03-24T12:59:36","modified_gmt":"2026-03-24T11:59:36","slug":"la-mia-i-en-bru-creixen-sans-9788426146571","status":"publish","type":"product","link":"https:\/\/www.editorialjuventud.es\/ca\/la-mia-i-en-bru-creixen-sans-9788426146571\/","title":{"rendered":"La Mia i en Bru creixen sans"},"content":{"rendered":"<p>En Bru t\u00e9 7 anys i avui est\u00e0 trist perqu\u00e8 a l&#8217;escola li han dit &#8216;vaca&#8217;. Tot i que menja semblant als altres nens i nenes, se li est\u00e0 acumulant greix a la panxa, i aix\u00f2 li molesta perqu\u00e8 fa que es cansi m\u00e9s quan corre al pati. La pediatra li diu que t\u00e9 obesitat. Per\u00f2 seguint els consells que li d\u00f3na la doctora, en poc temps est\u00e0 m\u00e9s content: nom\u00e9s li queda una mica de sobrep\u00e8s. A casa seva tots mengen millor i es belluguen m\u00e9s, s\u00f3n una fam\u00edlia saludable!<\/p>\n<p>Bullying? Alimentaci\u00f3 saludable? Gana de panxa? Gana de cap? Sacietat? Fibra? Calories? Esport?<br \/>\nUn llibre per a saber m\u00e9s sobre la nutrici\u00f3 i l&#8217;obesitat infantil. Inclou 10 consells per a prevenir l&#8217;obesitat!<\/p>\n","protected":false},"excerpt":{"rendered":"En Bru t\u00e9 7 anys i avui est\u00e0 trist perqu\u00e8 a l&#8217;escola li han dit &#8216;vaca&#8217;. Tot i que menja semblant als altres nens i nenes, se li est\u00e0 acumulant greix a la panxa, i aix\u00f2 li molesta perqu\u00e8 fa [&hellip;]","protected":false},"featured_media":40135,"template":"","meta":{"_acf_changed":false,"_exactmetrics_skip_tracking":false,"_exactmetrics_sitenote_active":false,"_exactmetrics_sitenote_note":"","_exactmetrics_sitenote_category":0},"product_brand":[],"product_cat":[902,1153,1159,1181,1123],"product_tag":[],"coleccion":[946,1341],"class_list":{"0":"post-40134","1":"product","2":"type-product","3":"status-publish","4":"has-post-thumbnail","6":"product_cat-a-partir-de-7-anos","7":"product_cat-comida-alimentacion","8":"product_cat-cuerpo-humano-anatomia","9":"product_cat-habitos","10":"product_cat-libros-informativos-infantil","11":"coleccion-com-i-per-que","12":"coleccion-mia-i-bru","14":"first","15":"instock","16":"taxable","17":"shipping-taxable","18":"purchasable","19":"product-type-simple"},"acf":{"indice":"","autor":"Peitx, M\u00f2nica","codart":"4657","ediciones":"1","encuadernacion":"Carton\u00e9","fecha_de_publicacion":"01\/04\/2020","fecha_de_reimpresion":"","novedad":"0","paginas":"52","subtitulo":"","texto_web_adicional":"","autores-libros":[16542],"ilustradores-libros":[17863],"texto_web_novedad":"","orden":"999","portada":"0","texto_web_resaltado":"","traductores-libros":"","descripcion_corta":"Bullying? Alimentaci\u00f3 saludable? Gana de panxa? Gana de cap? Sacietat? Fibra? Calories? Esport? Un llibre per a saber m\u00e9s sobre la nutrici\u00f3 i l'obesitat infantil. Inclou 10 consells per a prevenir l'obesitat!","recomendamos":"","mas_vendido":"","idioma-libro":"","color":false,"formato":"","mas_informacion_del_producto":false,"premios":false,"deshabilitar_compra":["deshabilitar"],"texto_enlace_cubierta":"","enlace_cubierta":{"ID":40814,"id":40814,"title":"(cover 2 idiomas) MIA i BRU CREIXEN SANS.indd","filename":"cover-LA-MIA-I-EN-BRU-CREIXEN-SANS.jpg","filesize":368023,"url":"https:\/\/www.editorialjuventud.es\/wp-content\/uploads\/cover-LA-MIA-I-EN-BRU-CREIXEN-SANS.jpg","link":"https:\/\/www.editorialjuventud.es\/ca\/?attachment_id=40814","alt":"","author":"49","description":"","caption":"","name":"cover-2-idiomas-mia-i-bru-creixen-sans-indd","status":"inherit","uploaded_to":40134,"date":"2020-05-14 10:00:12","modified":"2020-05-14 10:00:12","menu_order":0,"mime_type":"image\/jpeg","type":"image","subtype":"jpeg","icon":"https:\/\/www.editorialjuventud.es\/wp-includes\/images\/media\/default.png","width":1551,"height":2360,"sizes":{"thumbnail":"https:\/\/www.editorialjuventud.es\/wp-content\/uploads\/cover-LA-MIA-I-EN-BRU-CREIXEN-SANS-200x200.jpg","thumbnail-width":200,"thumbnail-height":200,"medium":"https:\/\/www.editorialjuventud.es\/wp-content\/uploads\/cover-LA-MIA-I-EN-BRU-CREIXEN-SANS.jpg","medium-width":1551,"medium-height":2360,"medium_large":"https:\/\/www.editorialjuventud.es\/wp-content\/uploads\/cover-LA-MIA-I-EN-BRU-CREIXEN-SANS-768x1169.jpg","medium_large-width":768,"medium_large-height":1169,"large":"https:\/\/www.editorialjuventud.es\/wp-content\/uploads\/cover-LA-MIA-I-EN-BRU-CREIXEN-SANS.jpg","large-width":1551,"large-height":2360,"1536x1536":"https:\/\/www.editorialjuventud.es\/wp-content\/uploads\/cover-LA-MIA-I-EN-BRU-CREIXEN-SANS.jpg","1536x1536-width":1009,"1536x1536-height":1536,"2048x2048":"https:\/\/www.editorialjuventud.es\/wp-content\/uploads\/cover-LA-MIA-I-EN-BRU-CREIXEN-SANS.jpg","2048x2048-width":1346,"2048x2048-height":2048,"woocommerce_thumbnail":"https:\/\/www.editorialjuventud.es\/wp-content\/uploads\/cover-LA-MIA-I-EN-BRU-CREIXEN-SANS-350x533.jpg","woocommerce_thumbnail-width":350,"woocommerce_thumbnail-height":533,"woocommerce_single":"https:\/\/www.editorialjuventud.es\/wp-content\/uploads\/cover-LA-MIA-I-EN-BRU-CREIXEN-SANS-900x1369.jpg","woocommerce_single-width":900,"woocommerce_single-height":1369,"woocommerce_gallery_thumbnail":"https:\/\/www.editorialjuventud.es\/wp-content\/uploads\/cover-LA-MIA-I-EN-BRU-CREIXEN-SANS-100x100.jpg","woocommerce_gallery_thumbnail-width":100,"woocommerce_gallery_thumbnail-height":100,"ppec_logo_image_size":"https:\/\/www.editorialjuventud.es\/wp-content\/uploads\/cover-LA-MIA-I-EN-BRU-CREIXEN-SANS.jpg","ppec_logo_image_size-width":39,"ppec_logo_image_size-height":60,"ppec_header_image_size":"https:\/\/www.editorialjuventud.es\/wp-content\/uploads\/cover-LA-MIA-I-EN-BRU-CREIXEN-SANS.jpg","ppec_header_image_size-width":59,"ppec_header_image_size-height":90}},"texto_enlace_ficha_tecnica":"","enlace_ficha_tecnica":{"ID":40816,"id":40816,"title":"(CAT) Fitxa_La Mia i en Bru creixen sans","filename":"CAT-Fitxa_La-Mia-i-en-Bru-creixen-sans.pdf","filesize":616252,"url":"https:\/\/www.editorialjuventud.es\/wp-content\/uploads\/CAT-Fitxa_La-Mia-i-en-Bru-creixen-sans.pdf","link":"https:\/\/www.editorialjuventud.es\/ca\/?attachment_id=40816","alt":"","author":"49","description":"","caption":"","name":"cat-fitxa_la-mia-i-en-bru-creixen-sans","status":"inherit","uploaded_to":40134,"date":"2020-05-14 10:00:46","modified":"2020-05-14 10:00:46","menu_order":0,"mime_type":"application\/pdf","type":"application","subtype":"pdf","icon":"https:\/\/www.editorialjuventud.es\/wp-includes\/images\/media\/document.png"},"ficheros":false,"titulo-fr":"","texto-fr":""},"yoast_head":"<!-- This site is optimized with the Yoast SEO plugin v27.5 - https:\/\/yoast.com\/product\/yoast-seo-wordpress\/ -->\n<title>La Mia i en Bru creixen sans - Editorial Juventud<\/title>\n<meta name=\"description\" content=\"En Bru t\u00e9 7 anys i avui est\u00e0 trist perqu\u00e8 a l&#039;escola li han dit &#039;vaca&#039;. Tot i que menja semblant als altres nens i nenes, se li est\u00e0 acumulant greix a la\" \/>\n<meta name=\"robots\" content=\"index, follow, max-snippet:-1, max-image-preview:large, max-video-preview:-1\" \/>\n<link rel=\"canonical\" href=\"https:\/\/www.editorialjuventud.es\/la-mia-i-en-bru-creixen-sans-9788426146571\/\" \/>\n<meta property=\"og:locale\" content=\"ca_ES\" \/>\n<meta property=\"og:type\" content=\"article\" \/>\n<meta property=\"og:title\" content=\"La Mia i en Bru creixen sans - Editorial Juventud\" \/>\n<meta property=\"og:description\" content=\"En Bru t\u00e9 7 anys i avui est\u00e0 trist perqu\u00e8 a l&#039;escola li han dit &#039;vaca&#039;. Tot i que menja semblant als altres nens i nenes, se li est\u00e0 acumulant greix a la\" \/>\n<meta property=\"og:url\" content=\"https:\/\/www.editorialjuventud.es\/la-mia-i-en-bru-creixen-sans-9788426146571\/\" \/>\n<meta property=\"og:site_name\" content=\"Editorial Juventud\" \/>\n<meta property=\"article:modified_time\" content=\"2026-03-24T11:59:36+00:00\" \/>\n<meta property=\"og:image\" content=\"https:\/\/www.editorialjuventud.es\/wp-content\/uploads\/9788426146571.jpg\" \/>\n\t<meta property=\"og:image:width\" content=\"2960\" \/>\n\t<meta property=\"og:image:height\" content=\"4495\" \/>\n\t<meta property=\"og:image:type\" content=\"image\/jpeg\" \/>\n<meta name=\"twitter:card\" content=\"summary_large_image\" \/>\n<meta name=\"twitter:label1\" content=\"Temps estimat de lectura\" \/>\n\t<meta name=\"twitter:data1\" content=\"1 minut\" \/>\n<script type=\"application\/ld+json\" class=\"yoast-schema-graph\">{\"@context\":\"https:\\\/\\\/schema.org\",\"@graph\":[{\"@type\":\"WebPage\",\"@id\":\"https:\\\/\\\/www.editorialjuventud.es\\\/la-mia-i-en-bru-creixen-sans-9788426146571\\\/\",\"url\":\"https:\\\/\\\/www.editorialjuventud.es\\\/la-mia-i-en-bru-creixen-sans-9788426146571\\\/\",\"name\":\"La Mia i en Bru creixen sans - Editorial Juventud\",\"isPartOf\":{\"@id\":\"https:\\\/\\\/www.editorialjuventud.es\\\/#website\"},\"primaryImageOfPage\":{\"@id\":\"https:\\\/\\\/www.editorialjuventud.es\\\/la-mia-i-en-bru-creixen-sans-9788426146571\\\/#primaryimage\"},\"image\":{\"@id\":\"https:\\\/\\\/www.editorialjuventud.es\\\/la-mia-i-en-bru-creixen-sans-9788426146571\\\/#primaryimage\"},\"thumbnailUrl\":\"https:\\\/\\\/www.editorialjuventud.es\\\/wp-content\\\/uploads\\\/9788426146571.jpg\",\"datePublished\":\"2020-04-27T16:37:23+00:00\",\"dateModified\":\"2026-03-24T11:59:36+00:00\",\"description\":\"En Bru t\u00e9 7 anys i avui est\u00e0 trist perqu\u00e8 a l'escola li han dit 'vaca'. Tot i que menja semblant als altres nens i nenes, se li est\u00e0 acumulant greix a la\",\"breadcrumb\":{\"@id\":\"https:\\\/\\\/www.editorialjuventud.es\\\/la-mia-i-en-bru-creixen-sans-9788426146571\\\/#breadcrumb\"},\"inLanguage\":\"ca\",\"potentialAction\":[{\"@type\":\"ReadAction\",\"target\":[\"https:\\\/\\\/www.editorialjuventud.es\\\/la-mia-i-en-bru-creixen-sans-9788426146571\\\/\"]}]},{\"@type\":\"ImageObject\",\"inLanguage\":\"ca\",\"@id\":\"https:\\\/\\\/www.editorialjuventud.es\\\/la-mia-i-en-bru-creixen-sans-9788426146571\\\/#primaryimage\",\"url\":\"https:\\\/\\\/www.editorialjuventud.es\\\/wp-content\\\/uploads\\\/9788426146571.jpg\",\"contentUrl\":\"https:\\\/\\\/www.editorialjuventud.es\\\/wp-content\\\/uploads\\\/9788426146571.jpg\",\"width\":2960,\"height\":4495,\"caption\":\"9788426146571.jpg\"},{\"@type\":\"BreadcrumbList\",\"@id\":\"https:\\\/\\\/www.editorialjuventud.es\\\/la-mia-i-en-bru-creixen-sans-9788426146571\\\/#breadcrumb\",\"itemListElement\":[{\"@type\":\"ListItem\",\"position\":1,\"name\":\"Portada\",\"item\":\"https:\\\/\\\/www.editorialjuventud.es\\\/\"},{\"@type\":\"ListItem\",\"position\":2,\"name\":\"cat\u00e1logo\",\"item\":\"https:\\\/\\\/www.editorialjuventud.es\\\/coleccion\\\/catalogo\\\/\"},{\"@type\":\"ListItem\",\"position\":3,\"name\":\"catal\u00e0\",\"item\":\"https:\\\/\\\/www.editorialjuventud.es\\\/coleccion\\\/catala\\\/\"},{\"@type\":\"ListItem\",\"position\":4,\"name\":\"\u00c0lbums Il\u00b7lustrats\",\"item\":\"https:\\\/\\\/www.editorialjuventud.es\\\/coleccion\\\/albums-il%c2%b7lustrats\\\/\"},{\"@type\":\"ListItem\",\"position\":5,\"name\":\"Com i Per qu\u00e8\",\"item\":\"https:\\\/\\\/www.editorialjuventud.es\\\/coleccion\\\/com-i-per-que\\\/\"},{\"@type\":\"ListItem\",\"position\":6,\"name\":\"Mia i Bru\",\"item\":\"https:\\\/\\\/www.editorialjuventud.es\\\/coleccion\\\/mia-i-bru\\\/\"},{\"@type\":\"ListItem\",\"position\":7,\"name\":\"La Mia i en Bru creixen sans\"}]},{\"@type\":\"WebSite\",\"@id\":\"https:\\\/\\\/www.editorialjuventud.es\\\/#website\",\"url\":\"https:\\\/\\\/www.editorialjuventud.es\\\/\",\"name\":\"Editorial Juventud\",\"description\":\"\",\"potentialAction\":[{\"@type\":\"SearchAction\",\"target\":{\"@type\":\"EntryPoint\",\"urlTemplate\":\"https:\\\/\\\/www.editorialjuventud.es\\\/?s={search_term_string}\"},\"query-input\":{\"@type\":\"PropertyValueSpecification\",\"valueRequired\":true,\"valueName\":\"search_term_string\"}}],\"inLanguage\":\"ca\"}]}<\/script>\n<!-- \/ Yoast SEO plugin. -->","yoast_head_json":{"title":"La Mia i en Bru creixen sans - Editorial Juventud","description":"En Bru t\u00e9 7 anys i avui est\u00e0 trist perqu\u00e8 a l'escola li han dit 'vaca'. Tot i que menja semblant als altres nens i nenes, se li est\u00e0 acumulant greix a la","robots":{"index":"index","follow":"follow","max-snippet":"max-snippet:-1","max-image-preview":"max-image-preview:large","max-video-preview":"max-video-preview:-1"},"canonical":"https:\/\/www.editorialjuventud.es\/la-mia-i-en-bru-creixen-sans-9788426146571\/","og_locale":"ca_ES","og_type":"article","og_title":"La Mia i en Bru creixen sans - Editorial Juventud","og_description":"En Bru t\u00e9 7 anys i avui est\u00e0 trist perqu\u00e8 a l'escola li han dit 'vaca'. Tot i que menja semblant als altres nens i nenes, se li est\u00e0 acumulant greix a la","og_url":"https:\/\/www.editorialjuventud.es\/la-mia-i-en-bru-creixen-sans-9788426146571\/","og_site_name":"Editorial Juventud","article_modified_time":"2026-03-24T11:59:36+00:00","og_image":[{"width":2960,"height":4495,"url":"https:\/\/www.editorialjuventud.es\/wp-content\/uploads\/9788426146571.jpg","type":"image\/jpeg"}],"twitter_card":"summary_large_image","twitter_misc":{"Temps estimat de lectura":"1 minut"},"schema":{"@context":"https:\/\/schema.org","@graph":[{"@type":"WebPage","@id":"https:\/\/www.editorialjuventud.es\/la-mia-i-en-bru-creixen-sans-9788426146571\/","url":"https:\/\/www.editorialjuventud.es\/la-mia-i-en-bru-creixen-sans-9788426146571\/","name":"La Mia i en Bru creixen sans - Editorial Juventud","isPartOf":{"@id":"https:\/\/www.editorialjuventud.es\/#website"},"primaryImageOfPage":{"@id":"https:\/\/www.editorialjuventud.es\/la-mia-i-en-bru-creixen-sans-9788426146571\/#primaryimage"},"image":{"@id":"https:\/\/www.editorialjuventud.es\/la-mia-i-en-bru-creixen-sans-9788426146571\/#primaryimage"},"thumbnailUrl":"https:\/\/www.editorialjuventud.es\/wp-content\/uploads\/9788426146571.jpg","datePublished":"2020-04-27T16:37:23+00:00","dateModified":"2026-03-24T11:59:36+00:00","description":"En Bru t\u00e9 7 anys i avui est\u00e0 trist perqu\u00e8 a l'escola li han dit 'vaca'. Tot i que menja semblant als altres nens i nenes, se li est\u00e0 acumulant greix a la","breadcrumb":{"@id":"https:\/\/www.editorialjuventud.es\/la-mia-i-en-bru-creixen-sans-9788426146571\/#breadcrumb"},"inLanguage":"ca","potentialAction":[{"@type":"ReadAction","target":["https:\/\/www.editorialjuventud.es\/la-mia-i-en-bru-creixen-sans-9788426146571\/"]}]},{"@type":"ImageObject","inLanguage":"ca","@id":"https:\/\/www.editorialjuventud.es\/la-mia-i-en-bru-creixen-sans-9788426146571\/#primaryimage","url":"https:\/\/www.editorialjuventud.es\/wp-content\/uploads\/9788426146571.jpg","contentUrl":"https:\/\/www.editorialjuventud.es\/wp-content\/uploads\/9788426146571.jpg","width":2960,"height":4495,"caption":"9788426146571.jpg"},{"@type":"BreadcrumbList","@id":"https:\/\/www.editorialjuventud.es\/la-mia-i-en-bru-creixen-sans-9788426146571\/#breadcrumb","itemListElement":[{"@type":"ListItem","position":1,"name":"Portada","item":"https:\/\/www.editorialjuventud.es\/"},{"@type":"ListItem","position":2,"name":"cat\u00e1logo","item":"https:\/\/www.editorialjuventud.es\/coleccion\/catalogo\/"},{"@type":"ListItem","position":3,"name":"catal\u00e0","item":"https:\/\/www.editorialjuventud.es\/coleccion\/catala\/"},{"@type":"ListItem","position":4,"name":"\u00c0lbums Il\u00b7lustrats","item":"https:\/\/www.editorialjuventud.es\/coleccion\/albums-il%c2%b7lustrats\/"},{"@type":"ListItem","position":5,"name":"Com i Per qu\u00e8","item":"https:\/\/www.editorialjuventud.es\/coleccion\/com-i-per-que\/"},{"@type":"ListItem","position":6,"name":"Mia i Bru","item":"https:\/\/www.editorialjuventud.es\/coleccion\/mia-i-bru\/"},{"@type":"ListItem","position":7,"name":"La Mia i en Bru creixen sans"}]},{"@type":"WebSite","@id":"https:\/\/www.editorialjuventud.es\/#website","url":"https:\/\/www.editorialjuventud.es\/","name":"Editorial Juventud","description":"","potentialAction":[{"@type":"SearchAction","target":{"@type":"EntryPoint","urlTemplate":"https:\/\/www.editorialjuventud.es\/?s={search_term_string}"},"query-input":{"@type":"PropertyValueSpecification","valueRequired":true,"valueName":"search_term_string"}}],"inLanguage":"ca"}]}},"_links":{"self":[{"href":"https:\/\/www.editorialjuventud.es\/ca\/wp-json\/wp\/v2\/product\/40134","targetHints":{"allow":["GET"]}}],"collection":[{"href":"https:\/\/www.editorialjuventud.es\/ca\/wp-json\/wp\/v2\/product"}],"about":[{"href":"https:\/\/www.editorialjuventud.es\/ca\/wp-json\/wp\/v2\/types\/product"}],"wp:featuredmedia":[{"embeddable":true,"href":"https:\/\/www.editorialjuventud.es\/ca\/wp-json\/wp\/v2\/media\/40135"}],"wp:attachment":[{"href":"https:\/\/www.editorialjuventud.es\/ca\/wp-json\/wp\/v2\/media?parent=40134"}],"wp:term":[{"taxonomy":"product_brand","embeddable":true,"href":"https:\/\/www.editorialjuventud.es\/ca\/wp-json\/wp\/v2\/product_brand?post=40134"},{"taxonomy":"product_cat","embeddable":true,"href":"https:\/\/www.editorialjuventud.es\/ca\/wp-json\/wp\/v2\/product_cat?post=40134"},{"taxonomy":"product_tag","embeddable":true,"href":"https:\/\/www.editorialjuventud.es\/ca\/wp-json\/wp\/v2\/product_tag?post=40134"},{"taxonomy":"coleccion","embeddable":true,"href":"https:\/\/www.editorialjuventud.es\/ca\/wp-json\/wp\/v2\/coleccion?post=40134"}],"curies":[{"name":"wp","href":"https:\/\/api.w.org\/{rel}","templated":true}]}}