{"id":40130,"date":"2020-04-27T18:29:40","date_gmt":"2020-04-27T16:29:40","guid":{"rendered":"https:\/\/www.editorialjuventud.es\/mia-y-bruno-crecen-sanos-9788426146564\/"},"modified":"2025-04-30T11:50:33","modified_gmt":"2025-04-30T09:50:33","slug":"mia-y-bruno-crecen-sanos-9788426146564","status":"publish","type":"product","link":"https:\/\/www.editorialjuventud.es\/ca\/mia-y-bruno-crecen-sanos-9788426146564\/","title":{"rendered":"M\u00eda y Bruno crecen sanos"},"content":{"rendered":"<p>Bruno tiene siete a\u00f1os y hoy est\u00e1 triste porque en la escuela le han llamado &#8216;vaca&#8217;. Aunque coma m\u00e1s o menos como los otros ni\u00f1os y ni\u00f1as, se le est\u00e1 acumulando grasa en la barriga, y eso le molesta porque hace que se canse m\u00e1s cuando corre en el patio. La pediatra le dice que tiene obesidad. Pero siguiendo los consejos que le da la doctora, en poco tiempo est\u00e1 m\u00e1s contento: solo le queda un poquito de sobrepeso. En su casa todos comen mejor y se mueven m\u00e1s, \u00a1son una familia saludable!<\/p>\n<p>\u00bfBullying? \u00bfAlimentaci\u00f3n saludable? \u00bfHambre de barriga? \u00bfHambre de cabeza? \u00bfSaciedad? \u00bfFibra? \u00bfCalor\u00edas? \u00bfDeporte?<br \/>\nUn libro para saber m\u00e1s sobre la nutrici\u00f3n y la obesidad infantil<br \/>\n\u00a1Incluye 10 consejos para prevenir la obesidad!<\/p>\n","protected":false},"excerpt":{"rendered":"Bruno tiene siete a\u00f1os y hoy est\u00e1 triste porque en la escuela le han llamado &#8216;vaca&#8217;. Aunque coma m\u00e1s o menos como los otros ni\u00f1os y ni\u00f1as, se le est\u00e1 acumulando grasa en la barriga, y eso le molesta porque [&hellip;]","protected":false},"featured_media":40131,"template":"","meta":{"_acf_changed":false,"_exactmetrics_skip_tracking":false,"_exactmetrics_sitenote_active":false,"_exactmetrics_sitenote_note":"","_exactmetrics_sitenote_category":0},"product_brand":[],"product_cat":[902,1153,1159,1181,1123],"product_tag":[],"coleccion":[987,1336],"class_list":{"0":"post-40130","1":"product","2":"type-product","3":"status-publish","4":"has-post-thumbnail","6":"product_cat-a-partir-de-7-anos","7":"product_cat-comida-alimentacion","8":"product_cat-cuerpo-humano-anatomia","9":"product_cat-habitos","10":"product_cat-libros-informativos-infantil","11":"coleccion-conocer-y-comprender","12":"coleccion-mia-y-bruno","14":"first","15":"instock","16":"taxable","17":"shipping-taxable","18":"purchasable","19":"product-type-simple"},"acf":{"indice":"","autor":"Peitx, M\u00f2nica","codart":"4656","ediciones":"1","encuadernacion":"Carton\u00e9","fecha_de_publicacion":"01\/04\/2020","fecha_de_reimpresion":"","novedad":"0","paginas":"52","subtitulo":"","texto_web_adicional":"","autores-libros":[16542],"ilustradores-libros":[17863],"texto_web_novedad":"","orden":"999","portada":"0","texto_web_resaltado":"","traductores-libros":[58414],"descripcion_corta":"\u00bfBullying? \u00bfAlimentaci\u00f3n saludable? \u00bfHambre de barriga? \u00bfHambre de cabeza? \u00bfSaciedad? \u00bfFibra? \u00bfCalor\u00edas? \u00bfDeporte? Un libro para saber m\u00e1s sobre la nutrici\u00f3n y la obesidad infantil. \u00a1Incluye 10 consejos para prevenir la obesidad!","recomendamos":"","mas_vendido":"","idioma-libro":"","color":false,"formato":"","mas_informacion_del_producto":false,"premios":false,"deshabilitar_compra":[],"texto_enlace_cubierta":"","enlace_cubierta":{"ID":40810,"id":40810,"title":"cover_MIA Y BRUNO CRECEN SANOS","filename":"cover_MIA-Y-BRUNO-CRECEN-SANOS.jpg","filesize":2640718,"url":"https:\/\/www.editorialjuventud.es\/wp-content\/uploads\/cover_MIA-Y-BRUNO-CRECEN-SANOS.jpg","link":"https:\/\/www.editorialjuventud.es\/ca\/?attachment_id=40810","alt":"","author":"49","description":"","caption":"","name":"cover_mia-y-bruno-crecen-sanos","status":"inherit","uploaded_to":40130,"date":"2020-05-14 09:58:14","modified":"2020-05-14 09:58:14","menu_order":0,"mime_type":"image\/jpeg","type":"image","subtype":"jpeg","icon":"https:\/\/www.editorialjuventud.es\/wp-includes\/images\/media\/default.png","width":6444,"height":9862,"sizes":{"thumbnail":"https:\/\/www.editorialjuventud.es\/wp-content\/uploads\/cover_MIA-Y-BRUNO-CRECEN-SANOS-200x200.jpg","thumbnail-width":200,"thumbnail-height":200,"medium":"https:\/\/www.editorialjuventud.es\/wp-content\/uploads\/cover_MIA-Y-BRUNO-CRECEN-SANOS.jpg","medium-width":6444,"medium-height":9862,"medium_large":"https:\/\/www.editorialjuventud.es\/wp-content\/uploads\/cover_MIA-Y-BRUNO-CRECEN-SANOS-768x1175.jpg","medium_large-width":768,"medium_large-height":1175,"large":"https:\/\/www.editorialjuventud.es\/wp-content\/uploads\/cover_MIA-Y-BRUNO-CRECEN-SANOS.jpg","large-width":6444,"large-height":9862,"1536x1536":"https:\/\/www.editorialjuventud.es\/wp-content\/uploads\/cover_MIA-Y-BRUNO-CRECEN-SANOS.jpg","1536x1536-width":1004,"1536x1536-height":1536,"2048x2048":"https:\/\/www.editorialjuventud.es\/wp-content\/uploads\/cover_MIA-Y-BRUNO-CRECEN-SANOS.jpg","2048x2048-width":1338,"2048x2048-height":2048,"woocommerce_thumbnail":"https:\/\/www.editorialjuventud.es\/wp-content\/uploads\/cover_MIA-Y-BRUNO-CRECEN-SANOS-350x536.jpg","woocommerce_thumbnail-width":350,"woocommerce_thumbnail-height":536,"woocommerce_single":"https:\/\/www.editorialjuventud.es\/wp-content\/uploads\/cover_MIA-Y-BRUNO-CRECEN-SANOS-900x1377.jpg","woocommerce_single-width":900,"woocommerce_single-height":1377,"woocommerce_gallery_thumbnail":"https:\/\/www.editorialjuventud.es\/wp-content\/uploads\/cover_MIA-Y-BRUNO-CRECEN-SANOS-100x100.jpg","woocommerce_gallery_thumbnail-width":100,"woocommerce_gallery_thumbnail-height":100,"ppec_logo_image_size":"https:\/\/www.editorialjuventud.es\/wp-content\/uploads\/cover_MIA-Y-BRUNO-CRECEN-SANOS.jpg","ppec_logo_image_size-width":39,"ppec_logo_image_size-height":60,"ppec_header_image_size":"https:\/\/www.editorialjuventud.es\/wp-content\/uploads\/cover_MIA-Y-BRUNO-CRECEN-SANOS.jpg","ppec_header_image_size-width":59,"ppec_header_image_size-height":90}},"texto_enlace_ficha_tecnica":"","enlace_ficha_tecnica":{"ID":40812,"id":40812,"title":"Ficha_Mia y Bruno crecen sanos","filename":"Ficha_Mia-y-Bruno-crecen-sanos.pdf","filesize":634862,"url":"https:\/\/www.editorialjuventud.es\/wp-content\/uploads\/Ficha_Mia-y-Bruno-crecen-sanos.pdf","link":"https:\/\/www.editorialjuventud.es\/ca\/?attachment_id=40812","alt":"","author":"49","description":"","caption":"","name":"ficha_mia-y-bruno-crecen-sanos","status":"inherit","uploaded_to":40130,"date":"2020-05-14 09:58:47","modified":"2020-05-14 09:58:47","menu_order":0,"mime_type":"application\/pdf","type":"application","subtype":"pdf","icon":"https:\/\/www.editorialjuventud.es\/wp-includes\/images\/media\/document.png"},"ficheros":false,"titulo-fr":"Mia and Bruno Grow Up Healthy","texto-fr":"<p>Bruno is 9 years old and is upset because at school someone called him \u00abpig\u00bb. Even eating more or less the same as the other kids, his belly fat is accumulating, and that bothers him since he<br \/>\ngets tired running in the playground. Bullying? Eating healthy? Satiety? Stomach hunger? Head hunger? Fiber? Calories? Sport? Discover the keys for better eating habits and a healthier life.<\/p>\n<p>&nbsp;<\/p>\n<p><span style=\"color: #008080;\"><em>\u203a Rights sold: Plish, Ukranian and Arabic<\/em><\/span><\/p>\n"},"yoast_head":"<!-- This site is optimized with the Yoast SEO plugin v27.5 - https:\/\/yoast.com\/product\/yoast-seo-wordpress\/ -->\n<title>M\u00eda y Bruno crecen sanos - Editorial Juventud<\/title>\n<meta name=\"description\" content=\"Bruno tiene siete a\u00f1os y hoy est\u00e1 triste porque en la escuela le han llamado &#039;vaca&#039;. Aunque coma m\u00e1s o menos como los otros ni\u00f1os y ni\u00f1as, se le est\u00e1\" \/>\n<meta name=\"robots\" content=\"index, follow, max-snippet:-1, max-image-preview:large, max-video-preview:-1\" \/>\n<link rel=\"canonical\" href=\"https:\/\/www.editorialjuventud.es\/mia-y-bruno-crecen-sanos-9788426146564\/\" \/>\n<meta property=\"og:locale\" content=\"ca_ES\" \/>\n<meta property=\"og:type\" content=\"article\" \/>\n<meta property=\"og:title\" content=\"M\u00eda y Bruno crecen sanos - Editorial Juventud\" \/>\n<meta property=\"og:description\" content=\"Bruno tiene siete a\u00f1os y hoy est\u00e1 triste porque en la escuela le han llamado &#039;vaca&#039;. Aunque coma m\u00e1s o menos como los otros ni\u00f1os y ni\u00f1as, se le est\u00e1\" \/>\n<meta property=\"og:url\" content=\"https:\/\/www.editorialjuventud.es\/mia-y-bruno-crecen-sanos-9788426146564\/\" \/>\n<meta property=\"og:site_name\" content=\"Editorial Juventud\" \/>\n<meta property=\"article:modified_time\" content=\"2025-04-30T09:50:33+00:00\" \/>\n<meta property=\"og:image\" content=\"https:\/\/www.editorialjuventud.es\/wp-content\/uploads\/9788426146564.jpg\" \/>\n\t<meta property=\"og:image:width\" content=\"2967\" \/>\n\t<meta property=\"og:image:height\" content=\"4502\" \/>\n\t<meta property=\"og:image:type\" content=\"image\/jpeg\" \/>\n<meta name=\"twitter:card\" content=\"summary_large_image\" \/>\n<meta name=\"twitter:label1\" content=\"Temps estimat de lectura\" \/>\n\t<meta name=\"twitter:data1\" content=\"1 minut\" \/>\n<script type=\"application\/ld+json\" class=\"yoast-schema-graph\">{\"@context\":\"https:\\\/\\\/schema.org\",\"@graph\":[{\"@type\":\"WebPage\",\"@id\":\"https:\\\/\\\/www.editorialjuventud.es\\\/mia-y-bruno-crecen-sanos-9788426146564\\\/\",\"url\":\"https:\\\/\\\/www.editorialjuventud.es\\\/mia-y-bruno-crecen-sanos-9788426146564\\\/\",\"name\":\"M\u00eda y Bruno crecen sanos - Editorial Juventud\",\"isPartOf\":{\"@id\":\"https:\\\/\\\/www.editorialjuventud.es\\\/#website\"},\"primaryImageOfPage\":{\"@id\":\"https:\\\/\\\/www.editorialjuventud.es\\\/mia-y-bruno-crecen-sanos-9788426146564\\\/#primaryimage\"},\"image\":{\"@id\":\"https:\\\/\\\/www.editorialjuventud.es\\\/mia-y-bruno-crecen-sanos-9788426146564\\\/#primaryimage\"},\"thumbnailUrl\":\"https:\\\/\\\/www.editorialjuventud.es\\\/wp-content\\\/uploads\\\/9788426146564.jpg\",\"datePublished\":\"2020-04-27T16:29:40+00:00\",\"dateModified\":\"2025-04-30T09:50:33+00:00\",\"description\":\"Bruno tiene siete a\u00f1os y hoy est\u00e1 triste porque en la escuela le han llamado 'vaca'. Aunque coma m\u00e1s o menos como los otros ni\u00f1os y ni\u00f1as, se le est\u00e1\",\"breadcrumb\":{\"@id\":\"https:\\\/\\\/www.editorialjuventud.es\\\/mia-y-bruno-crecen-sanos-9788426146564\\\/#breadcrumb\"},\"inLanguage\":\"ca\",\"potentialAction\":[{\"@type\":\"ReadAction\",\"target\":[\"https:\\\/\\\/www.editorialjuventud.es\\\/mia-y-bruno-crecen-sanos-9788426146564\\\/\"]}]},{\"@type\":\"ImageObject\",\"inLanguage\":\"ca\",\"@id\":\"https:\\\/\\\/www.editorialjuventud.es\\\/mia-y-bruno-crecen-sanos-9788426146564\\\/#primaryimage\",\"url\":\"https:\\\/\\\/www.editorialjuventud.es\\\/wp-content\\\/uploads\\\/9788426146564.jpg\",\"contentUrl\":\"https:\\\/\\\/www.editorialjuventud.es\\\/wp-content\\\/uploads\\\/9788426146564.jpg\",\"width\":2967,\"height\":4502,\"caption\":\"9788426146564.jpg\"},{\"@type\":\"BreadcrumbList\",\"@id\":\"https:\\\/\\\/www.editorialjuventud.es\\\/mia-y-bruno-crecen-sanos-9788426146564\\\/#breadcrumb\",\"itemListElement\":[{\"@type\":\"ListItem\",\"position\":1,\"name\":\"Portada\",\"item\":\"https:\\\/\\\/www.editorialjuventud.es\\\/\"},{\"@type\":\"ListItem\",\"position\":2,\"name\":\"cat\u00e1logo\",\"item\":\"https:\\\/\\\/www.editorialjuventud.es\\\/coleccion\\\/catalogo\\\/\"},{\"@type\":\"ListItem\",\"position\":3,\"name\":\"castellano\",\"item\":\"https:\\\/\\\/www.editorialjuventud.es\\\/coleccion\\\/castellano\\\/\"},{\"@type\":\"ListItem\",\"position\":4,\"name\":\"\u00c1lbumes Ilustrados\",\"item\":\"https:\\\/\\\/www.editorialjuventud.es\\\/coleccion\\\/albumes-ilustrados\\\/\"},{\"@type\":\"ListItem\",\"position\":5,\"name\":\"Conocer y Comprender\",\"item\":\"https:\\\/\\\/www.editorialjuventud.es\\\/coleccion\\\/conocer-y-comprender\\\/\"},{\"@type\":\"ListItem\",\"position\":6,\"name\":\"M\u00eda y Bruno\",\"item\":\"https:\\\/\\\/www.editorialjuventud.es\\\/coleccion\\\/mia-y-bruno\\\/\"},{\"@type\":\"ListItem\",\"position\":7,\"name\":\"M\u00eda y Bruno crecen sanos\"}]},{\"@type\":\"WebSite\",\"@id\":\"https:\\\/\\\/www.editorialjuventud.es\\\/#website\",\"url\":\"https:\\\/\\\/www.editorialjuventud.es\\\/\",\"name\":\"Editorial Juventud\",\"description\":\"\",\"potentialAction\":[{\"@type\":\"SearchAction\",\"target\":{\"@type\":\"EntryPoint\",\"urlTemplate\":\"https:\\\/\\\/www.editorialjuventud.es\\\/?s={search_term_string}\"},\"query-input\":{\"@type\":\"PropertyValueSpecification\",\"valueRequired\":true,\"valueName\":\"search_term_string\"}}],\"inLanguage\":\"ca\"}]}<\/script>\n<!-- \/ Yoast SEO plugin. -->","yoast_head_json":{"title":"M\u00eda y Bruno crecen sanos - Editorial Juventud","description":"Bruno tiene siete a\u00f1os y hoy est\u00e1 triste porque en la escuela le han llamado 'vaca'. Aunque coma m\u00e1s o menos como los otros ni\u00f1os y ni\u00f1as, se le est\u00e1","robots":{"index":"index","follow":"follow","max-snippet":"max-snippet:-1","max-image-preview":"max-image-preview:large","max-video-preview":"max-video-preview:-1"},"canonical":"https:\/\/www.editorialjuventud.es\/mia-y-bruno-crecen-sanos-9788426146564\/","og_locale":"ca_ES","og_type":"article","og_title":"M\u00eda y Bruno crecen sanos - Editorial Juventud","og_description":"Bruno tiene siete a\u00f1os y hoy est\u00e1 triste porque en la escuela le han llamado 'vaca'. Aunque coma m\u00e1s o menos como los otros ni\u00f1os y ni\u00f1as, se le est\u00e1","og_url":"https:\/\/www.editorialjuventud.es\/mia-y-bruno-crecen-sanos-9788426146564\/","og_site_name":"Editorial Juventud","article_modified_time":"2025-04-30T09:50:33+00:00","og_image":[{"width":2967,"height":4502,"url":"https:\/\/www.editorialjuventud.es\/wp-content\/uploads\/9788426146564.jpg","type":"image\/jpeg"}],"twitter_card":"summary_large_image","twitter_misc":{"Temps estimat de lectura":"1 minut"},"schema":{"@context":"https:\/\/schema.org","@graph":[{"@type":"WebPage","@id":"https:\/\/www.editorialjuventud.es\/mia-y-bruno-crecen-sanos-9788426146564\/","url":"https:\/\/www.editorialjuventud.es\/mia-y-bruno-crecen-sanos-9788426146564\/","name":"M\u00eda y Bruno crecen sanos - Editorial Juventud","isPartOf":{"@id":"https:\/\/www.editorialjuventud.es\/#website"},"primaryImageOfPage":{"@id":"https:\/\/www.editorialjuventud.es\/mia-y-bruno-crecen-sanos-9788426146564\/#primaryimage"},"image":{"@id":"https:\/\/www.editorialjuventud.es\/mia-y-bruno-crecen-sanos-9788426146564\/#primaryimage"},"thumbnailUrl":"https:\/\/www.editorialjuventud.es\/wp-content\/uploads\/9788426146564.jpg","datePublished":"2020-04-27T16:29:40+00:00","dateModified":"2025-04-30T09:50:33+00:00","description":"Bruno tiene siete a\u00f1os y hoy est\u00e1 triste porque en la escuela le han llamado 'vaca'. Aunque coma m\u00e1s o menos como los otros ni\u00f1os y ni\u00f1as, se le est\u00e1","breadcrumb":{"@id":"https:\/\/www.editorialjuventud.es\/mia-y-bruno-crecen-sanos-9788426146564\/#breadcrumb"},"inLanguage":"ca","potentialAction":[{"@type":"ReadAction","target":["https:\/\/www.editorialjuventud.es\/mia-y-bruno-crecen-sanos-9788426146564\/"]}]},{"@type":"ImageObject","inLanguage":"ca","@id":"https:\/\/www.editorialjuventud.es\/mia-y-bruno-crecen-sanos-9788426146564\/#primaryimage","url":"https:\/\/www.editorialjuventud.es\/wp-content\/uploads\/9788426146564.jpg","contentUrl":"https:\/\/www.editorialjuventud.es\/wp-content\/uploads\/9788426146564.jpg","width":2967,"height":4502,"caption":"9788426146564.jpg"},{"@type":"BreadcrumbList","@id":"https:\/\/www.editorialjuventud.es\/mia-y-bruno-crecen-sanos-9788426146564\/#breadcrumb","itemListElement":[{"@type":"ListItem","position":1,"name":"Portada","item":"https:\/\/www.editorialjuventud.es\/"},{"@type":"ListItem","position":2,"name":"cat\u00e1logo","item":"https:\/\/www.editorialjuventud.es\/coleccion\/catalogo\/"},{"@type":"ListItem","position":3,"name":"castellano","item":"https:\/\/www.editorialjuventud.es\/coleccion\/castellano\/"},{"@type":"ListItem","position":4,"name":"\u00c1lbumes Ilustrados","item":"https:\/\/www.editorialjuventud.es\/coleccion\/albumes-ilustrados\/"},{"@type":"ListItem","position":5,"name":"Conocer y Comprender","item":"https:\/\/www.editorialjuventud.es\/coleccion\/conocer-y-comprender\/"},{"@type":"ListItem","position":6,"name":"M\u00eda y Bruno","item":"https:\/\/www.editorialjuventud.es\/coleccion\/mia-y-bruno\/"},{"@type":"ListItem","position":7,"name":"M\u00eda y Bruno crecen sanos"}]},{"@type":"WebSite","@id":"https:\/\/www.editorialjuventud.es\/#website","url":"https:\/\/www.editorialjuventud.es\/","name":"Editorial Juventud","description":"","potentialAction":[{"@type":"SearchAction","target":{"@type":"EntryPoint","urlTemplate":"https:\/\/www.editorialjuventud.es\/?s={search_term_string}"},"query-input":{"@type":"PropertyValueSpecification","valueRequired":true,"valueName":"search_term_string"}}],"inLanguage":"ca"}]}},"_links":{"self":[{"href":"https:\/\/www.editorialjuventud.es\/ca\/wp-json\/wp\/v2\/product\/40130","targetHints":{"allow":["GET"]}}],"collection":[{"href":"https:\/\/www.editorialjuventud.es\/ca\/wp-json\/wp\/v2\/product"}],"about":[{"href":"https:\/\/www.editorialjuventud.es\/ca\/wp-json\/wp\/v2\/types\/product"}],"wp:featuredmedia":[{"embeddable":true,"href":"https:\/\/www.editorialjuventud.es\/ca\/wp-json\/wp\/v2\/media\/40131"}],"wp:attachment":[{"href":"https:\/\/www.editorialjuventud.es\/ca\/wp-json\/wp\/v2\/media?parent=40130"}],"wp:term":[{"taxonomy":"product_brand","embeddable":true,"href":"https:\/\/www.editorialjuventud.es\/ca\/wp-json\/wp\/v2\/product_brand?post=40130"},{"taxonomy":"product_cat","embeddable":true,"href":"https:\/\/www.editorialjuventud.es\/ca\/wp-json\/wp\/v2\/product_cat?post=40130"},{"taxonomy":"product_tag","embeddable":true,"href":"https:\/\/www.editorialjuventud.es\/ca\/wp-json\/wp\/v2\/product_tag?post=40130"},{"taxonomy":"coleccion","embeddable":true,"href":"https:\/\/www.editorialjuventud.es\/ca\/wp-json\/wp\/v2\/coleccion?post=40130"}],"curies":[{"name":"wp","href":"https:\/\/api.w.org\/{rel}","templated":true}]}}