{"id":38036,"date":"2020-02-27T15:50:20","date_gmt":"2020-02-27T14:50:20","guid":{"rendered":"https:\/\/www.editorialjuventud.es\/quien-esta-en-el-agua-9788426146120\/"},"modified":"2026-05-07T12:29:31","modified_gmt":"2026-05-07T10:29:31","slug":"quien-esta-en-el-agua-9788426146120","status":"publish","type":"product","link":"https:\/\/www.editorialjuventud.es\/ca\/quien-esta-en-el-agua-9788426146120\/","title":{"rendered":"\u00bfQui\u00e9n est\u00e1 en el agua?"},"content":{"rendered":"<p>Estos libros de ba\u00f1o est\u00e1n dise\u00f1ados para proporcionar horas de entretenimiento a los beb\u00e9s de la casa. Las ilustraciones en blanco y negro cobran vida cuando se sumergen o se pintan con un pincel mojado con agua, y nos revelan los colores brillantes de los distintos animales de cada libro. \u00a1Y todo esto sin manchar! Los beb\u00e9s quedar\u00e1n cautivados con la magia de estos libros de ba\u00f1o, y poco a poco podr\u00e1n ir identificando las criaturas que aparecen en sus p\u00e1ginas.<\/p>\n<p>La serie de libros Color\u00e9ame est\u00e1 especialmente dise\u00f1ada para estimular a los ni\u00f1os desde su m\u00e1s temprana edad. Tras leer varios estudios, los autores concluyeron que las im\u00e1genes en blanco y negro poseen mayor contraste y atraen la atenci\u00f3n de los beb\u00e9s, que se concentran en esos est\u00edmulos visuales. Primero son capaces de distinguir texturas, luego reconocen formas hasta llegar a nombrarlas y, antes de que nos demos cuenta, \u00a1se convierten en verdaderos maestros! Si adem\u00e1s esas im\u00e1genes cambian m\u00e1gicamente de color, el resultado es un entretenimiento cuyos est\u00edmulos aumentan a medida que crece el beb\u00e9.<\/p>\n<p>Este libro ha sido publicado con el apoyo de:<\/p>\n<p><img decoding=\"async\" src=\"http:\/\/www.editorialjuventud.es\/wp-content\/uploads\/0.png\" \/><\/p>\n","protected":false},"excerpt":{"rendered":"Estos libros de ba\u00f1o est\u00e1n dise\u00f1ados para proporcionar horas de entretenimiento a los beb\u00e9s de la casa. Las ilustraciones en blanco y negro cobran vida cuando se sumergen o se pintan con un pincel mojado con agua, y nos revelan [&hellip;]","protected":false},"featured_media":38037,"template":"","meta":{"_acf_changed":false,"_exactmetrics_skip_tracking":false,"_exactmetrics_sitenote_active":false,"_exactmetrics_sitenote_note":"","_exactmetrics_sitenote_category":0},"product_brand":[],"product_cat":[1332,1138,1140,892,1115,1291,1128],"product_tag":[],"coleccion":[916,1298,1296],"class_list":{"0":"post-38036","1":"product","2":"type-product","3":"status-publish","4":"has-post-thumbnail","6":"product_cat-a-partir-de-3-meses","7":"product_cat-animales","8":"product_cat-arte-y-creatividad","9":"product_cat-edades","10":"product_cat-generos","11":"product_cat-libro-juego","12":"product_cat-tematica","13":"coleccion-castellano","14":"coleccion-coloreame","15":"coleccion-mis-primeros-libros","17":"first","18":"instock","19":"taxable","20":"shipping-taxable","21":"purchasable","22":"product-type-simple"},"acf":{"indice":"","autor":"Sajnani, Surya","codart":"4612","ediciones":"1","encuadernacion":"Otros","fecha_de_publicacion":"01\/03\/2020","fecha_de_reimpresion":"","novedad":"0","paginas":"8","subtitulo":"","texto_web_adicional":"","autores-libros":[38198],"ilustradores-libros":[38198],"texto_web_novedad":"","orden":"999","portada":"0","texto_web_resaltado":"","traductores-libros":[58416],"descripcion_corta":"Las ilustraciones en blanco y negro cobran vida cuando se mojado con agua, y nos revelan los colores brillantes de los diferentes animales.","recomendamos":"","mas_vendido":"","idioma-libro":"","color":false,"formato":"","mas_informacion_del_producto":false,"premios":false,"deshabilitar_compra":["deshabilitar"],"texto_enlace_cubierta":"","enlace_cubierta":{"ID":38858,"id":38858,"title":"covers LIBROS DE BA\u00d1O (4 titulos ESy CA).indd","filename":"ALTA-cover_ES-QUIEN-ESTA-EN-EL-AGUA.jpg","filesize":116789,"url":"https:\/\/www.editorialjuventud.es\/wp-content\/uploads\/ALTA-cover_ES-QUIEN-ESTA-EN-EL-AGUA.jpg","link":"https:\/\/www.editorialjuventud.es\/ca\/?attachment_id=38858","alt":"","author":"47","description":"","caption":"","name":"covers-libros-de-bano-4-titulos-esy-ca-indd-2","status":"inherit","uploaded_to":38036,"date":"2020-03-24 10:16:56","modified":"2020-03-24 10:16:56","menu_order":0,"mime_type":"image\/jpeg","type":"image","subtype":"jpeg","icon":"https:\/\/www.editorialjuventud.es\/wp-includes\/images\/media\/default.png","width":945,"height":927,"sizes":{"thumbnail":"https:\/\/www.editorialjuventud.es\/wp-content\/uploads\/ALTA-cover_ES-QUIEN-ESTA-EN-EL-AGUA-200x200.jpg","thumbnail-width":200,"thumbnail-height":200,"medium":"https:\/\/www.editorialjuventud.es\/wp-content\/uploads\/ALTA-cover_ES-QUIEN-ESTA-EN-EL-AGUA.jpg","medium-width":945,"medium-height":927,"medium_large":"https:\/\/www.editorialjuventud.es\/wp-content\/uploads\/ALTA-cover_ES-QUIEN-ESTA-EN-EL-AGUA-768x753.jpg","medium_large-width":768,"medium_large-height":753,"large":"https:\/\/www.editorialjuventud.es\/wp-content\/uploads\/ALTA-cover_ES-QUIEN-ESTA-EN-EL-AGUA.jpg","large-width":945,"large-height":927,"1536x1536":"https:\/\/www.editorialjuventud.es\/wp-content\/uploads\/ALTA-cover_ES-QUIEN-ESTA-EN-EL-AGUA.jpg","1536x1536-width":945,"1536x1536-height":927,"2048x2048":"https:\/\/www.editorialjuventud.es\/wp-content\/uploads\/ALTA-cover_ES-QUIEN-ESTA-EN-EL-AGUA.jpg","2048x2048-width":945,"2048x2048-height":927,"woocommerce_thumbnail":"https:\/\/www.editorialjuventud.es\/wp-content\/uploads\/ALTA-cover_ES-QUIEN-ESTA-EN-EL-AGUA-350x343.jpg","woocommerce_thumbnail-width":350,"woocommerce_thumbnail-height":343,"woocommerce_single":"https:\/\/www.editorialjuventud.es\/wp-content\/uploads\/ALTA-cover_ES-QUIEN-ESTA-EN-EL-AGUA-900x883.jpg","woocommerce_single-width":900,"woocommerce_single-height":883,"woocommerce_gallery_thumbnail":"https:\/\/www.editorialjuventud.es\/wp-content\/uploads\/ALTA-cover_ES-QUIEN-ESTA-EN-EL-AGUA-100x100.jpg","woocommerce_gallery_thumbnail-width":100,"woocommerce_gallery_thumbnail-height":100,"ppec_logo_image_size":"https:\/\/www.editorialjuventud.es\/wp-content\/uploads\/ALTA-cover_ES-QUIEN-ESTA-EN-EL-AGUA.jpg","ppec_logo_image_size-width":61,"ppec_logo_image_size-height":60,"ppec_header_image_size":"https:\/\/www.editorialjuventud.es\/wp-content\/uploads\/ALTA-cover_ES-QUIEN-ESTA-EN-EL-AGUA.jpg","ppec_header_image_size-width":92,"ppec_header_image_size-height":90}},"texto_enlace_ficha_tecnica":"","enlace_ficha_tecnica":{"ID":38279,"id":38279,"title":"Ficha_LibrosDeBan\u0303o_CAST_V2","filename":"Ficha_LibrosDeBan\u0303o_CAST_V2.pdf","filesize":1389664,"url":"https:\/\/www.editorialjuventud.es\/wp-content\/uploads\/Ficha_LibrosDeBan\u0303o_CAST_V2.pdf","link":"https:\/\/www.editorialjuventud.es\/ca\/?attachment_id=38279","alt":"","author":"50","description":"","caption":"","name":"ficha_librosdeban%cc%83o_cast_v2","status":"inherit","uploaded_to":38036,"date":"2020-03-04 10:14:56","modified":"2020-03-04 10:14:56","menu_order":0,"mime_type":"application\/pdf","type":"application","subtype":"pdf","icon":"https:\/\/www.editorialjuventud.es\/wp-includes\/images\/media\/document.png"},"ficheros":false,"titulo-fr":"","texto-fr":""},"yoast_head":"<!-- This site is optimized with the Yoast SEO plugin v27.5 - https:\/\/yoast.com\/product\/yoast-seo-wordpress\/ -->\n<title>\u00bfQui\u00e9n est\u00e1 en el agua? - Editorial Juventud<\/title>\n<meta name=\"description\" content=\"Estos libros de ba\u00f1o est\u00e1n dise\u00f1ados para proporcionar horas de entretenimiento a los beb\u00e9s de la casa. Las ilustraciones en blanco y negro cobran vida\" \/>\n<meta name=\"robots\" content=\"index, follow, max-snippet:-1, max-image-preview:large, max-video-preview:-1\" \/>\n<link rel=\"canonical\" href=\"https:\/\/www.editorialjuventud.es\/quien-esta-en-el-agua-9788426146120\/\" \/>\n<meta property=\"og:locale\" content=\"ca_ES\" \/>\n<meta property=\"og:type\" content=\"article\" \/>\n<meta property=\"og:title\" content=\"\u00bfQui\u00e9n est\u00e1 en el agua? - Editorial Juventud\" \/>\n<meta property=\"og:description\" content=\"Estos libros de ba\u00f1o est\u00e1n dise\u00f1ados para proporcionar horas de entretenimiento a los beb\u00e9s de la casa. Las ilustraciones en blanco y negro cobran vida\" \/>\n<meta property=\"og:url\" content=\"https:\/\/www.editorialjuventud.es\/quien-esta-en-el-agua-9788426146120\/\" \/>\n<meta property=\"og:site_name\" content=\"Editorial Juventud\" \/>\n<meta property=\"article:modified_time\" content=\"2026-05-07T10:29:31+00:00\" \/>\n<meta property=\"og:image\" content=\"https:\/\/www.editorialjuventud.es\/wp-content\/uploads\/9788426146120.png\" \/>\n\t<meta property=\"og:image:width\" content=\"453\" \/>\n\t<meta property=\"og:image:height\" content=\"454\" \/>\n\t<meta property=\"og:image:type\" content=\"image\/png\" \/>\n<meta name=\"twitter:card\" content=\"summary_large_image\" \/>\n<meta name=\"twitter:label1\" content=\"Temps estimat de lectura\" \/>\n\t<meta name=\"twitter:data1\" content=\"2 minuts\" \/>\n<script type=\"application\/ld+json\" class=\"yoast-schema-graph\">{\"@context\":\"https:\\\/\\\/schema.org\",\"@graph\":[{\"@type\":\"WebPage\",\"@id\":\"https:\\\/\\\/www.editorialjuventud.es\\\/quien-esta-en-el-agua-9788426146120\\\/\",\"url\":\"https:\\\/\\\/www.editorialjuventud.es\\\/quien-esta-en-el-agua-9788426146120\\\/\",\"name\":\"\u00bfQui\u00e9n est\u00e1 en el agua? - Editorial Juventud\",\"isPartOf\":{\"@id\":\"https:\\\/\\\/www.editorialjuventud.es\\\/#website\"},\"primaryImageOfPage\":{\"@id\":\"https:\\\/\\\/www.editorialjuventud.es\\\/quien-esta-en-el-agua-9788426146120\\\/#primaryimage\"},\"image\":{\"@id\":\"https:\\\/\\\/www.editorialjuventud.es\\\/quien-esta-en-el-agua-9788426146120\\\/#primaryimage\"},\"thumbnailUrl\":\"https:\\\/\\\/www.editorialjuventud.es\\\/wp-content\\\/uploads\\\/9788426146120.png\",\"datePublished\":\"2020-02-27T14:50:20+00:00\",\"dateModified\":\"2026-05-07T10:29:31+00:00\",\"description\":\"Estos libros de ba\u00f1o est\u00e1n dise\u00f1ados para proporcionar horas de entretenimiento a los beb\u00e9s de la casa. Las ilustraciones en blanco y negro cobran vida\",\"breadcrumb\":{\"@id\":\"https:\\\/\\\/www.editorialjuventud.es\\\/quien-esta-en-el-agua-9788426146120\\\/#breadcrumb\"},\"inLanguage\":\"ca\",\"potentialAction\":[{\"@type\":\"ReadAction\",\"target\":[\"https:\\\/\\\/www.editorialjuventud.es\\\/quien-esta-en-el-agua-9788426146120\\\/\"]}]},{\"@type\":\"ImageObject\",\"inLanguage\":\"ca\",\"@id\":\"https:\\\/\\\/www.editorialjuventud.es\\\/quien-esta-en-el-agua-9788426146120\\\/#primaryimage\",\"url\":\"https:\\\/\\\/www.editorialjuventud.es\\\/wp-content\\\/uploads\\\/9788426146120.png\",\"contentUrl\":\"https:\\\/\\\/www.editorialjuventud.es\\\/wp-content\\\/uploads\\\/9788426146120.png\",\"width\":453,\"height\":454,\"caption\":\"9788426146120.png\"},{\"@type\":\"BreadcrumbList\",\"@id\":\"https:\\\/\\\/www.editorialjuventud.es\\\/quien-esta-en-el-agua-9788426146120\\\/#breadcrumb\",\"itemListElement\":[{\"@type\":\"ListItem\",\"position\":1,\"name\":\"Portada\",\"item\":\"https:\\\/\\\/www.editorialjuventud.es\\\/\"},{\"@type\":\"ListItem\",\"position\":2,\"name\":\"cat\u00e1logo\",\"item\":\"https:\\\/\\\/www.editorialjuventud.es\\\/coleccion\\\/catalogo\\\/\"},{\"@type\":\"ListItem\",\"position\":3,\"name\":\"castellano\",\"item\":\"https:\\\/\\\/www.editorialjuventud.es\\\/coleccion\\\/castellano\\\/\"},{\"@type\":\"ListItem\",\"position\":4,\"name\":\"Mis Primeros Libros\",\"item\":\"https:\\\/\\\/www.editorialjuventud.es\\\/coleccion\\\/mis-primeros-libros\\\/\"},{\"@type\":\"ListItem\",\"position\":5,\"name\":\"Color\u00e9ame\",\"item\":\"https:\\\/\\\/www.editorialjuventud.es\\\/ca\\\/coleccion\\\/coloreame\\\/\"},{\"@type\":\"ListItem\",\"position\":6,\"name\":\"\u00bfQui\u00e9n est\u00e1 en el agua?\"}]},{\"@type\":\"WebSite\",\"@id\":\"https:\\\/\\\/www.editorialjuventud.es\\\/#website\",\"url\":\"https:\\\/\\\/www.editorialjuventud.es\\\/\",\"name\":\"Editorial Juventud\",\"description\":\"\",\"potentialAction\":[{\"@type\":\"SearchAction\",\"target\":{\"@type\":\"EntryPoint\",\"urlTemplate\":\"https:\\\/\\\/www.editorialjuventud.es\\\/?s={search_term_string}\"},\"query-input\":{\"@type\":\"PropertyValueSpecification\",\"valueRequired\":true,\"valueName\":\"search_term_string\"}}],\"inLanguage\":\"ca\"}]}<\/script>\n<!-- \/ Yoast SEO plugin. -->","yoast_head_json":{"title":"\u00bfQui\u00e9n est\u00e1 en el agua? - Editorial Juventud","description":"Estos libros de ba\u00f1o est\u00e1n dise\u00f1ados para proporcionar horas de entretenimiento a los beb\u00e9s de la casa. Las ilustraciones en blanco y negro cobran vida","robots":{"index":"index","follow":"follow","max-snippet":"max-snippet:-1","max-image-preview":"max-image-preview:large","max-video-preview":"max-video-preview:-1"},"canonical":"https:\/\/www.editorialjuventud.es\/quien-esta-en-el-agua-9788426146120\/","og_locale":"ca_ES","og_type":"article","og_title":"\u00bfQui\u00e9n est\u00e1 en el agua? - Editorial Juventud","og_description":"Estos libros de ba\u00f1o est\u00e1n dise\u00f1ados para proporcionar horas de entretenimiento a los beb\u00e9s de la casa. Las ilustraciones en blanco y negro cobran vida","og_url":"https:\/\/www.editorialjuventud.es\/quien-esta-en-el-agua-9788426146120\/","og_site_name":"Editorial Juventud","article_modified_time":"2026-05-07T10:29:31+00:00","og_image":[{"width":453,"height":454,"url":"https:\/\/www.editorialjuventud.es\/wp-content\/uploads\/9788426146120.png","type":"image\/png"}],"twitter_card":"summary_large_image","twitter_misc":{"Temps estimat de lectura":"2 minuts"},"schema":{"@context":"https:\/\/schema.org","@graph":[{"@type":"WebPage","@id":"https:\/\/www.editorialjuventud.es\/quien-esta-en-el-agua-9788426146120\/","url":"https:\/\/www.editorialjuventud.es\/quien-esta-en-el-agua-9788426146120\/","name":"\u00bfQui\u00e9n est\u00e1 en el agua? - Editorial Juventud","isPartOf":{"@id":"https:\/\/www.editorialjuventud.es\/#website"},"primaryImageOfPage":{"@id":"https:\/\/www.editorialjuventud.es\/quien-esta-en-el-agua-9788426146120\/#primaryimage"},"image":{"@id":"https:\/\/www.editorialjuventud.es\/quien-esta-en-el-agua-9788426146120\/#primaryimage"},"thumbnailUrl":"https:\/\/www.editorialjuventud.es\/wp-content\/uploads\/9788426146120.png","datePublished":"2020-02-27T14:50:20+00:00","dateModified":"2026-05-07T10:29:31+00:00","description":"Estos libros de ba\u00f1o est\u00e1n dise\u00f1ados para proporcionar horas de entretenimiento a los beb\u00e9s de la casa. Las ilustraciones en blanco y negro cobran vida","breadcrumb":{"@id":"https:\/\/www.editorialjuventud.es\/quien-esta-en-el-agua-9788426146120\/#breadcrumb"},"inLanguage":"ca","potentialAction":[{"@type":"ReadAction","target":["https:\/\/www.editorialjuventud.es\/quien-esta-en-el-agua-9788426146120\/"]}]},{"@type":"ImageObject","inLanguage":"ca","@id":"https:\/\/www.editorialjuventud.es\/quien-esta-en-el-agua-9788426146120\/#primaryimage","url":"https:\/\/www.editorialjuventud.es\/wp-content\/uploads\/9788426146120.png","contentUrl":"https:\/\/www.editorialjuventud.es\/wp-content\/uploads\/9788426146120.png","width":453,"height":454,"caption":"9788426146120.png"},{"@type":"BreadcrumbList","@id":"https:\/\/www.editorialjuventud.es\/quien-esta-en-el-agua-9788426146120\/#breadcrumb","itemListElement":[{"@type":"ListItem","position":1,"name":"Portada","item":"https:\/\/www.editorialjuventud.es\/"},{"@type":"ListItem","position":2,"name":"cat\u00e1logo","item":"https:\/\/www.editorialjuventud.es\/coleccion\/catalogo\/"},{"@type":"ListItem","position":3,"name":"castellano","item":"https:\/\/www.editorialjuventud.es\/coleccion\/castellano\/"},{"@type":"ListItem","position":4,"name":"Mis Primeros Libros","item":"https:\/\/www.editorialjuventud.es\/coleccion\/mis-primeros-libros\/"},{"@type":"ListItem","position":5,"name":"Color\u00e9ame","item":"https:\/\/www.editorialjuventud.es\/ca\/coleccion\/coloreame\/"},{"@type":"ListItem","position":6,"name":"\u00bfQui\u00e9n est\u00e1 en el agua?"}]},{"@type":"WebSite","@id":"https:\/\/www.editorialjuventud.es\/#website","url":"https:\/\/www.editorialjuventud.es\/","name":"Editorial Juventud","description":"","potentialAction":[{"@type":"SearchAction","target":{"@type":"EntryPoint","urlTemplate":"https:\/\/www.editorialjuventud.es\/?s={search_term_string}"},"query-input":{"@type":"PropertyValueSpecification","valueRequired":true,"valueName":"search_term_string"}}],"inLanguage":"ca"}]}},"_links":{"self":[{"href":"https:\/\/www.editorialjuventud.es\/ca\/wp-json\/wp\/v2\/product\/38036","targetHints":{"allow":["GET"]}}],"collection":[{"href":"https:\/\/www.editorialjuventud.es\/ca\/wp-json\/wp\/v2\/product"}],"about":[{"href":"https:\/\/www.editorialjuventud.es\/ca\/wp-json\/wp\/v2\/types\/product"}],"wp:featuredmedia":[{"embeddable":true,"href":"https:\/\/www.editorialjuventud.es\/ca\/wp-json\/wp\/v2\/media\/38037"}],"wp:attachment":[{"href":"https:\/\/www.editorialjuventud.es\/ca\/wp-json\/wp\/v2\/media?parent=38036"}],"wp:term":[{"taxonomy":"product_brand","embeddable":true,"href":"https:\/\/www.editorialjuventud.es\/ca\/wp-json\/wp\/v2\/product_brand?post=38036"},{"taxonomy":"product_cat","embeddable":true,"href":"https:\/\/www.editorialjuventud.es\/ca\/wp-json\/wp\/v2\/product_cat?post=38036"},{"taxonomy":"product_tag","embeddable":true,"href":"https:\/\/www.editorialjuventud.es\/ca\/wp-json\/wp\/v2\/product_tag?post=38036"},{"taxonomy":"coleccion","embeddable":true,"href":"https:\/\/www.editorialjuventud.es\/ca\/wp-json\/wp\/v2\/coleccion?post=38036"}],"curies":[{"name":"wp","href":"https:\/\/api.w.org\/{rel}","templated":true}]}}