{"id":38028,"date":"2020-02-27T15:33:53","date_gmt":"2020-02-27T14:33:53","guid":{"rendered":"https:\/\/www.editorialjuventud.es\/descubre-la-arquitectura-9788426146205\/"},"modified":"2026-03-25T12:15:08","modified_gmt":"2026-03-25T11:15:08","slug":"descubre-la-arquitectura-9788426146205","status":"publish","type":"product","link":"https:\/\/www.editorialjuventud.es\/ca\/descubre-la-arquitectura-9788426146205\/","title":{"rendered":"Descubre la arquitectura"},"content":{"rendered":"<p>En la antig\u00fcedad los seres humanos constru\u00edan sus refugios con todo aquello que ten\u00edan a mano, como ramas, hojas o pieles de animales, o bien se refugiaban en cuevas. Con el tiempo, estos simples refugios se transformaron en casas, que a su vez se convirtieron en asentamientos y poblados. As\u00ed, la arquitectura se convierte en algo que va m\u00e1s all\u00e1 del espacio familiar, pasa a ser un asunto de la comunidad. De la casa se pasa a las construcciones comunes (templos, ba\u00f1os, teatros, etc.) y la necesidad de pensar y ordenar los espacios p\u00fablicos (calles, plazas, mercados, etc.). Desde entonces, la mayor parte de la existencia humana se ha desarrollado rodeada de arquitectura. Este libro es un viaje a trav\u00e9s de las formas en que las civilizaciones han abordado la construcci\u00f3n a lo largo de la historia.<\/p>\n<p>\u00bfQui\u00e9n construy\u00f3 las primeras casas? \u00bfQu\u00e9 diferencia hay entre un arco y un arquitrabe? \u00bfC\u00f3mo se mantiene una c\u00fapula? \u00bfDesde cu\u00e1ndo se utiliza el hormig\u00f3n? \u00bfSe puede construir una casa con papel?<\/p>\n<p>Si quieres saber m\u00e1s sobre los edificios que nos rodean, esta entretenida gu\u00eda ilustrada es una introducci\u00f3n perfecta a la arquitectura en todo el mundo. Desde las caba\u00f1as de barro de la historia antigua hasta los imponentes edificios actuales, podr\u00e1s explorar edificios ic\u00f3nicos y obtener m\u00e1s informaci\u00f3n sobre las personas que los crearon.<\/p>\n<p>Tambi\u00e9n descubrir\u00e1s el desarrollo de diferentes materiales de construcci\u00f3n, desde el barro y la paja hasta el acero o el hormig\u00f3n armado.<\/p>\n","protected":false},"excerpt":{"rendered":"En la antig\u00fcedad los seres humanos constru\u00edan sus refugios con todo aquello que ten\u00edan a mano, como ramas, hojas o pieles de animales, o bien se refugiaban en cuevas. Con el tiempo, estos simples refugios se transformaron en casas, que [&hellip;]","protected":false},"featured_media":38029,"template":"","meta":{"_acf_changed":false,"_exactmetrics_skip_tracking":false,"_exactmetrics_sitenote_active":false,"_exactmetrics_sitenote_note":"","_exactmetrics_sitenote_category":0},"product_brand":[],"product_cat":[904,1121,1139,1149,892,1115,1183,1123,1128],"product_tag":[],"coleccion":[928,916,987],"class_list":{"0":"post-38028","1":"product","2":"type-product","3":"status-publish","4":"has-post-thumbnail","6":"product_cat-a-partir-de-9-anos","7":"product_cat-albumes-ilustrados","8":"product_cat-arquitectura","9":"product_cat-ciencia","10":"product_cat-edades","11":"product_cat-generos","12":"product_cat-historia","13":"product_cat-libros-informativos-infantil","14":"product_cat-tematica","15":"coleccion-albumes-ilustrados","16":"coleccion-castellano","17":"coleccion-conocer-y-comprender","19":"first","20":"instock","21":"taxable","22":"shipping-taxable","23":"purchasable","24":"product-type-simple"},"acf":{"indice":"","autor":"Bard\u00ed i Mil\u00e0, Berta","codart":"4620","ediciones":"3","encuadernacion":"Carton\u00e9","fecha_de_publicacion":"01\/03\/2020","fecha_de_reimpresion":"01\/10\/2020","novedad":"0","paginas":"48","subtitulo":"","texto_web_adicional":"","autores-libros":[38024],"ilustradores-libros":[17344],"texto_web_novedad":"","orden":"999","portada":"0","texto_web_resaltado":"","traductores-libros":[18265],"descripcion_corta":"La arquitectura se convierte en algo que va m\u00e1s all\u00e1 del espacio familiar, pasa a ser un asunto de la comunidad.","recomendamos":"","mas_vendido":"","idioma-libro":"","color":false,"formato":"","mas_informacion_del_producto":false,"premios":[{"premio":"British Book Design & Production Awards","anyo_del_premio":"2019","pais_del_premio":"Reino Unido"}],"deshabilitar_compra":[],"texto_enlace_cubierta":"","enlace_cubierta":{"ID":38075,"id":38075,"title":"cover ARQUITECTURA (2 idiomas).indd","filename":"DescubriendoLaArquitectura_Cover_300px_CAST.jpg","filesize":473215,"url":"https:\/\/www.editorialjuventud.es\/wp-content\/uploads\/DescubriendoLaArquitectura_Cover_300px_CAST.jpg","link":"https:\/\/www.editorialjuventud.es\/ca\/?attachment_id=38075","alt":"","author":"50","description":"","caption":"","name":"cover-arquitectura-2-idiomas-indd-2","status":"inherit","uploaded_to":38028,"date":"2020-02-27 18:22:40","modified":"2020-02-27 18:22:40","menu_order":0,"mime_type":"image\/jpeg","type":"image","subtype":"jpeg","icon":"https:\/\/www.editorialjuventud.es\/wp-includes\/images\/media\/default.png","width":2250,"height":2251,"sizes":{"thumbnail":"https:\/\/www.editorialjuventud.es\/wp-content\/uploads\/DescubriendoLaArquitectura_Cover_300px_CAST-200x200.jpg","thumbnail-width":200,"thumbnail-height":200,"medium":"https:\/\/www.editorialjuventud.es\/wp-content\/uploads\/DescubriendoLaArquitectura_Cover_300px_CAST.jpg","medium-width":2250,"medium-height":2251,"medium_large":"https:\/\/www.editorialjuventud.es\/wp-content\/uploads\/DescubriendoLaArquitectura_Cover_300px_CAST-768x768.jpg","medium_large-width":768,"medium_large-height":768,"large":"https:\/\/www.editorialjuventud.es\/wp-content\/uploads\/DescubriendoLaArquitectura_Cover_300px_CAST.jpg","large-width":2250,"large-height":2251,"1536x1536":"https:\/\/www.editorialjuventud.es\/wp-content\/uploads\/DescubriendoLaArquitectura_Cover_300px_CAST.jpg","1536x1536-width":1536,"1536x1536-height":1536,"2048x2048":"https:\/\/www.editorialjuventud.es\/wp-content\/uploads\/DescubriendoLaArquitectura_Cover_300px_CAST.jpg","2048x2048-width":2048,"2048x2048-height":2048,"woocommerce_thumbnail":"https:\/\/www.editorialjuventud.es\/wp-content\/uploads\/DescubriendoLaArquitectura_Cover_300px_CAST-350x350.jpg","woocommerce_thumbnail-width":350,"woocommerce_thumbnail-height":350,"woocommerce_single":"https:\/\/www.editorialjuventud.es\/wp-content\/uploads\/DescubriendoLaArquitectura_Cover_300px_CAST-900x900.jpg","woocommerce_single-width":900,"woocommerce_single-height":900,"woocommerce_gallery_thumbnail":"https:\/\/www.editorialjuventud.es\/wp-content\/uploads\/DescubriendoLaArquitectura_Cover_300px_CAST-100x100.jpg","woocommerce_gallery_thumbnail-width":100,"woocommerce_gallery_thumbnail-height":100,"ppec_logo_image_size":"https:\/\/www.editorialjuventud.es\/wp-content\/uploads\/DescubriendoLaArquitectura_Cover_300px_CAST.jpg","ppec_logo_image_size-width":60,"ppec_logo_image_size-height":60,"ppec_header_image_size":"https:\/\/www.editorialjuventud.es\/wp-content\/uploads\/DescubriendoLaArquitectura_Cover_300px_CAST.jpg","ppec_header_image_size-width":90,"ppec_header_image_size-height":90}},"texto_enlace_ficha_tecnica":"","enlace_ficha_tecnica":{"ID":38073,"id":38073,"title":"Descubriendo la arquitectura_Fichas_CAST_V1","filename":"Descubriendo-la-arquitectura_Fichas_CAST_V1.pdf","filesize":1436908,"url":"https:\/\/www.editorialjuventud.es\/wp-content\/uploads\/Descubriendo-la-arquitectura_Fichas_CAST_V1.pdf","link":"https:\/\/www.editorialjuventud.es\/ca\/?attachment_id=38073","alt":"","author":"50","description":"","caption":"","name":"descubriendo-la-arquitectura_fichas_cast_v1","status":"inherit","uploaded_to":38028,"date":"2020-02-27 18:22:17","modified":"2020-02-27 18:22:17","menu_order":0,"mime_type":"application\/pdf","type":"application","subtype":"pdf","icon":"https:\/\/www.editorialjuventud.es\/wp-includes\/images\/media\/document.png"},"ficheros":false,"titulo-fr":"","texto-fr":""},"yoast_head":"<!-- This site is optimized with the Yoast SEO plugin v27.3 - https:\/\/yoast.com\/product\/yoast-seo-wordpress\/ -->\n<title>Descubre la arquitectura - Editorial Juventud<\/title>\n<meta name=\"description\" content=\"En la antig\u00fcedad los seres humanos constru\u00edan sus refugios con todo aquello que ten\u00edan a mano, como ramas, hojas o pieles de animales, o bien se\" \/>\n<meta name=\"robots\" content=\"index, follow, max-snippet:-1, max-image-preview:large, max-video-preview:-1\" \/>\n<link rel=\"canonical\" href=\"https:\/\/www.editorialjuventud.es\/descubre-la-arquitectura-9788426146205\/\" \/>\n<meta property=\"og:locale\" content=\"ca_ES\" \/>\n<meta property=\"og:type\" content=\"article\" \/>\n<meta property=\"og:title\" content=\"Descubre la arquitectura - Editorial Juventud\" \/>\n<meta property=\"og:description\" content=\"En la antig\u00fcedad los seres humanos constru\u00edan sus refugios con todo aquello que ten\u00edan a mano, como ramas, hojas o pieles de animales, o bien se\" \/>\n<meta property=\"og:url\" content=\"https:\/\/www.editorialjuventud.es\/descubre-la-arquitectura-9788426146205\/\" \/>\n<meta property=\"og:site_name\" content=\"Editorial Juventud\" \/>\n<meta property=\"article:modified_time\" content=\"2026-03-25T11:15:08+00:00\" \/>\n<meta property=\"og:image\" content=\"https:\/\/www.editorialjuventud.es\/wp-content\/uploads\/9788426146205.jpg\" \/>\n\t<meta property=\"og:image:width\" content=\"540\" \/>\n\t<meta property=\"og:image:height\" content=\"540\" \/>\n\t<meta property=\"og:image:type\" content=\"image\/jpeg\" \/>\n<meta name=\"twitter:card\" content=\"summary_large_image\" \/>\n<meta name=\"twitter:label1\" content=\"Temps estimat de lectura\" \/>\n\t<meta name=\"twitter:data1\" content=\"2 minuts\" \/>\n<script type=\"application\/ld+json\" class=\"yoast-schema-graph\">{\"@context\":\"https:\\\/\\\/schema.org\",\"@graph\":[{\"@type\":\"WebPage\",\"@id\":\"https:\\\/\\\/www.editorialjuventud.es\\\/descubre-la-arquitectura-9788426146205\\\/\",\"url\":\"https:\\\/\\\/www.editorialjuventud.es\\\/descubre-la-arquitectura-9788426146205\\\/\",\"name\":\"Descubre la arquitectura - Editorial Juventud\",\"isPartOf\":{\"@id\":\"https:\\\/\\\/www.editorialjuventud.es\\\/#website\"},\"primaryImageOfPage\":{\"@id\":\"https:\\\/\\\/www.editorialjuventud.es\\\/descubre-la-arquitectura-9788426146205\\\/#primaryimage\"},\"image\":{\"@id\":\"https:\\\/\\\/www.editorialjuventud.es\\\/descubre-la-arquitectura-9788426146205\\\/#primaryimage\"},\"thumbnailUrl\":\"https:\\\/\\\/www.editorialjuventud.es\\\/wp-content\\\/uploads\\\/9788426146205.jpg\",\"datePublished\":\"2020-02-27T14:33:53+00:00\",\"dateModified\":\"2026-03-25T11:15:08+00:00\",\"description\":\"En la antig\u00fcedad los seres humanos constru\u00edan sus refugios con todo aquello que ten\u00edan a mano, como ramas, hojas o pieles de animales, o bien se\",\"breadcrumb\":{\"@id\":\"https:\\\/\\\/www.editorialjuventud.es\\\/descubre-la-arquitectura-9788426146205\\\/#breadcrumb\"},\"inLanguage\":\"ca\",\"potentialAction\":[{\"@type\":\"ReadAction\",\"target\":[\"https:\\\/\\\/www.editorialjuventud.es\\\/descubre-la-arquitectura-9788426146205\\\/\"]}]},{\"@type\":\"ImageObject\",\"inLanguage\":\"ca\",\"@id\":\"https:\\\/\\\/www.editorialjuventud.es\\\/descubre-la-arquitectura-9788426146205\\\/#primaryimage\",\"url\":\"https:\\\/\\\/www.editorialjuventud.es\\\/wp-content\\\/uploads\\\/9788426146205.jpg\",\"contentUrl\":\"https:\\\/\\\/www.editorialjuventud.es\\\/wp-content\\\/uploads\\\/9788426146205.jpg\",\"width\":540,\"height\":540,\"caption\":\"9788426146205.jpg\"},{\"@type\":\"BreadcrumbList\",\"@id\":\"https:\\\/\\\/www.editorialjuventud.es\\\/descubre-la-arquitectura-9788426146205\\\/#breadcrumb\",\"itemListElement\":[{\"@type\":\"ListItem\",\"position\":1,\"name\":\"Portada\",\"item\":\"https:\\\/\\\/www.editorialjuventud.es\\\/\"},{\"@type\":\"ListItem\",\"position\":2,\"name\":\"cat\u00e1logo\",\"item\":\"https:\\\/\\\/www.editorialjuventud.es\\\/coleccion\\\/catalogo\\\/\"},{\"@type\":\"ListItem\",\"position\":3,\"name\":\"castellano\",\"item\":\"https:\\\/\\\/www.editorialjuventud.es\\\/coleccion\\\/castellano\\\/\"},{\"@type\":\"ListItem\",\"position\":4,\"name\":\"\u00c1lbumes Ilustrados\",\"item\":\"https:\\\/\\\/www.editorialjuventud.es\\\/coleccion\\\/albumes-ilustrados\\\/\"},{\"@type\":\"ListItem\",\"position\":5,\"name\":\"Conocer y Comprender\",\"item\":\"https:\\\/\\\/www.editorialjuventud.es\\\/coleccion\\\/conocer-y-comprender\\\/\"},{\"@type\":\"ListItem\",\"position\":6,\"name\":\"Descubre la arquitectura\"}]},{\"@type\":\"WebSite\",\"@id\":\"https:\\\/\\\/www.editorialjuventud.es\\\/#website\",\"url\":\"https:\\\/\\\/www.editorialjuventud.es\\\/\",\"name\":\"Editorial Juventud\",\"description\":\"\",\"potentialAction\":[{\"@type\":\"SearchAction\",\"target\":{\"@type\":\"EntryPoint\",\"urlTemplate\":\"https:\\\/\\\/www.editorialjuventud.es\\\/?s={search_term_string}\"},\"query-input\":{\"@type\":\"PropertyValueSpecification\",\"valueRequired\":true,\"valueName\":\"search_term_string\"}}],\"inLanguage\":\"ca\"}]}<\/script>\n<!-- \/ Yoast SEO plugin. -->","yoast_head_json":{"title":"Descubre la arquitectura - Editorial Juventud","description":"En la antig\u00fcedad los seres humanos constru\u00edan sus refugios con todo aquello que ten\u00edan a mano, como ramas, hojas o pieles de animales, o bien se","robots":{"index":"index","follow":"follow","max-snippet":"max-snippet:-1","max-image-preview":"max-image-preview:large","max-video-preview":"max-video-preview:-1"},"canonical":"https:\/\/www.editorialjuventud.es\/descubre-la-arquitectura-9788426146205\/","og_locale":"ca_ES","og_type":"article","og_title":"Descubre la arquitectura - Editorial Juventud","og_description":"En la antig\u00fcedad los seres humanos constru\u00edan sus refugios con todo aquello que ten\u00edan a mano, como ramas, hojas o pieles de animales, o bien se","og_url":"https:\/\/www.editorialjuventud.es\/descubre-la-arquitectura-9788426146205\/","og_site_name":"Editorial Juventud","article_modified_time":"2026-03-25T11:15:08+00:00","og_image":[{"width":540,"height":540,"url":"https:\/\/www.editorialjuventud.es\/wp-content\/uploads\/9788426146205.jpg","type":"image\/jpeg"}],"twitter_card":"summary_large_image","twitter_misc":{"Temps estimat de lectura":"2 minuts"},"schema":{"@context":"https:\/\/schema.org","@graph":[{"@type":"WebPage","@id":"https:\/\/www.editorialjuventud.es\/descubre-la-arquitectura-9788426146205\/","url":"https:\/\/www.editorialjuventud.es\/descubre-la-arquitectura-9788426146205\/","name":"Descubre la arquitectura - Editorial Juventud","isPartOf":{"@id":"https:\/\/www.editorialjuventud.es\/#website"},"primaryImageOfPage":{"@id":"https:\/\/www.editorialjuventud.es\/descubre-la-arquitectura-9788426146205\/#primaryimage"},"image":{"@id":"https:\/\/www.editorialjuventud.es\/descubre-la-arquitectura-9788426146205\/#primaryimage"},"thumbnailUrl":"https:\/\/www.editorialjuventud.es\/wp-content\/uploads\/9788426146205.jpg","datePublished":"2020-02-27T14:33:53+00:00","dateModified":"2026-03-25T11:15:08+00:00","description":"En la antig\u00fcedad los seres humanos constru\u00edan sus refugios con todo aquello que ten\u00edan a mano, como ramas, hojas o pieles de animales, o bien se","breadcrumb":{"@id":"https:\/\/www.editorialjuventud.es\/descubre-la-arquitectura-9788426146205\/#breadcrumb"},"inLanguage":"ca","potentialAction":[{"@type":"ReadAction","target":["https:\/\/www.editorialjuventud.es\/descubre-la-arquitectura-9788426146205\/"]}]},{"@type":"ImageObject","inLanguage":"ca","@id":"https:\/\/www.editorialjuventud.es\/descubre-la-arquitectura-9788426146205\/#primaryimage","url":"https:\/\/www.editorialjuventud.es\/wp-content\/uploads\/9788426146205.jpg","contentUrl":"https:\/\/www.editorialjuventud.es\/wp-content\/uploads\/9788426146205.jpg","width":540,"height":540,"caption":"9788426146205.jpg"},{"@type":"BreadcrumbList","@id":"https:\/\/www.editorialjuventud.es\/descubre-la-arquitectura-9788426146205\/#breadcrumb","itemListElement":[{"@type":"ListItem","position":1,"name":"Portada","item":"https:\/\/www.editorialjuventud.es\/"},{"@type":"ListItem","position":2,"name":"cat\u00e1logo","item":"https:\/\/www.editorialjuventud.es\/coleccion\/catalogo\/"},{"@type":"ListItem","position":3,"name":"castellano","item":"https:\/\/www.editorialjuventud.es\/coleccion\/castellano\/"},{"@type":"ListItem","position":4,"name":"\u00c1lbumes Ilustrados","item":"https:\/\/www.editorialjuventud.es\/coleccion\/albumes-ilustrados\/"},{"@type":"ListItem","position":5,"name":"Conocer y Comprender","item":"https:\/\/www.editorialjuventud.es\/coleccion\/conocer-y-comprender\/"},{"@type":"ListItem","position":6,"name":"Descubre la arquitectura"}]},{"@type":"WebSite","@id":"https:\/\/www.editorialjuventud.es\/#website","url":"https:\/\/www.editorialjuventud.es\/","name":"Editorial Juventud","description":"","potentialAction":[{"@type":"SearchAction","target":{"@type":"EntryPoint","urlTemplate":"https:\/\/www.editorialjuventud.es\/?s={search_term_string}"},"query-input":{"@type":"PropertyValueSpecification","valueRequired":true,"valueName":"search_term_string"}}],"inLanguage":"ca"}]}},"_links":{"self":[{"href":"https:\/\/www.editorialjuventud.es\/ca\/wp-json\/wp\/v2\/product\/38028","targetHints":{"allow":["GET"]}}],"collection":[{"href":"https:\/\/www.editorialjuventud.es\/ca\/wp-json\/wp\/v2\/product"}],"about":[{"href":"https:\/\/www.editorialjuventud.es\/ca\/wp-json\/wp\/v2\/types\/product"}],"wp:featuredmedia":[{"embeddable":true,"href":"https:\/\/www.editorialjuventud.es\/ca\/wp-json\/wp\/v2\/media\/38029"}],"wp:attachment":[{"href":"https:\/\/www.editorialjuventud.es\/ca\/wp-json\/wp\/v2\/media?parent=38028"}],"wp:term":[{"taxonomy":"product_brand","embeddable":true,"href":"https:\/\/www.editorialjuventud.es\/ca\/wp-json\/wp\/v2\/product_brand?post=38028"},{"taxonomy":"product_cat","embeddable":true,"href":"https:\/\/www.editorialjuventud.es\/ca\/wp-json\/wp\/v2\/product_cat?post=38028"},{"taxonomy":"product_tag","embeddable":true,"href":"https:\/\/www.editorialjuventud.es\/ca\/wp-json\/wp\/v2\/product_tag?post=38028"},{"taxonomy":"coleccion","embeddable":true,"href":"https:\/\/www.editorialjuventud.es\/ca\/wp-json\/wp\/v2\/coleccion?post=38028"}],"curies":[{"name":"wp","href":"https:\/\/api.w.org\/{rel}","templated":true}]}}