{"id":38025,"date":"2020-02-27T15:31:01","date_gmt":"2020-02-27T14:31:01","guid":{"rendered":"https:\/\/www.editorialjuventud.es\/descobrim-larquitectura-9788426146212\/"},"modified":"2025-05-05T12:45:12","modified_gmt":"2025-05-05T10:45:12","slug":"descobrim-larquitectura-9788426146212","status":"publish","type":"product","link":"https:\/\/www.editorialjuventud.es\/ca\/descobrim-larquitectura-9788426146212\/","title":{"rendered":"Descobrim l&#8217;arquitectura"},"content":{"rendered":"<p>En l&#8217;antiguitat els \u00e9ssers humans constru\u00efen els seus refugis amb tot all\u00f2 que tenien a m\u00e0, com branques, fulles o pells d&#8217;animals, o b\u00e9 es refugiaven en coves. Amb el temps, aquests simples refugis es van transformar en cases, que al seu torn es van convertir en assentaments i poblats. Aix\u00ed, l&#8217;arquitectura es va convertir en alguna cosa que anava m\u00e9s enll\u00e0 de l&#8217;espai familiar, va passar a ser un assumpte de la comunitat. De la casa es passa a les construccions comunes (temples, banys, teatres, etc.) i la necessitat de pensar i ordenar els espais p\u00fablics (carrers, places, mercats, etc.). Des de llavors, la major part de l&#8217;exist\u00e8ncia humana s&#8217;ha desenvolupat envoltada d&#8217;arquitectura. Aquest llibre \u00e9s un viatge a trav\u00e9s de les formes en qu\u00e8 les civilitzacions han abordat la construcci\u00f3 al llarg de la hist\u00f2ria.<\/p>\n<p>Qui va construir les primeres cases? Quina difer\u00e8ncia hi ha entre un arc i un arquitrau? Com es sost\u00e9 una c\u00fapula? Des de quan es fa servir el formig\u00f3? Es pot construir una casa amb  paper?<\/p>\n<p>Si vols saber m\u00e9s sobre els edificis que ens envolten, aquesta entretinguda guia il\u00b7lustrada \u00e9s una introducci\u00f3 perfecta a l&#8217;arquitectura d&#8217;arreu del m\u00f3n. Des de les cabanyes de fang de la hist\u00f2ria antiga fins als imponents edificis actuals, podr\u00e0s explorar edificis ic\u00f2nics i obtenir m\u00e9s informaci\u00f3 sobre les persones que els han creat.<\/p>\n<p>Tamb\u00e9 descobrir\u00e0s el desenvolupament de diferents materials de construcci\u00f3, des del fang i la palla fins a l&#8217;acer o el formig\u00f3 armat.<\/p>\n","protected":false},"excerpt":{"rendered":"En l&#8217;antiguitat els \u00e9ssers humans constru\u00efen els seus refugis amb tot all\u00f2 que tenien a m\u00e0, com branques, fulles o pells d&#8217;animals, o b\u00e9 es refugiaven en coves. Amb el temps, aquests simples refugis es van transformar en cases, que [&hellip;]","protected":false},"featured_media":38026,"template":"","meta":{"_acf_changed":false,"_exactmetrics_skip_tracking":false,"_exactmetrics_sitenote_active":false,"_exactmetrics_sitenote_note":"","_exactmetrics_sitenote_category":0},"product_brand":[],"product_cat":[904,1121,1139,1149,892,1115,1183,1123,1128],"product_tag":[],"coleccion":[917,915,946],"class_list":{"0":"post-38025","1":"product","2":"type-product","3":"status-publish","4":"has-post-thumbnail","6":"product_cat-a-partir-de-9-anos","7":"product_cat-albumes-ilustrados","8":"product_cat-arquitectura","9":"product_cat-ciencia","10":"product_cat-edades","11":"product_cat-generos","12":"product_cat-historia","13":"product_cat-libros-informativos-infantil","14":"product_cat-tematica","15":"coleccion-albums-illustrats","16":"coleccion-catala","17":"coleccion-com-i-per-que","19":"first","20":"instock","21":"taxable","22":"shipping-taxable","23":"purchasable","24":"product-type-simple"},"acf":{"indice":"","autor":"Bard\u00ed i Mil\u00e0, Berta","codart":"4621","ediciones":"1","encuadernacion":"Carton\u00e9","fecha_de_publicacion":"01\/03\/2020","fecha_de_reimpresion":"","novedad":"0","paginas":"48","subtitulo":"","texto_web_adicional":"","autores-libros":[38024],"ilustradores-libros":[17344],"texto_web_novedad":"","orden":"999","portada":"0","texto_web_resaltado":"","traductores-libros":[18265],"descripcion_corta":"L'arquitectura es va convertir en alguna cosa que anava m\u00e9s enll\u00e0 de l'espai familiar, va passar a ser un assumpte de la comunitat.","recomendamos":"","mas_vendido":"","idioma-libro":"","color":false,"formato":"","mas_informacion_del_producto":false,"premios":[{"premio":"British Book Design & Production Awards","anyo_del_premio":"2019","pais_del_premio":"Regne Unit"}],"deshabilitar_compra":[],"texto_enlace_cubierta":"","enlace_cubierta":{"ID":38061,"id":38061,"title":"cover ARQUITECTURA (edu)+logo+barras.indd","filename":"DescobrintLaArquitectura_Cover_300px_CAT.jpg","filesize":472072,"url":"https:\/\/www.editorialjuventud.es\/wp-content\/uploads\/DescobrintLaArquitectura_Cover_300px_CAT.jpg","link":"https:\/\/www.editorialjuventud.es\/ca\/?attachment_id=38061","alt":"","author":"50","description":"","caption":"","name":"cover-arquitectura-edulogobarras-indd-2","status":"inherit","uploaded_to":38025,"date":"2020-02-27 17:47:20","modified":"2020-02-27 17:47:20","menu_order":0,"mime_type":"image\/jpeg","type":"image","subtype":"jpeg","icon":"https:\/\/www.editorialjuventud.es\/wp-includes\/images\/media\/default.png","width":2250,"height":2249,"sizes":{"thumbnail":"https:\/\/www.editorialjuventud.es\/wp-content\/uploads\/DescobrintLaArquitectura_Cover_300px_CAT-200x200.jpg","thumbnail-width":200,"thumbnail-height":200,"medium":"https:\/\/www.editorialjuventud.es\/wp-content\/uploads\/DescobrintLaArquitectura_Cover_300px_CAT.jpg","medium-width":2250,"medium-height":2249,"medium_large":"https:\/\/www.editorialjuventud.es\/wp-content\/uploads\/DescobrintLaArquitectura_Cover_300px_CAT-768x768.jpg","medium_large-width":768,"medium_large-height":768,"large":"https:\/\/www.editorialjuventud.es\/wp-content\/uploads\/DescobrintLaArquitectura_Cover_300px_CAT.jpg","large-width":2250,"large-height":2249,"1536x1536":"https:\/\/www.editorialjuventud.es\/wp-content\/uploads\/DescobrintLaArquitectura_Cover_300px_CAT.jpg","1536x1536-width":1536,"1536x1536-height":1536,"2048x2048":"https:\/\/www.editorialjuventud.es\/wp-content\/uploads\/DescobrintLaArquitectura_Cover_300px_CAT.jpg","2048x2048-width":2048,"2048x2048-height":2048,"woocommerce_thumbnail":"https:\/\/www.editorialjuventud.es\/wp-content\/uploads\/DescobrintLaArquitectura_Cover_300px_CAT-350x350.jpg","woocommerce_thumbnail-width":350,"woocommerce_thumbnail-height":350,"woocommerce_single":"https:\/\/www.editorialjuventud.es\/wp-content\/uploads\/DescobrintLaArquitectura_Cover_300px_CAT-900x900.jpg","woocommerce_single-width":900,"woocommerce_single-height":900,"woocommerce_gallery_thumbnail":"https:\/\/www.editorialjuventud.es\/wp-content\/uploads\/DescobrintLaArquitectura_Cover_300px_CAT-100x100.jpg","woocommerce_gallery_thumbnail-width":100,"woocommerce_gallery_thumbnail-height":100,"ppec_logo_image_size":"https:\/\/www.editorialjuventud.es\/wp-content\/uploads\/DescobrintLaArquitectura_Cover_300px_CAT.jpg","ppec_logo_image_size-width":60,"ppec_logo_image_size-height":60,"ppec_header_image_size":"https:\/\/www.editorialjuventud.es\/wp-content\/uploads\/DescobrintLaArquitectura_Cover_300px_CAT.jpg","ppec_header_image_size-width":90,"ppec_header_image_size-height":90}},"texto_enlace_ficha_tecnica":"","enlace_ficha_tecnica":{"ID":38059,"id":38059,"title":"Descobrint larquitectura_Fitxe_CAT_V2","filename":"Descobrint-larquitectura_Fitxe_CAT_V2.pdf","filesize":1425287,"url":"https:\/\/www.editorialjuventud.es\/wp-content\/uploads\/Descobrint-larquitectura_Fitxe_CAT_V2.pdf","link":"https:\/\/www.editorialjuventud.es\/ca\/?attachment_id=38059","alt":"","author":"50","description":"","caption":"","name":"descobrint-larquitectura_fitxe_cat_v2","status":"inherit","uploaded_to":38025,"date":"2020-02-27 17:46:13","modified":"2020-02-27 17:46:13","menu_order":0,"mime_type":"application\/pdf","type":"application","subtype":"pdf","icon":"https:\/\/www.editorialjuventud.es\/wp-includes\/images\/media\/document.png"},"ficheros":false,"titulo-fr":"","texto-fr":""},"yoast_head":"<!-- This site is optimized with the Yoast SEO plugin v27.3 - https:\/\/yoast.com\/product\/yoast-seo-wordpress\/ -->\n<title>Descobrim l&#039;arquitectura - Editorial Juventud<\/title>\n<meta name=\"description\" content=\"En l&#039;antiguitat els \u00e9ssers humans constru\u00efen els seus refugis amb tot all\u00f2 que tenien a m\u00e0, com branques, fulles o pells d&#039;animals, o b\u00e9 es refugiaven en\" \/>\n<meta name=\"robots\" content=\"index, follow, max-snippet:-1, max-image-preview:large, max-video-preview:-1\" \/>\n<link rel=\"canonical\" href=\"https:\/\/www.editorialjuventud.es\/descobrim-larquitectura-9788426146212\/\" \/>\n<meta property=\"og:locale\" content=\"ca_ES\" \/>\n<meta property=\"og:type\" content=\"article\" \/>\n<meta property=\"og:title\" content=\"Descobrim l&#039;arquitectura - Editorial Juventud\" \/>\n<meta property=\"og:description\" content=\"En l&#039;antiguitat els \u00e9ssers humans constru\u00efen els seus refugis amb tot all\u00f2 que tenien a m\u00e0, com branques, fulles o pells d&#039;animals, o b\u00e9 es refugiaven en\" \/>\n<meta property=\"og:url\" content=\"https:\/\/www.editorialjuventud.es\/descobrim-larquitectura-9788426146212\/\" \/>\n<meta property=\"og:site_name\" content=\"Editorial Juventud\" \/>\n<meta property=\"article:modified_time\" content=\"2025-05-05T10:45:12+00:00\" \/>\n<meta property=\"og:image\" content=\"https:\/\/www.editorialjuventud.es\/wp-content\/uploads\/9788426146212.jpg\" \/>\n\t<meta property=\"og:image:width\" content=\"540\" \/>\n\t<meta property=\"og:image:height\" content=\"540\" \/>\n\t<meta property=\"og:image:type\" content=\"image\/jpeg\" \/>\n<meta name=\"twitter:card\" content=\"summary_large_image\" \/>\n<meta name=\"twitter:label1\" content=\"Temps estimat de lectura\" \/>\n\t<meta name=\"twitter:data1\" content=\"1 minut\" \/>\n<script type=\"application\/ld+json\" class=\"yoast-schema-graph\">{\"@context\":\"https:\\\/\\\/schema.org\",\"@graph\":[{\"@type\":\"WebPage\",\"@id\":\"https:\\\/\\\/www.editorialjuventud.es\\\/descobrim-larquitectura-9788426146212\\\/\",\"url\":\"https:\\\/\\\/www.editorialjuventud.es\\\/descobrim-larquitectura-9788426146212\\\/\",\"name\":\"Descobrim l'arquitectura - Editorial Juventud\",\"isPartOf\":{\"@id\":\"https:\\\/\\\/www.editorialjuventud.es\\\/#website\"},\"primaryImageOfPage\":{\"@id\":\"https:\\\/\\\/www.editorialjuventud.es\\\/descobrim-larquitectura-9788426146212\\\/#primaryimage\"},\"image\":{\"@id\":\"https:\\\/\\\/www.editorialjuventud.es\\\/descobrim-larquitectura-9788426146212\\\/#primaryimage\"},\"thumbnailUrl\":\"https:\\\/\\\/www.editorialjuventud.es\\\/wp-content\\\/uploads\\\/9788426146212.jpg\",\"datePublished\":\"2020-02-27T14:31:01+00:00\",\"dateModified\":\"2025-05-05T10:45:12+00:00\",\"description\":\"En l'antiguitat els \u00e9ssers humans constru\u00efen els seus refugis amb tot all\u00f2 que tenien a m\u00e0, com branques, fulles o pells d'animals, o b\u00e9 es refugiaven en\",\"breadcrumb\":{\"@id\":\"https:\\\/\\\/www.editorialjuventud.es\\\/descobrim-larquitectura-9788426146212\\\/#breadcrumb\"},\"inLanguage\":\"ca\",\"potentialAction\":[{\"@type\":\"ReadAction\",\"target\":[\"https:\\\/\\\/www.editorialjuventud.es\\\/descobrim-larquitectura-9788426146212\\\/\"]}]},{\"@type\":\"ImageObject\",\"inLanguage\":\"ca\",\"@id\":\"https:\\\/\\\/www.editorialjuventud.es\\\/descobrim-larquitectura-9788426146212\\\/#primaryimage\",\"url\":\"https:\\\/\\\/www.editorialjuventud.es\\\/wp-content\\\/uploads\\\/9788426146212.jpg\",\"contentUrl\":\"https:\\\/\\\/www.editorialjuventud.es\\\/wp-content\\\/uploads\\\/9788426146212.jpg\",\"width\":540,\"height\":540,\"caption\":\"9788426146212.jpg\"},{\"@type\":\"BreadcrumbList\",\"@id\":\"https:\\\/\\\/www.editorialjuventud.es\\\/descobrim-larquitectura-9788426146212\\\/#breadcrumb\",\"itemListElement\":[{\"@type\":\"ListItem\",\"position\":1,\"name\":\"Portada\",\"item\":\"https:\\\/\\\/www.editorialjuventud.es\\\/\"},{\"@type\":\"ListItem\",\"position\":2,\"name\":\"cat\u00e1logo\",\"item\":\"https:\\\/\\\/www.editorialjuventud.es\\\/coleccion\\\/catalogo\\\/\"},{\"@type\":\"ListItem\",\"position\":3,\"name\":\"catal\u00e0\",\"item\":\"https:\\\/\\\/www.editorialjuventud.es\\\/coleccion\\\/catala\\\/\"},{\"@type\":\"ListItem\",\"position\":4,\"name\":\"\u00c0lbums Il\u00b7lustrats\",\"item\":\"https:\\\/\\\/www.editorialjuventud.es\\\/coleccion\\\/albums-il%c2%b7lustrats\\\/\"},{\"@type\":\"ListItem\",\"position\":5,\"name\":\"Com i Per qu\u00e8\",\"item\":\"https:\\\/\\\/www.editorialjuventud.es\\\/coleccion\\\/com-i-per-que\\\/\"},{\"@type\":\"ListItem\",\"position\":6,\"name\":\"Descobrim l'arquitectura\"}]},{\"@type\":\"WebSite\",\"@id\":\"https:\\\/\\\/www.editorialjuventud.es\\\/#website\",\"url\":\"https:\\\/\\\/www.editorialjuventud.es\\\/\",\"name\":\"Editorial Juventud\",\"description\":\"\",\"potentialAction\":[{\"@type\":\"SearchAction\",\"target\":{\"@type\":\"EntryPoint\",\"urlTemplate\":\"https:\\\/\\\/www.editorialjuventud.es\\\/?s={search_term_string}\"},\"query-input\":{\"@type\":\"PropertyValueSpecification\",\"valueRequired\":true,\"valueName\":\"search_term_string\"}}],\"inLanguage\":\"ca\"}]}<\/script>\n<!-- \/ Yoast SEO plugin. -->","yoast_head_json":{"title":"Descobrim l'arquitectura - Editorial Juventud","description":"En l'antiguitat els \u00e9ssers humans constru\u00efen els seus refugis amb tot all\u00f2 que tenien a m\u00e0, com branques, fulles o pells d'animals, o b\u00e9 es refugiaven en","robots":{"index":"index","follow":"follow","max-snippet":"max-snippet:-1","max-image-preview":"max-image-preview:large","max-video-preview":"max-video-preview:-1"},"canonical":"https:\/\/www.editorialjuventud.es\/descobrim-larquitectura-9788426146212\/","og_locale":"ca_ES","og_type":"article","og_title":"Descobrim l'arquitectura - Editorial Juventud","og_description":"En l'antiguitat els \u00e9ssers humans constru\u00efen els seus refugis amb tot all\u00f2 que tenien a m\u00e0, com branques, fulles o pells d'animals, o b\u00e9 es refugiaven en","og_url":"https:\/\/www.editorialjuventud.es\/descobrim-larquitectura-9788426146212\/","og_site_name":"Editorial Juventud","article_modified_time":"2025-05-05T10:45:12+00:00","og_image":[{"width":540,"height":540,"url":"https:\/\/www.editorialjuventud.es\/wp-content\/uploads\/9788426146212.jpg","type":"image\/jpeg"}],"twitter_card":"summary_large_image","twitter_misc":{"Temps estimat de lectura":"1 minut"},"schema":{"@context":"https:\/\/schema.org","@graph":[{"@type":"WebPage","@id":"https:\/\/www.editorialjuventud.es\/descobrim-larquitectura-9788426146212\/","url":"https:\/\/www.editorialjuventud.es\/descobrim-larquitectura-9788426146212\/","name":"Descobrim l'arquitectura - Editorial Juventud","isPartOf":{"@id":"https:\/\/www.editorialjuventud.es\/#website"},"primaryImageOfPage":{"@id":"https:\/\/www.editorialjuventud.es\/descobrim-larquitectura-9788426146212\/#primaryimage"},"image":{"@id":"https:\/\/www.editorialjuventud.es\/descobrim-larquitectura-9788426146212\/#primaryimage"},"thumbnailUrl":"https:\/\/www.editorialjuventud.es\/wp-content\/uploads\/9788426146212.jpg","datePublished":"2020-02-27T14:31:01+00:00","dateModified":"2025-05-05T10:45:12+00:00","description":"En l'antiguitat els \u00e9ssers humans constru\u00efen els seus refugis amb tot all\u00f2 que tenien a m\u00e0, com branques, fulles o pells d'animals, o b\u00e9 es refugiaven en","breadcrumb":{"@id":"https:\/\/www.editorialjuventud.es\/descobrim-larquitectura-9788426146212\/#breadcrumb"},"inLanguage":"ca","potentialAction":[{"@type":"ReadAction","target":["https:\/\/www.editorialjuventud.es\/descobrim-larquitectura-9788426146212\/"]}]},{"@type":"ImageObject","inLanguage":"ca","@id":"https:\/\/www.editorialjuventud.es\/descobrim-larquitectura-9788426146212\/#primaryimage","url":"https:\/\/www.editorialjuventud.es\/wp-content\/uploads\/9788426146212.jpg","contentUrl":"https:\/\/www.editorialjuventud.es\/wp-content\/uploads\/9788426146212.jpg","width":540,"height":540,"caption":"9788426146212.jpg"},{"@type":"BreadcrumbList","@id":"https:\/\/www.editorialjuventud.es\/descobrim-larquitectura-9788426146212\/#breadcrumb","itemListElement":[{"@type":"ListItem","position":1,"name":"Portada","item":"https:\/\/www.editorialjuventud.es\/"},{"@type":"ListItem","position":2,"name":"cat\u00e1logo","item":"https:\/\/www.editorialjuventud.es\/coleccion\/catalogo\/"},{"@type":"ListItem","position":3,"name":"catal\u00e0","item":"https:\/\/www.editorialjuventud.es\/coleccion\/catala\/"},{"@type":"ListItem","position":4,"name":"\u00c0lbums Il\u00b7lustrats","item":"https:\/\/www.editorialjuventud.es\/coleccion\/albums-il%c2%b7lustrats\/"},{"@type":"ListItem","position":5,"name":"Com i Per qu\u00e8","item":"https:\/\/www.editorialjuventud.es\/coleccion\/com-i-per-que\/"},{"@type":"ListItem","position":6,"name":"Descobrim l'arquitectura"}]},{"@type":"WebSite","@id":"https:\/\/www.editorialjuventud.es\/#website","url":"https:\/\/www.editorialjuventud.es\/","name":"Editorial Juventud","description":"","potentialAction":[{"@type":"SearchAction","target":{"@type":"EntryPoint","urlTemplate":"https:\/\/www.editorialjuventud.es\/?s={search_term_string}"},"query-input":{"@type":"PropertyValueSpecification","valueRequired":true,"valueName":"search_term_string"}}],"inLanguage":"ca"}]}},"_links":{"self":[{"href":"https:\/\/www.editorialjuventud.es\/ca\/wp-json\/wp\/v2\/product\/38025","targetHints":{"allow":["GET"]}}],"collection":[{"href":"https:\/\/www.editorialjuventud.es\/ca\/wp-json\/wp\/v2\/product"}],"about":[{"href":"https:\/\/www.editorialjuventud.es\/ca\/wp-json\/wp\/v2\/types\/product"}],"wp:featuredmedia":[{"embeddable":true,"href":"https:\/\/www.editorialjuventud.es\/ca\/wp-json\/wp\/v2\/media\/38026"}],"wp:attachment":[{"href":"https:\/\/www.editorialjuventud.es\/ca\/wp-json\/wp\/v2\/media?parent=38025"}],"wp:term":[{"taxonomy":"product_brand","embeddable":true,"href":"https:\/\/www.editorialjuventud.es\/ca\/wp-json\/wp\/v2\/product_brand?post=38025"},{"taxonomy":"product_cat","embeddable":true,"href":"https:\/\/www.editorialjuventud.es\/ca\/wp-json\/wp\/v2\/product_cat?post=38025"},{"taxonomy":"product_tag","embeddable":true,"href":"https:\/\/www.editorialjuventud.es\/ca\/wp-json\/wp\/v2\/product_tag?post=38025"},{"taxonomy":"coleccion","embeddable":true,"href":"https:\/\/www.editorialjuventud.es\/ca\/wp-json\/wp\/v2\/coleccion?post=38025"}],"curies":[{"name":"wp","href":"https:\/\/api.w.org\/{rel}","templated":true}]}}