{"id":38016,"date":"2020-02-27T15:05:19","date_gmt":"2020-02-27T14:05:19","guid":{"rendered":"https:\/\/www.editorialjuventud.es\/un-dia-lleno-de-sonidos-9788426146311\/"},"modified":"2026-03-30T12:31:41","modified_gmt":"2026-03-30T10:31:41","slug":"un-dia-lleno-de-sonidos-9788426146311","status":"publish","type":"product","link":"https:\/\/www.editorialjuventud.es\/ca\/un-dia-lleno-de-sonidos-9788426146311\/","title":{"rendered":"Un d\u00eda lleno de sonidos"},"content":{"rendered":"<p>El despertador hace RIIING RIING. Los cereales haces CRUNCH CRUNCH. El coche hace BROM BROM. El elefante dice &#8216;\u00a1BUENOS D\u00cdAS!&#8217;. Pero \u00bfqu\u00e9 hace el peque\u00f1o Cocodrilo cuando su mam\u00e1 lo deja por primera vez en la guarder\u00eda?: BUAAA BUAAA, por supuesto&#8230;<\/p>\n<p>El primer d\u00eda de guarder\u00eda es dif\u00edcil para todos, incluso para un cocodrilo y, adem\u00e1s, \u00a1hay muchos sonidos y ruidos que lo rodean! \u00bfC\u00f3mo se las arreglar\u00e1 el peque\u00f1o cocodrilo? \u00bfY si cada ruido cotidiano ayuda al peque\u00f1o Cocodrilo a pasar una buena jornada?<\/p>\n<p>Un libro lleno de ternura sobre los sonidos cotidianos de los ni\u00f1os peque\u00f1os y sobre un peque\u00f1o cocodrilo que todav\u00eda no est\u00e1 totalmente listo para separarse de su mam\u00e1&#8230;<\/p>\n<h3>\u00a1Escucha el audiolibro!<\/h3>\n<p>A continuaci\u00f3n pod\u00e9is reproducir la<em><strong>\u00a0narraci\u00f3n oral<\/strong><\/em>\u00a0de\u00a0<em><strong>Un d\u00eda lleno de sonidos<\/strong><\/em>\u00a0realizada por Natalia Espa\u00f1a y Jose Carlos Rodr\u00edguez:<\/p>\n<audio class=\"wp-audio-shortcode\" id=\"audio-38016-1\" preload=\"none\" style=\"width: 100%;\" controls=\"controls\"><source type=\"audio\/mpeg\" src=\"https:\/\/www.editorialjuventud.es\/wp-content\/uploads\/Un-dia-lleno-de-sonidos-interpretado-por-Natalia-Espana-1.mp3?_=1\" \/><\/audio>\n<p>&nbsp;<\/p>\n<p><strong>Y si buscas una actividad del Peque\u00f1o Cocodrilo, la encontrar\u00e1s <a href=\"https:\/\/www.editorialjuventud.es\/que-oye-el-cocodrilo\/\">AQU\u00cd<\/a>.<\/strong><\/p>\n<p><img loading=\"lazy\" decoding=\"async\" class=\"alignnone  wp-image-101828\" src=\"https:\/\/www.editorialjuventud.es\/wp-content\/uploads\/Logo_Suport_ICEC-2.jpg\" alt=\"\" width=\"574\" height=\"150\" srcset=\"https:\/\/www.editorialjuventud.es\/wp-content\/uploads\/Logo_Suport_ICEC-2.jpg 1237w, https:\/\/www.editorialjuventud.es\/wp-content\/uploads\/Logo_Suport_ICEC-2-768x201.jpg 768w, https:\/\/www.editorialjuventud.es\/wp-content\/uploads\/Logo_Suport_ICEC-2-350x92.jpg 350w, https:\/\/www.editorialjuventud.es\/wp-content\/uploads\/Logo_Suport_ICEC-2-900x236.jpg 900w, https:\/\/www.editorialjuventud.es\/wp-content\/uploads\/Logo_Suport_ICEC-2-190x50.jpg 190w, https:\/\/www.editorialjuventud.es\/wp-content\/uploads\/Logo_Suport_ICEC-2-344x90.jpg 344w\" sizes=\"auto, (max-width: 574px) 100vw, 574px\" \/><\/p>\n","protected":false},"excerpt":{"rendered":"El despertador hace RIIING RIING. Los cereales haces CRUNCH CRUNCH. El coche hace BROM BROM. El elefante dice &#8216;\u00a1BUENOS D\u00cdAS!&#8217;. Pero \u00bfqu\u00e9 hace el peque\u00f1o Cocodrilo cuando su mam\u00e1 lo deja por primera vez en la guarder\u00eda?: BUAAA BUAAA, por [&hellip;]","protected":false},"featured_media":38017,"template":"","meta":{"_acf_changed":false,"_exactmetrics_skip_tracking":false,"_exactmetrics_sitenote_active":false,"_exactmetrics_sitenote_note":"","_exactmetrics_sitenote_category":0},"product_brand":[],"product_cat":[898,1138,892,1173,1115,1181,1122,1128],"product_tag":[],"coleccion":[1313,1296],"class_list":{"0":"post-38016","1":"product","2":"type-product","3":"status-publish","4":"has-post-thumbnail","6":"product_cat-a-partir-de-2-anos","7":"product_cat-animales","8":"product_cat-edades","9":"product_cat-escuela","10":"product_cat-generos","11":"product_cat-habitos","12":"product_cat-libros-de-carton","13":"product_cat-tematica","14":"coleccion-que-hace-el-cocodrilo","15":"coleccion-mis-primeros-libros","17":"first","18":"instock","19":"taxable","20":"shipping-taxable","21":"purchasable","22":"product-type-simple"},"acf":{"indice":"","autor":"Montanari, Eva","codart":"4631","ediciones":"2","encuadernacion":"Cart\u00f3n","fecha_de_publicacion":"01\/03\/2020","fecha_de_reimpresion":"","novedad":"0","paginas":"36","subtitulo":"","texto_web_adicional":"","autores-libros":[38012],"ilustradores-libros":[38012],"texto_web_novedad":"","orden":"999","portada":"0","texto_web_resaltado":"","traductores-libros":[58416],"descripcion_corta":"El primer d\u00eda de guarder\u00eda es dif\u00edcil para todos, incluso para un cocodrilo","recomendamos":"","mas_vendido":"","idioma-libro":"","color":false,"formato":"","mas_informacion_del_producto":false,"premios":[{"premio":"Finalista Premio Nati per Leggere al Mejor Libro para 18\/36 meses","anyo_del_premio":"2021","pais_del_premio":"Italia"},{"premio":"Best Book for Sharing of BookTrust Storytime Prize","anyo_del_premio":"2020","pais_del_premio":"Reino Unido"},{"premio":"Premiado por la librer\u00eda El Petit Tresor","anyo_del_premio":"2020","pais_del_premio":"Vic, Catalu\u00f1a"}],"deshabilitar_compra":[],"texto_enlace_cubierta":"","enlace_cubierta":{"ID":38085,"id":38085,"title":"cover QUE HACE EL COCODRILO 235x155_36pp.indd","filename":"UnDiaLlenoDeSonidos_Cover_300px_CAST.jpg","filesize":568152,"url":"https:\/\/www.editorialjuventud.es\/wp-content\/uploads\/UnDiaLlenoDeSonidos_Cover_300px_CAST.jpg","link":"https:\/\/www.editorialjuventud.es\/ca\/?attachment_id=38085","alt":"","author":"50","description":"","caption":"","name":"cover-que-hace-el-cocodrilo-235x155_36pp-indd","status":"inherit","uploaded_to":38016,"date":"2020-02-27 18:36:32","modified":"2020-02-27 18:36:32","menu_order":0,"mime_type":"image\/jpeg","type":"image","subtype":"jpeg","icon":"https:\/\/www.editorialjuventud.es\/wp-includes\/images\/media\/default.png","width":2250,"height":1485,"sizes":{"thumbnail":"https:\/\/www.editorialjuventud.es\/wp-content\/uploads\/UnDiaLlenoDeSonidos_Cover_300px_CAST-200x200.jpg","thumbnail-width":200,"thumbnail-height":200,"medium":"https:\/\/www.editorialjuventud.es\/wp-content\/uploads\/UnDiaLlenoDeSonidos_Cover_300px_CAST.jpg","medium-width":2250,"medium-height":1485,"medium_large":"https:\/\/www.editorialjuventud.es\/wp-content\/uploads\/UnDiaLlenoDeSonidos_Cover_300px_CAST-768x507.jpg","medium_large-width":768,"medium_large-height":507,"large":"https:\/\/www.editorialjuventud.es\/wp-content\/uploads\/UnDiaLlenoDeSonidos_Cover_300px_CAST.jpg","large-width":2250,"large-height":1485,"1536x1536":"https:\/\/www.editorialjuventud.es\/wp-content\/uploads\/UnDiaLlenoDeSonidos_Cover_300px_CAST.jpg","1536x1536-width":1536,"1536x1536-height":1014,"2048x2048":"https:\/\/www.editorialjuventud.es\/wp-content\/uploads\/UnDiaLlenoDeSonidos_Cover_300px_CAST.jpg","2048x2048-width":2048,"2048x2048-height":1352,"woocommerce_thumbnail":"https:\/\/www.editorialjuventud.es\/wp-content\/uploads\/UnDiaLlenoDeSonidos_Cover_300px_CAST-350x231.jpg","woocommerce_thumbnail-width":350,"woocommerce_thumbnail-height":231,"woocommerce_single":"https:\/\/www.editorialjuventud.es\/wp-content\/uploads\/UnDiaLlenoDeSonidos_Cover_300px_CAST-900x594.jpg","woocommerce_single-width":900,"woocommerce_single-height":594,"woocommerce_gallery_thumbnail":"https:\/\/www.editorialjuventud.es\/wp-content\/uploads\/UnDiaLlenoDeSonidos_Cover_300px_CAST-100x100.jpg","woocommerce_gallery_thumbnail-width":100,"woocommerce_gallery_thumbnail-height":100,"ppec_logo_image_size":"https:\/\/www.editorialjuventud.es\/wp-content\/uploads\/UnDiaLlenoDeSonidos_Cover_300px_CAST.jpg","ppec_logo_image_size-width":91,"ppec_logo_image_size-height":60,"ppec_header_image_size":"https:\/\/www.editorialjuventud.es\/wp-content\/uploads\/UnDiaLlenoDeSonidos_Cover_300px_CAST.jpg","ppec_header_image_size-width":136,"ppec_header_image_size-height":90}},"texto_enlace_ficha_tecnica":"","enlace_ficha_tecnica":{"ID":38424,"id":38424,"title":"Un-dia-lleno-de-sonidos_Ficha","filename":"Un-dia-lleno-de-sonidos_Ficha.pdf","filesize":1166332,"url":"https:\/\/www.editorialjuventud.es\/wp-content\/uploads\/Un-dia-lleno-de-sonidos_Ficha.pdf","link":"https:\/\/www.editorialjuventud.es\/ca\/?attachment_id=38424","alt":"","author":"47","description":"","caption":"","name":"un-dia-lleno-de-sonidos_ficha","status":"inherit","uploaded_to":38016,"date":"2020-03-09 11:54:40","modified":"2020-03-09 11:54:40","menu_order":0,"mime_type":"application\/pdf","type":"application","subtype":"pdf","icon":"https:\/\/www.editorialjuventud.es\/wp-includes\/images\/media\/document.png"},"ficheros":false,"titulo-fr":"","texto-fr":""},"yoast_head":"<!-- This site is optimized with the Yoast SEO plugin v27.5 - https:\/\/yoast.com\/product\/yoast-seo-wordpress\/ -->\n<title>Un d\u00eda lleno de sonidos - Editorial Juventud<\/title>\n<meta name=\"description\" content=\"El despertador hace RIIING RIING. Los cereales haces CRUNCH CRUNCH. El coche hace BROM BROM. El elefante dice &#039;\u00a1BUENOS D\u00cdAS!&#039;. Pero \u00bfqu\u00e9 hace el peque\u00f1o\" \/>\n<meta name=\"robots\" content=\"index, follow, max-snippet:-1, max-image-preview:large, max-video-preview:-1\" \/>\n<link rel=\"canonical\" href=\"https:\/\/www.editorialjuventud.es\/un-dia-lleno-de-sonidos-9788426146311\/\" \/>\n<meta property=\"og:locale\" content=\"ca_ES\" \/>\n<meta property=\"og:type\" content=\"article\" \/>\n<meta property=\"og:title\" content=\"Un d\u00eda lleno de sonidos - Editorial Juventud\" \/>\n<meta property=\"og:description\" content=\"El despertador hace RIIING RIING. Los cereales haces CRUNCH CRUNCH. El coche hace BROM BROM. El elefante dice &#039;\u00a1BUENOS D\u00cdAS!&#039;. Pero \u00bfqu\u00e9 hace el peque\u00f1o\" \/>\n<meta property=\"og:url\" content=\"https:\/\/www.editorialjuventud.es\/un-dia-lleno-de-sonidos-9788426146311\/\" \/>\n<meta property=\"og:site_name\" content=\"Editorial Juventud\" \/>\n<meta property=\"article:modified_time\" content=\"2026-03-30T10:31:41+00:00\" \/>\n<meta property=\"og:image\" content=\"https:\/\/www.editorialjuventud.es\/wp-content\/uploads\/9788426146311.png\" \/>\n\t<meta property=\"og:image:width\" content=\"540\" \/>\n\t<meta property=\"og:image:height\" content=\"356\" \/>\n\t<meta property=\"og:image:type\" content=\"image\/png\" \/>\n<meta name=\"twitter:card\" content=\"summary_large_image\" \/>\n<meta name=\"twitter:label1\" content=\"Temps estimat de lectura\" \/>\n\t<meta name=\"twitter:data1\" content=\"2 minuts\" \/>\n<script type=\"application\/ld+json\" class=\"yoast-schema-graph\">{\"@context\":\"https:\\\/\\\/schema.org\",\"@graph\":[{\"@type\":\"WebPage\",\"@id\":\"https:\\\/\\\/www.editorialjuventud.es\\\/un-dia-lleno-de-sonidos-9788426146311\\\/\",\"url\":\"https:\\\/\\\/www.editorialjuventud.es\\\/un-dia-lleno-de-sonidos-9788426146311\\\/\",\"name\":\"Un d\u00eda lleno de sonidos - Editorial Juventud\",\"isPartOf\":{\"@id\":\"https:\\\/\\\/www.editorialjuventud.es\\\/#website\"},\"primaryImageOfPage\":{\"@id\":\"https:\\\/\\\/www.editorialjuventud.es\\\/un-dia-lleno-de-sonidos-9788426146311\\\/#primaryimage\"},\"image\":{\"@id\":\"https:\\\/\\\/www.editorialjuventud.es\\\/un-dia-lleno-de-sonidos-9788426146311\\\/#primaryimage\"},\"thumbnailUrl\":\"https:\\\/\\\/www.editorialjuventud.es\\\/wp-content\\\/uploads\\\/9788426146311.png\",\"datePublished\":\"2020-02-27T14:05:19+00:00\",\"dateModified\":\"2026-03-30T10:31:41+00:00\",\"description\":\"El despertador hace RIIING RIING. Los cereales haces CRUNCH CRUNCH. El coche hace BROM BROM. El elefante dice '\u00a1BUENOS D\u00cdAS!'. Pero \u00bfqu\u00e9 hace el peque\u00f1o\",\"breadcrumb\":{\"@id\":\"https:\\\/\\\/www.editorialjuventud.es\\\/un-dia-lleno-de-sonidos-9788426146311\\\/#breadcrumb\"},\"inLanguage\":\"ca\",\"potentialAction\":[{\"@type\":\"ReadAction\",\"target\":[\"https:\\\/\\\/www.editorialjuventud.es\\\/un-dia-lleno-de-sonidos-9788426146311\\\/\"]}]},{\"@type\":\"ImageObject\",\"inLanguage\":\"ca\",\"@id\":\"https:\\\/\\\/www.editorialjuventud.es\\\/un-dia-lleno-de-sonidos-9788426146311\\\/#primaryimage\",\"url\":\"https:\\\/\\\/www.editorialjuventud.es\\\/wp-content\\\/uploads\\\/9788426146311.png\",\"contentUrl\":\"https:\\\/\\\/www.editorialjuventud.es\\\/wp-content\\\/uploads\\\/9788426146311.png\",\"width\":540,\"height\":356,\"caption\":\"9788426146311.png\"},{\"@type\":\"BreadcrumbList\",\"@id\":\"https:\\\/\\\/www.editorialjuventud.es\\\/un-dia-lleno-de-sonidos-9788426146311\\\/#breadcrumb\",\"itemListElement\":[{\"@type\":\"ListItem\",\"position\":1,\"name\":\"Portada\",\"item\":\"https:\\\/\\\/www.editorialjuventud.es\\\/\"},{\"@type\":\"ListItem\",\"position\":2,\"name\":\"cat\u00e1logo\",\"item\":\"https:\\\/\\\/www.editorialjuventud.es\\\/coleccion\\\/catalogo\\\/\"},{\"@type\":\"ListItem\",\"position\":3,\"name\":\"castellano\",\"item\":\"https:\\\/\\\/www.editorialjuventud.es\\\/coleccion\\\/castellano\\\/\"},{\"@type\":\"ListItem\",\"position\":4,\"name\":\"Mis Primeros Libros\",\"item\":\"https:\\\/\\\/www.editorialjuventud.es\\\/coleccion\\\/mis-primeros-libros\\\/\"},{\"@type\":\"ListItem\",\"position\":5,\"name\":\"\u00bfQu\u00e9 hace el cocodrilo?\",\"item\":\"https:\\\/\\\/www.editorialjuventud.es\\\/coleccion\\\/que-hace-el-cocodrilo\\\/\"},{\"@type\":\"ListItem\",\"position\":6,\"name\":\"Un d\u00eda lleno de sonidos\"}]},{\"@type\":\"WebSite\",\"@id\":\"https:\\\/\\\/www.editorialjuventud.es\\\/#website\",\"url\":\"https:\\\/\\\/www.editorialjuventud.es\\\/\",\"name\":\"Editorial Juventud\",\"description\":\"\",\"potentialAction\":[{\"@type\":\"SearchAction\",\"target\":{\"@type\":\"EntryPoint\",\"urlTemplate\":\"https:\\\/\\\/www.editorialjuventud.es\\\/?s={search_term_string}\"},\"query-input\":{\"@type\":\"PropertyValueSpecification\",\"valueRequired\":true,\"valueName\":\"search_term_string\"}}],\"inLanguage\":\"ca\"}]}<\/script>\n<!-- \/ Yoast SEO plugin. -->","yoast_head_json":{"title":"Un d\u00eda lleno de sonidos - Editorial Juventud","description":"El despertador hace RIIING RIING. Los cereales haces CRUNCH CRUNCH. El coche hace BROM BROM. El elefante dice '\u00a1BUENOS D\u00cdAS!'. Pero \u00bfqu\u00e9 hace el peque\u00f1o","robots":{"index":"index","follow":"follow","max-snippet":"max-snippet:-1","max-image-preview":"max-image-preview:large","max-video-preview":"max-video-preview:-1"},"canonical":"https:\/\/www.editorialjuventud.es\/un-dia-lleno-de-sonidos-9788426146311\/","og_locale":"ca_ES","og_type":"article","og_title":"Un d\u00eda lleno de sonidos - Editorial Juventud","og_description":"El despertador hace RIIING RIING. Los cereales haces CRUNCH CRUNCH. El coche hace BROM BROM. El elefante dice '\u00a1BUENOS D\u00cdAS!'. Pero \u00bfqu\u00e9 hace el peque\u00f1o","og_url":"https:\/\/www.editorialjuventud.es\/un-dia-lleno-de-sonidos-9788426146311\/","og_site_name":"Editorial Juventud","article_modified_time":"2026-03-30T10:31:41+00:00","og_image":[{"width":540,"height":356,"url":"https:\/\/www.editorialjuventud.es\/wp-content\/uploads\/9788426146311.png","type":"image\/png"}],"twitter_card":"summary_large_image","twitter_misc":{"Temps estimat de lectura":"2 minuts"},"schema":{"@context":"https:\/\/schema.org","@graph":[{"@type":"WebPage","@id":"https:\/\/www.editorialjuventud.es\/un-dia-lleno-de-sonidos-9788426146311\/","url":"https:\/\/www.editorialjuventud.es\/un-dia-lleno-de-sonidos-9788426146311\/","name":"Un d\u00eda lleno de sonidos - Editorial Juventud","isPartOf":{"@id":"https:\/\/www.editorialjuventud.es\/#website"},"primaryImageOfPage":{"@id":"https:\/\/www.editorialjuventud.es\/un-dia-lleno-de-sonidos-9788426146311\/#primaryimage"},"image":{"@id":"https:\/\/www.editorialjuventud.es\/un-dia-lleno-de-sonidos-9788426146311\/#primaryimage"},"thumbnailUrl":"https:\/\/www.editorialjuventud.es\/wp-content\/uploads\/9788426146311.png","datePublished":"2020-02-27T14:05:19+00:00","dateModified":"2026-03-30T10:31:41+00:00","description":"El despertador hace RIIING RIING. Los cereales haces CRUNCH CRUNCH. El coche hace BROM BROM. El elefante dice '\u00a1BUENOS D\u00cdAS!'. Pero \u00bfqu\u00e9 hace el peque\u00f1o","breadcrumb":{"@id":"https:\/\/www.editorialjuventud.es\/un-dia-lleno-de-sonidos-9788426146311\/#breadcrumb"},"inLanguage":"ca","potentialAction":[{"@type":"ReadAction","target":["https:\/\/www.editorialjuventud.es\/un-dia-lleno-de-sonidos-9788426146311\/"]}]},{"@type":"ImageObject","inLanguage":"ca","@id":"https:\/\/www.editorialjuventud.es\/un-dia-lleno-de-sonidos-9788426146311\/#primaryimage","url":"https:\/\/www.editorialjuventud.es\/wp-content\/uploads\/9788426146311.png","contentUrl":"https:\/\/www.editorialjuventud.es\/wp-content\/uploads\/9788426146311.png","width":540,"height":356,"caption":"9788426146311.png"},{"@type":"BreadcrumbList","@id":"https:\/\/www.editorialjuventud.es\/un-dia-lleno-de-sonidos-9788426146311\/#breadcrumb","itemListElement":[{"@type":"ListItem","position":1,"name":"Portada","item":"https:\/\/www.editorialjuventud.es\/"},{"@type":"ListItem","position":2,"name":"cat\u00e1logo","item":"https:\/\/www.editorialjuventud.es\/coleccion\/catalogo\/"},{"@type":"ListItem","position":3,"name":"castellano","item":"https:\/\/www.editorialjuventud.es\/coleccion\/castellano\/"},{"@type":"ListItem","position":4,"name":"Mis Primeros Libros","item":"https:\/\/www.editorialjuventud.es\/coleccion\/mis-primeros-libros\/"},{"@type":"ListItem","position":5,"name":"\u00bfQu\u00e9 hace el cocodrilo?","item":"https:\/\/www.editorialjuventud.es\/coleccion\/que-hace-el-cocodrilo\/"},{"@type":"ListItem","position":6,"name":"Un d\u00eda lleno de sonidos"}]},{"@type":"WebSite","@id":"https:\/\/www.editorialjuventud.es\/#website","url":"https:\/\/www.editorialjuventud.es\/","name":"Editorial Juventud","description":"","potentialAction":[{"@type":"SearchAction","target":{"@type":"EntryPoint","urlTemplate":"https:\/\/www.editorialjuventud.es\/?s={search_term_string}"},"query-input":{"@type":"PropertyValueSpecification","valueRequired":true,"valueName":"search_term_string"}}],"inLanguage":"ca"}]}},"_links":{"self":[{"href":"https:\/\/www.editorialjuventud.es\/ca\/wp-json\/wp\/v2\/product\/38016","targetHints":{"allow":["GET"]}}],"collection":[{"href":"https:\/\/www.editorialjuventud.es\/ca\/wp-json\/wp\/v2\/product"}],"about":[{"href":"https:\/\/www.editorialjuventud.es\/ca\/wp-json\/wp\/v2\/types\/product"}],"wp:featuredmedia":[{"embeddable":true,"href":"https:\/\/www.editorialjuventud.es\/ca\/wp-json\/wp\/v2\/media\/38017"}],"wp:attachment":[{"href":"https:\/\/www.editorialjuventud.es\/ca\/wp-json\/wp\/v2\/media?parent=38016"}],"wp:term":[{"taxonomy":"product_brand","embeddable":true,"href":"https:\/\/www.editorialjuventud.es\/ca\/wp-json\/wp\/v2\/product_brand?post=38016"},{"taxonomy":"product_cat","embeddable":true,"href":"https:\/\/www.editorialjuventud.es\/ca\/wp-json\/wp\/v2\/product_cat?post=38016"},{"taxonomy":"product_tag","embeddable":true,"href":"https:\/\/www.editorialjuventud.es\/ca\/wp-json\/wp\/v2\/product_tag?post=38016"},{"taxonomy":"coleccion","embeddable":true,"href":"https:\/\/www.editorialjuventud.es\/ca\/wp-json\/wp\/v2\/coleccion?post=38016"}],"curies":[{"name":"wp","href":"https:\/\/api.w.org\/{rel}","templated":true}]}}