{"id":38013,"date":"2020-02-27T15:02:14","date_gmt":"2020-02-27T14:02:14","guid":{"rendered":"https:\/\/www.editorialjuventud.es\/un-dia-ple-de-sons-9788426146328\/"},"modified":"2026-03-30T12:32:56","modified_gmt":"2026-03-30T10:32:56","slug":"un-dia-ple-de-sons-9788426146328","status":"publish","type":"product","link":"https:\/\/www.editorialjuventud.es\/ca\/un-dia-ple-de-sons-9788426146328\/","title":{"rendered":"Un dia ple de sons"},"content":{"rendered":"<p>El despertador fa RIIING-RIING. Els cereals fas SCRONTX. El cotxe fa RUM-RUM. L&#8217;elefant diu &#8216;BON DIA!&#8217;. Per\u00f2 qu\u00e8 fa el petit Cocodril quan la seva mare el deixa per primera vegada a la llar d&#8217;infants?: UEEEE UEEEE, per descomptat&#8230;<\/p>\n<p>El primer dia de la llar d&#8217;infants \u00e9s dif\u00edcil per a tots, fins i tot per a un cocodril, i a m\u00e9s, hi ha molts sons i sorolls que l&#8217;envolten! Com se les arreglar\u00e0 el petit Cocodril? I si cada soroll quotidi\u00e0 l&#8217;ajuda a passar una bona jornada?<\/p>\n<p>Un llibre ple de tendresa sobre els sons quotidians dels nens petits i sobre un petit cocodril que encara no est\u00e0 preparat del tot per a separar-se de la seva mare&#8230;<\/p>\n<h3>Escolta l&#8217;audiollibre!<\/h3>\n<p>A continuaci\u00f3 podeu reproduir la<em><strong> narraci\u00f3 oral <\/strong><\/em>de<em><strong> Un dia ple de sons;<\/strong><\/em> lectura d&#8217;Irene Garr\u00e9s i producci\u00f3 de Natalia Espa\u00f1a i Jose Carlos Rodr\u00edguez:<\/p>\n<audio class=\"wp-audio-shortcode\" id=\"audio-38013-1\" preload=\"none\" style=\"width: 100%;\" controls=\"controls\"><source type=\"audio\/mpeg\" src=\"https:\/\/www.editorialjuventud.es\/wp-content\/uploads\/Un-dia-ple-de-sons-interpretat-per-Irene-Garres.mp3?_=1\" \/><\/audio>\n<p><img loading=\"lazy\" decoding=\"async\" class=\"alignnone  wp-image-101828\" src=\"https:\/\/www.editorialjuventud.es\/wp-content\/uploads\/Logo_Suport_ICEC-2.jpg\" alt=\"\" width=\"574\" height=\"150\" srcset=\"https:\/\/www.editorialjuventud.es\/wp-content\/uploads\/Logo_Suport_ICEC-2.jpg 1237w, https:\/\/www.editorialjuventud.es\/wp-content\/uploads\/Logo_Suport_ICEC-2-768x201.jpg 768w, https:\/\/www.editorialjuventud.es\/wp-content\/uploads\/Logo_Suport_ICEC-2-350x92.jpg 350w, https:\/\/www.editorialjuventud.es\/wp-content\/uploads\/Logo_Suport_ICEC-2-900x236.jpg 900w, https:\/\/www.editorialjuventud.es\/wp-content\/uploads\/Logo_Suport_ICEC-2-190x50.jpg 190w, https:\/\/www.editorialjuventud.es\/wp-content\/uploads\/Logo_Suport_ICEC-2-344x90.jpg 344w\" sizes=\"auto, (max-width: 574px) 100vw, 574px\" \/><\/p>\n","protected":false},"excerpt":{"rendered":"El despertador fa RIIING-RIING. Els cereals fas SCRONTX. El cotxe fa RUM-RUM. L&#8217;elefant diu &#8216;BON DIA!&#8217;. Per\u00f2 qu\u00e8 fa el petit Cocodril quan la seva mare el deixa per primera vegada a la llar d&#8217;infants?: UEEEE UEEEE, per descomptat&#8230; El [&hellip;]","protected":false},"featured_media":38014,"template":"","meta":{"_acf_changed":false,"_exactmetrics_skip_tracking":false,"_exactmetrics_sitenote_active":false,"_exactmetrics_sitenote_note":"","_exactmetrics_sitenote_category":0},"product_brand":[],"product_cat":[898,1138,892,1173,1115,1181,1122,1128],"product_tag":[],"coleccion":[915,920,1329],"class_list":{"0":"post-38013","1":"product","2":"type-product","3":"status-publish","4":"has-post-thumbnail","6":"product_cat-a-partir-de-2-anos","7":"product_cat-animales","8":"product_cat-edades","9":"product_cat-escuela","10":"product_cat-generos","11":"product_cat-habitos","12":"product_cat-libros-de-carton","13":"product_cat-tematica","14":"coleccion-catala","15":"coleccion-els-meus-primers-llibres","16":"coleccion-que-fa-el-cocodril","18":"first","19":"instock","20":"taxable","21":"shipping-taxable","22":"purchasable","23":"product-type-simple"},"acf":{"indice":"","autor":"Montanari, Eva","codart":"4632","ediciones":"2","encuadernacion":"Cart\u00f3n","fecha_de_publicacion":"01\/03\/2020","fecha_de_reimpresion":"","novedad":"0","paginas":"36","subtitulo":"","texto_web_adicional":"","autores-libros":[38012],"ilustradores-libros":[38012],"texto_web_novedad":"","orden":"999","portada":"0","texto_web_resaltado":"","traductores-libros":[58416],"descripcion_corta":"El primer dia de la llar d'infants \u00e9s dif\u00edcil per a tots, fins i tot per a un cocodril","recomendamos":"","mas_vendido":"","idioma-libro":"","color":false,"formato":"","mas_informacion_del_producto":false,"premios":[{"premio":"Finalista Premi Nati per Leggere al Millor Llibre per a 18\/36 mesos","anyo_del_premio":"2021","pais_del_premio":"It\u00e0lia"},{"premio":"Un del millors llibres per la Llibreria Petit Tresor","anyo_del_premio":"2020","pais_del_premio":"Vic, Catalunya"},{"premio":"BookTrust Storytime Prize","anyo_del_premio":"2020","pais_del_premio":"Regne Unit"}],"deshabilitar_compra":[],"texto_enlace_cubierta":"","enlace_cubierta":{"ID":38104,"id":38104,"title":"cover QUE HACE EL COCODRILO 235x155_36pp.indd","filename":"UnDiaPleDeSons_Cover_300px_CAT.jpg","filesize":559503,"url":"https:\/\/www.editorialjuventud.es\/wp-content\/uploads\/UnDiaPleDeSons_Cover_300px_CAT.jpg","link":"https:\/\/www.editorialjuventud.es\/ca\/?attachment_id=38104","alt":"","author":"50","description":"","caption":"","name":"cover-que-hace-el-cocodrilo-235x155_36pp-indd-2","status":"inherit","uploaded_to":38013,"date":"2020-02-27 18:57:40","modified":"2020-02-27 18:57:40","menu_order":0,"mime_type":"image\/jpeg","type":"image","subtype":"jpeg","icon":"https:\/\/www.editorialjuventud.es\/wp-includes\/images\/media\/default.png","width":2250,"height":1484,"sizes":{"thumbnail":"https:\/\/www.editorialjuventud.es\/wp-content\/uploads\/UnDiaPleDeSons_Cover_300px_CAT-200x200.jpg","thumbnail-width":200,"thumbnail-height":200,"medium":"https:\/\/www.editorialjuventud.es\/wp-content\/uploads\/UnDiaPleDeSons_Cover_300px_CAT.jpg","medium-width":2250,"medium-height":1484,"medium_large":"https:\/\/www.editorialjuventud.es\/wp-content\/uploads\/UnDiaPleDeSons_Cover_300px_CAT-768x507.jpg","medium_large-width":768,"medium_large-height":507,"large":"https:\/\/www.editorialjuventud.es\/wp-content\/uploads\/UnDiaPleDeSons_Cover_300px_CAT.jpg","large-width":2250,"large-height":1484,"1536x1536":"https:\/\/www.editorialjuventud.es\/wp-content\/uploads\/UnDiaPleDeSons_Cover_300px_CAT.jpg","1536x1536-width":1536,"1536x1536-height":1013,"2048x2048":"https:\/\/www.editorialjuventud.es\/wp-content\/uploads\/UnDiaPleDeSons_Cover_300px_CAT.jpg","2048x2048-width":2048,"2048x2048-height":1351,"woocommerce_thumbnail":"https:\/\/www.editorialjuventud.es\/wp-content\/uploads\/UnDiaPleDeSons_Cover_300px_CAT-350x231.jpg","woocommerce_thumbnail-width":350,"woocommerce_thumbnail-height":231,"woocommerce_single":"https:\/\/www.editorialjuventud.es\/wp-content\/uploads\/UnDiaPleDeSons_Cover_300px_CAT-900x594.jpg","woocommerce_single-width":900,"woocommerce_single-height":594,"woocommerce_gallery_thumbnail":"https:\/\/www.editorialjuventud.es\/wp-content\/uploads\/UnDiaPleDeSons_Cover_300px_CAT-100x100.jpg","woocommerce_gallery_thumbnail-width":100,"woocommerce_gallery_thumbnail-height":100,"ppec_logo_image_size":"https:\/\/www.editorialjuventud.es\/wp-content\/uploads\/UnDiaPleDeSons_Cover_300px_CAT.jpg","ppec_logo_image_size-width":91,"ppec_logo_image_size-height":60,"ppec_header_image_size":"https:\/\/www.editorialjuventud.es\/wp-content\/uploads\/UnDiaPleDeSons_Cover_300px_CAT.jpg","ppec_header_image_size-width":136,"ppec_header_image_size-height":90}},"texto_enlace_ficha_tecnica":"","enlace_ficha_tecnica":{"ID":38427,"id":38427,"title":"Un-dia-ple-de-sons_Fitxa","filename":"Un-dia-ple-de-sons_Fitxa.pdf","filesize":1165691,"url":"https:\/\/www.editorialjuventud.es\/wp-content\/uploads\/Un-dia-ple-de-sons_Fitxa.pdf","link":"https:\/\/www.editorialjuventud.es\/ca\/?attachment_id=38427","alt":"","author":"47","description":"","caption":"","name":"un-dia-ple-de-sons_fitxa","status":"inherit","uploaded_to":38013,"date":"2020-03-09 11:59:06","modified":"2020-03-09 11:59:06","menu_order":0,"mime_type":"application\/pdf","type":"application","subtype":"pdf","icon":"https:\/\/www.editorialjuventud.es\/wp-includes\/images\/media\/document.png"},"ficheros":false,"titulo-fr":"","texto-fr":""},"yoast_head":"<!-- This site is optimized with the Yoast SEO plugin v27.5 - https:\/\/yoast.com\/product\/yoast-seo-wordpress\/ -->\n<title>Un dia ple de sons - Editorial Juventud<\/title>\n<meta name=\"description\" content=\"El despertador fa RIIING-RIING. Els cereals fas SCRONTX. El cotxe fa RUM-RUM. L&#039;elefant diu &#039;BON DIA!&#039;. Per\u00f2 qu\u00e8 fa el petit Cocodril quan la seva mare el\" \/>\n<meta name=\"robots\" content=\"index, follow, max-snippet:-1, max-image-preview:large, max-video-preview:-1\" \/>\n<link rel=\"canonical\" href=\"https:\/\/www.editorialjuventud.es\/un-dia-ple-de-sons-9788426146328\/\" \/>\n<meta property=\"og:locale\" content=\"ca_ES\" \/>\n<meta property=\"og:type\" content=\"article\" \/>\n<meta property=\"og:title\" content=\"Un dia ple de sons - Editorial Juventud\" \/>\n<meta property=\"og:description\" content=\"El despertador fa RIIING-RIING. Els cereals fas SCRONTX. El cotxe fa RUM-RUM. L&#039;elefant diu &#039;BON DIA!&#039;. Per\u00f2 qu\u00e8 fa el petit Cocodril quan la seva mare el\" \/>\n<meta property=\"og:url\" content=\"https:\/\/www.editorialjuventud.es\/un-dia-ple-de-sons-9788426146328\/\" \/>\n<meta property=\"og:site_name\" content=\"Editorial Juventud\" \/>\n<meta property=\"article:modified_time\" content=\"2026-03-30T10:32:56+00:00\" \/>\n<meta property=\"og:image\" content=\"https:\/\/www.editorialjuventud.es\/wp-content\/uploads\/9788426146328.png\" \/>\n\t<meta property=\"og:image:width\" content=\"540\" \/>\n\t<meta property=\"og:image:height\" content=\"356\" \/>\n\t<meta property=\"og:image:type\" content=\"image\/png\" \/>\n<meta name=\"twitter:card\" content=\"summary_large_image\" \/>\n<meta name=\"twitter:label1\" content=\"Temps estimat de lectura\" \/>\n\t<meta name=\"twitter:data1\" content=\"2 minuts\" \/>\n<script type=\"application\/ld+json\" class=\"yoast-schema-graph\">{\"@context\":\"https:\\\/\\\/schema.org\",\"@graph\":[{\"@type\":\"WebPage\",\"@id\":\"https:\\\/\\\/www.editorialjuventud.es\\\/un-dia-ple-de-sons-9788426146328\\\/\",\"url\":\"https:\\\/\\\/www.editorialjuventud.es\\\/un-dia-ple-de-sons-9788426146328\\\/\",\"name\":\"Un dia ple de sons - Editorial Juventud\",\"isPartOf\":{\"@id\":\"https:\\\/\\\/www.editorialjuventud.es\\\/#website\"},\"primaryImageOfPage\":{\"@id\":\"https:\\\/\\\/www.editorialjuventud.es\\\/un-dia-ple-de-sons-9788426146328\\\/#primaryimage\"},\"image\":{\"@id\":\"https:\\\/\\\/www.editorialjuventud.es\\\/un-dia-ple-de-sons-9788426146328\\\/#primaryimage\"},\"thumbnailUrl\":\"https:\\\/\\\/www.editorialjuventud.es\\\/wp-content\\\/uploads\\\/9788426146328.png\",\"datePublished\":\"2020-02-27T14:02:14+00:00\",\"dateModified\":\"2026-03-30T10:32:56+00:00\",\"description\":\"El despertador fa RIIING-RIING. Els cereals fas SCRONTX. El cotxe fa RUM-RUM. L'elefant diu 'BON DIA!'. Per\u00f2 qu\u00e8 fa el petit Cocodril quan la seva mare el\",\"breadcrumb\":{\"@id\":\"https:\\\/\\\/www.editorialjuventud.es\\\/un-dia-ple-de-sons-9788426146328\\\/#breadcrumb\"},\"inLanguage\":\"ca\",\"potentialAction\":[{\"@type\":\"ReadAction\",\"target\":[\"https:\\\/\\\/www.editorialjuventud.es\\\/un-dia-ple-de-sons-9788426146328\\\/\"]}]},{\"@type\":\"ImageObject\",\"inLanguage\":\"ca\",\"@id\":\"https:\\\/\\\/www.editorialjuventud.es\\\/un-dia-ple-de-sons-9788426146328\\\/#primaryimage\",\"url\":\"https:\\\/\\\/www.editorialjuventud.es\\\/wp-content\\\/uploads\\\/9788426146328.png\",\"contentUrl\":\"https:\\\/\\\/www.editorialjuventud.es\\\/wp-content\\\/uploads\\\/9788426146328.png\",\"width\":540,\"height\":356,\"caption\":\"9788426146328.png\"},{\"@type\":\"BreadcrumbList\",\"@id\":\"https:\\\/\\\/www.editorialjuventud.es\\\/un-dia-ple-de-sons-9788426146328\\\/#breadcrumb\",\"itemListElement\":[{\"@type\":\"ListItem\",\"position\":1,\"name\":\"Portada\",\"item\":\"https:\\\/\\\/www.editorialjuventud.es\\\/\"},{\"@type\":\"ListItem\",\"position\":2,\"name\":\"cat\u00e1logo\",\"item\":\"https:\\\/\\\/www.editorialjuventud.es\\\/coleccion\\\/catalogo\\\/\"},{\"@type\":\"ListItem\",\"position\":3,\"name\":\"catal\u00e0\",\"item\":\"https:\\\/\\\/www.editorialjuventud.es\\\/coleccion\\\/catala\\\/\"},{\"@type\":\"ListItem\",\"position\":4,\"name\":\"Els Meus Primers Llibres\",\"item\":\"https:\\\/\\\/www.editorialjuventud.es\\\/ca\\\/coleccion\\\/els-meus-primers-llibres\\\/\"},{\"@type\":\"ListItem\",\"position\":5,\"name\":\"Qu\u00e8 fa el cocodril?\",\"item\":\"https:\\\/\\\/www.editorialjuventud.es\\\/ca\\\/coleccion\\\/que-fa-el-cocodril\\\/\"},{\"@type\":\"ListItem\",\"position\":6,\"name\":\"Un dia ple de sons\"}]},{\"@type\":\"WebSite\",\"@id\":\"https:\\\/\\\/www.editorialjuventud.es\\\/#website\",\"url\":\"https:\\\/\\\/www.editorialjuventud.es\\\/\",\"name\":\"Editorial Juventud\",\"description\":\"\",\"potentialAction\":[{\"@type\":\"SearchAction\",\"target\":{\"@type\":\"EntryPoint\",\"urlTemplate\":\"https:\\\/\\\/www.editorialjuventud.es\\\/?s={search_term_string}\"},\"query-input\":{\"@type\":\"PropertyValueSpecification\",\"valueRequired\":true,\"valueName\":\"search_term_string\"}}],\"inLanguage\":\"ca\"}]}<\/script>\n<!-- \/ Yoast SEO plugin. -->","yoast_head_json":{"title":"Un dia ple de sons - Editorial Juventud","description":"El despertador fa RIIING-RIING. Els cereals fas SCRONTX. El cotxe fa RUM-RUM. L'elefant diu 'BON DIA!'. Per\u00f2 qu\u00e8 fa el petit Cocodril quan la seva mare el","robots":{"index":"index","follow":"follow","max-snippet":"max-snippet:-1","max-image-preview":"max-image-preview:large","max-video-preview":"max-video-preview:-1"},"canonical":"https:\/\/www.editorialjuventud.es\/un-dia-ple-de-sons-9788426146328\/","og_locale":"ca_ES","og_type":"article","og_title":"Un dia ple de sons - Editorial Juventud","og_description":"El despertador fa RIIING-RIING. Els cereals fas SCRONTX. El cotxe fa RUM-RUM. L'elefant diu 'BON DIA!'. Per\u00f2 qu\u00e8 fa el petit Cocodril quan la seva mare el","og_url":"https:\/\/www.editorialjuventud.es\/un-dia-ple-de-sons-9788426146328\/","og_site_name":"Editorial Juventud","article_modified_time":"2026-03-30T10:32:56+00:00","og_image":[{"width":540,"height":356,"url":"https:\/\/www.editorialjuventud.es\/wp-content\/uploads\/9788426146328.png","type":"image\/png"}],"twitter_card":"summary_large_image","twitter_misc":{"Temps estimat de lectura":"2 minuts"},"schema":{"@context":"https:\/\/schema.org","@graph":[{"@type":"WebPage","@id":"https:\/\/www.editorialjuventud.es\/un-dia-ple-de-sons-9788426146328\/","url":"https:\/\/www.editorialjuventud.es\/un-dia-ple-de-sons-9788426146328\/","name":"Un dia ple de sons - Editorial Juventud","isPartOf":{"@id":"https:\/\/www.editorialjuventud.es\/#website"},"primaryImageOfPage":{"@id":"https:\/\/www.editorialjuventud.es\/un-dia-ple-de-sons-9788426146328\/#primaryimage"},"image":{"@id":"https:\/\/www.editorialjuventud.es\/un-dia-ple-de-sons-9788426146328\/#primaryimage"},"thumbnailUrl":"https:\/\/www.editorialjuventud.es\/wp-content\/uploads\/9788426146328.png","datePublished":"2020-02-27T14:02:14+00:00","dateModified":"2026-03-30T10:32:56+00:00","description":"El despertador fa RIIING-RIING. Els cereals fas SCRONTX. El cotxe fa RUM-RUM. L'elefant diu 'BON DIA!'. Per\u00f2 qu\u00e8 fa el petit Cocodril quan la seva mare el","breadcrumb":{"@id":"https:\/\/www.editorialjuventud.es\/un-dia-ple-de-sons-9788426146328\/#breadcrumb"},"inLanguage":"ca","potentialAction":[{"@type":"ReadAction","target":["https:\/\/www.editorialjuventud.es\/un-dia-ple-de-sons-9788426146328\/"]}]},{"@type":"ImageObject","inLanguage":"ca","@id":"https:\/\/www.editorialjuventud.es\/un-dia-ple-de-sons-9788426146328\/#primaryimage","url":"https:\/\/www.editorialjuventud.es\/wp-content\/uploads\/9788426146328.png","contentUrl":"https:\/\/www.editorialjuventud.es\/wp-content\/uploads\/9788426146328.png","width":540,"height":356,"caption":"9788426146328.png"},{"@type":"BreadcrumbList","@id":"https:\/\/www.editorialjuventud.es\/un-dia-ple-de-sons-9788426146328\/#breadcrumb","itemListElement":[{"@type":"ListItem","position":1,"name":"Portada","item":"https:\/\/www.editorialjuventud.es\/"},{"@type":"ListItem","position":2,"name":"cat\u00e1logo","item":"https:\/\/www.editorialjuventud.es\/coleccion\/catalogo\/"},{"@type":"ListItem","position":3,"name":"catal\u00e0","item":"https:\/\/www.editorialjuventud.es\/coleccion\/catala\/"},{"@type":"ListItem","position":4,"name":"Els Meus Primers Llibres","item":"https:\/\/www.editorialjuventud.es\/ca\/coleccion\/els-meus-primers-llibres\/"},{"@type":"ListItem","position":5,"name":"Qu\u00e8 fa el cocodril?","item":"https:\/\/www.editorialjuventud.es\/ca\/coleccion\/que-fa-el-cocodril\/"},{"@type":"ListItem","position":6,"name":"Un dia ple de sons"}]},{"@type":"WebSite","@id":"https:\/\/www.editorialjuventud.es\/#website","url":"https:\/\/www.editorialjuventud.es\/","name":"Editorial Juventud","description":"","potentialAction":[{"@type":"SearchAction","target":{"@type":"EntryPoint","urlTemplate":"https:\/\/www.editorialjuventud.es\/?s={search_term_string}"},"query-input":{"@type":"PropertyValueSpecification","valueRequired":true,"valueName":"search_term_string"}}],"inLanguage":"ca"}]}},"_links":{"self":[{"href":"https:\/\/www.editorialjuventud.es\/ca\/wp-json\/wp\/v2\/product\/38013","targetHints":{"allow":["GET"]}}],"collection":[{"href":"https:\/\/www.editorialjuventud.es\/ca\/wp-json\/wp\/v2\/product"}],"about":[{"href":"https:\/\/www.editorialjuventud.es\/ca\/wp-json\/wp\/v2\/types\/product"}],"wp:featuredmedia":[{"embeddable":true,"href":"https:\/\/www.editorialjuventud.es\/ca\/wp-json\/wp\/v2\/media\/38014"}],"wp:attachment":[{"href":"https:\/\/www.editorialjuventud.es\/ca\/wp-json\/wp\/v2\/media?parent=38013"}],"wp:term":[{"taxonomy":"product_brand","embeddable":true,"href":"https:\/\/www.editorialjuventud.es\/ca\/wp-json\/wp\/v2\/product_brand?post=38013"},{"taxonomy":"product_cat","embeddable":true,"href":"https:\/\/www.editorialjuventud.es\/ca\/wp-json\/wp\/v2\/product_cat?post=38013"},{"taxonomy":"product_tag","embeddable":true,"href":"https:\/\/www.editorialjuventud.es\/ca\/wp-json\/wp\/v2\/product_tag?post=38013"},{"taxonomy":"coleccion","embeddable":true,"href":"https:\/\/www.editorialjuventud.es\/ca\/wp-json\/wp\/v2\/coleccion?post=38013"}],"curies":[{"name":"wp","href":"https:\/\/api.w.org\/{rel}","templated":true}]}}