{"id":37081,"date":"2020-01-31T14:33:16","date_gmt":"2020-01-31T13:33:16","guid":{"rendered":"https:\/\/www.editorialjuventud.es\/greta-la-lluita-duna-nena-per-salvar-el-planeta-9788426146427\/"},"modified":"2021-09-28T07:37:18","modified_gmt":"2021-09-28T05:37:18","slug":"greta-la-lluita-duna-nena-per-salvar-el-planeta-9788426146427","status":"publish","type":"product","link":"https:\/\/www.editorialjuventud.es\/ca\/greta-la-lluita-duna-nena-per-salvar-el-planeta-9788426146427\/","title":{"rendered":"Greta. La lluita d&#8217;una nena per salvar el planeta"},"content":{"rendered":"<p>La Greta Thunberg tenia quinze anys quan va faltar a escola per primera vegada per a fer vaga pel clima davant del Parlament suec d&#8217;Estocolm. La seva solit\u00e0ria crida a l&#8217;acci\u00f3 va generar un moviment estudiantil que va iniciar les vagues dels &#8220;divendres pel clima&#8221; a molts pa\u00efsos fins a convertir-se en una mobilitzaci\u00f3 mundial. La guardonada autora Jeanette Winter ens relata en aquest \u00e0lbum la hist\u00f2ria de la Greta, la jove activista clim\u00e0tica que exigeix accions als l\u00edders mundials que es neguen a abordar el canvi clim\u00e0tic.<\/p>\n<p>En sentir parlar de la croada per a salvar al planeta de l&#8217;escalfament global d&#8217;aquesta jove activista, l&#8217;autora Jeanette Winter, va voler posar el seu granet de sorra. Despr\u00e9s de l&#8217;\u00e8xit d&#8217;alguns dels seus anteriors \u00e0lbums documentals, com La bibliotec\u00e0ria de B\u00e0ssora, Biblioburro, Malala\/Iqbal o L&#8217;escola secreta de Nasrin, Jeanette va abordar el projecte d&#8217;aquest nou \u00e0lbum amb determinaci\u00f3.<br \/>\n&#8220;Quan vaig escoltar els seus discursos, vaig sentir com si la Greta parl\u00e9s per mi. I tinc vuitanta anys&#8221;. -Jeanette Winter<br \/>\nUn any despr\u00e9s d&#8217;iniciar les seves manifestacions en solitari tots els divendres davant del Parlament suec amb un cartell que deia &#8220;Vaga escolar pel clima&#8221;, la protesta de la Greta s&#8217;ha est\u00e8s a milions d&#8217;estudiants de tot el m\u00f3n gr\u00e0cies al moviment #FridaysForFuture, que es va fer viral a les xarxes socials. Actualment Greta est\u00e0 interpel\u00b7lant als l\u00edders mundials en reunions tan importants com la Confer\u00e8ncia de les Nacions Unides sobre el Clima o el F\u00f2rum Econ\u00f2mic Mundial i els est\u00e0 demostrant a tothom que fins i tot la persona m\u00e9s petita pot marcar una gran difer\u00e8ncia. Per aix\u00f2, la hist\u00f2ria d&#8217;aquest \u00e0lbum vol servir d&#8217;inspiraci\u00f3 als joves lectors que estan comen\u00e7ant a aprendre sobre el m\u00f3n que els envolta.<\/p>\n<div id=\"ficha-libro\">\n<p>&nbsp;<\/p>\n<div id=\"el-libro\" class=\"container-fluid\">\n<div id=\"el-contenido\">\n<section id=\"section-contenido-libro\">\n<article class=\"article libro\">\n<div class=\"sinopsis\">\n<p>Aquest llibre ha estat publicat amb el suport de:<\/p>\n<p><img loading=\"lazy\" decoding=\"async\" class=\"alignnone size-full wp-image-33299 lazyloaded \" src=\"http:\/\/www.editorialjuventud.es\/wp-content\/uploads\/0.png\" alt=\"\" width=\"198\" height=\"57\" data-lazy-src=\"http:\/\/www.editorialjuventud.es\/wp-content\/uploads\/0.png\" \/><\/p>\n<\/div>\n<\/article>\n<\/section>\n<\/div>\n<\/div>\n<p>&nbsp;<\/p>\n<\/div>\n","protected":false},"excerpt":{"rendered":"La Greta Thunberg tenia quinze anys quan va faltar a escola per primera vegada per a fer vaga pel clima davant del Parlament suec d&#8217;Estocolm. La seva solit\u00e0ria crida a l&#8217;acci\u00f3 va generar un moviment estudiantil que va iniciar les [&hellip;]","protected":false},"featured_media":37082,"template":"","meta":{"_acf_changed":false,"_exactmetrics_skip_tracking":false,"_exactmetrics_sitenote_active":false,"_exactmetrics_sitenote_note":"","_exactmetrics_sitenote_category":0},"product_brand":[],"product_cat":[902,1121,1138,1328,1167,892,1115,1201,1207,1128],"product_tag":[],"coleccion":[917,915,950],"class_list":{"0":"post-37081","1":"product","2":"type-product","3":"status-publish","4":"has-post-thumbnail","6":"product_cat-a-partir-de-7-anos","7":"product_cat-albumes-ilustrados","8":"product_cat-animales","9":"product_cat-cambio-climatico","10":"product_cat-ecologia-medio-ambiente","11":"product_cat-edades","12":"product_cat-generos","13":"product_cat-naturaleza-biodiversidad","14":"product_cat-personajes-reales","15":"product_cat-tematica","16":"coleccion-albums-illustrats","17":"coleccion-catala","18":"coleccion-ecologia","20":"first","21":"instock","22":"taxable","23":"shipping-taxable","24":"purchasable","25":"product-type-simple"},"acf":{"indice":"","autor":"Winter, Jeanette","codart":"4642","ediciones":"1","encuadernacion":"Carton\u00e9","fecha_de_publicacion":"01\/02\/2020","fecha_de_reimpresion":"","novedad":"0","paginas":"40","subtitulo":"","texto_web_adicional":"","autores-libros":[16687],"ilustradores-libros":[16687],"texto_web_novedad":"","orden":"999","portada":"0","texto_web_resaltado":"","traductores-libros":[18265],"descripcion_corta":"La Greta Thunberg tenia quinze anys quan va fer vaga pel clima","recomendamos":"","mas_vendido":"","idioma-libro":"","color":false,"formato":"","mas_informacion_del_producto":false,"premios":[{"premio":"Parent's Choice Awards","anyo_del_premio":"2019","pais_del_premio":"EE.UU."}],"deshabilitar_compra":[],"texto_enlace_cubierta":"","enlace_cubierta":{"ID":37247,"id":37247,"title":"Greta_Cover_300px_CAT","filename":"Greta_Cover_300px_CAT.jpg","filesize":458605,"url":"https:\/\/www.editorialjuventud.es\/wp-content\/uploads\/Greta_Cover_300px_CAT.jpg","link":"https:\/\/www.editorialjuventud.es\/ca\/?attachment_id=37247","alt":"","author":"50","description":"","caption":"","name":"greta_cover_300px_cat","status":"inherit","uploaded_to":37081,"date":"2020-02-04 14:49:20","modified":"2020-02-04 14:49:20","menu_order":0,"mime_type":"image\/jpeg","type":"image","subtype":"jpeg","icon":"https:\/\/www.editorialjuventud.es\/wp-includes\/images\/media\/default.png","width":2244,"height":2270,"sizes":{"thumbnail":"https:\/\/www.editorialjuventud.es\/wp-content\/uploads\/Greta_Cover_300px_CAT-200x200.jpg","thumbnail-width":200,"thumbnail-height":200,"medium":"https:\/\/www.editorialjuventud.es\/wp-content\/uploads\/Greta_Cover_300px_CAT.jpg","medium-width":2244,"medium-height":2270,"medium_large":"https:\/\/www.editorialjuventud.es\/wp-content\/uploads\/Greta_Cover_300px_CAT-768x777.jpg","medium_large-width":768,"medium_large-height":777,"large":"https:\/\/www.editorialjuventud.es\/wp-content\/uploads\/Greta_Cover_300px_CAT.jpg","large-width":2244,"large-height":2270,"1536x1536":"https:\/\/www.editorialjuventud.es\/wp-content\/uploads\/Greta_Cover_300px_CAT.jpg","1536x1536-width":1518,"1536x1536-height":1536,"2048x2048":"https:\/\/www.editorialjuventud.es\/wp-content\/uploads\/Greta_Cover_300px_CAT.jpg","2048x2048-width":2025,"2048x2048-height":2048,"woocommerce_thumbnail":"https:\/\/www.editorialjuventud.es\/wp-content\/uploads\/Greta_Cover_300px_CAT-350x354.jpg","woocommerce_thumbnail-width":350,"woocommerce_thumbnail-height":354,"woocommerce_single":"https:\/\/www.editorialjuventud.es\/wp-content\/uploads\/Greta_Cover_300px_CAT-900x910.jpg","woocommerce_single-width":900,"woocommerce_single-height":910,"woocommerce_gallery_thumbnail":"https:\/\/www.editorialjuventud.es\/wp-content\/uploads\/Greta_Cover_300px_CAT-100x100.jpg","woocommerce_gallery_thumbnail-width":100,"woocommerce_gallery_thumbnail-height":100,"ppec_logo_image_size":"https:\/\/www.editorialjuventud.es\/wp-content\/uploads\/Greta_Cover_300px_CAT.jpg","ppec_logo_image_size-width":59,"ppec_logo_image_size-height":60,"ppec_header_image_size":"https:\/\/www.editorialjuventud.es\/wp-content\/uploads\/Greta_Cover_300px_CAT.jpg","ppec_header_image_size-width":89,"ppec_header_image_size-height":90}},"texto_enlace_ficha_tecnica":"","enlace_ficha_tecnica":{"ID":37340,"id":37340,"title":"Greta_Fitxe_CAT_V4","filename":"Greta_Fitxe_CAT_V4.pdf","filesize":1433550,"url":"https:\/\/www.editorialjuventud.es\/wp-content\/uploads\/Greta_Fitxe_CAT_V4.pdf","link":"https:\/\/www.editorialjuventud.es\/ca\/?attachment_id=37340","alt":"","author":"50","description":"","caption":"","name":"greta_fitxe_cat_v4","status":"inherit","uploaded_to":37081,"date":"2020-02-06 13:43:59","modified":"2020-02-06 13:43:59","menu_order":0,"mime_type":"application\/pdf","type":"application","subtype":"pdf","icon":"https:\/\/www.editorialjuventud.es\/wp-includes\/images\/media\/document.png"},"ficheros":false,"titulo-fr":"","texto-fr":""},"yoast_head":"<!-- This site is optimized with the Yoast SEO plugin v27.3 - https:\/\/yoast.com\/product\/yoast-seo-wordpress\/ -->\n<title>Greta. La lluita d&#039;una nena per salvar el planeta - Editorial Juventud<\/title>\n<meta name=\"description\" content=\"La Greta Thunberg tenia quinze anys quan va faltar a escola per primera vegada per a fer vaga pel clima davant del Parlament suec d&#039;Estocolm. La seva\" \/>\n<meta name=\"robots\" content=\"index, follow, max-snippet:-1, max-image-preview:large, max-video-preview:-1\" \/>\n<link rel=\"canonical\" href=\"https:\/\/www.editorialjuventud.es\/greta-la-lluita-duna-nena-per-salvar-el-planeta-9788426146427\/\" \/>\n<meta property=\"og:locale\" content=\"ca_ES\" \/>\n<meta property=\"og:type\" content=\"article\" \/>\n<meta property=\"og:title\" content=\"Greta. La lluita d&#039;una nena per salvar el planeta - Editorial Juventud\" \/>\n<meta property=\"og:description\" content=\"La Greta Thunberg tenia quinze anys quan va faltar a escola per primera vegada per a fer vaga pel clima davant del Parlament suec d&#039;Estocolm. La seva\" \/>\n<meta property=\"og:url\" content=\"https:\/\/www.editorialjuventud.es\/greta-la-lluita-duna-nena-per-salvar-el-planeta-9788426146427\/\" \/>\n<meta property=\"og:site_name\" content=\"Editorial Juventud\" \/>\n<meta property=\"article:modified_time\" content=\"2021-09-28T05:37:18+00:00\" \/>\n<meta property=\"og:image\" content=\"https:\/\/www.editorialjuventud.es\/wp-content\/uploads\/9788426146427.jpg\" \/>\n\t<meta property=\"og:image:width\" content=\"702\" \/>\n\t<meta property=\"og:image:height\" content=\"701\" \/>\n\t<meta property=\"og:image:type\" content=\"image\/jpeg\" \/>\n<meta name=\"twitter:card\" content=\"summary_large_image\" \/>\n<meta name=\"twitter:label1\" content=\"Temps estimat de lectura\" \/>\n\t<meta name=\"twitter:data1\" content=\"2 minuts\" \/>\n<script type=\"application\/ld+json\" class=\"yoast-schema-graph\">{\"@context\":\"https:\\\/\\\/schema.org\",\"@graph\":[{\"@type\":\"WebPage\",\"@id\":\"https:\\\/\\\/www.editorialjuventud.es\\\/greta-la-lluita-duna-nena-per-salvar-el-planeta-9788426146427\\\/\",\"url\":\"https:\\\/\\\/www.editorialjuventud.es\\\/greta-la-lluita-duna-nena-per-salvar-el-planeta-9788426146427\\\/\",\"name\":\"Greta. La lluita d'una nena per salvar el planeta - Editorial Juventud\",\"isPartOf\":{\"@id\":\"https:\\\/\\\/www.editorialjuventud.es\\\/#website\"},\"primaryImageOfPage\":{\"@id\":\"https:\\\/\\\/www.editorialjuventud.es\\\/greta-la-lluita-duna-nena-per-salvar-el-planeta-9788426146427\\\/#primaryimage\"},\"image\":{\"@id\":\"https:\\\/\\\/www.editorialjuventud.es\\\/greta-la-lluita-duna-nena-per-salvar-el-planeta-9788426146427\\\/#primaryimage\"},\"thumbnailUrl\":\"https:\\\/\\\/www.editorialjuventud.es\\\/wp-content\\\/uploads\\\/9788426146427.jpg\",\"datePublished\":\"2020-01-31T13:33:16+00:00\",\"dateModified\":\"2021-09-28T05:37:18+00:00\",\"description\":\"La Greta Thunberg tenia quinze anys quan va faltar a escola per primera vegada per a fer vaga pel clima davant del Parlament suec d'Estocolm. La seva\",\"breadcrumb\":{\"@id\":\"https:\\\/\\\/www.editorialjuventud.es\\\/greta-la-lluita-duna-nena-per-salvar-el-planeta-9788426146427\\\/#breadcrumb\"},\"inLanguage\":\"ca\",\"potentialAction\":[{\"@type\":\"ReadAction\",\"target\":[\"https:\\\/\\\/www.editorialjuventud.es\\\/greta-la-lluita-duna-nena-per-salvar-el-planeta-9788426146427\\\/\"]}]},{\"@type\":\"ImageObject\",\"inLanguage\":\"ca\",\"@id\":\"https:\\\/\\\/www.editorialjuventud.es\\\/greta-la-lluita-duna-nena-per-salvar-el-planeta-9788426146427\\\/#primaryimage\",\"url\":\"https:\\\/\\\/www.editorialjuventud.es\\\/wp-content\\\/uploads\\\/9788426146427.jpg\",\"contentUrl\":\"https:\\\/\\\/www.editorialjuventud.es\\\/wp-content\\\/uploads\\\/9788426146427.jpg\",\"width\":702,\"height\":701,\"caption\":\"9788426146427.jpg\"},{\"@type\":\"BreadcrumbList\",\"@id\":\"https:\\\/\\\/www.editorialjuventud.es\\\/greta-la-lluita-duna-nena-per-salvar-el-planeta-9788426146427\\\/#breadcrumb\",\"itemListElement\":[{\"@type\":\"ListItem\",\"position\":1,\"name\":\"Portada\",\"item\":\"https:\\\/\\\/www.editorialjuventud.es\\\/\"},{\"@type\":\"ListItem\",\"position\":2,\"name\":\"cat\u00e1logo\",\"item\":\"https:\\\/\\\/www.editorialjuventud.es\\\/coleccion\\\/catalogo\\\/\"},{\"@type\":\"ListItem\",\"position\":3,\"name\":\"catal\u00e0\",\"item\":\"https:\\\/\\\/www.editorialjuventud.es\\\/coleccion\\\/catala\\\/\"},{\"@type\":\"ListItem\",\"position\":4,\"name\":\"\u00c0lbums Il\u00b7lustrats\",\"item\":\"https:\\\/\\\/www.editorialjuventud.es\\\/coleccion\\\/albums-il%c2%b7lustrats\\\/\"},{\"@type\":\"ListItem\",\"position\":5,\"name\":\"Ecologia\",\"item\":\"https:\\\/\\\/www.editorialjuventud.es\\\/coleccion\\\/ecologia\\\/\"},{\"@type\":\"ListItem\",\"position\":6,\"name\":\"Greta. La lluita d&#8217;una nena per salvar el planeta\"}]},{\"@type\":\"WebSite\",\"@id\":\"https:\\\/\\\/www.editorialjuventud.es\\\/#website\",\"url\":\"https:\\\/\\\/www.editorialjuventud.es\\\/\",\"name\":\"Editorial Juventud\",\"description\":\"\",\"potentialAction\":[{\"@type\":\"SearchAction\",\"target\":{\"@type\":\"EntryPoint\",\"urlTemplate\":\"https:\\\/\\\/www.editorialjuventud.es\\\/?s={search_term_string}\"},\"query-input\":{\"@type\":\"PropertyValueSpecification\",\"valueRequired\":true,\"valueName\":\"search_term_string\"}}],\"inLanguage\":\"ca\"}]}<\/script>\n<!-- \/ Yoast SEO plugin. -->","yoast_head_json":{"title":"Greta. La lluita d'una nena per salvar el planeta - Editorial Juventud","description":"La Greta Thunberg tenia quinze anys quan va faltar a escola per primera vegada per a fer vaga pel clima davant del Parlament suec d'Estocolm. La seva","robots":{"index":"index","follow":"follow","max-snippet":"max-snippet:-1","max-image-preview":"max-image-preview:large","max-video-preview":"max-video-preview:-1"},"canonical":"https:\/\/www.editorialjuventud.es\/greta-la-lluita-duna-nena-per-salvar-el-planeta-9788426146427\/","og_locale":"ca_ES","og_type":"article","og_title":"Greta. La lluita d'una nena per salvar el planeta - Editorial Juventud","og_description":"La Greta Thunberg tenia quinze anys quan va faltar a escola per primera vegada per a fer vaga pel clima davant del Parlament suec d'Estocolm. La seva","og_url":"https:\/\/www.editorialjuventud.es\/greta-la-lluita-duna-nena-per-salvar-el-planeta-9788426146427\/","og_site_name":"Editorial Juventud","article_modified_time":"2021-09-28T05:37:18+00:00","og_image":[{"width":702,"height":701,"url":"https:\/\/www.editorialjuventud.es\/wp-content\/uploads\/9788426146427.jpg","type":"image\/jpeg"}],"twitter_card":"summary_large_image","twitter_misc":{"Temps estimat de lectura":"2 minuts"},"schema":{"@context":"https:\/\/schema.org","@graph":[{"@type":"WebPage","@id":"https:\/\/www.editorialjuventud.es\/greta-la-lluita-duna-nena-per-salvar-el-planeta-9788426146427\/","url":"https:\/\/www.editorialjuventud.es\/greta-la-lluita-duna-nena-per-salvar-el-planeta-9788426146427\/","name":"Greta. La lluita d'una nena per salvar el planeta - Editorial Juventud","isPartOf":{"@id":"https:\/\/www.editorialjuventud.es\/#website"},"primaryImageOfPage":{"@id":"https:\/\/www.editorialjuventud.es\/greta-la-lluita-duna-nena-per-salvar-el-planeta-9788426146427\/#primaryimage"},"image":{"@id":"https:\/\/www.editorialjuventud.es\/greta-la-lluita-duna-nena-per-salvar-el-planeta-9788426146427\/#primaryimage"},"thumbnailUrl":"https:\/\/www.editorialjuventud.es\/wp-content\/uploads\/9788426146427.jpg","datePublished":"2020-01-31T13:33:16+00:00","dateModified":"2021-09-28T05:37:18+00:00","description":"La Greta Thunberg tenia quinze anys quan va faltar a escola per primera vegada per a fer vaga pel clima davant del Parlament suec d'Estocolm. La seva","breadcrumb":{"@id":"https:\/\/www.editorialjuventud.es\/greta-la-lluita-duna-nena-per-salvar-el-planeta-9788426146427\/#breadcrumb"},"inLanguage":"ca","potentialAction":[{"@type":"ReadAction","target":["https:\/\/www.editorialjuventud.es\/greta-la-lluita-duna-nena-per-salvar-el-planeta-9788426146427\/"]}]},{"@type":"ImageObject","inLanguage":"ca","@id":"https:\/\/www.editorialjuventud.es\/greta-la-lluita-duna-nena-per-salvar-el-planeta-9788426146427\/#primaryimage","url":"https:\/\/www.editorialjuventud.es\/wp-content\/uploads\/9788426146427.jpg","contentUrl":"https:\/\/www.editorialjuventud.es\/wp-content\/uploads\/9788426146427.jpg","width":702,"height":701,"caption":"9788426146427.jpg"},{"@type":"BreadcrumbList","@id":"https:\/\/www.editorialjuventud.es\/greta-la-lluita-duna-nena-per-salvar-el-planeta-9788426146427\/#breadcrumb","itemListElement":[{"@type":"ListItem","position":1,"name":"Portada","item":"https:\/\/www.editorialjuventud.es\/"},{"@type":"ListItem","position":2,"name":"cat\u00e1logo","item":"https:\/\/www.editorialjuventud.es\/coleccion\/catalogo\/"},{"@type":"ListItem","position":3,"name":"catal\u00e0","item":"https:\/\/www.editorialjuventud.es\/coleccion\/catala\/"},{"@type":"ListItem","position":4,"name":"\u00c0lbums Il\u00b7lustrats","item":"https:\/\/www.editorialjuventud.es\/coleccion\/albums-il%c2%b7lustrats\/"},{"@type":"ListItem","position":5,"name":"Ecologia","item":"https:\/\/www.editorialjuventud.es\/coleccion\/ecologia\/"},{"@type":"ListItem","position":6,"name":"Greta. La lluita d&#8217;una nena per salvar el planeta"}]},{"@type":"WebSite","@id":"https:\/\/www.editorialjuventud.es\/#website","url":"https:\/\/www.editorialjuventud.es\/","name":"Editorial Juventud","description":"","potentialAction":[{"@type":"SearchAction","target":{"@type":"EntryPoint","urlTemplate":"https:\/\/www.editorialjuventud.es\/?s={search_term_string}"},"query-input":{"@type":"PropertyValueSpecification","valueRequired":true,"valueName":"search_term_string"}}],"inLanguage":"ca"}]}},"_links":{"self":[{"href":"https:\/\/www.editorialjuventud.es\/ca\/wp-json\/wp\/v2\/product\/37081","targetHints":{"allow":["GET"]}}],"collection":[{"href":"https:\/\/www.editorialjuventud.es\/ca\/wp-json\/wp\/v2\/product"}],"about":[{"href":"https:\/\/www.editorialjuventud.es\/ca\/wp-json\/wp\/v2\/types\/product"}],"wp:featuredmedia":[{"embeddable":true,"href":"https:\/\/www.editorialjuventud.es\/ca\/wp-json\/wp\/v2\/media\/37082"}],"wp:attachment":[{"href":"https:\/\/www.editorialjuventud.es\/ca\/wp-json\/wp\/v2\/media?parent=37081"}],"wp:term":[{"taxonomy":"product_brand","embeddable":true,"href":"https:\/\/www.editorialjuventud.es\/ca\/wp-json\/wp\/v2\/product_brand?post=37081"},{"taxonomy":"product_cat","embeddable":true,"href":"https:\/\/www.editorialjuventud.es\/ca\/wp-json\/wp\/v2\/product_cat?post=37081"},{"taxonomy":"product_tag","embeddable":true,"href":"https:\/\/www.editorialjuventud.es\/ca\/wp-json\/wp\/v2\/product_tag?post=37081"},{"taxonomy":"coleccion","embeddable":true,"href":"https:\/\/www.editorialjuventud.es\/ca\/wp-json\/wp\/v2\/coleccion?post=37081"}],"curies":[{"name":"wp","href":"https:\/\/api.w.org\/{rel}","templated":true}]}}