{"id":37074,"date":"2020-01-31T14:12:34","date_gmt":"2020-01-31T13:12:34","guid":{"rendered":"https:\/\/www.editorialjuventud.es\/el-guardian-de-la-luna-9788426146526\/"},"modified":"2025-01-22T12:50:58","modified_gmt":"2025-01-22T11:50:58","slug":"el-guardian-de-la-luna-9788426146526","status":"publish","type":"product","link":"https:\/\/www.editorialjuventud.es\/ca\/el-guardian-de-la-luna-9788426146526\/","title":{"rendered":"El Guardi\u00e1n de la Luna"},"content":{"rendered":"<p>Emil tiene una nueva responsabilidad como Guardi\u00e1n de la Luna: velar por la Luna y que su luz llegue a todos los animales nocturnos. Pero \u00bfqu\u00e9 pasa cuando la Luna empieza a menguar poco a poco, hasta desaparecer?<br \/>Enam\u00f3rate de este oso polar dulce y concienzudo, la Luna y la conexi\u00f3n especial que comparten. Un \u00e1lbum conmovedor y m\u00e1gico, ideal tanto para explicar a los m\u00e1s peque\u00f1os las fases de la Luna como para acompa\u00f1arlos hasta los dulces sue\u00f1os.<\/p>\n<p>Ilustrado con un toque cl\u00e1sico y narrado en un tono fresco, El guardi\u00e1n de la Luna es una historia perfecta para la hora de ir a dormir. Emil se siente muy orgulloso de su nuevo trabajo como guardi\u00e1n de la Luna, pero se inquieta al ver que noche tras noche la Luna va menguando&#8230; Tras varias investigaciones, charlas con los vecinos y mucha preocupaci\u00f3n, Emil aprende que, en la vida, las cosas vienen y van -y que eso no est\u00e1 tan mal.<br \/>Este maravilloso \u00e1lbum ilustrado nos muestra las fases lunares a trav\u00e9s de una brillante narraci\u00f3n infantil que nos habla de la amistad, la impermanencia y la naturaleza.<\/p>\n","protected":false},"excerpt":{"rendered":"Emil tiene una nueva responsabilidad como Guardi\u00e1n de la Luna: velar por la Luna y que su luz llegue a todos los animales nocturnos. Pero \u00bfqu\u00e9 pasa cuando la Luna empieza a menguar poco a poco, hasta desaparecer?Enam\u00f3rate de este [&hellip;]","protected":false},"featured_media":37075,"template":"","meta":{"_acf_changed":false,"_exactmetrics_skip_tracking":false,"_exactmetrics_sitenote_active":false,"_exactmetrics_sitenote_note":"","_exactmetrics_sitenote_category":0},"product_brand":[],"product_cat":[900,1121,1165,1331,1201],"product_tag":[],"coleccion":[990],"class_list":{"0":"post-37074","1":"product","2":"type-product","3":"status-publish","4":"has-post-thumbnail","6":"product_cat-a-partir-de-5-anos","7":"product_cat-albumes-ilustrados","8":"product_cat-dormir-sueno","9":"product_cat-luna","10":"product_cat-naturaleza-biodiversidad","11":"coleccion-cuentos-para-ir-a-la-cama","13":"first","14":"instock","15":"taxable","16":"shipping-taxable","17":"purchasable","18":"product-type-simple"},"acf":{"indice":"","autor":"Zosienka","codart":"4652","ediciones":"2","encuadernacion":"Carton\u00e9","fecha_de_publicacion":"01\/02\/2020","fecha_de_reimpresion":"01\/05\/2023","novedad":"0","paginas":"40","subtitulo":"","texto_web_adicional":"","autores-libros":[37069],"ilustradores-libros":[37069],"texto_web_novedad":"","orden":"999","portada":"0","texto_web_resaltado":"","traductores-libros":[37490],"descripcion_corta":"Emil tiene una nueva responsabilidad como Guardi\u00e1n de la Luna","recomendamos":"","mas_vendido":"","idioma-libro":"","color":false,"formato":"","mas_informacion_del_producto":false,"premios":false,"deshabilitar_compra":[],"texto_enlace_cubierta":"","enlace_cubierta":{"ID":37216,"id":37216,"title":"cover_OK El guardian de la luna.indd","filename":"ElGuardianDeLaLuna_Cover_300px_CAST.jpg","filesize":773903,"url":"https:\/\/www.editorialjuventud.es\/wp-content\/uploads\/ElGuardianDeLaLuna_Cover_300px_CAST.jpg","link":"https:\/\/www.editorialjuventud.es\/ca\/?attachment_id=37216","alt":"","author":"50","description":"","caption":"","name":"cover_ok-el-guardian-de-la-luna-indd-3","status":"inherit","uploaded_to":37074,"date":"2020-02-04 14:31:45","modified":"2020-02-04 14:31:45","menu_order":0,"mime_type":"image\/jpeg","type":"image","subtype":"jpeg","icon":"https:\/\/www.editorialjuventud.es\/wp-includes\/images\/media\/default.png","width":2250,"height":2585,"sizes":{"thumbnail":"https:\/\/www.editorialjuventud.es\/wp-content\/uploads\/ElGuardianDeLaLuna_Cover_300px_CAST-200x200.jpg","thumbnail-width":200,"thumbnail-height":200,"medium":"https:\/\/www.editorialjuventud.es\/wp-content\/uploads\/ElGuardianDeLaLuna_Cover_300px_CAST.jpg","medium-width":2250,"medium-height":2585,"medium_large":"https:\/\/www.editorialjuventud.es\/wp-content\/uploads\/ElGuardianDeLaLuna_Cover_300px_CAST-768x882.jpg","medium_large-width":768,"medium_large-height":882,"large":"https:\/\/www.editorialjuventud.es\/wp-content\/uploads\/ElGuardianDeLaLuna_Cover_300px_CAST.jpg","large-width":2250,"large-height":2585,"1536x1536":"https:\/\/www.editorialjuventud.es\/wp-content\/uploads\/ElGuardianDeLaLuna_Cover_300px_CAST.jpg","1536x1536-width":1337,"1536x1536-height":1536,"2048x2048":"https:\/\/www.editorialjuventud.es\/wp-content\/uploads\/ElGuardianDeLaLuna_Cover_300px_CAST.jpg","2048x2048-width":1783,"2048x2048-height":2048,"woocommerce_thumbnail":"https:\/\/www.editorialjuventud.es\/wp-content\/uploads\/ElGuardianDeLaLuna_Cover_300px_CAST-350x402.jpg","woocommerce_thumbnail-width":350,"woocommerce_thumbnail-height":402,"woocommerce_single":"https:\/\/www.editorialjuventud.es\/wp-content\/uploads\/ElGuardianDeLaLuna_Cover_300px_CAST-900x1034.jpg","woocommerce_single-width":900,"woocommerce_single-height":1034,"woocommerce_gallery_thumbnail":"https:\/\/www.editorialjuventud.es\/wp-content\/uploads\/ElGuardianDeLaLuna_Cover_300px_CAST-100x100.jpg","woocommerce_gallery_thumbnail-width":100,"woocommerce_gallery_thumbnail-height":100,"ppec_logo_image_size":"https:\/\/www.editorialjuventud.es\/wp-content\/uploads\/ElGuardianDeLaLuna_Cover_300px_CAST.jpg","ppec_logo_image_size-width":52,"ppec_logo_image_size-height":60,"ppec_header_image_size":"https:\/\/www.editorialjuventud.es\/wp-content\/uploads\/ElGuardianDeLaLuna_Cover_300px_CAST.jpg","ppec_header_image_size-width":78,"ppec_header_image_size-height":90}},"texto_enlace_ficha_tecnica":"","enlace_ficha_tecnica":{"ID":37514,"id":37514,"title":"ElGuardianDeLaLuna_Ficha","filename":"ElGuardianDeLaLuna_Ficha.pdf","filesize":805059,"url":"https:\/\/www.editorialjuventud.es\/wp-content\/uploads\/ElGuardianDeLaLuna_Ficha.pdf","link":"https:\/\/www.editorialjuventud.es\/ca\/?attachment_id=37514","alt":"","author":"47","description":"","caption":"","name":"elguardiandelaluna_ficha","status":"inherit","uploaded_to":37074,"date":"2020-02-12 07:59:11","modified":"2020-02-12 07:59:11","menu_order":0,"mime_type":"application\/pdf","type":"application","subtype":"pdf","icon":"https:\/\/www.editorialjuventud.es\/wp-includes\/images\/media\/document.png"},"ficheros":false,"titulo-fr":"","texto-fr":""},"yoast_head":"<!-- This site is optimized with the Yoast SEO plugin v27.5 - https:\/\/yoast.com\/product\/yoast-seo-wordpress\/ -->\n<title>El Guardi\u00e1n de la Luna - Editorial Juventud<\/title>\n<meta name=\"description\" content=\"Emil tiene una nueva responsabilidad como Guardi\u00e1n de la Luna: velar por la Luna y que su luz llegue a todos los animales nocturnos. Pero \u00bfqu\u00e9 pasa cuando\" \/>\n<meta name=\"robots\" content=\"index, follow, max-snippet:-1, max-image-preview:large, max-video-preview:-1\" \/>\n<link rel=\"canonical\" href=\"https:\/\/www.editorialjuventud.es\/el-guardian-de-la-luna-9788426146526\/\" \/>\n<meta property=\"og:locale\" content=\"ca_ES\" \/>\n<meta property=\"og:type\" content=\"article\" \/>\n<meta property=\"og:title\" content=\"El Guardi\u00e1n de la Luna - Editorial Juventud\" \/>\n<meta property=\"og:description\" content=\"Emil tiene una nueva responsabilidad como Guardi\u00e1n de la Luna: velar por la Luna y que su luz llegue a todos los animales nocturnos. Pero \u00bfqu\u00e9 pasa cuando\" \/>\n<meta property=\"og:url\" content=\"https:\/\/www.editorialjuventud.es\/el-guardian-de-la-luna-9788426146526\/\" \/>\n<meta property=\"og:site_name\" content=\"Editorial Juventud\" \/>\n<meta property=\"article:modified_time\" content=\"2025-01-22T11:50:58+00:00\" \/>\n<meta property=\"og:image\" content=\"https:\/\/www.editorialjuventud.es\/wp-content\/uploads\/9788426146526.jpg\" \/>\n\t<meta property=\"og:image:width\" content=\"723\" \/>\n\t<meta property=\"og:image:height\" content=\"829\" \/>\n\t<meta property=\"og:image:type\" content=\"image\/jpeg\" \/>\n<meta name=\"twitter:card\" content=\"summary_large_image\" \/>\n<meta name=\"twitter:label1\" content=\"Temps estimat de lectura\" \/>\n\t<meta name=\"twitter:data1\" content=\"1 minut\" \/>\n<script type=\"application\/ld+json\" class=\"yoast-schema-graph\">{\"@context\":\"https:\\\/\\\/schema.org\",\"@graph\":[{\"@type\":\"WebPage\",\"@id\":\"https:\\\/\\\/www.editorialjuventud.es\\\/el-guardian-de-la-luna-9788426146526\\\/\",\"url\":\"https:\\\/\\\/www.editorialjuventud.es\\\/el-guardian-de-la-luna-9788426146526\\\/\",\"name\":\"El Guardi\u00e1n de la Luna - Editorial Juventud\",\"isPartOf\":{\"@id\":\"https:\\\/\\\/www.editorialjuventud.es\\\/#website\"},\"primaryImageOfPage\":{\"@id\":\"https:\\\/\\\/www.editorialjuventud.es\\\/el-guardian-de-la-luna-9788426146526\\\/#primaryimage\"},\"image\":{\"@id\":\"https:\\\/\\\/www.editorialjuventud.es\\\/el-guardian-de-la-luna-9788426146526\\\/#primaryimage\"},\"thumbnailUrl\":\"https:\\\/\\\/www.editorialjuventud.es\\\/wp-content\\\/uploads\\\/9788426146526.jpg\",\"datePublished\":\"2020-01-31T13:12:34+00:00\",\"dateModified\":\"2025-01-22T11:50:58+00:00\",\"description\":\"Emil tiene una nueva responsabilidad como Guardi\u00e1n de la Luna: velar por la Luna y que su luz llegue a todos los animales nocturnos. Pero \u00bfqu\u00e9 pasa cuando\",\"breadcrumb\":{\"@id\":\"https:\\\/\\\/www.editorialjuventud.es\\\/el-guardian-de-la-luna-9788426146526\\\/#breadcrumb\"},\"inLanguage\":\"ca\",\"potentialAction\":[{\"@type\":\"ReadAction\",\"target\":[\"https:\\\/\\\/www.editorialjuventud.es\\\/el-guardian-de-la-luna-9788426146526\\\/\"]}]},{\"@type\":\"ImageObject\",\"inLanguage\":\"ca\",\"@id\":\"https:\\\/\\\/www.editorialjuventud.es\\\/el-guardian-de-la-luna-9788426146526\\\/#primaryimage\",\"url\":\"https:\\\/\\\/www.editorialjuventud.es\\\/wp-content\\\/uploads\\\/9788426146526.jpg\",\"contentUrl\":\"https:\\\/\\\/www.editorialjuventud.es\\\/wp-content\\\/uploads\\\/9788426146526.jpg\",\"width\":723,\"height\":829,\"caption\":\"9788426146526.jpg\"},{\"@type\":\"BreadcrumbList\",\"@id\":\"https:\\\/\\\/www.editorialjuventud.es\\\/el-guardian-de-la-luna-9788426146526\\\/#breadcrumb\",\"itemListElement\":[{\"@type\":\"ListItem\",\"position\":1,\"name\":\"Portada\",\"item\":\"https:\\\/\\\/www.editorialjuventud.es\\\/\"},{\"@type\":\"ListItem\",\"position\":2,\"name\":\"cat\u00e1logo\",\"item\":\"https:\\\/\\\/www.editorialjuventud.es\\\/coleccion\\\/catalogo\\\/\"},{\"@type\":\"ListItem\",\"position\":3,\"name\":\"castellano\",\"item\":\"https:\\\/\\\/www.editorialjuventud.es\\\/coleccion\\\/castellano\\\/\"},{\"@type\":\"ListItem\",\"position\":4,\"name\":\"\u00c1lbumes Ilustrados\",\"item\":\"https:\\\/\\\/www.editorialjuventud.es\\\/coleccion\\\/albumes-ilustrados\\\/\"},{\"@type\":\"ListItem\",\"position\":5,\"name\":\"Cuentos para Ir a la Cama\",\"item\":\"https:\\\/\\\/www.editorialjuventud.es\\\/coleccion\\\/cuentos-para-ir-a-la-cama\\\/\"},{\"@type\":\"ListItem\",\"position\":6,\"name\":\"El Guardi\u00e1n de la Luna\"}]},{\"@type\":\"WebSite\",\"@id\":\"https:\\\/\\\/www.editorialjuventud.es\\\/#website\",\"url\":\"https:\\\/\\\/www.editorialjuventud.es\\\/\",\"name\":\"Editorial Juventud\",\"description\":\"\",\"potentialAction\":[{\"@type\":\"SearchAction\",\"target\":{\"@type\":\"EntryPoint\",\"urlTemplate\":\"https:\\\/\\\/www.editorialjuventud.es\\\/?s={search_term_string}\"},\"query-input\":{\"@type\":\"PropertyValueSpecification\",\"valueRequired\":true,\"valueName\":\"search_term_string\"}}],\"inLanguage\":\"ca\"}]}<\/script>\n<!-- \/ Yoast SEO plugin. -->","yoast_head_json":{"title":"El Guardi\u00e1n de la Luna - Editorial Juventud","description":"Emil tiene una nueva responsabilidad como Guardi\u00e1n de la Luna: velar por la Luna y que su luz llegue a todos los animales nocturnos. Pero \u00bfqu\u00e9 pasa cuando","robots":{"index":"index","follow":"follow","max-snippet":"max-snippet:-1","max-image-preview":"max-image-preview:large","max-video-preview":"max-video-preview:-1"},"canonical":"https:\/\/www.editorialjuventud.es\/el-guardian-de-la-luna-9788426146526\/","og_locale":"ca_ES","og_type":"article","og_title":"El Guardi\u00e1n de la Luna - Editorial Juventud","og_description":"Emil tiene una nueva responsabilidad como Guardi\u00e1n de la Luna: velar por la Luna y que su luz llegue a todos los animales nocturnos. Pero \u00bfqu\u00e9 pasa cuando","og_url":"https:\/\/www.editorialjuventud.es\/el-guardian-de-la-luna-9788426146526\/","og_site_name":"Editorial Juventud","article_modified_time":"2025-01-22T11:50:58+00:00","og_image":[{"width":723,"height":829,"url":"https:\/\/www.editorialjuventud.es\/wp-content\/uploads\/9788426146526.jpg","type":"image\/jpeg"}],"twitter_card":"summary_large_image","twitter_misc":{"Temps estimat de lectura":"1 minut"},"schema":{"@context":"https:\/\/schema.org","@graph":[{"@type":"WebPage","@id":"https:\/\/www.editorialjuventud.es\/el-guardian-de-la-luna-9788426146526\/","url":"https:\/\/www.editorialjuventud.es\/el-guardian-de-la-luna-9788426146526\/","name":"El Guardi\u00e1n de la Luna - Editorial Juventud","isPartOf":{"@id":"https:\/\/www.editorialjuventud.es\/#website"},"primaryImageOfPage":{"@id":"https:\/\/www.editorialjuventud.es\/el-guardian-de-la-luna-9788426146526\/#primaryimage"},"image":{"@id":"https:\/\/www.editorialjuventud.es\/el-guardian-de-la-luna-9788426146526\/#primaryimage"},"thumbnailUrl":"https:\/\/www.editorialjuventud.es\/wp-content\/uploads\/9788426146526.jpg","datePublished":"2020-01-31T13:12:34+00:00","dateModified":"2025-01-22T11:50:58+00:00","description":"Emil tiene una nueva responsabilidad como Guardi\u00e1n de la Luna: velar por la Luna y que su luz llegue a todos los animales nocturnos. Pero \u00bfqu\u00e9 pasa cuando","breadcrumb":{"@id":"https:\/\/www.editorialjuventud.es\/el-guardian-de-la-luna-9788426146526\/#breadcrumb"},"inLanguage":"ca","potentialAction":[{"@type":"ReadAction","target":["https:\/\/www.editorialjuventud.es\/el-guardian-de-la-luna-9788426146526\/"]}]},{"@type":"ImageObject","inLanguage":"ca","@id":"https:\/\/www.editorialjuventud.es\/el-guardian-de-la-luna-9788426146526\/#primaryimage","url":"https:\/\/www.editorialjuventud.es\/wp-content\/uploads\/9788426146526.jpg","contentUrl":"https:\/\/www.editorialjuventud.es\/wp-content\/uploads\/9788426146526.jpg","width":723,"height":829,"caption":"9788426146526.jpg"},{"@type":"BreadcrumbList","@id":"https:\/\/www.editorialjuventud.es\/el-guardian-de-la-luna-9788426146526\/#breadcrumb","itemListElement":[{"@type":"ListItem","position":1,"name":"Portada","item":"https:\/\/www.editorialjuventud.es\/"},{"@type":"ListItem","position":2,"name":"cat\u00e1logo","item":"https:\/\/www.editorialjuventud.es\/coleccion\/catalogo\/"},{"@type":"ListItem","position":3,"name":"castellano","item":"https:\/\/www.editorialjuventud.es\/coleccion\/castellano\/"},{"@type":"ListItem","position":4,"name":"\u00c1lbumes Ilustrados","item":"https:\/\/www.editorialjuventud.es\/coleccion\/albumes-ilustrados\/"},{"@type":"ListItem","position":5,"name":"Cuentos para Ir a la Cama","item":"https:\/\/www.editorialjuventud.es\/coleccion\/cuentos-para-ir-a-la-cama\/"},{"@type":"ListItem","position":6,"name":"El Guardi\u00e1n de la Luna"}]},{"@type":"WebSite","@id":"https:\/\/www.editorialjuventud.es\/#website","url":"https:\/\/www.editorialjuventud.es\/","name":"Editorial Juventud","description":"","potentialAction":[{"@type":"SearchAction","target":{"@type":"EntryPoint","urlTemplate":"https:\/\/www.editorialjuventud.es\/?s={search_term_string}"},"query-input":{"@type":"PropertyValueSpecification","valueRequired":true,"valueName":"search_term_string"}}],"inLanguage":"ca"}]}},"_links":{"self":[{"href":"https:\/\/www.editorialjuventud.es\/ca\/wp-json\/wp\/v2\/product\/37074","targetHints":{"allow":["GET"]}}],"collection":[{"href":"https:\/\/www.editorialjuventud.es\/ca\/wp-json\/wp\/v2\/product"}],"about":[{"href":"https:\/\/www.editorialjuventud.es\/ca\/wp-json\/wp\/v2\/types\/product"}],"wp:featuredmedia":[{"embeddable":true,"href":"https:\/\/www.editorialjuventud.es\/ca\/wp-json\/wp\/v2\/media\/37075"}],"wp:attachment":[{"href":"https:\/\/www.editorialjuventud.es\/ca\/wp-json\/wp\/v2\/media?parent=37074"}],"wp:term":[{"taxonomy":"product_brand","embeddable":true,"href":"https:\/\/www.editorialjuventud.es\/ca\/wp-json\/wp\/v2\/product_brand?post=37074"},{"taxonomy":"product_cat","embeddable":true,"href":"https:\/\/www.editorialjuventud.es\/ca\/wp-json\/wp\/v2\/product_cat?post=37074"},{"taxonomy":"product_tag","embeddable":true,"href":"https:\/\/www.editorialjuventud.es\/ca\/wp-json\/wp\/v2\/product_tag?post=37074"},{"taxonomy":"coleccion","embeddable":true,"href":"https:\/\/www.editorialjuventud.es\/ca\/wp-json\/wp\/v2\/coleccion?post=37074"}],"curies":[{"name":"wp","href":"https:\/\/api.w.org\/{rel}","templated":true}]}}