{"id":34284,"date":"2019-11-12T13:20:57","date_gmt":"2019-11-12T12:20:57","guid":{"rendered":"https:\/\/www.editorialjuventud.es\/el-carter-de-lespai-2-9788426146250\/"},"modified":"2025-01-22T12:51:49","modified_gmt":"2025-01-22T11:51:49","slug":"el-carter-de-lespai-2-els-pirates-galactics-9788426146250","status":"publish","type":"product","link":"https:\/\/www.editorialjuventud.es\/ca\/el-carter-de-lespai-2-els-pirates-galactics-9788426146250\/","title":{"rendered":"El carter de l&#8217;espai 2. Els Pirates Gal\u00e0ctics"},"content":{"rendered":"<p>Bob, el nostre carter espacial, ha guanyat confian\u00e7a en si mateix des de la nostra \u00faltima trobada. Per\u00f2 aquesta vegada ha d&#8217;afrontar un gran desafiament: treballar en equip! Haur\u00e0 de lliurar una sola carta amb l&#8217;ajuda de la seva nova companya en pr\u00e0ctiques, la Marta. Una tasca aparentment simple que es convertir\u00e0 en una aventura d&#8217;un extrem a l&#8217;altre de la gal\u00e0xia. A m\u00e9s, sembla que aquesta misteriosa carta ha despertat l&#8217;inter\u00e8s d&#8217;una colla no gaire amigable&#8230;<\/p>\n<p>L&#8217;esperada segona part de les aventures del nostre carter de l&#8217;espai \u00e9s una persecuci\u00f3 intergal\u00e0ctica, amb nous personatges, nous planetes plens de detalls i de refer\u00e8ncies a altres obres de ci\u00e8ncia-ficci\u00f3 que condimenten a la perfecci\u00f3 la narraci\u00f3 de la jornada catastr\u00f2fica d&#8217;en Bob. L&#8217;univers que Guillaume Perreault va crear en la seva primera aventura, no fa m\u00e9s que multiplicar les seves possibilitats per a deixar patent l&#8217;enginy d&#8217;aquest autor i la humanitat del seu entranyable personatge principal.<\/p>\n","protected":false},"excerpt":{"rendered":"Bob, el nostre carter espacial, ha guanyat confian\u00e7a en si mateix des de la nostra \u00faltima trobada. Per\u00f2 aquesta vegada ha d&#8217;afrontar un gran desafiament: treballar en equip! Haur\u00e0 de lliurar una sola carta amb l&#8217;ajuda de la seva nova [&hellip;]","protected":false},"featured_media":34285,"template":"","meta":{"_acf_changed":false,"_exactmetrics_skip_tracking":false,"_exactmetrics_sitenote_active":false,"_exactmetrics_sitenote_note":"","_exactmetrics_sitenote_category":0},"product_brand":[],"product_cat":[904,1142,1150,1127,1156,892,1115,1184,1228],"product_tag":[],"coleccion":[915,1304,922],"class_list":{"0":"post-34284","1":"product","2":"type-product","3":"status-publish","4":"has-post-thumbnail","6":"product_cat-a-partir-de-9-anos","7":"product_cat-aventura","8":"product_cat-ciencia-ficcion","9":"product_cat-comic","10":"product_cat-cooperacion","11":"product_cat-edades","12":"product_cat-generos","13":"product_cat-humor","14":"product_cat-universo-espacio","15":"coleccion-catala","16":"coleccion-el-carter-de-lespai","17":"coleccion-joventut-comic","19":"first","20":"instock","21":"taxable","22":"shipping-taxable","23":"purchasable","24":"product-type-simple"},"acf":{"indice":"","autor":"Perreault, Guillaume","codart":"4625","ediciones":"2","encuadernacion":"R\u00fastica","fecha_de_publicacion":"01\/11\/2019","fecha_de_reimpresion":"01\/07\/2021","novedad":"0","paginas":"148","subtitulo":"","texto_web_adicional":"","autores-libros":[16547],"ilustradores-libros":[16547],"texto_web_novedad":"","orden":"999","portada":"0","texto_web_resaltado":"","traductores-libros":[18265],"descripcion_corta":"Bob, el nostre carter espacial, ha guanyat confian\u00e7a en si mateix des de la nostra \u00faltima trobada.","recomendamos":"","mas_vendido":"","idioma-libro":[34277],"color":false,"formato":"","mas_informacion_del_producto":false,"premios":false,"texto_enlace_cubierta":"","enlace_cubierta":{"ID":34285,"id":34285,"title":"9788426146250.jpg","filename":"9788426146250.jpg","filesize":63099,"url":"https:\/\/www.editorialjuventud.es\/wp-content\/uploads\/9788426146250.jpg","link":"https:\/\/www.editorialjuventud.es\/ca\/?attachment_id=34285","alt":"9788426146250.jpg","author":"13","description":"","caption":"","name":"cover-2-el-carter-del-espai-pirates-galactics-ca-indd","status":"inherit","uploaded_to":34284,"date":"2019-11-12 12:20:58","modified":"2019-11-12 12:20:59","menu_order":0,"mime_type":"image\/jpeg","type":"image","subtype":"jpeg","icon":"https:\/\/www.editorialjuventud.es\/wp-includes\/images\/media\/default.png","width":540,"height":684,"sizes":{"thumbnail":"https:\/\/www.editorialjuventud.es\/wp-content\/uploads\/9788426146250-200x200.jpg","thumbnail-width":200,"thumbnail-height":200,"medium":"https:\/\/www.editorialjuventud.es\/wp-content\/uploads\/9788426146250.jpg","medium-width":540,"medium-height":684,"medium_large":"https:\/\/www.editorialjuventud.es\/wp-content\/uploads\/9788426146250.jpg","medium_large-width":540,"medium_large-height":684,"large":"https:\/\/www.editorialjuventud.es\/wp-content\/uploads\/9788426146250.jpg","large-width":540,"large-height":684,"1536x1536":"https:\/\/www.editorialjuventud.es\/wp-content\/uploads\/9788426146250.jpg","1536x1536-width":540,"1536x1536-height":684,"2048x2048":"https:\/\/www.editorialjuventud.es\/wp-content\/uploads\/9788426146250.jpg","2048x2048-width":540,"2048x2048-height":684,"woocommerce_thumbnail":"https:\/\/www.editorialjuventud.es\/wp-content\/uploads\/9788426146250-350x443.jpg","woocommerce_thumbnail-width":350,"woocommerce_thumbnail-height":443,"woocommerce_single":"https:\/\/www.editorialjuventud.es\/wp-content\/uploads\/9788426146250.jpg","woocommerce_single-width":540,"woocommerce_single-height":684,"woocommerce_gallery_thumbnail":"https:\/\/www.editorialjuventud.es\/wp-content\/uploads\/9788426146250-100x100.jpg","woocommerce_gallery_thumbnail-width":100,"woocommerce_gallery_thumbnail-height":100,"ppec_logo_image_size":"https:\/\/www.editorialjuventud.es\/wp-content\/uploads\/9788426146250.jpg","ppec_logo_image_size-width":47,"ppec_logo_image_size-height":60,"ppec_header_image_size":"https:\/\/www.editorialjuventud.es\/wp-content\/uploads\/9788426146250.jpg","ppec_header_image_size-width":71,"ppec_header_image_size-height":90}},"texto_enlace_ficha_tecnica":"","enlace_ficha_tecnica":{"ID":79625,"id":79625,"title":"ElCarteDeLEspai_CAT_V4","filename":"ElCarteDeLEspai_CAT_V4-1.pdf","filesize":1012417,"url":"https:\/\/www.editorialjuventud.es\/wp-content\/uploads\/ElCarteDeLEspai_CAT_V4-1.pdf","link":"https:\/\/www.editorialjuventud.es\/ca\/?attachment_id=79625","alt":"","author":"1519","description":"","caption":"","name":"elcartedelespai_cat_v4-2","status":"inherit","uploaded_to":34284,"date":"2024-11-14 11:49:36","modified":"2024-11-14 11:49:36","menu_order":0,"mime_type":"application\/pdf","type":"application","subtype":"pdf","icon":"https:\/\/www.editorialjuventud.es\/wp-includes\/images\/media\/document.png"},"ficheros":false,"titulo-fr":"","texto-fr":"","deshabilitar_compra":[]},"yoast_head":"<!-- This site is optimized with the Yoast SEO plugin v27.3 - https:\/\/yoast.com\/product\/yoast-seo-wordpress\/ -->\n<title>El carter de l&#039;espai 2. Els Pirates Gal\u00e0ctics - Editorial Juventud<\/title>\n<meta name=\"description\" content=\"Bob, el nostre carter espacial, ha guanyat confian\u00e7a en si mateix des de la nostra \u00faltima trobada. Per\u00f2 aquesta vegada ha d&#039;afrontar un gran desafiament:\" \/>\n<meta name=\"robots\" content=\"index, follow, max-snippet:-1, max-image-preview:large, max-video-preview:-1\" \/>\n<link rel=\"canonical\" href=\"https:\/\/www.editorialjuventud.es\/el-carter-de-lespai-2-els-pirates-galactics-9788426146250\/\" \/>\n<meta property=\"og:locale\" content=\"ca_ES\" \/>\n<meta property=\"og:type\" content=\"article\" \/>\n<meta property=\"og:title\" content=\"El carter de l&#039;espai 2. Els Pirates Gal\u00e0ctics - Editorial Juventud\" \/>\n<meta property=\"og:description\" content=\"Bob, el nostre carter espacial, ha guanyat confian\u00e7a en si mateix des de la nostra \u00faltima trobada. Per\u00f2 aquesta vegada ha d&#039;afrontar un gran desafiament:\" \/>\n<meta property=\"og:url\" content=\"https:\/\/www.editorialjuventud.es\/el-carter-de-lespai-2-els-pirates-galactics-9788426146250\/\" \/>\n<meta property=\"og:site_name\" content=\"Editorial Juventud\" \/>\n<meta property=\"article:modified_time\" content=\"2025-01-22T11:51:49+00:00\" \/>\n<meta property=\"og:image\" content=\"https:\/\/www.editorialjuventud.es\/wp-content\/uploads\/9788426146250.jpg\" \/>\n\t<meta property=\"og:image:width\" content=\"540\" \/>\n\t<meta property=\"og:image:height\" content=\"684\" \/>\n\t<meta property=\"og:image:type\" content=\"image\/jpeg\" \/>\n<meta name=\"twitter:card\" content=\"summary_large_image\" \/>\n<meta name=\"twitter:label1\" content=\"Temps estimat de lectura\" \/>\n\t<meta name=\"twitter:data1\" content=\"2 minuts\" \/>\n<script type=\"application\/ld+json\" class=\"yoast-schema-graph\">{\"@context\":\"https:\\\/\\\/schema.org\",\"@graph\":[{\"@type\":\"WebPage\",\"@id\":\"https:\\\/\\\/www.editorialjuventud.es\\\/el-carter-de-lespai-2-els-pirates-galactics-9788426146250\\\/\",\"url\":\"https:\\\/\\\/www.editorialjuventud.es\\\/el-carter-de-lespai-2-els-pirates-galactics-9788426146250\\\/\",\"name\":\"El carter de l'espai 2. Els Pirates Gal\u00e0ctics - Editorial Juventud\",\"isPartOf\":{\"@id\":\"https:\\\/\\\/www.editorialjuventud.es\\\/#website\"},\"primaryImageOfPage\":{\"@id\":\"https:\\\/\\\/www.editorialjuventud.es\\\/el-carter-de-lespai-2-els-pirates-galactics-9788426146250\\\/#primaryimage\"},\"image\":{\"@id\":\"https:\\\/\\\/www.editorialjuventud.es\\\/el-carter-de-lespai-2-els-pirates-galactics-9788426146250\\\/#primaryimage\"},\"thumbnailUrl\":\"https:\\\/\\\/www.editorialjuventud.es\\\/wp-content\\\/uploads\\\/9788426146250.jpg\",\"datePublished\":\"2019-11-12T12:20:57+00:00\",\"dateModified\":\"2025-01-22T11:51:49+00:00\",\"description\":\"Bob, el nostre carter espacial, ha guanyat confian\u00e7a en si mateix des de la nostra \u00faltima trobada. Per\u00f2 aquesta vegada ha d'afrontar un gran desafiament:\",\"breadcrumb\":{\"@id\":\"https:\\\/\\\/www.editorialjuventud.es\\\/el-carter-de-lespai-2-els-pirates-galactics-9788426146250\\\/#breadcrumb\"},\"inLanguage\":\"ca\",\"potentialAction\":[{\"@type\":\"ReadAction\",\"target\":[\"https:\\\/\\\/www.editorialjuventud.es\\\/el-carter-de-lespai-2-els-pirates-galactics-9788426146250\\\/\"]}]},{\"@type\":\"ImageObject\",\"inLanguage\":\"ca\",\"@id\":\"https:\\\/\\\/www.editorialjuventud.es\\\/el-carter-de-lespai-2-els-pirates-galactics-9788426146250\\\/#primaryimage\",\"url\":\"https:\\\/\\\/www.editorialjuventud.es\\\/wp-content\\\/uploads\\\/9788426146250.jpg\",\"contentUrl\":\"https:\\\/\\\/www.editorialjuventud.es\\\/wp-content\\\/uploads\\\/9788426146250.jpg\",\"width\":540,\"height\":684,\"caption\":\"9788426146250.jpg\"},{\"@type\":\"BreadcrumbList\",\"@id\":\"https:\\\/\\\/www.editorialjuventud.es\\\/el-carter-de-lespai-2-els-pirates-galactics-9788426146250\\\/#breadcrumb\",\"itemListElement\":[{\"@type\":\"ListItem\",\"position\":1,\"name\":\"Portada\",\"item\":\"https:\\\/\\\/www.editorialjuventud.es\\\/\"},{\"@type\":\"ListItem\",\"position\":2,\"name\":\"cat\u00e1logo\",\"item\":\"https:\\\/\\\/www.editorialjuventud.es\\\/coleccion\\\/catalogo\\\/\"},{\"@type\":\"ListItem\",\"position\":3,\"name\":\"catal\u00e0\",\"item\":\"https:\\\/\\\/www.editorialjuventud.es\\\/coleccion\\\/catala\\\/\"},{\"@type\":\"ListItem\",\"position\":4,\"name\":\"Joventut C\u00f2mic\",\"item\":\"https:\\\/\\\/www.editorialjuventud.es\\\/ca\\\/coleccion\\\/joventut-comic\\\/\"},{\"@type\":\"ListItem\",\"position\":5,\"name\":\"El carter de l'espai 2. Els Pirates Gal\u00e0ctics\"}]},{\"@type\":\"WebSite\",\"@id\":\"https:\\\/\\\/www.editorialjuventud.es\\\/#website\",\"url\":\"https:\\\/\\\/www.editorialjuventud.es\\\/\",\"name\":\"Editorial Juventud\",\"description\":\"\",\"potentialAction\":[{\"@type\":\"SearchAction\",\"target\":{\"@type\":\"EntryPoint\",\"urlTemplate\":\"https:\\\/\\\/www.editorialjuventud.es\\\/?s={search_term_string}\"},\"query-input\":{\"@type\":\"PropertyValueSpecification\",\"valueRequired\":true,\"valueName\":\"search_term_string\"}}],\"inLanguage\":\"ca\"}]}<\/script>\n<!-- \/ Yoast SEO plugin. -->","yoast_head_json":{"title":"El carter de l'espai 2. Els Pirates Gal\u00e0ctics - Editorial Juventud","description":"Bob, el nostre carter espacial, ha guanyat confian\u00e7a en si mateix des de la nostra \u00faltima trobada. Per\u00f2 aquesta vegada ha d'afrontar un gran desafiament:","robots":{"index":"index","follow":"follow","max-snippet":"max-snippet:-1","max-image-preview":"max-image-preview:large","max-video-preview":"max-video-preview:-1"},"canonical":"https:\/\/www.editorialjuventud.es\/el-carter-de-lespai-2-els-pirates-galactics-9788426146250\/","og_locale":"ca_ES","og_type":"article","og_title":"El carter de l'espai 2. Els Pirates Gal\u00e0ctics - Editorial Juventud","og_description":"Bob, el nostre carter espacial, ha guanyat confian\u00e7a en si mateix des de la nostra \u00faltima trobada. Per\u00f2 aquesta vegada ha d'afrontar un gran desafiament:","og_url":"https:\/\/www.editorialjuventud.es\/el-carter-de-lespai-2-els-pirates-galactics-9788426146250\/","og_site_name":"Editorial Juventud","article_modified_time":"2025-01-22T11:51:49+00:00","og_image":[{"width":540,"height":684,"url":"https:\/\/www.editorialjuventud.es\/wp-content\/uploads\/9788426146250.jpg","type":"image\/jpeg"}],"twitter_card":"summary_large_image","twitter_misc":{"Temps estimat de lectura":"2 minuts"},"schema":{"@context":"https:\/\/schema.org","@graph":[{"@type":"WebPage","@id":"https:\/\/www.editorialjuventud.es\/el-carter-de-lespai-2-els-pirates-galactics-9788426146250\/","url":"https:\/\/www.editorialjuventud.es\/el-carter-de-lespai-2-els-pirates-galactics-9788426146250\/","name":"El carter de l'espai 2. Els Pirates Gal\u00e0ctics - Editorial Juventud","isPartOf":{"@id":"https:\/\/www.editorialjuventud.es\/#website"},"primaryImageOfPage":{"@id":"https:\/\/www.editorialjuventud.es\/el-carter-de-lespai-2-els-pirates-galactics-9788426146250\/#primaryimage"},"image":{"@id":"https:\/\/www.editorialjuventud.es\/el-carter-de-lespai-2-els-pirates-galactics-9788426146250\/#primaryimage"},"thumbnailUrl":"https:\/\/www.editorialjuventud.es\/wp-content\/uploads\/9788426146250.jpg","datePublished":"2019-11-12T12:20:57+00:00","dateModified":"2025-01-22T11:51:49+00:00","description":"Bob, el nostre carter espacial, ha guanyat confian\u00e7a en si mateix des de la nostra \u00faltima trobada. Per\u00f2 aquesta vegada ha d'afrontar un gran desafiament:","breadcrumb":{"@id":"https:\/\/www.editorialjuventud.es\/el-carter-de-lespai-2-els-pirates-galactics-9788426146250\/#breadcrumb"},"inLanguage":"ca","potentialAction":[{"@type":"ReadAction","target":["https:\/\/www.editorialjuventud.es\/el-carter-de-lespai-2-els-pirates-galactics-9788426146250\/"]}]},{"@type":"ImageObject","inLanguage":"ca","@id":"https:\/\/www.editorialjuventud.es\/el-carter-de-lespai-2-els-pirates-galactics-9788426146250\/#primaryimage","url":"https:\/\/www.editorialjuventud.es\/wp-content\/uploads\/9788426146250.jpg","contentUrl":"https:\/\/www.editorialjuventud.es\/wp-content\/uploads\/9788426146250.jpg","width":540,"height":684,"caption":"9788426146250.jpg"},{"@type":"BreadcrumbList","@id":"https:\/\/www.editorialjuventud.es\/el-carter-de-lespai-2-els-pirates-galactics-9788426146250\/#breadcrumb","itemListElement":[{"@type":"ListItem","position":1,"name":"Portada","item":"https:\/\/www.editorialjuventud.es\/"},{"@type":"ListItem","position":2,"name":"cat\u00e1logo","item":"https:\/\/www.editorialjuventud.es\/coleccion\/catalogo\/"},{"@type":"ListItem","position":3,"name":"catal\u00e0","item":"https:\/\/www.editorialjuventud.es\/coleccion\/catala\/"},{"@type":"ListItem","position":4,"name":"Joventut C\u00f2mic","item":"https:\/\/www.editorialjuventud.es\/ca\/coleccion\/joventut-comic\/"},{"@type":"ListItem","position":5,"name":"El carter de l'espai 2. Els Pirates Gal\u00e0ctics"}]},{"@type":"WebSite","@id":"https:\/\/www.editorialjuventud.es\/#website","url":"https:\/\/www.editorialjuventud.es\/","name":"Editorial Juventud","description":"","potentialAction":[{"@type":"SearchAction","target":{"@type":"EntryPoint","urlTemplate":"https:\/\/www.editorialjuventud.es\/?s={search_term_string}"},"query-input":{"@type":"PropertyValueSpecification","valueRequired":true,"valueName":"search_term_string"}}],"inLanguage":"ca"}]}},"_links":{"self":[{"href":"https:\/\/www.editorialjuventud.es\/ca\/wp-json\/wp\/v2\/product\/34284","targetHints":{"allow":["GET"]}}],"collection":[{"href":"https:\/\/www.editorialjuventud.es\/ca\/wp-json\/wp\/v2\/product"}],"about":[{"href":"https:\/\/www.editorialjuventud.es\/ca\/wp-json\/wp\/v2\/types\/product"}],"wp:featuredmedia":[{"embeddable":true,"href":"https:\/\/www.editorialjuventud.es\/ca\/wp-json\/wp\/v2\/media\/34285"}],"wp:attachment":[{"href":"https:\/\/www.editorialjuventud.es\/ca\/wp-json\/wp\/v2\/media?parent=34284"}],"wp:term":[{"taxonomy":"product_brand","embeddable":true,"href":"https:\/\/www.editorialjuventud.es\/ca\/wp-json\/wp\/v2\/product_brand?post=34284"},{"taxonomy":"product_cat","embeddable":true,"href":"https:\/\/www.editorialjuventud.es\/ca\/wp-json\/wp\/v2\/product_cat?post=34284"},{"taxonomy":"product_tag","embeddable":true,"href":"https:\/\/www.editorialjuventud.es\/ca\/wp-json\/wp\/v2\/product_tag?post=34284"},{"taxonomy":"coleccion","embeddable":true,"href":"https:\/\/www.editorialjuventud.es\/ca\/wp-json\/wp\/v2\/coleccion?post=34284"}],"curies":[{"name":"wp","href":"https:\/\/api.w.org\/{rel}","templated":true}]}}