{"id":34277,"date":"2019-11-12T12:30:44","date_gmt":"2019-11-12T11:30:44","guid":{"rendered":"https:\/\/www.editorialjuventud.es\/el-cartero-del-espacio-2-9788426146243\/"},"modified":"2025-01-22T12:51:43","modified_gmt":"2025-01-22T11:51:43","slug":"el-cartero-del-espacio-2-los-piratas-galacticos-9788426146243","status":"publish","type":"product","link":"https:\/\/www.editorialjuventud.es\/ca\/el-cartero-del-espacio-2-los-piratas-galacticos-9788426146243\/","title":{"rendered":"El cartero del espacio 2. Los piratas gal\u00e1cticos"},"content":{"rendered":"<p>Bob, nuestro cartero espacial, ha ganado confianza en s\u00ed mismo desde nuestro \u00faltimo encuentro. Pero esta vez tiene que afrontar un gran desaf\u00edo: \u00a1trabajar en equipo! Deber\u00e1 entregar una sola carta con la ayuda de su nueva compa\u00f1era en pr\u00e1cticas, Marta. Una tarea aparentemente simple que se convertir\u00e1 en una aventura de un extremo al otro de la galaxia. Adem\u00e1s, parece que esta misteriosa carta ha despertado el inter\u00e9s de una banda no muy amigable&#8230;<\/p>\n<p>La esperada segunda parte de las aventuras de nuestro cartero del espacio es una persecuci\u00f3n intergal\u00e1ctica, con nuevos personajes, nuevos planetas llenos de detalles y de referencias a otras obras de ciencia ficci\u00f3n que condimentan a la perfecci\u00f3n la narraci\u00f3n de la jornada catastr\u00f3fica de Bob. El universo que Guillaume Perreault cre\u00f3 en su primera aventura no hace m\u00e1s que multiplicar sus posibilidades para dejar patente el ingenio de este autor y la humanidad de su entra\u00f1able personaje principal.<\/p>\n","protected":false},"excerpt":{"rendered":"Bob, nuestro cartero espacial, ha ganado confianza en s\u00ed mismo desde nuestro \u00faltimo encuentro. Pero esta vez tiene que afrontar un gran desaf\u00edo: \u00a1trabajar en equipo! Deber\u00e1 entregar una sola carta con la ayuda de su nueva compa\u00f1era en pr\u00e1cticas, [&hellip;]","protected":false},"featured_media":34278,"template":"","meta":{"_acf_changed":false,"_exactmetrics_skip_tracking":false,"_exactmetrics_sitenote_active":false,"_exactmetrics_sitenote_note":"","_exactmetrics_sitenote_category":0},"product_brand":[],"product_cat":[904,1142,1150,1127,1156,892,1184,1228],"product_tag":[],"coleccion":[916,1314,935],"class_list":{"0":"post-34277","1":"product","2":"type-product","3":"status-publish","4":"has-post-thumbnail","6":"product_cat-a-partir-de-9-anos","7":"product_cat-aventura","8":"product_cat-ciencia-ficcion","9":"product_cat-comic","10":"product_cat-cooperacion","11":"product_cat-edades","12":"product_cat-humor","13":"product_cat-universo-espacio","14":"coleccion-castellano","15":"coleccion-el-cartero-del-espacio","16":"coleccion-juventud-comic","18":"first","19":"instock","20":"taxable","21":"shipping-taxable","22":"purchasable","23":"product-type-simple"},"acf":{"descripcion_corta":"Bob, nuestro cartero espacial, ha ganado confianza en s\u00ed mismo desde nuestro \u00faltimo encuentro.","portada":"0","orden":"999","novedad":"0","codart":"4624","recomendamos":"","mas_vendido":"","subtitulo":"","indice":"","autor":"Perreault, Guillaume","autores-libros":[16547],"ilustradores-libros":[16547],"traductores-libros":[18265],"idioma-libro":[34284],"fecha_de_publicacion":"01\/11\/2019","fecha_de_reimpresion":"","color":false,"paginas":"148","encuadernacion":"R\u00fastica","ediciones":"1","formato":"","mas_informacion_del_producto":false,"premios":false,"texto_web_resaltado":"","texto_web_novedad":"","texto_web_adicional":"","texto_enlace_cubierta":"","enlace_cubierta":{"ID":34278,"id":34278,"title":"9788426146243.jpg","filename":"9788426146243.jpg","filesize":63345,"url":"https:\/\/www.editorialjuventud.es\/wp-content\/uploads\/9788426146243.jpg","link":"https:\/\/www.editorialjuventud.es\/ca\/?attachment_id=34278","alt":"9788426146243.jpg","author":"13","description":"","caption":"","name":"cover-2-el-cartero-espacial-piratas-galacticos_es-indd","status":"inherit","uploaded_to":34277,"date":"2019-11-12 11:30:45","modified":"2019-11-12 11:30:46","menu_order":0,"mime_type":"image\/jpeg","type":"image","subtype":"jpeg","icon":"https:\/\/www.editorialjuventud.es\/wp-includes\/images\/media\/default.png","width":536,"height":685,"sizes":{"thumbnail":"https:\/\/www.editorialjuventud.es\/wp-content\/uploads\/9788426146243-200x200.jpg","thumbnail-width":200,"thumbnail-height":200,"medium":"https:\/\/www.editorialjuventud.es\/wp-content\/uploads\/9788426146243.jpg","medium-width":536,"medium-height":685,"medium_large":"https:\/\/www.editorialjuventud.es\/wp-content\/uploads\/9788426146243.jpg","medium_large-width":536,"medium_large-height":685,"large":"https:\/\/www.editorialjuventud.es\/wp-content\/uploads\/9788426146243.jpg","large-width":536,"large-height":685,"1536x1536":"https:\/\/www.editorialjuventud.es\/wp-content\/uploads\/9788426146243.jpg","1536x1536-width":536,"1536x1536-height":685,"2048x2048":"https:\/\/www.editorialjuventud.es\/wp-content\/uploads\/9788426146243.jpg","2048x2048-width":536,"2048x2048-height":685,"woocommerce_thumbnail":"https:\/\/www.editorialjuventud.es\/wp-content\/uploads\/9788426146243-350x447.jpg","woocommerce_thumbnail-width":350,"woocommerce_thumbnail-height":447,"woocommerce_single":"https:\/\/www.editorialjuventud.es\/wp-content\/uploads\/9788426146243.jpg","woocommerce_single-width":536,"woocommerce_single-height":685,"woocommerce_gallery_thumbnail":"https:\/\/www.editorialjuventud.es\/wp-content\/uploads\/9788426146243-100x100.jpg","woocommerce_gallery_thumbnail-width":100,"woocommerce_gallery_thumbnail-height":100,"ppec_logo_image_size":"https:\/\/www.editorialjuventud.es\/wp-content\/uploads\/9788426146243.jpg","ppec_logo_image_size-width":47,"ppec_logo_image_size-height":60,"ppec_header_image_size":"https:\/\/www.editorialjuventud.es\/wp-content\/uploads\/9788426146243.jpg","ppec_header_image_size-width":70,"ppec_header_image_size-height":90}},"texto_enlace_ficha_tecnica":"","enlace_ficha_tecnica":{"ID":79621,"id":79621,"title":"ElCarterodelEspacio_CAST_V3","filename":"ElCarterodelEspacio_CAST_V3-1.pdf","filesize":1007913,"url":"https:\/\/www.editorialjuventud.es\/wp-content\/uploads\/ElCarterodelEspacio_CAST_V3-1.pdf","link":"https:\/\/www.editorialjuventud.es\/ca\/?attachment_id=79621","alt":"","author":"1519","description":"","caption":"","name":"elcarterodelespacio_cast_v3-2","status":"inherit","uploaded_to":34277,"date":"2024-11-14 11:45:54","modified":"2024-11-14 11:45:54","menu_order":0,"mime_type":"application\/pdf","type":"application","subtype":"pdf","icon":"https:\/\/www.editorialjuventud.es\/wp-includes\/images\/media\/document.png"},"ficheros":false,"titulo-fr":"","texto-fr":"","deshabilitar_compra":[]},"yoast_head":"<!-- This site is optimized with the Yoast SEO plugin v27.5 - https:\/\/yoast.com\/product\/yoast-seo-wordpress\/ -->\n<title>El cartero del espacio 2. Los piratas gal\u00e1cticos - Editorial Juventud<\/title>\n<meta name=\"description\" content=\"Bob, nuestro cartero espacial, ha ganado confianza en s\u00ed mismo desde nuestro \u00faltimo encuentro. Pero esta vez tiene que afrontar un gran desaf\u00edo: \u00a1trabajar\" \/>\n<meta name=\"robots\" content=\"index, follow, max-snippet:-1, max-image-preview:large, max-video-preview:-1\" \/>\n<link rel=\"canonical\" href=\"https:\/\/www.editorialjuventud.es\/el-cartero-del-espacio-2-los-piratas-galacticos-9788426146243\/\" \/>\n<meta property=\"og:locale\" content=\"ca_ES\" \/>\n<meta property=\"og:type\" content=\"article\" \/>\n<meta property=\"og:title\" content=\"El cartero del espacio 2. Los piratas gal\u00e1cticos - Editorial Juventud\" \/>\n<meta property=\"og:description\" content=\"Bob, nuestro cartero espacial, ha ganado confianza en s\u00ed mismo desde nuestro \u00faltimo encuentro. Pero esta vez tiene que afrontar un gran desaf\u00edo: \u00a1trabajar\" \/>\n<meta property=\"og:url\" content=\"https:\/\/www.editorialjuventud.es\/el-cartero-del-espacio-2-los-piratas-galacticos-9788426146243\/\" \/>\n<meta property=\"og:site_name\" content=\"Editorial Juventud\" \/>\n<meta property=\"article:modified_time\" content=\"2025-01-22T11:51:43+00:00\" \/>\n<meta property=\"og:image\" content=\"https:\/\/www.editorialjuventud.es\/wp-content\/uploads\/9788426146243.jpg\" \/>\n\t<meta property=\"og:image:width\" content=\"536\" \/>\n\t<meta property=\"og:image:height\" content=\"685\" \/>\n\t<meta property=\"og:image:type\" content=\"image\/jpeg\" \/>\n<meta name=\"twitter:card\" content=\"summary_large_image\" \/>\n<meta name=\"twitter:label1\" content=\"Temps estimat de lectura\" \/>\n\t<meta name=\"twitter:data1\" content=\"2 minuts\" \/>\n<script type=\"application\/ld+json\" class=\"yoast-schema-graph\">{\"@context\":\"https:\\\/\\\/schema.org\",\"@graph\":[{\"@type\":\"WebPage\",\"@id\":\"https:\\\/\\\/www.editorialjuventud.es\\\/el-cartero-del-espacio-2-los-piratas-galacticos-9788426146243\\\/\",\"url\":\"https:\\\/\\\/www.editorialjuventud.es\\\/el-cartero-del-espacio-2-los-piratas-galacticos-9788426146243\\\/\",\"name\":\"El cartero del espacio 2. Los piratas gal\u00e1cticos - Editorial Juventud\",\"isPartOf\":{\"@id\":\"https:\\\/\\\/www.editorialjuventud.es\\\/#website\"},\"primaryImageOfPage\":{\"@id\":\"https:\\\/\\\/www.editorialjuventud.es\\\/el-cartero-del-espacio-2-los-piratas-galacticos-9788426146243\\\/#primaryimage\"},\"image\":{\"@id\":\"https:\\\/\\\/www.editorialjuventud.es\\\/el-cartero-del-espacio-2-los-piratas-galacticos-9788426146243\\\/#primaryimage\"},\"thumbnailUrl\":\"https:\\\/\\\/www.editorialjuventud.es\\\/wp-content\\\/uploads\\\/9788426146243.jpg\",\"datePublished\":\"2019-11-12T11:30:44+00:00\",\"dateModified\":\"2025-01-22T11:51:43+00:00\",\"description\":\"Bob, nuestro cartero espacial, ha ganado confianza en s\u00ed mismo desde nuestro \u00faltimo encuentro. Pero esta vez tiene que afrontar un gran desaf\u00edo: \u00a1trabajar\",\"breadcrumb\":{\"@id\":\"https:\\\/\\\/www.editorialjuventud.es\\\/el-cartero-del-espacio-2-los-piratas-galacticos-9788426146243\\\/#breadcrumb\"},\"inLanguage\":\"ca\",\"potentialAction\":[{\"@type\":\"ReadAction\",\"target\":[\"https:\\\/\\\/www.editorialjuventud.es\\\/el-cartero-del-espacio-2-los-piratas-galacticos-9788426146243\\\/\"]}]},{\"@type\":\"ImageObject\",\"inLanguage\":\"ca\",\"@id\":\"https:\\\/\\\/www.editorialjuventud.es\\\/el-cartero-del-espacio-2-los-piratas-galacticos-9788426146243\\\/#primaryimage\",\"url\":\"https:\\\/\\\/www.editorialjuventud.es\\\/wp-content\\\/uploads\\\/9788426146243.jpg\",\"contentUrl\":\"https:\\\/\\\/www.editorialjuventud.es\\\/wp-content\\\/uploads\\\/9788426146243.jpg\",\"width\":536,\"height\":685,\"caption\":\"9788426146243.jpg\"},{\"@type\":\"BreadcrumbList\",\"@id\":\"https:\\\/\\\/www.editorialjuventud.es\\\/el-cartero-del-espacio-2-los-piratas-galacticos-9788426146243\\\/#breadcrumb\",\"itemListElement\":[{\"@type\":\"ListItem\",\"position\":1,\"name\":\"Portada\",\"item\":\"https:\\\/\\\/www.editorialjuventud.es\\\/\"},{\"@type\":\"ListItem\",\"position\":2,\"name\":\"cat\u00e1logo\",\"item\":\"https:\\\/\\\/www.editorialjuventud.es\\\/coleccion\\\/catalogo\\\/\"},{\"@type\":\"ListItem\",\"position\":3,\"name\":\"castellano\",\"item\":\"https:\\\/\\\/www.editorialjuventud.es\\\/coleccion\\\/castellano\\\/\"},{\"@type\":\"ListItem\",\"position\":4,\"name\":\"Juventud C\u00f3mic\",\"item\":\"https:\\\/\\\/www.editorialjuventud.es\\\/coleccion\\\/juventud-comic\\\/\"},{\"@type\":\"ListItem\",\"position\":5,\"name\":\"El cartero del espacio\",\"item\":\"https:\\\/\\\/www.editorialjuventud.es\\\/coleccion\\\/el-cartero-del-espacio\\\/\"},{\"@type\":\"ListItem\",\"position\":6,\"name\":\"El cartero del espacio 2. Los piratas gal\u00e1cticos\"}]},{\"@type\":\"WebSite\",\"@id\":\"https:\\\/\\\/www.editorialjuventud.es\\\/#website\",\"url\":\"https:\\\/\\\/www.editorialjuventud.es\\\/\",\"name\":\"Editorial Juventud\",\"description\":\"\",\"potentialAction\":[{\"@type\":\"SearchAction\",\"target\":{\"@type\":\"EntryPoint\",\"urlTemplate\":\"https:\\\/\\\/www.editorialjuventud.es\\\/?s={search_term_string}\"},\"query-input\":{\"@type\":\"PropertyValueSpecification\",\"valueRequired\":true,\"valueName\":\"search_term_string\"}}],\"inLanguage\":\"ca\"}]}<\/script>\n<!-- \/ Yoast SEO plugin. -->","yoast_head_json":{"title":"El cartero del espacio 2. Los piratas gal\u00e1cticos - Editorial Juventud","description":"Bob, nuestro cartero espacial, ha ganado confianza en s\u00ed mismo desde nuestro \u00faltimo encuentro. Pero esta vez tiene que afrontar un gran desaf\u00edo: \u00a1trabajar","robots":{"index":"index","follow":"follow","max-snippet":"max-snippet:-1","max-image-preview":"max-image-preview:large","max-video-preview":"max-video-preview:-1"},"canonical":"https:\/\/www.editorialjuventud.es\/el-cartero-del-espacio-2-los-piratas-galacticos-9788426146243\/","og_locale":"ca_ES","og_type":"article","og_title":"El cartero del espacio 2. Los piratas gal\u00e1cticos - Editorial Juventud","og_description":"Bob, nuestro cartero espacial, ha ganado confianza en s\u00ed mismo desde nuestro \u00faltimo encuentro. Pero esta vez tiene que afrontar un gran desaf\u00edo: \u00a1trabajar","og_url":"https:\/\/www.editorialjuventud.es\/el-cartero-del-espacio-2-los-piratas-galacticos-9788426146243\/","og_site_name":"Editorial Juventud","article_modified_time":"2025-01-22T11:51:43+00:00","og_image":[{"width":536,"height":685,"url":"https:\/\/www.editorialjuventud.es\/wp-content\/uploads\/9788426146243.jpg","type":"image\/jpeg"}],"twitter_card":"summary_large_image","twitter_misc":{"Temps estimat de lectura":"2 minuts"},"schema":{"@context":"https:\/\/schema.org","@graph":[{"@type":"WebPage","@id":"https:\/\/www.editorialjuventud.es\/el-cartero-del-espacio-2-los-piratas-galacticos-9788426146243\/","url":"https:\/\/www.editorialjuventud.es\/el-cartero-del-espacio-2-los-piratas-galacticos-9788426146243\/","name":"El cartero del espacio 2. Los piratas gal\u00e1cticos - Editorial Juventud","isPartOf":{"@id":"https:\/\/www.editorialjuventud.es\/#website"},"primaryImageOfPage":{"@id":"https:\/\/www.editorialjuventud.es\/el-cartero-del-espacio-2-los-piratas-galacticos-9788426146243\/#primaryimage"},"image":{"@id":"https:\/\/www.editorialjuventud.es\/el-cartero-del-espacio-2-los-piratas-galacticos-9788426146243\/#primaryimage"},"thumbnailUrl":"https:\/\/www.editorialjuventud.es\/wp-content\/uploads\/9788426146243.jpg","datePublished":"2019-11-12T11:30:44+00:00","dateModified":"2025-01-22T11:51:43+00:00","description":"Bob, nuestro cartero espacial, ha ganado confianza en s\u00ed mismo desde nuestro \u00faltimo encuentro. Pero esta vez tiene que afrontar un gran desaf\u00edo: \u00a1trabajar","breadcrumb":{"@id":"https:\/\/www.editorialjuventud.es\/el-cartero-del-espacio-2-los-piratas-galacticos-9788426146243\/#breadcrumb"},"inLanguage":"ca","potentialAction":[{"@type":"ReadAction","target":["https:\/\/www.editorialjuventud.es\/el-cartero-del-espacio-2-los-piratas-galacticos-9788426146243\/"]}]},{"@type":"ImageObject","inLanguage":"ca","@id":"https:\/\/www.editorialjuventud.es\/el-cartero-del-espacio-2-los-piratas-galacticos-9788426146243\/#primaryimage","url":"https:\/\/www.editorialjuventud.es\/wp-content\/uploads\/9788426146243.jpg","contentUrl":"https:\/\/www.editorialjuventud.es\/wp-content\/uploads\/9788426146243.jpg","width":536,"height":685,"caption":"9788426146243.jpg"},{"@type":"BreadcrumbList","@id":"https:\/\/www.editorialjuventud.es\/el-cartero-del-espacio-2-los-piratas-galacticos-9788426146243\/#breadcrumb","itemListElement":[{"@type":"ListItem","position":1,"name":"Portada","item":"https:\/\/www.editorialjuventud.es\/"},{"@type":"ListItem","position":2,"name":"cat\u00e1logo","item":"https:\/\/www.editorialjuventud.es\/coleccion\/catalogo\/"},{"@type":"ListItem","position":3,"name":"castellano","item":"https:\/\/www.editorialjuventud.es\/coleccion\/castellano\/"},{"@type":"ListItem","position":4,"name":"Juventud C\u00f3mic","item":"https:\/\/www.editorialjuventud.es\/coleccion\/juventud-comic\/"},{"@type":"ListItem","position":5,"name":"El cartero del espacio","item":"https:\/\/www.editorialjuventud.es\/coleccion\/el-cartero-del-espacio\/"},{"@type":"ListItem","position":6,"name":"El cartero del espacio 2. Los piratas gal\u00e1cticos"}]},{"@type":"WebSite","@id":"https:\/\/www.editorialjuventud.es\/#website","url":"https:\/\/www.editorialjuventud.es\/","name":"Editorial Juventud","description":"","potentialAction":[{"@type":"SearchAction","target":{"@type":"EntryPoint","urlTemplate":"https:\/\/www.editorialjuventud.es\/?s={search_term_string}"},"query-input":{"@type":"PropertyValueSpecification","valueRequired":true,"valueName":"search_term_string"}}],"inLanguage":"ca"}]}},"_links":{"self":[{"href":"https:\/\/www.editorialjuventud.es\/ca\/wp-json\/wp\/v2\/product\/34277","targetHints":{"allow":["GET"]}}],"collection":[{"href":"https:\/\/www.editorialjuventud.es\/ca\/wp-json\/wp\/v2\/product"}],"about":[{"href":"https:\/\/www.editorialjuventud.es\/ca\/wp-json\/wp\/v2\/types\/product"}],"wp:featuredmedia":[{"embeddable":true,"href":"https:\/\/www.editorialjuventud.es\/ca\/wp-json\/wp\/v2\/media\/34278"}],"wp:attachment":[{"href":"https:\/\/www.editorialjuventud.es\/ca\/wp-json\/wp\/v2\/media?parent=34277"}],"wp:term":[{"taxonomy":"product_brand","embeddable":true,"href":"https:\/\/www.editorialjuventud.es\/ca\/wp-json\/wp\/v2\/product_brand?post=34277"},{"taxonomy":"product_cat","embeddable":true,"href":"https:\/\/www.editorialjuventud.es\/ca\/wp-json\/wp\/v2\/product_cat?post=34277"},{"taxonomy":"product_tag","embeddable":true,"href":"https:\/\/www.editorialjuventud.es\/ca\/wp-json\/wp\/v2\/product_tag?post=34277"},{"taxonomy":"coleccion","embeddable":true,"href":"https:\/\/www.editorialjuventud.es\/ca\/wp-json\/wp\/v2\/coleccion?post=34277"}],"curies":[{"name":"wp","href":"https:\/\/api.w.org\/{rel}","templated":true}]}}