{"id":32836,"date":"2019-10-07T09:35:52","date_gmt":"2019-10-07T07:35:52","guid":{"rendered":"https:\/\/www.editorialjuventud.es\/la-caputxeta-vermella-9788426146052\/"},"modified":"2025-01-30T09:15:14","modified_gmt":"2025-01-30T08:15:14","slug":"la-caputxeta-vermella-9788426146052","status":"publish","type":"product","link":"https:\/\/www.editorialjuventud.es\/ca\/la-caputxeta-vermella-9788426146052\/","title":{"rendered":"La Caputxeta Vermella"},"content":{"rendered":"<p>Una nena, un llop, una caputxeta vermella. El conte tradicional explicat per dues magistrals escriptores i il\u00b7lustradores brit\u00e0niques: Beatrix Potter i Helen Oxenbury.<\/p>\n<p>Fa m\u00e9s d&#8217;un segle que Beatrix Potter va escriure aquesta adaptaci\u00f3 del cl\u00e0ssic conte de Charles Perrault, per\u00f2 hem hagut d&#8217;esperar fins ara per a veure-la per primera vegada il\u00b7lustrada. Potter enalteix la crua realitat del conte de Perrault posant en primer pla al llop, aquest personatge vil i mesqu\u00ed per\u00f2 que gr\u00e0cies al talent de Potter desborda tant humor com maldat.<\/p>\n<p>Les il\u00b7lustracions d&#8217;Oxenbury doten de major realitat al conte, ja que traslladen totalment al lector al camp angl\u00e8s que tan b\u00e9 descriu Potter, amb els seus prats de flors silvestres, les seves arbredes de bedolls i els seus horts.<br \/>I encara que el final del conte no \u00e9s tan dol\u00e7 com el que molts recordem, Oxenbury ens delecta amb una \u00faltima il\u00b7lustraci\u00f3 que deixa volar la imaginaci\u00f3 a aquells aprensius i llepafils que prefereixin un final alternatiu.<\/p>\n","protected":false},"excerpt":{"rendered":"Una nena, un llop, una caputxeta vermella. El conte tradicional explicat per dues magistrals escriptores i il\u00b7lustradores brit\u00e0niques: Beatrix Potter i Helen Oxenbury. Fa m\u00e9s d&#8217;un segle que Beatrix Potter va escriure aquesta adaptaci\u00f3 del cl\u00e0ssic conte de Charles Perrault, [&hellip;]","protected":false},"featured_media":32959,"template":"","meta":{"_acf_changed":false,"_exactmetrics_skip_tracking":false,"_exactmetrics_sitenote_active":false,"_exactmetrics_sitenote_note":"","_exactmetrics_sitenote_category":0},"product_brand":[],"product_cat":[900,1121,892,1115,1289,1290,1128],"product_tag":[],"coleccion":[917,915,953],"class_list":{"0":"post-32836","1":"product","2":"type-product","3":"status-publish","4":"has-post-thumbnail","6":"product_cat-a-partir-de-5-anos","7":"product_cat-albumes-ilustrados","8":"product_cat-edades","9":"product_cat-generos","10":"product_cat-leyendas-cuentos-tradicionales","11":"product_cat-lobo","12":"product_cat-tematica","13":"coleccion-albums-illustrats","14":"coleccion-catala","15":"coleccion-larca-dels-contes","17":"first","18":"instock","19":"taxable","20":"shipping-taxable","21":"purchasable","22":"product-type-simple"},"acf":{"indice":"","autor":"Potter, Beatrix","codart":"4605","ediciones":"1","encuadernacion":"Carton\u00e9","fecha_de_publicacion":"01\/10\/2019","novedad":"0","paginas":"48","subtitulo":"","texto_web_adicional":"","texto_web_novedad":"","orden":"999","portada":"0","texto_web_resaltado":"","descripcion_corta":"","recomendamos":"","mas_vendido":"","idioma-libro":"","color":false,"formato":"","mas_informacion_del_producto":false,"premios":false,"texto_enlace_cubierta":"","enlace_cubierta":{"ID":33088,"id":33088,"title":"BP-RedRidingHood-co-ed-CA.indd","filename":"LaCaputxetaVermella_Cover_300px_CAT-1.jpg","filesize":633298,"url":"https:\/\/www.editorialjuventud.es\/wp-content\/uploads\/LaCaputxetaVermella_Cover_300px_CAT-1.jpg","link":"https:\/\/www.editorialjuventud.es\/ca\/?attachment_id=33088","alt":"","author":"50","description":"","caption":"","name":"bp-redridinghood-co-ed-ca-indd-4","status":"inherit","uploaded_to":32836,"date":"2019-10-10 16:50:54","modified":"2019-10-10 16:50:54","menu_order":0,"mime_type":"image\/jpeg","type":"image","subtype":"jpeg","icon":"https:\/\/www.editorialjuventud.es\/wp-includes\/images\/media\/default.png","width":2346,"height":3095,"sizes":{"thumbnail":"https:\/\/www.editorialjuventud.es\/wp-content\/uploads\/LaCaputxetaVermella_Cover_300px_CAT-1-200x200.jpg","thumbnail-width":200,"thumbnail-height":200,"medium":"https:\/\/www.editorialjuventud.es\/wp-content\/uploads\/LaCaputxetaVermella_Cover_300px_CAT-1.jpg","medium-width":2346,"medium-height":3095,"medium_large":"https:\/\/www.editorialjuventud.es\/wp-content\/uploads\/LaCaputxetaVermella_Cover_300px_CAT-1-768x1013.jpg","medium_large-width":768,"medium_large-height":1013,"large":"https:\/\/www.editorialjuventud.es\/wp-content\/uploads\/LaCaputxetaVermella_Cover_300px_CAT-1.jpg","large-width":2346,"large-height":3095,"1536x1536":"https:\/\/www.editorialjuventud.es\/wp-content\/uploads\/LaCaputxetaVermella_Cover_300px_CAT-1.jpg","1536x1536-width":1164,"1536x1536-height":1536,"2048x2048":"https:\/\/www.editorialjuventud.es\/wp-content\/uploads\/LaCaputxetaVermella_Cover_300px_CAT-1.jpg","2048x2048-width":1552,"2048x2048-height":2048,"woocommerce_thumbnail":"https:\/\/www.editorialjuventud.es\/wp-content\/uploads\/LaCaputxetaVermella_Cover_300px_CAT-1-350x462.jpg","woocommerce_thumbnail-width":350,"woocommerce_thumbnail-height":462,"woocommerce_single":"https:\/\/www.editorialjuventud.es\/wp-content\/uploads\/LaCaputxetaVermella_Cover_300px_CAT-1-900x1187.jpg","woocommerce_single-width":900,"woocommerce_single-height":1187,"woocommerce_gallery_thumbnail":"https:\/\/www.editorialjuventud.es\/wp-content\/uploads\/LaCaputxetaVermella_Cover_300px_CAT-1-100x100.jpg","woocommerce_gallery_thumbnail-width":100,"woocommerce_gallery_thumbnail-height":100,"ppec_logo_image_size":"https:\/\/www.editorialjuventud.es\/wp-content\/uploads\/LaCaputxetaVermella_Cover_300px_CAT-1.jpg","ppec_logo_image_size-width":45,"ppec_logo_image_size-height":60,"ppec_header_image_size":"https:\/\/www.editorialjuventud.es\/wp-content\/uploads\/LaCaputxetaVermella_Cover_300px_CAT-1.jpg","ppec_header_image_size-width":68,"ppec_header_image_size-height":90}},"texto_enlace_ficha_tecnica":"","enlace_ficha_tecnica":{"ID":32969,"id":32969,"title":"Caputxeta_Fitxa_CAT_V2","filename":"Caputxeta_Fitxa_CAT_V2.pdf","filesize":749908,"url":"https:\/\/www.editorialjuventud.es\/wp-content\/uploads\/Caputxeta_Fitxa_CAT_V2.pdf","link":"https:\/\/www.editorialjuventud.es\/ca\/?attachment_id=32969","alt":"","author":"50","description":"","caption":"","name":"caputxeta_fitxa_cat_v2","status":"inherit","uploaded_to":32836,"date":"2019-10-09 10:10:54","modified":"2019-10-09 10:10:54","menu_order":0,"mime_type":"application\/pdf","type":"application","subtype":"pdf","icon":"https:\/\/www.editorialjuventud.es\/wp-includes\/images\/media\/document.png"},"ficheros":false,"titulo-fr":"","texto-fr":"","autores-libros":[33000],"ilustradores-libros":[16533],"traductores-libros":[17928]},"yoast_head":"<!-- This site is optimized with the Yoast SEO plugin v27.5 - https:\/\/yoast.com\/product\/yoast-seo-wordpress\/ -->\n<title>La Caputxeta Vermella - Editorial Juventud<\/title>\n<meta name=\"description\" content=\"Una nena, un llop, una caputxeta vermella. El conte tradicional explicat per dues magistrals escriptores i il\u00b7lustradores brit\u00e0niques: Beatrix Potter i\" \/>\n<meta name=\"robots\" content=\"index, follow, max-snippet:-1, max-image-preview:large, max-video-preview:-1\" \/>\n<link rel=\"canonical\" href=\"https:\/\/www.editorialjuventud.es\/la-caputxeta-vermella-9788426146052\/\" \/>\n<meta property=\"og:locale\" content=\"ca_ES\" \/>\n<meta property=\"og:type\" content=\"article\" \/>\n<meta property=\"og:title\" content=\"La Caputxeta Vermella - Editorial Juventud\" \/>\n<meta property=\"og:description\" content=\"Una nena, un llop, una caputxeta vermella. El conte tradicional explicat per dues magistrals escriptores i il\u00b7lustradores brit\u00e0niques: Beatrix Potter i\" \/>\n<meta property=\"og:url\" content=\"https:\/\/www.editorialjuventud.es\/la-caputxeta-vermella-9788426146052\/\" \/>\n<meta property=\"og:site_name\" content=\"Editorial Juventud\" \/>\n<meta property=\"article:modified_time\" content=\"2025-01-30T08:15:14+00:00\" \/>\n<meta property=\"og:image\" content=\"https:\/\/www.editorialjuventud.es\/wp-content\/uploads\/LaCaputxetaVermella_Cover_72px_CAT.jpg\" \/>\n\t<meta property=\"og:image:width\" content=\"563\" \/>\n\t<meta property=\"og:image:height\" content=\"743\" \/>\n\t<meta property=\"og:image:type\" content=\"image\/jpeg\" \/>\n<meta name=\"twitter:card\" content=\"summary_large_image\" \/>\n<meta name=\"twitter:label1\" content=\"Temps estimat de lectura\" \/>\n\t<meta name=\"twitter:data1\" content=\"1 minut\" \/>\n<script type=\"application\/ld+json\" class=\"yoast-schema-graph\">{\"@context\":\"https:\\\/\\\/schema.org\",\"@graph\":[{\"@type\":\"WebPage\",\"@id\":\"https:\\\/\\\/www.editorialjuventud.es\\\/la-caputxeta-vermella-9788426146052\\\/\",\"url\":\"https:\\\/\\\/www.editorialjuventud.es\\\/la-caputxeta-vermella-9788426146052\\\/\",\"name\":\"La Caputxeta Vermella - Editorial Juventud\",\"isPartOf\":{\"@id\":\"https:\\\/\\\/www.editorialjuventud.es\\\/#website\"},\"primaryImageOfPage\":{\"@id\":\"https:\\\/\\\/www.editorialjuventud.es\\\/la-caputxeta-vermella-9788426146052\\\/#primaryimage\"},\"image\":{\"@id\":\"https:\\\/\\\/www.editorialjuventud.es\\\/la-caputxeta-vermella-9788426146052\\\/#primaryimage\"},\"thumbnailUrl\":\"https:\\\/\\\/www.editorialjuventud.es\\\/wp-content\\\/uploads\\\/LaCaputxetaVermella_Cover_72px_CAT.jpg\",\"datePublished\":\"2019-10-07T07:35:52+00:00\",\"dateModified\":\"2025-01-30T08:15:14+00:00\",\"description\":\"Una nena, un llop, una caputxeta vermella. El conte tradicional explicat per dues magistrals escriptores i il\u00b7lustradores brit\u00e0niques: Beatrix Potter i\",\"breadcrumb\":{\"@id\":\"https:\\\/\\\/www.editorialjuventud.es\\\/la-caputxeta-vermella-9788426146052\\\/#breadcrumb\"},\"inLanguage\":\"ca\",\"potentialAction\":[{\"@type\":\"ReadAction\",\"target\":[\"https:\\\/\\\/www.editorialjuventud.es\\\/la-caputxeta-vermella-9788426146052\\\/\"]}]},{\"@type\":\"ImageObject\",\"inLanguage\":\"ca\",\"@id\":\"https:\\\/\\\/www.editorialjuventud.es\\\/la-caputxeta-vermella-9788426146052\\\/#primaryimage\",\"url\":\"https:\\\/\\\/www.editorialjuventud.es\\\/wp-content\\\/uploads\\\/LaCaputxetaVermella_Cover_72px_CAT.jpg\",\"contentUrl\":\"https:\\\/\\\/www.editorialjuventud.es\\\/wp-content\\\/uploads\\\/LaCaputxetaVermella_Cover_72px_CAT.jpg\",\"width\":563,\"height\":743},{\"@type\":\"BreadcrumbList\",\"@id\":\"https:\\\/\\\/www.editorialjuventud.es\\\/la-caputxeta-vermella-9788426146052\\\/#breadcrumb\",\"itemListElement\":[{\"@type\":\"ListItem\",\"position\":1,\"name\":\"Portada\",\"item\":\"https:\\\/\\\/www.editorialjuventud.es\\\/\"},{\"@type\":\"ListItem\",\"position\":2,\"name\":\"cat\u00e1logo\",\"item\":\"https:\\\/\\\/www.editorialjuventud.es\\\/coleccion\\\/catalogo\\\/\"},{\"@type\":\"ListItem\",\"position\":3,\"name\":\"catal\u00e0\",\"item\":\"https:\\\/\\\/www.editorialjuventud.es\\\/coleccion\\\/catala\\\/\"},{\"@type\":\"ListItem\",\"position\":4,\"name\":\"\u00c0lbums Il\u00b7lustrats\",\"item\":\"https:\\\/\\\/www.editorialjuventud.es\\\/coleccion\\\/albums-il%c2%b7lustrats\\\/\"},{\"@type\":\"ListItem\",\"position\":5,\"name\":\"L'Arca dels Contes\",\"item\":\"https:\\\/\\\/www.editorialjuventud.es\\\/coleccion\\\/larca-dels-contes\\\/\"},{\"@type\":\"ListItem\",\"position\":6,\"name\":\"La Caputxeta Vermella\"}]},{\"@type\":\"WebSite\",\"@id\":\"https:\\\/\\\/www.editorialjuventud.es\\\/#website\",\"url\":\"https:\\\/\\\/www.editorialjuventud.es\\\/\",\"name\":\"Editorial Juventud\",\"description\":\"\",\"potentialAction\":[{\"@type\":\"SearchAction\",\"target\":{\"@type\":\"EntryPoint\",\"urlTemplate\":\"https:\\\/\\\/www.editorialjuventud.es\\\/?s={search_term_string}\"},\"query-input\":{\"@type\":\"PropertyValueSpecification\",\"valueRequired\":true,\"valueName\":\"search_term_string\"}}],\"inLanguage\":\"ca\"}]}<\/script>\n<!-- \/ Yoast SEO plugin. -->","yoast_head_json":{"title":"La Caputxeta Vermella - Editorial Juventud","description":"Una nena, un llop, una caputxeta vermella. El conte tradicional explicat per dues magistrals escriptores i il\u00b7lustradores brit\u00e0niques: Beatrix Potter i","robots":{"index":"index","follow":"follow","max-snippet":"max-snippet:-1","max-image-preview":"max-image-preview:large","max-video-preview":"max-video-preview:-1"},"canonical":"https:\/\/www.editorialjuventud.es\/la-caputxeta-vermella-9788426146052\/","og_locale":"ca_ES","og_type":"article","og_title":"La Caputxeta Vermella - Editorial Juventud","og_description":"Una nena, un llop, una caputxeta vermella. El conte tradicional explicat per dues magistrals escriptores i il\u00b7lustradores brit\u00e0niques: Beatrix Potter i","og_url":"https:\/\/www.editorialjuventud.es\/la-caputxeta-vermella-9788426146052\/","og_site_name":"Editorial Juventud","article_modified_time":"2025-01-30T08:15:14+00:00","og_image":[{"width":563,"height":743,"url":"https:\/\/www.editorialjuventud.es\/wp-content\/uploads\/LaCaputxetaVermella_Cover_72px_CAT.jpg","type":"image\/jpeg"}],"twitter_card":"summary_large_image","twitter_misc":{"Temps estimat de lectura":"1 minut"},"schema":{"@context":"https:\/\/schema.org","@graph":[{"@type":"WebPage","@id":"https:\/\/www.editorialjuventud.es\/la-caputxeta-vermella-9788426146052\/","url":"https:\/\/www.editorialjuventud.es\/la-caputxeta-vermella-9788426146052\/","name":"La Caputxeta Vermella - Editorial Juventud","isPartOf":{"@id":"https:\/\/www.editorialjuventud.es\/#website"},"primaryImageOfPage":{"@id":"https:\/\/www.editorialjuventud.es\/la-caputxeta-vermella-9788426146052\/#primaryimage"},"image":{"@id":"https:\/\/www.editorialjuventud.es\/la-caputxeta-vermella-9788426146052\/#primaryimage"},"thumbnailUrl":"https:\/\/www.editorialjuventud.es\/wp-content\/uploads\/LaCaputxetaVermella_Cover_72px_CAT.jpg","datePublished":"2019-10-07T07:35:52+00:00","dateModified":"2025-01-30T08:15:14+00:00","description":"Una nena, un llop, una caputxeta vermella. El conte tradicional explicat per dues magistrals escriptores i il\u00b7lustradores brit\u00e0niques: Beatrix Potter i","breadcrumb":{"@id":"https:\/\/www.editorialjuventud.es\/la-caputxeta-vermella-9788426146052\/#breadcrumb"},"inLanguage":"ca","potentialAction":[{"@type":"ReadAction","target":["https:\/\/www.editorialjuventud.es\/la-caputxeta-vermella-9788426146052\/"]}]},{"@type":"ImageObject","inLanguage":"ca","@id":"https:\/\/www.editorialjuventud.es\/la-caputxeta-vermella-9788426146052\/#primaryimage","url":"https:\/\/www.editorialjuventud.es\/wp-content\/uploads\/LaCaputxetaVermella_Cover_72px_CAT.jpg","contentUrl":"https:\/\/www.editorialjuventud.es\/wp-content\/uploads\/LaCaputxetaVermella_Cover_72px_CAT.jpg","width":563,"height":743},{"@type":"BreadcrumbList","@id":"https:\/\/www.editorialjuventud.es\/la-caputxeta-vermella-9788426146052\/#breadcrumb","itemListElement":[{"@type":"ListItem","position":1,"name":"Portada","item":"https:\/\/www.editorialjuventud.es\/"},{"@type":"ListItem","position":2,"name":"cat\u00e1logo","item":"https:\/\/www.editorialjuventud.es\/coleccion\/catalogo\/"},{"@type":"ListItem","position":3,"name":"catal\u00e0","item":"https:\/\/www.editorialjuventud.es\/coleccion\/catala\/"},{"@type":"ListItem","position":4,"name":"\u00c0lbums Il\u00b7lustrats","item":"https:\/\/www.editorialjuventud.es\/coleccion\/albums-il%c2%b7lustrats\/"},{"@type":"ListItem","position":5,"name":"L'Arca dels Contes","item":"https:\/\/www.editorialjuventud.es\/coleccion\/larca-dels-contes\/"},{"@type":"ListItem","position":6,"name":"La Caputxeta Vermella"}]},{"@type":"WebSite","@id":"https:\/\/www.editorialjuventud.es\/#website","url":"https:\/\/www.editorialjuventud.es\/","name":"Editorial Juventud","description":"","potentialAction":[{"@type":"SearchAction","target":{"@type":"EntryPoint","urlTemplate":"https:\/\/www.editorialjuventud.es\/?s={search_term_string}"},"query-input":{"@type":"PropertyValueSpecification","valueRequired":true,"valueName":"search_term_string"}}],"inLanguage":"ca"}]}},"_links":{"self":[{"href":"https:\/\/www.editorialjuventud.es\/ca\/wp-json\/wp\/v2\/product\/32836","targetHints":{"allow":["GET"]}}],"collection":[{"href":"https:\/\/www.editorialjuventud.es\/ca\/wp-json\/wp\/v2\/product"}],"about":[{"href":"https:\/\/www.editorialjuventud.es\/ca\/wp-json\/wp\/v2\/types\/product"}],"wp:featuredmedia":[{"embeddable":true,"href":"https:\/\/www.editorialjuventud.es\/ca\/wp-json\/wp\/v2\/media\/32959"}],"wp:attachment":[{"href":"https:\/\/www.editorialjuventud.es\/ca\/wp-json\/wp\/v2\/media?parent=32836"}],"wp:term":[{"taxonomy":"product_brand","embeddable":true,"href":"https:\/\/www.editorialjuventud.es\/ca\/wp-json\/wp\/v2\/product_brand?post=32836"},{"taxonomy":"product_cat","embeddable":true,"href":"https:\/\/www.editorialjuventud.es\/ca\/wp-json\/wp\/v2\/product_cat?post=32836"},{"taxonomy":"product_tag","embeddable":true,"href":"https:\/\/www.editorialjuventud.es\/ca\/wp-json\/wp\/v2\/product_tag?post=32836"},{"taxonomy":"coleccion","embeddable":true,"href":"https:\/\/www.editorialjuventud.es\/ca\/wp-json\/wp\/v2\/coleccion?post=32836"}],"curies":[{"name":"wp","href":"https:\/\/api.w.org\/{rel}","templated":true}]}}