{"id":32833,"date":"2019-10-07T09:35:05","date_gmt":"2019-10-07T07:35:05","guid":{"rendered":"https:\/\/www.editorialjuventud.es\/caperucita-roja-9788426146045\/"},"modified":"2025-01-30T09:15:08","modified_gmt":"2025-01-30T08:15:08","slug":"caperucita-roja-9788426146045","status":"publish","type":"product","link":"https:\/\/www.editorialjuventud.es\/ca\/caperucita-roja-9788426146045\/","title":{"rendered":"Caperucita Roja"},"content":{"rendered":"<p>Una ni\u00f1a, un lobo, una caperucita roja. El cuento tradicional contado por dos magistrales escritoras e ilustradoras brit\u00e1nicas: Beatrix Potter y Helen Oxenbury.<\/p>\n<p>Hace m\u00e1s de un siglo que Beatrix Potter escribi\u00f3 esta adaptaci\u00f3n del cl\u00e1sico cuento de Charles Perrault, pero hemos tenido que esperar hasta ahora para verlo por primera vez ilustrada. Potter ensalza la cruda y maravillosa maldad del cuento de Perrault poniendo en primer plano al lobo, ese personaje vil y ruin pero que gracias al talento de Potter rebosa tanto humor como maldad.<\/p>\n<p>Las ilustraciones de Oxenbury dotan de mayor realidad al cuento, ya que trasladan totalmente al lector a la campi\u00f1a inglesa que tan bien describe Potter, con sus prados de flores silvestres, sus arboledas de abedules y sus huertos. <br \/>Y aunque el final del cuento no es tan dulce como el que muchos recordamos, Oxenbury nos deleita con una \u00faltima ilustraci\u00f3n que deja volar la imaginaci\u00f3n a aquellos aprensivos y los remilgados que gusten de un final alternativo.<\/p>\n","protected":false},"excerpt":{"rendered":"Una ni\u00f1a, un lobo, una caperucita roja. El cuento tradicional contado por dos magistrales escritoras e ilustradoras brit\u00e1nicas: Beatrix Potter y Helen Oxenbury. Hace m\u00e1s de un siglo que Beatrix Potter escribi\u00f3 esta adaptaci\u00f3n del cl\u00e1sico cuento de Charles Perrault, [&hellip;]","protected":false},"featured_media":32834,"template":"","meta":{"_acf_changed":false,"_exactmetrics_skip_tracking":false,"_exactmetrics_sitenote_active":false,"_exactmetrics_sitenote_note":"","_exactmetrics_sitenote_category":0},"product_brand":[],"product_cat":[900,1121,892,1115,1289,1290,1128],"product_tag":[],"coleccion":[916,992],"class_list":{"0":"post-32833","1":"product","2":"type-product","3":"status-publish","4":"has-post-thumbnail","6":"product_cat-a-partir-de-5-anos","7":"product_cat-albumes-ilustrados","8":"product_cat-edades","9":"product_cat-generos","10":"product_cat-leyendas-cuentos-tradicionales","11":"product_cat-lobo","12":"product_cat-tematica","13":"coleccion-castellano","14":"coleccion-el-arca-de-los-cuentos","16":"first","17":"instock","18":"taxable","19":"shipping-taxable","20":"purchasable","21":"product-type-simple"},"acf":{"indice":"","autor":"Potter, Beatrix","codart":"4604","ediciones":"1","encuadernacion":"Carton\u00e9","fecha_de_publicacion":"01\/10\/2019","novedad":"0","paginas":"48","subtitulo":"","texto_web_adicional":"","texto_web_novedad":"","orden":"999","portada":"0","texto_web_resaltado":"","descripcion_corta":"Una ni\u00f1a, un lobo, una caperucita roja.","recomendamos":"","mas_vendido":"","idioma-libro":"","color":false,"formato":"","mas_informacion_del_producto":false,"premios":false,"texto_enlace_cubierta":"","enlace_cubierta":{"ID":33081,"id":33081,"title":"BP-RedRidingHood-co-ed-ES.indd","filename":"CaperucitaRoja_Cover_300px_CAST-1.jpg","filesize":623459,"url":"https:\/\/www.editorialjuventud.es\/wp-content\/uploads\/CaperucitaRoja_Cover_300px_CAST-1.jpg","link":"https:\/\/www.editorialjuventud.es\/ca\/?attachment_id=33081","alt":"","author":"50","description":"","caption":"","name":"bp-redridinghood-co-ed-es-indd-3","status":"inherit","uploaded_to":32833,"date":"2019-10-10 16:16:37","modified":"2019-10-10 16:16:37","menu_order":0,"mime_type":"image\/jpeg","type":"image","subtype":"jpeg","icon":"https:\/\/www.editorialjuventud.es\/wp-includes\/images\/media\/default.png","width":2347,"height":3094,"sizes":{"thumbnail":"https:\/\/www.editorialjuventud.es\/wp-content\/uploads\/CaperucitaRoja_Cover_300px_CAST-1-200x200.jpg","thumbnail-width":200,"thumbnail-height":200,"medium":"https:\/\/www.editorialjuventud.es\/wp-content\/uploads\/CaperucitaRoja_Cover_300px_CAST-1.jpg","medium-width":2347,"medium-height":3094,"medium_large":"https:\/\/www.editorialjuventud.es\/wp-content\/uploads\/CaperucitaRoja_Cover_300px_CAST-1-768x1012.jpg","medium_large-width":768,"medium_large-height":1012,"large":"https:\/\/www.editorialjuventud.es\/wp-content\/uploads\/CaperucitaRoja_Cover_300px_CAST-1.jpg","large-width":2347,"large-height":3094,"1536x1536":"https:\/\/www.editorialjuventud.es\/wp-content\/uploads\/CaperucitaRoja_Cover_300px_CAST-1.jpg","1536x1536-width":1165,"1536x1536-height":1536,"2048x2048":"https:\/\/www.editorialjuventud.es\/wp-content\/uploads\/CaperucitaRoja_Cover_300px_CAST-1.jpg","2048x2048-width":1554,"2048x2048-height":2048,"woocommerce_thumbnail":"https:\/\/www.editorialjuventud.es\/wp-content\/uploads\/CaperucitaRoja_Cover_300px_CAST-1-350x461.jpg","woocommerce_thumbnail-width":350,"woocommerce_thumbnail-height":461,"woocommerce_single":"https:\/\/www.editorialjuventud.es\/wp-content\/uploads\/CaperucitaRoja_Cover_300px_CAST-1-900x1186.jpg","woocommerce_single-width":900,"woocommerce_single-height":1186,"woocommerce_gallery_thumbnail":"https:\/\/www.editorialjuventud.es\/wp-content\/uploads\/CaperucitaRoja_Cover_300px_CAST-1-100x100.jpg","woocommerce_gallery_thumbnail-width":100,"woocommerce_gallery_thumbnail-height":100,"ppec_logo_image_size":"https:\/\/www.editorialjuventud.es\/wp-content\/uploads\/CaperucitaRoja_Cover_300px_CAST-1.jpg","ppec_logo_image_size-width":46,"ppec_logo_image_size-height":60,"ppec_header_image_size":"https:\/\/www.editorialjuventud.es\/wp-content\/uploads\/CaperucitaRoja_Cover_300px_CAST-1.jpg","ppec_header_image_size-width":68,"ppec_header_image_size-height":90}},"texto_enlace_ficha_tecnica":"","enlace_ficha_tecnica":{"ID":32957,"id":32957,"title":"Caperucita_Fitxa_CAST_V1","filename":"Caperucita_Fitxa_CAST_V1.pdf","filesize":770891,"url":"https:\/\/www.editorialjuventud.es\/wp-content\/uploads\/Caperucita_Fitxa_CAST_V1.pdf","link":"https:\/\/www.editorialjuventud.es\/ca\/?attachment_id=32957","alt":"","author":"50","description":"","caption":"","name":"caperucita_fitxa_cast_v1","status":"inherit","uploaded_to":32833,"date":"2019-10-09 10:07:13","modified":"2019-10-09 10:07:13","menu_order":0,"mime_type":"application\/pdf","type":"application","subtype":"pdf","icon":"https:\/\/www.editorialjuventud.es\/wp-includes\/images\/media\/document.png"},"ficheros":false,"titulo-fr":"","texto-fr":"","autores-libros":[33000],"ilustradores-libros":[16533],"traductores-libros":[17933],"fecha_de_reimpresion":""},"yoast_head":"<!-- This site is optimized with the Yoast SEO plugin v27.5 - https:\/\/yoast.com\/product\/yoast-seo-wordpress\/ -->\n<title>Caperucita Roja - Editorial Juventud<\/title>\n<meta name=\"description\" content=\"Una ni\u00f1a, un lobo, una caperucita roja. El cuento tradicional contado por dos magistrales escritoras e ilustradoras brit\u00e1nicas: Beatrix Potter y Helen\" \/>\n<meta name=\"robots\" content=\"index, follow, max-snippet:-1, max-image-preview:large, max-video-preview:-1\" \/>\n<link rel=\"canonical\" href=\"https:\/\/www.editorialjuventud.es\/caperucita-roja-9788426146045\/\" \/>\n<meta property=\"og:locale\" content=\"ca_ES\" \/>\n<meta property=\"og:type\" content=\"article\" \/>\n<meta property=\"og:title\" content=\"Caperucita Roja - Editorial Juventud\" \/>\n<meta property=\"og:description\" content=\"Una ni\u00f1a, un lobo, una caperucita roja. El cuento tradicional contado por dos magistrales escritoras e ilustradoras brit\u00e1nicas: Beatrix Potter y Helen\" \/>\n<meta property=\"og:url\" content=\"https:\/\/www.editorialjuventud.es\/caperucita-roja-9788426146045\/\" \/>\n<meta property=\"og:site_name\" content=\"Editorial Juventud\" \/>\n<meta property=\"article:modified_time\" content=\"2025-01-30T08:15:08+00:00\" \/>\n<meta property=\"og:image\" content=\"https:\/\/www.editorialjuventud.es\/wp-content\/uploads\/9788426146045.jpg\" \/>\n\t<meta property=\"og:image:width\" content=\"563\" \/>\n\t<meta property=\"og:image:height\" content=\"743\" \/>\n\t<meta property=\"og:image:type\" content=\"image\/jpeg\" \/>\n<meta name=\"twitter:card\" content=\"summary_large_image\" \/>\n<meta name=\"twitter:label1\" content=\"Temps estimat de lectura\" \/>\n\t<meta name=\"twitter:data1\" content=\"1 minut\" \/>\n<script type=\"application\/ld+json\" class=\"yoast-schema-graph\">{\"@context\":\"https:\\\/\\\/schema.org\",\"@graph\":[{\"@type\":\"WebPage\",\"@id\":\"https:\\\/\\\/www.editorialjuventud.es\\\/caperucita-roja-9788426146045\\\/\",\"url\":\"https:\\\/\\\/www.editorialjuventud.es\\\/caperucita-roja-9788426146045\\\/\",\"name\":\"Caperucita Roja - Editorial Juventud\",\"isPartOf\":{\"@id\":\"https:\\\/\\\/www.editorialjuventud.es\\\/#website\"},\"primaryImageOfPage\":{\"@id\":\"https:\\\/\\\/www.editorialjuventud.es\\\/caperucita-roja-9788426146045\\\/#primaryimage\"},\"image\":{\"@id\":\"https:\\\/\\\/www.editorialjuventud.es\\\/caperucita-roja-9788426146045\\\/#primaryimage\"},\"thumbnailUrl\":\"https:\\\/\\\/www.editorialjuventud.es\\\/wp-content\\\/uploads\\\/9788426146045.jpg\",\"datePublished\":\"2019-10-07T07:35:05+00:00\",\"dateModified\":\"2025-01-30T08:15:08+00:00\",\"description\":\"Una ni\u00f1a, un lobo, una caperucita roja. El cuento tradicional contado por dos magistrales escritoras e ilustradoras brit\u00e1nicas: Beatrix Potter y Helen\",\"breadcrumb\":{\"@id\":\"https:\\\/\\\/www.editorialjuventud.es\\\/caperucita-roja-9788426146045\\\/#breadcrumb\"},\"inLanguage\":\"ca\",\"potentialAction\":[{\"@type\":\"ReadAction\",\"target\":[\"https:\\\/\\\/www.editorialjuventud.es\\\/caperucita-roja-9788426146045\\\/\"]}]},{\"@type\":\"ImageObject\",\"inLanguage\":\"ca\",\"@id\":\"https:\\\/\\\/www.editorialjuventud.es\\\/caperucita-roja-9788426146045\\\/#primaryimage\",\"url\":\"https:\\\/\\\/www.editorialjuventud.es\\\/wp-content\\\/uploads\\\/9788426146045.jpg\",\"contentUrl\":\"https:\\\/\\\/www.editorialjuventud.es\\\/wp-content\\\/uploads\\\/9788426146045.jpg\",\"width\":563,\"height\":743,\"caption\":\"9788426146045.jpg\"},{\"@type\":\"BreadcrumbList\",\"@id\":\"https:\\\/\\\/www.editorialjuventud.es\\\/caperucita-roja-9788426146045\\\/#breadcrumb\",\"itemListElement\":[{\"@type\":\"ListItem\",\"position\":1,\"name\":\"Portada\",\"item\":\"https:\\\/\\\/www.editorialjuventud.es\\\/\"},{\"@type\":\"ListItem\",\"position\":2,\"name\":\"cat\u00e1logo\",\"item\":\"https:\\\/\\\/www.editorialjuventud.es\\\/coleccion\\\/catalogo\\\/\"},{\"@type\":\"ListItem\",\"position\":3,\"name\":\"castellano\",\"item\":\"https:\\\/\\\/www.editorialjuventud.es\\\/coleccion\\\/castellano\\\/\"},{\"@type\":\"ListItem\",\"position\":4,\"name\":\"\u00c1lbumes Ilustrados\",\"item\":\"https:\\\/\\\/www.editorialjuventud.es\\\/coleccion\\\/albumes-ilustrados\\\/\"},{\"@type\":\"ListItem\",\"position\":5,\"name\":\"El Arca de los Cuentos\",\"item\":\"https:\\\/\\\/www.editorialjuventud.es\\\/coleccion\\\/el-arca-de-los-cuentos\\\/\"},{\"@type\":\"ListItem\",\"position\":6,\"name\":\"Caperucita Roja\"}]},{\"@type\":\"WebSite\",\"@id\":\"https:\\\/\\\/www.editorialjuventud.es\\\/#website\",\"url\":\"https:\\\/\\\/www.editorialjuventud.es\\\/\",\"name\":\"Editorial Juventud\",\"description\":\"\",\"potentialAction\":[{\"@type\":\"SearchAction\",\"target\":{\"@type\":\"EntryPoint\",\"urlTemplate\":\"https:\\\/\\\/www.editorialjuventud.es\\\/?s={search_term_string}\"},\"query-input\":{\"@type\":\"PropertyValueSpecification\",\"valueRequired\":true,\"valueName\":\"search_term_string\"}}],\"inLanguage\":\"ca\"}]}<\/script>\n<!-- \/ Yoast SEO plugin. -->","yoast_head_json":{"title":"Caperucita Roja - Editorial Juventud","description":"Una ni\u00f1a, un lobo, una caperucita roja. El cuento tradicional contado por dos magistrales escritoras e ilustradoras brit\u00e1nicas: Beatrix Potter y Helen","robots":{"index":"index","follow":"follow","max-snippet":"max-snippet:-1","max-image-preview":"max-image-preview:large","max-video-preview":"max-video-preview:-1"},"canonical":"https:\/\/www.editorialjuventud.es\/caperucita-roja-9788426146045\/","og_locale":"ca_ES","og_type":"article","og_title":"Caperucita Roja - Editorial Juventud","og_description":"Una ni\u00f1a, un lobo, una caperucita roja. El cuento tradicional contado por dos magistrales escritoras e ilustradoras brit\u00e1nicas: Beatrix Potter y Helen","og_url":"https:\/\/www.editorialjuventud.es\/caperucita-roja-9788426146045\/","og_site_name":"Editorial Juventud","article_modified_time":"2025-01-30T08:15:08+00:00","og_image":[{"width":563,"height":743,"url":"https:\/\/www.editorialjuventud.es\/wp-content\/uploads\/9788426146045.jpg","type":"image\/jpeg"}],"twitter_card":"summary_large_image","twitter_misc":{"Temps estimat de lectura":"1 minut"},"schema":{"@context":"https:\/\/schema.org","@graph":[{"@type":"WebPage","@id":"https:\/\/www.editorialjuventud.es\/caperucita-roja-9788426146045\/","url":"https:\/\/www.editorialjuventud.es\/caperucita-roja-9788426146045\/","name":"Caperucita Roja - Editorial Juventud","isPartOf":{"@id":"https:\/\/www.editorialjuventud.es\/#website"},"primaryImageOfPage":{"@id":"https:\/\/www.editorialjuventud.es\/caperucita-roja-9788426146045\/#primaryimage"},"image":{"@id":"https:\/\/www.editorialjuventud.es\/caperucita-roja-9788426146045\/#primaryimage"},"thumbnailUrl":"https:\/\/www.editorialjuventud.es\/wp-content\/uploads\/9788426146045.jpg","datePublished":"2019-10-07T07:35:05+00:00","dateModified":"2025-01-30T08:15:08+00:00","description":"Una ni\u00f1a, un lobo, una caperucita roja. El cuento tradicional contado por dos magistrales escritoras e ilustradoras brit\u00e1nicas: Beatrix Potter y Helen","breadcrumb":{"@id":"https:\/\/www.editorialjuventud.es\/caperucita-roja-9788426146045\/#breadcrumb"},"inLanguage":"ca","potentialAction":[{"@type":"ReadAction","target":["https:\/\/www.editorialjuventud.es\/caperucita-roja-9788426146045\/"]}]},{"@type":"ImageObject","inLanguage":"ca","@id":"https:\/\/www.editorialjuventud.es\/caperucita-roja-9788426146045\/#primaryimage","url":"https:\/\/www.editorialjuventud.es\/wp-content\/uploads\/9788426146045.jpg","contentUrl":"https:\/\/www.editorialjuventud.es\/wp-content\/uploads\/9788426146045.jpg","width":563,"height":743,"caption":"9788426146045.jpg"},{"@type":"BreadcrumbList","@id":"https:\/\/www.editorialjuventud.es\/caperucita-roja-9788426146045\/#breadcrumb","itemListElement":[{"@type":"ListItem","position":1,"name":"Portada","item":"https:\/\/www.editorialjuventud.es\/"},{"@type":"ListItem","position":2,"name":"cat\u00e1logo","item":"https:\/\/www.editorialjuventud.es\/coleccion\/catalogo\/"},{"@type":"ListItem","position":3,"name":"castellano","item":"https:\/\/www.editorialjuventud.es\/coleccion\/castellano\/"},{"@type":"ListItem","position":4,"name":"\u00c1lbumes Ilustrados","item":"https:\/\/www.editorialjuventud.es\/coleccion\/albumes-ilustrados\/"},{"@type":"ListItem","position":5,"name":"El Arca de los Cuentos","item":"https:\/\/www.editorialjuventud.es\/coleccion\/el-arca-de-los-cuentos\/"},{"@type":"ListItem","position":6,"name":"Caperucita Roja"}]},{"@type":"WebSite","@id":"https:\/\/www.editorialjuventud.es\/#website","url":"https:\/\/www.editorialjuventud.es\/","name":"Editorial Juventud","description":"","potentialAction":[{"@type":"SearchAction","target":{"@type":"EntryPoint","urlTemplate":"https:\/\/www.editorialjuventud.es\/?s={search_term_string}"},"query-input":{"@type":"PropertyValueSpecification","valueRequired":true,"valueName":"search_term_string"}}],"inLanguage":"ca"}]}},"_links":{"self":[{"href":"https:\/\/www.editorialjuventud.es\/ca\/wp-json\/wp\/v2\/product\/32833","targetHints":{"allow":["GET"]}}],"collection":[{"href":"https:\/\/www.editorialjuventud.es\/ca\/wp-json\/wp\/v2\/product"}],"about":[{"href":"https:\/\/www.editorialjuventud.es\/ca\/wp-json\/wp\/v2\/types\/product"}],"wp:featuredmedia":[{"embeddable":true,"href":"https:\/\/www.editorialjuventud.es\/ca\/wp-json\/wp\/v2\/media\/32834"}],"wp:attachment":[{"href":"https:\/\/www.editorialjuventud.es\/ca\/wp-json\/wp\/v2\/media?parent=32833"}],"wp:term":[{"taxonomy":"product_brand","embeddable":true,"href":"https:\/\/www.editorialjuventud.es\/ca\/wp-json\/wp\/v2\/product_brand?post=32833"},{"taxonomy":"product_cat","embeddable":true,"href":"https:\/\/www.editorialjuventud.es\/ca\/wp-json\/wp\/v2\/product_cat?post=32833"},{"taxonomy":"product_tag","embeddable":true,"href":"https:\/\/www.editorialjuventud.es\/ca\/wp-json\/wp\/v2\/product_tag?post=32833"},{"taxonomy":"coleccion","embeddable":true,"href":"https:\/\/www.editorialjuventud.es\/ca\/wp-json\/wp\/v2\/coleccion?post=32833"}],"curies":[{"name":"wp","href":"https:\/\/api.w.org\/{rel}","templated":true}]}}