{"id":32830,"date":"2019-10-07T11:34:20","date_gmt":"2019-10-07T07:34:20","guid":{"rendered":"https:\/\/www.editorialjuventud.es\/rescat-planeta-9788426145703\/"},"modified":"2023-02-01T13:09:36","modified_gmt":"2023-02-01T12:09:36","slug":"rescat-planeta-9788426145703","status":"publish","type":"product","link":"https:\/\/www.editorialjuventud.es\/ca\/rescat-planeta-9788426145703\/","title":{"rendered":"Rescat planeta"},"content":{"rendered":"<p>Residus pl\u00e0stics? Contaminaci\u00f3? Estalvi d&#8217;energia? Com explicar-ho als nens i nenes? Aquest \u00e9s un llibre de petits gestos, divertits i pr\u00e0ctics, que ajudaran a fer que el nostre m\u00f3n sigui un lloc m\u00e9s verd. Gira les p\u00e0gines transparents per a veure els beneficis de cada gest.<\/p>\n<p>Als nens i nenes els encanta poder actuar per a protegir i salvar el planeta!<\/p>\n<p><em>Rescat Planeta<\/em> \u00e9s un llibre magn\u00edfic per a qualsevol mestre, pare o organitzaci\u00f3 mediambiental que vulgui ensenyar a les nenes i els nens a respectar el planeta i treballar conjuntament per a crear un m\u00f3n m\u00e9s verd d&#8217;una manera interactiva i divertida. Comen\u00e7a amb una senzilla pregunta: qu\u00e8 podem fer per a ajudar a salvar el planeta?, que respon en cada doble p\u00e0gina amb gestos que persegueixen aconseguir diferents objectius mediambientals, com mantenir l&#8217;aire net, l&#8217;aigua pura i abundant, les plantes i la vida silvestre pr\u00f2spera o la sostenibilitat i la minimitzaci\u00f3 de residus.<\/p>\n<p>\u00c9s un llibre ple d&#8217;il\u00b7lustracions clares i acolorides, amb infinitat de detalls divertits i una \u00e0mplia gamma de personatges.<\/p>\n<p>&nbsp;<\/p>\n<p>Aquest llibre ha estat publicat amb el suport de<\/p>\n<p><img decoding=\"async\" src=\"http:\/\/www.editorialjuventud.es\/wp-content\/uploads\/0.png\" \/><\/p>\n<p>&nbsp;<\/p>\n","protected":false},"excerpt":{"rendered":"Residus pl\u00e0stics? Contaminaci\u00f3? Estalvi d&#8217;energia? Com explicar-ho als nens i nenes? Aquest \u00e9s un llibre de petits gestos, divertits i pr\u00e0ctics, que ajudaran a fer que el nostre m\u00f3n sigui un lloc m\u00e9s verd. Gira les p\u00e0gines transparents per a [&hellip;]","protected":false},"featured_media":32831,"template":"","meta":{"_acf_changed":false,"_exactmetrics_skip_tracking":false,"_exactmetrics_sitenote_active":false,"_exactmetrics_sitenote_note":"","_exactmetrics_sitenote_category":0},"product_brand":[],"product_cat":[899,1121,1138,1328,1148,1156,1167,892,1115,1181,1218,1128],"product_tag":[],"coleccion":[915,962,920],"class_list":{"0":"post-32830","1":"product","2":"type-product","3":"status-publish","4":"has-post-thumbnail","6":"product_cat-a-partir-de-3-anos","7":"product_cat-albumes-ilustrados","8":"product_cat-animales","9":"product_cat-cambio-climatico","10":"product_cat-ciclo-del-agua","11":"product_cat-cooperacion","12":"product_cat-ecologia-medio-ambiente","13":"product_cat-edades","14":"product_cat-generos","15":"product_cat-habitos","16":"product_cat-reciclaje","17":"product_cat-tematica","18":"coleccion-catala","19":"coleccion-els-meus-primers-conceptes","20":"coleccion-els-meus-primers-llibres","22":"first","23":"instock","24":"taxable","25":"shipping-taxable","26":"purchasable","27":"product-type-simple"},"acf":{"indice":"","autor":"PATRICKGEORGE","codart":"4570","ediciones":"1","encuadernacion":"Carton\u00e9","fecha_de_publicacion":"01\/10\/2019","novedad":"0","paginas":"32","subtitulo":"","texto_web_adicional":"","autores-libros":[17699],"ilustradores-libros":[17699],"texto_web_novedad":"","orden":"999","portada":"0","texto_web_resaltado":"","traductores-libros":[58416],"descripcion_corta":"Residus pl\u00e0stics? Contaminaci\u00f3? Estalvi d'energia?","recomendamos":"","mas_vendido":"","idioma-libro":"","color":false,"formato":"","mas_informacion_del_producto":false,"premios":[{"premio":"Nominat al CILIP Kate Greenaway Medal","anyo_del_premio":"2016","pais_del_premio":"Regne Unit"},{"premio":"Junior Design Award","anyo_del_premio":"2016","pais_del_premio":"Regne Unit"}],"texto_enlace_cubierta":"","enlace_cubierta":{"ID":33097,"id":33097,"title":"Exterior Planet Rescue v4.indd","filename":"RescatPlaneta_Cover_300px_CAT-1.jpg","filesize":323317,"url":"https:\/\/www.editorialjuventud.es\/wp-content\/uploads\/RescatPlaneta_Cover_300px_CAT-1.jpg","link":"https:\/\/www.editorialjuventud.es\/ca\/?attachment_id=33097","alt":"","author":"50","description":"","caption":"","name":"exterior-planet-rescue-v4-indd-6","status":"inherit","uploaded_to":32830,"date":"2019-10-10 17:13:28","modified":"2019-10-10 17:13:28","menu_order":0,"mime_type":"image\/jpeg","type":"image","subtype":"jpeg","icon":"https:\/\/www.editorialjuventud.es\/wp-includes\/images\/media\/default.png","width":2524,"height":2443,"sizes":{"thumbnail":"https:\/\/www.editorialjuventud.es\/wp-content\/uploads\/RescatPlaneta_Cover_300px_CAT-1-200x200.jpg","thumbnail-width":200,"thumbnail-height":200,"medium":"https:\/\/www.editorialjuventud.es\/wp-content\/uploads\/RescatPlaneta_Cover_300px_CAT-1.jpg","medium-width":2524,"medium-height":2443,"medium_large":"https:\/\/www.editorialjuventud.es\/wp-content\/uploads\/RescatPlaneta_Cover_300px_CAT-1-768x743.jpg","medium_large-width":768,"medium_large-height":743,"large":"https:\/\/www.editorialjuventud.es\/wp-content\/uploads\/RescatPlaneta_Cover_300px_CAT-1.jpg","large-width":2524,"large-height":2443,"1536x1536":"https:\/\/www.editorialjuventud.es\/wp-content\/uploads\/RescatPlaneta_Cover_300px_CAT-1.jpg","1536x1536-width":1536,"1536x1536-height":1487,"2048x2048":"https:\/\/www.editorialjuventud.es\/wp-content\/uploads\/RescatPlaneta_Cover_300px_CAT-1.jpg","2048x2048-width":2048,"2048x2048-height":1982,"woocommerce_thumbnail":"https:\/\/www.editorialjuventud.es\/wp-content\/uploads\/RescatPlaneta_Cover_300px_CAT-1-350x339.jpg","woocommerce_thumbnail-width":350,"woocommerce_thumbnail-height":339,"woocommerce_single":"https:\/\/www.editorialjuventud.es\/wp-content\/uploads\/RescatPlaneta_Cover_300px_CAT-1-900x871.jpg","woocommerce_single-width":900,"woocommerce_single-height":871,"woocommerce_gallery_thumbnail":"https:\/\/www.editorialjuventud.es\/wp-content\/uploads\/RescatPlaneta_Cover_300px_CAT-1-100x100.jpg","woocommerce_gallery_thumbnail-width":100,"woocommerce_gallery_thumbnail-height":100,"ppec_logo_image_size":"https:\/\/www.editorialjuventud.es\/wp-content\/uploads\/RescatPlaneta_Cover_300px_CAT-1.jpg","ppec_logo_image_size-width":62,"ppec_logo_image_size-height":60,"ppec_header_image_size":"https:\/\/www.editorialjuventud.es\/wp-content\/uploads\/RescatPlaneta_Cover_300px_CAT-1.jpg","ppec_header_image_size-width":93,"ppec_header_image_size-height":90}},"texto_enlace_ficha_tecnica":"","enlace_ficha_tecnica":{"ID":33099,"id":33099,"title":"RescatPlaneta_CAT_V3","filename":"RescatPlaneta_CAT_V3-1.pdf","filesize":320834,"url":"https:\/\/www.editorialjuventud.es\/wp-content\/uploads\/RescatPlaneta_CAT_V3-1.pdf","link":"https:\/\/www.editorialjuventud.es\/ca\/?attachment_id=33099","alt":"","author":"50","description":"","caption":"","name":"rescatplaneta_cat_v3-2","status":"inherit","uploaded_to":32830,"date":"2019-10-10 17:13:54","modified":"2019-10-10 17:13:54","menu_order":0,"mime_type":"application\/pdf","type":"application","subtype":"pdf","icon":"https:\/\/www.editorialjuventud.es\/wp-includes\/images\/media\/document.png"},"ficheros":false,"titulo-fr":"","texto-fr":"","fecha_de_reimpresion":"","deshabilitar_compra":[]},"yoast_head":"<!-- This site is optimized with the Yoast SEO plugin v27.3 - https:\/\/yoast.com\/product\/yoast-seo-wordpress\/ -->\n<title>Rescat planeta - Editorial Juventud<\/title>\n<meta name=\"description\" content=\"Residus pl\u00e0stics? Contaminaci\u00f3? Estalvi d&#039;energia? Com explicar-ho als nens i nenes? Aquest \u00e9s un llibre de petits gestos, divertits i pr\u00e0ctics, que\" \/>\n<meta name=\"robots\" content=\"index, follow, max-snippet:-1, max-image-preview:large, max-video-preview:-1\" \/>\n<link rel=\"canonical\" href=\"https:\/\/www.editorialjuventud.es\/rescat-planeta-9788426145703\/\" \/>\n<meta property=\"og:locale\" content=\"ca_ES\" \/>\n<meta property=\"og:type\" content=\"article\" \/>\n<meta property=\"og:title\" content=\"Rescat planeta - Editorial Juventud\" \/>\n<meta property=\"og:description\" content=\"Residus pl\u00e0stics? Contaminaci\u00f3? Estalvi d&#039;energia? Com explicar-ho als nens i nenes? Aquest \u00e9s un llibre de petits gestos, divertits i pr\u00e0ctics, que\" \/>\n<meta property=\"og:url\" content=\"https:\/\/www.editorialjuventud.es\/rescat-planeta-9788426145703\/\" \/>\n<meta property=\"og:site_name\" content=\"Editorial Juventud\" \/>\n<meta property=\"article:modified_time\" content=\"2023-02-01T12:09:36+00:00\" \/>\n<meta property=\"og:image\" content=\"https:\/\/www.editorialjuventud.es\/wp-content\/uploads\/9788426145703.jpg\" \/>\n\t<meta property=\"og:image:width\" content=\"567\" \/>\n\t<meta property=\"og:image:height\" content=\"549\" \/>\n\t<meta property=\"og:image:type\" content=\"image\/jpeg\" \/>\n<meta name=\"twitter:card\" content=\"summary_large_image\" \/>\n<meta name=\"twitter:label1\" content=\"Temps estimat de lectura\" \/>\n\t<meta name=\"twitter:data1\" content=\"1 minut\" \/>\n<script type=\"application\/ld+json\" class=\"yoast-schema-graph\">{\"@context\":\"https:\\\/\\\/schema.org\",\"@graph\":[{\"@type\":\"WebPage\",\"@id\":\"https:\\\/\\\/www.editorialjuventud.es\\\/rescat-planeta-9788426145703\\\/\",\"url\":\"https:\\\/\\\/www.editorialjuventud.es\\\/rescat-planeta-9788426145703\\\/\",\"name\":\"Rescat planeta - Editorial Juventud\",\"isPartOf\":{\"@id\":\"https:\\\/\\\/www.editorialjuventud.es\\\/#website\"},\"primaryImageOfPage\":{\"@id\":\"https:\\\/\\\/www.editorialjuventud.es\\\/rescat-planeta-9788426145703\\\/#primaryimage\"},\"image\":{\"@id\":\"https:\\\/\\\/www.editorialjuventud.es\\\/rescat-planeta-9788426145703\\\/#primaryimage\"},\"thumbnailUrl\":\"https:\\\/\\\/www.editorialjuventud.es\\\/wp-content\\\/uploads\\\/9788426145703.jpg\",\"datePublished\":\"2019-10-07T07:34:20+00:00\",\"dateModified\":\"2023-02-01T12:09:36+00:00\",\"description\":\"Residus pl\u00e0stics? Contaminaci\u00f3? Estalvi d'energia? Com explicar-ho als nens i nenes? Aquest \u00e9s un llibre de petits gestos, divertits i pr\u00e0ctics, que\",\"breadcrumb\":{\"@id\":\"https:\\\/\\\/www.editorialjuventud.es\\\/rescat-planeta-9788426145703\\\/#breadcrumb\"},\"inLanguage\":\"ca\",\"potentialAction\":[{\"@type\":\"ReadAction\",\"target\":[\"https:\\\/\\\/www.editorialjuventud.es\\\/rescat-planeta-9788426145703\\\/\"]}]},{\"@type\":\"ImageObject\",\"inLanguage\":\"ca\",\"@id\":\"https:\\\/\\\/www.editorialjuventud.es\\\/rescat-planeta-9788426145703\\\/#primaryimage\",\"url\":\"https:\\\/\\\/www.editorialjuventud.es\\\/wp-content\\\/uploads\\\/9788426145703.jpg\",\"contentUrl\":\"https:\\\/\\\/www.editorialjuventud.es\\\/wp-content\\\/uploads\\\/9788426145703.jpg\",\"width\":567,\"height\":549,\"caption\":\"9788426145703.jpg\"},{\"@type\":\"BreadcrumbList\",\"@id\":\"https:\\\/\\\/www.editorialjuventud.es\\\/rescat-planeta-9788426145703\\\/#breadcrumb\",\"itemListElement\":[{\"@type\":\"ListItem\",\"position\":1,\"name\":\"Portada\",\"item\":\"https:\\\/\\\/www.editorialjuventud.es\\\/\"},{\"@type\":\"ListItem\",\"position\":2,\"name\":\"cat\u00e1logo\",\"item\":\"https:\\\/\\\/www.editorialjuventud.es\\\/coleccion\\\/catalogo\\\/\"},{\"@type\":\"ListItem\",\"position\":3,\"name\":\"catal\u00e0\",\"item\":\"https:\\\/\\\/www.editorialjuventud.es\\\/coleccion\\\/catala\\\/\"},{\"@type\":\"ListItem\",\"position\":4,\"name\":\"Els Meus Primers Llibres\",\"item\":\"https:\\\/\\\/www.editorialjuventud.es\\\/ca\\\/coleccion\\\/els-meus-primers-llibres\\\/\"},{\"@type\":\"ListItem\",\"position\":5,\"name\":\"Els Meus Primers Conceptes\",\"item\":\"https:\\\/\\\/www.editorialjuventud.es\\\/coleccion\\\/els-meus-primers-conceptes\\\/\"},{\"@type\":\"ListItem\",\"position\":6,\"name\":\"Rescat planeta\"}]},{\"@type\":\"WebSite\",\"@id\":\"https:\\\/\\\/www.editorialjuventud.es\\\/#website\",\"url\":\"https:\\\/\\\/www.editorialjuventud.es\\\/\",\"name\":\"Editorial Juventud\",\"description\":\"\",\"potentialAction\":[{\"@type\":\"SearchAction\",\"target\":{\"@type\":\"EntryPoint\",\"urlTemplate\":\"https:\\\/\\\/www.editorialjuventud.es\\\/?s={search_term_string}\"},\"query-input\":{\"@type\":\"PropertyValueSpecification\",\"valueRequired\":true,\"valueName\":\"search_term_string\"}}],\"inLanguage\":\"ca\"}]}<\/script>\n<!-- \/ Yoast SEO plugin. -->","yoast_head_json":{"title":"Rescat planeta - Editorial Juventud","description":"Residus pl\u00e0stics? Contaminaci\u00f3? Estalvi d'energia? Com explicar-ho als nens i nenes? Aquest \u00e9s un llibre de petits gestos, divertits i pr\u00e0ctics, que","robots":{"index":"index","follow":"follow","max-snippet":"max-snippet:-1","max-image-preview":"max-image-preview:large","max-video-preview":"max-video-preview:-1"},"canonical":"https:\/\/www.editorialjuventud.es\/rescat-planeta-9788426145703\/","og_locale":"ca_ES","og_type":"article","og_title":"Rescat planeta - Editorial Juventud","og_description":"Residus pl\u00e0stics? Contaminaci\u00f3? Estalvi d'energia? Com explicar-ho als nens i nenes? Aquest \u00e9s un llibre de petits gestos, divertits i pr\u00e0ctics, que","og_url":"https:\/\/www.editorialjuventud.es\/rescat-planeta-9788426145703\/","og_site_name":"Editorial Juventud","article_modified_time":"2023-02-01T12:09:36+00:00","og_image":[{"width":567,"height":549,"url":"https:\/\/www.editorialjuventud.es\/wp-content\/uploads\/9788426145703.jpg","type":"image\/jpeg"}],"twitter_card":"summary_large_image","twitter_misc":{"Temps estimat de lectura":"1 minut"},"schema":{"@context":"https:\/\/schema.org","@graph":[{"@type":"WebPage","@id":"https:\/\/www.editorialjuventud.es\/rescat-planeta-9788426145703\/","url":"https:\/\/www.editorialjuventud.es\/rescat-planeta-9788426145703\/","name":"Rescat planeta - Editorial Juventud","isPartOf":{"@id":"https:\/\/www.editorialjuventud.es\/#website"},"primaryImageOfPage":{"@id":"https:\/\/www.editorialjuventud.es\/rescat-planeta-9788426145703\/#primaryimage"},"image":{"@id":"https:\/\/www.editorialjuventud.es\/rescat-planeta-9788426145703\/#primaryimage"},"thumbnailUrl":"https:\/\/www.editorialjuventud.es\/wp-content\/uploads\/9788426145703.jpg","datePublished":"2019-10-07T07:34:20+00:00","dateModified":"2023-02-01T12:09:36+00:00","description":"Residus pl\u00e0stics? Contaminaci\u00f3? Estalvi d'energia? Com explicar-ho als nens i nenes? Aquest \u00e9s un llibre de petits gestos, divertits i pr\u00e0ctics, que","breadcrumb":{"@id":"https:\/\/www.editorialjuventud.es\/rescat-planeta-9788426145703\/#breadcrumb"},"inLanguage":"ca","potentialAction":[{"@type":"ReadAction","target":["https:\/\/www.editorialjuventud.es\/rescat-planeta-9788426145703\/"]}]},{"@type":"ImageObject","inLanguage":"ca","@id":"https:\/\/www.editorialjuventud.es\/rescat-planeta-9788426145703\/#primaryimage","url":"https:\/\/www.editorialjuventud.es\/wp-content\/uploads\/9788426145703.jpg","contentUrl":"https:\/\/www.editorialjuventud.es\/wp-content\/uploads\/9788426145703.jpg","width":567,"height":549,"caption":"9788426145703.jpg"},{"@type":"BreadcrumbList","@id":"https:\/\/www.editorialjuventud.es\/rescat-planeta-9788426145703\/#breadcrumb","itemListElement":[{"@type":"ListItem","position":1,"name":"Portada","item":"https:\/\/www.editorialjuventud.es\/"},{"@type":"ListItem","position":2,"name":"cat\u00e1logo","item":"https:\/\/www.editorialjuventud.es\/coleccion\/catalogo\/"},{"@type":"ListItem","position":3,"name":"catal\u00e0","item":"https:\/\/www.editorialjuventud.es\/coleccion\/catala\/"},{"@type":"ListItem","position":4,"name":"Els Meus Primers Llibres","item":"https:\/\/www.editorialjuventud.es\/ca\/coleccion\/els-meus-primers-llibres\/"},{"@type":"ListItem","position":5,"name":"Els Meus Primers Conceptes","item":"https:\/\/www.editorialjuventud.es\/coleccion\/els-meus-primers-conceptes\/"},{"@type":"ListItem","position":6,"name":"Rescat planeta"}]},{"@type":"WebSite","@id":"https:\/\/www.editorialjuventud.es\/#website","url":"https:\/\/www.editorialjuventud.es\/","name":"Editorial Juventud","description":"","potentialAction":[{"@type":"SearchAction","target":{"@type":"EntryPoint","urlTemplate":"https:\/\/www.editorialjuventud.es\/?s={search_term_string}"},"query-input":{"@type":"PropertyValueSpecification","valueRequired":true,"valueName":"search_term_string"}}],"inLanguage":"ca"}]}},"_links":{"self":[{"href":"https:\/\/www.editorialjuventud.es\/ca\/wp-json\/wp\/v2\/product\/32830","targetHints":{"allow":["GET"]}}],"collection":[{"href":"https:\/\/www.editorialjuventud.es\/ca\/wp-json\/wp\/v2\/product"}],"about":[{"href":"https:\/\/www.editorialjuventud.es\/ca\/wp-json\/wp\/v2\/types\/product"}],"wp:featuredmedia":[{"embeddable":true,"href":"https:\/\/www.editorialjuventud.es\/ca\/wp-json\/wp\/v2\/media\/32831"}],"wp:attachment":[{"href":"https:\/\/www.editorialjuventud.es\/ca\/wp-json\/wp\/v2\/media?parent=32830"}],"wp:term":[{"taxonomy":"product_brand","embeddable":true,"href":"https:\/\/www.editorialjuventud.es\/ca\/wp-json\/wp\/v2\/product_brand?post=32830"},{"taxonomy":"product_cat","embeddable":true,"href":"https:\/\/www.editorialjuventud.es\/ca\/wp-json\/wp\/v2\/product_cat?post=32830"},{"taxonomy":"product_tag","embeddable":true,"href":"https:\/\/www.editorialjuventud.es\/ca\/wp-json\/wp\/v2\/product_tag?post=32830"},{"taxonomy":"coleccion","embeddable":true,"href":"https:\/\/www.editorialjuventud.es\/ca\/wp-json\/wp\/v2\/coleccion?post=32830"}],"curies":[{"name":"wp","href":"https:\/\/api.w.org\/{rel}","templated":true}]}}