{"id":32827,"date":"2019-10-07T11:33:31","date_gmt":"2019-10-07T07:33:31","guid":{"rendered":"https:\/\/www.editorialjuventud.es\/rescate-planeta-9788426145697\/"},"modified":"2025-02-25T11:08:46","modified_gmt":"2025-02-25T10:08:46","slug":"rescate-planeta-9788426145697","status":"publish","type":"product","link":"https:\/\/www.editorialjuventud.es\/ca\/rescate-planeta-9788426145697\/","title":{"rendered":"Rescate planeta"},"content":{"rendered":"<p>\u00bfResiduos pl\u00e1sticos? \u00bfContaminaci\u00f3n? \u00bfAhorro de energ\u00eda? \u00bfC\u00f3mo explicarlo a los ni\u00f1os y ni\u00f1as? Este es un libro de peque\u00f1os gestos divertidos y pr\u00e1cticos que ayudar\u00e1n a que nuestro mundo sea un lugar m\u00e1s verde. Gira las p\u00e1ginas transparentes para ver los beneficios de cada gesto.<br \/>\n\u00a1A los ni\u00f1os y ni\u00f1as les encanta poder actuar para proteger y salvar el planeta!<\/p>\n<p><em>Rescate Planeta<\/em> es un libro magn\u00edfico para cualquier maestro, padre o organizaci\u00f3n medioambiental que quiera ense\u00f1ar a las ni\u00f1as y los ni\u00f1os a respetar el planeta y trabajar conjuntamente para crear un mundo m\u00e1s verde de una manera interactiva y divertida. Empieza con una sencilla pregunta: \u00bfqu\u00e9 podemos hacer para ayudar a salvar el planeta?, que responde en cada doble p\u00e1gina con gestos que persiguen conseguir distintos objetivos medioambientales, como mantener el aire limpio, el agua pura y abundante, las plantas y la vida silvestre pr\u00f3spera o la sostenibilidad y la minimizaci\u00f3n de residuos.<\/p>\n<p>Es un libro lleno de ilustraciones claras y coloridas, con infinidad de detalles divertidos y una amplia gama de personajes.<\/p>\n<p>&nbsp;<\/p>\n<p>Este libro ha sido publicado con la ayuda de<\/p>\n<p><img decoding=\"async\" src=\"http:\/\/www.editorialjuventud.es\/wp-content\/uploads\/0.png\" \/><\/p>\n","protected":false},"excerpt":{"rendered":"\u00bfResiduos pl\u00e1sticos? \u00bfContaminaci\u00f3n? \u00bfAhorro de energ\u00eda? \u00bfC\u00f3mo explicarlo a los ni\u00f1os y ni\u00f1as? Este es un libro de peque\u00f1os gestos divertidos y pr\u00e1cticos que ayudar\u00e1n a que nuestro mundo sea un lugar m\u00e1s verde. Gira las p\u00e1ginas transparentes para ver [&hellip;]","protected":false},"featured_media":32828,"template":"","meta":{"_acf_changed":false,"_exactmetrics_skip_tracking":false,"_exactmetrics_sitenote_active":false,"_exactmetrics_sitenote_note":"","_exactmetrics_sitenote_category":0},"product_brand":[],"product_cat":[899,1121,1138,1328,1148,1156,1167,892,1115,1181,1218,1128],"product_tag":[],"coleccion":[916,1012,1296],"class_list":{"0":"post-32827","1":"product","2":"type-product","3":"status-publish","4":"has-post-thumbnail","6":"product_cat-a-partir-de-3-anos","7":"product_cat-albumes-ilustrados","8":"product_cat-animales","9":"product_cat-cambio-climatico","10":"product_cat-ciclo-del-agua","11":"product_cat-cooperacion","12":"product_cat-ecologia-medio-ambiente","13":"product_cat-edades","14":"product_cat-generos","15":"product_cat-habitos","16":"product_cat-reciclaje","17":"product_cat-tematica","18":"coleccion-castellano","19":"coleccion-mis-primeros-conceptos","20":"coleccion-mis-primeros-libros","22":"first","23":"instock","24":"taxable","25":"shipping-taxable","26":"purchasable","27":"product-type-simple"},"acf":{"indice":"","autor":"PATRICKGEORGE","codart":"4569","ediciones":"1","encuadernacion":"Carton\u00e9","fecha_de_publicacion":"01\/10\/2019","novedad":"0","paginas":"32","subtitulo":"","texto_web_adicional":"","autores-libros":[17699],"ilustradores-libros":[17699],"texto_web_novedad":"","orden":"999","portada":"0","texto_web_resaltado":"","traductores-libros":[58416],"descripcion_corta":"","recomendamos":"","mas_vendido":"","idioma-libro":"","color":false,"formato":"","mas_informacion_del_producto":false,"premios":[{"premio":"Nominado al CILIP Kate Greenaway Medal ","anyo_del_premio":"2016","pais_del_premio":"Reino Unido"},{"premio":"Junior Design Award","anyo_del_premio":"2016","pais_del_premio":"Reino Unido"},{"premio":"","anyo_del_premio":"","pais_del_premio":""}],"texto_enlace_cubierta":"","enlace_cubierta":{"ID":33094,"id":33094,"title":"Exterior Planet Rescue v4.indd","filename":"RescatePlaneta_Cover_300px_CAST-1.jpg","filesize":327458,"url":"https:\/\/www.editorialjuventud.es\/wp-content\/uploads\/RescatePlaneta_Cover_300px_CAST-1.jpg","link":"https:\/\/www.editorialjuventud.es\/ca\/?attachment_id=33094","alt":"","author":"50","description":"","caption":"","name":"exterior-planet-rescue-v4-indd-5","status":"inherit","uploaded_to":32827,"date":"2019-10-10 17:02:00","modified":"2019-10-10 17:02:00","menu_order":0,"mime_type":"image\/jpeg","type":"image","subtype":"jpeg","icon":"https:\/\/www.editorialjuventud.es\/wp-includes\/images\/media\/default.png","width":2527,"height":2442,"sizes":{"thumbnail":"https:\/\/www.editorialjuventud.es\/wp-content\/uploads\/RescatePlaneta_Cover_300px_CAST-1-200x200.jpg","thumbnail-width":200,"thumbnail-height":200,"medium":"https:\/\/www.editorialjuventud.es\/wp-content\/uploads\/RescatePlaneta_Cover_300px_CAST-1.jpg","medium-width":2527,"medium-height":2442,"medium_large":"https:\/\/www.editorialjuventud.es\/wp-content\/uploads\/RescatePlaneta_Cover_300px_CAST-1-768x742.jpg","medium_large-width":768,"medium_large-height":742,"large":"https:\/\/www.editorialjuventud.es\/wp-content\/uploads\/RescatePlaneta_Cover_300px_CAST-1.jpg","large-width":2527,"large-height":2442,"1536x1536":"https:\/\/www.editorialjuventud.es\/wp-content\/uploads\/RescatePlaneta_Cover_300px_CAST-1.jpg","1536x1536-width":1536,"1536x1536-height":1484,"2048x2048":"https:\/\/www.editorialjuventud.es\/wp-content\/uploads\/RescatePlaneta_Cover_300px_CAST-1.jpg","2048x2048-width":2048,"2048x2048-height":1979,"woocommerce_thumbnail":"https:\/\/www.editorialjuventud.es\/wp-content\/uploads\/RescatePlaneta_Cover_300px_CAST-1-350x338.jpg","woocommerce_thumbnail-width":350,"woocommerce_thumbnail-height":338,"woocommerce_single":"https:\/\/www.editorialjuventud.es\/wp-content\/uploads\/RescatePlaneta_Cover_300px_CAST-1-900x870.jpg","woocommerce_single-width":900,"woocommerce_single-height":870,"woocommerce_gallery_thumbnail":"https:\/\/www.editorialjuventud.es\/wp-content\/uploads\/RescatePlaneta_Cover_300px_CAST-1-100x100.jpg","woocommerce_gallery_thumbnail-width":100,"woocommerce_gallery_thumbnail-height":100,"ppec_logo_image_size":"https:\/\/www.editorialjuventud.es\/wp-content\/uploads\/RescatePlaneta_Cover_300px_CAST-1.jpg","ppec_logo_image_size-width":62,"ppec_logo_image_size-height":60,"ppec_header_image_size":"https:\/\/www.editorialjuventud.es\/wp-content\/uploads\/RescatePlaneta_Cover_300px_CAST-1.jpg","ppec_header_image_size-width":93,"ppec_header_image_size-height":90}},"texto_enlace_ficha_tecnica":"","enlace_ficha_tecnica":{"ID":33092,"id":33092,"title":"RescatePlaneta_Fitxa_CAST_V1","filename":"RescatePlaneta_Fitxa_CAST_V1.pdf","filesize":347304,"url":"https:\/\/www.editorialjuventud.es\/wp-content\/uploads\/RescatePlaneta_Fitxa_CAST_V1.pdf","link":"https:\/\/www.editorialjuventud.es\/ca\/?attachment_id=33092","alt":"","author":"50","description":"","caption":"","name":"rescateplaneta_fitxa_cast_v1","status":"inherit","uploaded_to":32827,"date":"2019-10-10 17:01:33","modified":"2019-10-10 17:01:33","menu_order":0,"mime_type":"application\/pdf","type":"application","subtype":"pdf","icon":"https:\/\/www.editorialjuventud.es\/wp-includes\/images\/media\/document.png"},"ficheros":false,"titulo-fr":"","texto-fr":"","fecha_de_reimpresion":"","deshabilitar_compra":["deshabilitar"]},"yoast_head":"<!-- This site is optimized with the Yoast SEO plugin v27.5 - https:\/\/yoast.com\/product\/yoast-seo-wordpress\/ -->\n<title>Rescate planeta - Editorial Juventud<\/title>\n<meta name=\"description\" content=\"\u00bfResiduos pl\u00e1sticos? \u00bfContaminaci\u00f3n? \u00bfAhorro de energ\u00eda? \u00bfC\u00f3mo explicarlo a los ni\u00f1os y ni\u00f1as? Este es un libro de peque\u00f1os gestos divertidos y pr\u00e1cticos\" \/>\n<meta name=\"robots\" content=\"index, follow, max-snippet:-1, max-image-preview:large, max-video-preview:-1\" \/>\n<link rel=\"canonical\" href=\"https:\/\/www.editorialjuventud.es\/rescate-planeta-9788426145697\/\" \/>\n<meta property=\"og:locale\" content=\"ca_ES\" \/>\n<meta property=\"og:type\" content=\"article\" \/>\n<meta property=\"og:title\" content=\"Rescate planeta - Editorial Juventud\" \/>\n<meta property=\"og:description\" content=\"\u00bfResiduos pl\u00e1sticos? \u00bfContaminaci\u00f3n? \u00bfAhorro de energ\u00eda? \u00bfC\u00f3mo explicarlo a los ni\u00f1os y ni\u00f1as? Este es un libro de peque\u00f1os gestos divertidos y pr\u00e1cticos\" \/>\n<meta property=\"og:url\" content=\"https:\/\/www.editorialjuventud.es\/rescate-planeta-9788426145697\/\" \/>\n<meta property=\"og:site_name\" content=\"Editorial Juventud\" \/>\n<meta property=\"article:modified_time\" content=\"2025-02-25T10:08:46+00:00\" \/>\n<meta property=\"og:image\" content=\"https:\/\/www.editorialjuventud.es\/wp-content\/uploads\/9788426145697.jpg\" \/>\n\t<meta property=\"og:image:width\" content=\"567\" \/>\n\t<meta property=\"og:image:height\" content=\"548\" \/>\n\t<meta property=\"og:image:type\" content=\"image\/jpeg\" \/>\n<meta name=\"twitter:card\" content=\"summary_large_image\" \/>\n<meta name=\"twitter:label1\" content=\"Temps estimat de lectura\" \/>\n\t<meta name=\"twitter:data1\" content=\"2 minuts\" \/>\n<script type=\"application\/ld+json\" class=\"yoast-schema-graph\">{\"@context\":\"https:\\\/\\\/schema.org\",\"@graph\":[{\"@type\":\"WebPage\",\"@id\":\"https:\\\/\\\/www.editorialjuventud.es\\\/rescate-planeta-9788426145697\\\/\",\"url\":\"https:\\\/\\\/www.editorialjuventud.es\\\/rescate-planeta-9788426145697\\\/\",\"name\":\"Rescate planeta - Editorial Juventud\",\"isPartOf\":{\"@id\":\"https:\\\/\\\/www.editorialjuventud.es\\\/#website\"},\"primaryImageOfPage\":{\"@id\":\"https:\\\/\\\/www.editorialjuventud.es\\\/rescate-planeta-9788426145697\\\/#primaryimage\"},\"image\":{\"@id\":\"https:\\\/\\\/www.editorialjuventud.es\\\/rescate-planeta-9788426145697\\\/#primaryimage\"},\"thumbnailUrl\":\"https:\\\/\\\/www.editorialjuventud.es\\\/wp-content\\\/uploads\\\/9788426145697.jpg\",\"datePublished\":\"2019-10-07T07:33:31+00:00\",\"dateModified\":\"2025-02-25T10:08:46+00:00\",\"description\":\"\u00bfResiduos pl\u00e1sticos? \u00bfContaminaci\u00f3n? \u00bfAhorro de energ\u00eda? \u00bfC\u00f3mo explicarlo a los ni\u00f1os y ni\u00f1as? Este es un libro de peque\u00f1os gestos divertidos y pr\u00e1cticos\",\"breadcrumb\":{\"@id\":\"https:\\\/\\\/www.editorialjuventud.es\\\/rescate-planeta-9788426145697\\\/#breadcrumb\"},\"inLanguage\":\"ca\",\"potentialAction\":[{\"@type\":\"ReadAction\",\"target\":[\"https:\\\/\\\/www.editorialjuventud.es\\\/rescate-planeta-9788426145697\\\/\"]}]},{\"@type\":\"ImageObject\",\"inLanguage\":\"ca\",\"@id\":\"https:\\\/\\\/www.editorialjuventud.es\\\/rescate-planeta-9788426145697\\\/#primaryimage\",\"url\":\"https:\\\/\\\/www.editorialjuventud.es\\\/wp-content\\\/uploads\\\/9788426145697.jpg\",\"contentUrl\":\"https:\\\/\\\/www.editorialjuventud.es\\\/wp-content\\\/uploads\\\/9788426145697.jpg\",\"width\":567,\"height\":548,\"caption\":\"9788426145697.jpg\"},{\"@type\":\"BreadcrumbList\",\"@id\":\"https:\\\/\\\/www.editorialjuventud.es\\\/rescate-planeta-9788426145697\\\/#breadcrumb\",\"itemListElement\":[{\"@type\":\"ListItem\",\"position\":1,\"name\":\"Portada\",\"item\":\"https:\\\/\\\/www.editorialjuventud.es\\\/\"},{\"@type\":\"ListItem\",\"position\":2,\"name\":\"cat\u00e1logo\",\"item\":\"https:\\\/\\\/www.editorialjuventud.es\\\/coleccion\\\/catalogo\\\/\"},{\"@type\":\"ListItem\",\"position\":3,\"name\":\"castellano\",\"item\":\"https:\\\/\\\/www.editorialjuventud.es\\\/coleccion\\\/castellano\\\/\"},{\"@type\":\"ListItem\",\"position\":4,\"name\":\"Mis Primeros Libros\",\"item\":\"https:\\\/\\\/www.editorialjuventud.es\\\/coleccion\\\/mis-primeros-libros\\\/\"},{\"@type\":\"ListItem\",\"position\":5,\"name\":\"Mis Primeros Conceptos\",\"item\":\"https:\\\/\\\/www.editorialjuventud.es\\\/coleccion\\\/mis-primeros-conceptos\\\/\"},{\"@type\":\"ListItem\",\"position\":6,\"name\":\"Rescate planeta\"}]},{\"@type\":\"WebSite\",\"@id\":\"https:\\\/\\\/www.editorialjuventud.es\\\/#website\",\"url\":\"https:\\\/\\\/www.editorialjuventud.es\\\/\",\"name\":\"Editorial Juventud\",\"description\":\"\",\"potentialAction\":[{\"@type\":\"SearchAction\",\"target\":{\"@type\":\"EntryPoint\",\"urlTemplate\":\"https:\\\/\\\/www.editorialjuventud.es\\\/?s={search_term_string}\"},\"query-input\":{\"@type\":\"PropertyValueSpecification\",\"valueRequired\":true,\"valueName\":\"search_term_string\"}}],\"inLanguage\":\"ca\"}]}<\/script>\n<!-- \/ Yoast SEO plugin. -->","yoast_head_json":{"title":"Rescate planeta - Editorial Juventud","description":"\u00bfResiduos pl\u00e1sticos? \u00bfContaminaci\u00f3n? \u00bfAhorro de energ\u00eda? \u00bfC\u00f3mo explicarlo a los ni\u00f1os y ni\u00f1as? Este es un libro de peque\u00f1os gestos divertidos y pr\u00e1cticos","robots":{"index":"index","follow":"follow","max-snippet":"max-snippet:-1","max-image-preview":"max-image-preview:large","max-video-preview":"max-video-preview:-1"},"canonical":"https:\/\/www.editorialjuventud.es\/rescate-planeta-9788426145697\/","og_locale":"ca_ES","og_type":"article","og_title":"Rescate planeta - Editorial Juventud","og_description":"\u00bfResiduos pl\u00e1sticos? \u00bfContaminaci\u00f3n? \u00bfAhorro de energ\u00eda? \u00bfC\u00f3mo explicarlo a los ni\u00f1os y ni\u00f1as? Este es un libro de peque\u00f1os gestos divertidos y pr\u00e1cticos","og_url":"https:\/\/www.editorialjuventud.es\/rescate-planeta-9788426145697\/","og_site_name":"Editorial Juventud","article_modified_time":"2025-02-25T10:08:46+00:00","og_image":[{"width":567,"height":548,"url":"https:\/\/www.editorialjuventud.es\/wp-content\/uploads\/9788426145697.jpg","type":"image\/jpeg"}],"twitter_card":"summary_large_image","twitter_misc":{"Temps estimat de lectura":"2 minuts"},"schema":{"@context":"https:\/\/schema.org","@graph":[{"@type":"WebPage","@id":"https:\/\/www.editorialjuventud.es\/rescate-planeta-9788426145697\/","url":"https:\/\/www.editorialjuventud.es\/rescate-planeta-9788426145697\/","name":"Rescate planeta - Editorial Juventud","isPartOf":{"@id":"https:\/\/www.editorialjuventud.es\/#website"},"primaryImageOfPage":{"@id":"https:\/\/www.editorialjuventud.es\/rescate-planeta-9788426145697\/#primaryimage"},"image":{"@id":"https:\/\/www.editorialjuventud.es\/rescate-planeta-9788426145697\/#primaryimage"},"thumbnailUrl":"https:\/\/www.editorialjuventud.es\/wp-content\/uploads\/9788426145697.jpg","datePublished":"2019-10-07T07:33:31+00:00","dateModified":"2025-02-25T10:08:46+00:00","description":"\u00bfResiduos pl\u00e1sticos? \u00bfContaminaci\u00f3n? \u00bfAhorro de energ\u00eda? \u00bfC\u00f3mo explicarlo a los ni\u00f1os y ni\u00f1as? Este es un libro de peque\u00f1os gestos divertidos y pr\u00e1cticos","breadcrumb":{"@id":"https:\/\/www.editorialjuventud.es\/rescate-planeta-9788426145697\/#breadcrumb"},"inLanguage":"ca","potentialAction":[{"@type":"ReadAction","target":["https:\/\/www.editorialjuventud.es\/rescate-planeta-9788426145697\/"]}]},{"@type":"ImageObject","inLanguage":"ca","@id":"https:\/\/www.editorialjuventud.es\/rescate-planeta-9788426145697\/#primaryimage","url":"https:\/\/www.editorialjuventud.es\/wp-content\/uploads\/9788426145697.jpg","contentUrl":"https:\/\/www.editorialjuventud.es\/wp-content\/uploads\/9788426145697.jpg","width":567,"height":548,"caption":"9788426145697.jpg"},{"@type":"BreadcrumbList","@id":"https:\/\/www.editorialjuventud.es\/rescate-planeta-9788426145697\/#breadcrumb","itemListElement":[{"@type":"ListItem","position":1,"name":"Portada","item":"https:\/\/www.editorialjuventud.es\/"},{"@type":"ListItem","position":2,"name":"cat\u00e1logo","item":"https:\/\/www.editorialjuventud.es\/coleccion\/catalogo\/"},{"@type":"ListItem","position":3,"name":"castellano","item":"https:\/\/www.editorialjuventud.es\/coleccion\/castellano\/"},{"@type":"ListItem","position":4,"name":"Mis Primeros Libros","item":"https:\/\/www.editorialjuventud.es\/coleccion\/mis-primeros-libros\/"},{"@type":"ListItem","position":5,"name":"Mis Primeros Conceptos","item":"https:\/\/www.editorialjuventud.es\/coleccion\/mis-primeros-conceptos\/"},{"@type":"ListItem","position":6,"name":"Rescate planeta"}]},{"@type":"WebSite","@id":"https:\/\/www.editorialjuventud.es\/#website","url":"https:\/\/www.editorialjuventud.es\/","name":"Editorial Juventud","description":"","potentialAction":[{"@type":"SearchAction","target":{"@type":"EntryPoint","urlTemplate":"https:\/\/www.editorialjuventud.es\/?s={search_term_string}"},"query-input":{"@type":"PropertyValueSpecification","valueRequired":true,"valueName":"search_term_string"}}],"inLanguage":"ca"}]}},"_links":{"self":[{"href":"https:\/\/www.editorialjuventud.es\/ca\/wp-json\/wp\/v2\/product\/32827","targetHints":{"allow":["GET"]}}],"collection":[{"href":"https:\/\/www.editorialjuventud.es\/ca\/wp-json\/wp\/v2\/product"}],"about":[{"href":"https:\/\/www.editorialjuventud.es\/ca\/wp-json\/wp\/v2\/types\/product"}],"wp:featuredmedia":[{"embeddable":true,"href":"https:\/\/www.editorialjuventud.es\/ca\/wp-json\/wp\/v2\/media\/32828"}],"wp:attachment":[{"href":"https:\/\/www.editorialjuventud.es\/ca\/wp-json\/wp\/v2\/media?parent=32827"}],"wp:term":[{"taxonomy":"product_brand","embeddable":true,"href":"https:\/\/www.editorialjuventud.es\/ca\/wp-json\/wp\/v2\/product_brand?post=32827"},{"taxonomy":"product_cat","embeddable":true,"href":"https:\/\/www.editorialjuventud.es\/ca\/wp-json\/wp\/v2\/product_cat?post=32827"},{"taxonomy":"product_tag","embeddable":true,"href":"https:\/\/www.editorialjuventud.es\/ca\/wp-json\/wp\/v2\/product_tag?post=32827"},{"taxonomy":"coleccion","embeddable":true,"href":"https:\/\/www.editorialjuventud.es\/ca\/wp-json\/wp\/v2\/coleccion?post=32827"}],"curies":[{"name":"wp","href":"https:\/\/api.w.org\/{rel}","templated":true}]}}