{"id":32824,"date":"2019-10-07T09:32:49","date_gmt":"2019-10-07T07:32:49","guid":{"rendered":"https:\/\/www.editorialjuventud.es\/com-ferse-amic-dun-fantasma-9788426145529\/"},"modified":"2025-01-22T12:56:46","modified_gmt":"2025-01-22T11:56:46","slug":"com-ferse-amic-dun-fantasma-9788426145529","status":"publish","type":"product","link":"https:\/\/www.editorialjuventud.es\/ca\/com-ferse-amic-dun-fantasma-9788426145529\/","title":{"rendered":"Com fer-se amic d&#8217;un fantasma"},"content":{"rendered":"<p>Qu\u00e8 has de fer quan coneixes un fantasma? Primer: ofereix al fantasma algunes de les seves llaminadures preferides, com per exemple torrades amb floridura o trufes de cera d&#8217;orella. Segon: explica-li al teu fantasma hist\u00f2ries de por per anar a dormir (als fantasmes els encanta que els llegeixin). Tercer: no deixis que es mengin el teu fantasma! Hi ha qui els confon ja siguin ous ferrats o nata.<br \/>Si segueixes aquests senzills passos i la resta dels consells que es recullen en aquesta guia pr\u00e0ctica anomenada Com fer-se amic d&#8217;un fantasma, aprendr\u00e0s com tenir cura d&#8217;una amistat que t&#8217;acompanyar\u00e0 tota la vida (i fins i tot en el m\u00e9s enll\u00e0!).<\/p>\n<p>Aquest debut com a autora de la il\u00b7lustradora Rebecca Green \u00e9s una combinaci\u00f3 perfecta d&#8217;humor poc convencional amb un estil d&#8217;il\u00b7lustraci\u00f3 peculiar i dol\u00e7 que tracta de manera &#8216;fantasm\u00e0-tica&#8217; el cl\u00e0ssic tema de l&#8217;amistat.<\/p>\n","protected":false},"excerpt":{"rendered":"Qu\u00e8 has de fer quan coneixes un fantasma? Primer: ofereix al fantasma algunes de les seves llaminadures preferides, com per exemple torrades amb floridura o trufes de cera d&#8217;orella. Segon: explica-li al teu fantasma hist\u00f2ries de por per anar a [&hellip;]","protected":false},"featured_media":32825,"template":"","meta":{"_acf_changed":false,"_exactmetrics_skip_tracking":false,"_exactmetrics_sitenote_active":false,"_exactmetrics_sitenote_note":"","_exactmetrics_sitenote_category":0},"product_brand":[],"product_cat":[900,1121,1136,1157,892,1115,1184,1128],"product_tag":[],"coleccion":[917,915,960],"class_list":{"0":"post-32824","1":"product","2":"type-product","3":"status-publish","4":"has-post-thumbnail","6":"product_cat-a-partir-de-5-anos","7":"product_cat-albumes-ilustrados","8":"product_cat-amistad","9":"product_cat-crecer","10":"product_cat-edades","11":"product_cat-generos","12":"product_cat-humor","13":"product_cat-tematica","14":"coleccion-albums-illustrats","15":"coleccion-catala","16":"coleccion-un-milio-damics","18":"first","19":"instock","20":"taxable","21":"shipping-taxable","22":"purchasable","23":"product-type-simple"},"acf":{"indice":"","autor":"Green, Rebecca","codart":"4552","ediciones":"1","encuadernacion":"Carton\u00e9","fecha_de_publicacion":"01\/10\/2019","novedad":"0","paginas":"48","subtitulo":"","texto_web_adicional":"","autores-libros":[33006],"ilustradores-libros":[33006],"texto_web_novedad":"","orden":"999","portada":"0","texto_web_resaltado":"","traductores-libros":[18265],"descripcion_corta":"Qu\u00e8 has de fer quan coneixes un fantasma?","recomendamos":"","mas_vendido":"","idioma-libro":"","color":false,"formato":"","mas_informacion_del_producto":false,"premios":false,"texto_enlace_cubierta":"","enlace_cubierta":{"ID":33086,"id":33086,"title":"Exterior How to Make Friends Ghost v1.indd","filename":"ComFerseAmicFantasma_Cover_300px_CAT-1.jpg","filesize":1264656,"url":"https:\/\/www.editorialjuventud.es\/wp-content\/uploads\/ComFerseAmicFantasma_Cover_300px_CAT-1.jpg","link":"https:\/\/www.editorialjuventud.es\/ca\/?attachment_id=33086","alt":"","author":"50","description":"","caption":"","name":"exterior-how-to-make-friends-ghost-v1-indd-6","status":"inherit","uploaded_to":32824,"date":"2019-10-10 16:42:06","modified":"2019-10-10 16:42:06","menu_order":0,"mime_type":"image\/jpeg","type":"image","subtype":"jpeg","icon":"https:\/\/www.editorialjuventud.es\/wp-includes\/images\/media\/default.png","width":2767,"height":2764,"sizes":{"thumbnail":"https:\/\/www.editorialjuventud.es\/wp-content\/uploads\/ComFerseAmicFantasma_Cover_300px_CAT-1-200x200.jpg","thumbnail-width":200,"thumbnail-height":200,"medium":"https:\/\/www.editorialjuventud.es\/wp-content\/uploads\/ComFerseAmicFantasma_Cover_300px_CAT-1.jpg","medium-width":2767,"medium-height":2764,"medium_large":"https:\/\/www.editorialjuventud.es\/wp-content\/uploads\/ComFerseAmicFantasma_Cover_300px_CAT-1-768x767.jpg","medium_large-width":768,"medium_large-height":767,"large":"https:\/\/www.editorialjuventud.es\/wp-content\/uploads\/ComFerseAmicFantasma_Cover_300px_CAT-1.jpg","large-width":2767,"large-height":2764,"1536x1536":"https:\/\/www.editorialjuventud.es\/wp-content\/uploads\/ComFerseAmicFantasma_Cover_300px_CAT-1.jpg","1536x1536-width":1536,"1536x1536-height":1534,"2048x2048":"https:\/\/www.editorialjuventud.es\/wp-content\/uploads\/ComFerseAmicFantasma_Cover_300px_CAT-1.jpg","2048x2048-width":2048,"2048x2048-height":2046,"woocommerce_thumbnail":"https:\/\/www.editorialjuventud.es\/wp-content\/uploads\/ComFerseAmicFantasma_Cover_300px_CAT-1-350x350.jpg","woocommerce_thumbnail-width":350,"woocommerce_thumbnail-height":350,"woocommerce_single":"https:\/\/www.editorialjuventud.es\/wp-content\/uploads\/ComFerseAmicFantasma_Cover_300px_CAT-1-900x899.jpg","woocommerce_single-width":900,"woocommerce_single-height":899,"woocommerce_gallery_thumbnail":"https:\/\/www.editorialjuventud.es\/wp-content\/uploads\/ComFerseAmicFantasma_Cover_300px_CAT-1-100x100.jpg","woocommerce_gallery_thumbnail-width":100,"woocommerce_gallery_thumbnail-height":100,"ppec_logo_image_size":"https:\/\/www.editorialjuventud.es\/wp-content\/uploads\/ComFerseAmicFantasma_Cover_300px_CAT-1.jpg","ppec_logo_image_size-width":60,"ppec_logo_image_size-height":60,"ppec_header_image_size":"https:\/\/www.editorialjuventud.es\/wp-content\/uploads\/ComFerseAmicFantasma_Cover_300px_CAT-1.jpg","ppec_header_image_size-width":90,"ppec_header_image_size-height":90}},"texto_enlace_ficha_tecnica":"","enlace_ficha_tecnica":{"ID":32910,"id":32910,"title":"ComFerseAmicFantasma_CAT_V2","filename":"ComFerseAmicFantasma_CAT_V2.pdf","filesize":1888042,"url":"https:\/\/www.editorialjuventud.es\/wp-content\/uploads\/ComFerseAmicFantasma_CAT_V2.pdf","link":"https:\/\/www.editorialjuventud.es\/ca\/?attachment_id=32910","alt":"","author":"50","description":"","caption":"","name":"comferseamicfantasma_cat_v2","status":"inherit","uploaded_to":32824,"date":"2019-10-09 09:24:27","modified":"2019-10-09 09:24:27","menu_order":0,"mime_type":"application\/pdf","type":"application","subtype":"pdf","icon":"https:\/\/www.editorialjuventud.es\/wp-includes\/images\/media\/document.png"},"ficheros":false,"titulo-fr":"","texto-fr":"","fecha_de_reimpresion":""},"yoast_head":"<!-- This site is optimized with the Yoast SEO plugin v27.3 - https:\/\/yoast.com\/product\/yoast-seo-wordpress\/ -->\n<title>Com fer-se amic d&#039;un fantasma - Editorial Juventud<\/title>\n<meta name=\"description\" content=\"Qu\u00e8 has de fer quan coneixes un fantasma? Primer: ofereix al fantasma algunes de les seves llaminadures preferides, com per exemple torrades amb floridura\" \/>\n<meta name=\"robots\" content=\"index, follow, max-snippet:-1, max-image-preview:large, max-video-preview:-1\" \/>\n<link rel=\"canonical\" href=\"https:\/\/www.editorialjuventud.es\/com-ferse-amic-dun-fantasma-9788426145529\/\" \/>\n<meta property=\"og:locale\" content=\"ca_ES\" \/>\n<meta property=\"og:type\" content=\"article\" \/>\n<meta property=\"og:title\" content=\"Com fer-se amic d&#039;un fantasma - Editorial Juventud\" \/>\n<meta property=\"og:description\" content=\"Qu\u00e8 has de fer quan coneixes un fantasma? Primer: ofereix al fantasma algunes de les seves llaminadures preferides, com per exemple torrades amb floridura\" \/>\n<meta property=\"og:url\" content=\"https:\/\/www.editorialjuventud.es\/com-ferse-amic-dun-fantasma-9788426145529\/\" \/>\n<meta property=\"og:site_name\" content=\"Editorial Juventud\" \/>\n<meta property=\"article:modified_time\" content=\"2025-01-22T11:56:46+00:00\" \/>\n<meta property=\"og:image\" content=\"https:\/\/www.editorialjuventud.es\/wp-content\/uploads\/9788426145529.jpg\" \/>\n\t<meta property=\"og:image:width\" content=\"567\" \/>\n\t<meta property=\"og:image:height\" content=\"566\" \/>\n\t<meta property=\"og:image:type\" content=\"image\/jpeg\" \/>\n<meta name=\"twitter:card\" content=\"summary_large_image\" \/>\n<meta name=\"twitter:label1\" content=\"Temps estimat de lectura\" \/>\n\t<meta name=\"twitter:data1\" content=\"1 minut\" \/>\n<script type=\"application\/ld+json\" class=\"yoast-schema-graph\">{\"@context\":\"https:\\\/\\\/schema.org\",\"@graph\":[{\"@type\":\"WebPage\",\"@id\":\"https:\\\/\\\/www.editorialjuventud.es\\\/com-ferse-amic-dun-fantasma-9788426145529\\\/\",\"url\":\"https:\\\/\\\/www.editorialjuventud.es\\\/com-ferse-amic-dun-fantasma-9788426145529\\\/\",\"name\":\"Com fer-se amic d'un fantasma - Editorial Juventud\",\"isPartOf\":{\"@id\":\"https:\\\/\\\/www.editorialjuventud.es\\\/#website\"},\"primaryImageOfPage\":{\"@id\":\"https:\\\/\\\/www.editorialjuventud.es\\\/com-ferse-amic-dun-fantasma-9788426145529\\\/#primaryimage\"},\"image\":{\"@id\":\"https:\\\/\\\/www.editorialjuventud.es\\\/com-ferse-amic-dun-fantasma-9788426145529\\\/#primaryimage\"},\"thumbnailUrl\":\"https:\\\/\\\/www.editorialjuventud.es\\\/wp-content\\\/uploads\\\/9788426145529.jpg\",\"datePublished\":\"2019-10-07T07:32:49+00:00\",\"dateModified\":\"2025-01-22T11:56:46+00:00\",\"description\":\"Qu\u00e8 has de fer quan coneixes un fantasma? Primer: ofereix al fantasma algunes de les seves llaminadures preferides, com per exemple torrades amb floridura\",\"breadcrumb\":{\"@id\":\"https:\\\/\\\/www.editorialjuventud.es\\\/com-ferse-amic-dun-fantasma-9788426145529\\\/#breadcrumb\"},\"inLanguage\":\"ca\",\"potentialAction\":[{\"@type\":\"ReadAction\",\"target\":[\"https:\\\/\\\/www.editorialjuventud.es\\\/com-ferse-amic-dun-fantasma-9788426145529\\\/\"]}]},{\"@type\":\"ImageObject\",\"inLanguage\":\"ca\",\"@id\":\"https:\\\/\\\/www.editorialjuventud.es\\\/com-ferse-amic-dun-fantasma-9788426145529\\\/#primaryimage\",\"url\":\"https:\\\/\\\/www.editorialjuventud.es\\\/wp-content\\\/uploads\\\/9788426145529.jpg\",\"contentUrl\":\"https:\\\/\\\/www.editorialjuventud.es\\\/wp-content\\\/uploads\\\/9788426145529.jpg\",\"width\":567,\"height\":566,\"caption\":\"9788426145529.jpg\"},{\"@type\":\"BreadcrumbList\",\"@id\":\"https:\\\/\\\/www.editorialjuventud.es\\\/com-ferse-amic-dun-fantasma-9788426145529\\\/#breadcrumb\",\"itemListElement\":[{\"@type\":\"ListItem\",\"position\":1,\"name\":\"Portada\",\"item\":\"https:\\\/\\\/www.editorialjuventud.es\\\/\"},{\"@type\":\"ListItem\",\"position\":2,\"name\":\"cat\u00e1logo\",\"item\":\"https:\\\/\\\/www.editorialjuventud.es\\\/coleccion\\\/catalogo\\\/\"},{\"@type\":\"ListItem\",\"position\":3,\"name\":\"catal\u00e0\",\"item\":\"https:\\\/\\\/www.editorialjuventud.es\\\/coleccion\\\/catala\\\/\"},{\"@type\":\"ListItem\",\"position\":4,\"name\":\"Com fer-se amic d'un fantasma\"}]},{\"@type\":\"WebSite\",\"@id\":\"https:\\\/\\\/www.editorialjuventud.es\\\/#website\",\"url\":\"https:\\\/\\\/www.editorialjuventud.es\\\/\",\"name\":\"Editorial Juventud\",\"description\":\"\",\"potentialAction\":[{\"@type\":\"SearchAction\",\"target\":{\"@type\":\"EntryPoint\",\"urlTemplate\":\"https:\\\/\\\/www.editorialjuventud.es\\\/?s={search_term_string}\"},\"query-input\":{\"@type\":\"PropertyValueSpecification\",\"valueRequired\":true,\"valueName\":\"search_term_string\"}}],\"inLanguage\":\"ca\"}]}<\/script>\n<!-- \/ Yoast SEO plugin. -->","yoast_head_json":{"title":"Com fer-se amic d'un fantasma - Editorial Juventud","description":"Qu\u00e8 has de fer quan coneixes un fantasma? Primer: ofereix al fantasma algunes de les seves llaminadures preferides, com per exemple torrades amb floridura","robots":{"index":"index","follow":"follow","max-snippet":"max-snippet:-1","max-image-preview":"max-image-preview:large","max-video-preview":"max-video-preview:-1"},"canonical":"https:\/\/www.editorialjuventud.es\/com-ferse-amic-dun-fantasma-9788426145529\/","og_locale":"ca_ES","og_type":"article","og_title":"Com fer-se amic d'un fantasma - Editorial Juventud","og_description":"Qu\u00e8 has de fer quan coneixes un fantasma? Primer: ofereix al fantasma algunes de les seves llaminadures preferides, com per exemple torrades amb floridura","og_url":"https:\/\/www.editorialjuventud.es\/com-ferse-amic-dun-fantasma-9788426145529\/","og_site_name":"Editorial Juventud","article_modified_time":"2025-01-22T11:56:46+00:00","og_image":[{"width":567,"height":566,"url":"https:\/\/www.editorialjuventud.es\/wp-content\/uploads\/9788426145529.jpg","type":"image\/jpeg"}],"twitter_card":"summary_large_image","twitter_misc":{"Temps estimat de lectura":"1 minut"},"schema":{"@context":"https:\/\/schema.org","@graph":[{"@type":"WebPage","@id":"https:\/\/www.editorialjuventud.es\/com-ferse-amic-dun-fantasma-9788426145529\/","url":"https:\/\/www.editorialjuventud.es\/com-ferse-amic-dun-fantasma-9788426145529\/","name":"Com fer-se amic d'un fantasma - Editorial Juventud","isPartOf":{"@id":"https:\/\/www.editorialjuventud.es\/#website"},"primaryImageOfPage":{"@id":"https:\/\/www.editorialjuventud.es\/com-ferse-amic-dun-fantasma-9788426145529\/#primaryimage"},"image":{"@id":"https:\/\/www.editorialjuventud.es\/com-ferse-amic-dun-fantasma-9788426145529\/#primaryimage"},"thumbnailUrl":"https:\/\/www.editorialjuventud.es\/wp-content\/uploads\/9788426145529.jpg","datePublished":"2019-10-07T07:32:49+00:00","dateModified":"2025-01-22T11:56:46+00:00","description":"Qu\u00e8 has de fer quan coneixes un fantasma? Primer: ofereix al fantasma algunes de les seves llaminadures preferides, com per exemple torrades amb floridura","breadcrumb":{"@id":"https:\/\/www.editorialjuventud.es\/com-ferse-amic-dun-fantasma-9788426145529\/#breadcrumb"},"inLanguage":"ca","potentialAction":[{"@type":"ReadAction","target":["https:\/\/www.editorialjuventud.es\/com-ferse-amic-dun-fantasma-9788426145529\/"]}]},{"@type":"ImageObject","inLanguage":"ca","@id":"https:\/\/www.editorialjuventud.es\/com-ferse-amic-dun-fantasma-9788426145529\/#primaryimage","url":"https:\/\/www.editorialjuventud.es\/wp-content\/uploads\/9788426145529.jpg","contentUrl":"https:\/\/www.editorialjuventud.es\/wp-content\/uploads\/9788426145529.jpg","width":567,"height":566,"caption":"9788426145529.jpg"},{"@type":"BreadcrumbList","@id":"https:\/\/www.editorialjuventud.es\/com-ferse-amic-dun-fantasma-9788426145529\/#breadcrumb","itemListElement":[{"@type":"ListItem","position":1,"name":"Portada","item":"https:\/\/www.editorialjuventud.es\/"},{"@type":"ListItem","position":2,"name":"cat\u00e1logo","item":"https:\/\/www.editorialjuventud.es\/coleccion\/catalogo\/"},{"@type":"ListItem","position":3,"name":"catal\u00e0","item":"https:\/\/www.editorialjuventud.es\/coleccion\/catala\/"},{"@type":"ListItem","position":4,"name":"Com fer-se amic d'un fantasma"}]},{"@type":"WebSite","@id":"https:\/\/www.editorialjuventud.es\/#website","url":"https:\/\/www.editorialjuventud.es\/","name":"Editorial Juventud","description":"","potentialAction":[{"@type":"SearchAction","target":{"@type":"EntryPoint","urlTemplate":"https:\/\/www.editorialjuventud.es\/?s={search_term_string}"},"query-input":{"@type":"PropertyValueSpecification","valueRequired":true,"valueName":"search_term_string"}}],"inLanguage":"ca"}]}},"_links":{"self":[{"href":"https:\/\/www.editorialjuventud.es\/ca\/wp-json\/wp\/v2\/product\/32824","targetHints":{"allow":["GET"]}}],"collection":[{"href":"https:\/\/www.editorialjuventud.es\/ca\/wp-json\/wp\/v2\/product"}],"about":[{"href":"https:\/\/www.editorialjuventud.es\/ca\/wp-json\/wp\/v2\/types\/product"}],"wp:featuredmedia":[{"embeddable":true,"href":"https:\/\/www.editorialjuventud.es\/ca\/wp-json\/wp\/v2\/media\/32825"}],"wp:attachment":[{"href":"https:\/\/www.editorialjuventud.es\/ca\/wp-json\/wp\/v2\/media?parent=32824"}],"wp:term":[{"taxonomy":"product_brand","embeddable":true,"href":"https:\/\/www.editorialjuventud.es\/ca\/wp-json\/wp\/v2\/product_brand?post=32824"},{"taxonomy":"product_cat","embeddable":true,"href":"https:\/\/www.editorialjuventud.es\/ca\/wp-json\/wp\/v2\/product_cat?post=32824"},{"taxonomy":"product_tag","embeddable":true,"href":"https:\/\/www.editorialjuventud.es\/ca\/wp-json\/wp\/v2\/product_tag?post=32824"},{"taxonomy":"coleccion","embeddable":true,"href":"https:\/\/www.editorialjuventud.es\/ca\/wp-json\/wp\/v2\/coleccion?post=32824"}],"curies":[{"name":"wp","href":"https:\/\/api.w.org\/{rel}","templated":true}]}}