{"id":32821,"date":"2019-10-07T09:32:10","date_gmt":"2019-10-07T07:32:10","guid":{"rendered":"https:\/\/www.editorialjuventud.es\/como-hacerse-amigo-de-un-fantasma-9788426145512\/"},"modified":"2025-01-22T12:56:40","modified_gmt":"2025-01-22T11:56:40","slug":"como-hacerse-amigo-de-un-fantasma-9788426145512","status":"publish","type":"product","link":"https:\/\/www.editorialjuventud.es\/ca\/como-hacerse-amigo-de-un-fantasma-9788426145512\/","title":{"rendered":"C\u00f3mo hacerse amigo de un fantasma"},"content":{"rendered":"<p>\u00bfQu\u00e9 debes hacer cuando conoces a un fantasma? Uno: Ofrece al fantasma algunos de sus bocados favoritos, como tostadas mohosas o trufas de cera de oreja. Dos: cu\u00e9ntale a tu fantasma historias de miedo para ir a dormir (a los fantasmas les encanta que les lean). Tres: \u00a1No dejes que se coman a tu fantasma! Hay quien los confunde con comida como nata montada o huevos fritos.<br \/>Si sigues estos sencillos pasos y el resto de los consejos que se recogen en esta gu\u00eda pr\u00e1ctica llamada C\u00f3mo hacerse amigo de un fantasma, aprender\u00e1s c\u00f3mo cultivar una amistad que te acompa\u00f1ar\u00e1 toda tu vida (\u00a1e incluso en el m\u00e1s all\u00e1!).<\/p>\n<p>Este debut como autora de la ilustradora Rebecca Green es una combinaci\u00f3n perfecta de humor poco convencional con un estilo de ilustraci\u00f3n peculiar y dulce que trata de manera &#8216;fantasm\u00e1-tica&#8217; el cl\u00e1sico tema de la amistad.<\/p>\n","protected":false},"excerpt":{"rendered":"\u00bfQu\u00e9 debes hacer cuando conoces a un fantasma? Uno: Ofrece al fantasma algunos de sus bocados favoritos, como tostadas mohosas o trufas de cera de oreja. Dos: cu\u00e9ntale a tu fantasma historias de miedo para ir a dormir (a los [&hellip;]","protected":false},"featured_media":32822,"template":"","meta":{"_acf_changed":false,"_exactmetrics_skip_tracking":false,"_exactmetrics_sitenote_active":false,"_exactmetrics_sitenote_note":"","_exactmetrics_sitenote_category":0},"product_brand":[],"product_cat":[900,1121,1136,1157,892,1115,1184,1128],"product_tag":[],"coleccion":[928,916,1235],"class_list":{"0":"post-32821","1":"product","2":"type-product","3":"status-publish","4":"has-post-thumbnail","6":"product_cat-a-partir-de-5-anos","7":"product_cat-albumes-ilustrados","8":"product_cat-amistad","9":"product_cat-crecer","10":"product_cat-edades","11":"product_cat-generos","12":"product_cat-humor","13":"product_cat-tematica","14":"coleccion-albumes-ilustrados","15":"coleccion-castellano","16":"coleccion-un-millon-de-amigos","18":"first","19":"instock","20":"taxable","21":"shipping-taxable","22":"purchasable","23":"product-type-simple"},"acf":{"indice":"","autor":"Green, Rebecca","codart":"4551","ediciones":"1","encuadernacion":"Carton\u00e9","fecha_de_publicacion":"01\/10\/2019","novedad":"0","paginas":"48","subtitulo":"","texto_web_adicional":"","autores-libros":[33006],"ilustradores-libros":[33006],"texto_web_novedad":"","orden":"999","portada":"0","texto_web_resaltado":"","traductores-libros":[18265],"descripcion_corta":"\u00bfQu\u00e9 debes hacer cuando conoces a un fantasma?","recomendamos":"","mas_vendido":"","idioma-libro":"","color":false,"formato":"","mas_informacion_del_producto":false,"premios":false,"texto_enlace_cubierta":"","enlace_cubierta":{"ID":33078,"id":33078,"title":"Exterior How to Make Friends Ghost v1.indd","filename":"ComoHacerseAmigoFantasma_Cover_300px_CAST-1.jpg","filesize":1270400,"url":"https:\/\/www.editorialjuventud.es\/wp-content\/uploads\/ComoHacerseAmigoFantasma_Cover_300px_CAST-1.jpg","link":"https:\/\/www.editorialjuventud.es\/ca\/?attachment_id=33078","alt":"","author":"50","description":"","caption":"","name":"exterior-how-to-make-friends-ghost-v1-indd-5","status":"inherit","uploaded_to":32821,"date":"2019-10-10 16:00:49","modified":"2019-10-10 16:00:49","menu_order":0,"mime_type":"image\/jpeg","type":"image","subtype":"jpeg","icon":"https:\/\/www.editorialjuventud.es\/wp-includes\/images\/media\/default.png","width":2767,"height":2766,"sizes":{"thumbnail":"https:\/\/www.editorialjuventud.es\/wp-content\/uploads\/ComoHacerseAmigoFantasma_Cover_300px_CAST-1-200x200.jpg","thumbnail-width":200,"thumbnail-height":200,"medium":"https:\/\/www.editorialjuventud.es\/wp-content\/uploads\/ComoHacerseAmigoFantasma_Cover_300px_CAST-1.jpg","medium-width":2767,"medium-height":2766,"medium_large":"https:\/\/www.editorialjuventud.es\/wp-content\/uploads\/ComoHacerseAmigoFantasma_Cover_300px_CAST-1-768x768.jpg","medium_large-width":768,"medium_large-height":768,"large":"https:\/\/www.editorialjuventud.es\/wp-content\/uploads\/ComoHacerseAmigoFantasma_Cover_300px_CAST-1.jpg","large-width":2767,"large-height":2766,"1536x1536":"https:\/\/www.editorialjuventud.es\/wp-content\/uploads\/ComoHacerseAmigoFantasma_Cover_300px_CAST-1.jpg","1536x1536-width":1536,"1536x1536-height":1536,"2048x2048":"https:\/\/www.editorialjuventud.es\/wp-content\/uploads\/ComoHacerseAmigoFantasma_Cover_300px_CAST-1.jpg","2048x2048-width":2048,"2048x2048-height":2048,"woocommerce_thumbnail":"https:\/\/www.editorialjuventud.es\/wp-content\/uploads\/ComoHacerseAmigoFantasma_Cover_300px_CAST-1-350x350.jpg","woocommerce_thumbnail-width":350,"woocommerce_thumbnail-height":350,"woocommerce_single":"https:\/\/www.editorialjuventud.es\/wp-content\/uploads\/ComoHacerseAmigoFantasma_Cover_300px_CAST-1-900x900.jpg","woocommerce_single-width":900,"woocommerce_single-height":900,"woocommerce_gallery_thumbnail":"https:\/\/www.editorialjuventud.es\/wp-content\/uploads\/ComoHacerseAmigoFantasma_Cover_300px_CAST-1-100x100.jpg","woocommerce_gallery_thumbnail-width":100,"woocommerce_gallery_thumbnail-height":100,"ppec_logo_image_size":"https:\/\/www.editorialjuventud.es\/wp-content\/uploads\/ComoHacerseAmigoFantasma_Cover_300px_CAST-1.jpg","ppec_logo_image_size-width":60,"ppec_logo_image_size-height":60,"ppec_header_image_size":"https:\/\/www.editorialjuventud.es\/wp-content\/uploads\/ComoHacerseAmigoFantasma_Cover_300px_CAST-1.jpg","ppec_header_image_size-width":90,"ppec_header_image_size-height":90}},"texto_enlace_ficha_tecnica":"","enlace_ficha_tecnica":{"ID":32905,"id":32905,"title":"Como hacerse amigo de un fantasma CAST_V3","filename":"Como-hacerse-amigo-de-un-fantasma-CAST_V3.pdf","filesize":1895346,"url":"https:\/\/www.editorialjuventud.es\/wp-content\/uploads\/Como-hacerse-amigo-de-un-fantasma-CAST_V3.pdf","link":"https:\/\/www.editorialjuventud.es\/ca\/?attachment_id=32905","alt":"","author":"50","description":"","caption":"","name":"como-hacerse-amigo-de-un-fantasma-cast_v3","status":"inherit","uploaded_to":32821,"date":"2019-10-09 09:18:58","modified":"2019-10-09 09:18:58","menu_order":0,"mime_type":"application\/pdf","type":"application","subtype":"pdf","icon":"https:\/\/www.editorialjuventud.es\/wp-includes\/images\/media\/document.png"},"ficheros":false,"titulo-fr":"","texto-fr":""},"yoast_head":"<!-- This site is optimized with the Yoast SEO plugin v27.5 - https:\/\/yoast.com\/product\/yoast-seo-wordpress\/ -->\n<title>C\u00f3mo hacerse amigo de un fantasma - Editorial Juventud<\/title>\n<meta name=\"description\" content=\"\u00bfQu\u00e9 debes hacer cuando conoces a un fantasma? Uno: Ofrece al fantasma algunos de sus bocados favoritos, como tostadas mohosas o trufas de cera de oreja.\" \/>\n<meta name=\"robots\" content=\"index, follow, max-snippet:-1, max-image-preview:large, max-video-preview:-1\" \/>\n<link rel=\"canonical\" href=\"https:\/\/www.editorialjuventud.es\/como-hacerse-amigo-de-un-fantasma-9788426145512\/\" \/>\n<meta property=\"og:locale\" content=\"ca_ES\" \/>\n<meta property=\"og:type\" content=\"article\" \/>\n<meta property=\"og:title\" content=\"C\u00f3mo hacerse amigo de un fantasma - Editorial Juventud\" \/>\n<meta property=\"og:description\" content=\"\u00bfQu\u00e9 debes hacer cuando conoces a un fantasma? Uno: Ofrece al fantasma algunos de sus bocados favoritos, como tostadas mohosas o trufas de cera de oreja.\" \/>\n<meta property=\"og:url\" content=\"https:\/\/www.editorialjuventud.es\/como-hacerse-amigo-de-un-fantasma-9788426145512\/\" \/>\n<meta property=\"og:site_name\" content=\"Editorial Juventud\" \/>\n<meta property=\"article:modified_time\" content=\"2025-01-22T11:56:40+00:00\" \/>\n<meta property=\"og:image\" content=\"https:\/\/www.editorialjuventud.es\/wp-content\/uploads\/9788426145512.jpg\" \/>\n\t<meta property=\"og:image:width\" content=\"567\" \/>\n\t<meta property=\"og:image:height\" content=\"567\" \/>\n\t<meta property=\"og:image:type\" content=\"image\/jpeg\" \/>\n<meta name=\"twitter:card\" content=\"summary_large_image\" \/>\n<meta name=\"twitter:label1\" content=\"Temps estimat de lectura\" \/>\n\t<meta name=\"twitter:data1\" content=\"1 minut\" \/>\n<script type=\"application\/ld+json\" class=\"yoast-schema-graph\">{\"@context\":\"https:\\\/\\\/schema.org\",\"@graph\":[{\"@type\":\"WebPage\",\"@id\":\"https:\\\/\\\/www.editorialjuventud.es\\\/como-hacerse-amigo-de-un-fantasma-9788426145512\\\/\",\"url\":\"https:\\\/\\\/www.editorialjuventud.es\\\/como-hacerse-amigo-de-un-fantasma-9788426145512\\\/\",\"name\":\"C\u00f3mo hacerse amigo de un fantasma - Editorial Juventud\",\"isPartOf\":{\"@id\":\"https:\\\/\\\/www.editorialjuventud.es\\\/#website\"},\"primaryImageOfPage\":{\"@id\":\"https:\\\/\\\/www.editorialjuventud.es\\\/como-hacerse-amigo-de-un-fantasma-9788426145512\\\/#primaryimage\"},\"image\":{\"@id\":\"https:\\\/\\\/www.editorialjuventud.es\\\/como-hacerse-amigo-de-un-fantasma-9788426145512\\\/#primaryimage\"},\"thumbnailUrl\":\"https:\\\/\\\/www.editorialjuventud.es\\\/wp-content\\\/uploads\\\/9788426145512.jpg\",\"datePublished\":\"2019-10-07T07:32:10+00:00\",\"dateModified\":\"2025-01-22T11:56:40+00:00\",\"description\":\"\u00bfQu\u00e9 debes hacer cuando conoces a un fantasma? Uno: Ofrece al fantasma algunos de sus bocados favoritos, como tostadas mohosas o trufas de cera de oreja.\",\"breadcrumb\":{\"@id\":\"https:\\\/\\\/www.editorialjuventud.es\\\/como-hacerse-amigo-de-un-fantasma-9788426145512\\\/#breadcrumb\"},\"inLanguage\":\"ca\",\"potentialAction\":[{\"@type\":\"ReadAction\",\"target\":[\"https:\\\/\\\/www.editorialjuventud.es\\\/como-hacerse-amigo-de-un-fantasma-9788426145512\\\/\"]}]},{\"@type\":\"ImageObject\",\"inLanguage\":\"ca\",\"@id\":\"https:\\\/\\\/www.editorialjuventud.es\\\/como-hacerse-amigo-de-un-fantasma-9788426145512\\\/#primaryimage\",\"url\":\"https:\\\/\\\/www.editorialjuventud.es\\\/wp-content\\\/uploads\\\/9788426145512.jpg\",\"contentUrl\":\"https:\\\/\\\/www.editorialjuventud.es\\\/wp-content\\\/uploads\\\/9788426145512.jpg\",\"width\":567,\"height\":567,\"caption\":\"9788426145512.jpg\"},{\"@type\":\"BreadcrumbList\",\"@id\":\"https:\\\/\\\/www.editorialjuventud.es\\\/como-hacerse-amigo-de-un-fantasma-9788426145512\\\/#breadcrumb\",\"itemListElement\":[{\"@type\":\"ListItem\",\"position\":1,\"name\":\"Portada\",\"item\":\"https:\\\/\\\/www.editorialjuventud.es\\\/\"},{\"@type\":\"ListItem\",\"position\":2,\"name\":\"cat\u00e1logo\",\"item\":\"https:\\\/\\\/www.editorialjuventud.es\\\/coleccion\\\/catalogo\\\/\"},{\"@type\":\"ListItem\",\"position\":3,\"name\":\"castellano\",\"item\":\"https:\\\/\\\/www.editorialjuventud.es\\\/coleccion\\\/castellano\\\/\"},{\"@type\":\"ListItem\",\"position\":4,\"name\":\"\u00c1lbumes Ilustrados\",\"item\":\"https:\\\/\\\/www.editorialjuventud.es\\\/coleccion\\\/albumes-ilustrados\\\/\"},{\"@type\":\"ListItem\",\"position\":5,\"name\":\"Un Mill\u00f3n de Amigos\",\"item\":\"https:\\\/\\\/www.editorialjuventud.es\\\/coleccion\\\/un-millon-de-amigos\\\/\"},{\"@type\":\"ListItem\",\"position\":6,\"name\":\"C\u00f3mo hacerse amigo de un fantasma\"}]},{\"@type\":\"WebSite\",\"@id\":\"https:\\\/\\\/www.editorialjuventud.es\\\/#website\",\"url\":\"https:\\\/\\\/www.editorialjuventud.es\\\/\",\"name\":\"Editorial Juventud\",\"description\":\"\",\"potentialAction\":[{\"@type\":\"SearchAction\",\"target\":{\"@type\":\"EntryPoint\",\"urlTemplate\":\"https:\\\/\\\/www.editorialjuventud.es\\\/?s={search_term_string}\"},\"query-input\":{\"@type\":\"PropertyValueSpecification\",\"valueRequired\":true,\"valueName\":\"search_term_string\"}}],\"inLanguage\":\"ca\"}]}<\/script>\n<!-- \/ Yoast SEO plugin. -->","yoast_head_json":{"title":"C\u00f3mo hacerse amigo de un fantasma - Editorial Juventud","description":"\u00bfQu\u00e9 debes hacer cuando conoces a un fantasma? Uno: Ofrece al fantasma algunos de sus bocados favoritos, como tostadas mohosas o trufas de cera de oreja.","robots":{"index":"index","follow":"follow","max-snippet":"max-snippet:-1","max-image-preview":"max-image-preview:large","max-video-preview":"max-video-preview:-1"},"canonical":"https:\/\/www.editorialjuventud.es\/como-hacerse-amigo-de-un-fantasma-9788426145512\/","og_locale":"ca_ES","og_type":"article","og_title":"C\u00f3mo hacerse amigo de un fantasma - Editorial Juventud","og_description":"\u00bfQu\u00e9 debes hacer cuando conoces a un fantasma? Uno: Ofrece al fantasma algunos de sus bocados favoritos, como tostadas mohosas o trufas de cera de oreja.","og_url":"https:\/\/www.editorialjuventud.es\/como-hacerse-amigo-de-un-fantasma-9788426145512\/","og_site_name":"Editorial Juventud","article_modified_time":"2025-01-22T11:56:40+00:00","og_image":[{"width":567,"height":567,"url":"https:\/\/www.editorialjuventud.es\/wp-content\/uploads\/9788426145512.jpg","type":"image\/jpeg"}],"twitter_card":"summary_large_image","twitter_misc":{"Temps estimat de lectura":"1 minut"},"schema":{"@context":"https:\/\/schema.org","@graph":[{"@type":"WebPage","@id":"https:\/\/www.editorialjuventud.es\/como-hacerse-amigo-de-un-fantasma-9788426145512\/","url":"https:\/\/www.editorialjuventud.es\/como-hacerse-amigo-de-un-fantasma-9788426145512\/","name":"C\u00f3mo hacerse amigo de un fantasma - Editorial Juventud","isPartOf":{"@id":"https:\/\/www.editorialjuventud.es\/#website"},"primaryImageOfPage":{"@id":"https:\/\/www.editorialjuventud.es\/como-hacerse-amigo-de-un-fantasma-9788426145512\/#primaryimage"},"image":{"@id":"https:\/\/www.editorialjuventud.es\/como-hacerse-amigo-de-un-fantasma-9788426145512\/#primaryimage"},"thumbnailUrl":"https:\/\/www.editorialjuventud.es\/wp-content\/uploads\/9788426145512.jpg","datePublished":"2019-10-07T07:32:10+00:00","dateModified":"2025-01-22T11:56:40+00:00","description":"\u00bfQu\u00e9 debes hacer cuando conoces a un fantasma? Uno: Ofrece al fantasma algunos de sus bocados favoritos, como tostadas mohosas o trufas de cera de oreja.","breadcrumb":{"@id":"https:\/\/www.editorialjuventud.es\/como-hacerse-amigo-de-un-fantasma-9788426145512\/#breadcrumb"},"inLanguage":"ca","potentialAction":[{"@type":"ReadAction","target":["https:\/\/www.editorialjuventud.es\/como-hacerse-amigo-de-un-fantasma-9788426145512\/"]}]},{"@type":"ImageObject","inLanguage":"ca","@id":"https:\/\/www.editorialjuventud.es\/como-hacerse-amigo-de-un-fantasma-9788426145512\/#primaryimage","url":"https:\/\/www.editorialjuventud.es\/wp-content\/uploads\/9788426145512.jpg","contentUrl":"https:\/\/www.editorialjuventud.es\/wp-content\/uploads\/9788426145512.jpg","width":567,"height":567,"caption":"9788426145512.jpg"},{"@type":"BreadcrumbList","@id":"https:\/\/www.editorialjuventud.es\/como-hacerse-amigo-de-un-fantasma-9788426145512\/#breadcrumb","itemListElement":[{"@type":"ListItem","position":1,"name":"Portada","item":"https:\/\/www.editorialjuventud.es\/"},{"@type":"ListItem","position":2,"name":"cat\u00e1logo","item":"https:\/\/www.editorialjuventud.es\/coleccion\/catalogo\/"},{"@type":"ListItem","position":3,"name":"castellano","item":"https:\/\/www.editorialjuventud.es\/coleccion\/castellano\/"},{"@type":"ListItem","position":4,"name":"\u00c1lbumes Ilustrados","item":"https:\/\/www.editorialjuventud.es\/coleccion\/albumes-ilustrados\/"},{"@type":"ListItem","position":5,"name":"Un Mill\u00f3n de Amigos","item":"https:\/\/www.editorialjuventud.es\/coleccion\/un-millon-de-amigos\/"},{"@type":"ListItem","position":6,"name":"C\u00f3mo hacerse amigo de un fantasma"}]},{"@type":"WebSite","@id":"https:\/\/www.editorialjuventud.es\/#website","url":"https:\/\/www.editorialjuventud.es\/","name":"Editorial Juventud","description":"","potentialAction":[{"@type":"SearchAction","target":{"@type":"EntryPoint","urlTemplate":"https:\/\/www.editorialjuventud.es\/?s={search_term_string}"},"query-input":{"@type":"PropertyValueSpecification","valueRequired":true,"valueName":"search_term_string"}}],"inLanguage":"ca"}]}},"_links":{"self":[{"href":"https:\/\/www.editorialjuventud.es\/ca\/wp-json\/wp\/v2\/product\/32821","targetHints":{"allow":["GET"]}}],"collection":[{"href":"https:\/\/www.editorialjuventud.es\/ca\/wp-json\/wp\/v2\/product"}],"about":[{"href":"https:\/\/www.editorialjuventud.es\/ca\/wp-json\/wp\/v2\/types\/product"}],"wp:featuredmedia":[{"embeddable":true,"href":"https:\/\/www.editorialjuventud.es\/ca\/wp-json\/wp\/v2\/media\/32822"}],"wp:attachment":[{"href":"https:\/\/www.editorialjuventud.es\/ca\/wp-json\/wp\/v2\/media?parent=32821"}],"wp:term":[{"taxonomy":"product_brand","embeddable":true,"href":"https:\/\/www.editorialjuventud.es\/ca\/wp-json\/wp\/v2\/product_brand?post=32821"},{"taxonomy":"product_cat","embeddable":true,"href":"https:\/\/www.editorialjuventud.es\/ca\/wp-json\/wp\/v2\/product_cat?post=32821"},{"taxonomy":"product_tag","embeddable":true,"href":"https:\/\/www.editorialjuventud.es\/ca\/wp-json\/wp\/v2\/product_tag?post=32821"},{"taxonomy":"coleccion","embeddable":true,"href":"https:\/\/www.editorialjuventud.es\/ca\/wp-json\/wp\/v2\/coleccion?post=32821"}],"curies":[{"name":"wp","href":"https:\/\/api.w.org\/{rel}","templated":true}]}}