{"id":31678,"date":"2019-09-03T09:55:55","date_gmt":"2019-09-03T07:55:55","guid":{"rendered":"https:\/\/www.editorialjuventud.es\/petra-9788426146090\/"},"modified":"2025-01-22T12:52:53","modified_gmt":"2025-01-22T11:52:53","slug":"petra-9788426146090","status":"publish","type":"product","link":"https:\/\/www.editorialjuventud.es\/ca\/petra-9788426146090\/","title":{"rendered":"Petra"},"content":{"rendered":"<p>\u00c9s una muntanya? \u00c9s una illa? \u00c9s Petra! Amb il\u00b7lustracions senzilles per\u00f2 tendres, ens desplacem a l&#8217;univers imaginari d&#8217;una pedreta que es troba en circumst\u00e0ncies que canvien constantment. Un \u00e0lbum que ens demostra el poder de la perspectiva i de la imaginaci\u00f3. Presta molta atenci\u00f3, Petra de ben segur et sorprendr\u00e0!<\/p>\n<p>Petra \u00e9s una petita pedra que es creu que \u00e9s una majestuosa muntanya&#8230; fins que un gos la recull per jugar amb el seu amo i acaba anant a parar a un niu d&#8217;ocells. Segueix creient que \u00e9s una muntanya? No, Petra ara \u00e9s un ou! Un ou dins d&#8217;un m\u00f3n ple de possibilitats. Despr\u00e9s cau en un estany i es converteix en una illa incre\u00efble&#8230; i finalment en la mascota d&#8217;una nena. Qu\u00e8 ser\u00e0 dem\u00e0 Petra? Qui sap?!<\/p>\n<p>Un llibre carregat d&#8217;optimisme i humor per conversar sobre all\u00f2 que volem ser. Hi ha moltes opcions i totes s\u00f3n igual de fant\u00e0stiques. La vida no para de fluir, per\u00f2 tu pots ser el que vulguis. I si la vida et presenta un problema, fes com Petra: canvia de perspectiva! <\/p>\n","protected":false},"excerpt":{"rendered":"\u00c9s una muntanya? \u00c9s una illa? \u00c9s Petra! Amb il\u00b7lustracions senzilles per\u00f2 tendres, ens desplacem a l&#8217;univers imaginari d&#8217;una pedreta que es troba en circumst\u00e0ncies que canvien constantment. Un \u00e0lbum que ens demostra el poder de la perspectiva i de [&hellip;]","protected":false},"featured_media":31679,"template":"","meta":{"_acf_changed":false,"_exactmetrics_skip_tracking":false,"_exactmetrics_sitenote_active":false,"_exactmetrics_sitenote_note":"","_exactmetrics_sitenote_category":0},"product_brand":[],"product_cat":[899,1121,1141,1184,1201],"product_tag":[],"coleccion":[917,915,949],"class_list":{"0":"post-31678","1":"product","2":"type-product","3":"status-publish","4":"has-post-thumbnail","6":"product_cat-a-partir-de-3-anos","7":"product_cat-albumes-ilustrados","8":"product_cat-autoestima","9":"product_cat-humor","10":"product_cat-naturaleza-biodiversidad","11":"coleccion-albums-illustrats","12":"coleccion-catala","13":"coleccion-creixer-en-valors","15":"first","16":"instock","17":"taxable","18":"shipping-taxable","19":"purchasable","20":"product-type-simple"},"acf":{"indice":"","autor":"Coppo, Marianna","codart":"4609","ediciones":"1","encuadernacion":"Carton\u00e9","fecha_de_publicacion":"01\/09\/2019","novedad":"0","paginas":"48","subtitulo":"","texto_web_adicional":"","autores-libros":[31670],"ilustradores-libros":[31670],"texto_web_novedad":"","orden":"999","portada":"0","texto_web_resaltado":"","traductores-libros":[17933],"descripcion_corta":"","recomendamos":"","mas_vendido":"","idioma-libro":"","color":false,"formato":"","mas_informacion_del_producto":false,"premios":false,"texto_enlace_cubierta":"","enlace_cubierta":{"ID":31748,"id":31748,"title":"cover PETRA (2 idiomas).indd","filename":"PETRA_Cover_300px_CAT.jpg","filesize":407638,"url":"https:\/\/www.editorialjuventud.es\/wp-content\/uploads\/PETRA_Cover_300px_CAT.jpg","link":"https:\/\/www.editorialjuventud.es\/ca\/?attachment_id=31748","alt":"","author":"50","description":"","caption":"","name":"cover-petra-2-idiomas-indd-4","status":"inherit","uploaded_to":31678,"date":"2019-09-04 10:14:20","modified":"2019-09-04 10:14:20","menu_order":0,"mime_type":"image\/jpeg","type":"image","subtype":"jpeg","icon":"https:\/\/www.editorialjuventud.es\/wp-includes\/images\/media\/default.png","width":2187,"height":3189,"sizes":{"thumbnail":"https:\/\/www.editorialjuventud.es\/wp-content\/uploads\/PETRA_Cover_300px_CAT-200x200.jpg","thumbnail-width":200,"thumbnail-height":200,"medium":"https:\/\/www.editorialjuventud.es\/wp-content\/uploads\/PETRA_Cover_300px_CAT.jpg","medium-width":2187,"medium-height":3189,"medium_large":"https:\/\/www.editorialjuventud.es\/wp-content\/uploads\/PETRA_Cover_300px_CAT-768x1120.jpg","medium_large-width":768,"medium_large-height":1120,"large":"https:\/\/www.editorialjuventud.es\/wp-content\/uploads\/PETRA_Cover_300px_CAT.jpg","large-width":2187,"large-height":3189,"1536x1536":"https:\/\/www.editorialjuventud.es\/wp-content\/uploads\/PETRA_Cover_300px_CAT.jpg","1536x1536-width":1053,"1536x1536-height":1536,"2048x2048":"https:\/\/www.editorialjuventud.es\/wp-content\/uploads\/PETRA_Cover_300px_CAT.jpg","2048x2048-width":1405,"2048x2048-height":2048,"woocommerce_thumbnail":"https:\/\/www.editorialjuventud.es\/wp-content\/uploads\/PETRA_Cover_300px_CAT-350x510.jpg","woocommerce_thumbnail-width":350,"woocommerce_thumbnail-height":510,"woocommerce_single":"https:\/\/www.editorialjuventud.es\/wp-content\/uploads\/PETRA_Cover_300px_CAT-900x1312.jpg","woocommerce_single-width":900,"woocommerce_single-height":1312,"woocommerce_gallery_thumbnail":"https:\/\/www.editorialjuventud.es\/wp-content\/uploads\/PETRA_Cover_300px_CAT-100x100.jpg","woocommerce_gallery_thumbnail-width":100,"woocommerce_gallery_thumbnail-height":100,"ppec_logo_image_size":"https:\/\/www.editorialjuventud.es\/wp-content\/uploads\/PETRA_Cover_300px_CAT.jpg","ppec_logo_image_size-width":41,"ppec_logo_image_size-height":60,"ppec_header_image_size":"https:\/\/www.editorialjuventud.es\/wp-content\/uploads\/PETRA_Cover_300px_CAT.jpg","ppec_header_image_size-width":62,"ppec_header_image_size-height":90}},"texto_enlace_ficha_tecnica":"","enlace_ficha_tecnica":{"ID":31911,"id":31911,"title":"Fitxa_Petra","filename":"Fitxa_Petra.pdf","filesize":1223310,"url":"https:\/\/www.editorialjuventud.es\/wp-content\/uploads\/Fitxa_Petra.pdf","link":"https:\/\/www.editorialjuventud.es\/ca\/?attachment_id=31911","alt":"","author":"50","description":"","caption":"","name":"fitxa_petra","status":"inherit","uploaded_to":31678,"date":"2019-09-09 21:07:20","modified":"2019-09-09 21:07:20","menu_order":0,"mime_type":"application\/pdf","type":"application","subtype":"pdf","icon":"https:\/\/www.editorialjuventud.es\/wp-includes\/images\/media\/document.png"},"ficheros":false,"titulo-fr":"","texto-fr":"","fecha_de_reimpresion":"","deshabilitar_compra":["deshabilitar"]},"yoast_head":"<!-- This site is optimized with the Yoast SEO plugin v27.5 - https:\/\/yoast.com\/product\/yoast-seo-wordpress\/ -->\n<title>Petra - Editorial Juventud<\/title>\n<meta name=\"description\" content=\"\u00c9s una muntanya? \u00c9s una illa? \u00c9s Petra! Amb il\u00b7lustracions senzilles per\u00f2 tendres, ens desplacem a l&#039;univers imaginari d&#039;una pedreta que es troba en circumst\u00e0ncies que canvien constantment. Un \u00e0lbum que ens demostra el poder de la perspectiva i de la imaginaci\u00f3. Presta molta atenci\u00f3, Petra de ben segur et sorprendr\u00e0!\" \/>\n<meta name=\"robots\" content=\"index, follow, max-snippet:-1, max-image-preview:large, max-video-preview:-1\" \/>\n<link rel=\"canonical\" href=\"https:\/\/www.editorialjuventud.es\/petra-9788426146090\/\" \/>\n<meta property=\"og:locale\" content=\"ca_ES\" \/>\n<meta property=\"og:type\" content=\"article\" \/>\n<meta property=\"og:title\" content=\"Petra - Editorial Juventud\" \/>\n<meta property=\"og:description\" content=\"\u00c9s una muntanya? \u00c9s una illa? \u00c9s Petra! Amb il\u00b7lustracions senzilles per\u00f2 tendres, ens desplacem a l&#039;univers imaginari d&#039;una pedreta que es troba en circumst\u00e0ncies que canvien constantment. Un \u00e0lbum que ens demostra el poder de la perspectiva i de la imaginaci\u00f3. Presta molta atenci\u00f3, Petra de ben segur et sorprendr\u00e0!\" \/>\n<meta property=\"og:url\" content=\"https:\/\/www.editorialjuventud.es\/petra-9788426146090\/\" \/>\n<meta property=\"og:site_name\" content=\"Editorial Juventud\" \/>\n<meta property=\"article:modified_time\" content=\"2025-01-22T11:52:53+00:00\" \/>\n<meta property=\"og:image\" content=\"https:\/\/www.editorialjuventud.es\/wp-content\/uploads\/978842614609.jpg\" \/>\n\t<meta property=\"og:image:width\" content=\"525\" \/>\n\t<meta property=\"og:image:height\" content=\"765\" \/>\n\t<meta property=\"og:image:type\" content=\"image\/jpeg\" \/>\n<meta name=\"twitter:card\" content=\"summary_large_image\" \/>\n<meta name=\"twitter:label1\" content=\"Temps estimat de lectura\" \/>\n\t<meta name=\"twitter:data1\" content=\"1 minut\" \/>\n<script type=\"application\/ld+json\" class=\"yoast-schema-graph\">{\"@context\":\"https:\\\/\\\/schema.org\",\"@graph\":[{\"@type\":\"WebPage\",\"@id\":\"https:\\\/\\\/www.editorialjuventud.es\\\/petra-9788426146090\\\/\",\"url\":\"https:\\\/\\\/www.editorialjuventud.es\\\/petra-9788426146090\\\/\",\"name\":\"Petra - Editorial Juventud\",\"isPartOf\":{\"@id\":\"https:\\\/\\\/www.editorialjuventud.es\\\/#website\"},\"primaryImageOfPage\":{\"@id\":\"https:\\\/\\\/www.editorialjuventud.es\\\/petra-9788426146090\\\/#primaryimage\"},\"image\":{\"@id\":\"https:\\\/\\\/www.editorialjuventud.es\\\/petra-9788426146090\\\/#primaryimage\"},\"thumbnailUrl\":\"https:\\\/\\\/www.editorialjuventud.es\\\/wp-content\\\/uploads\\\/978842614609.jpg\",\"datePublished\":\"2019-09-03T07:55:55+00:00\",\"dateModified\":\"2025-01-22T11:52:53+00:00\",\"description\":\"\u00c9s una muntanya? \u00c9s una illa? \u00c9s Petra! Amb il\u00b7lustracions senzilles per\u00f2 tendres, ens desplacem a l'univers imaginari d'una pedreta que es troba en circumst\u00e0ncies que canvien constantment. Un \u00e0lbum que ens demostra el poder de la perspectiva i de la imaginaci\u00f3. Presta molta atenci\u00f3, Petra de ben segur et sorprendr\u00e0!\",\"breadcrumb\":{\"@id\":\"https:\\\/\\\/www.editorialjuventud.es\\\/petra-9788426146090\\\/#breadcrumb\"},\"inLanguage\":\"ca\",\"potentialAction\":[{\"@type\":\"ReadAction\",\"target\":[\"https:\\\/\\\/www.editorialjuventud.es\\\/petra-9788426146090\\\/\"]}]},{\"@type\":\"ImageObject\",\"inLanguage\":\"ca\",\"@id\":\"https:\\\/\\\/www.editorialjuventud.es\\\/petra-9788426146090\\\/#primaryimage\",\"url\":\"https:\\\/\\\/www.editorialjuventud.es\\\/wp-content\\\/uploads\\\/978842614609.jpg\",\"contentUrl\":\"https:\\\/\\\/www.editorialjuventud.es\\\/wp-content\\\/uploads\\\/978842614609.jpg\",\"width\":525,\"height\":765,\"caption\":\"9788426146090.jpg\"},{\"@type\":\"BreadcrumbList\",\"@id\":\"https:\\\/\\\/www.editorialjuventud.es\\\/petra-9788426146090\\\/#breadcrumb\",\"itemListElement\":[{\"@type\":\"ListItem\",\"position\":1,\"name\":\"Portada\",\"item\":\"https:\\\/\\\/www.editorialjuventud.es\\\/\"},{\"@type\":\"ListItem\",\"position\":2,\"name\":\"cat\u00e1logo\",\"item\":\"https:\\\/\\\/www.editorialjuventud.es\\\/coleccion\\\/catalogo\\\/\"},{\"@type\":\"ListItem\",\"position\":3,\"name\":\"catal\u00e0\",\"item\":\"https:\\\/\\\/www.editorialjuventud.es\\\/coleccion\\\/catala\\\/\"},{\"@type\":\"ListItem\",\"position\":4,\"name\":\"\u00c0lbums Il\u00b7lustrats\",\"item\":\"https:\\\/\\\/www.editorialjuventud.es\\\/coleccion\\\/albums-il%c2%b7lustrats\\\/\"},{\"@type\":\"ListItem\",\"position\":5,\"name\":\"Cr\u00e9ixer en Valors\",\"item\":\"https:\\\/\\\/www.editorialjuventud.es\\\/ca\\\/coleccion\\\/creixer-en-valors\\\/\"},{\"@type\":\"ListItem\",\"position\":6,\"name\":\"Petra\"}]},{\"@type\":\"WebSite\",\"@id\":\"https:\\\/\\\/www.editorialjuventud.es\\\/#website\",\"url\":\"https:\\\/\\\/www.editorialjuventud.es\\\/\",\"name\":\"Editorial Juventud\",\"description\":\"\",\"potentialAction\":[{\"@type\":\"SearchAction\",\"target\":{\"@type\":\"EntryPoint\",\"urlTemplate\":\"https:\\\/\\\/www.editorialjuventud.es\\\/?s={search_term_string}\"},\"query-input\":{\"@type\":\"PropertyValueSpecification\",\"valueRequired\":true,\"valueName\":\"search_term_string\"}}],\"inLanguage\":\"ca\"}]}<\/script>\n<!-- \/ Yoast SEO plugin. -->","yoast_head_json":{"title":"Petra - Editorial Juventud","description":"\u00c9s una muntanya? \u00c9s una illa? \u00c9s Petra! Amb il\u00b7lustracions senzilles per\u00f2 tendres, ens desplacem a l'univers imaginari d'una pedreta que es troba en circumst\u00e0ncies que canvien constantment. Un \u00e0lbum que ens demostra el poder de la perspectiva i de la imaginaci\u00f3. Presta molta atenci\u00f3, Petra de ben segur et sorprendr\u00e0!","robots":{"index":"index","follow":"follow","max-snippet":"max-snippet:-1","max-image-preview":"max-image-preview:large","max-video-preview":"max-video-preview:-1"},"canonical":"https:\/\/www.editorialjuventud.es\/petra-9788426146090\/","og_locale":"ca_ES","og_type":"article","og_title":"Petra - Editorial Juventud","og_description":"\u00c9s una muntanya? \u00c9s una illa? \u00c9s Petra! Amb il\u00b7lustracions senzilles per\u00f2 tendres, ens desplacem a l'univers imaginari d'una pedreta que es troba en circumst\u00e0ncies que canvien constantment. Un \u00e0lbum que ens demostra el poder de la perspectiva i de la imaginaci\u00f3. Presta molta atenci\u00f3, Petra de ben segur et sorprendr\u00e0!","og_url":"https:\/\/www.editorialjuventud.es\/petra-9788426146090\/","og_site_name":"Editorial Juventud","article_modified_time":"2025-01-22T11:52:53+00:00","og_image":[{"width":525,"height":765,"url":"https:\/\/www.editorialjuventud.es\/wp-content\/uploads\/978842614609.jpg","type":"image\/jpeg"}],"twitter_card":"summary_large_image","twitter_misc":{"Temps estimat de lectura":"1 minut"},"schema":{"@context":"https:\/\/schema.org","@graph":[{"@type":"WebPage","@id":"https:\/\/www.editorialjuventud.es\/petra-9788426146090\/","url":"https:\/\/www.editorialjuventud.es\/petra-9788426146090\/","name":"Petra - Editorial Juventud","isPartOf":{"@id":"https:\/\/www.editorialjuventud.es\/#website"},"primaryImageOfPage":{"@id":"https:\/\/www.editorialjuventud.es\/petra-9788426146090\/#primaryimage"},"image":{"@id":"https:\/\/www.editorialjuventud.es\/petra-9788426146090\/#primaryimage"},"thumbnailUrl":"https:\/\/www.editorialjuventud.es\/wp-content\/uploads\/978842614609.jpg","datePublished":"2019-09-03T07:55:55+00:00","dateModified":"2025-01-22T11:52:53+00:00","description":"\u00c9s una muntanya? \u00c9s una illa? \u00c9s Petra! Amb il\u00b7lustracions senzilles per\u00f2 tendres, ens desplacem a l'univers imaginari d'una pedreta que es troba en circumst\u00e0ncies que canvien constantment. Un \u00e0lbum que ens demostra el poder de la perspectiva i de la imaginaci\u00f3. Presta molta atenci\u00f3, Petra de ben segur et sorprendr\u00e0!","breadcrumb":{"@id":"https:\/\/www.editorialjuventud.es\/petra-9788426146090\/#breadcrumb"},"inLanguage":"ca","potentialAction":[{"@type":"ReadAction","target":["https:\/\/www.editorialjuventud.es\/petra-9788426146090\/"]}]},{"@type":"ImageObject","inLanguage":"ca","@id":"https:\/\/www.editorialjuventud.es\/petra-9788426146090\/#primaryimage","url":"https:\/\/www.editorialjuventud.es\/wp-content\/uploads\/978842614609.jpg","contentUrl":"https:\/\/www.editorialjuventud.es\/wp-content\/uploads\/978842614609.jpg","width":525,"height":765,"caption":"9788426146090.jpg"},{"@type":"BreadcrumbList","@id":"https:\/\/www.editorialjuventud.es\/petra-9788426146090\/#breadcrumb","itemListElement":[{"@type":"ListItem","position":1,"name":"Portada","item":"https:\/\/www.editorialjuventud.es\/"},{"@type":"ListItem","position":2,"name":"cat\u00e1logo","item":"https:\/\/www.editorialjuventud.es\/coleccion\/catalogo\/"},{"@type":"ListItem","position":3,"name":"catal\u00e0","item":"https:\/\/www.editorialjuventud.es\/coleccion\/catala\/"},{"@type":"ListItem","position":4,"name":"\u00c0lbums Il\u00b7lustrats","item":"https:\/\/www.editorialjuventud.es\/coleccion\/albums-il%c2%b7lustrats\/"},{"@type":"ListItem","position":5,"name":"Cr\u00e9ixer en Valors","item":"https:\/\/www.editorialjuventud.es\/ca\/coleccion\/creixer-en-valors\/"},{"@type":"ListItem","position":6,"name":"Petra"}]},{"@type":"WebSite","@id":"https:\/\/www.editorialjuventud.es\/#website","url":"https:\/\/www.editorialjuventud.es\/","name":"Editorial Juventud","description":"","potentialAction":[{"@type":"SearchAction","target":{"@type":"EntryPoint","urlTemplate":"https:\/\/www.editorialjuventud.es\/?s={search_term_string}"},"query-input":{"@type":"PropertyValueSpecification","valueRequired":true,"valueName":"search_term_string"}}],"inLanguage":"ca"}]}},"_links":{"self":[{"href":"https:\/\/www.editorialjuventud.es\/ca\/wp-json\/wp\/v2\/product\/31678","targetHints":{"allow":["GET"]}}],"collection":[{"href":"https:\/\/www.editorialjuventud.es\/ca\/wp-json\/wp\/v2\/product"}],"about":[{"href":"https:\/\/www.editorialjuventud.es\/ca\/wp-json\/wp\/v2\/types\/product"}],"wp:featuredmedia":[{"embeddable":true,"href":"https:\/\/www.editorialjuventud.es\/ca\/wp-json\/wp\/v2\/media\/31679"}],"wp:attachment":[{"href":"https:\/\/www.editorialjuventud.es\/ca\/wp-json\/wp\/v2\/media?parent=31678"}],"wp:term":[{"taxonomy":"product_brand","embeddable":true,"href":"https:\/\/www.editorialjuventud.es\/ca\/wp-json\/wp\/v2\/product_brand?post=31678"},{"taxonomy":"product_cat","embeddable":true,"href":"https:\/\/www.editorialjuventud.es\/ca\/wp-json\/wp\/v2\/product_cat?post=31678"},{"taxonomy":"product_tag","embeddable":true,"href":"https:\/\/www.editorialjuventud.es\/ca\/wp-json\/wp\/v2\/product_tag?post=31678"},{"taxonomy":"coleccion","embeddable":true,"href":"https:\/\/www.editorialjuventud.es\/ca\/wp-json\/wp\/v2\/coleccion?post=31678"}],"curies":[{"name":"wp","href":"https:\/\/api.w.org\/{rel}","templated":true}]}}