{"id":31671,"date":"2019-09-03T09:50:22","date_gmt":"2019-09-03T07:50:22","guid":{"rendered":"https:\/\/www.editorialjuventud.es\/ja-vaig-a-lescola-9788426145765\/"},"modified":"2025-01-22T12:55:23","modified_gmt":"2025-01-22T11:55:23","slug":"ja-vaig-a-lescola-9788426145765","status":"publish","type":"product","link":"https:\/\/www.editorialjuventud.es\/ca\/ja-vaig-a-lescola-9788426145765\/","title":{"rendered":"Ja vaig a l&#8217;escola!"},"content":{"rendered":"<p>Qu\u00e8 es fa a l&#8217;escola? Qu\u00e8 s&#8217;hi apr\u00e8n? Com ser\u00e0 l&#8217;aula? I el menjador? <br \/>Un llibre il\u00b7lustrat i una primera enciclop\u00e8dia per als m\u00e9s menuts i per acompanyar els primers anys d&#8217;escola.<\/p>\n<p>De la mateixa s\u00e8rie que Saps com funciona? i Els animals, aquesta enciclop\u00e8dia il\u00b7lustrada permet preparar l&#8217;arribada a l&#8217;escola i dialogar sobre les activitats que realitzaran els nous alumnes, els adults que els acompanyaran durant tot el dia, quines coses aprendran, les rutines quotidianes, les normes de conviv\u00e8ncia, etc. En aquest llibre hi trobaran imatges grans i detallades per descobrir l&#8217;escola, escenes per parlar dels moments viscuts, descobrir primers aprenentatges (formes, colors, n\u00fameros&#8230;), personatges que t&#8217;acompanyaran al llarg del llibre i un joc a cada p\u00e0gina! <br \/>Con\u00e8ixer tots els detalls sobre l&#8217;escola donar\u00e0 la confian\u00e7a necess\u00e0ria als nens per afrontar el primer dia amb m\u00e9s calma i seguretat.  <\/p>\n","protected":false},"excerpt":{"rendered":"Qu\u00e8 es fa a l&#8217;escola? Qu\u00e8 s&#8217;hi apr\u00e8n? Com ser\u00e0 l&#8217;aula? I el menjador? Un llibre il\u00b7lustrat i una primera enciclop\u00e8dia per als m\u00e9s menuts i per acompanyar els primers anys d&#8217;escola. De la mateixa s\u00e8rie que Saps com funciona? [&hellip;]","protected":false},"featured_media":31672,"template":"","meta":{"_acf_changed":false,"_exactmetrics_skip_tracking":false,"_exactmetrics_sitenote_active":false,"_exactmetrics_sitenote_note":"","_exactmetrics_sitenote_category":0},"product_brand":[],"product_cat":[898,1121,1281,1173,1213],"product_tag":[],"coleccion":[917,915,946,1249],"class_list":{"0":"post-31671","1":"product","2":"type-product","3":"status-publish","4":"has-post-thumbnail","6":"product_cat-a-partir-de-2-anos","7":"product_cat-albumes-ilustrados","8":"product_cat-aprendizaje","9":"product_cat-escuela","10":"product_cat-primeros-conceptos","11":"coleccion-albums-illustrats","12":"coleccion-catala","13":"coleccion-com-i-per-que","14":"coleccion-petits-curiosos","16":"first","17":"instock","18":"taxable","19":"shipping-taxable","20":"purchasable","21":"product-type-simple"},"acf":{"indice":"","autor":"Jugla, C\u00e9cile","codart":"4576","ediciones":"1","encuadernacion":"Carton\u00e9","fecha_de_publicacion":"01\/09\/2019","novedad":"0","paginas":"80","subtitulo":"","texto_web_adicional":"","autores-libros":[16438],"ilustradores-libros":[17978],"texto_web_novedad":"","orden":"999","portada":"0","texto_web_resaltado":"","traductores-libros":[18265],"descripcion_corta":"","recomendamos":"","mas_vendido":"","idioma-libro":"","color":false,"formato":"","mas_informacion_del_producto":false,"premios":false,"texto_enlace_cubierta":"","enlace_cubierta":{"ID":31727,"id":31727,"title":"cover YA VOY A LA ESCUELA (2 idiomas).indd","filename":"JA-VAIG-A-ESCOLA_Cover_300px_CAT.jpg","filesize":424785,"url":"https:\/\/www.editorialjuventud.es\/wp-content\/uploads\/JA-VAIG-A-ESCOLA_Cover_300px_CAT.jpg","link":"https:\/\/www.editorialjuventud.es\/ca\/?attachment_id=31727","alt":"","author":"50","description":"","caption":"","name":"cover-ya-voy-a-la-escuela-2-idiomas-indd-4","status":"inherit","uploaded_to":31671,"date":"2019-09-04 09:00:24","modified":"2019-09-04 09:00:24","menu_order":0,"mime_type":"image\/jpeg","type":"image","subtype":"jpeg","icon":"https:\/\/www.editorialjuventud.es\/wp-includes\/images\/media\/default.png","width":2359,"height":2567,"sizes":{"thumbnail":"https:\/\/www.editorialjuventud.es\/wp-content\/uploads\/JA-VAIG-A-ESCOLA_Cover_300px_CAT-200x200.jpg","thumbnail-width":200,"thumbnail-height":200,"medium":"https:\/\/www.editorialjuventud.es\/wp-content\/uploads\/JA-VAIG-A-ESCOLA_Cover_300px_CAT.jpg","medium-width":2359,"medium-height":2567,"medium_large":"https:\/\/www.editorialjuventud.es\/wp-content\/uploads\/JA-VAIG-A-ESCOLA_Cover_300px_CAT-768x836.jpg","medium_large-width":768,"medium_large-height":836,"large":"https:\/\/www.editorialjuventud.es\/wp-content\/uploads\/JA-VAIG-A-ESCOLA_Cover_300px_CAT.jpg","large-width":2359,"large-height":2567,"1536x1536":"https:\/\/www.editorialjuventud.es\/wp-content\/uploads\/JA-VAIG-A-ESCOLA_Cover_300px_CAT.jpg","1536x1536-width":1412,"1536x1536-height":1536,"2048x2048":"https:\/\/www.editorialjuventud.es\/wp-content\/uploads\/JA-VAIG-A-ESCOLA_Cover_300px_CAT.jpg","2048x2048-width":1882,"2048x2048-height":2048,"woocommerce_thumbnail":"https:\/\/www.editorialjuventud.es\/wp-content\/uploads\/JA-VAIG-A-ESCOLA_Cover_300px_CAT-350x381.jpg","woocommerce_thumbnail-width":350,"woocommerce_thumbnail-height":381,"woocommerce_single":"https:\/\/www.editorialjuventud.es\/wp-content\/uploads\/JA-VAIG-A-ESCOLA_Cover_300px_CAT-900x979.jpg","woocommerce_single-width":900,"woocommerce_single-height":979,"woocommerce_gallery_thumbnail":"https:\/\/www.editorialjuventud.es\/wp-content\/uploads\/JA-VAIG-A-ESCOLA_Cover_300px_CAT-100x100.jpg","woocommerce_gallery_thumbnail-width":100,"woocommerce_gallery_thumbnail-height":100,"ppec_logo_image_size":"https:\/\/www.editorialjuventud.es\/wp-content\/uploads\/JA-VAIG-A-ESCOLA_Cover_300px_CAT.jpg","ppec_logo_image_size-width":55,"ppec_logo_image_size-height":60,"ppec_header_image_size":"https:\/\/www.editorialjuventud.es\/wp-content\/uploads\/JA-VAIG-A-ESCOLA_Cover_300px_CAT.jpg","ppec_header_image_size-width":83,"ppec_header_image_size-height":90}},"texto_enlace_ficha_tecnica":"","enlace_ficha_tecnica":{"ID":31755,"id":31755,"title":"Ja vaig a l'escola!_CAT_V3","filename":"Ja-vaig-a-lescola_CAT_V3.pdf","filesize":1243178,"url":"https:\/\/www.editorialjuventud.es\/wp-content\/uploads\/Ja-vaig-a-lescola_CAT_V3.pdf","link":"https:\/\/www.editorialjuventud.es\/ca\/?attachment_id=31755","alt":"","author":"50","description":"","caption":"","name":"ja-vaig-a-lescola_cat_v3","status":"inherit","uploaded_to":31671,"date":"2019-09-04 10:24:39","modified":"2019-09-04 10:24:39","menu_order":0,"mime_type":"application\/pdf","type":"application","subtype":"pdf","icon":"https:\/\/www.editorialjuventud.es\/wp-includes\/images\/media\/document.png"},"ficheros":false,"titulo-fr":"","texto-fr":"","fecha_de_reimpresion":""},"yoast_head":"<!-- This site is optimized with the Yoast SEO plugin v27.3 - https:\/\/yoast.com\/product\/yoast-seo-wordpress\/ -->\n<title>Ja vaig a l&#039;escola! - Editorial Juventud<\/title>\n<meta name=\"description\" content=\"Qu\u00e8 es fa a l&#039;escola? Qu\u00e8 s&#039;hi apr\u00e8n? Com ser\u00e0 l&#039;aula? I el menjador? Un llibre il\u00b7lustrat i una primera enciclop\u00e8dia per als m\u00e9s menuts i per acompanyar\" \/>\n<meta name=\"robots\" content=\"index, follow, max-snippet:-1, max-image-preview:large, max-video-preview:-1\" \/>\n<link rel=\"canonical\" href=\"https:\/\/www.editorialjuventud.es\/ja-vaig-a-lescola-9788426145765\/\" \/>\n<meta property=\"og:locale\" content=\"ca_ES\" \/>\n<meta property=\"og:type\" content=\"article\" \/>\n<meta property=\"og:title\" content=\"Ja vaig a l&#039;escola! - Editorial Juventud\" \/>\n<meta property=\"og:description\" content=\"Qu\u00e8 es fa a l&#039;escola? Qu\u00e8 s&#039;hi apr\u00e8n? Com ser\u00e0 l&#039;aula? I el menjador? Un llibre il\u00b7lustrat i una primera enciclop\u00e8dia per als m\u00e9s menuts i per acompanyar\" \/>\n<meta property=\"og:url\" content=\"https:\/\/www.editorialjuventud.es\/ja-vaig-a-lescola-9788426145765\/\" \/>\n<meta property=\"og:site_name\" content=\"Editorial Juventud\" \/>\n<meta property=\"article:modified_time\" content=\"2025-01-22T11:55:23+00:00\" \/>\n<meta property=\"og:image\" content=\"https:\/\/www.editorialjuventud.es\/wp-content\/uploads\/978842614576.jpg\" \/>\n\t<meta property=\"og:image:width\" content=\"613\" \/>\n\t<meta property=\"og:image:height\" content=\"668\" \/>\n\t<meta property=\"og:image:type\" content=\"image\/jpeg\" \/>\n<meta name=\"twitter:card\" content=\"summary_large_image\" \/>\n<meta name=\"twitter:label1\" content=\"Temps estimat de lectura\" \/>\n\t<meta name=\"twitter:data1\" content=\"1 minut\" \/>\n<script type=\"application\/ld+json\" class=\"yoast-schema-graph\">{\"@context\":\"https:\\\/\\\/schema.org\",\"@graph\":[{\"@type\":\"WebPage\",\"@id\":\"https:\\\/\\\/www.editorialjuventud.es\\\/ja-vaig-a-lescola-9788426145765\\\/\",\"url\":\"https:\\\/\\\/www.editorialjuventud.es\\\/ja-vaig-a-lescola-9788426145765\\\/\",\"name\":\"Ja vaig a l'escola! - Editorial Juventud\",\"isPartOf\":{\"@id\":\"https:\\\/\\\/www.editorialjuventud.es\\\/#website\"},\"primaryImageOfPage\":{\"@id\":\"https:\\\/\\\/www.editorialjuventud.es\\\/ja-vaig-a-lescola-9788426145765\\\/#primaryimage\"},\"image\":{\"@id\":\"https:\\\/\\\/www.editorialjuventud.es\\\/ja-vaig-a-lescola-9788426145765\\\/#primaryimage\"},\"thumbnailUrl\":\"https:\\\/\\\/www.editorialjuventud.es\\\/wp-content\\\/uploads\\\/978842614576.jpg\",\"datePublished\":\"2019-09-03T07:50:22+00:00\",\"dateModified\":\"2025-01-22T11:55:23+00:00\",\"description\":\"Qu\u00e8 es fa a l'escola? Qu\u00e8 s'hi apr\u00e8n? Com ser\u00e0 l'aula? I el menjador? Un llibre il\u00b7lustrat i una primera enciclop\u00e8dia per als m\u00e9s menuts i per acompanyar\",\"breadcrumb\":{\"@id\":\"https:\\\/\\\/www.editorialjuventud.es\\\/ja-vaig-a-lescola-9788426145765\\\/#breadcrumb\"},\"inLanguage\":\"ca\",\"potentialAction\":[{\"@type\":\"ReadAction\",\"target\":[\"https:\\\/\\\/www.editorialjuventud.es\\\/ja-vaig-a-lescola-9788426145765\\\/\"]}]},{\"@type\":\"ImageObject\",\"inLanguage\":\"ca\",\"@id\":\"https:\\\/\\\/www.editorialjuventud.es\\\/ja-vaig-a-lescola-9788426145765\\\/#primaryimage\",\"url\":\"https:\\\/\\\/www.editorialjuventud.es\\\/wp-content\\\/uploads\\\/978842614576.jpg\",\"contentUrl\":\"https:\\\/\\\/www.editorialjuventud.es\\\/wp-content\\\/uploads\\\/978842614576.jpg\",\"width\":613,\"height\":668,\"caption\":\"9788426145765.jpg\"},{\"@type\":\"BreadcrumbList\",\"@id\":\"https:\\\/\\\/www.editorialjuventud.es\\\/ja-vaig-a-lescola-9788426145765\\\/#breadcrumb\",\"itemListElement\":[{\"@type\":\"ListItem\",\"position\":1,\"name\":\"Portada\",\"item\":\"https:\\\/\\\/www.editorialjuventud.es\\\/\"},{\"@type\":\"ListItem\",\"position\":2,\"name\":\"cat\u00e1logo\",\"item\":\"https:\\\/\\\/www.editorialjuventud.es\\\/coleccion\\\/catalogo\\\/\"},{\"@type\":\"ListItem\",\"position\":3,\"name\":\"catal\u00e0\",\"item\":\"https:\\\/\\\/www.editorialjuventud.es\\\/coleccion\\\/catala\\\/\"},{\"@type\":\"ListItem\",\"position\":4,\"name\":\"\u00c0lbums Il\u00b7lustrats\",\"item\":\"https:\\\/\\\/www.editorialjuventud.es\\\/coleccion\\\/albums-il%c2%b7lustrats\\\/\"},{\"@type\":\"ListItem\",\"position\":5,\"name\":\"Com i Per qu\u00e8\",\"item\":\"https:\\\/\\\/www.editorialjuventud.es\\\/coleccion\\\/com-i-per-que\\\/\"},{\"@type\":\"ListItem\",\"position\":6,\"name\":\"Petits Curiosos\",\"item\":\"https:\\\/\\\/www.editorialjuventud.es\\\/coleccion\\\/petits-curiosos\\\/\"},{\"@type\":\"ListItem\",\"position\":7,\"name\":\"Ja vaig a l'escola!\"}]},{\"@type\":\"WebSite\",\"@id\":\"https:\\\/\\\/www.editorialjuventud.es\\\/#website\",\"url\":\"https:\\\/\\\/www.editorialjuventud.es\\\/\",\"name\":\"Editorial Juventud\",\"description\":\"\",\"potentialAction\":[{\"@type\":\"SearchAction\",\"target\":{\"@type\":\"EntryPoint\",\"urlTemplate\":\"https:\\\/\\\/www.editorialjuventud.es\\\/?s={search_term_string}\"},\"query-input\":{\"@type\":\"PropertyValueSpecification\",\"valueRequired\":true,\"valueName\":\"search_term_string\"}}],\"inLanguage\":\"ca\"}]}<\/script>\n<!-- \/ Yoast SEO plugin. -->","yoast_head_json":{"title":"Ja vaig a l'escola! - Editorial Juventud","description":"Qu\u00e8 es fa a l'escola? Qu\u00e8 s'hi apr\u00e8n? Com ser\u00e0 l'aula? I el menjador? Un llibre il\u00b7lustrat i una primera enciclop\u00e8dia per als m\u00e9s menuts i per acompanyar","robots":{"index":"index","follow":"follow","max-snippet":"max-snippet:-1","max-image-preview":"max-image-preview:large","max-video-preview":"max-video-preview:-1"},"canonical":"https:\/\/www.editorialjuventud.es\/ja-vaig-a-lescola-9788426145765\/","og_locale":"ca_ES","og_type":"article","og_title":"Ja vaig a l'escola! - Editorial Juventud","og_description":"Qu\u00e8 es fa a l'escola? Qu\u00e8 s'hi apr\u00e8n? Com ser\u00e0 l'aula? I el menjador? Un llibre il\u00b7lustrat i una primera enciclop\u00e8dia per als m\u00e9s menuts i per acompanyar","og_url":"https:\/\/www.editorialjuventud.es\/ja-vaig-a-lescola-9788426145765\/","og_site_name":"Editorial Juventud","article_modified_time":"2025-01-22T11:55:23+00:00","og_image":[{"width":613,"height":668,"url":"https:\/\/www.editorialjuventud.es\/wp-content\/uploads\/978842614576.jpg","type":"image\/jpeg"}],"twitter_card":"summary_large_image","twitter_misc":{"Temps estimat de lectura":"1 minut"},"schema":{"@context":"https:\/\/schema.org","@graph":[{"@type":"WebPage","@id":"https:\/\/www.editorialjuventud.es\/ja-vaig-a-lescola-9788426145765\/","url":"https:\/\/www.editorialjuventud.es\/ja-vaig-a-lescola-9788426145765\/","name":"Ja vaig a l'escola! - Editorial Juventud","isPartOf":{"@id":"https:\/\/www.editorialjuventud.es\/#website"},"primaryImageOfPage":{"@id":"https:\/\/www.editorialjuventud.es\/ja-vaig-a-lescola-9788426145765\/#primaryimage"},"image":{"@id":"https:\/\/www.editorialjuventud.es\/ja-vaig-a-lescola-9788426145765\/#primaryimage"},"thumbnailUrl":"https:\/\/www.editorialjuventud.es\/wp-content\/uploads\/978842614576.jpg","datePublished":"2019-09-03T07:50:22+00:00","dateModified":"2025-01-22T11:55:23+00:00","description":"Qu\u00e8 es fa a l'escola? Qu\u00e8 s'hi apr\u00e8n? Com ser\u00e0 l'aula? I el menjador? Un llibre il\u00b7lustrat i una primera enciclop\u00e8dia per als m\u00e9s menuts i per acompanyar","breadcrumb":{"@id":"https:\/\/www.editorialjuventud.es\/ja-vaig-a-lescola-9788426145765\/#breadcrumb"},"inLanguage":"ca","potentialAction":[{"@type":"ReadAction","target":["https:\/\/www.editorialjuventud.es\/ja-vaig-a-lescola-9788426145765\/"]}]},{"@type":"ImageObject","inLanguage":"ca","@id":"https:\/\/www.editorialjuventud.es\/ja-vaig-a-lescola-9788426145765\/#primaryimage","url":"https:\/\/www.editorialjuventud.es\/wp-content\/uploads\/978842614576.jpg","contentUrl":"https:\/\/www.editorialjuventud.es\/wp-content\/uploads\/978842614576.jpg","width":613,"height":668,"caption":"9788426145765.jpg"},{"@type":"BreadcrumbList","@id":"https:\/\/www.editorialjuventud.es\/ja-vaig-a-lescola-9788426145765\/#breadcrumb","itemListElement":[{"@type":"ListItem","position":1,"name":"Portada","item":"https:\/\/www.editorialjuventud.es\/"},{"@type":"ListItem","position":2,"name":"cat\u00e1logo","item":"https:\/\/www.editorialjuventud.es\/coleccion\/catalogo\/"},{"@type":"ListItem","position":3,"name":"catal\u00e0","item":"https:\/\/www.editorialjuventud.es\/coleccion\/catala\/"},{"@type":"ListItem","position":4,"name":"\u00c0lbums Il\u00b7lustrats","item":"https:\/\/www.editorialjuventud.es\/coleccion\/albums-il%c2%b7lustrats\/"},{"@type":"ListItem","position":5,"name":"Com i Per qu\u00e8","item":"https:\/\/www.editorialjuventud.es\/coleccion\/com-i-per-que\/"},{"@type":"ListItem","position":6,"name":"Petits Curiosos","item":"https:\/\/www.editorialjuventud.es\/coleccion\/petits-curiosos\/"},{"@type":"ListItem","position":7,"name":"Ja vaig a l'escola!"}]},{"@type":"WebSite","@id":"https:\/\/www.editorialjuventud.es\/#website","url":"https:\/\/www.editorialjuventud.es\/","name":"Editorial Juventud","description":"","potentialAction":[{"@type":"SearchAction","target":{"@type":"EntryPoint","urlTemplate":"https:\/\/www.editorialjuventud.es\/?s={search_term_string}"},"query-input":{"@type":"PropertyValueSpecification","valueRequired":true,"valueName":"search_term_string"}}],"inLanguage":"ca"}]}},"_links":{"self":[{"href":"https:\/\/www.editorialjuventud.es\/ca\/wp-json\/wp\/v2\/product\/31671","targetHints":{"allow":["GET"]}}],"collection":[{"href":"https:\/\/www.editorialjuventud.es\/ca\/wp-json\/wp\/v2\/product"}],"about":[{"href":"https:\/\/www.editorialjuventud.es\/ca\/wp-json\/wp\/v2\/types\/product"}],"wp:featuredmedia":[{"embeddable":true,"href":"https:\/\/www.editorialjuventud.es\/ca\/wp-json\/wp\/v2\/media\/31672"}],"wp:attachment":[{"href":"https:\/\/www.editorialjuventud.es\/ca\/wp-json\/wp\/v2\/media?parent=31671"}],"wp:term":[{"taxonomy":"product_brand","embeddable":true,"href":"https:\/\/www.editorialjuventud.es\/ca\/wp-json\/wp\/v2\/product_brand?post=31671"},{"taxonomy":"product_cat","embeddable":true,"href":"https:\/\/www.editorialjuventud.es\/ca\/wp-json\/wp\/v2\/product_cat?post=31671"},{"taxonomy":"product_tag","embeddable":true,"href":"https:\/\/www.editorialjuventud.es\/ca\/wp-json\/wp\/v2\/product_tag?post=31671"},{"taxonomy":"coleccion","embeddable":true,"href":"https:\/\/www.editorialjuventud.es\/ca\/wp-json\/wp\/v2\/coleccion?post=31671"}],"curies":[{"name":"wp","href":"https:\/\/api.w.org\/{rel}","templated":true}]}}