{"id":31667,"date":"2019-09-03T09:47:44","date_gmt":"2019-09-03T07:47:44","guid":{"rendered":"https:\/\/www.editorialjuventud.es\/ya-voy-a-la-escuela-9788426145758\/"},"modified":"2025-01-22T12:55:17","modified_gmt":"2025-01-22T11:55:17","slug":"ya-voy-a-la-escuela-9788426145758","status":"publish","type":"product","link":"https:\/\/www.editorialjuventud.es\/ca\/ya-voy-a-la-escuela-9788426145758\/","title":{"rendered":"\u00a1Ya voy a la escuela!"},"content":{"rendered":"<p>\u00bfQu\u00e9 se hace en la escuela? \u00bfQu\u00e9 se aprende? \u00bfC\u00f3mo ser\u00e1 el aula? \u00bfY el comedor? <br \/>Un libro ilustrado y una primera enciclopedia para los m\u00e1s peque\u00f1os y para acompa\u00f1ar los primeros a\u00f1os de escuela. <\/p>\n<p>De la misma serie que \u00bfSabes c\u00f3mo funciona? y Los animales, esta enciclopedia ilustrada permite preparar la llegada a la escuela y dialogar sobre las actividades que realizar\u00e1n los nuevos alumnos, los adultos que los acompa\u00f1ar\u00e1n durante todo el d\u00eda, lo que aprender\u00e1n, las rutinas cotidianas, las normas de convivencia, etc. En este libro encontrar\u00e1n ilustraciones grandes y detalladas para descubrir la escuela, escenas para hablar de los momentos vividos, descubrir primeros aprendizajes (formas, colores, n\u00fameros&#8230;), personajes que puedes ir siguiendo a lo largo del libro y \u00a1un juego en cada p\u00e1gina!<br \/>Conocer todos los detalles sobre la escuela dar\u00e1 la confianza a los ni\u00f1os para afrontar el primer d\u00eda con m\u00e1s calma y seguridad.<\/p>\n","protected":false},"excerpt":{"rendered":"\u00bfQu\u00e9 se hace en la escuela? \u00bfQu\u00e9 se aprende? \u00bfC\u00f3mo ser\u00e1 el aula? \u00bfY el comedor? Un libro ilustrado y una primera enciclopedia para los m\u00e1s peque\u00f1os y para acompa\u00f1ar los primeros a\u00f1os de escuela. De la misma serie que [&hellip;]","protected":false},"featured_media":31668,"template":"","meta":{"_acf_changed":false,"_exactmetrics_skip_tracking":false,"_exactmetrics_sitenote_active":false,"_exactmetrics_sitenote_note":"","_exactmetrics_sitenote_category":0},"product_brand":[],"product_cat":[898,1281,1173,1123,1213],"product_tag":[],"coleccion":[928,916,987,1246],"class_list":{"0":"post-31667","1":"product","2":"type-product","3":"status-publish","4":"has-post-thumbnail","6":"product_cat-a-partir-de-2-anos","7":"product_cat-aprendizaje","8":"product_cat-escuela","9":"product_cat-libros-informativos-infantil","10":"product_cat-primeros-conceptos","11":"coleccion-albumes-ilustrados","12":"coleccion-castellano","13":"coleccion-conocer-y-comprender","14":"coleccion-pequenos-curiosos","16":"first","17":"instock","18":"taxable","19":"shipping-taxable","20":"purchasable","21":"product-type-simple"},"acf":{"indice":"","autor":"Jugla, C\u00e9cile","codart":"4575","ediciones":"1","encuadernacion":"Carton\u00e9","fecha_de_publicacion":"01\/09\/2019","novedad":"0","paginas":"80","subtitulo":"","texto_web_adicional":"","autores-libros":[16438],"ilustradores-libros":[17978],"texto_web_novedad":"","orden":"999","portada":"0","texto_web_resaltado":"","traductores-libros":[18265],"descripcion_corta":"","recomendamos":"","mas_vendido":"","idioma-libro":"","color":false,"formato":"","mas_informacion_del_producto":false,"premios":false,"texto_enlace_cubierta":"","enlace_cubierta":{"ID":31710,"id":31710,"title":"cover YA VOY A LA ESCUELA (2 idiomas).indd","filename":"YA-VOY-A-LA-ESCUELA_Cover_300px_CAST.jpg","filesize":404278,"url":"https:\/\/www.editorialjuventud.es\/wp-content\/uploads\/YA-VOY-A-LA-ESCUELA_Cover_300px_CAST.jpg","link":"https:\/\/www.editorialjuventud.es\/ca\/?attachment_id=31710","alt":"","author":"50","description":"","caption":"","name":"cover-ya-voy-a-la-escuela-2-idiomas-indd-3","status":"inherit","uploaded_to":31667,"date":"2019-09-04 00:07:59","modified":"2019-09-04 00:07:59","menu_order":0,"mime_type":"image\/jpeg","type":"image","subtype":"jpeg","icon":"https:\/\/www.editorialjuventud.es\/wp-includes\/images\/media\/default.png","width":2359,"height":2570,"sizes":{"thumbnail":"https:\/\/www.editorialjuventud.es\/wp-content\/uploads\/YA-VOY-A-LA-ESCUELA_Cover_300px_CAST-200x200.jpg","thumbnail-width":200,"thumbnail-height":200,"medium":"https:\/\/www.editorialjuventud.es\/wp-content\/uploads\/YA-VOY-A-LA-ESCUELA_Cover_300px_CAST.jpg","medium-width":2359,"medium-height":2570,"medium_large":"https:\/\/www.editorialjuventud.es\/wp-content\/uploads\/YA-VOY-A-LA-ESCUELA_Cover_300px_CAST-768x837.jpg","medium_large-width":768,"medium_large-height":837,"large":"https:\/\/www.editorialjuventud.es\/wp-content\/uploads\/YA-VOY-A-LA-ESCUELA_Cover_300px_CAST.jpg","large-width":2359,"large-height":2570,"1536x1536":"https:\/\/www.editorialjuventud.es\/wp-content\/uploads\/YA-VOY-A-LA-ESCUELA_Cover_300px_CAST.jpg","1536x1536-width":1410,"1536x1536-height":1536,"2048x2048":"https:\/\/www.editorialjuventud.es\/wp-content\/uploads\/YA-VOY-A-LA-ESCUELA_Cover_300px_CAST.jpg","2048x2048-width":1880,"2048x2048-height":2048,"woocommerce_thumbnail":"https:\/\/www.editorialjuventud.es\/wp-content\/uploads\/YA-VOY-A-LA-ESCUELA_Cover_300px_CAST-350x381.jpg","woocommerce_thumbnail-width":350,"woocommerce_thumbnail-height":381,"woocommerce_single":"https:\/\/www.editorialjuventud.es\/wp-content\/uploads\/YA-VOY-A-LA-ESCUELA_Cover_300px_CAST-900x981.jpg","woocommerce_single-width":900,"woocommerce_single-height":981,"woocommerce_gallery_thumbnail":"https:\/\/www.editorialjuventud.es\/wp-content\/uploads\/YA-VOY-A-LA-ESCUELA_Cover_300px_CAST-100x100.jpg","woocommerce_gallery_thumbnail-width":100,"woocommerce_gallery_thumbnail-height":100,"ppec_logo_image_size":"https:\/\/www.editorialjuventud.es\/wp-content\/uploads\/YA-VOY-A-LA-ESCUELA_Cover_300px_CAST.jpg","ppec_logo_image_size-width":55,"ppec_logo_image_size-height":60,"ppec_header_image_size":"https:\/\/www.editorialjuventud.es\/wp-content\/uploads\/YA-VOY-A-LA-ESCUELA_Cover_300px_CAST.jpg","ppec_header_image_size-width":83,"ppec_header_image_size-height":90}},"texto_enlace_ficha_tecnica":"","enlace_ficha_tecnica":{"ID":31753,"id":31753,"title":"Ya voy a la Escula CAST_V3","filename":"Ya-voy-a-la-Escula-CAST_V3.pdf","filesize":1258325,"url":"https:\/\/www.editorialjuventud.es\/wp-content\/uploads\/Ya-voy-a-la-Escula-CAST_V3.pdf","link":"https:\/\/www.editorialjuventud.es\/ca\/?attachment_id=31753","alt":"","author":"50","description":"","caption":"","name":"ya-voy-a-la-escula-cast_v3","status":"inherit","uploaded_to":31667,"date":"2019-09-04 10:17:31","modified":"2019-09-04 10:17:31","menu_order":0,"mime_type":"application\/pdf","type":"application","subtype":"pdf","icon":"https:\/\/www.editorialjuventud.es\/wp-includes\/images\/media\/document.png"},"ficheros":false,"titulo-fr":"","texto-fr":""},"yoast_head":"<!-- This site is optimized with the Yoast SEO plugin v27.3 - https:\/\/yoast.com\/product\/yoast-seo-wordpress\/ -->\n<title>\u00a1Ya voy a la escuela! - Editorial Juventud<\/title>\n<meta name=\"description\" content=\"\u00bfQu\u00e9 se hace en la escuela? \u00bfQu\u00e9 se aprende? \u00bfC\u00f3mo ser\u00e1 el aula? \u00bfY el comedor?Un libro ilustrado y una primera enciclopedia para los m\u00e1s peque\u00f1os y para acompa\u00f1ar los primeros a\u00f1os de escuela.\" \/>\n<meta name=\"robots\" content=\"index, follow, max-snippet:-1, max-image-preview:large, max-video-preview:-1\" \/>\n<link rel=\"canonical\" href=\"https:\/\/www.editorialjuventud.es\/ya-voy-a-la-escuela-9788426145758\/\" \/>\n<meta property=\"og:locale\" content=\"ca_ES\" \/>\n<meta property=\"og:type\" content=\"article\" \/>\n<meta property=\"og:title\" content=\"\u00a1Ya voy a la escuela! - Editorial Juventud\" \/>\n<meta property=\"og:description\" content=\"\u00bfQu\u00e9 se hace en la escuela? \u00bfQu\u00e9 se aprende? \u00bfC\u00f3mo ser\u00e1 el aula? \u00bfY el comedor?Un libro ilustrado y una primera enciclopedia para los m\u00e1s peque\u00f1os y para acompa\u00f1ar los primeros a\u00f1os de escuela.\" \/>\n<meta property=\"og:url\" content=\"https:\/\/www.editorialjuventud.es\/ya-voy-a-la-escuela-9788426145758\/\" \/>\n<meta property=\"og:site_name\" content=\"Editorial Juventud\" \/>\n<meta property=\"article:modified_time\" content=\"2025-01-22T11:55:17+00:00\" \/>\n<meta property=\"og:image\" content=\"https:\/\/www.editorialjuventud.es\/wp-content\/uploads\/978842614575.jpg\" \/>\n\t<meta property=\"og:image:width\" content=\"613\" \/>\n\t<meta property=\"og:image:height\" content=\"669\" \/>\n\t<meta property=\"og:image:type\" content=\"image\/jpeg\" \/>\n<meta name=\"twitter:card\" content=\"summary_large_image\" \/>\n<meta name=\"twitter:label1\" content=\"Temps estimat de lectura\" \/>\n\t<meta name=\"twitter:data1\" content=\"1 minut\" \/>\n<script type=\"application\/ld+json\" class=\"yoast-schema-graph\">{\"@context\":\"https:\\\/\\\/schema.org\",\"@graph\":[{\"@type\":\"WebPage\",\"@id\":\"https:\\\/\\\/www.editorialjuventud.es\\\/ya-voy-a-la-escuela-9788426145758\\\/\",\"url\":\"https:\\\/\\\/www.editorialjuventud.es\\\/ya-voy-a-la-escuela-9788426145758\\\/\",\"name\":\"\u00a1Ya voy a la escuela! - Editorial Juventud\",\"isPartOf\":{\"@id\":\"https:\\\/\\\/www.editorialjuventud.es\\\/#website\"},\"primaryImageOfPage\":{\"@id\":\"https:\\\/\\\/www.editorialjuventud.es\\\/ya-voy-a-la-escuela-9788426145758\\\/#primaryimage\"},\"image\":{\"@id\":\"https:\\\/\\\/www.editorialjuventud.es\\\/ya-voy-a-la-escuela-9788426145758\\\/#primaryimage\"},\"thumbnailUrl\":\"https:\\\/\\\/www.editorialjuventud.es\\\/wp-content\\\/uploads\\\/978842614575.jpg\",\"datePublished\":\"2019-09-03T07:47:44+00:00\",\"dateModified\":\"2025-01-22T11:55:17+00:00\",\"description\":\"\u00bfQu\u00e9 se hace en la escuela? \u00bfQu\u00e9 se aprende? \u00bfC\u00f3mo ser\u00e1 el aula? \u00bfY el comedor?Un libro ilustrado y una primera enciclopedia para los m\u00e1s peque\u00f1os y para acompa\u00f1ar los primeros a\u00f1os de escuela.\",\"breadcrumb\":{\"@id\":\"https:\\\/\\\/www.editorialjuventud.es\\\/ya-voy-a-la-escuela-9788426145758\\\/#breadcrumb\"},\"inLanguage\":\"ca\",\"potentialAction\":[{\"@type\":\"ReadAction\",\"target\":[\"https:\\\/\\\/www.editorialjuventud.es\\\/ya-voy-a-la-escuela-9788426145758\\\/\"]}]},{\"@type\":\"ImageObject\",\"inLanguage\":\"ca\",\"@id\":\"https:\\\/\\\/www.editorialjuventud.es\\\/ya-voy-a-la-escuela-9788426145758\\\/#primaryimage\",\"url\":\"https:\\\/\\\/www.editorialjuventud.es\\\/wp-content\\\/uploads\\\/978842614575.jpg\",\"contentUrl\":\"https:\\\/\\\/www.editorialjuventud.es\\\/wp-content\\\/uploads\\\/978842614575.jpg\",\"width\":613,\"height\":669,\"caption\":\"9788426145758.jpg\"},{\"@type\":\"BreadcrumbList\",\"@id\":\"https:\\\/\\\/www.editorialjuventud.es\\\/ya-voy-a-la-escuela-9788426145758\\\/#breadcrumb\",\"itemListElement\":[{\"@type\":\"ListItem\",\"position\":1,\"name\":\"Portada\",\"item\":\"https:\\\/\\\/www.editorialjuventud.es\\\/\"},{\"@type\":\"ListItem\",\"position\":2,\"name\":\"cat\u00e1logo\",\"item\":\"https:\\\/\\\/www.editorialjuventud.es\\\/coleccion\\\/catalogo\\\/\"},{\"@type\":\"ListItem\",\"position\":3,\"name\":\"castellano\",\"item\":\"https:\\\/\\\/www.editorialjuventud.es\\\/coleccion\\\/castellano\\\/\"},{\"@type\":\"ListItem\",\"position\":4,\"name\":\"\u00c1lbumes Ilustrados\",\"item\":\"https:\\\/\\\/www.editorialjuventud.es\\\/coleccion\\\/albumes-ilustrados\\\/\"},{\"@type\":\"ListItem\",\"position\":5,\"name\":\"Conocer y Comprender\",\"item\":\"https:\\\/\\\/www.editorialjuventud.es\\\/coleccion\\\/conocer-y-comprender\\\/\"},{\"@type\":\"ListItem\",\"position\":6,\"name\":\"Peque\u00f1os Curiosos\",\"item\":\"https:\\\/\\\/www.editorialjuventud.es\\\/coleccion\\\/pequenos-curiosos\\\/\"},{\"@type\":\"ListItem\",\"position\":7,\"name\":\"\u00a1Ya voy a la escuela!\"}]},{\"@type\":\"WebSite\",\"@id\":\"https:\\\/\\\/www.editorialjuventud.es\\\/#website\",\"url\":\"https:\\\/\\\/www.editorialjuventud.es\\\/\",\"name\":\"Editorial Juventud\",\"description\":\"\",\"potentialAction\":[{\"@type\":\"SearchAction\",\"target\":{\"@type\":\"EntryPoint\",\"urlTemplate\":\"https:\\\/\\\/www.editorialjuventud.es\\\/?s={search_term_string}\"},\"query-input\":{\"@type\":\"PropertyValueSpecification\",\"valueRequired\":true,\"valueName\":\"search_term_string\"}}],\"inLanguage\":\"ca\"}]}<\/script>\n<!-- \/ Yoast SEO plugin. -->","yoast_head_json":{"title":"\u00a1Ya voy a la escuela! - Editorial Juventud","description":"\u00bfQu\u00e9 se hace en la escuela? \u00bfQu\u00e9 se aprende? \u00bfC\u00f3mo ser\u00e1 el aula? \u00bfY el comedor?Un libro ilustrado y una primera enciclopedia para los m\u00e1s peque\u00f1os y para acompa\u00f1ar los primeros a\u00f1os de escuela.","robots":{"index":"index","follow":"follow","max-snippet":"max-snippet:-1","max-image-preview":"max-image-preview:large","max-video-preview":"max-video-preview:-1"},"canonical":"https:\/\/www.editorialjuventud.es\/ya-voy-a-la-escuela-9788426145758\/","og_locale":"ca_ES","og_type":"article","og_title":"\u00a1Ya voy a la escuela! - Editorial Juventud","og_description":"\u00bfQu\u00e9 se hace en la escuela? \u00bfQu\u00e9 se aprende? \u00bfC\u00f3mo ser\u00e1 el aula? \u00bfY el comedor?Un libro ilustrado y una primera enciclopedia para los m\u00e1s peque\u00f1os y para acompa\u00f1ar los primeros a\u00f1os de escuela.","og_url":"https:\/\/www.editorialjuventud.es\/ya-voy-a-la-escuela-9788426145758\/","og_site_name":"Editorial Juventud","article_modified_time":"2025-01-22T11:55:17+00:00","og_image":[{"width":613,"height":669,"url":"https:\/\/www.editorialjuventud.es\/wp-content\/uploads\/978842614575.jpg","type":"image\/jpeg"}],"twitter_card":"summary_large_image","twitter_misc":{"Temps estimat de lectura":"1 minut"},"schema":{"@context":"https:\/\/schema.org","@graph":[{"@type":"WebPage","@id":"https:\/\/www.editorialjuventud.es\/ya-voy-a-la-escuela-9788426145758\/","url":"https:\/\/www.editorialjuventud.es\/ya-voy-a-la-escuela-9788426145758\/","name":"\u00a1Ya voy a la escuela! - Editorial Juventud","isPartOf":{"@id":"https:\/\/www.editorialjuventud.es\/#website"},"primaryImageOfPage":{"@id":"https:\/\/www.editorialjuventud.es\/ya-voy-a-la-escuela-9788426145758\/#primaryimage"},"image":{"@id":"https:\/\/www.editorialjuventud.es\/ya-voy-a-la-escuela-9788426145758\/#primaryimage"},"thumbnailUrl":"https:\/\/www.editorialjuventud.es\/wp-content\/uploads\/978842614575.jpg","datePublished":"2019-09-03T07:47:44+00:00","dateModified":"2025-01-22T11:55:17+00:00","description":"\u00bfQu\u00e9 se hace en la escuela? \u00bfQu\u00e9 se aprende? \u00bfC\u00f3mo ser\u00e1 el aula? \u00bfY el comedor?Un libro ilustrado y una primera enciclopedia para los m\u00e1s peque\u00f1os y para acompa\u00f1ar los primeros a\u00f1os de escuela.","breadcrumb":{"@id":"https:\/\/www.editorialjuventud.es\/ya-voy-a-la-escuela-9788426145758\/#breadcrumb"},"inLanguage":"ca","potentialAction":[{"@type":"ReadAction","target":["https:\/\/www.editorialjuventud.es\/ya-voy-a-la-escuela-9788426145758\/"]}]},{"@type":"ImageObject","inLanguage":"ca","@id":"https:\/\/www.editorialjuventud.es\/ya-voy-a-la-escuela-9788426145758\/#primaryimage","url":"https:\/\/www.editorialjuventud.es\/wp-content\/uploads\/978842614575.jpg","contentUrl":"https:\/\/www.editorialjuventud.es\/wp-content\/uploads\/978842614575.jpg","width":613,"height":669,"caption":"9788426145758.jpg"},{"@type":"BreadcrumbList","@id":"https:\/\/www.editorialjuventud.es\/ya-voy-a-la-escuela-9788426145758\/#breadcrumb","itemListElement":[{"@type":"ListItem","position":1,"name":"Portada","item":"https:\/\/www.editorialjuventud.es\/"},{"@type":"ListItem","position":2,"name":"cat\u00e1logo","item":"https:\/\/www.editorialjuventud.es\/coleccion\/catalogo\/"},{"@type":"ListItem","position":3,"name":"castellano","item":"https:\/\/www.editorialjuventud.es\/coleccion\/castellano\/"},{"@type":"ListItem","position":4,"name":"\u00c1lbumes Ilustrados","item":"https:\/\/www.editorialjuventud.es\/coleccion\/albumes-ilustrados\/"},{"@type":"ListItem","position":5,"name":"Conocer y Comprender","item":"https:\/\/www.editorialjuventud.es\/coleccion\/conocer-y-comprender\/"},{"@type":"ListItem","position":6,"name":"Peque\u00f1os Curiosos","item":"https:\/\/www.editorialjuventud.es\/coleccion\/pequenos-curiosos\/"},{"@type":"ListItem","position":7,"name":"\u00a1Ya voy a la escuela!"}]},{"@type":"WebSite","@id":"https:\/\/www.editorialjuventud.es\/#website","url":"https:\/\/www.editorialjuventud.es\/","name":"Editorial Juventud","description":"","potentialAction":[{"@type":"SearchAction","target":{"@type":"EntryPoint","urlTemplate":"https:\/\/www.editorialjuventud.es\/?s={search_term_string}"},"query-input":{"@type":"PropertyValueSpecification","valueRequired":true,"valueName":"search_term_string"}}],"inLanguage":"ca"}]}},"_links":{"self":[{"href":"https:\/\/www.editorialjuventud.es\/ca\/wp-json\/wp\/v2\/product\/31667","targetHints":{"allow":["GET"]}}],"collection":[{"href":"https:\/\/www.editorialjuventud.es\/ca\/wp-json\/wp\/v2\/product"}],"about":[{"href":"https:\/\/www.editorialjuventud.es\/ca\/wp-json\/wp\/v2\/types\/product"}],"wp:featuredmedia":[{"embeddable":true,"href":"https:\/\/www.editorialjuventud.es\/ca\/wp-json\/wp\/v2\/media\/31668"}],"wp:attachment":[{"href":"https:\/\/www.editorialjuventud.es\/ca\/wp-json\/wp\/v2\/media?parent=31667"}],"wp:term":[{"taxonomy":"product_brand","embeddable":true,"href":"https:\/\/www.editorialjuventud.es\/ca\/wp-json\/wp\/v2\/product_brand?post=31667"},{"taxonomy":"product_cat","embeddable":true,"href":"https:\/\/www.editorialjuventud.es\/ca\/wp-json\/wp\/v2\/product_cat?post=31667"},{"taxonomy":"product_tag","embeddable":true,"href":"https:\/\/www.editorialjuventud.es\/ca\/wp-json\/wp\/v2\/product_tag?post=31667"},{"taxonomy":"coleccion","embeddable":true,"href":"https:\/\/www.editorialjuventud.es\/ca\/wp-json\/wp\/v2\/coleccion?post=31667"}],"curies":[{"name":"wp","href":"https:\/\/api.w.org\/{rel}","templated":true}]}}